{"id":4163,"date":"2025-03-15T00:05:40","date_gmt":"2025-03-14T16:05:40","guid":{"rendered":"https:\/\/ruishengglassco.com\/?post_type=product&#038;p=4163"},"modified":"2025-09-11T16:11:58","modified_gmt":"2025-09-11T08:11:58","slug":"rs114-bottiglie-in-vetro-a-collo-lungo-da-375-ml-con-tappo-a-t","status":"publish","type":"product","link":"https:\/\/ruishengglassco.com\/it\/prodotto\/rs114-bottiglie-in-vetro-a-collo-lungo-da-375-ml-con-tappo-a-t","title":{"rendered":"RS114: Bottiglie di vetro a collo lungo da 375 ml con tappo a T"},"content":{"rendered":"<p><span data-preserver-spaces=\"true\">Il produttore di bottiglie di vetro per liquori da 375 ml, Shandong Yuncheng Ruisheng Glass Co., Ltd., \u00e8 una delle pi\u00f9 grandi fabbriche di bottiglie di vetro ad alta resistenza in Cina. La nostra societ\u00e0 \u00e8 un'azienda industriale e commerciale. Vendiamo le bottiglie di vetro a Europa, Stati Uniti, Australia, America e altri Paesi e regioni.<\/span><\/p>\n<p><span data-preserver-spaces=\"true\">Questa bottiglia per liquori in vetro da 375 ml ha una forma cilindrica e<\/span> <span data-preserver-spaces=\"true\">\u00e8 molto facile da trasportare. <\/span><span data-preserver-spaces=\"true\">Queste bottiglie di vetro possono essere utilizzate<\/span><span data-preserver-spaces=\"true\"> per bottiglie di vodka, gin, whisky e altri liquidi. Il nostro tipo di sigillatura per queste bottiglie \u00e8 il sughero di legno. Possiamo produrre tappi di sughero di qualsiasi dimensione e con diversi materiali.<\/span><\/p>\n<h2><span data-preserver-spaces=\"true\">I dettagli delle bottiglie per liquori in vetro da 375 ml<\/span><\/h2>\n<p><span data-preserver-spaces=\"true\">Il diametro della bottiglia da liquore in vetro da 375 ml \u00e8 di 59 mm \u00b1 1,5 mm, mentre l'altezza \u00e8 di 343,8 mm \u00b1 2 mm. Il peso del vetro di queste bottiglie \u00e8 di 580 g.  La finitura del collo di questa bottiglia per liquori in vetro da 375 ml \u00e8 T- a<\/span> <span data-preserver-spaces=\"true\">finitura in sughero.<\/span><\/p>\n<p><span data-preserver-spaces=\"true\">Il materiale principale utilizzato per queste bottiglie di vetro \u00e8 il vetro ad alta resistenza. Questo materiale \u00e8 di prima qualit\u00e0 e rende le bottiglie di vetro molto chiare e resistenti.<\/span><\/p>\n<p><span data-preserver-spaces=\"true\">Informazioni sul<\/span><span data-preserver-spaces=\"true\"> imballaggio <\/span><span data-preserver-spaces=\"true\">modo<\/span><span data-preserver-spaces=\"true\">, quantit\u00e0 diverse <\/span><span data-preserver-spaces=\"true\">con<\/span><span data-preserver-spaces=\"true\"> imballaggio diverso <\/span><span data-preserver-spaces=\"true\">modi<\/span><span data-preserver-spaces=\"true\">.<\/span><span data-preserver-spaces=\"true\"> Se l'ordine \u00e8 piccolo, possiamo utilizzare il cartone standard per imballare le bottiglie di vetro. <\/span><span data-preserver-spaces=\"true\">Ci sono <\/span><span data-preserver-spaces=\"true\">circa<\/span><span data-preserver-spaces=\"true\"> 20 <\/span><span data-preserver-spaces=\"true\">pz<\/span><span data-preserver-spaces=\"true\"> per cartone o 24 <\/span><span data-preserver-spaces=\"true\">pz<\/span><span data-preserver-spaces=\"true\"> per cartone.<\/span><span data-preserver-spaces=\"true\"> Tuttavia, se desiderate creare una scatola di colore personalizzato per l'imballaggio, possiamo anche offrirvela. Se il vostro ordine \u00e8 molto grande, possiamo utilizzare il pallet senza fumigazione per imballarlo. Se l'ordine non \u00e8 n\u00e9 troppo grande n\u00e9 troppo piccolo, possiamo imballare le bottiglie di vetro in un cartone e in un pallet.<\/span><\/p>\n<p><span data-preserver-spaces=\"true\">E, naturalmente, se si <\/span><span data-preserver-spaces=\"true\">desiderare<\/span><span data-preserver-spaces=\"true\"> l'imballaggio delle bottiglie di vetro secondo le vostre specifiche, possiamo anche <\/span><span data-preserver-spaces=\"true\">farlo per voi<\/span><span data-preserver-spaces=\"true\">.<\/span><\/p>\n<p><span data-preserver-spaces=\"true\">In qualit\u00e0 di produttore primario di bottiglie di vetro per liquori, abbiamo un team di progettazione professionale nella nostra fabbrica e possiamo offrire ordini OEM e ODM. <\/span><span data-preserver-spaces=\"true\">\u00c8 possibile <\/span><span data-preserver-spaces=\"true\">solo<\/span><span data-preserver-spaces=\"true\"> diteci <\/span><span data-preserver-spaces=\"true\">che<\/span><span data-preserver-spaces=\"true\"> o inviare una foto a noi, e<\/span> <span data-preserver-spaces=\"true\">poi progetteremo e <\/span><span data-preserver-spaces=\"true\">fare<\/span><span data-preserver-spaces=\"true\"> le bottiglie di vetro.<\/span><\/p>","protected":false},"excerpt":{"rendered":"<table class=\"tg\">\n<tbody>\n<tr>\n<th class=\"tg-24i8\" colspan=\"2\">Bottiglie di vetro a collo lungo da 375 ml con tappo a T<\/th>\n<\/tr>\n<tr>\n<td class=\"tg-b7b8\">Riferimento:<\/td>\n<td class=\"tg-b7b8\">RS114<\/td>\n<\/tr>\n<tr>\n<td class=\"tg-yw4l\">Materiale principale:<\/td>\n<td class=\"tg-yw4l\">Vetro ad alto tenore di selce (questo materiale \u00e8 chiamato anche vetro bianco cristallino)<\/td>\n<\/tr>\n<tr>\n<td class=\"tg-b7b8\">Cap:<\/td>\n<td class=\"tg-b7b8\">Sughero<\/td>\n<\/tr>\n<tr>\n<td class=\"tg-yw4l\">Capacit\u00e0:<\/td>\n<td class=\"tg-yw4l\">375ml<\/td>\n<\/tr>\n<tr>\n<td class=\"tg-b7b8\">Caratteristica:<\/td>\n<td class=\"tg-b7b8\">Eco-compatibile<\/td>\n<\/tr>\n<tr>\n<td class=\"tg-yw4l\">MOQ:<\/td>\n<td class=\"tg-yw4l\">10000 PCS<\/td>\n<\/tr>\n<tr>\n<td class=\"tg-b7b8\">Modo di imballaggio:<\/td>\n<td class=\"tg-b7b8\">Cartone standard per l'esportazione \/ Pallet \/ cartone e pallet standard per l'esportazione<\/td>\n<\/tr>\n<tr>\n<td class=\"tg-yw4l\">OEM\/ODM:<\/td>\n<td class=\"tg-yw4l\">Benvenuti<\/td>\n<\/tr>\n<tr>\n<td class=\"tg-b7b8\">Origine del luogo:<\/td>\n<td class=\"tg-b7b8\">Shandong, Cina<\/td>\n<\/tr>\n<tr>\n<td class=\"tg-yw4l\">Pezzi\/Ctn:<\/td>\n<td class=\"tg-yw4l\">24pcs o secondo le richieste del cliente<\/td>\n<\/tr>\n<\/tbody>\n<\/table>","protected":false},"featured_media":4164,"comment_status":"closed","ping_status":"closed","template":"","meta":[],"product_cat":[15,55],"class_list":{"0":"post-4163","1":"product","2":"type-product","3":"status-publish","4":"has-post-thumbnail","6":"product_cat-glass-liquor-spirit-bottles","7":"product_cat-375ml-liquor-bottle-manufacturer","9":"first","10":"instock","11":"shipping-taxable","12":"product-type-simple"},"yoast_head":"<!-- This site is optimized with the Yoast SEO plugin v22.0 - https:\/\/yoast.com\/wordpress\/plugins\/seo\/ -->\n<title>Glass Liquor Bottles Manufacturer | Wholesale Long Neck Glass Bottles<\/title>\n<meta name=\"description\" content=\"Ruisheng, a professional glass liquor bottles manufacturer in China, wholesale long neck glass bottles with T-corks in factory outlet price.\" \/>\n<meta name=\"robots\" content=\"index, follow, max-snippet:-1, max-image-preview:large, max-video-preview:-1\" \/>\n<link rel=\"canonical\" href=\"https:\/\/ruishengglassco.com\/it\/prodotto\/rs114-bottiglie-in-vetro-a-collo-lungo-da-375-ml-con-tappo-a-t\" \/>\n<meta property=\"og:locale\" content=\"it_IT\" \/>\n<meta property=\"og:type\" content=\"article\" \/>\n<meta property=\"og:title\" content=\"Glass Liquor Bottles Manufacturer | Wholesale Long Neck Glass Bottles\" \/>\n<meta property=\"og:description\" content=\"Ruisheng, a professional glass liquor bottles manufacturer in China, wholesale long neck glass bottles with T-corks in factory outlet price.\" \/>\n<meta property=\"og:url\" content=\"https:\/\/ruishengglassco.com\/it\/prodotto\/rs114-bottiglie-in-vetro-a-collo-lungo-da-375-ml-con-tappo-a-t\" \/>\n<meta property=\"article:publisher\" content=\"https:\/\/www.facebook.com\/ruishengglassbottles\" \/>\n<meta property=\"article:modified_time\" content=\"2025-09-11T08:11:58+00:00\" \/>\n<meta property=\"og:image\" content=\"https:\/\/ruishengglassco.com\/wp-content\/uploads\/2025\/03\/RS114-375ml-Long-Neck-Glass-Bottles-With-T-cork.webp\" \/>\n\t<meta property=\"og:image:width\" content=\"400\" \/>\n\t<meta property=\"og:image:height\" content=\"400\" \/>\n\t<meta property=\"og:image:type\" content=\"image\/webp\" \/>\n<meta name=\"twitter:card\" content=\"summary_large_image\" \/>\n<meta name=\"twitter:label1\" content=\"Tempo di lettura stimato\" \/>\n\t<meta name=\"twitter:data1\" content=\"2 minuti\" \/>\n<script type=\"application\/ld+json\" class=\"yoast-schema-graph\">{\"@context\":\"https:\/\/schema.org\",\"@graph\":[{\"@type\":\"WebPage\",\"@id\":\"https:\/\/ruishengglassco.com\/product\/rs114-375ml-long-neck-glass-bottles-with-t-cork\",\"url\":\"https:\/\/ruishengglassco.com\/product\/rs114-375ml-long-neck-glass-bottles-with-t-cork\",\"name\":\"Glass Liquor Bottles Manufacturer | Wholesale Long Neck Glass Bottles\",\"isPartOf\":{\"@id\":\"https:\/\/ruishengglassco.com\/#website\"},\"datePublished\":\"2025-03-14T16:05:40+00:00\",\"dateModified\":\"2025-09-11T08:11:58+00:00\",\"description\":\"Ruisheng, a professional glass liquor bottles manufacturer in China, wholesale long neck glass bottles with T-corks in factory outlet price.\",\"breadcrumb\":{\"@id\":\"https:\/\/ruishengglassco.com\/product\/rs114-375ml-long-neck-glass-bottles-with-t-cork#breadcrumb\"},\"inLanguage\":\"it-IT\",\"potentialAction\":[{\"@type\":\"ReadAction\",\"target\":[\"https:\/\/ruishengglassco.com\/product\/rs114-375ml-long-neck-glass-bottles-with-t-cork\"]}]},{\"@type\":\"BreadcrumbList\",\"@id\":\"https:\/\/ruishengglassco.com\/product\/rs114-375ml-long-neck-glass-bottles-with-t-cork#breadcrumb\",\"itemListElement\":[{\"@type\":\"ListItem\",\"position\":1,\"name\":\"Home\",\"item\":\"https:\/\/ruishengglassco.com\/\"},{\"@type\":\"ListItem\",\"position\":2,\"name\":\"Products\",\"item\":\"https:\/\/ruishengglassco.com\/products\"},{\"@type\":\"ListItem\",\"position\":3,\"name\":\"RS114: 375ml Long Neck Glass Bottles With T- cork\"}]},{\"@type\":\"WebSite\",\"@id\":\"https:\/\/ruishengglassco.com\/#website\",\"url\":\"https:\/\/ruishengglassco.com\/\",\"name\":\"Ruisheng Glass\",\"description\":\"\",\"publisher\":{\"@id\":\"https:\/\/ruishengglassco.com\/#organization\"},\"potentialAction\":[{\"@type\":\"SearchAction\",\"target\":{\"@type\":\"EntryPoint\",\"urlTemplate\":\"https:\/\/ruishengglassco.com\/?s={search_term_string}\"},\"query-input\":\"required name=search_term_string\"}],\"inLanguage\":\"it-IT\"},{\"@type\":\"Organization\",\"@id\":\"https:\/\/ruishengglassco.com\/#organization\",\"name\":\"Shandong Yuncheng Ruisheng Glass Co., Ltd\",\"url\":\"https:\/\/ruishengglassco.com\/\",\"logo\":{\"@type\":\"ImageObject\",\"inLanguage\":\"it-IT\",\"@id\":\"https:\/\/ruishengglassco.com\/#\/schema\/logo\/image\/\",\"url\":\"https:\/\/ruishengglassco.com\/wp-content\/uploads\/2023\/09\/ruisheng_logo_icon.webp\",\"contentUrl\":\"https:\/\/ruishengglassco.com\/wp-content\/uploads\/2023\/09\/ruisheng_logo_icon.webp\",\"width\":400,\"height\":233,\"caption\":\"Shandong Yuncheng Ruisheng Glass Co., Ltd\"},\"image\":{\"@id\":\"https:\/\/ruishengglassco.com\/#\/schema\/logo\/image\/\"},\"sameAs\":[\"https:\/\/www.facebook.com\/ruishengglassbottles\",\"https:\/\/www.instagram.com\/Ruishengglassbottlewholesales\/\",\"https:\/\/www.youtube.com\/channel\/UCMmbMNGwsL-XrtjfSFLCdVQ\"]}]}<\/script>\n<!-- \/ Yoast SEO plugin. -->","yoast_head_json":{"title":"Glass Liquor Bottles Manufacturer | Wholesale Long Neck Glass Bottles","description":"Ruisheng, a professional glass liquor bottles manufacturer in China, wholesale long neck glass bottles with T-corks in factory outlet price.","robots":{"index":"index","follow":"follow","max-snippet":"max-snippet:-1","max-image-preview":"max-image-preview:large","max-video-preview":"max-video-preview:-1"},"canonical":"https:\/\/ruishengglassco.com\/it\/prodotto\/rs114-bottiglie-in-vetro-a-collo-lungo-da-375-ml-con-tappo-a-t","og_locale":"it_IT","og_type":"article","og_title":"Glass Liquor Bottles Manufacturer | Wholesale Long Neck Glass Bottles","og_description":"Ruisheng, a professional glass liquor bottles manufacturer in China, wholesale long neck glass bottles with T-corks in factory outlet price.","og_url":"https:\/\/ruishengglassco.com\/it\/prodotto\/rs114-bottiglie-in-vetro-a-collo-lungo-da-375-ml-con-tappo-a-t","article_publisher":"https:\/\/www.facebook.com\/ruishengglassbottles","article_modified_time":"2025-09-11T08:11:58+00:00","og_image":[{"width":400,"height":400,"url":"https:\/\/ruishengglassco.com\/wp-content\/uploads\/2025\/03\/RS114-375ml-Long-Neck-Glass-Bottles-With-T-cork.webp","type":"image\/webp"}],"twitter_card":"summary_large_image","twitter_misc":{"Tempo di lettura stimato":"2 minuti"},"schema":{"@context":"https:\/\/schema.org","@graph":[{"@type":"WebPage","@id":"https:\/\/ruishengglassco.com\/product\/rs114-375ml-long-neck-glass-bottles-with-t-cork","url":"https:\/\/ruishengglassco.com\/product\/rs114-375ml-long-neck-glass-bottles-with-t-cork","name":"Glass Liquor Bottles Manufacturer | Wholesale Long Neck Glass Bottles","isPartOf":{"@id":"https:\/\/ruishengglassco.com\/#website"},"datePublished":"2025-03-14T16:05:40+00:00","dateModified":"2025-09-11T08:11:58+00:00","description":"Ruisheng, a professional glass liquor bottles manufacturer in China, wholesale long neck glass bottles with T-corks in factory outlet price.","breadcrumb":{"@id":"https:\/\/ruishengglassco.com\/product\/rs114-375ml-long-neck-glass-bottles-with-t-cork#breadcrumb"},"inLanguage":"it-IT","potentialAction":[{"@type":"ReadAction","target":["https:\/\/ruishengglassco.com\/product\/rs114-375ml-long-neck-glass-bottles-with-t-cork"]}]},{"@type":"BreadcrumbList","@id":"https:\/\/ruishengglassco.com\/product\/rs114-375ml-long-neck-glass-bottles-with-t-cork#breadcrumb","itemListElement":[{"@type":"ListItem","position":1,"name":"Home","item":"https:\/\/ruishengglassco.com\/"},{"@type":"ListItem","position":2,"name":"Products","item":"https:\/\/ruishengglassco.com\/products"},{"@type":"ListItem","position":3,"name":"RS114: 375ml Long Neck Glass Bottles With T- cork"}]},{"@type":"WebSite","@id":"https:\/\/ruishengglassco.com\/#website","url":"https:\/\/ruishengglassco.com\/","name":"Ruisheng Glass","description":"","publisher":{"@id":"https:\/\/ruishengglassco.com\/#organization"},"potentialAction":[{"@type":"SearchAction","target":{"@type":"EntryPoint","urlTemplate":"https:\/\/ruishengglassco.com\/?s={search_term_string}"},"query-input":"required name=search_term_string"}],"inLanguage":"it-IT"},{"@type":"Organization","@id":"https:\/\/ruishengglassco.com\/#organization","name":"Shandong Yuncheng Ruisheng Glass Co., Ltd","url":"https:\/\/ruishengglassco.com\/","logo":{"@type":"ImageObject","inLanguage":"it-IT","@id":"https:\/\/ruishengglassco.com\/#\/schema\/logo\/image\/","url":"https:\/\/ruishengglassco.com\/wp-content\/uploads\/2023\/09\/ruisheng_logo_icon.webp","contentUrl":"https:\/\/ruishengglassco.com\/wp-content\/uploads\/2023\/09\/ruisheng_logo_icon.webp","width":400,"height":233,"caption":"Shandong Yuncheng Ruisheng Glass Co., Ltd"},"image":{"@id":"https:\/\/ruishengglassco.com\/#\/schema\/logo\/image\/"},"sameAs":["https:\/\/www.facebook.com\/ruishengglassbottles","https:\/\/www.instagram.com\/Ruishengglassbottlewholesales\/","https:\/\/www.youtube.com\/channel\/UCMmbMNGwsL-XrtjfSFLCdVQ"]}]}},"_links":{"self":[{"href":"https:\/\/ruishengglassco.com\/it\/wp-json\/wp\/v2\/product\/4163","targetHints":{"allow":["GET"]}}],"collection":[{"href":"https:\/\/ruishengglassco.com\/it\/wp-json\/wp\/v2\/product"}],"about":[{"href":"https:\/\/ruishengglassco.com\/it\/wp-json\/wp\/v2\/types\/product"}],"replies":[{"embeddable":true,"href":"https:\/\/ruishengglassco.com\/it\/wp-json\/wp\/v2\/comments?post=4163"}],"wp:featuredmedia":[{"embeddable":true,"href":"https:\/\/ruishengglassco.com\/it\/wp-json\/wp\/v2\/media\/4164"}],"wp:attachment":[{"href":"https:\/\/ruishengglassco.com\/it\/wp-json\/wp\/v2\/media?parent=4163"}],"wp:term":[{"taxonomy":"product_cat","embeddable":true,"href":"https:\/\/ruishengglassco.com\/it\/wp-json\/wp\/v2\/product_cat?post=4163"}],"curies":[{"name":"wp","href":"https:\/\/api.w.org\/{rel}","templated":true}]}}