{"id":4159,"date":"2025-03-15T00:01:07","date_gmt":"2025-03-14T16:01:07","guid":{"rendered":"https:\/\/ruishengglassco.com\/?post_type=product&#038;p=4159"},"modified":"2025-07-16T15:04:30","modified_gmt":"2025-07-16T07:04:30","slug":"rs120clear-750ml-bottiglie-di-vetro-con-tappi-a-vite-allingrosso","status":"publish","type":"product","link":"https:\/\/ruishengglassco.com\/it\/prodotto\/rs120clear-750ml-bottiglie-di-vetro-con-tappi-a-vite-allingrosso","title":{"rendered":"RS120: Chiaro 750ml bottiglie di vetro con tappi a vite fabbrica"},"content":{"rendered":"<p><span data-preserver-spaces=\"true\">Bottiglie in vetro trasparente da 750 ml con tappo a vite <\/span><span data-preserver-spaces=\"true\">sono prodotti<\/span><span data-preserver-spaces=\"true\"> da Shandong Yuncheng Ruisheng Glass Co., Ltd. La nostra azienda \u00e8 uno dei maggiori produttori di vetro superfluo.<\/span><a class=\"editor-rtfLink\" href=\"https:\/\/ruishengglassco.com\/it\/about-us\/\" target=\"_blank\" rel=\"noopener\"><span data-preserver-spaces=\"true\"> bottiglie di vetro per liquori<\/span><\/a><span data-preserver-spaces=\"true\"> in Cina. La nostra azienda conta oltre 500 dipendenti e un team di ingegneri specializzati. Grazie alla nostra ricca esperienza, ci siamo guadagnati una buona reputazione in tutto il mondo.<\/span><\/p>\n<p><span data-preserver-spaces=\"true\">La bottiglia per liquori all'ingrosso da 750 ml presenta tappi di sughero e <\/span><span data-preserver-spaces=\"true\">\u00e8 realizzato in modo artigianale<\/span><span data-preserver-spaces=\"true\"> da un vetro ad alta intensit\u00e0 di selce. Questo vetro \u00e8 <\/span><span data-preserver-spaces=\"true\">chiaro<\/span><span data-preserver-spaces=\"true\">durevole e liscia. \u00c8 ideale per il confezionamento di liquori, vodka, brandy, whisky e altri alcolici.<\/span><\/p>\n<p><span data-preserver-spaces=\"true\">Ruisheng \u00e8 un produttore leader di bottiglie per liquori all'ingrosso con tappi di sughero. Siamo specializzati in bottiglie di vetro di alta qualit\u00e0, comprese quelle per vodka, brandy, whisky, liquore e marmellata. Offriamo anche una variet\u00e0 di colori di bottiglie per liquori all'ingrosso. <\/span><span data-preserver-spaces=\"true\">Questo<\/span><span data-preserver-spaces=\"true\"> comprende bottiglie di vetro ambrato, verde, bianco e trasparente. I nostri mercati principali includono il Regno Unito, gli Stati Uniti, l'Australia, il Canada e il Regno Unito. <\/span><span data-preserver-spaces=\"true\">altri<\/span><span data-preserver-spaces=\"true\">. Tutti i prodotti godono di un'ottima reputazione per innovazione e funzionalit\u00e0.<\/span><\/p>\n<p><span data-preserver-spaces=\"true\">E come scegliere le bottiglie di vetro per e-liquid? Scegliere la bottiglia di vetro trasparente corretta per il liquore. Il primo \u00e8 la qualit\u00e0 delle bottiglie di liquido. Di alta qualit\u00e0<\/span><a class=\"editor-rtfLink\" href=\"https:\/\/ruishengglassco.com\/it\/our-products\/\" target=\"_blank\" rel=\"noopener\"><span data-preserver-spaces=\"true\"> bottiglie di vetro<\/span><\/a><span data-preserver-spaces=\"true\"> pu\u00f2 garantire la qualit\u00e0 del liquore e aumentarne il valore.\u00a0<\/span><span data-preserver-spaces=\"true\">Inoltre, i clienti devono prestare attenzione alla qualit\u00e0 dei prodotti alcolici, <\/span><span data-preserver-spaces=\"true\">liquore<\/span><span data-preserver-spaces=\"true\"> sapore e propaganda culturale <\/span><span data-preserver-spaces=\"true\">per selezionare<\/span><span data-preserver-spaces=\"true\"> una bottiglia di vetro liquida.<\/span><span data-preserver-spaces=\"true\">\u00a0Per l'acquisto di bottiglie di liquore, scegliete un produttore di fiducia. In questo modo, potrete essere sicuri della qualit\u00e0 e del prezzo.<\/span><\/p>\n<p><span data-preserver-spaces=\"true\">Se siete interessati alle nostre bottiglie in vetro trasparente da 750 ml con tappo a vite, <\/span><span data-preserver-spaces=\"true\">contattateci<\/span><span data-preserver-spaces=\"true\">.<\/span><span data-preserver-spaces=\"true\"> Vi risponderemo entro 24 ore.<\/span><\/p>","protected":false},"excerpt":{"rendered":"<p>Bottiglie in vetro trasparente da 750 ml di forma rotonda con tappo a vite. Il bel colore dell'acquavite traspare dalla vetreria superflessibile per Whisky, Brandy, Vodka, ecc. Disponibile con tappo in sughero o a vite.<\/p>\n<p>Personalizzato 750ml Spirito bottiglia di vetro all'ingrosso Dettagli:<\/p>\n<ul>\n<li>Riferimento: RS120<\/li>\n<li><strong>Servizio OEM\/ODM offerto. MOQ: 10000pcs (10000 PCS)<\/strong><\/li>\n<li>Tappo: tappo a vite\/sughero<\/li>\n<li>Materiale: Vetro ad alta selce<\/li>\n<li>Consegna: Campione gratuito offerto entro 3-7 giorni. Ordine in blocco entro 30 giorni.<\/li>\n<li>Caratteristiche: Eco-friendly<\/li>\n<\/ul>","protected":false},"featured_media":4160,"comment_status":"closed","ping_status":"closed","template":"","meta":[],"product_cat":[40],"class_list":{"0":"post-4159","1":"product","2":"type-product","3":"status-publish","4":"has-post-thumbnail","6":"product_cat-750ml-liquor-bottle-manufacturer","8":"first","9":"instock","10":"shipping-taxable","11":"product-type-simple"},"yoast_head":"<!-- This site is optimized with the Yoast SEO plugin v22.0 - https:\/\/yoast.com\/wordpress\/plugins\/seo\/ -->\n<title>Clear Glass Bottles With Screw Caps | Wholesale Glass Liquor Bottle<\/title>\n<meta name=\"description\" content=\"Buy Clear Glass Bottles With Screw Caps From China Liquor Bottle Factory. 750ML Glass Liquot Bottle Wholesale In Cheap Price.\" \/>\n<meta name=\"robots\" content=\"index, follow, max-snippet:-1, max-image-preview:large, max-video-preview:-1\" \/>\n<link rel=\"canonical\" href=\"https:\/\/ruishengglassco.com\/it\/prodotto\/rs120clear-750ml-bottiglie-di-vetro-con-tappi-a-vite-allingrosso\" \/>\n<meta property=\"og:locale\" content=\"it_IT\" \/>\n<meta property=\"og:type\" content=\"article\" \/>\n<meta property=\"og:title\" content=\"Clear Glass Bottles With Screw Caps | Wholesale Glass Liquor Bottle\" \/>\n<meta property=\"og:description\" content=\"Buy Clear Glass Bottles With Screw Caps From China Liquor Bottle Factory. 750ML Glass Liquot Bottle Wholesale In Cheap Price.\" \/>\n<meta property=\"og:url\" content=\"https:\/\/ruishengglassco.com\/it\/prodotto\/rs120clear-750ml-bottiglie-di-vetro-con-tappi-a-vite-allingrosso\" \/>\n<meta property=\"article:publisher\" content=\"https:\/\/www.facebook.com\/ruishengglassbottles\" \/>\n<meta property=\"article:modified_time\" content=\"2025-07-16T07:04:30+00:00\" \/>\n<meta property=\"og:image\" content=\"https:\/\/ruishengglassco.com\/wp-content\/uploads\/2025\/03\/RS120-Clear-750ml-Glass-Bottles-With-Screw-Caps-Wholesale.webp\" \/>\n\t<meta property=\"og:image:width\" content=\"800\" \/>\n\t<meta property=\"og:image:height\" content=\"800\" \/>\n\t<meta property=\"og:image:type\" content=\"image\/webp\" \/>\n<meta name=\"twitter:card\" content=\"summary_large_image\" \/>\n<meta name=\"twitter:label1\" content=\"Tempo di lettura stimato\" \/>\n\t<meta name=\"twitter:data1\" content=\"2 minuti\" \/>\n<script type=\"application\/ld+json\" class=\"yoast-schema-graph\">{\"@context\":\"https:\/\/schema.org\",\"@graph\":[{\"@type\":\"WebPage\",\"@id\":\"https:\/\/ruishengglassco.com\/product\/rs120clear-750ml-glass-bottles-with-screw-caps-wholesale\",\"url\":\"https:\/\/ruishengglassco.com\/product\/rs120clear-750ml-glass-bottles-with-screw-caps-wholesale\",\"name\":\"Clear Glass Bottles With Screw Caps | Wholesale Glass Liquor Bottle\",\"isPartOf\":{\"@id\":\"https:\/\/ruishengglassco.com\/#website\"},\"datePublished\":\"2025-03-14T16:01:07+00:00\",\"dateModified\":\"2025-07-16T07:04:30+00:00\",\"description\":\"Buy Clear Glass Bottles With Screw Caps From China Liquor Bottle Factory. 750ML Glass Liquot Bottle Wholesale In Cheap Price.\",\"breadcrumb\":{\"@id\":\"https:\/\/ruishengglassco.com\/product\/rs120clear-750ml-glass-bottles-with-screw-caps-wholesale#breadcrumb\"},\"inLanguage\":\"it-IT\",\"potentialAction\":[{\"@type\":\"ReadAction\",\"target\":[\"https:\/\/ruishengglassco.com\/product\/rs120clear-750ml-glass-bottles-with-screw-caps-wholesale\"]}]},{\"@type\":\"BreadcrumbList\",\"@id\":\"https:\/\/ruishengglassco.com\/product\/rs120clear-750ml-glass-bottles-with-screw-caps-wholesale#breadcrumb\",\"itemListElement\":[{\"@type\":\"ListItem\",\"position\":1,\"name\":\"Home\",\"item\":\"https:\/\/ruishengglassco.com\/\"},{\"@type\":\"ListItem\",\"position\":2,\"name\":\"Products\",\"item\":\"https:\/\/ruishengglassco.com\/products\"},{\"@type\":\"ListItem\",\"position\":3,\"name\":\"RS120:Clear 750ml Glass Bottles With Screw Caps Factory\"}]},{\"@type\":\"WebSite\",\"@id\":\"https:\/\/ruishengglassco.com\/#website\",\"url\":\"https:\/\/ruishengglassco.com\/\",\"name\":\"Ruisheng Glass\",\"description\":\"\",\"publisher\":{\"@id\":\"https:\/\/ruishengglassco.com\/#organization\"},\"potentialAction\":[{\"@type\":\"SearchAction\",\"target\":{\"@type\":\"EntryPoint\",\"urlTemplate\":\"https:\/\/ruishengglassco.com\/?s={search_term_string}\"},\"query-input\":\"required name=search_term_string\"}],\"inLanguage\":\"it-IT\"},{\"@type\":\"Organization\",\"@id\":\"https:\/\/ruishengglassco.com\/#organization\",\"name\":\"Shandong Yuncheng Ruisheng Glass Co., Ltd\",\"url\":\"https:\/\/ruishengglassco.com\/\",\"logo\":{\"@type\":\"ImageObject\",\"inLanguage\":\"it-IT\",\"@id\":\"https:\/\/ruishengglassco.com\/#\/schema\/logo\/image\/\",\"url\":\"https:\/\/ruishengglassco.com\/wp-content\/uploads\/2023\/09\/ruisheng_logo_icon.webp\",\"contentUrl\":\"https:\/\/ruishengglassco.com\/wp-content\/uploads\/2023\/09\/ruisheng_logo_icon.webp\",\"width\":400,\"height\":233,\"caption\":\"Shandong Yuncheng Ruisheng Glass Co., Ltd\"},\"image\":{\"@id\":\"https:\/\/ruishengglassco.com\/#\/schema\/logo\/image\/\"},\"sameAs\":[\"https:\/\/www.facebook.com\/ruishengglassbottles\",\"https:\/\/www.instagram.com\/Ruishengglassbottlewholesales\/\",\"https:\/\/www.youtube.com\/channel\/UCMmbMNGwsL-XrtjfSFLCdVQ\"]}]}<\/script>\n<!-- \/ Yoast SEO plugin. -->","yoast_head_json":{"title":"Clear Glass Bottles With Screw Caps | Wholesale Glass Liquor Bottle","description":"Buy Clear Glass Bottles With Screw Caps From China Liquor Bottle Factory. 750ML Glass Liquot Bottle Wholesale In Cheap Price.","robots":{"index":"index","follow":"follow","max-snippet":"max-snippet:-1","max-image-preview":"max-image-preview:large","max-video-preview":"max-video-preview:-1"},"canonical":"https:\/\/ruishengglassco.com\/it\/prodotto\/rs120clear-750ml-bottiglie-di-vetro-con-tappi-a-vite-allingrosso","og_locale":"it_IT","og_type":"article","og_title":"Clear Glass Bottles With Screw Caps | Wholesale Glass Liquor Bottle","og_description":"Buy Clear Glass Bottles With Screw Caps From China Liquor Bottle Factory. 750ML Glass Liquot Bottle Wholesale In Cheap Price.","og_url":"https:\/\/ruishengglassco.com\/it\/prodotto\/rs120clear-750ml-bottiglie-di-vetro-con-tappi-a-vite-allingrosso","article_publisher":"https:\/\/www.facebook.com\/ruishengglassbottles","article_modified_time":"2025-07-16T07:04:30+00:00","og_image":[{"width":800,"height":800,"url":"https:\/\/ruishengglassco.com\/wp-content\/uploads\/2025\/03\/RS120-Clear-750ml-Glass-Bottles-With-Screw-Caps-Wholesale.webp","type":"image\/webp"}],"twitter_card":"summary_large_image","twitter_misc":{"Tempo di lettura stimato":"2 minuti"},"schema":{"@context":"https:\/\/schema.org","@graph":[{"@type":"WebPage","@id":"https:\/\/ruishengglassco.com\/product\/rs120clear-750ml-glass-bottles-with-screw-caps-wholesale","url":"https:\/\/ruishengglassco.com\/product\/rs120clear-750ml-glass-bottles-with-screw-caps-wholesale","name":"Clear Glass Bottles With Screw Caps | Wholesale Glass Liquor Bottle","isPartOf":{"@id":"https:\/\/ruishengglassco.com\/#website"},"datePublished":"2025-03-14T16:01:07+00:00","dateModified":"2025-07-16T07:04:30+00:00","description":"Buy Clear Glass Bottles With Screw Caps From China Liquor Bottle Factory. 750ML Glass Liquot Bottle Wholesale In Cheap Price.","breadcrumb":{"@id":"https:\/\/ruishengglassco.com\/product\/rs120clear-750ml-glass-bottles-with-screw-caps-wholesale#breadcrumb"},"inLanguage":"it-IT","potentialAction":[{"@type":"ReadAction","target":["https:\/\/ruishengglassco.com\/product\/rs120clear-750ml-glass-bottles-with-screw-caps-wholesale"]}]},{"@type":"BreadcrumbList","@id":"https:\/\/ruishengglassco.com\/product\/rs120clear-750ml-glass-bottles-with-screw-caps-wholesale#breadcrumb","itemListElement":[{"@type":"ListItem","position":1,"name":"Home","item":"https:\/\/ruishengglassco.com\/"},{"@type":"ListItem","position":2,"name":"Products","item":"https:\/\/ruishengglassco.com\/products"},{"@type":"ListItem","position":3,"name":"RS120:Clear 750ml Glass Bottles With Screw Caps Factory"}]},{"@type":"WebSite","@id":"https:\/\/ruishengglassco.com\/#website","url":"https:\/\/ruishengglassco.com\/","name":"Ruisheng Glass","description":"","publisher":{"@id":"https:\/\/ruishengglassco.com\/#organization"},"potentialAction":[{"@type":"SearchAction","target":{"@type":"EntryPoint","urlTemplate":"https:\/\/ruishengglassco.com\/?s={search_term_string}"},"query-input":"required name=search_term_string"}],"inLanguage":"it-IT"},{"@type":"Organization","@id":"https:\/\/ruishengglassco.com\/#organization","name":"Shandong Yuncheng Ruisheng Glass Co., Ltd","url":"https:\/\/ruishengglassco.com\/","logo":{"@type":"ImageObject","inLanguage":"it-IT","@id":"https:\/\/ruishengglassco.com\/#\/schema\/logo\/image\/","url":"https:\/\/ruishengglassco.com\/wp-content\/uploads\/2023\/09\/ruisheng_logo_icon.webp","contentUrl":"https:\/\/ruishengglassco.com\/wp-content\/uploads\/2023\/09\/ruisheng_logo_icon.webp","width":400,"height":233,"caption":"Shandong Yuncheng Ruisheng Glass Co., Ltd"},"image":{"@id":"https:\/\/ruishengglassco.com\/#\/schema\/logo\/image\/"},"sameAs":["https:\/\/www.facebook.com\/ruishengglassbottles","https:\/\/www.instagram.com\/Ruishengglassbottlewholesales\/","https:\/\/www.youtube.com\/channel\/UCMmbMNGwsL-XrtjfSFLCdVQ"]}]}},"_links":{"self":[{"href":"https:\/\/ruishengglassco.com\/it\/wp-json\/wp\/v2\/product\/4159","targetHints":{"allow":["GET"]}}],"collection":[{"href":"https:\/\/ruishengglassco.com\/it\/wp-json\/wp\/v2\/product"}],"about":[{"href":"https:\/\/ruishengglassco.com\/it\/wp-json\/wp\/v2\/types\/product"}],"replies":[{"embeddable":true,"href":"https:\/\/ruishengglassco.com\/it\/wp-json\/wp\/v2\/comments?post=4159"}],"wp:featuredmedia":[{"embeddable":true,"href":"https:\/\/ruishengglassco.com\/it\/wp-json\/wp\/v2\/media\/4160"}],"wp:attachment":[{"href":"https:\/\/ruishengglassco.com\/it\/wp-json\/wp\/v2\/media?parent=4159"}],"wp:term":[{"taxonomy":"product_cat","embeddable":true,"href":"https:\/\/ruishengglassco.com\/it\/wp-json\/wp\/v2\/product_cat?post=4159"}],"curies":[{"name":"wp","href":"https:\/\/api.w.org\/{rel}","templated":true}]}}