{"id":4157,"date":"2025-03-14T23:58:51","date_gmt":"2025-03-14T15:58:51","guid":{"rendered":"https:\/\/ruishengglassco.com\/?post_type=product&#038;p=4157"},"modified":"2025-07-17T13:35:48","modified_gmt":"2025-07-17T05:35:48","slug":"rs121-bottiglie-da-liquore-rotonde-da-16-oz-con-tappo-a-vite","status":"publish","type":"product","link":"https:\/\/ruishengglassco.com\/it\/prodotto\/rs121-bottiglie-da-liquore-rotonde-da-16-oz-con-tappo-a-vite","title":{"rendered":"RS121: Bottiglie per liquori rotonde da 16 once con tappo a vite"},"content":{"rendered":"<p>Le bottiglie di vetro da 16 once all'ingrosso sono prodotte da Shandong Yuncheng Ruisheng Glass Co. La nostra azienda \u00e8 uno dei maggiori fornitori di bottiglie per liquori in vetro super flint in Cina.<\/p>\n<p>La bottiglia rotonda per liquori da 500 ml utilizza vetro flint di alta qualit\u00e0. Questa scelta rende la bottiglia pi\u00f9 chiara, pi\u00f9 resistente e pi\u00f9 liscia al tatto.<\/p>\n<p>La nostra azienda conta oltre 500 dipendenti e un team di ingegneri specializzati. Grazie alla nostra ricca esperienza, ci siamo guadagnati una buona reputazione in tutto il mondo.<\/p>\n<p>Le nostre principali linee di prodotti includono la serie di bottiglie di vetro da 750 ml all'ingrosso, la serie di bottiglie di vetro da 700 ml all'ingrosso e la serie di bottiglie di vetro da 500 ml all'ingrosso. Ruisheng \u00e8 uno dei principali fornitori di bottiglie rotonde per liquori da 500 ml in Cina. Esportiamo vodka, whisky, gin, brandy e bottiglie di marmellata in oltre 50 paesi, tra cui Stati Uniti, Regno Unito, Australia, Francia ed Egitto. I nostri prodotti sono noti per la loro innovazione e funzionalit\u00e0.<\/p>\n<h2>Dettagli su 16 OZ bottiglie di vetro all'ingrosso<\/h2>\n<ul>\n<li>Materiale principale: vetro ad alta percentuale di selce<\/li>\n<li>Tappo: tappo a vite\/ tappi di sughero\/ tappo di vetro<\/li>\n<li>Riferimento: RS121<\/li>\n<li>MOQ: 10000 PCS<\/li>\n<li>Capacit\u00e0: 500 ml<\/li>\n<li>Pz\/Ctn:24pz<\/li>\n<li>Origine del luogo: Shandong, Cina<\/li>\n<li>Caratteristiche: Eco-friendly<\/li>\n<\/ul>\n<p>Se siete interessati alle nostre bottiglie di vetro da 16 once all'ingrosso, contattateci. Se si desidera fare bottiglie di vetro personalizzate, si prega di contattare anche noi. Siamo molto lieti di ottenere la vostra inchiesta per la migliore bottiglia d'acqua di vetro.<\/p>","protected":false},"excerpt":{"rendered":"<p>Ruisheng 16 oz bottiglie di vetro all'ingrosso con corpi trasparenti, rendendo facile mostrare la qualit\u00e0 del liquore, il colore e la lucentezza. La nostra bottiglia rotonda per liquori all'ingrosso dalla fabbrica cinese \u00e8 stata esportata in oltre 20 paesi e ha conquistato il favore dei clienti.<\/p>","protected":false},"featured_media":4158,"comment_status":"closed","ping_status":"closed","template":"","meta":[],"product_cat":[41],"class_list":{"0":"post-4157","1":"product","2":"type-product","3":"status-publish","4":"has-post-thumbnail","6":"product_cat-500ml-liquor-bottle-manufacturer","8":"first","9":"instock","10":"shipping-taxable","11":"product-type-simple"},"yoast_head":"<!-- This site is optimized with the Yoast SEO plugin v22.0 - https:\/\/yoast.com\/wordpress\/plugins\/seo\/ -->\n<title>16 OZ Glass Bottles Wholesale | 500ml Round Liquor Bottle Supplier<\/title>\n<meta name=\"description\" content=\"Ruisheng, a primary China Liquor Bottle Manufacturer&amp;Supplier, provide 16 OZ glass bottles wholesale for liquor brands, companies.\" \/>\n<meta name=\"robots\" content=\"index, follow, max-snippet:-1, max-image-preview:large, max-video-preview:-1\" \/>\n<link rel=\"canonical\" href=\"https:\/\/ruishengglassco.com\/it\/prodotto\/rs121-bottiglie-da-liquore-rotonde-da-16-oz-con-tappo-a-vite\" \/>\n<meta property=\"og:locale\" content=\"it_IT\" \/>\n<meta property=\"og:type\" content=\"article\" \/>\n<meta property=\"og:title\" content=\"16 OZ Glass Bottles Wholesale | 500ml Round Liquor Bottle Supplier\" \/>\n<meta property=\"og:description\" content=\"Ruisheng, a primary China Liquor Bottle Manufacturer&amp;Supplier, provide 16 OZ glass bottles wholesale for liquor brands, companies.\" \/>\n<meta property=\"og:url\" content=\"https:\/\/ruishengglassco.com\/it\/prodotto\/rs121-bottiglie-da-liquore-rotonde-da-16-oz-con-tappo-a-vite\" \/>\n<meta property=\"article:publisher\" content=\"https:\/\/www.facebook.com\/ruishengglassbottles\" \/>\n<meta property=\"article:modified_time\" content=\"2025-07-17T05:35:48+00:00\" \/>\n<meta property=\"og:image\" content=\"https:\/\/ruishengglassco.com\/wp-content\/uploads\/2025\/03\/RS121-16-OZ-Round-Liquor-Bottles-With-Screw-Cap.webp\" \/>\n\t<meta property=\"og:image:width\" content=\"400\" \/>\n\t<meta property=\"og:image:height\" content=\"400\" \/>\n\t<meta property=\"og:image:type\" content=\"image\/webp\" \/>\n<meta name=\"twitter:card\" content=\"summary_large_image\" \/>\n<meta name=\"twitter:label1\" content=\"Tempo di lettura stimato\" \/>\n\t<meta name=\"twitter:data1\" content=\"2 minuti\" \/>\n<script type=\"application\/ld+json\" class=\"yoast-schema-graph\">{\"@context\":\"https:\/\/schema.org\",\"@graph\":[{\"@type\":\"WebPage\",\"@id\":\"https:\/\/ruishengglassco.com\/product\/rs121-16-oz-round-liquor-bottles-with-screw-cap\",\"url\":\"https:\/\/ruishengglassco.com\/product\/rs121-16-oz-round-liquor-bottles-with-screw-cap\",\"name\":\"16 OZ Glass Bottles Wholesale | 500ml Round Liquor Bottle Supplier\",\"isPartOf\":{\"@id\":\"https:\/\/ruishengglassco.com\/#website\"},\"datePublished\":\"2025-03-14T15:58:51+00:00\",\"dateModified\":\"2025-07-17T05:35:48+00:00\",\"description\":\"Ruisheng, a primary China Liquor Bottle Manufacturer&Supplier, provide 16 OZ glass bottles wholesale for liquor brands, companies.\",\"breadcrumb\":{\"@id\":\"https:\/\/ruishengglassco.com\/product\/rs121-16-oz-round-liquor-bottles-with-screw-cap#breadcrumb\"},\"inLanguage\":\"it-IT\",\"potentialAction\":[{\"@type\":\"ReadAction\",\"target\":[\"https:\/\/ruishengglassco.com\/product\/rs121-16-oz-round-liquor-bottles-with-screw-cap\"]}]},{\"@type\":\"BreadcrumbList\",\"@id\":\"https:\/\/ruishengglassco.com\/product\/rs121-16-oz-round-liquor-bottles-with-screw-cap#breadcrumb\",\"itemListElement\":[{\"@type\":\"ListItem\",\"position\":1,\"name\":\"Home\",\"item\":\"https:\/\/ruishengglassco.com\/\"},{\"@type\":\"ListItem\",\"position\":2,\"name\":\"Products\",\"item\":\"https:\/\/ruishengglassco.com\/products\"},{\"@type\":\"ListItem\",\"position\":3,\"name\":\"RS121: 16 OZ Round Liquor Bottles With Screw Cap\"}]},{\"@type\":\"WebSite\",\"@id\":\"https:\/\/ruishengglassco.com\/#website\",\"url\":\"https:\/\/ruishengglassco.com\/\",\"name\":\"Ruisheng Glass\",\"description\":\"\",\"publisher\":{\"@id\":\"https:\/\/ruishengglassco.com\/#organization\"},\"potentialAction\":[{\"@type\":\"SearchAction\",\"target\":{\"@type\":\"EntryPoint\",\"urlTemplate\":\"https:\/\/ruishengglassco.com\/?s={search_term_string}\"},\"query-input\":\"required name=search_term_string\"}],\"inLanguage\":\"it-IT\"},{\"@type\":\"Organization\",\"@id\":\"https:\/\/ruishengglassco.com\/#organization\",\"name\":\"Shandong Yuncheng Ruisheng Glass Co., Ltd\",\"url\":\"https:\/\/ruishengglassco.com\/\",\"logo\":{\"@type\":\"ImageObject\",\"inLanguage\":\"it-IT\",\"@id\":\"https:\/\/ruishengglassco.com\/#\/schema\/logo\/image\/\",\"url\":\"https:\/\/ruishengglassco.com\/wp-content\/uploads\/2023\/09\/ruisheng_logo_icon.webp\",\"contentUrl\":\"https:\/\/ruishengglassco.com\/wp-content\/uploads\/2023\/09\/ruisheng_logo_icon.webp\",\"width\":400,\"height\":233,\"caption\":\"Shandong Yuncheng Ruisheng Glass Co., Ltd\"},\"image\":{\"@id\":\"https:\/\/ruishengglassco.com\/#\/schema\/logo\/image\/\"},\"sameAs\":[\"https:\/\/www.facebook.com\/ruishengglassbottles\",\"https:\/\/www.instagram.com\/Ruishengglassbottlewholesales\/\",\"https:\/\/www.youtube.com\/channel\/UCMmbMNGwsL-XrtjfSFLCdVQ\"]}]}<\/script>\n<!-- \/ Yoast SEO plugin. -->","yoast_head_json":{"title":"16 OZ Glass Bottles Wholesale | 500ml Round Liquor Bottle Supplier","description":"Ruisheng, a primary China Liquor Bottle Manufacturer&Supplier, provide 16 OZ glass bottles wholesale for liquor brands, companies.","robots":{"index":"index","follow":"follow","max-snippet":"max-snippet:-1","max-image-preview":"max-image-preview:large","max-video-preview":"max-video-preview:-1"},"canonical":"https:\/\/ruishengglassco.com\/it\/prodotto\/rs121-bottiglie-da-liquore-rotonde-da-16-oz-con-tappo-a-vite","og_locale":"it_IT","og_type":"article","og_title":"16 OZ Glass Bottles Wholesale | 500ml Round Liquor Bottle Supplier","og_description":"Ruisheng, a primary China Liquor Bottle Manufacturer&Supplier, provide 16 OZ glass bottles wholesale for liquor brands, companies.","og_url":"https:\/\/ruishengglassco.com\/it\/prodotto\/rs121-bottiglie-da-liquore-rotonde-da-16-oz-con-tappo-a-vite","article_publisher":"https:\/\/www.facebook.com\/ruishengglassbottles","article_modified_time":"2025-07-17T05:35:48+00:00","og_image":[{"width":400,"height":400,"url":"https:\/\/ruishengglassco.com\/wp-content\/uploads\/2025\/03\/RS121-16-OZ-Round-Liquor-Bottles-With-Screw-Cap.webp","type":"image\/webp"}],"twitter_card":"summary_large_image","twitter_misc":{"Tempo di lettura stimato":"2 minuti"},"schema":{"@context":"https:\/\/schema.org","@graph":[{"@type":"WebPage","@id":"https:\/\/ruishengglassco.com\/product\/rs121-16-oz-round-liquor-bottles-with-screw-cap","url":"https:\/\/ruishengglassco.com\/product\/rs121-16-oz-round-liquor-bottles-with-screw-cap","name":"16 OZ Glass Bottles Wholesale | 500ml Round Liquor Bottle Supplier","isPartOf":{"@id":"https:\/\/ruishengglassco.com\/#website"},"datePublished":"2025-03-14T15:58:51+00:00","dateModified":"2025-07-17T05:35:48+00:00","description":"Ruisheng, a primary China Liquor Bottle Manufacturer&Supplier, provide 16 OZ glass bottles wholesale for liquor brands, companies.","breadcrumb":{"@id":"https:\/\/ruishengglassco.com\/product\/rs121-16-oz-round-liquor-bottles-with-screw-cap#breadcrumb"},"inLanguage":"it-IT","potentialAction":[{"@type":"ReadAction","target":["https:\/\/ruishengglassco.com\/product\/rs121-16-oz-round-liquor-bottles-with-screw-cap"]}]},{"@type":"BreadcrumbList","@id":"https:\/\/ruishengglassco.com\/product\/rs121-16-oz-round-liquor-bottles-with-screw-cap#breadcrumb","itemListElement":[{"@type":"ListItem","position":1,"name":"Home","item":"https:\/\/ruishengglassco.com\/"},{"@type":"ListItem","position":2,"name":"Products","item":"https:\/\/ruishengglassco.com\/products"},{"@type":"ListItem","position":3,"name":"RS121: 16 OZ Round Liquor Bottles With Screw Cap"}]},{"@type":"WebSite","@id":"https:\/\/ruishengglassco.com\/#website","url":"https:\/\/ruishengglassco.com\/","name":"Ruisheng Glass","description":"","publisher":{"@id":"https:\/\/ruishengglassco.com\/#organization"},"potentialAction":[{"@type":"SearchAction","target":{"@type":"EntryPoint","urlTemplate":"https:\/\/ruishengglassco.com\/?s={search_term_string}"},"query-input":"required name=search_term_string"}],"inLanguage":"it-IT"},{"@type":"Organization","@id":"https:\/\/ruishengglassco.com\/#organization","name":"Shandong Yuncheng Ruisheng Glass Co., Ltd","url":"https:\/\/ruishengglassco.com\/","logo":{"@type":"ImageObject","inLanguage":"it-IT","@id":"https:\/\/ruishengglassco.com\/#\/schema\/logo\/image\/","url":"https:\/\/ruishengglassco.com\/wp-content\/uploads\/2023\/09\/ruisheng_logo_icon.webp","contentUrl":"https:\/\/ruishengglassco.com\/wp-content\/uploads\/2023\/09\/ruisheng_logo_icon.webp","width":400,"height":233,"caption":"Shandong Yuncheng Ruisheng Glass Co., Ltd"},"image":{"@id":"https:\/\/ruishengglassco.com\/#\/schema\/logo\/image\/"},"sameAs":["https:\/\/www.facebook.com\/ruishengglassbottles","https:\/\/www.instagram.com\/Ruishengglassbottlewholesales\/","https:\/\/www.youtube.com\/channel\/UCMmbMNGwsL-XrtjfSFLCdVQ"]}]}},"_links":{"self":[{"href":"https:\/\/ruishengglassco.com\/it\/wp-json\/wp\/v2\/product\/4157","targetHints":{"allow":["GET"]}}],"collection":[{"href":"https:\/\/ruishengglassco.com\/it\/wp-json\/wp\/v2\/product"}],"about":[{"href":"https:\/\/ruishengglassco.com\/it\/wp-json\/wp\/v2\/types\/product"}],"replies":[{"embeddable":true,"href":"https:\/\/ruishengglassco.com\/it\/wp-json\/wp\/v2\/comments?post=4157"}],"wp:featuredmedia":[{"embeddable":true,"href":"https:\/\/ruishengglassco.com\/it\/wp-json\/wp\/v2\/media\/4158"}],"wp:attachment":[{"href":"https:\/\/ruishengglassco.com\/it\/wp-json\/wp\/v2\/media?parent=4157"}],"wp:term":[{"taxonomy":"product_cat","embeddable":true,"href":"https:\/\/ruishengglassco.com\/it\/wp-json\/wp\/v2\/product_cat?post=4157"}],"curies":[{"name":"wp","href":"https:\/\/api.w.org\/{rel}","templated":true}]}}