{"id":4155,"date":"2025-03-14T23:56:03","date_gmt":"2025-03-14T15:56:03","guid":{"rendered":"https:\/\/ruishengglassco.com\/?post_type=product&#038;p=4155"},"modified":"2025-07-16T15:02:23","modified_gmt":"2025-07-16T07:02:23","slug":"rs122-1000ml-chiaro-spirito-bottiglie-di-vetro-allingrosso-per-la-vendita","status":"publish","type":"product","link":"https:\/\/ruishengglassco.com\/it\/prodotto\/rs122-1000ml-chiaro-spirito-bottiglie-di-vetro-allingrosso-per-la-vendita","title":{"rendered":"RS122: 1000ml chiaro Spirito fabbrica bottiglie di vetro in vendita"},"content":{"rendered":"<p>Questa bottiglia di vetro trasparente da 1000 ml con tappi di sughero all'ingrosso \u00e8 uno dei prodotti principali della nostra fabbrica. Usiamo materiale di vetro di prima qualit\u00e0 per fare queste bottiglie di vetro per liquori. Questo materiale \u00e8 fatto di vetro ad alta selce. Utilizzando questo materiale a spirale, le bottiglie di vetro sono molto chiare e non si rompono facilmente.<\/p>\n<p>Le nostre bottiglie di vetro trasparenti per vino da 1000 ml in vendita possono essere utilizzate come bottiglie di vetro trasparenti per vodka, bottiglie di vetro per gin, bottiglie di vetro per rum e altre bottiglie di vetro per liquori. Il tipo di sigillatura di queste bottiglie di vetro per liquori \u00e8 la finitura in sughero. Quindi possono essere utilizzate pi\u00f9 di una volta.<\/p>\n<h2>I dettagli delle bottiglie di vetro trasparente 1000ml con fabbrica di tappi di sughero<\/h2>\n<ul>\n<li>Materiale principale: vetro ad alta percentuale di selce<\/li>\n<li>Tappo: Sughero<\/li>\n<li>Riferimento: RS122<\/li>\n<li>MOQ: 10000 PCS<\/li>\n<li>Capacit\u00e0: 1000ml<\/li>\n<li>Pezzi\/Ctn: 24 pezzi<\/li>\n<li>Origine del luogo: Shandong, Cina<\/li>\n<li>Caratteristiche: Eco-friendly<\/li>\n<\/ul>\n<p data-block-id=\"d579b52f-3211-4a03-9e33-ddb125ee90e4\" data-pm-slice=\"1 1 []\">In qualit\u00e0 di produttore di bottiglie di vetro ad alta resistenza, siamo in grado di produrre tutti i tipi di bottiglie di vetro all'ingrosso. Produciamo bottiglie di vetro di varie forme, tra cui rotonde, quadrate, piatte e altre forme uniche. Se volete realizzare bottiglie di vetro personalizzate, possiamo anche farlo per voi.<\/p>\n<p data-block-id=\"10af0ad5-ad2d-4fb2-a4d9-b173abff9420\">Possiamo anche offrire un'elaborazione profonda delle bottiglie di vetro, come la stampa, la decalcomania e la glassatura sulla bottiglia. Se ci dite di cosa avete bisogno, possiamo realizzarlo in base alle vostre esigenze.<\/p>\n<p data-block-id=\"3daa249d-1744-4e29-95b3-06e4848005e0\">Nella nostra fabbrica lavorano circa 500 dipendenti, tra cui il controllo qualit\u00e0 e un gruppo di ingegneri specializzati. Ci assicuriamo che tutte le bottiglie di vetro inviate dalla nostra fabbrica superino il controllo qualit\u00e0 e che tutti i clienti siano soddisfatti delle nostre bottiglie di vetro e del nostro servizio.<\/p>\n<p data-block-id=\"71870d0f-05c4-42a3-90bc-b587dfca90c4\">Se siete interessati alle nostre bottiglie in vetro trasparente per liquori da 1000 ml o desiderate opzioni personalizzate, contattateci. Faremo del nostro meglio per soddisfare le vostre esigenze e assicurarci che siate soddisfatti dei nostri prodotti.<\/p>","protected":false},"excerpt":{"rendered":"<table class=\"tg\">\n<tbody>\n<tr>\n<th class=\"tg-n1qb\" colspan=\"2\">Bottiglie di vetro per liquori trasparenti da 1000 ml<\/th>\n<\/tr>\n<tr>\n<td class=\"tg-dc35\">Materiale principale:<\/td>\n<td class=\"tg-dc35\">Vetro Alto Selce<\/td>\n<\/tr>\n<tr>\n<td class=\"tg-us36\">Cap:<\/td>\n<td class=\"tg-us36\">Tappo a vite<\/td>\n<\/tr>\n<tr>\n<td class=\"tg-dc35\">Capacit\u00e0:<\/td>\n<td class=\"tg-dc35\">1000ml<\/td>\n<\/tr>\n<tr>\n<td class=\"tg-us36\">Caratteristica:<\/td>\n<td class=\"tg-us36\">Eco-compatibile<\/td>\n<\/tr>\n<tr>\n<td class=\"tg-dc35\">MOQ:<\/td>\n<td class=\"tg-dc35\">10000 PCS<\/td>\n<\/tr>\n<tr>\n<td class=\"tg-us36\">Modo di imballaggio:<\/td>\n<td class=\"tg-us36\">Cartone standard per l'esportazione \/ Pallet \/ cartone e pallet standard per l'esportazione<\/td>\n<\/tr>\n<tr>\n<td class=\"tg-dc35\">OEM\/ODM:<\/td>\n<td class=\"tg-dc35\">Benvenuti<\/td>\n<\/tr>\n<tr>\n<td class=\"tg-us36\">Origine del luogo:<\/td>\n<td class=\"tg-us36\">Shandong, Cina<\/td>\n<\/tr>\n<tr>\n<td class=\"tg-dc35\">Pezzi\/Ctn:<\/td>\n<td class=\"tg-dc35\">24 pezzi \/ 20 pezzi<\/td>\n<\/tr>\n<\/tbody>\n<\/table>","protected":false},"featured_media":4156,"comment_status":"closed","ping_status":"closed","template":"","meta":[],"product_cat":[43],"class_list":{"0":"post-4155","1":"product","2":"type-product","3":"status-publish","4":"has-post-thumbnail","6":"product_cat-1000ml-liquor-bottle-manufacturer","8":"first","9":"instock","10":"shipping-taxable","11":"product-type-simple"},"yoast_head":"<!-- This site is optimized with the Yoast SEO plugin v22.0 - https:\/\/yoast.com\/wordpress\/plugins\/seo\/ -->\n<title>1000ml Clear Glass Bottles With Corks Factory China-Ruisheng<\/title>\n<meta name=\"description\" content=\"This 1000ml Clear Glass Bottles With Corks Factory is produced by best China glass bottle factory. High Quality&amp;Cheap Bulk Price.\" \/>\n<meta name=\"robots\" content=\"index, follow, max-snippet:-1, max-image-preview:large, max-video-preview:-1\" \/>\n<link rel=\"canonical\" href=\"https:\/\/ruishengglassco.com\/it\/prodotto\/rs122-1000ml-chiaro-spirito-bottiglie-di-vetro-allingrosso-per-la-vendita\" \/>\n<meta property=\"og:locale\" content=\"it_IT\" \/>\n<meta property=\"og:type\" content=\"article\" \/>\n<meta property=\"og:title\" content=\"1000ml Clear Glass Bottles With Corks Factory China-Ruisheng\" \/>\n<meta property=\"og:description\" content=\"This 1000ml Clear Glass Bottles With Corks Factory is produced by best China glass bottle factory. High Quality&amp;Cheap Bulk Price.\" \/>\n<meta property=\"og:url\" content=\"https:\/\/ruishengglassco.com\/it\/prodotto\/rs122-1000ml-chiaro-spirito-bottiglie-di-vetro-allingrosso-per-la-vendita\" \/>\n<meta property=\"article:publisher\" content=\"https:\/\/www.facebook.com\/ruishengglassbottles\" \/>\n<meta property=\"article:modified_time\" content=\"2025-07-16T07:02:23+00:00\" \/>\n<meta property=\"og:image\" content=\"https:\/\/ruishengglassco.com\/wp-content\/uploads\/2025\/03\/RS122-1000ml-Clear-Spirit-Wholesale-Glass-Bottles-For-Sale.webp\" \/>\n\t<meta property=\"og:image:width\" content=\"800\" \/>\n\t<meta property=\"og:image:height\" content=\"800\" \/>\n\t<meta property=\"og:image:type\" content=\"image\/webp\" \/>\n<meta name=\"twitter:card\" content=\"summary_large_image\" \/>\n<meta name=\"twitter:label1\" content=\"Tempo di lettura stimato\" \/>\n\t<meta name=\"twitter:data1\" content=\"2 minuti\" \/>\n<script type=\"application\/ld+json\" class=\"yoast-schema-graph\">{\"@context\":\"https:\/\/schema.org\",\"@graph\":[{\"@type\":\"WebPage\",\"@id\":\"https:\/\/ruishengglassco.com\/product\/rs122-1000ml-clear-spirit-wholesale-glass-bottles-for-sale\",\"url\":\"https:\/\/ruishengglassco.com\/product\/rs122-1000ml-clear-spirit-wholesale-glass-bottles-for-sale\",\"name\":\"1000ml Clear Glass Bottles With Corks Factory China-Ruisheng\",\"isPartOf\":{\"@id\":\"https:\/\/ruishengglassco.com\/#website\"},\"datePublished\":\"2025-03-14T15:56:03+00:00\",\"dateModified\":\"2025-07-16T07:02:23+00:00\",\"description\":\"This 1000ml Clear Glass Bottles With Corks Factory is produced by best China glass bottle factory. High Quality&Cheap Bulk Price.\",\"breadcrumb\":{\"@id\":\"https:\/\/ruishengglassco.com\/product\/rs122-1000ml-clear-spirit-wholesale-glass-bottles-for-sale#breadcrumb\"},\"inLanguage\":\"it-IT\",\"potentialAction\":[{\"@type\":\"ReadAction\",\"target\":[\"https:\/\/ruishengglassco.com\/product\/rs122-1000ml-clear-spirit-wholesale-glass-bottles-for-sale\"]}]},{\"@type\":\"BreadcrumbList\",\"@id\":\"https:\/\/ruishengglassco.com\/product\/rs122-1000ml-clear-spirit-wholesale-glass-bottles-for-sale#breadcrumb\",\"itemListElement\":[{\"@type\":\"ListItem\",\"position\":1,\"name\":\"Home\",\"item\":\"https:\/\/ruishengglassco.com\/\"},{\"@type\":\"ListItem\",\"position\":2,\"name\":\"Products\",\"item\":\"https:\/\/ruishengglassco.com\/products\"},{\"@type\":\"ListItem\",\"position\":3,\"name\":\"RS122: 1000ml Clear Spirit Factory Glass Bottles For Sale\"}]},{\"@type\":\"WebSite\",\"@id\":\"https:\/\/ruishengglassco.com\/#website\",\"url\":\"https:\/\/ruishengglassco.com\/\",\"name\":\"Ruisheng Glass\",\"description\":\"\",\"publisher\":{\"@id\":\"https:\/\/ruishengglassco.com\/#organization\"},\"potentialAction\":[{\"@type\":\"SearchAction\",\"target\":{\"@type\":\"EntryPoint\",\"urlTemplate\":\"https:\/\/ruishengglassco.com\/?s={search_term_string}\"},\"query-input\":\"required name=search_term_string\"}],\"inLanguage\":\"it-IT\"},{\"@type\":\"Organization\",\"@id\":\"https:\/\/ruishengglassco.com\/#organization\",\"name\":\"Shandong Yuncheng Ruisheng Glass Co., Ltd\",\"url\":\"https:\/\/ruishengglassco.com\/\",\"logo\":{\"@type\":\"ImageObject\",\"inLanguage\":\"it-IT\",\"@id\":\"https:\/\/ruishengglassco.com\/#\/schema\/logo\/image\/\",\"url\":\"https:\/\/ruishengglassco.com\/wp-content\/uploads\/2023\/09\/ruisheng_logo_icon.webp\",\"contentUrl\":\"https:\/\/ruishengglassco.com\/wp-content\/uploads\/2023\/09\/ruisheng_logo_icon.webp\",\"width\":400,\"height\":233,\"caption\":\"Shandong Yuncheng Ruisheng Glass Co., Ltd\"},\"image\":{\"@id\":\"https:\/\/ruishengglassco.com\/#\/schema\/logo\/image\/\"},\"sameAs\":[\"https:\/\/www.facebook.com\/ruishengglassbottles\",\"https:\/\/www.instagram.com\/Ruishengglassbottlewholesales\/\",\"https:\/\/www.youtube.com\/channel\/UCMmbMNGwsL-XrtjfSFLCdVQ\"]}]}<\/script>\n<!-- \/ Yoast SEO plugin. -->","yoast_head_json":{"title":"1000ml Clear Glass Bottles With Corks Factory China-Ruisheng","description":"This 1000ml Clear Glass Bottles With Corks Factory is produced by best China glass bottle factory. High Quality&Cheap Bulk Price.","robots":{"index":"index","follow":"follow","max-snippet":"max-snippet:-1","max-image-preview":"max-image-preview:large","max-video-preview":"max-video-preview:-1"},"canonical":"https:\/\/ruishengglassco.com\/it\/prodotto\/rs122-1000ml-chiaro-spirito-bottiglie-di-vetro-allingrosso-per-la-vendita","og_locale":"it_IT","og_type":"article","og_title":"1000ml Clear Glass Bottles With Corks Factory China-Ruisheng","og_description":"This 1000ml Clear Glass Bottles With Corks Factory is produced by best China glass bottle factory. High Quality&Cheap Bulk Price.","og_url":"https:\/\/ruishengglassco.com\/it\/prodotto\/rs122-1000ml-chiaro-spirito-bottiglie-di-vetro-allingrosso-per-la-vendita","article_publisher":"https:\/\/www.facebook.com\/ruishengglassbottles","article_modified_time":"2025-07-16T07:02:23+00:00","og_image":[{"width":800,"height":800,"url":"https:\/\/ruishengglassco.com\/wp-content\/uploads\/2025\/03\/RS122-1000ml-Clear-Spirit-Wholesale-Glass-Bottles-For-Sale.webp","type":"image\/webp"}],"twitter_card":"summary_large_image","twitter_misc":{"Tempo di lettura stimato":"2 minuti"},"schema":{"@context":"https:\/\/schema.org","@graph":[{"@type":"WebPage","@id":"https:\/\/ruishengglassco.com\/product\/rs122-1000ml-clear-spirit-wholesale-glass-bottles-for-sale","url":"https:\/\/ruishengglassco.com\/product\/rs122-1000ml-clear-spirit-wholesale-glass-bottles-for-sale","name":"1000ml Clear Glass Bottles With Corks Factory China-Ruisheng","isPartOf":{"@id":"https:\/\/ruishengglassco.com\/#website"},"datePublished":"2025-03-14T15:56:03+00:00","dateModified":"2025-07-16T07:02:23+00:00","description":"This 1000ml Clear Glass Bottles With Corks Factory is produced by best China glass bottle factory. High Quality&Cheap Bulk Price.","breadcrumb":{"@id":"https:\/\/ruishengglassco.com\/product\/rs122-1000ml-clear-spirit-wholesale-glass-bottles-for-sale#breadcrumb"},"inLanguage":"it-IT","potentialAction":[{"@type":"ReadAction","target":["https:\/\/ruishengglassco.com\/product\/rs122-1000ml-clear-spirit-wholesale-glass-bottles-for-sale"]}]},{"@type":"BreadcrumbList","@id":"https:\/\/ruishengglassco.com\/product\/rs122-1000ml-clear-spirit-wholesale-glass-bottles-for-sale#breadcrumb","itemListElement":[{"@type":"ListItem","position":1,"name":"Home","item":"https:\/\/ruishengglassco.com\/"},{"@type":"ListItem","position":2,"name":"Products","item":"https:\/\/ruishengglassco.com\/products"},{"@type":"ListItem","position":3,"name":"RS122: 1000ml Clear Spirit Factory Glass Bottles For Sale"}]},{"@type":"WebSite","@id":"https:\/\/ruishengglassco.com\/#website","url":"https:\/\/ruishengglassco.com\/","name":"Ruisheng Glass","description":"","publisher":{"@id":"https:\/\/ruishengglassco.com\/#organization"},"potentialAction":[{"@type":"SearchAction","target":{"@type":"EntryPoint","urlTemplate":"https:\/\/ruishengglassco.com\/?s={search_term_string}"},"query-input":"required name=search_term_string"}],"inLanguage":"it-IT"},{"@type":"Organization","@id":"https:\/\/ruishengglassco.com\/#organization","name":"Shandong Yuncheng Ruisheng Glass Co., Ltd","url":"https:\/\/ruishengglassco.com\/","logo":{"@type":"ImageObject","inLanguage":"it-IT","@id":"https:\/\/ruishengglassco.com\/#\/schema\/logo\/image\/","url":"https:\/\/ruishengglassco.com\/wp-content\/uploads\/2023\/09\/ruisheng_logo_icon.webp","contentUrl":"https:\/\/ruishengglassco.com\/wp-content\/uploads\/2023\/09\/ruisheng_logo_icon.webp","width":400,"height":233,"caption":"Shandong Yuncheng Ruisheng Glass Co., Ltd"},"image":{"@id":"https:\/\/ruishengglassco.com\/#\/schema\/logo\/image\/"},"sameAs":["https:\/\/www.facebook.com\/ruishengglassbottles","https:\/\/www.instagram.com\/Ruishengglassbottlewholesales\/","https:\/\/www.youtube.com\/channel\/UCMmbMNGwsL-XrtjfSFLCdVQ"]}]}},"_links":{"self":[{"href":"https:\/\/ruishengglassco.com\/it\/wp-json\/wp\/v2\/product\/4155","targetHints":{"allow":["GET"]}}],"collection":[{"href":"https:\/\/ruishengglassco.com\/it\/wp-json\/wp\/v2\/product"}],"about":[{"href":"https:\/\/ruishengglassco.com\/it\/wp-json\/wp\/v2\/types\/product"}],"replies":[{"embeddable":true,"href":"https:\/\/ruishengglassco.com\/it\/wp-json\/wp\/v2\/comments?post=4155"}],"wp:featuredmedia":[{"embeddable":true,"href":"https:\/\/ruishengglassco.com\/it\/wp-json\/wp\/v2\/media\/4156"}],"wp:attachment":[{"href":"https:\/\/ruishengglassco.com\/it\/wp-json\/wp\/v2\/media?parent=4155"}],"wp:term":[{"taxonomy":"product_cat","embeddable":true,"href":"https:\/\/ruishengglassco.com\/it\/wp-json\/wp\/v2\/product_cat?post=4155"}],"curies":[{"name":"wp","href":"https:\/\/api.w.org\/{rel}","templated":true}]}}