{"id":4153,"date":"2025-03-14T23:52:01","date_gmt":"2025-03-14T15:52:01","guid":{"rendered":"https:\/\/ruishengglassco.com\/?post_type=product&#038;p=4153"},"modified":"2025-07-16T15:01:32","modified_gmt":"2025-07-16T07:01:32","slug":"rs123-1-litro-di-vetro-per-bevande-con-tappo-allingrosso","status":"publish","type":"product","link":"https:\/\/ruishengglassco.com\/it\/prodotto\/rs123-1-litro-di-vetro-per-bevande-con-tappo-allingrosso","title":{"rendered":"RS123: 1 litro di bottiglie di vetro per bevande con tappo produttori"},"content":{"rendered":"<p>Le bottiglie di vetro per bevande da 1 litro, vendute alla rinfusa, sono uno dei nostri prodotti in vetro pi\u00f9 venduti. La nostra fabbrica dispone di una serie di bottiglie di vetro per bevande di questo tipo, come le bottiglie di vetro da 550 ml, 700 ml e 1000 ml.<\/p>\n<p>Il tipo di sigillatura delle bottiglie di vetro per bevande \u00e8 la finitura in sughero. Possiamo utilizzare vari materiali per i tappi delle bottiglie di vetro, tra cui il sughero ad alto polimero, il sughero complesso e il sughero di legno. Se non vi piace questo tipo di chiusura, possiamo sostituirlo con un altro tipo, come il tappo di gala. Per quanto riguarda il tappo di gala, esistono tappi in plastica e tappi in alluminio.<\/p>\n<h2>I dettagli di questo 1 litro di vetro bottiglie per bevande vendite alla rinfusa<\/h2>\n<p>Le informazioni sulla bottiglia di vetro sono riportate di seguito:<\/p>\n<ul>\n<li>Materiale principale: vetro ad alta percentuale di selce<\/li>\n<li>Tappo: Sughero<\/li>\n<li>Riferimento: RS123<\/li>\n<li>MOQ: 10000 PCS<\/li>\n<li>Capacit\u00e0: 1000ml 700ml<\/li>\n<li>Pezzi\/Ctn: 24 pezzi<\/li>\n<li>Origine del luogo: Shandong, Cina<\/li>\n<li>Caratteristiche: Eco-friendly<\/li>\n<\/ul>\n<p>Sulla bottiglia di vetro per liquidi \u00e8 posizionato un cerchio, sul quale \u00e8 possibile apporre la propria etichetta, se necessario. \u00c8 inoltre possibile apporre il proprio logo sul corpo delle bottiglie di vetro per bevande. Possiamo creare decalcomanie, loghi stampati su seta e loghi impressi a caldo sulle bottiglie di vetro per le vendite all'ingrosso. Se desiderate che la bottiglia sia di un colore diverso, possiamo anche dipingerla del colore che desiderate. Le bottiglie di vetro possono anche essere trasformate in bottiglie di vetro smerigliato.<\/p>\n<p>Esistono tre tipi di modalit\u00e0 di imballaggio per le bottiglie di vetro all'ingrosso. Il primo \u00e8 il cartone. Le bottiglie di vetro per bevande sono state avvolte in carta e poi messe sul cartone. Nel cartone \u00e8 presente un divisorio in cartone. Il secondo metodo \u00e8 il pallet. In questo metodo di imballaggio, di solito avvolgiamo una bottiglia di vetro da 1 litro in carta, poi la mettiamo su un pallet e infine il pallet viene avvolto in carta di plastica. L'ultima opzione \u00e8 quella dei cartoni e dei pallet. La bottiglia di vetro di vino viene posta sul cartone, poi il cartone viene messo sul pallet e infine avvolto con carta di plastica.<\/p>\n<p>Se desiderate acquistare bottiglie per bevande in vetro da 1 litro, contattateci. Possiamo anche accettare ordini OEM o ODM.<\/p>","protected":false},"excerpt":{"rendered":"<table class=\"tg\">\n<tbody>\n<tr>\n<td class=\"tg-b7b8\">Riferimento:<\/td>\n<td class=\"tg-b7b8\">RS123<\/td>\n<\/tr>\n<tr>\n<td class=\"tg-yw4l\">Materiale principale:<\/td>\n<td class=\"tg-yw4l\">Vetro Alto Selce<\/td>\n<\/tr>\n<tr>\n<td class=\"tg-b7b8\">Cap:<\/td>\n<td class=\"tg-b7b8\">Sughero<\/td>\n<\/tr>\n<tr>\n<td class=\"tg-yw4l\">Capacit\u00e0:<\/td>\n<td class=\"tg-yw4l\">700ml 1000ml<\/td>\n<\/tr>\n<tr>\n<td class=\"tg-b7b8\">Caratteristica:<\/td>\n<td class=\"tg-b7b8\">Eco-compatibile<\/td>\n<\/tr>\n<tr>\n<td class=\"tg-yw4l\">MOQ:<\/td>\n<td class=\"tg-yw4l\">10000 PCS<\/td>\n<\/tr>\n<tr>\n<td class=\"tg-b7b8\">Modo di imballaggio:<\/td>\n<td class=\"tg-b7b8\">Cartone standard per l'esportazione \/ Pallet \/ cartone e pallet standard per l'esportazione<\/td>\n<\/tr>\n<tr>\n<td class=\"tg-yw4l\">OEM\/ODM:<\/td>\n<td class=\"tg-yw4l\">Benvenuti<\/td>\n<\/tr>\n<tr>\n<td class=\"tg-b7b8\">Origine del luogo:<\/td>\n<td class=\"tg-b7b8\">Shandong, Cina<\/td>\n<\/tr>\n<tr>\n<td class=\"tg-yw4l\">Pezzi\/Ctn:<\/td>\n<td class=\"tg-yw4l\">24 pezzi \/ 20 pezzi \/ 15 pezzi<\/td>\n<\/tr>\n<\/tbody>\n<\/table>","protected":false},"featured_media":4154,"comment_status":"closed","ping_status":"closed","template":"","meta":[],"product_cat":[43],"class_list":{"0":"post-4153","1":"product","2":"type-product","3":"status-publish","4":"has-post-thumbnail","6":"product_cat-1000ml-liquor-bottle-manufacturer","8":"first","9":"instock","10":"shipping-taxable","11":"product-type-simple"},"yoast_head":"<!-- This site is optimized with the Yoast SEO plugin v22.0 - https:\/\/yoast.com\/wordpress\/plugins\/seo\/ -->\n<title>1 Liter Glass Beverage Bottles | Glass Bottles Sales in Bulk<\/title>\n<meta name=\"description\" content=\"he 1 Liter Glass Beverage Bottles Sales in Bulk is one of our hot sales glass products. High Quality&amp;Factory Outlet Price.\" \/>\n<meta name=\"robots\" content=\"index, follow, max-snippet:-1, max-image-preview:large, max-video-preview:-1\" \/>\n<link rel=\"canonical\" href=\"https:\/\/ruishengglassco.com\/it\/prodotto\/rs123-1-litro-di-vetro-per-bevande-con-tappo-allingrosso\" \/>\n<meta property=\"og:locale\" content=\"it_IT\" \/>\n<meta property=\"og:type\" content=\"article\" \/>\n<meta property=\"og:title\" content=\"1 Liter Glass Beverage Bottles | Glass Bottles Sales in Bulk\" \/>\n<meta property=\"og:description\" content=\"he 1 Liter Glass Beverage Bottles Sales in Bulk is one of our hot sales glass products. High Quality&amp;Factory Outlet Price.\" \/>\n<meta property=\"og:url\" content=\"https:\/\/ruishengglassco.com\/it\/prodotto\/rs123-1-litro-di-vetro-per-bevande-con-tappo-allingrosso\" \/>\n<meta property=\"article:publisher\" content=\"https:\/\/www.facebook.com\/ruishengglassbottles\" \/>\n<meta property=\"article:modified_time\" content=\"2025-07-16T07:01:32+00:00\" \/>\n<meta property=\"og:image\" content=\"https:\/\/ruishengglassco.com\/wp-content\/uploads\/2025\/03\/RS123-1-Liter-Glass-Beverage-Corked-Bottles-Wholesale.webp\" \/>\n\t<meta property=\"og:image:width\" content=\"800\" \/>\n\t<meta property=\"og:image:height\" content=\"800\" \/>\n\t<meta property=\"og:image:type\" content=\"image\/webp\" \/>\n<meta name=\"twitter:card\" content=\"summary_large_image\" \/>\n<meta name=\"twitter:label1\" content=\"Tempo di lettura stimato\" \/>\n\t<meta name=\"twitter:data1\" content=\"2 minuti\" \/>\n<script type=\"application\/ld+json\" class=\"yoast-schema-graph\">{\"@context\":\"https:\/\/schema.org\",\"@graph\":[{\"@type\":\"WebPage\",\"@id\":\"https:\/\/ruishengglassco.com\/product\/rs123-1-liter-glass-beverage-corked-bottles-wholesale\",\"url\":\"https:\/\/ruishengglassco.com\/product\/rs123-1-liter-glass-beverage-corked-bottles-wholesale\",\"name\":\"1 Liter Glass Beverage Bottles | Glass Bottles Sales in Bulk\",\"isPartOf\":{\"@id\":\"https:\/\/ruishengglassco.com\/#website\"},\"datePublished\":\"2025-03-14T15:52:01+00:00\",\"dateModified\":\"2025-07-16T07:01:32+00:00\",\"description\":\"he 1 Liter Glass Beverage Bottles Sales in Bulk is one of our hot sales glass products. High Quality&Factory Outlet Price.\",\"breadcrumb\":{\"@id\":\"https:\/\/ruishengglassco.com\/product\/rs123-1-liter-glass-beverage-corked-bottles-wholesale#breadcrumb\"},\"inLanguage\":\"it-IT\",\"potentialAction\":[{\"@type\":\"ReadAction\",\"target\":[\"https:\/\/ruishengglassco.com\/product\/rs123-1-liter-glass-beverage-corked-bottles-wholesale\"]}]},{\"@type\":\"BreadcrumbList\",\"@id\":\"https:\/\/ruishengglassco.com\/product\/rs123-1-liter-glass-beverage-corked-bottles-wholesale#breadcrumb\",\"itemListElement\":[{\"@type\":\"ListItem\",\"position\":1,\"name\":\"Home\",\"item\":\"https:\/\/ruishengglassco.com\/\"},{\"@type\":\"ListItem\",\"position\":2,\"name\":\"Products\",\"item\":\"https:\/\/ruishengglassco.com\/products\"},{\"@type\":\"ListItem\",\"position\":3,\"name\":\"RS123: 1 Liter Glass Beverage Corked Bottles Manufacturers\"}]},{\"@type\":\"WebSite\",\"@id\":\"https:\/\/ruishengglassco.com\/#website\",\"url\":\"https:\/\/ruishengglassco.com\/\",\"name\":\"Ruisheng Glass\",\"description\":\"\",\"publisher\":{\"@id\":\"https:\/\/ruishengglassco.com\/#organization\"},\"potentialAction\":[{\"@type\":\"SearchAction\",\"target\":{\"@type\":\"EntryPoint\",\"urlTemplate\":\"https:\/\/ruishengglassco.com\/?s={search_term_string}\"},\"query-input\":\"required name=search_term_string\"}],\"inLanguage\":\"it-IT\"},{\"@type\":\"Organization\",\"@id\":\"https:\/\/ruishengglassco.com\/#organization\",\"name\":\"Shandong Yuncheng Ruisheng Glass Co., Ltd\",\"url\":\"https:\/\/ruishengglassco.com\/\",\"logo\":{\"@type\":\"ImageObject\",\"inLanguage\":\"it-IT\",\"@id\":\"https:\/\/ruishengglassco.com\/#\/schema\/logo\/image\/\",\"url\":\"https:\/\/ruishengglassco.com\/wp-content\/uploads\/2023\/09\/ruisheng_logo_icon.webp\",\"contentUrl\":\"https:\/\/ruishengglassco.com\/wp-content\/uploads\/2023\/09\/ruisheng_logo_icon.webp\",\"width\":400,\"height\":233,\"caption\":\"Shandong Yuncheng Ruisheng Glass Co., Ltd\"},\"image\":{\"@id\":\"https:\/\/ruishengglassco.com\/#\/schema\/logo\/image\/\"},\"sameAs\":[\"https:\/\/www.facebook.com\/ruishengglassbottles\",\"https:\/\/www.instagram.com\/Ruishengglassbottlewholesales\/\",\"https:\/\/www.youtube.com\/channel\/UCMmbMNGwsL-XrtjfSFLCdVQ\"]}]}<\/script>\n<!-- \/ Yoast SEO plugin. -->","yoast_head_json":{"title":"1 Liter Glass Beverage Bottles | Glass Bottles Sales in Bulk","description":"he 1 Liter Glass Beverage Bottles Sales in Bulk is one of our hot sales glass products. High Quality&Factory Outlet Price.","robots":{"index":"index","follow":"follow","max-snippet":"max-snippet:-1","max-image-preview":"max-image-preview:large","max-video-preview":"max-video-preview:-1"},"canonical":"https:\/\/ruishengglassco.com\/it\/prodotto\/rs123-1-litro-di-vetro-per-bevande-con-tappo-allingrosso","og_locale":"it_IT","og_type":"article","og_title":"1 Liter Glass Beverage Bottles | Glass Bottles Sales in Bulk","og_description":"he 1 Liter Glass Beverage Bottles Sales in Bulk is one of our hot sales glass products. High Quality&Factory Outlet Price.","og_url":"https:\/\/ruishengglassco.com\/it\/prodotto\/rs123-1-litro-di-vetro-per-bevande-con-tappo-allingrosso","article_publisher":"https:\/\/www.facebook.com\/ruishengglassbottles","article_modified_time":"2025-07-16T07:01:32+00:00","og_image":[{"width":800,"height":800,"url":"https:\/\/ruishengglassco.com\/wp-content\/uploads\/2025\/03\/RS123-1-Liter-Glass-Beverage-Corked-Bottles-Wholesale.webp","type":"image\/webp"}],"twitter_card":"summary_large_image","twitter_misc":{"Tempo di lettura stimato":"2 minuti"},"schema":{"@context":"https:\/\/schema.org","@graph":[{"@type":"WebPage","@id":"https:\/\/ruishengglassco.com\/product\/rs123-1-liter-glass-beverage-corked-bottles-wholesale","url":"https:\/\/ruishengglassco.com\/product\/rs123-1-liter-glass-beverage-corked-bottles-wholesale","name":"1 Liter Glass Beverage Bottles | Glass Bottles Sales in Bulk","isPartOf":{"@id":"https:\/\/ruishengglassco.com\/#website"},"datePublished":"2025-03-14T15:52:01+00:00","dateModified":"2025-07-16T07:01:32+00:00","description":"he 1 Liter Glass Beverage Bottles Sales in Bulk is one of our hot sales glass products. High Quality&Factory Outlet Price.","breadcrumb":{"@id":"https:\/\/ruishengglassco.com\/product\/rs123-1-liter-glass-beverage-corked-bottles-wholesale#breadcrumb"},"inLanguage":"it-IT","potentialAction":[{"@type":"ReadAction","target":["https:\/\/ruishengglassco.com\/product\/rs123-1-liter-glass-beverage-corked-bottles-wholesale"]}]},{"@type":"BreadcrumbList","@id":"https:\/\/ruishengglassco.com\/product\/rs123-1-liter-glass-beverage-corked-bottles-wholesale#breadcrumb","itemListElement":[{"@type":"ListItem","position":1,"name":"Home","item":"https:\/\/ruishengglassco.com\/"},{"@type":"ListItem","position":2,"name":"Products","item":"https:\/\/ruishengglassco.com\/products"},{"@type":"ListItem","position":3,"name":"RS123: 1 Liter Glass Beverage Corked Bottles Manufacturers"}]},{"@type":"WebSite","@id":"https:\/\/ruishengglassco.com\/#website","url":"https:\/\/ruishengglassco.com\/","name":"Ruisheng Glass","description":"","publisher":{"@id":"https:\/\/ruishengglassco.com\/#organization"},"potentialAction":[{"@type":"SearchAction","target":{"@type":"EntryPoint","urlTemplate":"https:\/\/ruishengglassco.com\/?s={search_term_string}"},"query-input":"required name=search_term_string"}],"inLanguage":"it-IT"},{"@type":"Organization","@id":"https:\/\/ruishengglassco.com\/#organization","name":"Shandong Yuncheng Ruisheng Glass Co., Ltd","url":"https:\/\/ruishengglassco.com\/","logo":{"@type":"ImageObject","inLanguage":"it-IT","@id":"https:\/\/ruishengglassco.com\/#\/schema\/logo\/image\/","url":"https:\/\/ruishengglassco.com\/wp-content\/uploads\/2023\/09\/ruisheng_logo_icon.webp","contentUrl":"https:\/\/ruishengglassco.com\/wp-content\/uploads\/2023\/09\/ruisheng_logo_icon.webp","width":400,"height":233,"caption":"Shandong Yuncheng Ruisheng Glass Co., Ltd"},"image":{"@id":"https:\/\/ruishengglassco.com\/#\/schema\/logo\/image\/"},"sameAs":["https:\/\/www.facebook.com\/ruishengglassbottles","https:\/\/www.instagram.com\/Ruishengglassbottlewholesales\/","https:\/\/www.youtube.com\/channel\/UCMmbMNGwsL-XrtjfSFLCdVQ"]}]}},"_links":{"self":[{"href":"https:\/\/ruishengglassco.com\/it\/wp-json\/wp\/v2\/product\/4153","targetHints":{"allow":["GET"]}}],"collection":[{"href":"https:\/\/ruishengglassco.com\/it\/wp-json\/wp\/v2\/product"}],"about":[{"href":"https:\/\/ruishengglassco.com\/it\/wp-json\/wp\/v2\/types\/product"}],"replies":[{"embeddable":true,"href":"https:\/\/ruishengglassco.com\/it\/wp-json\/wp\/v2\/comments?post=4153"}],"wp:featuredmedia":[{"embeddable":true,"href":"https:\/\/ruishengglassco.com\/it\/wp-json\/wp\/v2\/media\/4154"}],"wp:attachment":[{"href":"https:\/\/ruishengglassco.com\/it\/wp-json\/wp\/v2\/media?parent=4153"}],"wp:term":[{"taxonomy":"product_cat","embeddable":true,"href":"https:\/\/ruishengglassco.com\/it\/wp-json\/wp\/v2\/product_cat?post=4153"}],"curies":[{"name":"wp","href":"https:\/\/api.w.org\/{rel}","templated":true}]}}