{"id":4151,"date":"2025-03-14T23:47:11","date_gmt":"2025-03-14T15:47:11","guid":{"rendered":"https:\/\/ruishengglassco.com\/?post_type=product&#038;p=4151"},"modified":"2025-09-11T16:19:54","modified_gmt":"2025-09-11T08:19:54","slug":"rs124-500ml-750ml-bottiglie-di-vetro-cilindriche-trasparenti","status":"publish","type":"product","link":"https:\/\/ruishengglassco.com\/it\/prodotto\/rs124-500ml-750ml-bottiglie-di-vetro-cilindriche-trasparenti","title":{"rendered":"RS124: Bottiglie di vetro cilindriche trasparenti da 500ml 750ml"},"content":{"rendered":"<p><span data-preserver-spaces=\"true\">La bottiglia di vetro trasparente sfusa <\/span><span data-preserver-spaces=\"true\">\u00e8 di provenienza<\/span><span data-preserver-spaces=\"true\"> da Shandong Yuncheng Ruisheng Glass Co., Ltd. Ruisheng \u00e8 il pi\u00f9 grande produttore di bottiglie di vetro ad alta resistenza in Cina. Non solo offre bottiglie di vetro trasparente di qualit\u00e0 superiore all'ingrosso, ma offre anche bottiglie di vetro trasparente di qualit\u00e0 media per un'ampia gamma di applicazioni.<\/span><\/p>\n<p><span data-preserver-spaces=\"true\">La bottiglia di vetro cilindrica \u00e8 un tipo comune di bottiglia di vetro. Questa bottiglia di vetro trasparente da 500 ml e 750 ml \u00e8 in grado di <\/span><span data-preserver-spaces=\"true\">essere utilizzato<\/span><span data-preserver-spaces=\"true\"> per vino, vodka, whisky, rum, gin e altri liquidi. Queste bottiglie di vetro possono <\/span><span data-preserver-spaces=\"true\">essere venduti<\/span><span data-preserver-spaces=\"true\"> in numerosi Paesi e regioni, tra cui Europa, Stati Uniti, Australia e altri.<\/span><\/p>\n<p><span data-preserver-spaces=\"true\">Questi cilindri di vetro trasparente <\/span><span data-preserver-spaces=\"true\">sono utilizzati<\/span><span data-preserver-spaces=\"true\"> in vetro ad alta intensit\u00e0 di pietra focaia. Questo vetro ad alto tenore di selce \u00e8 chiamato anche vetro bianco cristallino. Questo materiale per bottiglie di vetro \u00e8 il pi\u00f9 pregiato per le bottiglie di vetro. Questo materiale per bottiglie di vetro \u00e8 <\/span><span data-preserver-spaces=\"true\">molto chiaro<\/span><span data-preserver-spaces=\"true\"> e liscio, ed \u00e8 molto resistente.<\/span><\/p>\n<p><span data-preserver-spaces=\"true\">Possiamo produrre questi cilindri in vetro trasparente in varie dimensioni, se ne avete bisogno. Ad esempio 375ml, 500ml, 700ml, 750ml, 1000ml e altri. Attualmente, le nostre bottiglie di vetro esistenti sono disponibili nelle dimensioni di 500ml e 750ml. Se ne avete bisogno, possiamo creare un nuovo stampo per realizzare le bottiglie di vetro.<\/span><\/p>\n<h2><span data-preserver-spaces=\"true\">I dettagli di questa bottiglia di vetro trasparente sfusa<\/span><\/h2>\n<p><span data-preserver-spaces=\"true\">Le nostre bottiglie di vetro sono disponibili in due formati: 500 ml e 750 ml.<\/span><\/p>\n<p><span data-preserver-spaces=\"true\">Il peso della bottiglia di vetro cilindrica da 750 ml \u00e8 di 750 g. <\/span><span data-preserver-spaces=\"true\">Diametro della bottiglia<\/span><span data-preserver-spaces=\"true\"> \u00e8 di 75,6 \u00b1 1,5 mm.<\/span><span data-preserver-spaces=\"true\"> L'altezza della bottiglia \u00e8 di 330 \u00b1 2 mm. La chiusura \u00e8 con tappo a T. Questa bottiglia di vetro \u00e8 <\/span><span data-preserver-spaces=\"true\">adatto per<\/span><span data-preserver-spaces=\"true\"> il tappo a T da 19,5 mm.<\/span><\/p>\n<p><span data-preserver-spaces=\"true\">Il peso delle bottiglie di vetro cilindriche da 500 ml \u00e8 di 580 g. Il diametro di questa bottiglia di vetro \u00e8 di 66,5 \u00b1 1,5 mm. L'altezza \u00e8 di 300 \u00b1 1,5 mm. Questa bottiglia presenta anche una finitura con tappo a T da 19,5 mm.<\/span><\/p>\n<p><span data-preserver-spaces=\"true\">Entrambe le bottiglie di vetro possono essere convertite<\/span><span data-preserver-spaces=\"true\"> a una finitura con tappo a vite. \u00c8 in grado di soddisfare le richieste del cliente.<\/span><\/p>\n<p><span data-preserver-spaces=\"true\">Se desiderate acquistare cilindri di vetro trasparente da 500 ml o 750 ml o comprare bottiglie di vetro all'ingrosso, contattateci via e-mail o telefono. Vi risponderemo il prima possibile.<\/span><\/p>","protected":false},"excerpt":{"rendered":"<table class=\"tg\">\n<tbody>\n<tr>\n<th class=\"tg-24i8\" colspan=\"2\">Bottiglie di vetro cilindriche trasparenti da 500ml 750ml<\/th>\n<\/tr>\n<tr>\n<td class=\"tg-b7b8\">Materiale principale:<\/td>\n<td class=\"tg-b7b8\">Vetro alto di selce<\/td>\n<\/tr>\n<tr>\n<td class=\"tg-yw4l\">Cap:<\/td>\n<td class=\"tg-yw4l\">Tappo a vite<\/td>\n<\/tr>\n<tr>\n<td class=\"tg-b7b8\">Capacit\u00e0:<\/td>\n<td class=\"tg-b7b8\">500ml 750ml<\/td>\n<\/tr>\n<tr>\n<td class=\"tg-yw4l\">Caratteristica:<\/td>\n<td class=\"tg-yw4l\">Eco-compatibile<\/td>\n<\/tr>\n<tr>\n<td class=\"tg-b7b8\">MOQ:<\/td>\n<td class=\"tg-b7b8\">10000 PCS<\/td>\n<\/tr>\n<tr>\n<td class=\"tg-yw4l\">Origine del luogo:<\/td>\n<td class=\"tg-yw4l\">Shandong, Cina<\/td>\n<\/tr>\n<tr>\n<td class=\"tg-b7b8\">Pezzi\/Ctn:<\/td>\n<td class=\"tg-b7b8\">24 pezzi<\/td>\n<\/tr>\n<tr>\n<td class=\"tg-yw4l\">Riferimento:<\/td>\n<td class=\"tg-yw4l\">RS124<\/td>\n<\/tr>\n<tr>\n<td class=\"tg-b7b8\">Modalit\u00e0 di spedizione:<\/td>\n<td class=\"tg-b7b8\">Nave, espresso<\/td>\n<\/tr>\n<tr>\n<td class=\"tg-yw4l\">OEM\/ODM:<\/td>\n<td class=\"tg-yw4l\">Benvenuti<\/td>\n<\/tr>\n<\/tbody>\n<\/table>","protected":false},"featured_media":4152,"comment_status":"closed","ping_status":"closed","template":"","meta":[],"product_cat":[41,40],"class_list":{"0":"post-4151","1":"product","2":"type-product","3":"status-publish","4":"has-post-thumbnail","6":"product_cat-500ml-liquor-bottle-manufacturer","7":"product_cat-750ml-liquor-bottle-manufacturer","9":"first","10":"instock","11":"shipping-taxable","12":"product-type-simple"},"yoast_head":"<!-- This site is optimized with the Yoast SEO plugin v22.0 - https:\/\/yoast.com\/wordpress\/plugins\/seo\/ -->\n<title>750ml Clear Glass Bottle Bulk|Wholesale Cylinder Glass Bottle With T-cork<\/title>\n<meta name=\"description\" content=\"Buy 750ml Clear Glass Bottles Bulk From China Liquor Bottle Manufacturer. Factory Outlet Wholesale Cylinder Glass Bottle With T-cork\" \/>\n<meta name=\"robots\" content=\"index, follow, max-snippet:-1, max-image-preview:large, max-video-preview:-1\" \/>\n<link rel=\"canonical\" href=\"https:\/\/ruishengglassco.com\/it\/prodotto\/rs124-500ml-750ml-bottiglie-di-vetro-cilindriche-trasparenti\" \/>\n<meta property=\"og:locale\" content=\"it_IT\" \/>\n<meta property=\"og:type\" content=\"article\" \/>\n<meta property=\"og:title\" content=\"750ml Clear Glass Bottle Bulk|Wholesale Cylinder Glass Bottle With T-cork\" \/>\n<meta property=\"og:description\" content=\"Buy 750ml Clear Glass Bottles Bulk From China Liquor Bottle Manufacturer. Factory Outlet Wholesale Cylinder Glass Bottle With T-cork\" \/>\n<meta property=\"og:url\" content=\"https:\/\/ruishengglassco.com\/it\/prodotto\/rs124-500ml-750ml-bottiglie-di-vetro-cilindriche-trasparenti\" \/>\n<meta property=\"article:publisher\" content=\"https:\/\/www.facebook.com\/ruishengglassbottles\" \/>\n<meta property=\"article:modified_time\" content=\"2025-09-11T08:19:54+00:00\" \/>\n<meta property=\"og:image\" content=\"https:\/\/ruishengglassco.com\/wp-content\/uploads\/2025\/03\/RS124-500ml-750ml-Clear-Cylinder-Glass-Bottles.webp\" \/>\n\t<meta property=\"og:image:width\" content=\"800\" \/>\n\t<meta property=\"og:image:height\" content=\"800\" \/>\n\t<meta property=\"og:image:type\" content=\"image\/webp\" \/>\n<meta name=\"twitter:card\" content=\"summary_large_image\" \/>\n<meta name=\"twitter:label1\" content=\"Tempo di lettura stimato\" \/>\n\t<meta name=\"twitter:data1\" content=\"2 minuti\" \/>\n<script type=\"application\/ld+json\" class=\"yoast-schema-graph\">{\"@context\":\"https:\/\/schema.org\",\"@graph\":[{\"@type\":\"WebPage\",\"@id\":\"https:\/\/ruishengglassco.com\/product\/rs124-500ml-750ml-clear-cylinder-glass-bottles\",\"url\":\"https:\/\/ruishengglassco.com\/product\/rs124-500ml-750ml-clear-cylinder-glass-bottles\",\"name\":\"750ml Clear Glass Bottle Bulk|Wholesale Cylinder Glass Bottle With T-cork\",\"isPartOf\":{\"@id\":\"https:\/\/ruishengglassco.com\/#website\"},\"datePublished\":\"2025-03-14T15:47:11+00:00\",\"dateModified\":\"2025-09-11T08:19:54+00:00\",\"description\":\"Buy 750ml Clear Glass Bottles Bulk From China Liquor Bottle Manufacturer. Factory Outlet Wholesale Cylinder Glass Bottle With T-cork\",\"breadcrumb\":{\"@id\":\"https:\/\/ruishengglassco.com\/product\/rs124-500ml-750ml-clear-cylinder-glass-bottles#breadcrumb\"},\"inLanguage\":\"it-IT\",\"potentialAction\":[{\"@type\":\"ReadAction\",\"target\":[\"https:\/\/ruishengglassco.com\/product\/rs124-500ml-750ml-clear-cylinder-glass-bottles\"]}]},{\"@type\":\"BreadcrumbList\",\"@id\":\"https:\/\/ruishengglassco.com\/product\/rs124-500ml-750ml-clear-cylinder-glass-bottles#breadcrumb\",\"itemListElement\":[{\"@type\":\"ListItem\",\"position\":1,\"name\":\"Home\",\"item\":\"https:\/\/ruishengglassco.com\/\"},{\"@type\":\"ListItem\",\"position\":2,\"name\":\"Products\",\"item\":\"https:\/\/ruishengglassco.com\/products\"},{\"@type\":\"ListItem\",\"position\":3,\"name\":\"RS124: 500ml 750ml Clear Cylinder Glass Bottles\"}]},{\"@type\":\"WebSite\",\"@id\":\"https:\/\/ruishengglassco.com\/#website\",\"url\":\"https:\/\/ruishengglassco.com\/\",\"name\":\"Ruisheng Glass\",\"description\":\"\",\"publisher\":{\"@id\":\"https:\/\/ruishengglassco.com\/#organization\"},\"potentialAction\":[{\"@type\":\"SearchAction\",\"target\":{\"@type\":\"EntryPoint\",\"urlTemplate\":\"https:\/\/ruishengglassco.com\/?s={search_term_string}\"},\"query-input\":\"required name=search_term_string\"}],\"inLanguage\":\"it-IT\"},{\"@type\":\"Organization\",\"@id\":\"https:\/\/ruishengglassco.com\/#organization\",\"name\":\"Shandong Yuncheng Ruisheng Glass Co., Ltd\",\"url\":\"https:\/\/ruishengglassco.com\/\",\"logo\":{\"@type\":\"ImageObject\",\"inLanguage\":\"it-IT\",\"@id\":\"https:\/\/ruishengglassco.com\/#\/schema\/logo\/image\/\",\"url\":\"https:\/\/ruishengglassco.com\/wp-content\/uploads\/2023\/09\/ruisheng_logo_icon.webp\",\"contentUrl\":\"https:\/\/ruishengglassco.com\/wp-content\/uploads\/2023\/09\/ruisheng_logo_icon.webp\",\"width\":400,\"height\":233,\"caption\":\"Shandong Yuncheng Ruisheng Glass Co., Ltd\"},\"image\":{\"@id\":\"https:\/\/ruishengglassco.com\/#\/schema\/logo\/image\/\"},\"sameAs\":[\"https:\/\/www.facebook.com\/ruishengglassbottles\",\"https:\/\/www.instagram.com\/Ruishengglassbottlewholesales\/\",\"https:\/\/www.youtube.com\/channel\/UCMmbMNGwsL-XrtjfSFLCdVQ\"]}]}<\/script>\n<!-- \/ Yoast SEO plugin. -->","yoast_head_json":{"title":"750ml Clear Glass Bottle Bulk|Wholesale Cylinder Glass Bottle With T-cork","description":"Buy 750ml Clear Glass Bottles Bulk From China Liquor Bottle Manufacturer. Factory Outlet Wholesale Cylinder Glass Bottle With T-cork","robots":{"index":"index","follow":"follow","max-snippet":"max-snippet:-1","max-image-preview":"max-image-preview:large","max-video-preview":"max-video-preview:-1"},"canonical":"https:\/\/ruishengglassco.com\/it\/prodotto\/rs124-500ml-750ml-bottiglie-di-vetro-cilindriche-trasparenti","og_locale":"it_IT","og_type":"article","og_title":"750ml Clear Glass Bottle Bulk|Wholesale Cylinder Glass Bottle With T-cork","og_description":"Buy 750ml Clear Glass Bottles Bulk From China Liquor Bottle Manufacturer. Factory Outlet Wholesale Cylinder Glass Bottle With T-cork","og_url":"https:\/\/ruishengglassco.com\/it\/prodotto\/rs124-500ml-750ml-bottiglie-di-vetro-cilindriche-trasparenti","article_publisher":"https:\/\/www.facebook.com\/ruishengglassbottles","article_modified_time":"2025-09-11T08:19:54+00:00","og_image":[{"width":800,"height":800,"url":"https:\/\/ruishengglassco.com\/wp-content\/uploads\/2025\/03\/RS124-500ml-750ml-Clear-Cylinder-Glass-Bottles.webp","type":"image\/webp"}],"twitter_card":"summary_large_image","twitter_misc":{"Tempo di lettura stimato":"2 minuti"},"schema":{"@context":"https:\/\/schema.org","@graph":[{"@type":"WebPage","@id":"https:\/\/ruishengglassco.com\/product\/rs124-500ml-750ml-clear-cylinder-glass-bottles","url":"https:\/\/ruishengglassco.com\/product\/rs124-500ml-750ml-clear-cylinder-glass-bottles","name":"750ml Clear Glass Bottle Bulk|Wholesale Cylinder Glass Bottle With T-cork","isPartOf":{"@id":"https:\/\/ruishengglassco.com\/#website"},"datePublished":"2025-03-14T15:47:11+00:00","dateModified":"2025-09-11T08:19:54+00:00","description":"Buy 750ml Clear Glass Bottles Bulk From China Liquor Bottle Manufacturer. Factory Outlet Wholesale Cylinder Glass Bottle With T-cork","breadcrumb":{"@id":"https:\/\/ruishengglassco.com\/product\/rs124-500ml-750ml-clear-cylinder-glass-bottles#breadcrumb"},"inLanguage":"it-IT","potentialAction":[{"@type":"ReadAction","target":["https:\/\/ruishengglassco.com\/product\/rs124-500ml-750ml-clear-cylinder-glass-bottles"]}]},{"@type":"BreadcrumbList","@id":"https:\/\/ruishengglassco.com\/product\/rs124-500ml-750ml-clear-cylinder-glass-bottles#breadcrumb","itemListElement":[{"@type":"ListItem","position":1,"name":"Home","item":"https:\/\/ruishengglassco.com\/"},{"@type":"ListItem","position":2,"name":"Products","item":"https:\/\/ruishengglassco.com\/products"},{"@type":"ListItem","position":3,"name":"RS124: 500ml 750ml Clear Cylinder Glass Bottles"}]},{"@type":"WebSite","@id":"https:\/\/ruishengglassco.com\/#website","url":"https:\/\/ruishengglassco.com\/","name":"Ruisheng Glass","description":"","publisher":{"@id":"https:\/\/ruishengglassco.com\/#organization"},"potentialAction":[{"@type":"SearchAction","target":{"@type":"EntryPoint","urlTemplate":"https:\/\/ruishengglassco.com\/?s={search_term_string}"},"query-input":"required name=search_term_string"}],"inLanguage":"it-IT"},{"@type":"Organization","@id":"https:\/\/ruishengglassco.com\/#organization","name":"Shandong Yuncheng Ruisheng Glass Co., Ltd","url":"https:\/\/ruishengglassco.com\/","logo":{"@type":"ImageObject","inLanguage":"it-IT","@id":"https:\/\/ruishengglassco.com\/#\/schema\/logo\/image\/","url":"https:\/\/ruishengglassco.com\/wp-content\/uploads\/2023\/09\/ruisheng_logo_icon.webp","contentUrl":"https:\/\/ruishengglassco.com\/wp-content\/uploads\/2023\/09\/ruisheng_logo_icon.webp","width":400,"height":233,"caption":"Shandong Yuncheng Ruisheng Glass Co., Ltd"},"image":{"@id":"https:\/\/ruishengglassco.com\/#\/schema\/logo\/image\/"},"sameAs":["https:\/\/www.facebook.com\/ruishengglassbottles","https:\/\/www.instagram.com\/Ruishengglassbottlewholesales\/","https:\/\/www.youtube.com\/channel\/UCMmbMNGwsL-XrtjfSFLCdVQ"]}]}},"_links":{"self":[{"href":"https:\/\/ruishengglassco.com\/it\/wp-json\/wp\/v2\/product\/4151","targetHints":{"allow":["GET"]}}],"collection":[{"href":"https:\/\/ruishengglassco.com\/it\/wp-json\/wp\/v2\/product"}],"about":[{"href":"https:\/\/ruishengglassco.com\/it\/wp-json\/wp\/v2\/types\/product"}],"replies":[{"embeddable":true,"href":"https:\/\/ruishengglassco.com\/it\/wp-json\/wp\/v2\/comments?post=4151"}],"wp:featuredmedia":[{"embeddable":true,"href":"https:\/\/ruishengglassco.com\/it\/wp-json\/wp\/v2\/media\/4152"}],"wp:attachment":[{"href":"https:\/\/ruishengglassco.com\/it\/wp-json\/wp\/v2\/media?parent=4151"}],"wp:term":[{"taxonomy":"product_cat","embeddable":true,"href":"https:\/\/ruishengglassco.com\/it\/wp-json\/wp\/v2\/product_cat?post=4151"}],"curies":[{"name":"wp","href":"https:\/\/api.w.org\/{rel}","templated":true}]}}