{"id":4147,"date":"2025-03-14T14:53:10","date_gmt":"2025-03-14T06:53:10","guid":{"rendered":"https:\/\/ruishengglassco.com\/?post_type=product&#038;p=4147"},"modified":"2025-07-16T14:59:45","modified_gmt":"2025-07-16T06:59:45","slug":"rs125-bottiglie-di-vetro-decorative-da-16-oz-con-tappo","status":"publish","type":"product","link":"https:\/\/ruishengglassco.com\/it\/prodotto\/rs125-bottiglie-di-vetro-decorative-da-16-oz-con-tappo","title":{"rendered":"RS125: Bottiglie di vetro decorative da 16 oz con tappo"},"content":{"rendered":"<p><span data-preserver-spaces=\"true\">Queste bottiglie di vetro decorative da 16 once all'ingrosso <\/span><span data-preserver-spaces=\"true\">sono realizzati<\/span><span data-preserver-spaces=\"true\"> di vetro super flint. Questa bottiglia di vetro per liquori ha una base spessa che ne evidenzia la qualit\u00e0. Le bottiglie di vetro da 16 oz hanno un fondo spesso e una spalla stretta. Il tipo di chiusura di questa bottiglia di vetro \u00e8 il tappo di gala, disponibile in qualsiasi materiale, ad esempio in plastica o in metallo.<\/span><\/p>\n<p><span data-preserver-spaces=\"true\">Queste bottiglie di vetro decorative da 16 oz <\/span><span data-preserver-spaces=\"true\">sono realizzati<\/span><span data-preserver-spaces=\"true\"> nella contea di Yuncheng, nella provincia di Shandong. La contea di Yuncheng \u00e8 famosa per l'imballaggio delle bevande. Qui si possono trovare bottiglie di vetro per vino, tappi, etichette di carta, etichette di plastica, etichette di metallo, scatole di imballaggio e altri prodotti correlati.<\/span><\/p>\n<p><span data-preserver-spaces=\"true\">La nostra azienda \u00e8 impegnata nella produzione di bottiglie di vetro di alta qualit\u00e0. La fabbrica impiega circa 500 dipendenti e dispone di oltre 30 addetti al controllo qualit\u00e0. Controlliamo le bottiglie di vetro per molte volte. Dopo la bottiglia <\/span><span data-preserver-spaces=\"true\">\u00e8 diviso<\/span><span data-preserver-spaces=\"true\"> dallo stampo, la ispezioneremo per la prima volta. Dopo che la bottiglia di vetro sar\u00e0 uscita dalla macchina di raffreddamento, la controlleremo di nuovo. Quando abbiamo creato le etichette per le bottiglie, abbiamo ricontrollato le bottiglie di vetro. E quando le abbiamo imballate, le controlliamo per l'ultima volta. <\/span><span data-preserver-spaces=\"true\">In questo modo, ci assicureremo che tutti i nostri prodotti <\/span><span data-preserver-spaces=\"true\">sono di<\/span><span data-preserver-spaces=\"true\"> di alta qualit\u00e0 prima di inviarli al cliente.<\/span><\/p>\n<h2><span data-preserver-spaces=\"true\">Le informazioni sulle bottiglie di vetro decorative da 16 oz<\/span><\/h2>\n<p><span data-preserver-spaces=\"true\">Queste bottiglie di vetro decorative da 16 oz <\/span><span data-preserver-spaces=\"true\">sono realizzati<\/span><span data-preserver-spaces=\"true\"> di vetro bianco cristallino. La superficie delle bottiglie di vetro \u00e8 chiara e liscia. Il peso del vetro di queste bottiglie \u00e8 di 580 g. <\/span><span data-preserver-spaces=\"true\">Noi <\/span><span data-preserver-spaces=\"true\">di solito<\/span><span data-preserver-spaces=\"true\"> imballare le bottiglie di vetro <\/span><span data-preserver-spaces=\"true\">per<\/span><span data-preserver-spaces=\"true\"> 24 <\/span><span data-preserver-spaces=\"true\">pz<\/span><span data-preserver-spaces=\"true\"> per cartone standard per l'esportazione.<\/span><span data-preserver-spaces=\"true\"> Se avete esigenze particolari, possiamo anche soddisfarle, come scatole colorate personalizzate e pallet senza fumigazione.<\/span><\/p>\n<p><span data-preserver-spaces=\"true\">Se desiderate informarvi sulle nostre bottiglie di vetro decorative da 16 once o su altre bottiglie di vetro personalizzate, contattateci e vi forniremo il nostro miglior servizio.<\/span><\/p>","protected":false},"excerpt":{"rendered":"<p>Se siete interessati al nostro questo 16 oz bottiglie di succo di vetro, si prega di contattare con noi. Vi risponderemo entro 24 ore.<\/p>","protected":false},"featured_media":4149,"comment_status":"closed","ping_status":"closed","template":"","meta":[],"product_cat":[15],"class_list":{"0":"post-4147","1":"product","2":"type-product","3":"status-publish","4":"has-post-thumbnail","6":"product_cat-glass-liquor-spirit-bottles","8":"first","9":"instock","10":"shipping-taxable","11":"product-type-simple"},"yoast_head":"<!-- This site is optimized with the Yoast SEO plugin v22.0 - https:\/\/yoast.com\/wordpress\/plugins\/seo\/ -->\n<title>16 oz Decorative Glass Bottles Wholesale | Unique Liquor Bottles Supplier<\/title>\n<meta name=\"description\" content=\"Ruisheng, a professional liquor bottles manufacturer &amp; supplier, provide 16 oz decorative glass bottles wholesale in factory outlet price.\" \/>\n<meta name=\"robots\" content=\"index, follow, max-snippet:-1, max-image-preview:large, max-video-preview:-1\" \/>\n<link rel=\"canonical\" href=\"https:\/\/ruishengglassco.com\/it\/prodotto\/rs125-bottiglie-di-vetro-decorative-da-16-oz-con-tappo\" \/>\n<meta property=\"og:locale\" content=\"it_IT\" \/>\n<meta property=\"og:type\" content=\"article\" \/>\n<meta property=\"og:title\" content=\"16 oz Decorative Glass Bottles Wholesale | Unique Liquor Bottles Supplier\" \/>\n<meta property=\"og:description\" content=\"Ruisheng, a professional liquor bottles manufacturer &amp; supplier, provide 16 oz decorative glass bottles wholesale in factory outlet price.\" \/>\n<meta property=\"og:url\" content=\"https:\/\/ruishengglassco.com\/it\/prodotto\/rs125-bottiglie-di-vetro-decorative-da-16-oz-con-tappo\" \/>\n<meta property=\"article:publisher\" content=\"https:\/\/www.facebook.com\/ruishengglassbottles\" \/>\n<meta property=\"article:modified_time\" content=\"2025-07-16T06:59:45+00:00\" \/>\n<meta property=\"og:image\" content=\"https:\/\/ruishengglassco.com\/wp-content\/uploads\/2025\/03\/RS125-16-oz-decorative-glass-bottles-with-caps.webp\" \/>\n\t<meta property=\"og:image:width\" content=\"400\" \/>\n\t<meta property=\"og:image:height\" content=\"400\" \/>\n\t<meta property=\"og:image:type\" content=\"image\/webp\" \/>\n<meta name=\"twitter:card\" content=\"summary_large_image\" \/>\n<meta name=\"twitter:label1\" content=\"Tempo di lettura stimato\" \/>\n\t<meta name=\"twitter:data1\" content=\"2 minuti\" \/>\n<script type=\"application\/ld+json\" class=\"yoast-schema-graph\">{\"@context\":\"https:\/\/schema.org\",\"@graph\":[{\"@type\":\"WebPage\",\"@id\":\"https:\/\/ruishengglassco.com\/product\/rs125-16-oz-decorative-glass-bottles-with-caps\",\"url\":\"https:\/\/ruishengglassco.com\/product\/rs125-16-oz-decorative-glass-bottles-with-caps\",\"name\":\"16 oz Decorative Glass Bottles Wholesale | Unique Liquor Bottles Supplier\",\"isPartOf\":{\"@id\":\"https:\/\/ruishengglassco.com\/#website\"},\"datePublished\":\"2025-03-14T06:53:10+00:00\",\"dateModified\":\"2025-07-16T06:59:45+00:00\",\"description\":\"Ruisheng, a professional liquor bottles manufacturer & supplier, provide 16 oz decorative glass bottles wholesale in factory outlet price.\",\"breadcrumb\":{\"@id\":\"https:\/\/ruishengglassco.com\/product\/rs125-16-oz-decorative-glass-bottles-with-caps#breadcrumb\"},\"inLanguage\":\"it-IT\",\"potentialAction\":[{\"@type\":\"ReadAction\",\"target\":[\"https:\/\/ruishengglassco.com\/product\/rs125-16-oz-decorative-glass-bottles-with-caps\"]}]},{\"@type\":\"BreadcrumbList\",\"@id\":\"https:\/\/ruishengglassco.com\/product\/rs125-16-oz-decorative-glass-bottles-with-caps#breadcrumb\",\"itemListElement\":[{\"@type\":\"ListItem\",\"position\":1,\"name\":\"Home\",\"item\":\"https:\/\/ruishengglassco.com\/\"},{\"@type\":\"ListItem\",\"position\":2,\"name\":\"Products\",\"item\":\"https:\/\/ruishengglassco.com\/products\"},{\"@type\":\"ListItem\",\"position\":3,\"name\":\"RS125: 16 oz Decorative Glass Bottles With Caps\"}]},{\"@type\":\"WebSite\",\"@id\":\"https:\/\/ruishengglassco.com\/#website\",\"url\":\"https:\/\/ruishengglassco.com\/\",\"name\":\"Ruisheng Glass\",\"description\":\"\",\"publisher\":{\"@id\":\"https:\/\/ruishengglassco.com\/#organization\"},\"potentialAction\":[{\"@type\":\"SearchAction\",\"target\":{\"@type\":\"EntryPoint\",\"urlTemplate\":\"https:\/\/ruishengglassco.com\/?s={search_term_string}\"},\"query-input\":\"required name=search_term_string\"}],\"inLanguage\":\"it-IT\"},{\"@type\":\"Organization\",\"@id\":\"https:\/\/ruishengglassco.com\/#organization\",\"name\":\"Shandong Yuncheng Ruisheng Glass Co., Ltd\",\"url\":\"https:\/\/ruishengglassco.com\/\",\"logo\":{\"@type\":\"ImageObject\",\"inLanguage\":\"it-IT\",\"@id\":\"https:\/\/ruishengglassco.com\/#\/schema\/logo\/image\/\",\"url\":\"https:\/\/ruishengglassco.com\/wp-content\/uploads\/2023\/09\/ruisheng_logo_icon.webp\",\"contentUrl\":\"https:\/\/ruishengglassco.com\/wp-content\/uploads\/2023\/09\/ruisheng_logo_icon.webp\",\"width\":400,\"height\":233,\"caption\":\"Shandong Yuncheng Ruisheng Glass Co., Ltd\"},\"image\":{\"@id\":\"https:\/\/ruishengglassco.com\/#\/schema\/logo\/image\/\"},\"sameAs\":[\"https:\/\/www.facebook.com\/ruishengglassbottles\",\"https:\/\/www.instagram.com\/Ruishengglassbottlewholesales\/\",\"https:\/\/www.youtube.com\/channel\/UCMmbMNGwsL-XrtjfSFLCdVQ\"]}]}<\/script>\n<!-- \/ Yoast SEO plugin. -->","yoast_head_json":{"title":"16 oz Decorative Glass Bottles Wholesale | Unique Liquor Bottles Supplier","description":"Ruisheng, a professional liquor bottles manufacturer & supplier, provide 16 oz decorative glass bottles wholesale in factory outlet price.","robots":{"index":"index","follow":"follow","max-snippet":"max-snippet:-1","max-image-preview":"max-image-preview:large","max-video-preview":"max-video-preview:-1"},"canonical":"https:\/\/ruishengglassco.com\/it\/prodotto\/rs125-bottiglie-di-vetro-decorative-da-16-oz-con-tappo","og_locale":"it_IT","og_type":"article","og_title":"16 oz Decorative Glass Bottles Wholesale | Unique Liquor Bottles Supplier","og_description":"Ruisheng, a professional liquor bottles manufacturer & supplier, provide 16 oz decorative glass bottles wholesale in factory outlet price.","og_url":"https:\/\/ruishengglassco.com\/it\/prodotto\/rs125-bottiglie-di-vetro-decorative-da-16-oz-con-tappo","article_publisher":"https:\/\/www.facebook.com\/ruishengglassbottles","article_modified_time":"2025-07-16T06:59:45+00:00","og_image":[{"width":400,"height":400,"url":"https:\/\/ruishengglassco.com\/wp-content\/uploads\/2025\/03\/RS125-16-oz-decorative-glass-bottles-with-caps.webp","type":"image\/webp"}],"twitter_card":"summary_large_image","twitter_misc":{"Tempo di lettura stimato":"2 minuti"},"schema":{"@context":"https:\/\/schema.org","@graph":[{"@type":"WebPage","@id":"https:\/\/ruishengglassco.com\/product\/rs125-16-oz-decorative-glass-bottles-with-caps","url":"https:\/\/ruishengglassco.com\/product\/rs125-16-oz-decorative-glass-bottles-with-caps","name":"16 oz Decorative Glass Bottles Wholesale | Unique Liquor Bottles Supplier","isPartOf":{"@id":"https:\/\/ruishengglassco.com\/#website"},"datePublished":"2025-03-14T06:53:10+00:00","dateModified":"2025-07-16T06:59:45+00:00","description":"Ruisheng, a professional liquor bottles manufacturer & supplier, provide 16 oz decorative glass bottles wholesale in factory outlet price.","breadcrumb":{"@id":"https:\/\/ruishengglassco.com\/product\/rs125-16-oz-decorative-glass-bottles-with-caps#breadcrumb"},"inLanguage":"it-IT","potentialAction":[{"@type":"ReadAction","target":["https:\/\/ruishengglassco.com\/product\/rs125-16-oz-decorative-glass-bottles-with-caps"]}]},{"@type":"BreadcrumbList","@id":"https:\/\/ruishengglassco.com\/product\/rs125-16-oz-decorative-glass-bottles-with-caps#breadcrumb","itemListElement":[{"@type":"ListItem","position":1,"name":"Home","item":"https:\/\/ruishengglassco.com\/"},{"@type":"ListItem","position":2,"name":"Products","item":"https:\/\/ruishengglassco.com\/products"},{"@type":"ListItem","position":3,"name":"RS125: 16 oz Decorative Glass Bottles With Caps"}]},{"@type":"WebSite","@id":"https:\/\/ruishengglassco.com\/#website","url":"https:\/\/ruishengglassco.com\/","name":"Ruisheng Glass","description":"","publisher":{"@id":"https:\/\/ruishengglassco.com\/#organization"},"potentialAction":[{"@type":"SearchAction","target":{"@type":"EntryPoint","urlTemplate":"https:\/\/ruishengglassco.com\/?s={search_term_string}"},"query-input":"required name=search_term_string"}],"inLanguage":"it-IT"},{"@type":"Organization","@id":"https:\/\/ruishengglassco.com\/#organization","name":"Shandong Yuncheng Ruisheng Glass Co., Ltd","url":"https:\/\/ruishengglassco.com\/","logo":{"@type":"ImageObject","inLanguage":"it-IT","@id":"https:\/\/ruishengglassco.com\/#\/schema\/logo\/image\/","url":"https:\/\/ruishengglassco.com\/wp-content\/uploads\/2023\/09\/ruisheng_logo_icon.webp","contentUrl":"https:\/\/ruishengglassco.com\/wp-content\/uploads\/2023\/09\/ruisheng_logo_icon.webp","width":400,"height":233,"caption":"Shandong Yuncheng Ruisheng Glass Co., Ltd"},"image":{"@id":"https:\/\/ruishengglassco.com\/#\/schema\/logo\/image\/"},"sameAs":["https:\/\/www.facebook.com\/ruishengglassbottles","https:\/\/www.instagram.com\/Ruishengglassbottlewholesales\/","https:\/\/www.youtube.com\/channel\/UCMmbMNGwsL-XrtjfSFLCdVQ"]}]}},"_links":{"self":[{"href":"https:\/\/ruishengglassco.com\/it\/wp-json\/wp\/v2\/product\/4147","targetHints":{"allow":["GET"]}}],"collection":[{"href":"https:\/\/ruishengglassco.com\/it\/wp-json\/wp\/v2\/product"}],"about":[{"href":"https:\/\/ruishengglassco.com\/it\/wp-json\/wp\/v2\/types\/product"}],"replies":[{"embeddable":true,"href":"https:\/\/ruishengglassco.com\/it\/wp-json\/wp\/v2\/comments?post=4147"}],"wp:featuredmedia":[{"embeddable":true,"href":"https:\/\/ruishengglassco.com\/it\/wp-json\/wp\/v2\/media\/4149"}],"wp:attachment":[{"href":"https:\/\/ruishengglassco.com\/it\/wp-json\/wp\/v2\/media?parent=4147"}],"wp:term":[{"taxonomy":"product_cat","embeddable":true,"href":"https:\/\/ruishengglassco.com\/it\/wp-json\/wp\/v2\/product_cat?post=4147"}],"curies":[{"name":"wp","href":"https:\/\/api.w.org\/{rel}","templated":true}]}}