{"id":4141,"date":"2025-03-14T11:15:14","date_gmt":"2025-03-14T03:15:14","guid":{"rendered":"https:\/\/ruishengglassco.com\/?post_type=product&#038;p=4141"},"modified":"2025-09-12T08:37:31","modified_gmt":"2025-09-12T00:37:31","slug":"rs128-bottiglia-trasparente-750ml-xo","status":"publish","type":"product","link":"https:\/\/ruishengglassco.com\/it\/prodotto\/rs128-bottiglia-trasparente-750ml-xo","title":{"rendered":"RS128: Bottiglia trasparente da 750 ml XO"},"content":{"rendered":"<p>Questa bottiglia trasparente da 750 ml XO con tappi \u00e8 una delle nostre bottiglie di vetro da 750 ml vendute all'ingrosso nel mondo. \u00c8 una forma familiare nelle bottiglie di vetro da 750ml XO.<\/p>\n<p>La nostra bottiglia trasparente da 750 ml XO \u00e8 realizzata con materie prime di alta qualit\u00e0. Le bottiglie di vetro per liquori saranno evidenti, lisce e non fragili come le altre bottiglie di vetro. Senza gelo, \u00e8 molto trasparente.<\/p>\n<p>Questa bottiglia di XO da 750 ml non \u00e8 una bottiglia di vetro leggera; vi accorgerete della sua consistenza quando la terrete in mano.<\/p>\n<h4>I dettagli della bottiglia trasparente da 750 ml XO<\/h4>\n<p>Le informazioni della bottiglia di vetro come muggito:<\/p>\n<ul>\n<li>Materiale principale: Vetro super selce<\/li>\n<li>Tappo: Sughero<\/li>\n<li>Riferimento: RS128<\/li>\n<li>MOQ: 10000<\/li>\n<li>Capacit\u00e0: 750 ml<\/li>\n<li>Pezzi\/Ctn: 24 pezzi<\/li>\n<li>Origine del luogo: Shandong, Cina<\/li>\n<li>Caratteristiche: Eco-friendly<\/li>\n<\/ul>\n<h4>I tappi di sughero per questa bottiglia da 750ML XO<\/h4>\n<p><span data-preserver-spaces=\"true\">Per quanto riguarda i tappi utilizzati per queste bottiglie XO da 750 ml, la nostra fabbrica ne produce di diversi tipi. I diversi materiali includono <\/span><span data-preserver-spaces=\"true\">sughero, come<\/span><span data-preserver-spaces=\"true\"> sughero ad alto polimero, sughero complesso e sughero di legno. Vari colori di sughero, come il sughero dorato, il sughero argentato, il sughero nero e altri colori di sughero.<\/span><\/p>\n<p><span data-preserver-spaces=\"true\">Questo vetro pu\u00f2 essere utilizzato in molti paesi, tra cui Stati Uniti, Europa, Australia e Russia. <\/span><span data-preserver-spaces=\"true\">Abbiamo stabilito <\/span><span data-preserver-spaces=\"true\">cooperazione<\/span><span data-preserver-spaces=\"true\"> con <\/span><span data-preserver-spaces=\"true\">molti<\/span><span data-preserver-spaces=\"true\"> clienti in tutto il mondo e si sono guadagnati una buona reputazione.<\/span><\/p>\n<p><span data-preserver-spaces=\"true\">La nostra azienda ha investito in:<\/span><\/p>\n<ul>\n<li><span data-preserver-spaces=\"true\">Due linee di produzione di macchine avanzate 8S completamente automatiche.<\/span><\/li>\n<li><span data-preserver-spaces=\"true\">Tre linee di produzione di macchine manuali CNC.<\/span><\/li>\n<li><span data-preserver-spaces=\"true\">Quattro linee di produzione di macchine semiautomatiche CNC.<\/span><\/li>\n<\/ul>\n<p><span data-preserver-spaces=\"true\">La nostra fabbrica dispone anche di due serie di macchine IS. La macchina 8S e le macchine CNC <\/span><span data-preserver-spaces=\"true\">sono utilizzati<\/span><span data-preserver-spaces=\"true\"> per produrre bottiglie di vetro di prima qualit\u00e0 - bottiglie di vetro supper flint. La produzione giornaliera \u00e8 di 120.000 pezzi. Le macchine IS <\/span><span data-preserver-spaces=\"true\">sono utilizzati<\/span><span data-preserver-spaces=\"true\"> per produrre bottiglie di vetro di qualit\u00e0 media, con una produzione giornaliera di <\/span><span data-preserver-spaces=\"true\">uscita<\/span><span data-preserver-spaces=\"true\"> di 200.000 pezzi.<\/span><\/p>\n<p><span data-preserver-spaces=\"true\">Siamo esperti produttori di bottiglie di vetro per liquidi. Possiamo anche realizzare bottiglie di vetro personalizzate in base alle esigenze dei nostri clienti. Potete comunicarci ci\u00f2 che desiderate e faremo in modo che il nostro designer lo crei per voi.<\/span><\/p>\n<p><span data-preserver-spaces=\"true\">Se desiderate ordinare questa bottiglia trasparente da 750 ml di XO o chiedere informazioni sulle bottiglie di vetro personalizzate, <\/span><span data-preserver-spaces=\"true\">contattateci<\/span><span data-preserver-spaces=\"true\">e noi creeremo la bottiglia di cui avete bisogno.<\/span><\/p>\n<p><span data-preserver-spaces=\"true\">Oltre alle bottiglie XO da 750 ml, offriamo anche bottiglie di vetro da 100 ml all'ingrosso, bottiglie di vetro da 250 ml con tappo,\u00a0<\/span><a class=\"editor-rtfLink\" href=\"https:\/\/glassbottlewholesale.com\/375ml-long-neck-glass-bottles-with-t-cork\/\" target=\"_blank\" rel=\"noopener\"><span data-preserver-spaces=\"true\">bottiglie di vetro trasparente (375 ml)<\/span><\/a><span data-preserver-spaces=\"true\">, bottiglie di vetro piccole (50cl),<\/span><a class=\"editor-rtfLink\" href=\"https:\/\/glassbottlewholesale.com\/products\/1000ml-glass-bottles\/\" target=\"_blank\" rel=\"noopener\"><span data-preserver-spaces=\"true\"> Bottiglie per liquori da 1000 ml<\/span><\/a><span data-preserver-spaces=\"true\">e altro ancora. Se desiderate informarvi sulle nostre bottiglie di vetro all'ingrosso, contattateci. Vi risponderemo al pi\u00f9 presto. <\/span><span data-preserver-spaces=\"true\">Il nostro <\/span><span data-preserver-spaces=\"true\">scopo<\/span><span data-preserver-spaces=\"true\"> \u00e8 quello di <\/span><span data-preserver-spaces=\"true\">fare un<\/span><span data-preserver-spaces=\"true\"> vetro di alta qualit\u00e0 <\/span><span data-preserver-spaces=\"true\">bottiglia<\/span><span data-preserver-spaces=\"true\"> e <\/span><span data-preserver-spaces=\"true\">offerta<\/span><span data-preserver-spaces=\"true\"> il miglior servizio <\/span><span data-preserver-spaces=\"true\">per<\/span><span data-preserver-spaces=\"true\"> clienti <\/span><span data-preserver-spaces=\"true\">da tutto il mondo<\/span><span data-preserver-spaces=\"true\">.<\/span><\/p>","protected":false},"excerpt":{"rendered":"<p>La nostra bottiglia trasparente da 750 ml XO \u00e8 realizzata con materie prime di alta qualit\u00e0. Le bottiglie di vetro per liquori saranno molto chiare, lisce e meno fragili di altre bottiglie di vetro. Senza glassa, \u00e8 molto chiara. Questa bottiglia trasparente da 750 ml XO non \u00e8 una bottiglia di vetro leggera, ma ne riconoscerete la consistenza quando la prenderete in mano.<\/p>","protected":false},"featured_media":4142,"comment_status":"closed","ping_status":"closed","template":"","meta":[],"product_cat":[40,58],"class_list":{"0":"post-4141","1":"product","2":"type-product","3":"status-publish","4":"has-post-thumbnail","6":"product_cat-750ml-liquor-bottle-manufacturer","7":"product_cat-brandy-bottle","9":"first","10":"instock","11":"shipping-taxable","12":"product-type-simple"},"yoast_head":"<!-- This site is optimized with the Yoast SEO plugin v22.0 - https:\/\/yoast.com\/wordpress\/plugins\/seo\/ -->\n<title>Transparent 750ml XO Bottle Price | Cognac Bottle Supplier<\/title>\n<meta name=\"description\" content=\"Ruisheng, a professional cognac bottle manufacturer, wholesale empty glass bottle for XO, Cognac. Get wholesale transparent 750ml xo bottle price here.\" \/>\n<meta name=\"robots\" content=\"index, follow, max-snippet:-1, max-image-preview:large, max-video-preview:-1\" \/>\n<link rel=\"canonical\" href=\"https:\/\/ruishengglassco.com\/it\/prodotto\/rs128-bottiglia-trasparente-750ml-xo\" \/>\n<meta property=\"og:locale\" content=\"it_IT\" \/>\n<meta property=\"og:type\" content=\"article\" \/>\n<meta property=\"og:title\" content=\"Transparent 750ml XO Bottle Price | Cognac Bottle Supplier\" \/>\n<meta property=\"og:description\" content=\"Ruisheng, a professional cognac bottle manufacturer, wholesale empty glass bottle for XO, Cognac. Get wholesale transparent 750ml xo bottle price here.\" \/>\n<meta property=\"og:url\" content=\"https:\/\/ruishengglassco.com\/it\/prodotto\/rs128-bottiglia-trasparente-750ml-xo\" \/>\n<meta property=\"article:publisher\" content=\"https:\/\/www.facebook.com\/ruishengglassbottles\" \/>\n<meta property=\"article:modified_time\" content=\"2025-09-12T00:37:31+00:00\" \/>\n<meta property=\"og:image\" content=\"https:\/\/ruishengglassco.com\/wp-content\/uploads\/2025\/03\/Transparent-750ml-XO-Bottle.webp\" \/>\n\t<meta property=\"og:image:width\" content=\"800\" \/>\n\t<meta property=\"og:image:height\" content=\"800\" \/>\n\t<meta property=\"og:image:type\" content=\"image\/webp\" \/>\n<meta name=\"twitter:card\" content=\"summary_large_image\" \/>\n<meta name=\"twitter:label1\" content=\"Tempo di lettura stimato\" \/>\n\t<meta name=\"twitter:data1\" content=\"3 minuti\" \/>\n<script type=\"application\/ld+json\" class=\"yoast-schema-graph\">{\"@context\":\"https:\/\/schema.org\",\"@graph\":[{\"@type\":\"WebPage\",\"@id\":\"https:\/\/ruishengglassco.com\/product\/rs128-transparent-750ml-xo-bottle\",\"url\":\"https:\/\/ruishengglassco.com\/product\/rs128-transparent-750ml-xo-bottle\",\"name\":\"Transparent 750ml XO Bottle Price | Cognac Bottle Supplier\",\"isPartOf\":{\"@id\":\"https:\/\/ruishengglassco.com\/#website\"},\"datePublished\":\"2025-03-14T03:15:14+00:00\",\"dateModified\":\"2025-09-12T00:37:31+00:00\",\"description\":\"Ruisheng, a professional cognac bottle manufacturer, wholesale empty glass bottle for XO, Cognac. Get wholesale transparent 750ml xo bottle price here.\",\"breadcrumb\":{\"@id\":\"https:\/\/ruishengglassco.com\/product\/rs128-transparent-750ml-xo-bottle#breadcrumb\"},\"inLanguage\":\"it-IT\",\"potentialAction\":[{\"@type\":\"ReadAction\",\"target\":[\"https:\/\/ruishengglassco.com\/product\/rs128-transparent-750ml-xo-bottle\"]}]},{\"@type\":\"BreadcrumbList\",\"@id\":\"https:\/\/ruishengglassco.com\/product\/rs128-transparent-750ml-xo-bottle#breadcrumb\",\"itemListElement\":[{\"@type\":\"ListItem\",\"position\":1,\"name\":\"Home\",\"item\":\"https:\/\/ruishengglassco.com\/\"},{\"@type\":\"ListItem\",\"position\":2,\"name\":\"Products\",\"item\":\"https:\/\/ruishengglassco.com\/products\"},{\"@type\":\"ListItem\",\"position\":3,\"name\":\"RS128: Transparent 750ml XO Bottle\"}]},{\"@type\":\"WebSite\",\"@id\":\"https:\/\/ruishengglassco.com\/#website\",\"url\":\"https:\/\/ruishengglassco.com\/\",\"name\":\"Ruisheng Glass\",\"description\":\"\",\"publisher\":{\"@id\":\"https:\/\/ruishengglassco.com\/#organization\"},\"potentialAction\":[{\"@type\":\"SearchAction\",\"target\":{\"@type\":\"EntryPoint\",\"urlTemplate\":\"https:\/\/ruishengglassco.com\/?s={search_term_string}\"},\"query-input\":\"required name=search_term_string\"}],\"inLanguage\":\"it-IT\"},{\"@type\":\"Organization\",\"@id\":\"https:\/\/ruishengglassco.com\/#organization\",\"name\":\"Shandong Yuncheng Ruisheng Glass Co., Ltd\",\"url\":\"https:\/\/ruishengglassco.com\/\",\"logo\":{\"@type\":\"ImageObject\",\"inLanguage\":\"it-IT\",\"@id\":\"https:\/\/ruishengglassco.com\/#\/schema\/logo\/image\/\",\"url\":\"https:\/\/ruishengglassco.com\/wp-content\/uploads\/2023\/09\/ruisheng_logo_icon.webp\",\"contentUrl\":\"https:\/\/ruishengglassco.com\/wp-content\/uploads\/2023\/09\/ruisheng_logo_icon.webp\",\"width\":400,\"height\":233,\"caption\":\"Shandong Yuncheng Ruisheng Glass Co., Ltd\"},\"image\":{\"@id\":\"https:\/\/ruishengglassco.com\/#\/schema\/logo\/image\/\"},\"sameAs\":[\"https:\/\/www.facebook.com\/ruishengglassbottles\",\"https:\/\/www.instagram.com\/Ruishengglassbottlewholesales\/\",\"https:\/\/www.youtube.com\/channel\/UCMmbMNGwsL-XrtjfSFLCdVQ\"]}]}<\/script>\n<!-- \/ Yoast SEO plugin. -->","yoast_head_json":{"title":"Transparent 750ml XO Bottle Price | Cognac Bottle Supplier","description":"Ruisheng, a professional cognac bottle manufacturer, wholesale empty glass bottle for XO, Cognac. Get wholesale transparent 750ml xo bottle price here.","robots":{"index":"index","follow":"follow","max-snippet":"max-snippet:-1","max-image-preview":"max-image-preview:large","max-video-preview":"max-video-preview:-1"},"canonical":"https:\/\/ruishengglassco.com\/it\/prodotto\/rs128-bottiglia-trasparente-750ml-xo","og_locale":"it_IT","og_type":"article","og_title":"Transparent 750ml XO Bottle Price | Cognac Bottle Supplier","og_description":"Ruisheng, a professional cognac bottle manufacturer, wholesale empty glass bottle for XO, Cognac. Get wholesale transparent 750ml xo bottle price here.","og_url":"https:\/\/ruishengglassco.com\/it\/prodotto\/rs128-bottiglia-trasparente-750ml-xo","article_publisher":"https:\/\/www.facebook.com\/ruishengglassbottles","article_modified_time":"2025-09-12T00:37:31+00:00","og_image":[{"width":800,"height":800,"url":"https:\/\/ruishengglassco.com\/wp-content\/uploads\/2025\/03\/Transparent-750ml-XO-Bottle.webp","type":"image\/webp"}],"twitter_card":"summary_large_image","twitter_misc":{"Tempo di lettura stimato":"3 minuti"},"schema":{"@context":"https:\/\/schema.org","@graph":[{"@type":"WebPage","@id":"https:\/\/ruishengglassco.com\/product\/rs128-transparent-750ml-xo-bottle","url":"https:\/\/ruishengglassco.com\/product\/rs128-transparent-750ml-xo-bottle","name":"Transparent 750ml XO Bottle Price | Cognac Bottle Supplier","isPartOf":{"@id":"https:\/\/ruishengglassco.com\/#website"},"datePublished":"2025-03-14T03:15:14+00:00","dateModified":"2025-09-12T00:37:31+00:00","description":"Ruisheng, a professional cognac bottle manufacturer, wholesale empty glass bottle for XO, Cognac. Get wholesale transparent 750ml xo bottle price here.","breadcrumb":{"@id":"https:\/\/ruishengglassco.com\/product\/rs128-transparent-750ml-xo-bottle#breadcrumb"},"inLanguage":"it-IT","potentialAction":[{"@type":"ReadAction","target":["https:\/\/ruishengglassco.com\/product\/rs128-transparent-750ml-xo-bottle"]}]},{"@type":"BreadcrumbList","@id":"https:\/\/ruishengglassco.com\/product\/rs128-transparent-750ml-xo-bottle#breadcrumb","itemListElement":[{"@type":"ListItem","position":1,"name":"Home","item":"https:\/\/ruishengglassco.com\/"},{"@type":"ListItem","position":2,"name":"Products","item":"https:\/\/ruishengglassco.com\/products"},{"@type":"ListItem","position":3,"name":"RS128: Transparent 750ml XO Bottle"}]},{"@type":"WebSite","@id":"https:\/\/ruishengglassco.com\/#website","url":"https:\/\/ruishengglassco.com\/","name":"Ruisheng Glass","description":"","publisher":{"@id":"https:\/\/ruishengglassco.com\/#organization"},"potentialAction":[{"@type":"SearchAction","target":{"@type":"EntryPoint","urlTemplate":"https:\/\/ruishengglassco.com\/?s={search_term_string}"},"query-input":"required name=search_term_string"}],"inLanguage":"it-IT"},{"@type":"Organization","@id":"https:\/\/ruishengglassco.com\/#organization","name":"Shandong Yuncheng Ruisheng Glass Co., Ltd","url":"https:\/\/ruishengglassco.com\/","logo":{"@type":"ImageObject","inLanguage":"it-IT","@id":"https:\/\/ruishengglassco.com\/#\/schema\/logo\/image\/","url":"https:\/\/ruishengglassco.com\/wp-content\/uploads\/2023\/09\/ruisheng_logo_icon.webp","contentUrl":"https:\/\/ruishengglassco.com\/wp-content\/uploads\/2023\/09\/ruisheng_logo_icon.webp","width":400,"height":233,"caption":"Shandong Yuncheng Ruisheng Glass Co., Ltd"},"image":{"@id":"https:\/\/ruishengglassco.com\/#\/schema\/logo\/image\/"},"sameAs":["https:\/\/www.facebook.com\/ruishengglassbottles","https:\/\/www.instagram.com\/Ruishengglassbottlewholesales\/","https:\/\/www.youtube.com\/channel\/UCMmbMNGwsL-XrtjfSFLCdVQ"]}]}},"_links":{"self":[{"href":"https:\/\/ruishengglassco.com\/it\/wp-json\/wp\/v2\/product\/4141","targetHints":{"allow":["GET"]}}],"collection":[{"href":"https:\/\/ruishengglassco.com\/it\/wp-json\/wp\/v2\/product"}],"about":[{"href":"https:\/\/ruishengglassco.com\/it\/wp-json\/wp\/v2\/types\/product"}],"replies":[{"embeddable":true,"href":"https:\/\/ruishengglassco.com\/it\/wp-json\/wp\/v2\/comments?post=4141"}],"wp:featuredmedia":[{"embeddable":true,"href":"https:\/\/ruishengglassco.com\/it\/wp-json\/wp\/v2\/media\/4142"}],"wp:attachment":[{"href":"https:\/\/ruishengglassco.com\/it\/wp-json\/wp\/v2\/media?parent=4141"}],"wp:term":[{"taxonomy":"product_cat","embeddable":true,"href":"https:\/\/ruishengglassco.com\/it\/wp-json\/wp\/v2\/product_cat?post=4141"}],"curies":[{"name":"wp","href":"https:\/\/api.w.org\/{rel}","templated":true}]}}