{"id":4125,"date":"2025-03-14T09:18:43","date_gmt":"2025-03-14T01:18:43","guid":{"rendered":"https:\/\/ruishengglassco.com\/?post_type=product&#038;p=4125"},"modified":"2025-07-17T13:27:03","modified_gmt":"2025-07-17T05:27:03","slug":"rs139-bottiglie-di-vetro-vintage-da-500-ml-con-tappi-di-sughero","status":"publish","type":"product","link":"https:\/\/ruishengglassco.com\/it\/prodotto\/rs139-bottiglie-di-vetro-vintage-da-500-ml-con-tappi-di-sughero","title":{"rendered":"RS139: Bottiglie di vetro vintage da 500 ml con tappi di sughero"},"content":{"rendered":"<p>Questa serie di bottiglie in vetro vintage \u00e8 adatta all'uso con vodka, brandy, cognac XO e altri alcolici di qualit\u00e0. La sua forma piatta la rende comoda da tenere in mano.<br \/>\nIl materiale di questa bottiglia di vetro vuota da 500 ml \u00e8 di alta qualit\u00e0 e garantisce che non si rompa facilmente. Inoltre, \u00e8 molto trasparente. \u00c8 adatta per il tappo a vite e offriamo sia tappi in alluminio che tappi di gala.<\/p>\n<p>Possiamo anche cambiare il tappo; se preferite usare il sughero, possiamo accontentarvi. Inoltre, possiamo cambiare il colore della bottiglia di vetro in blu, verde, rosso e altri colori.<\/p>\n<p>I nostri lavoratori adempiono ai loro doveri ogni giorno, lavorando sodo e ispezionando rigorosamente la qualit\u00e0 delle bottiglie. Se una bottiglia di vetro presenta un problema di qualit\u00e0, viene immediatamente corretta.<\/p>\n<p>Se volete stamparci sopra il vostro logo, possiamo farlo anche noi. Possiamo eseguire lavorazioni profonde sulle bottiglie di vetro, come l'applicazione di decalcomanie, la glassatura, la sabbiatura e la verniciatura.<\/p>\n<h4>Dettagli sulla bottiglia di vetro vintage all'ingrosso<\/h4>\n<p>Le informazioni sulla bottiglia di vetro sono riportate di seguito:<\/p>\n<ul>\n<li>Materiale principale: vetro ad alta percentuale di selce<\/li>\n<li>Tappo: tappo a vite<\/li>\n<li>Riferimento: RS139<\/li>\n<li>MOQ: 10000 PCS<\/li>\n<li>Capacit\u00e0: personalizzata<\/li>\n<li>Pz\/Ctn:24pz<\/li>\n<li>Origine del luogo: Shandong, Cina<\/li>\n<li>Caratteristiche: Eco-friendly<\/li>\n<\/ul>\n<p><span data-preserver-spaces=\"true\">I nostri prodotti sono confezionati con cura e<\/span> <span data-preserver-spaces=\"true\">possiamo assicurarvi che sono in buone condizioni.<\/span><\/p>\n<p><span data-preserver-spaces=\"true\">La cosa pi\u00f9 importante \u00e8 che offriamo un servizio post-vendita di prima classe; risponderemo alle vostre domande e vi aiuteremo a familiarizzare con il processo di produzione dei nostri prodotti.<\/span><\/p>\n<p><span data-preserver-spaces=\"true\">Naturalmente, si <\/span><span data-preserver-spaces=\"true\">pu\u00f2 venire e<\/span><span data-preserver-spaces=\"true\"> visitate la nostra fabbrica<\/span><span data-preserver-spaces=\"true\">, <\/span><span data-preserver-spaces=\"true\">noi<\/span><span data-preserver-spaces=\"true\"> vi mostreremo i dintorni <\/span><span data-preserver-spaces=\"true\">la fabbrica<\/span><span data-preserver-spaces=\"true\">.<\/span><span data-preserver-spaces=\"true\"> Inoltre, il nostro processo produttivo \u00e8 molto formale. Ci auguriamo che possiate fidarvi delle nostre bottiglie di vetro e ci auguriamo di poter collaborare con voi a lungo termine.<\/span><\/p>\n<p><span data-preserver-spaces=\"true\">Accettiamo anche bottiglie di vetro personalizzate; potete <\/span><span data-preserver-spaces=\"true\">darmi<\/span><span data-preserver-spaces=\"true\"> campioni o disegni, e possiamo <\/span><span data-preserver-spaces=\"true\">fare la stessa bottiglia di vetro<\/span><span data-preserver-spaces=\"true\">.<\/span><\/p>\n<p><span data-preserver-spaces=\"true\">Vi preghiamo di apprezzare questa bottiglia di vetro e di effettuare un ordine.<\/span><\/p>\n<p><span data-preserver-spaces=\"true\">Se <\/span><span data-preserver-spaces=\"true\">come<\/span><span data-preserver-spaces=\"true\"> questa bottiglia di vetro vintage all'ingrosso, per favore <\/span><span data-preserver-spaces=\"true\">sentirsi liberi<\/span><span data-preserver-spaces=\"true\"> a <\/span><a class=\"editor-rtfLink\" href=\"https:\/\/glassbottlewholesale.com\/contact\/\" target=\"_blank\" rel=\"noopener\"><span data-preserver-spaces=\"true\">contattateci<\/span><\/a><span data-preserver-spaces=\"true\">.<\/span><span data-preserver-spaces=\"true\"> Saremo online 24 ore al giorno.<\/span><\/p>","protected":false},"excerpt":{"rendered":"<p>Ruisheng Glass Bottle, una societ\u00e0 di produzione di bottiglie per liquori con sede a Shandong, in Cina, si dedica alla produzione e alla vendita di bottiglie di vetro da oltre 10 anni. La nostra bottiglia di vetro vintage all'ingrosso \u00e8 realizzata in vetro flint di alta qualit\u00e0, che rende la bottiglia di vetro pi\u00f9 chiara, resistente e liscia. Sempre utilizzate come bottiglie di liquore, bottiglie di brandy, bottiglie di whisky e bottiglie di vodka.<\/p>\n<p>Se volete acquistare una bottiglia di vetro per il vostro liquore, non esitate a contattarci.<\/p>","protected":false},"featured_media":4126,"comment_status":"closed","ping_status":"closed","template":"","meta":[],"product_cat":[15,41],"class_list":{"0":"post-4125","1":"product","2":"type-product","3":"status-publish","4":"has-post-thumbnail","6":"product_cat-glass-liquor-spirit-bottles","7":"product_cat-500ml-liquor-bottle-manufacturer","9":"first","10":"instock","11":"shipping-taxable","12":"product-type-simple"},"yoast_head":"<!-- This site is optimized with the Yoast SEO plugin v22.0 - https:\/\/yoast.com\/wordpress\/plugins\/seo\/ -->\n<title>RS139: 500ml Vintage Glass Bottles With Corks<\/title>\n<meta name=\"description\" content=\"Ruisheng, an old liquor bottle making company, provide 500ml Vintage Glass Bottles Wholesale. Factory Outlet&amp;Save Cost. Free Sample here.\" \/>\n<meta name=\"robots\" content=\"index, follow, max-snippet:-1, max-image-preview:large, max-video-preview:-1\" \/>\n<link rel=\"canonical\" href=\"https:\/\/ruishengglassco.com\/it\/prodotto\/rs139-bottiglie-di-vetro-vintage-da-500-ml-con-tappi-di-sughero\" \/>\n<meta property=\"og:locale\" content=\"it_IT\" \/>\n<meta property=\"og:type\" content=\"article\" \/>\n<meta property=\"og:title\" content=\"RS139: 500ml Vintage Glass Bottles With Corks\" \/>\n<meta property=\"og:description\" content=\"Ruisheng, an old liquor bottle making company, provide 500ml Vintage Glass Bottles Wholesale. Factory Outlet&amp;Save Cost. Free Sample here.\" \/>\n<meta property=\"og:url\" content=\"https:\/\/ruishengglassco.com\/it\/prodotto\/rs139-bottiglie-di-vetro-vintage-da-500-ml-con-tappi-di-sughero\" \/>\n<meta property=\"article:publisher\" content=\"https:\/\/www.facebook.com\/ruishengglassbottles\" \/>\n<meta property=\"article:modified_time\" content=\"2025-07-17T05:27:03+00:00\" \/>\n<meta property=\"og:image\" content=\"https:\/\/ruishengglassco.com\/wp-content\/uploads\/2025\/03\/500ml-Vintage-Glass-Bottles-manufacturer.webp\" \/>\n\t<meta property=\"og:image:width\" content=\"350\" \/>\n\t<meta property=\"og:image:height\" content=\"350\" \/>\n\t<meta property=\"og:image:type\" content=\"image\/webp\" \/>\n<meta name=\"twitter:card\" content=\"summary_large_image\" \/>\n<meta name=\"twitter:label1\" content=\"Tempo di lettura stimato\" \/>\n\t<meta name=\"twitter:data1\" content=\"2 minuti\" \/>\n<script type=\"application\/ld+json\" class=\"yoast-schema-graph\">{\"@context\":\"https:\/\/schema.org\",\"@graph\":[{\"@type\":\"WebPage\",\"@id\":\"https:\/\/ruishengglassco.com\/product\/rs139-500ml-vintage-glass-bottles-with-corks\",\"url\":\"https:\/\/ruishengglassco.com\/product\/rs139-500ml-vintage-glass-bottles-with-corks\",\"name\":\"RS139: 500ml Vintage Glass Bottles With Corks\",\"isPartOf\":{\"@id\":\"https:\/\/ruishengglassco.com\/#website\"},\"datePublished\":\"2025-03-14T01:18:43+00:00\",\"dateModified\":\"2025-07-17T05:27:03+00:00\",\"description\":\"Ruisheng, an old liquor bottle making company, provide 500ml Vintage Glass Bottles Wholesale. Factory Outlet&Save Cost. Free Sample here.\",\"breadcrumb\":{\"@id\":\"https:\/\/ruishengglassco.com\/product\/rs139-500ml-vintage-glass-bottles-with-corks#breadcrumb\"},\"inLanguage\":\"it-IT\",\"potentialAction\":[{\"@type\":\"ReadAction\",\"target\":[\"https:\/\/ruishengglassco.com\/product\/rs139-500ml-vintage-glass-bottles-with-corks\"]}]},{\"@type\":\"BreadcrumbList\",\"@id\":\"https:\/\/ruishengglassco.com\/product\/rs139-500ml-vintage-glass-bottles-with-corks#breadcrumb\",\"itemListElement\":[{\"@type\":\"ListItem\",\"position\":1,\"name\":\"Home\",\"item\":\"https:\/\/ruishengglassco.com\/\"},{\"@type\":\"ListItem\",\"position\":2,\"name\":\"Products\",\"item\":\"https:\/\/ruishengglassco.com\/products\"},{\"@type\":\"ListItem\",\"position\":3,\"name\":\"RS139: 500ml Vintage Glass Bottles With Corks\"}]},{\"@type\":\"WebSite\",\"@id\":\"https:\/\/ruishengglassco.com\/#website\",\"url\":\"https:\/\/ruishengglassco.com\/\",\"name\":\"Ruisheng Glass\",\"description\":\"\",\"publisher\":{\"@id\":\"https:\/\/ruishengglassco.com\/#organization\"},\"potentialAction\":[{\"@type\":\"SearchAction\",\"target\":{\"@type\":\"EntryPoint\",\"urlTemplate\":\"https:\/\/ruishengglassco.com\/?s={search_term_string}\"},\"query-input\":\"required name=search_term_string\"}],\"inLanguage\":\"it-IT\"},{\"@type\":\"Organization\",\"@id\":\"https:\/\/ruishengglassco.com\/#organization\",\"name\":\"Shandong Yuncheng Ruisheng Glass Co., Ltd\",\"url\":\"https:\/\/ruishengglassco.com\/\",\"logo\":{\"@type\":\"ImageObject\",\"inLanguage\":\"it-IT\",\"@id\":\"https:\/\/ruishengglassco.com\/#\/schema\/logo\/image\/\",\"url\":\"https:\/\/ruishengglassco.com\/wp-content\/uploads\/2023\/09\/ruisheng_logo_icon.webp\",\"contentUrl\":\"https:\/\/ruishengglassco.com\/wp-content\/uploads\/2023\/09\/ruisheng_logo_icon.webp\",\"width\":400,\"height\":233,\"caption\":\"Shandong Yuncheng Ruisheng Glass Co., Ltd\"},\"image\":{\"@id\":\"https:\/\/ruishengglassco.com\/#\/schema\/logo\/image\/\"},\"sameAs\":[\"https:\/\/www.facebook.com\/ruishengglassbottles\",\"https:\/\/www.instagram.com\/Ruishengglassbottlewholesales\/\",\"https:\/\/www.youtube.com\/channel\/UCMmbMNGwsL-XrtjfSFLCdVQ\"]}]}<\/script>\n<!-- \/ Yoast SEO plugin. -->","yoast_head_json":{"title":"RS139: 500ml Vintage Glass Bottles With Corks","description":"Ruisheng, an old liquor bottle making company, provide 500ml Vintage Glass Bottles Wholesale. Factory Outlet&Save Cost. Free Sample here.","robots":{"index":"index","follow":"follow","max-snippet":"max-snippet:-1","max-image-preview":"max-image-preview:large","max-video-preview":"max-video-preview:-1"},"canonical":"https:\/\/ruishengglassco.com\/it\/prodotto\/rs139-bottiglie-di-vetro-vintage-da-500-ml-con-tappi-di-sughero","og_locale":"it_IT","og_type":"article","og_title":"RS139: 500ml Vintage Glass Bottles With Corks","og_description":"Ruisheng, an old liquor bottle making company, provide 500ml Vintage Glass Bottles Wholesale. Factory Outlet&Save Cost. Free Sample here.","og_url":"https:\/\/ruishengglassco.com\/it\/prodotto\/rs139-bottiglie-di-vetro-vintage-da-500-ml-con-tappi-di-sughero","article_publisher":"https:\/\/www.facebook.com\/ruishengglassbottles","article_modified_time":"2025-07-17T05:27:03+00:00","og_image":[{"width":350,"height":350,"url":"https:\/\/ruishengglassco.com\/wp-content\/uploads\/2025\/03\/500ml-Vintage-Glass-Bottles-manufacturer.webp","type":"image\/webp"}],"twitter_card":"summary_large_image","twitter_misc":{"Tempo di lettura stimato":"2 minuti"},"schema":{"@context":"https:\/\/schema.org","@graph":[{"@type":"WebPage","@id":"https:\/\/ruishengglassco.com\/product\/rs139-500ml-vintage-glass-bottles-with-corks","url":"https:\/\/ruishengglassco.com\/product\/rs139-500ml-vintage-glass-bottles-with-corks","name":"RS139: 500ml Vintage Glass Bottles With Corks","isPartOf":{"@id":"https:\/\/ruishengglassco.com\/#website"},"datePublished":"2025-03-14T01:18:43+00:00","dateModified":"2025-07-17T05:27:03+00:00","description":"Ruisheng, an old liquor bottle making company, provide 500ml Vintage Glass Bottles Wholesale. Factory Outlet&Save Cost. Free Sample here.","breadcrumb":{"@id":"https:\/\/ruishengglassco.com\/product\/rs139-500ml-vintage-glass-bottles-with-corks#breadcrumb"},"inLanguage":"it-IT","potentialAction":[{"@type":"ReadAction","target":["https:\/\/ruishengglassco.com\/product\/rs139-500ml-vintage-glass-bottles-with-corks"]}]},{"@type":"BreadcrumbList","@id":"https:\/\/ruishengglassco.com\/product\/rs139-500ml-vintage-glass-bottles-with-corks#breadcrumb","itemListElement":[{"@type":"ListItem","position":1,"name":"Home","item":"https:\/\/ruishengglassco.com\/"},{"@type":"ListItem","position":2,"name":"Products","item":"https:\/\/ruishengglassco.com\/products"},{"@type":"ListItem","position":3,"name":"RS139: 500ml Vintage Glass Bottles With Corks"}]},{"@type":"WebSite","@id":"https:\/\/ruishengglassco.com\/#website","url":"https:\/\/ruishengglassco.com\/","name":"Ruisheng Glass","description":"","publisher":{"@id":"https:\/\/ruishengglassco.com\/#organization"},"potentialAction":[{"@type":"SearchAction","target":{"@type":"EntryPoint","urlTemplate":"https:\/\/ruishengglassco.com\/?s={search_term_string}"},"query-input":"required name=search_term_string"}],"inLanguage":"it-IT"},{"@type":"Organization","@id":"https:\/\/ruishengglassco.com\/#organization","name":"Shandong Yuncheng Ruisheng Glass Co., Ltd","url":"https:\/\/ruishengglassco.com\/","logo":{"@type":"ImageObject","inLanguage":"it-IT","@id":"https:\/\/ruishengglassco.com\/#\/schema\/logo\/image\/","url":"https:\/\/ruishengglassco.com\/wp-content\/uploads\/2023\/09\/ruisheng_logo_icon.webp","contentUrl":"https:\/\/ruishengglassco.com\/wp-content\/uploads\/2023\/09\/ruisheng_logo_icon.webp","width":400,"height":233,"caption":"Shandong Yuncheng Ruisheng Glass Co., Ltd"},"image":{"@id":"https:\/\/ruishengglassco.com\/#\/schema\/logo\/image\/"},"sameAs":["https:\/\/www.facebook.com\/ruishengglassbottles","https:\/\/www.instagram.com\/Ruishengglassbottlewholesales\/","https:\/\/www.youtube.com\/channel\/UCMmbMNGwsL-XrtjfSFLCdVQ"]}]}},"_links":{"self":[{"href":"https:\/\/ruishengglassco.com\/it\/wp-json\/wp\/v2\/product\/4125","targetHints":{"allow":["GET"]}}],"collection":[{"href":"https:\/\/ruishengglassco.com\/it\/wp-json\/wp\/v2\/product"}],"about":[{"href":"https:\/\/ruishengglassco.com\/it\/wp-json\/wp\/v2\/types\/product"}],"replies":[{"embeddable":true,"href":"https:\/\/ruishengglassco.com\/it\/wp-json\/wp\/v2\/comments?post=4125"}],"wp:featuredmedia":[{"embeddable":true,"href":"https:\/\/ruishengglassco.com\/it\/wp-json\/wp\/v2\/media\/4126"}],"wp:attachment":[{"href":"https:\/\/ruishengglassco.com\/it\/wp-json\/wp\/v2\/media?parent=4125"}],"wp:term":[{"taxonomy":"product_cat","embeddable":true,"href":"https:\/\/ruishengglassco.com\/it\/wp-json\/wp\/v2\/product_cat?post=4125"}],"curies":[{"name":"wp","href":"https:\/\/api.w.org\/{rel}","templated":true}]}}