{"id":4119,"date":"2025-03-14T08:55:20","date_gmt":"2025-03-14T00:55:20","guid":{"rendered":"https:\/\/ruishengglassco.com\/?post_type=product&#038;p=4119"},"modified":"2025-07-16T13:24:35","modified_gmt":"2025-07-16T05:24:35","slug":"rs142-acquistare-500ml-bottiglie-di-vetro-da-porcellana-produttore","status":"publish","type":"product","link":"https:\/\/ruishengglassco.com\/it\/prodotto\/rs142-acquistare-500ml-bottiglie-di-vetro-da-porcellana-produttore","title":{"rendered":"RS142: Acquistare bottiglie di vetro da 500ml da Cina Produttore"},"content":{"rendered":"<p>La nostra azienda produce tutti i tipi di bottiglie, bottiglie di profumo, e possiamo farlo anche noi. Questa \u00e8 una bottiglia di vetro colorata da 500 ml; la sua forma \u00e8 piatta e il suo colore \u00e8 trasparente.<br \/>Il materiale di cui disponiamo \u00e8 la selce alta e la selce super; quest'ultima \u00e8 pi\u00f9 dura e pi\u00f9 trasparente. Se desiderate altri colori, ne dipingiamo altri per voi.<br \/>I nostri prodotti sono venduti in tutto il mondo e ci impegniamo sempre a fornire ai clienti i migliori prodotti e servizi. Vendiamo principalmente in America, Russia e Sud-est asiatico.<br \/>I nostri prodotti principali sono bottiglie di vodka, bottiglie di brandy, bottiglie di whisky, bottiglie di liquore, bottiglie di marmellata e cos\u00ec via. Possiamo anche offrire bottiglie di vetro ambrato, bottiglie verdi e bottiglie d'acqua.<br \/>Possiamo garantire che la qualit\u00e0 dei nostri prodotti \u00e8 elevata perch\u00e9 tutte le bottiglie di vetro devono passare un'ispezione rigorosa prima di partire.<br \/>\u00a0<br \/>Molti clienti stranieri ordinano le nostre bottiglie perch\u00e9, una volta acquistate, torneranno la prossima volta.<br \/>Ritengo che i nostri prodotti siano di alta qualit\u00e0 e speriamo che possiate fidarvi di noi. Se non vi fidate di noi, non esitate a visitare la nostra fabbrica.<br \/>La nostra azienda accetta anche bottiglie personalizzate; se potete fornirci dei disegni, possiamo fare lo stesso.<br \/>Non esitate a contattarci se vi piace questa bottiglia se non vi piace questa. Possiamo inviarle il nostro catalogo e lei pu\u00f2 sceglierne qualcuna che le piace e inviarmi una foto.<br \/>Se volete saperne di pi\u00f9 su questa bottiglia, non esitate a contattarci e risponderemo alle vostre domande.<\/p>\n<p>Se siete interessati al nostro questo Comprare bottiglie di vetro colorate 500ml bottiglie di vetro, vi preghiamo di contattarci. Vi risponderemo entro 24 ore.<\/p>","protected":false},"excerpt":{"rendered":"<ul>\n<li>Materiale principale: vetro ad alta percentuale di selce<\/li>\n<li>Tappo: Sughero<\/li>\n<li>Riferimento: RS142<\/li>\n<li>MOQ: 10000 PCS<\/li>\n<li>Capacit\u00e0: in base alla domanda del cliente<\/li>\n<li>Pz\/Ctn:24pz<\/li>\n<li>Origine del luogo: Shandong, Cina<\/li>\n<li>Caratteristiche: Eco-friendly<\/li>\n<\/ul>","protected":false},"featured_media":4120,"comment_status":"closed","ping_status":"closed","template":"","meta":[],"product_cat":[41,52],"class_list":{"0":"post-4119","1":"product","2":"type-product","3":"status-publish","4":"has-post-thumbnail","6":"product_cat-500ml-liquor-bottle-manufacturer","7":"product_cat-vodka-bottle","9":"first","10":"instock","11":"shipping-taxable","12":"product-type-simple"},"yoast_head":"<!-- This site is optimized with the Yoast SEO plugin v22.0 - https:\/\/yoast.com\/wordpress\/plugins\/seo\/ -->\n<title>RS142: Buy 500ml Glass Bottles From China Manufacturer<\/title>\n<meta name=\"description\" content=\"The glass bottles with corks is made by high flint glass material which make the glass bottle more clear, more durable and more smooth.\" \/>\n<meta name=\"robots\" content=\"index, follow, max-snippet:-1, max-image-preview:large, max-video-preview:-1\" \/>\n<link rel=\"canonical\" href=\"https:\/\/ruishengglassco.com\/it\/prodotto\/rs142-acquistare-500ml-bottiglie-di-vetro-da-porcellana-produttore\" \/>\n<meta property=\"og:locale\" content=\"it_IT\" \/>\n<meta property=\"og:type\" content=\"article\" \/>\n<meta property=\"og:title\" content=\"RS142: Buy 500ml Glass Bottles From China Manufacturer\" \/>\n<meta property=\"og:description\" content=\"The glass bottles with corks is made by high flint glass material which make the glass bottle more clear, more durable and more smooth.\" \/>\n<meta property=\"og:url\" content=\"https:\/\/ruishengglassco.com\/it\/prodotto\/rs142-acquistare-500ml-bottiglie-di-vetro-da-porcellana-produttore\" \/>\n<meta property=\"article:publisher\" content=\"https:\/\/www.facebook.com\/ruishengglassbottles\" \/>\n<meta property=\"article:modified_time\" content=\"2025-07-16T05:24:35+00:00\" \/>\n<meta property=\"og:image\" content=\"https:\/\/ruishengglassco.com\/wp-content\/uploads\/2025\/03\/Buy-500ml-Glass-Bottles-From-China-Manufacturer.webp\" \/>\n\t<meta property=\"og:image:width\" content=\"350\" \/>\n\t<meta property=\"og:image:height\" content=\"350\" \/>\n\t<meta property=\"og:image:type\" content=\"image\/webp\" \/>\n<meta name=\"twitter:card\" content=\"summary_large_image\" \/>\n<meta name=\"twitter:label1\" content=\"Tempo di lettura stimato\" \/>\n\t<meta name=\"twitter:data1\" content=\"2 minuti\" \/>\n<script type=\"application\/ld+json\" class=\"yoast-schema-graph\">{\"@context\":\"https:\/\/schema.org\",\"@graph\":[{\"@type\":\"WebPage\",\"@id\":\"https:\/\/ruishengglassco.com\/product\/rs142-buy-500ml-glass-bottles-from-china-manufacturer\",\"url\":\"https:\/\/ruishengglassco.com\/product\/rs142-buy-500ml-glass-bottles-from-china-manufacturer\",\"name\":\"RS142: Buy 500ml Glass Bottles From China Manufacturer\",\"isPartOf\":{\"@id\":\"https:\/\/ruishengglassco.com\/#website\"},\"datePublished\":\"2025-03-14T00:55:20+00:00\",\"dateModified\":\"2025-07-16T05:24:35+00:00\",\"description\":\"The glass bottles with corks is made by high flint glass material which make the glass bottle more clear, more durable and more smooth.\",\"breadcrumb\":{\"@id\":\"https:\/\/ruishengglassco.com\/product\/rs142-buy-500ml-glass-bottles-from-china-manufacturer#breadcrumb\"},\"inLanguage\":\"it-IT\",\"potentialAction\":[{\"@type\":\"ReadAction\",\"target\":[\"https:\/\/ruishengglassco.com\/product\/rs142-buy-500ml-glass-bottles-from-china-manufacturer\"]}]},{\"@type\":\"BreadcrumbList\",\"@id\":\"https:\/\/ruishengglassco.com\/product\/rs142-buy-500ml-glass-bottles-from-china-manufacturer#breadcrumb\",\"itemListElement\":[{\"@type\":\"ListItem\",\"position\":1,\"name\":\"Home\",\"item\":\"https:\/\/ruishengglassco.com\/\"},{\"@type\":\"ListItem\",\"position\":2,\"name\":\"Products\",\"item\":\"https:\/\/ruishengglassco.com\/products\"},{\"@type\":\"ListItem\",\"position\":3,\"name\":\"RS142: Buy 500ml Glass Bottles From China Manufacturer\"}]},{\"@type\":\"WebSite\",\"@id\":\"https:\/\/ruishengglassco.com\/#website\",\"url\":\"https:\/\/ruishengglassco.com\/\",\"name\":\"Ruisheng Glass\",\"description\":\"\",\"publisher\":{\"@id\":\"https:\/\/ruishengglassco.com\/#organization\"},\"potentialAction\":[{\"@type\":\"SearchAction\",\"target\":{\"@type\":\"EntryPoint\",\"urlTemplate\":\"https:\/\/ruishengglassco.com\/?s={search_term_string}\"},\"query-input\":\"required name=search_term_string\"}],\"inLanguage\":\"it-IT\"},{\"@type\":\"Organization\",\"@id\":\"https:\/\/ruishengglassco.com\/#organization\",\"name\":\"Shandong Yuncheng Ruisheng Glass Co., Ltd\",\"url\":\"https:\/\/ruishengglassco.com\/\",\"logo\":{\"@type\":\"ImageObject\",\"inLanguage\":\"it-IT\",\"@id\":\"https:\/\/ruishengglassco.com\/#\/schema\/logo\/image\/\",\"url\":\"https:\/\/ruishengglassco.com\/wp-content\/uploads\/2023\/09\/ruisheng_logo_icon.webp\",\"contentUrl\":\"https:\/\/ruishengglassco.com\/wp-content\/uploads\/2023\/09\/ruisheng_logo_icon.webp\",\"width\":400,\"height\":233,\"caption\":\"Shandong Yuncheng Ruisheng Glass Co., Ltd\"},\"image\":{\"@id\":\"https:\/\/ruishengglassco.com\/#\/schema\/logo\/image\/\"},\"sameAs\":[\"https:\/\/www.facebook.com\/ruishengglassbottles\",\"https:\/\/www.instagram.com\/Ruishengglassbottlewholesales\/\",\"https:\/\/www.youtube.com\/channel\/UCMmbMNGwsL-XrtjfSFLCdVQ\"]}]}<\/script>\n<!-- \/ Yoast SEO plugin. -->","yoast_head_json":{"title":"RS142: Buy 500ml Glass Bottles From China Manufacturer","description":"The glass bottles with corks is made by high flint glass material which make the glass bottle more clear, more durable and more smooth.","robots":{"index":"index","follow":"follow","max-snippet":"max-snippet:-1","max-image-preview":"max-image-preview:large","max-video-preview":"max-video-preview:-1"},"canonical":"https:\/\/ruishengglassco.com\/it\/prodotto\/rs142-acquistare-500ml-bottiglie-di-vetro-da-porcellana-produttore","og_locale":"it_IT","og_type":"article","og_title":"RS142: Buy 500ml Glass Bottles From China Manufacturer","og_description":"The glass bottles with corks is made by high flint glass material which make the glass bottle more clear, more durable and more smooth.","og_url":"https:\/\/ruishengglassco.com\/it\/prodotto\/rs142-acquistare-500ml-bottiglie-di-vetro-da-porcellana-produttore","article_publisher":"https:\/\/www.facebook.com\/ruishengglassbottles","article_modified_time":"2025-07-16T05:24:35+00:00","og_image":[{"width":350,"height":350,"url":"https:\/\/ruishengglassco.com\/wp-content\/uploads\/2025\/03\/Buy-500ml-Glass-Bottles-From-China-Manufacturer.webp","type":"image\/webp"}],"twitter_card":"summary_large_image","twitter_misc":{"Tempo di lettura stimato":"2 minuti"},"schema":{"@context":"https:\/\/schema.org","@graph":[{"@type":"WebPage","@id":"https:\/\/ruishengglassco.com\/product\/rs142-buy-500ml-glass-bottles-from-china-manufacturer","url":"https:\/\/ruishengglassco.com\/product\/rs142-buy-500ml-glass-bottles-from-china-manufacturer","name":"RS142: Buy 500ml Glass Bottles From China Manufacturer","isPartOf":{"@id":"https:\/\/ruishengglassco.com\/#website"},"datePublished":"2025-03-14T00:55:20+00:00","dateModified":"2025-07-16T05:24:35+00:00","description":"The glass bottles with corks is made by high flint glass material which make the glass bottle more clear, more durable and more smooth.","breadcrumb":{"@id":"https:\/\/ruishengglassco.com\/product\/rs142-buy-500ml-glass-bottles-from-china-manufacturer#breadcrumb"},"inLanguage":"it-IT","potentialAction":[{"@type":"ReadAction","target":["https:\/\/ruishengglassco.com\/product\/rs142-buy-500ml-glass-bottles-from-china-manufacturer"]}]},{"@type":"BreadcrumbList","@id":"https:\/\/ruishengglassco.com\/product\/rs142-buy-500ml-glass-bottles-from-china-manufacturer#breadcrumb","itemListElement":[{"@type":"ListItem","position":1,"name":"Home","item":"https:\/\/ruishengglassco.com\/"},{"@type":"ListItem","position":2,"name":"Products","item":"https:\/\/ruishengglassco.com\/products"},{"@type":"ListItem","position":3,"name":"RS142: Buy 500ml Glass Bottles From China Manufacturer"}]},{"@type":"WebSite","@id":"https:\/\/ruishengglassco.com\/#website","url":"https:\/\/ruishengglassco.com\/","name":"Ruisheng Glass","description":"","publisher":{"@id":"https:\/\/ruishengglassco.com\/#organization"},"potentialAction":[{"@type":"SearchAction","target":{"@type":"EntryPoint","urlTemplate":"https:\/\/ruishengglassco.com\/?s={search_term_string}"},"query-input":"required name=search_term_string"}],"inLanguage":"it-IT"},{"@type":"Organization","@id":"https:\/\/ruishengglassco.com\/#organization","name":"Shandong Yuncheng Ruisheng Glass Co., Ltd","url":"https:\/\/ruishengglassco.com\/","logo":{"@type":"ImageObject","inLanguage":"it-IT","@id":"https:\/\/ruishengglassco.com\/#\/schema\/logo\/image\/","url":"https:\/\/ruishengglassco.com\/wp-content\/uploads\/2023\/09\/ruisheng_logo_icon.webp","contentUrl":"https:\/\/ruishengglassco.com\/wp-content\/uploads\/2023\/09\/ruisheng_logo_icon.webp","width":400,"height":233,"caption":"Shandong Yuncheng Ruisheng Glass Co., Ltd"},"image":{"@id":"https:\/\/ruishengglassco.com\/#\/schema\/logo\/image\/"},"sameAs":["https:\/\/www.facebook.com\/ruishengglassbottles","https:\/\/www.instagram.com\/Ruishengglassbottlewholesales\/","https:\/\/www.youtube.com\/channel\/UCMmbMNGwsL-XrtjfSFLCdVQ"]}]}},"_links":{"self":[{"href":"https:\/\/ruishengglassco.com\/it\/wp-json\/wp\/v2\/product\/4119","targetHints":{"allow":["GET"]}}],"collection":[{"href":"https:\/\/ruishengglassco.com\/it\/wp-json\/wp\/v2\/product"}],"about":[{"href":"https:\/\/ruishengglassco.com\/it\/wp-json\/wp\/v2\/types\/product"}],"replies":[{"embeddable":true,"href":"https:\/\/ruishengglassco.com\/it\/wp-json\/wp\/v2\/comments?post=4119"}],"wp:featuredmedia":[{"embeddable":true,"href":"https:\/\/ruishengglassco.com\/it\/wp-json\/wp\/v2\/media\/4120"}],"wp:attachment":[{"href":"https:\/\/ruishengglassco.com\/it\/wp-json\/wp\/v2\/media?parent=4119"}],"wp:term":[{"taxonomy":"product_cat","embeddable":true,"href":"https:\/\/ruishengglassco.com\/it\/wp-json\/wp\/v2\/product_cat?post=4119"}],"curies":[{"name":"wp","href":"https:\/\/api.w.org\/{rel}","templated":true}]}}