{"id":5481,"date":"2026-01-30T08:32:49","date_gmt":"2026-01-30T00:32:49","guid":{"rendered":"https:\/\/ruishengglassco.com\/?page_id=5481"},"modified":"2026-01-30T13:54:38","modified_gmt":"2026-01-30T05:54:38","slug":"servizio-post-vendita","status":"publish","type":"page","link":"https:\/\/ruishengglassco.com\/it\/servizio-post-vendita","title":{"rendered":"Servizio post vendita"},"content":{"rendered":"<section class=\"section\" id=\"section_2030178797\">\n\t\t<div class=\"bg section-bg fill bg-fill  bg-loaded\" >\n\n\t\t\t\n\t\t\t\n\t\t\t\n\n\t\t<\/div>\n\n\t\t\n\n\t\t<div class=\"section-content relative\">\n\t\t\t\n<div class=\"row align-middle\"  id=\"row-155333813\">\n\n\t<div id=\"col-2023110610\" class=\"col medium-6 small-12 large-6\"  >\n\t\t\t\t<div class=\"col-inner text-center\"  >\n\t\t\t\n\t\t\t\n<h1 style=\"text-align: center;\">Servizio post-vendita del vetro Ruisheng<\/h1>\n<p>Benvenuti nel nostro centro di assistenza post-vendita. Ruisheng Glass si impegna a fornire ai clienti bottiglie per liquori di alta qualit\u00e0 e a offrire un supporto stabile e affidabile in ogni fase della nostra collaborazione. Dalla consegna dell'ordine all'utilizzo successivo, il nostro team di assistenza post-vendita seguir\u00e0 prontamente i clienti per garantire la risoluzione dei loro problemi.<\/p>\n<p>La nostra garanzia di servizio: Il nostro team post-vendita \u00e8 composto da professionisti con molti anni di esperienza nel settore, che hanno familiarit\u00e0 con il coordinamento della logistica, l'ispezione della qualit\u00e0 e il supporto tecnico. Grazie alla nostra profonda conoscenza del settore degli imballaggi in vetro, siamo in grado di gestire efficacemente problemi comuni come la protezione del trasporto, la qualit\u00e0 del prodotto e la compatibilit\u00e0 d'uso e di fornirvi soluzioni pratiche.<\/p>\n<a class=\"button primary is-pop\"  >\n    <span>Contatto con il vetro Ruisheng<\/span>\n  <\/a>\n\n\t\t<\/div>\n\t\t\t\t\t<\/div>\n\n\t\n\n\t<div id=\"col-1610341861\" class=\"col medium-6 small-12 large-6\"  >\n\t\t\t\t<div class=\"col-inner\"  >\n\t\t\t\n\t\t\t\n\t<div class=\"img has-hover x md-x lg-x y md-y lg-y\" id=\"image_431429312\">\n\t\t\t\t\t\t\t\t<div class=\"img-inner dark\" >\n\t\t\t<img decoding=\"async\" width=\"969\" height=\"969\" src=\"https:\/\/ruishengglassco.com\/wp-content\/uploads\/2024\/04\/glassbottle_design.webp\" class=\"attachment-original size-original\" alt=\"vetrobottiglia_design\" srcset=\"https:\/\/ruishengglassco.com\/wp-content\/uploads\/2024\/04\/glassbottle_design.webp 969w, https:\/\/ruishengglassco.com\/wp-content\/uploads\/2024\/04\/glassbottle_design-300x300.webp 300w, https:\/\/ruishengglassco.com\/wp-content\/uploads\/2024\/04\/glassbottle_design-80x80.webp 80w, https:\/\/ruishengglassco.com\/wp-content\/uploads\/2024\/04\/glassbottle_design-768x768.webp 768w, https:\/\/ruishengglassco.com\/wp-content\/uploads\/2024\/04\/glassbottle_design-500x500.webp 500w, https:\/\/ruishengglassco.com\/wp-content\/uploads\/2024\/04\/glassbottle_design-800x800.webp 800w, https:\/\/ruishengglassco.com\/wp-content\/uploads\/2024\/04\/glassbottle_design-100x100.webp 100w\" sizes=\"(max-width: 969px) 100vw, 969px\" \/>\t\t\t\t\t\t\n\t\t\t\t\t<\/div>\n\t\t\t\t\t\t\t\t\n<style>\n#image_431429312 {\n  width: 100%;\n}\n<\/style>\n\t<\/div>\n\t\n\t\t<\/div>\n\t\t\t\t\t<\/div>\n\n\t\n<\/div>\n\t\t<\/div>\n\n\t\t\n<style>\n#section_2030178797 {\n  padding-top: 30px;\n  padding-bottom: 30px;\n}\n<\/style>\n\t<\/section>\n\t\n\t<section class=\"section\" id=\"section_217690604\">\n\t\t<div class=\"bg section-bg fill bg-fill  bg-loaded\" >\n\n\t\t\t\n\t\t\t\n\t\t\t\n\n\t\t<\/div>\n\n\t\t\n\n\t\t<div class=\"section-content relative\">\n\t\t\t\n<div class=\"row\"  id=\"row-441753151\">\n\n\t<div id=\"col-1709553141\" class=\"col small-12 large-12\"  >\n\t\t\t\t<div class=\"col-inner\"  >\n\t\t\t\n\t\t\t\n<h2 style=\"text-align: center;\">Assistenza completa, cooperazione senza preoccupazioni<\/h2>\n\t\t<\/div>\n\t\t\t\t\t<\/div>\n\n\t\n<\/div>\n<div class=\"row\"  id=\"row-1936334733\">\n\n\t<div id=\"col-1828531110\" class=\"col medium-3 small-12 large-3\"  >\n\t\t\t\t<div class=\"col-inner\"  >\n\t\t\t\n\t\t\t\n\n\t\t<div class=\"icon-box featured-box icon-box-center text-center\"  >\n\t\t\t\t\t<div class=\"icon-box-img\" style=\"width: 60px\">\n\t\t\t\t<div class=\"icon\">\n\t\t\t\t\t<div class=\"icon-inner\" >\n\t\t\t\t\t\t<img decoding=\"async\" width=\"300\" height=\"300\" src=\"https:\/\/ruishengglassco.com\/wp-content\/uploads\/2026\/01\/support-300x300.png\" class=\"attachment-medium size-medium\" alt=\"\" srcset=\"https:\/\/ruishengglassco.com\/wp-content\/uploads\/2026\/01\/support-300x300.png 300w, https:\/\/ruishengglassco.com\/wp-content\/uploads\/2026\/01\/support-80x80.png 80w, https:\/\/ruishengglassco.com\/wp-content\/uploads\/2026\/01\/support-12x12.png 12w, https:\/\/ruishengglassco.com\/wp-content\/uploads\/2026\/01\/support-500x500.png 500w, https:\/\/ruishengglassco.com\/wp-content\/uploads\/2026\/01\/support-100x100.png 100w, https:\/\/ruishengglassco.com\/wp-content\/uploads\/2026\/01\/support.png 512w\" sizes=\"(max-width: 300px) 100vw, 300px\" \/>\t\t\t\t\t<\/div>\n\t\t\t\t<\/div>\n\t\t\t<\/div>\n\t\t\t\t<div class=\"icon-box-text last-reset\">\n\t\t\t\t\t\t\t\t\t\n<h3>Risposta rapida 24 ore su 24<\/h3>\n<p>Durante i giorni lavorativi, le vostre richieste e i vostri feedback riceveranno un follow-up dedicato e una prima risposta entro 24 ore, con priorit\u00e0 alle questioni urgenti.<\/p>\n\t\t<\/div>\n\t<\/div>\n\t\n\t\n\t\t<\/div>\n\t\t\t\t\t<\/div>\n\n\t\n\n\t<div id=\"col-2025289746\" class=\"col medium-3 small-12 large-3\"  >\n\t\t\t\t<div class=\"col-inner\"  >\n\t\t\t\n\t\t\t\n\n\t\t<div class=\"icon-box featured-box icon-box-center text-center\"  >\n\t\t\t\t\t<div class=\"icon-box-img\" style=\"width: 60px\">\n\t\t\t\t<div class=\"icon\">\n\t\t\t\t\t<div class=\"icon-inner\" >\n\t\t\t\t\t\t<img decoding=\"async\" width=\"300\" height=\"300\" src=\"https:\/\/ruishengglassco.com\/wp-content\/uploads\/2026\/01\/professional-300x300.png\" class=\"attachment-medium size-medium\" alt=\"\" srcset=\"https:\/\/ruishengglassco.com\/wp-content\/uploads\/2026\/01\/professional-300x300.png 300w, https:\/\/ruishengglassco.com\/wp-content\/uploads\/2026\/01\/professional-80x80.png 80w, https:\/\/ruishengglassco.com\/wp-content\/uploads\/2026\/01\/professional-12x12.png 12w, https:\/\/ruishengglassco.com\/wp-content\/uploads\/2026\/01\/professional-500x500.png 500w, https:\/\/ruishengglassco.com\/wp-content\/uploads\/2026\/01\/professional-100x100.png 100w, https:\/\/ruishengglassco.com\/wp-content\/uploads\/2026\/01\/professional.png 512w\" sizes=\"(max-width: 300px) 100vw, 300px\" \/>\t\t\t\t\t<\/div>\n\t\t\t\t<\/div>\n\t\t\t<\/div>\n\t\t\t\t<div class=\"icon-box-text last-reset\">\n\t\t\t\t\t\t\t\t\t\n<h3>Soluzioni professionali ed efficienti<\/h3>\n<p>Che si tratti di danni da trasporto, difetti di qualit\u00e0, richieste tecniche o consigli d'uso, forniremo soluzioni pratiche basate sulla situazione reale - senza scuse, senza ritardi.<\/p>\n\t\t<\/div>\n\t<\/div>\n\t\n\t\n\t\t<\/div>\n\t\t\t\t\t<\/div>\n\n\t\n\n\t<div id=\"col-1904292071\" class=\"col medium-3 small-12 large-3\"  >\n\t\t\t\t<div class=\"col-inner\"  >\n\t\t\t\n\t\t\t\n\n\t\t<div class=\"icon-box featured-box icon-box-center text-center\"  >\n\t\t\t\t\t<div class=\"icon-box-img\" style=\"width: 60px\">\n\t\t\t\t<div class=\"icon\">\n\t\t\t\t\t<div class=\"icon-inner\" >\n\t\t\t\t\t\t<img decoding=\"async\" width=\"300\" height=\"300\" src=\"https:\/\/ruishengglassco.com\/wp-content\/uploads\/2026\/01\/rfid-300x300.png\" class=\"attachment-medium size-medium\" alt=\"\" srcset=\"https:\/\/ruishengglassco.com\/wp-content\/uploads\/2026\/01\/rfid-300x300.png 300w, https:\/\/ruishengglassco.com\/wp-content\/uploads\/2026\/01\/rfid-80x80.png 80w, https:\/\/ruishengglassco.com\/wp-content\/uploads\/2026\/01\/rfid-12x12.png 12w, https:\/\/ruishengglassco.com\/wp-content\/uploads\/2026\/01\/rfid-500x500.png 500w, https:\/\/ruishengglassco.com\/wp-content\/uploads\/2026\/01\/rfid-100x100.png 100w, https:\/\/ruishengglassco.com\/wp-content\/uploads\/2026\/01\/rfid.png 512w\" sizes=\"(max-width: 300px) 100vw, 300px\" \/>\t\t\t\t\t<\/div>\n\t\t\t\t<\/div>\n\t\t\t<\/div>\n\t\t\t\t<div class=\"icon-box-text last-reset\">\n\t\t\t\t\t\t\t\t\t\n<h3>Servizio di tracciamento dell'intero processo<\/h3>\n<p>Seguiremo il processo di risoluzione dei problemi dall'inizio alla fine, fino a quando le vostre esigenze saranno pienamente soddisfatte, assicurandovi un'esperienza priva di preoccupazioni con ogni collaborazione.<\/p>\n\t\t<\/div>\n\t<\/div>\n\t\n\t\n\t\t<\/div>\n\t\t\t\t\t<\/div>\n\n\t\n\n\t<div id=\"col-837873684\" class=\"col medium-3 small-12 large-3\"  >\n\t\t\t\t<div class=\"col-inner\"  >\n\t\t\t\n\t\t\t\n\n\t\t<div class=\"icon-box featured-box icon-box-center text-center\"  >\n\t\t\t\t\t<div class=\"icon-box-img\" style=\"width: 60px\">\n\t\t\t\t<div class=\"icon\">\n\t\t\t\t\t<div class=\"icon-inner\" >\n\t\t\t\t\t\t<img decoding=\"async\" width=\"300\" height=\"300\" src=\"https:\/\/ruishengglassco.com\/wp-content\/uploads\/2026\/01\/feedback-loop-300x300.png\" class=\"attachment-medium size-medium\" alt=\"\" srcset=\"https:\/\/ruishengglassco.com\/wp-content\/uploads\/2026\/01\/feedback-loop-300x300.png 300w, https:\/\/ruishengglassco.com\/wp-content\/uploads\/2026\/01\/feedback-loop-80x80.png 80w, https:\/\/ruishengglassco.com\/wp-content\/uploads\/2026\/01\/feedback-loop-12x12.png 12w, https:\/\/ruishengglassco.com\/wp-content\/uploads\/2026\/01\/feedback-loop-500x500.png 500w, https:\/\/ruishengglassco.com\/wp-content\/uploads\/2026\/01\/feedback-loop-100x100.png 100w, https:\/\/ruishengglassco.com\/wp-content\/uploads\/2026\/01\/feedback-loop.png 512w\" sizes=\"(max-width: 300px) 100vw, 300px\" \/>\t\t\t\t\t<\/div>\n\t\t\t\t<\/div>\n\t\t\t<\/div>\n\t\t\t\t<div class=\"icon-box-text last-reset\">\n\t\t\t\t\t\t\t\t\t\n<h3>Miglioramento continuo<\/h3>\n<p>Ogni feedback \u00e8 molto importante per noi. Esamineremo regolarmente i problemi post-vendita, ottimizzeremo continuamente la produzione, l'imballaggio, la logistica e il servizio complessivo per migliorare continuamente la vostra esperienza di cooperazione.<\/p>\n\t\t<\/div>\n\t<\/div>\n\t\n\t\n\t\t<\/div>\n\t\t\t\t\t<\/div>\n\n\t\n<\/div>\n<div class=\"row\"  id=\"row-321455364\">\n\n\t<div id=\"col-1400023008\" class=\"col small-12 large-12\"  >\n\t\t\t\t<div class=\"col-inner text-center\"  >\n\t\t\t\n\t\t\t\n<a class=\"button primary is-pop\"  >\n    <span>Contatto con il vetro Ruisheng<\/span>\n  <\/a>\n\n\t\t<\/div>\n\t\t\t\t\t<\/div>\n\n\t\n<\/div>\n\t\t<\/div>\n\n\t\t\n<style>\n#section_217690604 {\n  padding-top: 30px;\n  padding-bottom: 30px;\n}\n<\/style>\n\t<\/section>\n\t\n\t<section class=\"section\" id=\"section_1169230288\">\n\t\t<div class=\"bg section-bg fill bg-fill  bg-loaded\" >\n\n\t\t\t\n\t\t\t\n\t\t\t\n\n\t\t<\/div>\n\n\t\t\n\n\t\t<div class=\"section-content relative\">\n\t\t\t\n<div class=\"row\"  id=\"row-329576560\">\n\n\t<div id=\"col-270263740\" class=\"col small-12 large-12\"  >\n\t\t\t\t<div class=\"col-inner\"  >\n\t\t\t\n\t\t\t\n<h2 style=\"text-align: center;\">Servizi post-vendita fondamentali: Imballaggio, garanzia e restituzione\/cambio<\/h2>\n<h3>1. Informazioni sull'imballaggio<\/h3>\n<p>Le bottiglie di vetro sono maggiormente soggette a danni dovuti a collisioni e compressioni durante il trasporto, per cui dedichiamo uno sforzo supplementare all'imballaggio.<\/p>\n<p>A seconda delle dimensioni e della quantit\u00e0 delle bottiglie, utilizziamo divisori in schiuma antiurto, scatole di cartone ispessito e rivestimenti interni individuali per proteggere le vostre bottiglie di vetro. Questo riduce al minimo le collisioni e le abrasioni, assicurando che le vostre bottiglie di liquore arrivino in perfette condizioni.<\/p>\n<p>Nella spedizione effettiva, consideriamo anche le situazioni incontrollabili che possono verificarsi durante il trasporto a lunga distanza, per cui nell'ordine stabiliamo una tolleranza di quantit\u00e0 di \u00b12%. Questo garantisce che, anche se un piccolo numero di bottiglie viene danneggiato durante il trasporto, ci\u00f2 non influir\u00e0 sul normale utilizzo da parte del cliente.<\/p>\n<h3>2. Informazioni sulla garanzia e sui resi\/cambiamenti<\/h3>\n<p>In condizioni normali di utilizzo e conservazione, se le bottiglie di vetro presentano difetti di qualit\u00e0 dovuti ai processi di produzione o ai materiali, come la rottura della bottiglia, lo spessore non uniforme, la deformazione del collo della bottiglia o la scarsa tenuta, forniremo la relativa assistenza post-vendita.<\/p>\n<p>Si noti che i problemi causati da un uso improprio durante il trasporto, da un immagazzinamento non corretto, da un errore umano durante l'uso o dalla normale usura non sono generalmente coperti dalla garanzia.<\/p>\n<p>Se alla ricezione delle bottiglie di vetro si riscontrano danni evidenti, problemi di qualit\u00e0 o discrepanze nella quantit\u00e0, si prega di contattarci entro 7 giorni lavorativi. \u00c8 necessario fornire il numero d'ordine, le informazioni sul prodotto e le foto o i video pertinenti, in modo che possiamo capire e verificare rapidamente la situazione. Una volta confermata la situazione, provvederemo alla sostituzione, al rimborso o ad altre soluzioni appropriate in base alle circostanze effettive per ridurre al minimo gli inconvenienti.<\/p>\n<h3>3. Processo di assistenza post-vendita Ruisheng<\/h3>\n<ul>\n<li><strong>Ricevimento e ispezione<\/strong><\/li>\n<\/ul>\n<p>Dopo aver ricevuto le bottiglie di vetro, vi consigliamo di controllare rapidamente che l'imballaggio esterno non sia danneggiato, di verificare la quantit\u00e0 e di controllare eventuali danni durante il trasporto. In caso di problemi, vi preghiamo di informarci tempestivamente e ci occuperemo di risolvere il problema nel pi\u00f9 breve tempo possibile.<\/p>\n<ul>\n<li><strong>Feedback sul problema<\/strong><\/li>\n<\/ul>\n<p>Se si notano anomalie nelle bottiglie di vetro, si prega di inviare i dati dell'ordine e foto o video chiari in modo da poter determinare la causa del problema.<\/p>\n<ul>\n<li><strong>Conferma e soluzione<\/strong><\/li>\n<\/ul>\n<p>Valuteremo la situazione specifica e comunicheremo con voi per determinare la soluzione pi\u00f9 appropriata.<\/p>\n<ul>\n<li><strong>Seguito<\/strong><\/li>\n<\/ul>\n<p>Una volta risolto il problema, ci assicureremo che il cliente abbia ricevuto il prodotto sostitutivo o la relativa risoluzione.<\/p>\n\t\t<\/div>\n\t\t\t\t\t<\/div>\n\n\t\n<\/div>\n\t\t<\/div>\n\n\t\t\n<style>\n#section_1169230288 {\n  padding-top: 30px;\n  padding-bottom: 30px;\n}\n<\/style>\n\t<\/section>\n\t\n\t<section class=\"section\" id=\"section_1146663310\">\n\t\t<div class=\"bg section-bg fill bg-fill  bg-loaded\" >\n\n\t\t\t\n\t\t\t\n\t\t\t\n\n\t\t<\/div>\n\n\t\t\n\n\t\t<div class=\"section-content relative\">\n\t\t\t\n<div class=\"row align-middle\"  id=\"row-1268161858\">\n\n\t<div id=\"col-2036640757\" class=\"col medium-3 small-12 large-3\"  >\n\t\t\t\t<div class=\"col-inner\"  >\n\t\t\t\n\t\t\t\n\t<div class=\"img has-hover x md-x lg-x y md-y lg-y\" id=\"image_704939010\">\n\t\t\t\t\t\t\t\t<div class=\"img-inner dark\" >\n\t\t\t<img decoding=\"async\" width=\"512\" height=\"512\" src=\"https:\/\/ruishengglassco.com\/wp-content\/uploads\/2026\/01\/customer-service.png\" class=\"attachment-original size-original\" alt=\"servizio clienti\" srcset=\"https:\/\/ruishengglassco.com\/wp-content\/uploads\/2026\/01\/customer-service.png 512w, https:\/\/ruishengglassco.com\/wp-content\/uploads\/2026\/01\/customer-service-300x300.png 300w, https:\/\/ruishengglassco.com\/wp-content\/uploads\/2026\/01\/customer-service-80x80.png 80w, https:\/\/ruishengglassco.com\/wp-content\/uploads\/2026\/01\/customer-service-12x12.png 12w, https:\/\/ruishengglassco.com\/wp-content\/uploads\/2026\/01\/customer-service-500x500.png 500w, https:\/\/ruishengglassco.com\/wp-content\/uploads\/2026\/01\/customer-service-100x100.png 100w\" sizes=\"(max-width: 512px) 100vw, 512px\" \/>\t\t\t\t\t\t\n\t\t\t\t\t<\/div>\n\t\t\t\t\t\t\t\t\n<style>\n#image_704939010 {\n  width: 100%;\n}\n<\/style>\n\t<\/div>\n\t\n\t\t<\/div>\n\t\t\t\t\t<\/div>\n\n\t\n\n\t<div id=\"col-1830199813\" class=\"col medium-9 small-12 large-9\"  >\n\t\t\t\t<div class=\"col-inner text-center\"  >\n\t\t\t\n\t\t\t\n\t<div id=\"text-2969407189\" class=\"text\">\n\t\t\n<h2><strong>Avete bisogno di assistenza? Siamo qui per voi 24 ore su 24, 7 giorni su 7, tutti i giorni dell'anno.<\/strong><\/h2>\n\t\t\n<style>\n#text-2969407189 {\n  font-size: 1.2rem;\n}\n<\/style>\n\t<\/div>\n\t\n\t<div id=\"gap-1944263100\" class=\"gap-element clearfix\" style=\"display:block; height:auto;\">\n\t\t\n<style>\n#gap-1944263100 {\n  padding-top: 30px;\n}\n<\/style>\n\t<\/div>\n\t\n\t<div id=\"text-3453249037\" class=\"text\">\n\t\t\n<p>La vostra soddisfazione \u00e8 importante per noi. Ecco perch\u00e9 il nostro supporto non si ferma alla consegna. Costruito su una partnership a lungo termine e sull'affidabilit\u00e0, il nostro team in Cina \u00e8 sempre pronto ad assistervi ogni volta che ne avete bisogno.<\/p>\n\t\t\n<style>\n#text-3453249037 {\n  font-size: 1rem;\n  text-align: left;\n}\n<\/style>\n\t<\/div>\n\t\n<a href=\"https:\/\/ruishengglassco.com\/it\/faq\/\" class=\"button primary is-outline is-xlarge is-pop\"  style=\"padding:0px 90px 0px 90px;\">\n    <span>Domande frequenti<\/span>\n  <\/a>\n\n<a class=\"button primary is-outline is-xlarge is-pop\"  >\n    <span>Contatto ora<\/span>\n  <\/a>\n\n\t\t<\/div>\n\t\t\t\t\t<\/div>\n\n\t\n<\/div>\n\t\t<\/div>\n\n\t\t\n<style>\n#section_1146663310 {\n  padding-top: 30px;\n  padding-bottom: 30px;\n}\n<\/style>\n\t<\/section>","protected":false},"excerpt":{"rendered":"","protected":false},"author":10,"featured_media":0,"parent":0,"menu_order":0,"comment_status":"closed","ping_status":"closed","template":"page-blank.php","meta":{"footnotes":""},"class_list":["post-5481","page","type-page","status-publish","hentry"],"yoast_head":"<!-- This site is optimized with the Yoast SEO plugin v22.0 - https:\/\/yoast.com\/wordpress\/plugins\/seo\/ -->\n<title>Ruisheng Glass After-Sales Service<\/title>\n<meta name=\"description\" content=\"At Ruisheng Glass, we are committed to providing not only high-quality glass bottles but also reliable and professional support throughout your entire experience with us.\" \/>\n<meta name=\"robots\" content=\"index, follow, max-snippet:-1, max-image-preview:large, max-video-preview:-1\" \/>\n<link rel=\"canonical\" href=\"https:\/\/ruishengglassco.com\/it\/servizio-post-vendita\" \/>\n<meta property=\"og:locale\" content=\"it_IT\" \/>\n<meta property=\"og:type\" content=\"article\" \/>\n<meta property=\"og:title\" content=\"Ruisheng Glass After-Sales Service\" \/>\n<meta property=\"og:description\" content=\"At Ruisheng Glass, we are committed to providing not only high-quality glass bottles but also reliable and professional support throughout your entire experience with us.\" \/>\n<meta property=\"og:url\" content=\"https:\/\/ruishengglassco.com\/it\/servizio-post-vendita\" \/>\n<meta property=\"article:publisher\" content=\"https:\/\/www.facebook.com\/ruishengglassbottles\" \/>\n<meta property=\"article:modified_time\" content=\"2026-01-30T05:54:38+00:00\" \/>\n<meta name=\"twitter:card\" content=\"summary_large_image\" \/>\n<script type=\"application\/ld+json\" class=\"yoast-schema-graph\">{\"@context\":\"https:\/\/schema.org\",\"@graph\":[{\"@type\":\"WebPage\",\"@id\":\"https:\/\/ruishengglassco.com\/after-sales-service\",\"url\":\"https:\/\/ruishengglassco.com\/after-sales-service\",\"name\":\"Ruisheng Glass After-Sales Service\",\"isPartOf\":{\"@id\":\"https:\/\/ruishengglassco.com\/#website\"},\"datePublished\":\"2026-01-30T00:32:49+00:00\",\"dateModified\":\"2026-01-30T05:54:38+00:00\",\"description\":\"At Ruisheng Glass, we are committed to providing not only high-quality glass bottles but also reliable and professional support throughout your entire experience with us.\",\"breadcrumb\":{\"@id\":\"https:\/\/ruishengglassco.com\/after-sales-service#breadcrumb\"},\"inLanguage\":\"it-IT\",\"potentialAction\":[{\"@type\":\"ReadAction\",\"target\":[\"https:\/\/ruishengglassco.com\/after-sales-service\"]}]},{\"@type\":\"BreadcrumbList\",\"@id\":\"https:\/\/ruishengglassco.com\/after-sales-service#breadcrumb\",\"itemListElement\":[{\"@type\":\"ListItem\",\"position\":1,\"name\":\"Home\",\"item\":\"https:\/\/ruishengglassco.com\/\"},{\"@type\":\"ListItem\",\"position\":2,\"name\":\"After-Sales Service\"}]},{\"@type\":\"WebSite\",\"@id\":\"https:\/\/ruishengglassco.com\/#website\",\"url\":\"https:\/\/ruishengglassco.com\/\",\"name\":\"Ruisheng Glass\",\"description\":\"\",\"publisher\":{\"@id\":\"https:\/\/ruishengglassco.com\/#organization\"},\"potentialAction\":[{\"@type\":\"SearchAction\",\"target\":{\"@type\":\"EntryPoint\",\"urlTemplate\":\"https:\/\/ruishengglassco.com\/?s={search_term_string}\"},\"query-input\":\"required name=search_term_string\"}],\"inLanguage\":\"it-IT\"},{\"@type\":\"Organization\",\"@id\":\"https:\/\/ruishengglassco.com\/#organization\",\"name\":\"Shandong Yuncheng Ruisheng Glass Co., Ltd\",\"url\":\"https:\/\/ruishengglassco.com\/\",\"logo\":{\"@type\":\"ImageObject\",\"inLanguage\":\"it-IT\",\"@id\":\"https:\/\/ruishengglassco.com\/#\/schema\/logo\/image\/\",\"url\":\"https:\/\/ruishengglassco.com\/wp-content\/uploads\/2023\/09\/ruisheng_logo_icon.webp\",\"contentUrl\":\"https:\/\/ruishengglassco.com\/wp-content\/uploads\/2023\/09\/ruisheng_logo_icon.webp\",\"width\":400,\"height\":233,\"caption\":\"Shandong Yuncheng Ruisheng Glass Co., Ltd\"},\"image\":{\"@id\":\"https:\/\/ruishengglassco.com\/#\/schema\/logo\/image\/\"},\"sameAs\":[\"https:\/\/www.facebook.com\/ruishengglassbottles\",\"https:\/\/www.instagram.com\/Ruishengglassbottlewholesales\/\",\"https:\/\/www.youtube.com\/channel\/UCMmbMNGwsL-XrtjfSFLCdVQ\"]}]}<\/script>\n<!-- \/ Yoast SEO plugin. -->","yoast_head_json":{"title":"Ruisheng Glass After-Sales Service","description":"At Ruisheng Glass, we are committed to providing not only high-quality glass bottles but also reliable and professional support throughout your entire experience with us.","robots":{"index":"index","follow":"follow","max-snippet":"max-snippet:-1","max-image-preview":"max-image-preview:large","max-video-preview":"max-video-preview:-1"},"canonical":"https:\/\/ruishengglassco.com\/it\/servizio-post-vendita","og_locale":"it_IT","og_type":"article","og_title":"Ruisheng Glass After-Sales Service","og_description":"At Ruisheng Glass, we are committed to providing not only high-quality glass bottles but also reliable and professional support throughout your entire experience with us.","og_url":"https:\/\/ruishengglassco.com\/it\/servizio-post-vendita","article_publisher":"https:\/\/www.facebook.com\/ruishengglassbottles","article_modified_time":"2026-01-30T05:54:38+00:00","twitter_card":"summary_large_image","schema":{"@context":"https:\/\/schema.org","@graph":[{"@type":"WebPage","@id":"https:\/\/ruishengglassco.com\/after-sales-service","url":"https:\/\/ruishengglassco.com\/after-sales-service","name":"Ruisheng Glass After-Sales Service","isPartOf":{"@id":"https:\/\/ruishengglassco.com\/#website"},"datePublished":"2026-01-30T00:32:49+00:00","dateModified":"2026-01-30T05:54:38+00:00","description":"At Ruisheng Glass, we are committed to providing not only high-quality glass bottles but also reliable and professional support throughout your entire experience with us.","breadcrumb":{"@id":"https:\/\/ruishengglassco.com\/after-sales-service#breadcrumb"},"inLanguage":"it-IT","potentialAction":[{"@type":"ReadAction","target":["https:\/\/ruishengglassco.com\/after-sales-service"]}]},{"@type":"BreadcrumbList","@id":"https:\/\/ruishengglassco.com\/after-sales-service#breadcrumb","itemListElement":[{"@type":"ListItem","position":1,"name":"Home","item":"https:\/\/ruishengglassco.com\/"},{"@type":"ListItem","position":2,"name":"After-Sales Service"}]},{"@type":"WebSite","@id":"https:\/\/ruishengglassco.com\/#website","url":"https:\/\/ruishengglassco.com\/","name":"Ruisheng Glass","description":"","publisher":{"@id":"https:\/\/ruishengglassco.com\/#organization"},"potentialAction":[{"@type":"SearchAction","target":{"@type":"EntryPoint","urlTemplate":"https:\/\/ruishengglassco.com\/?s={search_term_string}"},"query-input":"required name=search_term_string"}],"inLanguage":"it-IT"},{"@type":"Organization","@id":"https:\/\/ruishengglassco.com\/#organization","name":"Shandong Yuncheng Ruisheng Glass Co., Ltd","url":"https:\/\/ruishengglassco.com\/","logo":{"@type":"ImageObject","inLanguage":"it-IT","@id":"https:\/\/ruishengglassco.com\/#\/schema\/logo\/image\/","url":"https:\/\/ruishengglassco.com\/wp-content\/uploads\/2023\/09\/ruisheng_logo_icon.webp","contentUrl":"https:\/\/ruishengglassco.com\/wp-content\/uploads\/2023\/09\/ruisheng_logo_icon.webp","width":400,"height":233,"caption":"Shandong Yuncheng Ruisheng Glass Co., Ltd"},"image":{"@id":"https:\/\/ruishengglassco.com\/#\/schema\/logo\/image\/"},"sameAs":["https:\/\/www.facebook.com\/ruishengglassbottles","https:\/\/www.instagram.com\/Ruishengglassbottlewholesales\/","https:\/\/www.youtube.com\/channel\/UCMmbMNGwsL-XrtjfSFLCdVQ"]}]}},"_links":{"self":[{"href":"https:\/\/ruishengglassco.com\/it\/wp-json\/wp\/v2\/pages\/5481","targetHints":{"allow":["GET"]}}],"collection":[{"href":"https:\/\/ruishengglassco.com\/it\/wp-json\/wp\/v2\/pages"}],"about":[{"href":"https:\/\/ruishengglassco.com\/it\/wp-json\/wp\/v2\/types\/page"}],"author":[{"embeddable":true,"href":"https:\/\/ruishengglassco.com\/it\/wp-json\/wp\/v2\/users\/10"}],"replies":[{"embeddable":true,"href":"https:\/\/ruishengglassco.com\/it\/wp-json\/wp\/v2\/comments?post=5481"}],"version-history":[{"count":9,"href":"https:\/\/ruishengglassco.com\/it\/wp-json\/wp\/v2\/pages\/5481\/revisions"}],"predecessor-version":[{"id":5495,"href":"https:\/\/ruishengglassco.com\/it\/wp-json\/wp\/v2\/pages\/5481\/revisions\/5495"}],"wp:attachment":[{"href":"https:\/\/ruishengglassco.com\/it\/wp-json\/wp\/v2\/media?parent=5481"}],"curies":[{"name":"wp","href":"https:\/\/api.w.org\/{rel}","templated":true}]}}