{"id":3970,"date":"2024-12-11T16:55:26","date_gmt":"2024-12-11T08:55:26","guid":{"rendered":"https:\/\/ruishengglassco.com\/?page_id=3970"},"modified":"2024-12-11T17:09:44","modified_gmt":"2024-12-11T09:09:44","slug":"informativa-sulla-privacy","status":"publish","type":"page","link":"https:\/\/ruishengglassco.com\/it\/informativa-sulla-privacy","title":{"rendered":"Informativa sulla privacy"},"content":{"rendered":"<div>Ultimo aggiornamento il: [2024.12]<\/div>\n<div><\/div>\n<div>Grazie per aver visitato Ruisheng Glass Co. (di seguito \"noi\", \"nostro\"). Teniamo alla vostra privacy e ci impegniamo a proteggere le vostre informazioni personali. La presente informativa sulla privacy spiega come raccogliamo, utilizziamo, proteggiamo e condividiamo le vostre informazioni personali, nonch\u00e9 i vostri diritti connessi all'utilizzo del nostro sito web (ruishengglassco.com).<\/div>\n<div><\/div>\n<div>1. Informazioni raccolte<\/div>\n<div>Quando visitate il nostro sito web, possiamo raccogliere i seguenti tipi di informazioni:<\/div>\n<div><\/div>\n<div>Informazioni personali:<\/div>\n<div>Nome<\/div>\n<div>Indirizzo e-mail<\/div>\n<div>Numero di contatto<\/div>\n<div>Indirizzo<\/div>\n<div>Altre informazioni che possono essere fornite compilando moduli o interagendo con noi<\/div>\n<div>Informazioni non personali:<\/div>\n<div>Tipo di browser<\/div>\n<div>Sistema operativo<\/div>\n<div>Indirizzo IP<\/div>\n<div>Data e ora della visita<\/div>\n<div>Pagine visitate<\/div>\n<div>Informazioni sulla geolocalizzazione (se abilitata)<\/div>\n<div>Statistiche di utilizzo del sito web (ad esempio, dati raccolti tramite cookie)<\/div>\n<div>2. Utilizzo delle informazioni<\/div>\n<div>Le informazioni raccolte vengono utilizzate principalmente per i seguenti scopi:<\/div>\n<div><\/div>\n<div>Fornire e migliorare i servizi: Fornire all'utente un'esperienza di prodotto e di servizio migliore.<\/div>\n<div>Assistenza clienti: Rispondere alle vostre richieste e fornire assistenza post-vendita.<\/div>\n<div>Marketing e promozione: Invio di aggiornamenti relativi ai nostri prodotti, servizi, promozioni e novit\u00e0 (se si sceglie di riceverli).<\/div>\n<div>Requisiti legali e di conformit\u00e0: Rispettare le leggi, le normative e gli standard di settore applicabili.<\/div>\n<div>3. Condivisione e divulgazione delle informazioni<\/div>\n<div>Ci impegniamo a non vendere o affittare le vostre informazioni personali a terzi senza il vostro consenso. Tuttavia, possiamo condividere le vostre informazioni nelle seguenti circostanze:<\/div>\n<div><\/div>\n<div>Fornitori di servizi terzi: Possiamo collaborare con partner terzi per fornire assistenza tecnica, elaborazione dei pagamenti, logistica e servizi di consegna. Questi fornitori di servizi accederanno alle informazioni dell'utente solo quando necessario e dovranno rispettare i termini di protezione della privacy.<\/div>\n<div>Requisiti legali: Possiamo divulgare le informazioni dell'utente se riteniamo che la divulgazione di tali informazioni sia necessaria per adempiere a obblighi legali, rispondere a richieste governative legittime, far rispettare i nostri termini e condizioni o proteggere i nostri diritti, propriet\u00e0 e sicurezza.<\/div>\n<div>4. Sicurezza dei dati<\/div>\n<div>Adottiamo misure tecniche e amministrative ragionevoli per proteggere le vostre informazioni personali da perdita, accesso non autorizzato, divulgazione, alterazione o distruzione. Tuttavia, si noti che nessun processo di trasmissione delle informazioni o di archiviazione online pu\u00f2 essere completamente sicuro. Pertanto, non possiamo garantire l'assoluta sicurezza dei dati durante la trasmissione.<\/div>\n<div><\/div>\n<div>5. Cookie e tecnologie di tracciamento<\/div>\n<div>Il nostro sito web utilizza cookie e altre tecnologie simili per migliorare la vostra esperienza. Queste tecnologie ci aiutano a raccogliere e memorizzare i dati sul vostro comportamento di navigazione per fornirvi contenuti e pubblicit\u00e0 personalizzati. \u00c8 possibile disabilitare i cookie nelle impostazioni del browser, ma ci\u00f2 potrebbe influire sulla vostra esperienza con alcune funzioni.<\/div>\n<div><\/div>\n<div>6. Siti web di terzi<\/div>\n<div>La nostra politica sulla privacy si applica solo al sito web ruishengglassco.com. Il nostro sito web pu\u00f2 contenere link a siti web di terzi, e non siamo responsabili delle pratiche sulla privacy o dei contenuti di questi siti web. Vi consigliamo di consultare le loro politiche sulla privacy quando visitate questi siti web.<\/div>\n<div><\/div>\n<div>7. La privacy dei bambini<\/div>\n<div>Il nostro sito web non \u00e8 rivolto a bambini di et\u00e0 inferiore ai 13 anni. Non raccogliamo consapevolmente informazioni personali da bambini di et\u00e0 inferiore ai 13 anni. Qualora dovessimo scoprire che tali informazioni sono state raccolte, provvederemo a cancellarle il prima possibile.<\/div>\n<div><\/div>\n<div>8. I vostri diritti<\/div>\n<div>In base alle leggi sulla privacy applicabili, l'utente pu\u00f2 avere il diritto di:<\/div>\n<div><\/div>\n<div>Accedere alle informazioni personali in nostro possesso.<\/div>\n<div><\/div>\n<div>Richiedere la correzione o l'aggiornamento dei propri dati personali.<\/div>\n<div><\/div>\n<div>Richiedere la cancellazione dei propri dati personali.<\/div>\n<div><\/div>\n<div>Negare l'utilizzo di alcuni dati o ritirare il consenso.<\/div>\n<div>Se desidera esercitare i diritti di cui sopra, la preghiamo di contattarci come segue (cfr. sezione 9).<\/div>\n<div><\/div>\n<div>9. Contatti<\/div>\n<div>In caso di domande sulla presente Informativa sulla privacy o se si desidera esercitare i propri diritti in materia di privacy, si prega di contattarci come segue:<\/div>\n<div><\/div>\n<div>Ruisheng Glass Co.<\/div>\n<div>Email: [<a href=\"mailto:sales@ruishengglassco.com\">sales@ruishengglassco.com<\/a>]<\/div>\n<div>Telefono: [+86 15865878888]<\/div>\n<div>Indirizzo: [Parco industriale del vetro, contea di Yuncheng, Heze, provincia di Shandong, Cina].<\/div>\n<div><\/div>\n<div>10. Aggiornamenti dell'Informativa sulla privacy<\/div>\n<div>La presente Informativa sulla privacy pu\u00f2 essere aggiornata periodicamente. Eventuali modifiche saranno notificate all'utente pubblicando l'Informativa sulla privacy aggiornata su questa pagina. Vi consigliamo di rivedere periodicamente questa pagina per essere informati su come stiamo proteggendo le vostre informazioni.<\/div>","protected":false},"excerpt":{"rendered":"<p>Ultimo aggiornamento il: [2024.12] Grazie per aver visitato Ruisheng Glass Co. (di seguito \"noi\", \"nostro\"). Teniamo alla vostra privacy e ci impegniamo a proteggere le vostre informazioni personali. La presente informativa sulla privacy spiega come raccogliamo, utilizziamo, proteggiamo e condividiamo i vostri dati personali, nonch\u00e9 i vostri diritti connessi all'utilizzo del nostro sito web (ruishengglassco.com). 1....<\/p>","protected":false},"author":8,"featured_media":0,"parent":0,"menu_order":0,"comment_status":"closed","ping_status":"closed","template":"","meta":{"footnotes":""},"class_list":["post-3970","page","type-page","status-publish","hentry"],"yoast_head":"<!-- This site is optimized with the Yoast SEO plugin v22.0 - https:\/\/yoast.com\/wordpress\/plugins\/seo\/ -->\n<title>Privacy Policy -<\/title>\n<meta name=\"robots\" content=\"index, follow, max-snippet:-1, max-image-preview:large, max-video-preview:-1\" \/>\n<link rel=\"canonical\" href=\"https:\/\/ruishengglassco.com\/it\/informativa-sulla-privacy\" \/>\n<meta property=\"og:locale\" content=\"it_IT\" \/>\n<meta property=\"og:type\" content=\"article\" \/>\n<meta property=\"og:title\" content=\"Privacy Policy -\" \/>\n<meta property=\"og:description\" content=\"Last updated on: [2024.12] Thank you for visiting Ruisheng Glass Co. (hereinafter referred to as &#8220;we&#8221;, &#8220;our&#8221;). We value your privacy and are committed to protecting your personal information. This privacy policy explains how we collect, use, protect and share your personal information, as well as your related rights when using our website (ruishengglassco.com). 1....\" \/>\n<meta property=\"og:url\" content=\"https:\/\/ruishengglassco.com\/it\/informativa-sulla-privacy\" \/>\n<meta property=\"article:publisher\" content=\"https:\/\/www.facebook.com\/ruishengglassbottles\" \/>\n<meta property=\"article:modified_time\" content=\"2024-12-11T09:09:44+00:00\" \/>\n<meta name=\"twitter:card\" content=\"summary_large_image\" \/>\n<meta name=\"twitter:label1\" content=\"Tempo di lettura stimato\" \/>\n\t<meta name=\"twitter:data1\" content=\"3 minuti\" \/>\n<script type=\"application\/ld+json\" class=\"yoast-schema-graph\">{\"@context\":\"https:\/\/schema.org\",\"@graph\":[{\"@type\":\"WebPage\",\"@id\":\"https:\/\/ruishengglassco.com\/privacy-policy\",\"url\":\"https:\/\/ruishengglassco.com\/privacy-policy\",\"name\":\"Privacy Policy -\",\"isPartOf\":{\"@id\":\"https:\/\/ruishengglassco.com\/#website\"},\"datePublished\":\"2024-12-11T08:55:26+00:00\",\"dateModified\":\"2024-12-11T09:09:44+00:00\",\"breadcrumb\":{\"@id\":\"https:\/\/ruishengglassco.com\/privacy-policy#breadcrumb\"},\"inLanguage\":\"it-IT\",\"potentialAction\":[{\"@type\":\"ReadAction\",\"target\":[\"https:\/\/ruishengglassco.com\/privacy-policy\"]}]},{\"@type\":\"BreadcrumbList\",\"@id\":\"https:\/\/ruishengglassco.com\/privacy-policy#breadcrumb\",\"itemListElement\":[{\"@type\":\"ListItem\",\"position\":1,\"name\":\"Home\",\"item\":\"https:\/\/ruishengglassco.com\/\"},{\"@type\":\"ListItem\",\"position\":2,\"name\":\"Privacy Policy\"}]},{\"@type\":\"WebSite\",\"@id\":\"https:\/\/ruishengglassco.com\/#website\",\"url\":\"https:\/\/ruishengglassco.com\/\",\"name\":\"Ruisheng Glass\",\"description\":\"\",\"publisher\":{\"@id\":\"https:\/\/ruishengglassco.com\/#organization\"},\"potentialAction\":[{\"@type\":\"SearchAction\",\"target\":{\"@type\":\"EntryPoint\",\"urlTemplate\":\"https:\/\/ruishengglassco.com\/?s={search_term_string}\"},\"query-input\":\"required name=search_term_string\"}],\"inLanguage\":\"it-IT\"},{\"@type\":\"Organization\",\"@id\":\"https:\/\/ruishengglassco.com\/#organization\",\"name\":\"Shandong Yuncheng Ruisheng Glass Co., Ltd\",\"url\":\"https:\/\/ruishengglassco.com\/\",\"logo\":{\"@type\":\"ImageObject\",\"inLanguage\":\"it-IT\",\"@id\":\"https:\/\/ruishengglassco.com\/#\/schema\/logo\/image\/\",\"url\":\"https:\/\/ruishengglassco.com\/wp-content\/uploads\/2023\/09\/ruisheng_logo_icon.webp\",\"contentUrl\":\"https:\/\/ruishengglassco.com\/wp-content\/uploads\/2023\/09\/ruisheng_logo_icon.webp\",\"width\":400,\"height\":233,\"caption\":\"Shandong Yuncheng Ruisheng Glass Co., Ltd\"},\"image\":{\"@id\":\"https:\/\/ruishengglassco.com\/#\/schema\/logo\/image\/\"},\"sameAs\":[\"https:\/\/www.facebook.com\/ruishengglassbottles\",\"https:\/\/www.instagram.com\/Ruishengglassbottlewholesales\/\",\"https:\/\/www.youtube.com\/channel\/UCMmbMNGwsL-XrtjfSFLCdVQ\"]}]}<\/script>\n<!-- \/ Yoast SEO plugin. -->","yoast_head_json":{"title":"Privacy Policy -","robots":{"index":"index","follow":"follow","max-snippet":"max-snippet:-1","max-image-preview":"max-image-preview:large","max-video-preview":"max-video-preview:-1"},"canonical":"https:\/\/ruishengglassco.com\/it\/informativa-sulla-privacy","og_locale":"it_IT","og_type":"article","og_title":"Privacy Policy -","og_description":"Last updated on: [2024.12] Thank you for visiting Ruisheng Glass Co. (hereinafter referred to as &#8220;we&#8221;, &#8220;our&#8221;). We value your privacy and are committed to protecting your personal information. This privacy policy explains how we collect, use, protect and share your personal information, as well as your related rights when using our website (ruishengglassco.com). 1....","og_url":"https:\/\/ruishengglassco.com\/it\/informativa-sulla-privacy","article_publisher":"https:\/\/www.facebook.com\/ruishengglassbottles","article_modified_time":"2024-12-11T09:09:44+00:00","twitter_card":"summary_large_image","twitter_misc":{"Tempo di lettura stimato":"3 minuti"},"schema":{"@context":"https:\/\/schema.org","@graph":[{"@type":"WebPage","@id":"https:\/\/ruishengglassco.com\/privacy-policy","url":"https:\/\/ruishengglassco.com\/privacy-policy","name":"Privacy Policy -","isPartOf":{"@id":"https:\/\/ruishengglassco.com\/#website"},"datePublished":"2024-12-11T08:55:26+00:00","dateModified":"2024-12-11T09:09:44+00:00","breadcrumb":{"@id":"https:\/\/ruishengglassco.com\/privacy-policy#breadcrumb"},"inLanguage":"it-IT","potentialAction":[{"@type":"ReadAction","target":["https:\/\/ruishengglassco.com\/privacy-policy"]}]},{"@type":"BreadcrumbList","@id":"https:\/\/ruishengglassco.com\/privacy-policy#breadcrumb","itemListElement":[{"@type":"ListItem","position":1,"name":"Home","item":"https:\/\/ruishengglassco.com\/"},{"@type":"ListItem","position":2,"name":"Privacy Policy"}]},{"@type":"WebSite","@id":"https:\/\/ruishengglassco.com\/#website","url":"https:\/\/ruishengglassco.com\/","name":"Ruisheng Glass","description":"","publisher":{"@id":"https:\/\/ruishengglassco.com\/#organization"},"potentialAction":[{"@type":"SearchAction","target":{"@type":"EntryPoint","urlTemplate":"https:\/\/ruishengglassco.com\/?s={search_term_string}"},"query-input":"required name=search_term_string"}],"inLanguage":"it-IT"},{"@type":"Organization","@id":"https:\/\/ruishengglassco.com\/#organization","name":"Shandong Yuncheng Ruisheng Glass Co., Ltd","url":"https:\/\/ruishengglassco.com\/","logo":{"@type":"ImageObject","inLanguage":"it-IT","@id":"https:\/\/ruishengglassco.com\/#\/schema\/logo\/image\/","url":"https:\/\/ruishengglassco.com\/wp-content\/uploads\/2023\/09\/ruisheng_logo_icon.webp","contentUrl":"https:\/\/ruishengglassco.com\/wp-content\/uploads\/2023\/09\/ruisheng_logo_icon.webp","width":400,"height":233,"caption":"Shandong Yuncheng Ruisheng Glass Co., Ltd"},"image":{"@id":"https:\/\/ruishengglassco.com\/#\/schema\/logo\/image\/"},"sameAs":["https:\/\/www.facebook.com\/ruishengglassbottles","https:\/\/www.instagram.com\/Ruishengglassbottlewholesales\/","https:\/\/www.youtube.com\/channel\/UCMmbMNGwsL-XrtjfSFLCdVQ"]}]}},"_links":{"self":[{"href":"https:\/\/ruishengglassco.com\/it\/wp-json\/wp\/v2\/pages\/3970","targetHints":{"allow":["GET"]}}],"collection":[{"href":"https:\/\/ruishengglassco.com\/it\/wp-json\/wp\/v2\/pages"}],"about":[{"href":"https:\/\/ruishengglassco.com\/it\/wp-json\/wp\/v2\/types\/page"}],"author":[{"embeddable":true,"href":"https:\/\/ruishengglassco.com\/it\/wp-json\/wp\/v2\/users\/8"}],"replies":[{"embeddable":true,"href":"https:\/\/ruishengglassco.com\/it\/wp-json\/wp\/v2\/comments?post=3970"}],"version-history":[{"count":4,"href":"https:\/\/ruishengglassco.com\/it\/wp-json\/wp\/v2\/pages\/3970\/revisions"}],"predecessor-version":[{"id":3976,"href":"https:\/\/ruishengglassco.com\/it\/wp-json\/wp\/v2\/pages\/3970\/revisions\/3976"}],"wp:attachment":[{"href":"https:\/\/ruishengglassco.com\/it\/wp-json\/wp\/v2\/media?parent=3970"}],"curies":[{"name":"wp","href":"https:\/\/api.w.org\/{rel}","templated":true}]}}