{"id":1361,"date":"2023-02-01T14:34:04","date_gmt":"2023-02-01T06:34:04","guid":{"rendered":"https:\/\/ruishengglassco.com\/?page_id=1361"},"modified":"2026-01-07T17:09:54","modified_gmt":"2026-01-07T09:09:54","slug":"faq","status":"publish","type":"page","link":"https:\/\/ruishengglassco.com\/it\/faq","title":{"rendered":"FAQ"},"content":{"rendered":"<div class=\"banner has-hover\" id=\"banner-1169360149\">\n          <div class=\"banner-inner fill\">\n        <div class=\"banner-bg fill\" >\n            <div class=\"bg fill bg-fill\"><\/div>\n                        <div class=\"overlay\"><\/div>            \n                    <\/div>\n\t\t\n        <div class=\"banner-layers container\">\n            <div class=\"fill banner-link\"><\/div>            \n   <div id=\"text-box-1416330764\" class=\"text-box banner-layer x50 md-x50 lg-x50 y50 md-y50 lg-y50 res-text\">\n                                <div class=\"text-box-content text dark\">\n              \n              <div class=\"text-inner text-center\">\n                  \n<h3 class=\"uppercase\"><strong>FAQ<\/strong><\/h3>\n<p>Ci sono domande per le quali possiamo aiutarvi?<\/p>\n              <\/div>\n           <\/div>\n                            \n<style>\n#text-box-1416330764 {\n  width: 60%;\n}\n#text-box-1416330764 .text-box-content {\n  font-size: 100%;\n}\n<\/style>\n    <\/div>\n \n        <\/div>\n      <\/div>\n\n            \n<style>\n#banner-1169360149 {\n  padding-top: 480px;\n}\n#banner-1169360149 .bg.bg-loaded {\n  background-image: url(https:\/\/ruishengglassco.com\/wp-content\/uploads\/2022\/11\/gip_banner_test_001image.jpg);\n}\n#banner-1169360149 .overlay {\n  background-color: rgba(0, 0, 0, 0.8);\n}\n<\/style>\n  <\/div>\n\n\n\t<section class=\"section\" id=\"section_709098739\">\n\t\t<div class=\"bg section-bg fill bg-fill  bg-loaded\" >\n\n\t\t\t\n\t\t\t\n\t\t\t\n\n\t\t<\/div>\n\n\t\t\n\n\t\t<div class=\"section-content relative\">\n\t\t\t\n<div class=\"row align-center row-box-shadow-1\"  id=\"row-194379693\">\n\n\t<div id=\"col-234507283\" class=\"col medium-10 small-12 large-12\"  >\n\t\t\t\t<div class=\"col-inner\" style=\"background-color:rgb(255,255,255);\" >\n\t\t\t\n\t\t\t\n<div class=\"accordion\">\n\t<div id=\"accordion-2950600651\" class=\"accordion-item\">\n\t\t<a id=\"accordion-2950600651-label\" class=\"accordion-title plain\" href=\"#accordion-item-can-l-cancel-or-change-my-order?\" aria-expanded=\"false\" aria-controls=\"accordion-2950600651-content\" >\n\t\t\t<button class=\"toggle\" aria-label=\"Attiva\/Disattiva\"><i class=\"icon-angle-down\"><\/i><\/button>\n\t\t\t<span>Posso cancellare o modificare il mio ordine?<\/span>\n\t\t<\/a>\n\t\t<div id=\"accordion-2950600651-content\" class=\"accordion-inner\" aria-labelledby=\"accordion-2950600651-label\" >\n\t\t\t\n<p>L'ordine di una bottiglia di vetro all'ingrosso richiede un tempo di coda di circa 30 giorni per essere prodotto dalla macchina. Durante il tempo di coda, il personale non inizia a elaborare l'ordine, ed \u00e8 possibile annullare l'ordine o apportare modifiche. Ma ci\u00f2 influisce sul tempo di esecuzione e occorreranno altri 30 giorni per rimettersi in coda. Una volta che lo stampo \u00e8 in lavorazione e inizia la produzione, l'ordine non pu\u00f2 essere annullato.<\/p>\n\t\t<\/div>\n\t<\/div>\n\t\n\t<div id=\"accordion-808966104\" class=\"accordion-item\">\n\t\t<a id=\"accordion-808966104-label\" class=\"accordion-title plain\" href=\"#accordion-item-how-do-you-charge-bulk-glass-bottle-shipping-costs-and-what-method-will-be-used-to-ship-my-order?\" aria-expanded=\"false\" aria-controls=\"accordion-808966104-content\" >\n\t\t\t<button class=\"toggle\" aria-label=\"Attiva\/Disattiva\"><i class=\"icon-angle-down\"><\/i><\/button>\n\t\t\t<span>Come vengono addebitate le spese di spedizione delle bottiglie di vetro sfuse e quale metodo verr\u00e0 utilizzato per spedire il mio ordine?<\/span>\n\t\t<\/a>\n\t\t<div id=\"accordion-808966104-content\" class=\"accordion-inner\" aria-labelledby=\"accordion-808966104-label\" >\n\t\t\t\n<p>A causa della flessibilit\u00e0 del trasporto internazionale via mare, il costo della spedizione dipender\u00e0 dalle tariffe di trasporto al momento dell'ordine del container.<br \/>\nSupportiamo la consegna via mare o via aerea. I clienti possono pagare le spese di spedizione alla compagnia di navigazione o a noi.<\/p>\n\t\t<\/div>\n\t<\/div>\n\t\n\t<div id=\"accordion-403383546\" class=\"accordion-item\">\n\t\t<a id=\"accordion-403383546-label\" class=\"accordion-title plain\" href=\"#accordion-item-what-freight-companies-do-you-use?\" aria-expanded=\"false\" aria-controls=\"accordion-403383546-content\" >\n\t\t\t<button class=\"toggle\" aria-label=\"Attiva\/Disattiva\"><i class=\"icon-angle-down\"><\/i><\/button>\n\t\t\t<span>Quali compagnie di trasporto utilizzate?<\/span>\n\t\t<\/a>\n\t\t<div id=\"accordion-403383546-content\" class=\"accordion-inner\" aria-labelledby=\"accordion-403383546-label\" >\n\t\t\t\n<p>Disponiamo di spedizionieri professionisti in grado di organizzare la consegna al vostro porto o di fornire un servizio door-to-door. EMC, COSCO, ONE e altri vettori sono disponibili in base alla linea di spedizione e alla disponibilit\u00e0.<\/p>\n\t\t<\/div>\n\t<\/div>\n\t\n\t<div id=\"accordion-1030538214\" class=\"accordion-item\">\n\t\t<a id=\"accordion-1030538214-label\" class=\"accordion-title plain\" href=\"#accordion-item-when-will-my-order-be-shipped?\" aria-expanded=\"false\" aria-controls=\"accordion-1030538214-content\" >\n\t\t\t<button class=\"toggle\" aria-label=\"Attiva\/Disattiva\"><i class=\"icon-angle-down\"><\/i><\/button>\n\t\t\t<span>Quando verr\u00e0 spedito il mio ordine?<\/span>\n\t\t<\/a>\n\t\t<div id=\"accordion-1030538214-content\" class=\"accordion-inner\" aria-labelledby=\"accordion-1030538214-label\" >\n\t\t\t\n<p>In genere, i tempi di consegna delle bottiglie di vetro all'ingrosso sono di circa 40 giorni dalla ricezione del deposito.<br \/>\nPer i prodotti in stock, l'ordine pu\u00f2 essere spedito entro una settimana dalla ricezione del deposito.<\/p>\n\t\t<\/div>\n\t<\/div>\n\t\n\t<div id=\"accordion-4200164997\" class=\"accordion-item\">\n\t\t<a id=\"accordion-4200164997-label\" class=\"accordion-title plain\" href=\"#accordion-item-can-i-get-discounts-on-large-orders?\" aria-expanded=\"false\" aria-controls=\"accordion-4200164997-content\" >\n\t\t\t<button class=\"toggle\" aria-label=\"Attiva\/Disattiva\"><i class=\"icon-angle-down\"><\/i><\/button>\n\t\t\t<span>Posso ottenere sconti su ordini di grandi dimensioni?<\/span>\n\t\t<\/a>\n\t\t<div id=\"accordion-4200164997-content\" class=\"accordion-inner\" aria-labelledby=\"accordion-4200164997-label\" >\n\t\t\t\n<p>S\u00ec, offriamo sconti sul prezzo per ordini di grandi dimensioni. Maggiore \u00e8 la quantit\u00e0 di bottiglie di vetro, minore \u00e8 il prezzo. Per dettagli specifici, chiedete al nostro team di vendita l'ultimo prezzo all'ingrosso delle bottiglie di vetro.<\/p>\n\t\t<\/div>\n\t<\/div>\n\t\n\t<div id=\"accordion-3579300614\" class=\"accordion-item\">\n\t\t<a id=\"accordion-3579300614-label\" class=\"accordion-title plain\" href=\"#accordion-item-i-just-placed-my-order.-can-i-change-my-shipping-service?\" aria-expanded=\"false\" aria-controls=\"accordion-3579300614-content\" >\n\t\t\t<button class=\"toggle\" aria-label=\"Attiva\/Disattiva\"><i class=\"icon-angle-down\"><\/i><\/button>\n\t\t\t<span>Ho appena effettuato un ordine. Posso cambiare il servizio di spedizione?<\/span>\n\t\t<\/a>\n\t\t<div id=\"accordion-3579300614-content\" class=\"accordion-inner\" aria-labelledby=\"accordion-3579300614-label\" >\n\t\t\t\n<p>S\u00ec, il cambio del servizio di spedizione \u00e8 negoziabile dopo aver effettuato l'ordine.<\/p>\n\t\t<\/div>\n\t<\/div>\n\t\n\t<div id=\"accordion-4147396133\" class=\"accordion-item\">\n\t\t<a id=\"accordion-4147396133-label\" class=\"accordion-title plain\" href=\"#accordion-item-how-can-i-get-my-tracking-number?\" aria-expanded=\"false\" aria-controls=\"accordion-4147396133-content\" >\n\t\t\t<button class=\"toggle\" aria-label=\"Attiva\/Disattiva\"><i class=\"icon-angle-down\"><\/i><\/button>\n\t\t\t<span>Come posso ottenere il mio numero di tracking?<\/span>\n\t\t<\/a>\n\t\t<div id=\"accordion-4147396133-content\" class=\"accordion-inner\" aria-labelledby=\"accordion-4147396133-label\" >\n\t\t\t\n<p>Per un campione, vi offriremo un numero di tracciamento e ci\u00f2 avverr\u00e0 entro 48 ore. Per le bottiglie di vetro all'ingrosso, la produzione di massa richiede circa 30 giorni. Per le bottiglie di vetro personalizzate, sono necessari 45 giorni.<\/p>\n\t\t<\/div>\n\t<\/div>\n\t\n\t<div id=\"accordion-1415154365\" class=\"accordion-item\">\n\t\t<a id=\"accordion-1415154365-label\" class=\"accordion-title plain\" href=\"#accordion-item-how-do-you-deal-with-damaged-packages-during-shipping?\" aria-expanded=\"false\" aria-controls=\"accordion-1415154365-content\" >\n\t\t\t<button class=\"toggle\" aria-label=\"Attiva\/Disattiva\"><i class=\"icon-angle-down\"><\/i><\/button>\n\t\t\t<span>Come vi comportate con i pacchi danneggiati durante la spedizione?<\/span>\n\t\t<\/a>\n\t\t<div id=\"accordion-1415154365-content\" class=\"accordion-inner\" aria-labelledby=\"accordion-1415154365-label\" >\n\t\t\t\n<p>Si prega di prendere le foto prima di inviarci. Di solito, un 3% tasso rotto \u00e8 normale durante la spedizione, e possiamo compensare la bottiglia.<\/p>\n\t\t<\/div>\n\t<\/div>\n\t\n\t<div id=\"accordion-3179890534\" class=\"accordion-item\">\n\t\t<a id=\"accordion-3179890534-label\" class=\"accordion-title plain\" href=\"#accordion-item-what-is-your-return-policy?\" aria-expanded=\"false\" aria-controls=\"accordion-3179890534-content\" >\n\t\t\t<button class=\"toggle\" aria-label=\"Attiva\/Disattiva\"><i class=\"icon-angle-down\"><\/i><\/button>\n\t\t\t<span>Qual \u00e8 la vostra politica di restituzione?<\/span>\n\t\t<\/a>\n\t\t<div id=\"accordion-3179890534-content\" class=\"accordion-inner\" aria-labelledby=\"accordion-3179890534-label\" >\n\t\t\t\n<p>Possiamo restituire il costo dello stampo, come per una bottiglia di liquore da 750 ml, quando la quantit\u00e0 dell'ordine della bottiglia di vetro all'ingrosso raggiunge i 200.000 pezzi.<\/p>\n\t\t<\/div>\n\t<\/div>\n\t\n\t<div id=\"accordion-3836946680\" class=\"accordion-item\">\n\t\t<a id=\"accordion-3836946680-label\" class=\"accordion-title plain\" href=\"#accordion-item-what-methods-of-payment-do-you-accept?\" aria-expanded=\"false\" aria-controls=\"accordion-3836946680-content\" >\n\t\t\t<button class=\"toggle\" aria-label=\"Attiva\/Disattiva\"><i class=\"icon-angle-down\"><\/i><\/button>\n\t\t\t<span>Quali metodi di pagamento accettate?<\/span>\n\t\t<\/a>\n\t\t<div id=\"accordion-3836946680-content\" class=\"accordion-inner\" aria-labelledby=\"accordion-3836946680-label\" >\n\t\t\t\n<p>TT, PayPal, L\/C, Western Union, ecc.<\/p>\n\t\t<\/div>\n\t<\/div>\n\t\n\t<div id=\"accordion-4146838516\" class=\"accordion-item\">\n\t\t<a id=\"accordion-4146838516-label\" class=\"accordion-title plain\" href=\"#accordion-item-what-form-of-currency-are-your-priced-in?\" aria-expanded=\"false\" aria-controls=\"accordion-4146838516-content\" >\n\t\t\t<button class=\"toggle\" aria-label=\"Attiva\/Disattiva\"><i class=\"icon-angle-down\"><\/i><\/button>\n\t\t\t<span>In quale forma di valuta sono espressi i vostri prezzi?<\/span>\n\t\t<\/a>\n\t\t<div id=\"accordion-4146838516-content\" class=\"accordion-inner\" aria-labelledby=\"accordion-4146838516-label\" >\n\t\t\t\n<p>La nostra valuta principale \u00e8 l'USD. Sono disponibili anche EUR, dollaro australiano, GBP o altre valute.<\/p>\n\t\t<\/div>\n\t<\/div>\n\t\n\t<div id=\"accordion-2424064586\" class=\"accordion-item\">\n\t\t<a id=\"accordion-2424064586-label\" class=\"accordion-title plain\" href=\"#accordion-item-do-you-offer-purchases-on-credit?\" aria-expanded=\"false\" aria-controls=\"accordion-2424064586-content\" >\n\t\t\t<button class=\"toggle\" aria-label=\"Attiva\/Disattiva\"><i class=\"icon-angle-down\"><\/i><\/button>\n\t\t\t<span>Offrite acquisti a credito?<\/span>\n\t\t<\/a>\n\t\t<div id=\"accordion-2424064586-content\" class=\"accordion-inner\" aria-labelledby=\"accordion-2424064586-label\" >\n\t\t\t\n<p>50% deposito in anticipo, resto 50% basato sulla produzione di massa ben confezionato immagine.<\/p>\n\t\t<\/div>\n\t<\/div>\n\t\n\t<div id=\"accordion-3916852014\" class=\"accordion-item\">\n\t\t<a id=\"accordion-3916852014-label\" class=\"accordion-title plain\" href=\"#accordion-item-how-do-i-know-if-the-product-is-in-stock?\" aria-expanded=\"false\" aria-controls=\"accordion-3916852014-content\" >\n\t\t\t<button class=\"toggle\" aria-label=\"Attiva\/Disattiva\"><i class=\"icon-angle-down\"><\/i><\/button>\n\t\t\t<span>Come faccio a sapere se il prodotto \u00e8 in stock?<\/span>\n\t\t<\/a>\n\t\t<div id=\"accordion-3916852014-content\" class=\"accordion-inner\" aria-labelledby=\"accordion-3916852014-label\" >\n\t\t\t\n<p>Inviateci una richiesta o chiamateci direttamente, indicateci la capacit\u00e0 nominale e inviateci le immagini e la quantit\u00e0 ordinata. Controlleremo lo stock di bottiglie di vetro all'ingrosso per voi.<\/p>\n\t\t<\/div>\n\t<\/div>\n\t\n\t<div id=\"accordion-3590608635\" class=\"accordion-item\">\n\t\t<a id=\"accordion-3590608635-label\" class=\"accordion-title plain\" href=\"#accordion-item-do-you-offer-discounted-products?\" aria-expanded=\"false\" aria-controls=\"accordion-3590608635-content\" >\n\t\t\t<button class=\"toggle\" aria-label=\"Attiva\/Disattiva\"><i class=\"icon-angle-down\"><\/i><\/button>\n\t\t\t<span>Offrite prodotti scontati?<\/span>\n\t\t<\/a>\n\t\t<div id=\"accordion-3590608635-content\" class=\"accordion-inner\" aria-labelledby=\"accordion-3590608635-label\" >\n\t\t\t\n<p>S\u00ec, forniamo sconti in base alla quantit\u00e0 dell'ordine. Offriamo il miglior prezzo all'ingrosso di bottiglie di vetro per i nostri clienti.<\/p>\n\t\t<\/div>\n\t<\/div>\n\t\n\t<div id=\"accordion-2060544973\" class=\"accordion-item\">\n\t\t<a id=\"accordion-2060544973-label\" class=\"accordion-title plain\" href=\"#accordion-item-what-about-the-warranty-comes-with-the-purchase-of-my-products?\" aria-expanded=\"false\" aria-controls=\"accordion-2060544973-content\" >\n\t\t\t<button class=\"toggle\" aria-label=\"Attiva\/Disattiva\"><i class=\"icon-angle-down\"><\/i><\/button>\n\t\t\t<span>Che ne \u00e8 della garanzia che accompagna l'acquisto dei miei prodotti?<\/span>\n\t\t<\/a>\n\t\t<div id=\"accordion-2060544973-content\" class=\"accordion-inner\" aria-labelledby=\"accordion-2060544973-label\" >\n\t\t\t\n<p>Prima della consegna, tutte le bottiglie di vetro devono essere sottoposte a un rigoroso controllo di qualit\u00e0 per garantire la qualit\u00e0.<br \/>\nIn caso di problemi di qualit\u00e0, ci assumeremo la responsabilit\u00e0 e forniremo soluzioni soddisfacenti.<\/p>\n\t\t<\/div>\n\t<\/div>\n\t\n\t<div id=\"accordion-3515646427\" class=\"accordion-item\">\n\t\t<a id=\"accordion-3515646427-label\" class=\"accordion-title plain\" href=\"#accordion-item-where-can-i-find-the-product-dimensions?\" aria-expanded=\"false\" aria-controls=\"accordion-3515646427-content\" >\n\t\t\t<button class=\"toggle\" aria-label=\"Attiva\/Disattiva\"><i class=\"icon-angle-down\"><\/i><\/button>\n\t\t\t<span>Dove posso trovare le dimensioni del prodotto?<\/span>\n\t\t<\/a>\n\t\t<div id=\"accordion-3515646427-content\" class=\"accordion-inner\" aria-labelledby=\"accordion-3515646427-label\" >\n\t\t\t\n<p>Possiamo inviarvi un disegno tecnico delle dimensioni della bottiglia.<br \/>\nE vi fornir\u00e0 una stima della quantit\u00e0 di carico, del peso e delle dimensioni del pallet o del cartone.<\/p>\n\t\t<\/div>\n\t<\/div>\n\t\n<\/div>\n\t\t<\/div>\n\t\t\t\t\t<\/div>\n\n\t\n\n<style>\n#row-194379693 > .col > .col-inner {\n  padding: 0px 0px 0px 0px;\n}\n@media (min-width:550px) {\n  #row-194379693 > .col > .col-inner {\n    padding: 60px 60px 60px 60px;\n  }\n}\n<\/style>\n<\/div>\n\t\t<\/div>\n\n\t\t\n<style>\n#section_709098739 {\n  padding-top: 80px;\n  padding-bottom: 80px;\n  background-color: rgb(255,255,255);\n}\n<\/style>\n\t<\/section>","protected":false},"excerpt":{"rendered":"","protected":false},"author":11,"featured_media":0,"parent":0,"menu_order":0,"comment_status":"closed","ping_status":"closed","template":"","meta":{"footnotes":""},"class_list":["post-1361","page","type-page","status-publish","hentry"],"yoast_head":"<!-- This site is optimized with the Yoast SEO plugin v22.0 - https:\/\/yoast.com\/wordpress\/plugins\/seo\/ -->\n<title>Glass Liquor Bottle FAQ | Customization, MOQ &amp; Shipping<\/title>\n<meta name=\"description\" content=\"We produce glass bottles in various colors and sizes. If you have any questions about purchasing glass bottles, please contact us.\" \/>\n<meta name=\"robots\" content=\"index, follow, max-snippet:-1, max-image-preview:large, max-video-preview:-1\" \/>\n<link rel=\"canonical\" href=\"https:\/\/ruishengglassco.com\/it\/faq\" \/>\n<meta property=\"og:locale\" content=\"it_IT\" \/>\n<meta property=\"og:type\" content=\"article\" \/>\n<meta property=\"og:title\" content=\"Glass Liquor Bottle FAQ | Customization, MOQ &amp; Shipping\" \/>\n<meta property=\"og:description\" content=\"We produce glass bottles in various colors and sizes. If you have any questions about purchasing glass bottles, please contact us.\" \/>\n<meta property=\"og:url\" content=\"https:\/\/ruishengglassco.com\/it\/faq\" \/>\n<meta property=\"article:publisher\" content=\"https:\/\/www.facebook.com\/ruishengglassbottles\" \/>\n<meta property=\"article:modified_time\" content=\"2026-01-07T09:09:54+00:00\" \/>\n<meta name=\"twitter:card\" content=\"summary_large_image\" \/>\n<meta name=\"twitter:label1\" content=\"Tempo di lettura stimato\" \/>\n\t<meta name=\"twitter:data1\" content=\"3 minuti\" \/>\n<script type=\"application\/ld+json\" class=\"yoast-schema-graph\">{\"@context\":\"https:\/\/schema.org\",\"@graph\":[{\"@type\":\"WebPage\",\"@id\":\"https:\/\/ruishengglassco.com\/faq\",\"url\":\"https:\/\/ruishengglassco.com\/faq\",\"name\":\"Glass Liquor Bottle FAQ | Customization, MOQ & Shipping\",\"isPartOf\":{\"@id\":\"https:\/\/ruishengglassco.com\/#website\"},\"datePublished\":\"2023-02-01T06:34:04+00:00\",\"dateModified\":\"2026-01-07T09:09:54+00:00\",\"description\":\"We produce glass bottles in various colors and sizes. If you have any questions about purchasing glass bottles, please contact us.\",\"breadcrumb\":{\"@id\":\"https:\/\/ruishengglassco.com\/faq#breadcrumb\"},\"inLanguage\":\"it-IT\",\"potentialAction\":[{\"@type\":\"ReadAction\",\"target\":[\"https:\/\/ruishengglassco.com\/faq\"]}]},{\"@type\":\"BreadcrumbList\",\"@id\":\"https:\/\/ruishengglassco.com\/faq#breadcrumb\",\"itemListElement\":[{\"@type\":\"ListItem\",\"position\":1,\"name\":\"Home\",\"item\":\"https:\/\/ruishengglassco.com\/\"},{\"@type\":\"ListItem\",\"position\":2,\"name\":\"FAQ\"}]},{\"@type\":\"WebSite\",\"@id\":\"https:\/\/ruishengglassco.com\/#website\",\"url\":\"https:\/\/ruishengglassco.com\/\",\"name\":\"Ruisheng Glass\",\"description\":\"\",\"publisher\":{\"@id\":\"https:\/\/ruishengglassco.com\/#organization\"},\"potentialAction\":[{\"@type\":\"SearchAction\",\"target\":{\"@type\":\"EntryPoint\",\"urlTemplate\":\"https:\/\/ruishengglassco.com\/?s={search_term_string}\"},\"query-input\":\"required name=search_term_string\"}],\"inLanguage\":\"it-IT\"},{\"@type\":\"Organization\",\"@id\":\"https:\/\/ruishengglassco.com\/#organization\",\"name\":\"Shandong Yuncheng Ruisheng Glass Co., Ltd\",\"url\":\"https:\/\/ruishengglassco.com\/\",\"logo\":{\"@type\":\"ImageObject\",\"inLanguage\":\"it-IT\",\"@id\":\"https:\/\/ruishengglassco.com\/#\/schema\/logo\/image\/\",\"url\":\"https:\/\/ruishengglassco.com\/wp-content\/uploads\/2023\/09\/ruisheng_logo_icon.webp\",\"contentUrl\":\"https:\/\/ruishengglassco.com\/wp-content\/uploads\/2023\/09\/ruisheng_logo_icon.webp\",\"width\":400,\"height\":233,\"caption\":\"Shandong Yuncheng Ruisheng Glass Co., Ltd\"},\"image\":{\"@id\":\"https:\/\/ruishengglassco.com\/#\/schema\/logo\/image\/\"},\"sameAs\":[\"https:\/\/www.facebook.com\/ruishengglassbottles\",\"https:\/\/www.instagram.com\/Ruishengglassbottlewholesales\/\",\"https:\/\/www.youtube.com\/channel\/UCMmbMNGwsL-XrtjfSFLCdVQ\"]}]}<\/script>\n<!-- \/ Yoast SEO plugin. -->","yoast_head_json":{"title":"Glass Liquor Bottle FAQ | Customization, MOQ & Shipping","description":"We produce glass bottles in various colors and sizes. If you have any questions about purchasing glass bottles, please contact us.","robots":{"index":"index","follow":"follow","max-snippet":"max-snippet:-1","max-image-preview":"max-image-preview:large","max-video-preview":"max-video-preview:-1"},"canonical":"https:\/\/ruishengglassco.com\/it\/faq","og_locale":"it_IT","og_type":"article","og_title":"Glass Liquor Bottle FAQ | Customization, MOQ & Shipping","og_description":"We produce glass bottles in various colors and sizes. If you have any questions about purchasing glass bottles, please contact us.","og_url":"https:\/\/ruishengglassco.com\/it\/faq","article_publisher":"https:\/\/www.facebook.com\/ruishengglassbottles","article_modified_time":"2026-01-07T09:09:54+00:00","twitter_card":"summary_large_image","twitter_misc":{"Tempo di lettura stimato":"3 minuti"},"schema":{"@context":"https:\/\/schema.org","@graph":[{"@type":"WebPage","@id":"https:\/\/ruishengglassco.com\/faq","url":"https:\/\/ruishengglassco.com\/faq","name":"Glass Liquor Bottle FAQ | Customization, MOQ & Shipping","isPartOf":{"@id":"https:\/\/ruishengglassco.com\/#website"},"datePublished":"2023-02-01T06:34:04+00:00","dateModified":"2026-01-07T09:09:54+00:00","description":"We produce glass bottles in various colors and sizes. If you have any questions about purchasing glass bottles, please contact us.","breadcrumb":{"@id":"https:\/\/ruishengglassco.com\/faq#breadcrumb"},"inLanguage":"it-IT","potentialAction":[{"@type":"ReadAction","target":["https:\/\/ruishengglassco.com\/faq"]}]},{"@type":"BreadcrumbList","@id":"https:\/\/ruishengglassco.com\/faq#breadcrumb","itemListElement":[{"@type":"ListItem","position":1,"name":"Home","item":"https:\/\/ruishengglassco.com\/"},{"@type":"ListItem","position":2,"name":"FAQ"}]},{"@type":"WebSite","@id":"https:\/\/ruishengglassco.com\/#website","url":"https:\/\/ruishengglassco.com\/","name":"Ruisheng Glass","description":"","publisher":{"@id":"https:\/\/ruishengglassco.com\/#organization"},"potentialAction":[{"@type":"SearchAction","target":{"@type":"EntryPoint","urlTemplate":"https:\/\/ruishengglassco.com\/?s={search_term_string}"},"query-input":"required name=search_term_string"}],"inLanguage":"it-IT"},{"@type":"Organization","@id":"https:\/\/ruishengglassco.com\/#organization","name":"Shandong Yuncheng Ruisheng Glass Co., Ltd","url":"https:\/\/ruishengglassco.com\/","logo":{"@type":"ImageObject","inLanguage":"it-IT","@id":"https:\/\/ruishengglassco.com\/#\/schema\/logo\/image\/","url":"https:\/\/ruishengglassco.com\/wp-content\/uploads\/2023\/09\/ruisheng_logo_icon.webp","contentUrl":"https:\/\/ruishengglassco.com\/wp-content\/uploads\/2023\/09\/ruisheng_logo_icon.webp","width":400,"height":233,"caption":"Shandong Yuncheng Ruisheng Glass Co., Ltd"},"image":{"@id":"https:\/\/ruishengglassco.com\/#\/schema\/logo\/image\/"},"sameAs":["https:\/\/www.facebook.com\/ruishengglassbottles","https:\/\/www.instagram.com\/Ruishengglassbottlewholesales\/","https:\/\/www.youtube.com\/channel\/UCMmbMNGwsL-XrtjfSFLCdVQ"]}]}},"_links":{"self":[{"href":"https:\/\/ruishengglassco.com\/it\/wp-json\/wp\/v2\/pages\/1361","targetHints":{"allow":["GET"]}}],"collection":[{"href":"https:\/\/ruishengglassco.com\/it\/wp-json\/wp\/v2\/pages"}],"about":[{"href":"https:\/\/ruishengglassco.com\/it\/wp-json\/wp\/v2\/types\/page"}],"author":[{"embeddable":true,"href":"https:\/\/ruishengglassco.com\/it\/wp-json\/wp\/v2\/users\/11"}],"replies":[{"embeddable":true,"href":"https:\/\/ruishengglassco.com\/it\/wp-json\/wp\/v2\/comments?post=1361"}],"version-history":[{"count":37,"href":"https:\/\/ruishengglassco.com\/it\/wp-json\/wp\/v2\/pages\/1361\/revisions"}],"predecessor-version":[{"id":5324,"href":"https:\/\/ruishengglassco.com\/it\/wp-json\/wp\/v2\/pages\/1361\/revisions\/5324"}],"wp:attachment":[{"href":"https:\/\/ruishengglassco.com\/it\/wp-json\/wp\/v2\/media?parent=1361"}],"curies":[{"name":"wp","href":"https:\/\/api.w.org\/{rel}","templated":true}]}}