{"id":4740,"date":"2025-04-15T17:21:52","date_gmt":"2025-04-15T09:21:52","guid":{"rendered":"https:\/\/ruishengglassco.com\/?post_type=product&#038;p=4740"},"modified":"2025-09-11T16:56:14","modified_gmt":"2025-09-11T08:56:14","slug":"rs169-750ml-a3-bouteille-de-liqueur-en-verre","status":"publish","type":"product","link":"https:\/\/ruishengglassco.com\/fr\/produit\/rs169-750ml-a3-bouteille-de-liqueur-en-verre","title":{"rendered":"RS169 Bouteille de liqueur en verre A3 de 750ml"},"content":{"rendered":"<section class=\"section\" id=\"section_1703748005\">\n\t\t<div class=\"bg section-bg fill bg-fill  bg-loaded\" >\n\n\t\t\t\n\t\t\t\n\t\t\t\n\n\t\t<\/div>\n\n\t\t\n\n\t\t<div class=\"section-content relative\">\n\t\t\t\n<div class=\"row\"  id=\"row-628168589\">\n\n\t<div id=\"col-1946815628\" class=\"col small-12 large-12\"  >\n\t\t\t\t<div class=\"col-inner\"  >\n\t\t\t\n\t\t\t\n<h2 style=\"text-align: center;\"><strong>Tableau des param\u00e8tres de notre bouteille de liqueur en verre A3 de 750ml<\/strong><\/h2>\n<div style=\"overflow: auto;\">\n<table border=\"\u201d1\u2033\" width=\"\u201d3000px\u201d\" align=\"\u201dcenter\u201d\">\n<thead>\n<tr>\n<td>Capacit\u00e9 Taille<\/td>\n<td>750ml<\/td>\n<\/tr>\n<\/thead>\n<tbody>\n<tr>\n<td>Plage de temp\u00e9rature<\/td>\n<td>-10\u00b0C ~ 80\u00b0C<\/td>\n<\/tr>\n<tr>\n<td>Mat\u00e9riau<\/td>\n<td>Verre Super Flint<\/td>\n<\/tr>\n<tr>\n<td>Traitement de surface :<\/td>\n<td>S\u00e9rigraphie, d\u00e9calcomanie, gaufrage, gravure, galvanoplastie, givrage, peinture, etc.<\/td>\n<\/tr>\n<tr>\n<td>Utilisation<\/td>\n<td>Brandy, whisky, vin, liqueur, vodka, tequila, eau, boissons et huile d'olive, etc.<\/td>\n<\/tr>\n<tr>\n<td>Certification de qualit\u00e9 alimentaire<\/td>\n<td>Certificat FDA et UE<\/td>\n<\/tr>\n<tr>\n<td>MOQ<\/td>\n<td>6000 pi\u00e8ces<\/td>\n<\/tr>\n<tr>\n<td>OEM\/ODM disponible<\/td>\n<td>Oui<\/td>\n<\/tr>\n<tr>\n<td>\u00c9chantillon gratuit<\/td>\n<td>Les \u00e9chantillons en stock sont gratuits<\/p>\n<p>Les \u00e9chantillons personnalis\u00e9s sont payants.<\/td>\n<\/tr>\n<tr>\n<td>Prix<\/td>\n<td>Le prix d\u00e9pend du poids de la bouteille, du mat\u00e9riau, de la quantit\u00e9, de l'emballage et du traitement en profondeur, etc. Veuillez nous contacter pour plus d'informations.<\/td>\n<\/tr>\n<tr>\n<td>Emballage<\/td>\n<td>1. Carton d'exportation standard avec s\u00e9parateur en carton<\/p>\n<p>2. Emballage standard pour palettes d'exportation<\/p>\n<p>3. Emballage standard carton d'exportation + palette<\/p>\n<p>4. Emballage personnalis\u00e9 en carton ondul\u00e9 (le carton sera r\u00e9utilis\u00e9 pour emballer les boissons dans l'usine du client).<\/td>\n<\/tr>\n<tr>\n<td>M\u00e9thodes d'exp\u00e9dition<\/td>\n<td>Par mer, par air, par express (DHL, FedEx, UPS)<\/td>\n<\/tr>\n<tr>\n<td>Temps de production<\/td>\n<td>Le d\u00e9lai est d'environ 25 jours pour les bouteilles transparentes et de 10 jours suppl\u00e9mentaires pour le traitement en profondeur, \u00e0 compter de la r\u00e9ception du d\u00e9p\u00f4t 50%.<\/td>\n<\/tr>\n<\/tbody>\n<\/table>\n<\/div>\n\t\t<\/div>\n\t\t\t\t\t<\/div>\n\n\t\n<\/div>\n<div class=\"row\"  id=\"row-1196725198\">\n\n\t<div id=\"col-527197608\" class=\"col small-12 large-12\"  >\n\t\t\t\t<div class=\"col-inner\"  >\n\t\t\t\n\t\t\t\n<div style=\"overflow: auto;\">\n<table border=\"\u201d1\u2033\" width=\"\u201d3000px\u201d\" align=\"\u201dcenter\u201d\">\n<thead>\n<tr>\n<td>\u00a0\u00a0\u00a0Bouchons<\/td>\n<td>Nous proposons une large gamme de bouchons standard pour r\u00e9pondre aux divers besoins et pr\u00e9f\u00e9rences de nos clients. Ces bouchons sont non seulement fiables et durables, mais ils pr\u00e9servent aussi efficacement la fra\u00eecheur et la qualit\u00e9 du liquide.<\/p>\n<p>1. Bouchons d'\u00e9tanch\u00e9it\u00e9 classiques : y compris les bouchons traditionnels en polym\u00e8re en aluminium et les bouchons en polym\u00e8re en bois, qui conviennent aux applications exigeant une grande \u00e9tanch\u00e9it\u00e9.<\/p>\n<p>2. Options haut de gamme : fournir des bouchons en verre \u00e9l\u00e9gants pour les clients qui recherchent un emballage de haute qualit\u00e9.<\/p>\n<p>3. Bouchons filet\u00e9s : y compris les bouchons en aluminium et les bouchons combin\u00e9s aluminium-plastique, convenant \u00e0 une vari\u00e9t\u00e9 de types de bouteilles et offrant une vari\u00e9t\u00e9 d'options de taille.<\/p>\n<p>4. Des casquettes Guala conformes aux normes europ\u00e9ennes : elles r\u00e9pondent aux exigences de qualit\u00e9 du march\u00e9 international et allient beaut\u00e9 et praticit\u00e9.<\/p>\n<p>Nos bouchons sont non seulement fonctionnels, mais ils am\u00e9liorent \u00e9galement l'effet visuel de l'ensemble de l'emballage, ce qui les rend adapt\u00e9s \u00e0 divers secteurs et sc\u00e9narios d'application.<\/td>\n<\/tr>\n<\/thead>\n<tbody>\n<tr>\n<td>Certification des produits<\/td>\n<td>En tant que groupe ayant une capacit\u00e9 de production de 600 000 bouteilles en verre par jour, nos deux filiales sont toutes certifi\u00e9es ISO9001 et enregistr\u00e9es aupr\u00e8s de la FDA. Nos principaux produits sont les bouteilles en verre Super Flint et High Flint. Nos produits r\u00e9pondent aux normes de qualit\u00e9 les plus strictes, y compris les certifications SGS, TUV et de s\u00e9curit\u00e9 alimentaire de l'UE. Notre \u00e9quipe technique, compos\u00e9e de plus de 70 professionnels, est toujours \u00e0 votre service et veille \u00e0 ce que vos commandes ODM et OEM soient parfaitement ex\u00e9cut\u00e9es.<\/td>\n<\/tr>\n<tr>\n<td>Politique de livraison et de retour<\/td>\n<td>Nous travaillons avec des transitaires professionnels pour organiser la livraison \u00e0 votre port maritime d\u00e9sign\u00e9 ou fournir un service porte-\u00e0-porte. En fonction de la disponibilit\u00e9 des compagnies maritimes, nous proposons des options avec Maersk, COSCO, MSC, CMA, ONE et d'autres transporteurs.<\/p>\n<p>Un taux de casse allant jusqu'\u00e0 3% est consid\u00e9r\u00e9 comme normal pendant le transport. Si la casse d\u00e9passe 3%, nous compenserons l'exc\u00e9dent lors de votre prochaine commande.<\/td>\n<\/tr>\n<\/tbody>\n<\/table>\n<\/div>\n\t\t<\/div>\n\t\t\t\t\t<\/div>\n\n\t\n<\/div>\n<div class=\"row align-center\"  id=\"row-519187170\">\n\n\t<div id=\"col-2022509188\" class=\"col medium-6 small-12 large-6\"  >\n\t\t\t\t<div class=\"col-inner\"  >\n\t\t\t\n\t\t\t\n\t<div class=\"img has-hover x md-x lg-x y md-y lg-y\" id=\"image_46333780\">\n\t\t\t\t\t\t\t\t<div class=\"img-inner dark\" >\n\t\t\t<img decoding=\"async\" width=\"750\" height=\"1000\" src=\"https:\/\/ruishengglassco.com\/wp-content\/uploads\/2025\/04\/750ml-A3-Glass-Liquor-Bottle-mould.webp\" class=\"attachment-original size-original\" alt=\"Moule \u00e0 bouteille de liqueur en verre 750ml-A3\" srcset=\"https:\/\/ruishengglassco.com\/wp-content\/uploads\/2025\/04\/750ml-A3-Glass-Liquor-Bottle-mould.webp 750w, https:\/\/ruishengglassco.com\/wp-content\/uploads\/2025\/04\/750ml-A3-Glass-Liquor-Bottle-mould-225x300.webp 225w, https:\/\/ruishengglassco.com\/wp-content\/uploads\/2025\/04\/750ml-A3-Glass-Liquor-Bottle-mould-9x12.webp 9w\" sizes=\"(max-width: 750px) 100vw, 750px\" \/>\t\t\t\t\t\t\n\t\t\t\t\t<\/div>\n\t\t\t\t\t\t\t\t\n<style>\n#image_46333780 {\n  width: 100%;\n}\n<\/style>\n\t<\/div>\n\t\n\t\t<\/div>\n\t\t\t\t\t<\/div>\n\n\t\n<\/div>\n\t\t<\/div>\n\n\t\t\n<style>\n#section_1703748005 {\n  padding-top: 30px;\n  padding-bottom: 30px;\n}\n<\/style>\n\t<\/section>\n\t\n\t<section class=\"section\" id=\"section_1746183323\">\n\t\t<div class=\"bg section-bg fill bg-fill  bg-loaded\" >\n\n\t\t\t\n\t\t\t\n\t\t\t\n\n\t\t<\/div>\n\n\t\t\n\n\t\t<div class=\"section-content relative\">\n\t\t\t\n<div class=\"row\"  id=\"row-739231156\">\n\n\t<div id=\"col-1357548404\" class=\"col small-12 large-12\"  >\n\t\t\t\t<div class=\"col-inner\"  >\n\t\t\t\n\t\t\t\n<h2 style=\"text-align: center;\">Fabricant de bouteilles en verre Ruisheng<\/h2>\n<p>Ruisheng a plus de 16 ans d'expertise dans la production de bouteilles en verre depuis 2009.<\/p>\n<p><span data-preserver-spaces=\"true\">Nous disposons \u00e9galement d'une technologie de production avanc\u00e9e et d'un contr\u00f4le de qualit\u00e9 strict. Nos bouteilles <\/span><span data-preserver-spaces=\"true\">sont r\u00e9alis\u00e9s<\/span><span data-preserver-spaces=\"true\"> en verre blanc cristallin de haute qualit\u00e9, r\u00e9put\u00e9 pour sa transparence exceptionnelle. Nous utilisons des mat\u00e9riaux \u00e9cologiques et recyclables pour garantir la durabilit\u00e9 et respecter les normes environnementales.<\/span><\/p>\n<p><span data-preserver-spaces=\"true\">La surface de la bouteille est trait\u00e9e avec une finition lisse pour un aspect raffin\u00e9 et une prise en main confortable. Nos bouteilles de liqueur en verre <\/span><span data-preserver-spaces=\"true\">r\u00e9sister<\/span><span data-preserver-spaces=\"true\"> l'\u00e9caillage et les rayures. <\/span><span data-preserver-spaces=\"true\">Le pr\u00e9sent<\/span><span data-preserver-spaces=\"true\"> permet de prolonger leur dur\u00e9e de vie, m\u00eame pendant le transport et la manutention.<\/span><\/p>\n<p><strong><span data-preserver-spaces=\"true\">Fabrication et services<\/span><\/strong><\/p>\n<p><span data-preserver-spaces=\"true\">Les commandes OEM et ODM sont accept\u00e9es - nous travaillons en \u00e9troite collaboration avec nos clients pour donner vie \u00e0 leur vision, de la conception \u00e0 la production. En tant que fabricant, nous pouvons contr\u00f4ler les d\u00e9lais d'ex\u00e9cution afin de r\u00e9pondre aux exigences de nos clients.<\/span><\/p>\n<p style=\"text-align: center;\"><a class=\"button gradient\" data-fancybox=\"\" data-src=\"#hidden-CF7\">Obtenir un devis<\/a><\/p>\n<h2 style=\"text-align: center;\">Options de conception personnalisables<\/h2>\n<p>Nous proposons diff\u00e9rentes formes, tailles et couleurs pour r\u00e9pondre \u00e0 vos besoins. Nous pouvons \u00e9galement cr\u00e9er un nouveau moule pour fabriquer des bouteilles exactement selon votre demande.<\/p>\n<p>En tant que fabricant professionnel de bouteilles en verre, nous fournissons \u00e9galement des services personnalis\u00e9s, y compris l'impression de logos, d'\u00e9tiquettes autocollantes, le gaufrage, la gravure, le givrage, la peinture, etc.<\/p>\n<p>Nous proposons \u00e9galement des bouchons assortis, tels que des bouchons en aluminium avec des pieds en polym\u00e8re et des bouchons en bois avec des pieds en polym\u00e8re, et des couleurs personnalis\u00e9es sont disponibles.<\/p>\n<p>Nous vous remercions d'avoir choisi nos bouteilles de vin en verre. Nous nous r\u00e9jouissons de pouvoir vous fournir les meilleurs produits et services.<\/p>\n<p>Si vous avez des questions ou des demandes sp\u00e9cifiques, n'h\u00e9sitez pas \u00e0 nous contacter - notre \u00e9quipe est pr\u00eate \u00e0 vous aider !<\/p>\n\t\t<\/div>\n\t\t\t\t\t<\/div>\n\n\t\n<\/div>\n\t\t<\/div>\n\n\t\t\n<style>\n#section_1746183323 {\n  padding-top: 30px;\n  padding-bottom: 30px;\n}\n<\/style>\n\t<\/section>","protected":false},"excerpt":{"rendered":"<p><strong>Nom du produit<\/strong>Bouteille de liqueur en verre A3 de 750ml<\/p>\n<p><strong>Mat\u00e9riau<\/strong>: Verre blanc cristallin (Super Flint Glass)<\/p>\n<p><strong>Poids<\/strong>: 750g<\/p>\n<p><strong>MOQ<\/strong>: 10 000 unit\u00e9s<\/p>\n<p><strong>Dimensions<\/strong>: Diam\u00e8tre 91,3 mm \u00d7 hauteur 224,0 mm<\/p>\n<p><strong>Applications<\/strong>: Il convient parfaitement \u00e0 l'emballage de spiritueux de qualit\u00e9 sup\u00e9rieure tels que la vodka, le whisky, le gin, la tequila et d'autres liqueurs et boissons.<\/p>","protected":false},"featured_media":4741,"comment_status":"closed","ping_status":"closed","template":"","meta":[],"product_cat":[40,50],"class_list":{"0":"post-4740","1":"product","2":"type-product","3":"status-publish","4":"has-post-thumbnail","6":"product_cat-750ml-liquor-bottle-manufacturer","7":"product_cat-gin-bottle","9":"first","10":"instock","11":"shipping-taxable","12":"product-type-simple"},"yoast_head":"<!-- This site is optimized with the Yoast SEO plugin v22.0 - https:\/\/yoast.com\/wordpress\/plugins\/seo\/ -->\n<title>750ml A3 Glass Liquor Bottle<\/title>\n<meta name=\"description\" content=\"Elegant 750ml A3 Glass Liquor Bottle in frosted pink, with a sleek cylindrical shape, clear neck, and minimalist gold labeling.\" \/>\n<meta name=\"robots\" content=\"index, follow, max-snippet:-1, max-image-preview:large, max-video-preview:-1\" \/>\n<link rel=\"canonical\" href=\"https:\/\/ruishengglassco.com\/fr\/rs169-750ml-a3-bouteille-de-liqueur-en-verre\/\" \/>\n<meta property=\"og:locale\" content=\"fr_FR\" \/>\n<meta property=\"og:type\" content=\"article\" \/>\n<meta property=\"og:title\" content=\"750ml A3 Glass Liquor Bottle\" \/>\n<meta property=\"og:description\" content=\"Elegant 750ml A3 Glass Liquor Bottle in frosted pink, with a sleek cylindrical shape, clear neck, and minimalist gold labeling.\" \/>\n<meta property=\"og:url\" content=\"https:\/\/ruishengglassco.com\/fr\/rs169-750ml-a3-bouteille-de-liqueur-en-verre\/\" \/>\n<meta property=\"article:publisher\" content=\"https:\/\/www.facebook.com\/ruishengglassbottles\" \/>\n<meta property=\"article:modified_time\" content=\"2025-09-11T08:56:14+00:00\" \/>\n<meta property=\"og:image\" content=\"https:\/\/ruishengglassco.com\/wp-content\/uploads\/2025\/04\/750ml-A3-Glass-Liquor-Bottle.webp\" \/>\n\t<meta property=\"og:image:width\" content=\"800\" \/>\n\t<meta property=\"og:image:height\" content=\"800\" \/>\n\t<meta property=\"og:image:type\" content=\"image\/webp\" \/>\n<meta name=\"twitter:card\" content=\"summary_large_image\" \/>\n<meta name=\"twitter:label1\" content=\"Dur\u00e9e de lecture estim\u00e9e\" \/>\n\t<meta name=\"twitter:data1\" content=\"4 minutes\" \/>\n<script type=\"application\/ld+json\" class=\"yoast-schema-graph\">{\"@context\":\"https:\/\/schema.org\",\"@graph\":[{\"@type\":\"WebPage\",\"@id\":\"https:\/\/ruishengglassco.com\/rs169-750ml-a3-glass-liquor-bottle\",\"url\":\"https:\/\/ruishengglassco.com\/rs169-750ml-a3-glass-liquor-bottle\",\"name\":\"750ml A3 Glass Liquor Bottle\",\"isPartOf\":{\"@id\":\"https:\/\/ruishengglassco.com\/#website\"},\"datePublished\":\"2025-04-15T09:21:52+00:00\",\"dateModified\":\"2025-09-11T08:56:14+00:00\",\"description\":\"Elegant 750ml A3 Glass Liquor Bottle in frosted pink, with a sleek cylindrical shape, clear neck, and minimalist gold labeling.\",\"breadcrumb\":{\"@id\":\"https:\/\/ruishengglassco.com\/rs169-750ml-a3-glass-liquor-bottle#breadcrumb\"},\"inLanguage\":\"fr-FR\",\"potentialAction\":[{\"@type\":\"ReadAction\",\"target\":[\"https:\/\/ruishengglassco.com\/rs169-750ml-a3-glass-liquor-bottle\"]}]},{\"@type\":\"BreadcrumbList\",\"@id\":\"https:\/\/ruishengglassco.com\/rs169-750ml-a3-glass-liquor-bottle#breadcrumb\",\"itemListElement\":[{\"@type\":\"ListItem\",\"position\":1,\"name\":\"Home\",\"item\":\"https:\/\/ruishengglassco.com\/\"},{\"@type\":\"ListItem\",\"position\":2,\"name\":\"Products\",\"item\":\"https:\/\/ruishengglassco.com\/products\"},{\"@type\":\"ListItem\",\"position\":3,\"name\":\"RS169 750ml A3 Glass Liquor Bottle\"}]},{\"@type\":\"WebSite\",\"@id\":\"https:\/\/ruishengglassco.com\/#website\",\"url\":\"https:\/\/ruishengglassco.com\/\",\"name\":\"Ruisheng Glass\",\"description\":\"\",\"publisher\":{\"@id\":\"https:\/\/ruishengglassco.com\/#organization\"},\"potentialAction\":[{\"@type\":\"SearchAction\",\"target\":{\"@type\":\"EntryPoint\",\"urlTemplate\":\"https:\/\/ruishengglassco.com\/?s={search_term_string}\"},\"query-input\":\"required name=search_term_string\"}],\"inLanguage\":\"fr-FR\"},{\"@type\":\"Organization\",\"@id\":\"https:\/\/ruishengglassco.com\/#organization\",\"name\":\"Shandong Yuncheng Ruisheng Glass Co., Ltd\",\"url\":\"https:\/\/ruishengglassco.com\/\",\"logo\":{\"@type\":\"ImageObject\",\"inLanguage\":\"fr-FR\",\"@id\":\"https:\/\/ruishengglassco.com\/#\/schema\/logo\/image\/\",\"url\":\"https:\/\/ruishengglassco.com\/wp-content\/uploads\/2023\/09\/ruisheng_logo_icon.webp\",\"contentUrl\":\"https:\/\/ruishengglassco.com\/wp-content\/uploads\/2023\/09\/ruisheng_logo_icon.webp\",\"width\":400,\"height\":233,\"caption\":\"Shandong Yuncheng Ruisheng Glass Co., Ltd\"},\"image\":{\"@id\":\"https:\/\/ruishengglassco.com\/#\/schema\/logo\/image\/\"},\"sameAs\":[\"https:\/\/www.facebook.com\/ruishengglassbottles\",\"https:\/\/www.instagram.com\/Ruishengglassbottlewholesales\/\",\"https:\/\/www.youtube.com\/channel\/UCMmbMNGwsL-XrtjfSFLCdVQ\"]}]}<\/script>\n<!-- \/ Yoast SEO plugin. -->","yoast_head_json":{"title":"750ml A3 Glass Liquor Bottle","description":"Elegant 750ml A3 Glass Liquor Bottle in frosted pink, with a sleek cylindrical shape, clear neck, and minimalist gold labeling.","robots":{"index":"index","follow":"follow","max-snippet":"max-snippet:-1","max-image-preview":"max-image-preview:large","max-video-preview":"max-video-preview:-1"},"canonical":"https:\/\/ruishengglassco.com\/fr\/rs169-750ml-a3-bouteille-de-liqueur-en-verre\/","og_locale":"fr_FR","og_type":"article","og_title":"750ml A3 Glass Liquor Bottle","og_description":"Elegant 750ml A3 Glass Liquor Bottle in frosted pink, with a sleek cylindrical shape, clear neck, and minimalist gold labeling.","og_url":"https:\/\/ruishengglassco.com\/fr\/rs169-750ml-a3-bouteille-de-liqueur-en-verre\/","article_publisher":"https:\/\/www.facebook.com\/ruishengglassbottles","article_modified_time":"2025-09-11T08:56:14+00:00","og_image":[{"width":800,"height":800,"url":"https:\/\/ruishengglassco.com\/wp-content\/uploads\/2025\/04\/750ml-A3-Glass-Liquor-Bottle.webp","type":"image\/webp"}],"twitter_card":"summary_large_image","twitter_misc":{"Dur\u00e9e de lecture estim\u00e9e":"4 minutes"},"schema":{"@context":"https:\/\/schema.org","@graph":[{"@type":"WebPage","@id":"https:\/\/ruishengglassco.com\/rs169-750ml-a3-glass-liquor-bottle","url":"https:\/\/ruishengglassco.com\/rs169-750ml-a3-glass-liquor-bottle","name":"750ml A3 Glass Liquor Bottle","isPartOf":{"@id":"https:\/\/ruishengglassco.com\/#website"},"datePublished":"2025-04-15T09:21:52+00:00","dateModified":"2025-09-11T08:56:14+00:00","description":"Elegant 750ml A3 Glass Liquor Bottle in frosted pink, with a sleek cylindrical shape, clear neck, and minimalist gold labeling.","breadcrumb":{"@id":"https:\/\/ruishengglassco.com\/rs169-750ml-a3-glass-liquor-bottle#breadcrumb"},"inLanguage":"fr-FR","potentialAction":[{"@type":"ReadAction","target":["https:\/\/ruishengglassco.com\/rs169-750ml-a3-glass-liquor-bottle"]}]},{"@type":"BreadcrumbList","@id":"https:\/\/ruishengglassco.com\/rs169-750ml-a3-glass-liquor-bottle#breadcrumb","itemListElement":[{"@type":"ListItem","position":1,"name":"Home","item":"https:\/\/ruishengglassco.com\/"},{"@type":"ListItem","position":2,"name":"Products","item":"https:\/\/ruishengglassco.com\/products"},{"@type":"ListItem","position":3,"name":"RS169 750ml A3 Glass Liquor Bottle"}]},{"@type":"WebSite","@id":"https:\/\/ruishengglassco.com\/#website","url":"https:\/\/ruishengglassco.com\/","name":"Ruisheng Glass","description":"","publisher":{"@id":"https:\/\/ruishengglassco.com\/#organization"},"potentialAction":[{"@type":"SearchAction","target":{"@type":"EntryPoint","urlTemplate":"https:\/\/ruishengglassco.com\/?s={search_term_string}"},"query-input":"required name=search_term_string"}],"inLanguage":"fr-FR"},{"@type":"Organization","@id":"https:\/\/ruishengglassco.com\/#organization","name":"Shandong Yuncheng Ruisheng Glass Co., Ltd","url":"https:\/\/ruishengglassco.com\/","logo":{"@type":"ImageObject","inLanguage":"fr-FR","@id":"https:\/\/ruishengglassco.com\/#\/schema\/logo\/image\/","url":"https:\/\/ruishengglassco.com\/wp-content\/uploads\/2023\/09\/ruisheng_logo_icon.webp","contentUrl":"https:\/\/ruishengglassco.com\/wp-content\/uploads\/2023\/09\/ruisheng_logo_icon.webp","width":400,"height":233,"caption":"Shandong Yuncheng Ruisheng Glass Co., Ltd"},"image":{"@id":"https:\/\/ruishengglassco.com\/#\/schema\/logo\/image\/"},"sameAs":["https:\/\/www.facebook.com\/ruishengglassbottles","https:\/\/www.instagram.com\/Ruishengglassbottlewholesales\/","https:\/\/www.youtube.com\/channel\/UCMmbMNGwsL-XrtjfSFLCdVQ"]}]}},"_links":{"self":[{"href":"https:\/\/ruishengglassco.com\/fr\/wp-json\/wp\/v2\/product\/4740","targetHints":{"allow":["GET"]}}],"collection":[{"href":"https:\/\/ruishengglassco.com\/fr\/wp-json\/wp\/v2\/product"}],"about":[{"href":"https:\/\/ruishengglassco.com\/fr\/wp-json\/wp\/v2\/types\/product"}],"replies":[{"embeddable":true,"href":"https:\/\/ruishengglassco.com\/fr\/wp-json\/wp\/v2\/comments?post=4740"}],"wp:featuredmedia":[{"embeddable":true,"href":"https:\/\/ruishengglassco.com\/fr\/wp-json\/wp\/v2\/media\/4741"}],"wp:attachment":[{"href":"https:\/\/ruishengglassco.com\/fr\/wp-json\/wp\/v2\/media?parent=4740"}],"wp:term":[{"taxonomy":"product_cat","embeddable":true,"href":"https:\/\/ruishengglassco.com\/fr\/wp-json\/wp\/v2\/product_cat?post=4740"}],"curies":[{"name":"wp","href":"https:\/\/api.w.org\/{rel}","templated":true}]}}