{"id":4413,"date":"2025-03-15T23:20:47","date_gmt":"2025-03-15T15:20:47","guid":{"rendered":"https:\/\/ruishengglassco.com\/?post_type=product&#038;p=4413"},"modified":"2025-03-15T23:20:47","modified_gmt":"2025-03-15T15:20:47","slug":"rs160-china-luxury-whiskey-bottle-factory","status":"publish","type":"product","link":"https:\/\/ruishengglassco.com\/fr\/produit\/rs160-china-luxury-whiskey-bottle-factory","title":{"rendered":"RS160 Fabrique de bouteilles de whisky de luxe en Chine"},"content":{"rendered":"<h2 data-spm-anchor-id=\"a2700.details.0.i82.67a53c122iOfKz\">D\u00e9tails du service de bouteilles de whisky sur mesure de Ruisheng<\/h2>\n<p>Si vous souhaitez commencer votre commande de bouteilles de whisky personnalis\u00e9es, la premi\u00e8re chose \u00e0 faire est de faire part de vos besoins \u00e0 notre \u00e9quipe de vente, y compris la forme, la taille et la capacit\u00e9 de la bouteille souhait\u00e9e, ainsi que tout \u00e9l\u00e9ment de design sp\u00e9cifique.<\/p>\n<p>Notre \u00e9quipe de conception vous enverra ensuite les mod\u00e8les de bouteilles en verre de notre soci\u00e9t\u00e9. Bien entendu, si vous avez votre propre mod\u00e8le de bouteille, nous collaborerons avec vous pour revoir et affiner les concepts initiaux. Nous collaborerons avec vous pour examiner et affiner les concepts initiaux.<\/p>\n<p>Une fois le design finalis\u00e9, nous cr\u00e9ons un prototype physique de la bouteille personnalis\u00e9e. Apr\u00e8s cette \u00e9tape, nous proc\u00e9derons \u00e0 la production des bouteilles de whisky personnalis\u00e9es.<\/p>\n<h2 data-spm-anchor-id=\"a2700.details.0.i82.67a53c122iOfKz\"><span style=\"font-size: 100%;\">Sp\u00e9cifications<\/span><\/h2>\n<div class=\"attribute-list\">\n<div class=\"attribute-item\">\n<ul>\n<li class=\"left\">Manipulation en surface : <span style=\"color: var(--wpex-text-2);\">Gravure int\u00e9rieure<\/span><\/li>\n<li class=\"left\">Utilisation industrielle : <span style=\"color: var(--wpex-text-2);\">Boissons<\/span><\/li>\n<li class=\"left\">Type d'\u00e9tanch\u00e9it\u00e9 : <span style=\"color: var(--wpex-text-2);\">BOUCHON DE VISSERIE\/Chape de li\u00e8ge<\/span><\/li>\n<li class=\"left\">Lieu d'origine : <span style=\"color: var(--wpex-text-2);\">Shandong, Chine<\/span><\/li>\n<li class=\"left\">Mat\u00e9riau de la base : S<span style=\"color: var(--wpex-text-2);\">verre uper silex<\/span><\/li>\n<li class=\"left\">Mat\u00e9riau du corps : <span style=\"color: var(--wpex-text-2);\">Super verre \u00e0 silex<\/span><\/li>\n<li class=\"left\">Num\u00e9ro de mod\u00e8le : <span style=\"color: var(--wpex-text-2);\">RS-160<\/span><\/li>\n<li class=\"left\">Nom de marque : <span style=\"color: var(--wpex-text-2);\">RUISHENG<\/span><\/li>\n<li class=\"left\">Utilisation : <span style=\"color: var(--wpex-text-2);\">Alcools\/liqueurs\/spiritueux\/vodka\/whisky\/brandy\/rhum\/gin<\/span><\/li>\n<li class=\"left\">Emballage : <span style=\"color: var(--wpex-text-2);\">Emballage sur mesure accept\u00e9<\/span><\/li>\n<li class=\"left\">Capacit\u00e9 : <span style=\"color: var(--wpex-text-2);\">200ml\/300ml\/500ml\/700\/750ml\/1000ml<\/span><\/li>\n<li class=\"left\">Forme : <span style=\"color: var(--wpex-text-2);\">Forme personnalis\u00e9e<\/span><\/li>\n<li class=\"left\">Logo : <span style=\"color: var(--wpex-text-2);\">Logo du client acceptable<\/span><\/li>\n<li class=\"left\">Service : <span style=\"color: var(--wpex-text-2);\">OEM \/ODM<\/span><\/li>\n<li class=\"left\">\u00c9chantillon : <span style=\"color: var(--wpex-text-2);\">Fourni gratuitement<\/span><\/li>\n<li class=\"left\">Impression du logo : <span style=\"color: var(--wpex-text-2);\">Acceptation de l'impression du logo du client<\/span><\/li>\n<li class=\"left\">D\u00e9lai de livraison : <span style=\"color: var(--wpex-text-2);\">30-45 jours<\/span><\/li>\n<li class=\"left\">Emballage : <span style=\"font-family: var(--wpex-heading-font-family); font-style: var(--wpex-heading-font-style); letter-spacing: var(--wpex-heading-letter-spacing); text-transform: var(--wpex-heading-text-transform); color: var(--wpex-text-2);\" data-spm-anchor-id=\"a2700.details.0.i77.67a53c122iOfKz\">Carton d'exportation standard\/<\/span><span style=\"color: var(--wpex-text-2);\">Palette\/<\/span><span style=\"color: var(--wpex-text-2);\">Emballage personnalis\u00e9<\/span><\/li>\n<li class=\"left\">Port : <span style=\"color: var(--wpex-text-2);\">Qingdao<\/span><\/li>\n<\/ul>\n<h2 data-start=\"138\" data-end=\"188\"><strong data-start=\"141\" data-end=\"186\">Usine de verre Ruisheng \u00e0 Shandong, Chine<\/strong><\/h2>\n<p data-start=\"190\" data-end=\"460\">Depuis 2009, notre usine moderne de production de bouteilles en verre et notre centre de recherche et d\u00e9veloppement bien \u00e9quip\u00e9 fonctionnent dans une installation de 5 000 000 de pieds carr\u00e9s. Nous sommes sp\u00e9cialis\u00e9s dans la production de bouteilles en verre de haute qualit\u00e9 pour les liqueurs, les spiritueux, le whisky, la vodka, le brandy et d'autres boissons alcoolis\u00e9es.<\/p>\n<h3 data-start=\"467\" data-end=\"539\"><strong data-start=\"471\" data-end=\"537\">Notre usine de fabrication de bouteilles en verre pour boissons alcoolis\u00e9es tourne \u00e0 plein r\u00e9gime<\/strong><\/h3>\n<h4 data-start=\"541\" data-end=\"571\"><strong data-start=\"546\" data-end=\"569\">12 lignes de production<\/strong><\/h4>\n<p data-start=\"572\" data-end=\"733\">Nos lignes de production de bouteilles en verre semi-automatiques \u00e0 haut rendement permettent la fabrication simultan\u00e9e de bouteilles en verre avec diff\u00e9rents processus de traitement.<\/p>\n<h4 data-start=\"735\" data-end=\"760\"><strong data-start=\"740\" data-end=\"758\">500+ employ\u00e9s<\/strong><\/h4>\n<p data-start=\"761\" data-end=\"835\">Ruisheng Glass dispose d'une main-d'\u0153uvre qualifi\u00e9e de plus de 500 employ\u00e9s, notamment :<\/p>\n<ul data-start=\"836\" data-end=\"952\">\n<li data-start=\"836\" data-end=\"863\">15 designers industriels<\/li>\n<li data-start=\"864\" data-end=\"897\">35 inspecteurs de la qualit\u00e9 des produits<\/li>\n<li data-start=\"898\" data-end=\"952\">Travailleurs de la production, personnel de vente et de marketing<\/li>\n<\/ul>\n<h4 data-start=\"954\" data-end=\"983\"><strong data-start=\"959\" data-end=\"981\">Plus de 8000 moules de conception<\/strong><\/h4>\n<p data-start=\"984\" data-end=\"1105\">Gr\u00e2ce \u00e0 un vaste stock de moules en interne, nous offrons une flexibilit\u00e9 in\u00e9gal\u00e9e pour r\u00e9pondre aux diverses exigences de nos clients.<\/p>\n<h4 data-start=\"1107\" data-end=\"1139\"><strong data-start=\"1112\" data-end=\"1137\">120 000+ Production journali\u00e8re<\/strong><\/h4>\n<p data-start=\"1140\" data-end=\"1242\">Nos capacit\u00e9s de production \u00e0 grande \u00e9chelle permettent une r\u00e9ponse rapide au march\u00e9 et une ex\u00e9cution sans faille des commandes.<\/p>\n<h2 data-start=\"1249\" data-end=\"1285\"><strong data-start=\"1252\" data-end=\"1283\">Comment commander le verre Ruisheng<\/strong><\/h2>\n<p data-start=\"1286\" data-end=\"1372\">Pour les demandes de renseignements et les commandes, veuillez nous contacter ou visiter notre usine \u00e0 Shandong, en Chine.<\/p>\n<\/div>\n<\/div>","protected":false},"excerpt":{"rendered":"<p>D\u00e9tails du service de bouteilles de whisky personnalis\u00e9es de Ruisheng Si vous souhaitez commencer votre commande de bouteilles de whisky personnalis\u00e9es, la premi\u00e8re chose \u00e0 faire est de faire part de vos besoins \u00e0 notre \u00e9quipe de vente, y compris la forme, la taille et la capacit\u00e9 de la bouteille souhait\u00e9e, ainsi que tout \u00e9l\u00e9ment de design sp\u00e9cifique. Ensuite, notre \u00e9quipe de conception vous enverra des bouteilles en verre...<\/p>","protected":false},"featured_media":4416,"comment_status":"closed","ping_status":"closed","template":"","meta":[],"product_cat":[54],"class_list":{"0":"post-4413","1":"product","2":"type-product","3":"status-publish","4":"has-post-thumbnail","6":"product_cat-whiskey-bottle","8":"first","9":"instock","10":"shipping-taxable","11":"product-type-simple"},"yoast_head":"<!-- This site is optimized with the Yoast SEO plugin v22.0 - https:\/\/yoast.com\/wordpress\/plugins\/seo\/ -->\n<title>RS160 China Luxury Whiskey Bottle Factory -<\/title>\n<meta name=\"robots\" content=\"index, follow, max-snippet:-1, max-image-preview:large, max-video-preview:-1\" \/>\n<link rel=\"canonical\" href=\"https:\/\/ruishengglassco.com\/fr\/rs160-china-luxury-whiskey-bottle-factory\/\" \/>\n<meta property=\"og:locale\" content=\"fr_FR\" \/>\n<meta property=\"og:type\" content=\"article\" \/>\n<meta property=\"og:title\" content=\"RS160 China Luxury Whiskey Bottle Factory -\" \/>\n<meta property=\"og:description\" content=\"Details Of Ruisheng Custom Made Whiskey Bottle Service If you want to start your custom made whiskey bottle order, the first step you need to do is telling your needs to our sales team, including the desired bottle shape, size, capacity, and any specific design elements. Then our design team will send you glass bottle...\" \/>\n<meta property=\"og:url\" content=\"https:\/\/ruishengglassco.com\/fr\/rs160-china-luxury-whiskey-bottle-factory\/\" \/>\n<meta property=\"article:publisher\" content=\"https:\/\/www.facebook.com\/ruishengglassbottles\" \/>\n<meta property=\"og:image\" content=\"https:\/\/ruishengglassco.com\/wp-content\/uploads\/2025\/03\/RS160-China-Luxury-Whiskey-Bottle-Factory.webp\" \/>\n\t<meta property=\"og:image:width\" content=\"800\" \/>\n\t<meta property=\"og:image:height\" content=\"800\" \/>\n\t<meta property=\"og:image:type\" content=\"image\/webp\" \/>\n<meta name=\"twitter:card\" content=\"summary_large_image\" \/>\n<meta name=\"twitter:label1\" content=\"Dur\u00e9e de lecture estim\u00e9e\" \/>\n\t<meta name=\"twitter:data1\" content=\"2 minutes\" \/>\n<script type=\"application\/ld+json\" class=\"yoast-schema-graph\">{\"@context\":\"https:\/\/schema.org\",\"@graph\":[{\"@type\":\"WebPage\",\"@id\":\"https:\/\/ruishengglassco.com\/rs160-china-luxury-whiskey-bottle-factory\",\"url\":\"https:\/\/ruishengglassco.com\/rs160-china-luxury-whiskey-bottle-factory\",\"name\":\"RS160 China Luxury Whiskey Bottle Factory -\",\"isPartOf\":{\"@id\":\"https:\/\/ruishengglassco.com\/#website\"},\"datePublished\":\"2025-03-15T15:20:47+00:00\",\"dateModified\":\"2025-03-15T15:20:47+00:00\",\"breadcrumb\":{\"@id\":\"https:\/\/ruishengglassco.com\/rs160-china-luxury-whiskey-bottle-factory#breadcrumb\"},\"inLanguage\":\"fr-FR\",\"potentialAction\":[{\"@type\":\"ReadAction\",\"target\":[\"https:\/\/ruishengglassco.com\/rs160-china-luxury-whiskey-bottle-factory\"]}]},{\"@type\":\"BreadcrumbList\",\"@id\":\"https:\/\/ruishengglassco.com\/rs160-china-luxury-whiskey-bottle-factory#breadcrumb\",\"itemListElement\":[{\"@type\":\"ListItem\",\"position\":1,\"name\":\"Home\",\"item\":\"https:\/\/ruishengglassco.com\/\"},{\"@type\":\"ListItem\",\"position\":2,\"name\":\"Products\",\"item\":\"https:\/\/ruishengglassco.com\/products\"},{\"@type\":\"ListItem\",\"position\":3,\"name\":\"RS160 China Luxury Whiskey Bottle Factory\"}]},{\"@type\":\"WebSite\",\"@id\":\"https:\/\/ruishengglassco.com\/#website\",\"url\":\"https:\/\/ruishengglassco.com\/\",\"name\":\"Ruisheng Glass\",\"description\":\"\",\"publisher\":{\"@id\":\"https:\/\/ruishengglassco.com\/#organization\"},\"potentialAction\":[{\"@type\":\"SearchAction\",\"target\":{\"@type\":\"EntryPoint\",\"urlTemplate\":\"https:\/\/ruishengglassco.com\/?s={search_term_string}\"},\"query-input\":\"required name=search_term_string\"}],\"inLanguage\":\"fr-FR\"},{\"@type\":\"Organization\",\"@id\":\"https:\/\/ruishengglassco.com\/#organization\",\"name\":\"Shandong Yuncheng Ruisheng Glass Co., Ltd\",\"url\":\"https:\/\/ruishengglassco.com\/\",\"logo\":{\"@type\":\"ImageObject\",\"inLanguage\":\"fr-FR\",\"@id\":\"https:\/\/ruishengglassco.com\/#\/schema\/logo\/image\/\",\"url\":\"https:\/\/ruishengglassco.com\/wp-content\/uploads\/2023\/09\/ruisheng_logo_icon.webp\",\"contentUrl\":\"https:\/\/ruishengglassco.com\/wp-content\/uploads\/2023\/09\/ruisheng_logo_icon.webp\",\"width\":400,\"height\":233,\"caption\":\"Shandong Yuncheng Ruisheng Glass Co., Ltd\"},\"image\":{\"@id\":\"https:\/\/ruishengglassco.com\/#\/schema\/logo\/image\/\"},\"sameAs\":[\"https:\/\/www.facebook.com\/ruishengglassbottles\",\"https:\/\/www.instagram.com\/Ruishengglassbottlewholesales\/\",\"https:\/\/www.youtube.com\/channel\/UCMmbMNGwsL-XrtjfSFLCdVQ\"]}]}<\/script>\n<!-- \/ Yoast SEO plugin. -->","yoast_head_json":{"title":"RS160 China Luxury Whiskey Bottle Factory -","robots":{"index":"index","follow":"follow","max-snippet":"max-snippet:-1","max-image-preview":"max-image-preview:large","max-video-preview":"max-video-preview:-1"},"canonical":"https:\/\/ruishengglassco.com\/fr\/rs160-china-luxury-whiskey-bottle-factory\/","og_locale":"fr_FR","og_type":"article","og_title":"RS160 China Luxury Whiskey Bottle Factory -","og_description":"Details Of Ruisheng Custom Made Whiskey Bottle Service If you want to start your custom made whiskey bottle order, the first step you need to do is telling your needs to our sales team, including the desired bottle shape, size, capacity, and any specific design elements. Then our design team will send you glass bottle...","og_url":"https:\/\/ruishengglassco.com\/fr\/rs160-china-luxury-whiskey-bottle-factory\/","article_publisher":"https:\/\/www.facebook.com\/ruishengglassbottles","og_image":[{"width":800,"height":800,"url":"https:\/\/ruishengglassco.com\/wp-content\/uploads\/2025\/03\/RS160-China-Luxury-Whiskey-Bottle-Factory.webp","type":"image\/webp"}],"twitter_card":"summary_large_image","twitter_misc":{"Dur\u00e9e de lecture estim\u00e9e":"2 minutes"},"schema":{"@context":"https:\/\/schema.org","@graph":[{"@type":"WebPage","@id":"https:\/\/ruishengglassco.com\/rs160-china-luxury-whiskey-bottle-factory","url":"https:\/\/ruishengglassco.com\/rs160-china-luxury-whiskey-bottle-factory","name":"RS160 China Luxury Whiskey Bottle Factory -","isPartOf":{"@id":"https:\/\/ruishengglassco.com\/#website"},"datePublished":"2025-03-15T15:20:47+00:00","dateModified":"2025-03-15T15:20:47+00:00","breadcrumb":{"@id":"https:\/\/ruishengglassco.com\/rs160-china-luxury-whiskey-bottle-factory#breadcrumb"},"inLanguage":"fr-FR","potentialAction":[{"@type":"ReadAction","target":["https:\/\/ruishengglassco.com\/rs160-china-luxury-whiskey-bottle-factory"]}]},{"@type":"BreadcrumbList","@id":"https:\/\/ruishengglassco.com\/rs160-china-luxury-whiskey-bottle-factory#breadcrumb","itemListElement":[{"@type":"ListItem","position":1,"name":"Home","item":"https:\/\/ruishengglassco.com\/"},{"@type":"ListItem","position":2,"name":"Products","item":"https:\/\/ruishengglassco.com\/products"},{"@type":"ListItem","position":3,"name":"RS160 China Luxury Whiskey Bottle Factory"}]},{"@type":"WebSite","@id":"https:\/\/ruishengglassco.com\/#website","url":"https:\/\/ruishengglassco.com\/","name":"Ruisheng Glass","description":"","publisher":{"@id":"https:\/\/ruishengglassco.com\/#organization"},"potentialAction":[{"@type":"SearchAction","target":{"@type":"EntryPoint","urlTemplate":"https:\/\/ruishengglassco.com\/?s={search_term_string}"},"query-input":"required name=search_term_string"}],"inLanguage":"fr-FR"},{"@type":"Organization","@id":"https:\/\/ruishengglassco.com\/#organization","name":"Shandong Yuncheng Ruisheng Glass Co., Ltd","url":"https:\/\/ruishengglassco.com\/","logo":{"@type":"ImageObject","inLanguage":"fr-FR","@id":"https:\/\/ruishengglassco.com\/#\/schema\/logo\/image\/","url":"https:\/\/ruishengglassco.com\/wp-content\/uploads\/2023\/09\/ruisheng_logo_icon.webp","contentUrl":"https:\/\/ruishengglassco.com\/wp-content\/uploads\/2023\/09\/ruisheng_logo_icon.webp","width":400,"height":233,"caption":"Shandong Yuncheng Ruisheng Glass Co., Ltd"},"image":{"@id":"https:\/\/ruishengglassco.com\/#\/schema\/logo\/image\/"},"sameAs":["https:\/\/www.facebook.com\/ruishengglassbottles","https:\/\/www.instagram.com\/Ruishengglassbottlewholesales\/","https:\/\/www.youtube.com\/channel\/UCMmbMNGwsL-XrtjfSFLCdVQ"]}]}},"_links":{"self":[{"href":"https:\/\/ruishengglassco.com\/fr\/wp-json\/wp\/v2\/product\/4413","targetHints":{"allow":["GET"]}}],"collection":[{"href":"https:\/\/ruishengglassco.com\/fr\/wp-json\/wp\/v2\/product"}],"about":[{"href":"https:\/\/ruishengglassco.com\/fr\/wp-json\/wp\/v2\/types\/product"}],"replies":[{"embeddable":true,"href":"https:\/\/ruishengglassco.com\/fr\/wp-json\/wp\/v2\/comments?post=4413"}],"wp:featuredmedia":[{"embeddable":true,"href":"https:\/\/ruishengglassco.com\/fr\/wp-json\/wp\/v2\/media\/4416"}],"wp:attachment":[{"href":"https:\/\/ruishengglassco.com\/fr\/wp-json\/wp\/v2\/media?parent=4413"}],"wp:term":[{"taxonomy":"product_cat","embeddable":true,"href":"https:\/\/ruishengglassco.com\/fr\/wp-json\/wp\/v2\/product_cat?post=4413"}],"curies":[{"name":"wp","href":"https:\/\/api.w.org\/{rel}","templated":true}]}}