{"id":4412,"date":"2025-03-15T23:20:05","date_gmt":"2025-03-15T15:20:05","guid":{"rendered":"https:\/\/ruishengglassco.com\/?post_type=product&#038;p=4412"},"modified":"2025-07-17T11:15:32","modified_gmt":"2025-07-17T03:15:32","slug":"rs159-china-whiskey-bottle-750-ml-factory","status":"publish","type":"product","link":"https:\/\/ruishengglassco.com\/fr\/produit\/rs159-china-whiskey-bottle-750-ml-factory","title":{"rendered":"RS159 Bouteille de whisky chinoise 750 ml Factory"},"content":{"rendered":"<h2><span data-preserver-spaces=\"true\">Sp\u00e9cifications<\/span><\/h2>\n<ul>\n<li><span data-preserver-spaces=\"true\">Traitement de surface : Gravure int\u00e9rieure<\/span><\/li>\n<li><span data-preserver-spaces=\"true\">Utilisation industrielle : boissons<\/span><\/li>\n<li><span data-preserver-spaces=\"true\">Type d'\u00e9tanch\u00e9it\u00e9 : Capuchon de vis\/bouchon<\/span><\/li>\n<li><span data-preserver-spaces=\"true\">Lieu d'origine : Shandong, Chine<\/span><\/li>\n<li><span data-preserver-spaces=\"true\">Mat\u00e9riau de la base : Verre \u00e0 super silex<\/span><\/li>\n<li><span data-preserver-spaces=\"true\">Mat\u00e9riau du corps : Verre \u00e0 super silex<\/span><\/li>\n<li><span data-preserver-spaces=\"true\">Num\u00e9ro de mod\u00e8le : RS-160<\/span><\/li>\n<li><span data-preserver-spaces=\"true\">Nom de marque : RUISHENG<\/span><\/li>\n<li><span data-preserver-spaces=\"true\">Utilisation : Alcool\/liqueur\/spiritueux\/vodka\/whisky\/brandy\/rhum\/gin<\/span><\/li>\n<li><span data-preserver-spaces=\"true\">Emballage : L'emballage sur mesure est acceptable<\/span><\/li>\n<li><span data-preserver-spaces=\"true\">Capacity: 200ml\/300ml\/500ml\/700\/750ml\/1000ml<\/span><\/li>\n<li><span data-preserver-spaces=\"true\">Forme : Forme personnalis\u00e9e<\/span><\/li>\n<li><span data-preserver-spaces=\"true\">Logo : Acceptable Logo du client<\/span><\/li>\n<li><span data-preserver-spaces=\"true\">Service : OEM \/ODM<\/span><\/li>\n<li><span data-preserver-spaces=\"true\">\u00c9chantillon : Fourni gratuitement<\/span><\/li>\n<li><span data-preserver-spaces=\"true\">Impression de logos : Acceptation de l'impression du logo du client<\/span><\/li>\n<li><span data-preserver-spaces=\"true\">D\u00e9lai de livraison : 30-45 jours<\/span><\/li>\n<li><span data-preserver-spaces=\"true\">Emballage : Carton d'exportation standard\/Palette\/Emballage personnalis\u00e9<\/span><\/li>\n<li><span data-preserver-spaces=\"true\">Port : Qingdao<\/span><\/li>\n<\/ul>\n<h2><strong><span data-preserver-spaces=\"true\">Usine de verre Ruisheng \u00e0 Shandong, Chine<\/span><\/strong><\/h2>\n<p><span data-preserver-spaces=\"true\">Depuis 2009, notre usine moderne de production de bouteilles en verre et notre centre de recherche et d\u00e9veloppement bien \u00e9quip\u00e9 fonctionnent dans une installation de 5 000 000 de pieds carr\u00e9s. Nous sommes sp\u00e9cialis\u00e9s dans la production de bouteilles en verre de haute qualit\u00e9 pour les liqueurs, les spiritueux, le whisky, la vodka, le brandy et d'autres boissons alcoolis\u00e9es.<\/span><\/p>\n<h3><strong><span data-preserver-spaces=\"true\">Notre usine de fabrication de bouteilles en verre pour boissons alcoolis\u00e9es tourne \u00e0 plein r\u00e9gime<\/span><\/strong><\/h3>\n<h4><strong><span data-preserver-spaces=\"true\">12 lignes de production<\/span><\/strong><\/h4>\n<p><span data-preserver-spaces=\"true\">Nos lignes de production de bouteilles en verre semi-automatiques \u00e0 haut rendement peuvent produire diff\u00e9rents types de bouteilles en verre en m\u00eame temps.<\/span><\/p>\n<h4><strong><span data-preserver-spaces=\"true\">500+ employ\u00e9s<\/span><\/strong><\/h4>\n<p><span data-preserver-spaces=\"true\">Ruisheng Glass dispose d'une main-d'\u0153uvre qualifi\u00e9e de plus de 500 employ\u00e9s, notamment :<\/span><\/p>\n<ul>\n<li><span data-preserver-spaces=\"true\">15 designers industriels<\/span><\/li>\n<li><span data-preserver-spaces=\"true\">35 inspecteurs de la qualit\u00e9 des produits<\/span><\/li>\n<li><span data-preserver-spaces=\"true\">Travailleurs de la production, personnel de vente et de marketing<\/span><\/li>\n<\/ul>\n<h4><strong><span data-preserver-spaces=\"true\">Plus de 8000 moules de conception<\/span><\/strong><\/h4>\n<p><span data-preserver-spaces=\"true\">Nous disposons d'un stock important de moules. <\/span><span data-preserver-spaces=\"true\">Le pr\u00e9sent<\/span><span data-preserver-spaces=\"true\"> nous permet de r\u00e9pondre facilement aux besoins vari\u00e9s de nos clients.<\/span><\/p>\n<h4><strong><span data-preserver-spaces=\"true\">120 000+ Production journali\u00e8re<\/span><\/strong><\/h4>\n<p><span data-preserver-spaces=\"true\">Nos capacit\u00e9s de production \u00e0 grande \u00e9chelle permettent <\/span><span data-preserver-spaces=\"true\">une r\u00e9ponse rapide au march\u00e9<\/span><span data-preserver-spaces=\"true\"> et <\/span><span data-preserver-spaces=\"true\">ex\u00e9cution des commandes en toute transparence<\/span><span data-preserver-spaces=\"true\">.<\/span><\/p>\n<h2><strong><span data-preserver-spaces=\"true\">Comment commander le verre Ruisheng<\/span><\/strong><\/h2>\n<p><span data-preserver-spaces=\"true\">Pour les demandes de renseignements et les commandes, <\/span><span data-preserver-spaces=\"true\">veuillez nous contacter<\/span><span data-preserver-spaces=\"true\"> ou visiter notre usine \u00e0 Shandong, en Chine.<\/span><\/p>","protected":false},"excerpt":{"rendered":"<p>Sp\u00e9cifications Traitement de surface : Gravure int\u00e9rieure Utilisation industrielle : Boissons Type de scellage : Bouchon \u00e0 vis\/bouchon Lieu d'origine : Shandong, Chine Mat\u00e9riau de base : Mat\u00e9riau de la base : verre super silex Mat\u00e9riau du corps : verre super silex Mat\u00e9riau du corps : verre super silex Num\u00e9ro de mod\u00e8le : RS-160 Nom de marque : RUISHENG Utilisation : Alcool\/liqueur\/spiritueux\/vodka\/whisky\/brandy\/rhum\/gin Emballage : Emballage personnalis\u00e9 : Capacit\u00e9 : 200ml\/300ml\/500ml\/700\/750ml\/1000ml Forme : Forme personnalis\u00e9e Logo : Accepter le logo du client Service : OEM \/ODM Echantillon : Fourni gratuitement...<\/p>","protected":false},"featured_media":4415,"comment_status":"closed","ping_status":"closed","template":"","meta":[],"product_cat":[54],"class_list":{"0":"post-4412","1":"product","2":"type-product","3":"status-publish","4":"has-post-thumbnail","6":"product_cat-whiskey-bottle","8":"first","9":"instock","10":"shipping-taxable","11":"product-type-simple"},"yoast_head":"<!-- This site is optimized with the Yoast SEO plugin v22.0 - https:\/\/yoast.com\/wordpress\/plugins\/seo\/ -->\n<title>RS159 China Whiskey Bottle 750 ml Factory -<\/title>\n<meta name=\"robots\" content=\"index, follow, max-snippet:-1, max-image-preview:large, max-video-preview:-1\" \/>\n<link rel=\"canonical\" href=\"https:\/\/ruishengglassco.com\/fr\/rs159-china-whiskey-bottle-750-ml-factory\/\" \/>\n<meta property=\"og:locale\" content=\"fr_FR\" \/>\n<meta property=\"og:type\" content=\"article\" \/>\n<meta property=\"og:title\" content=\"RS159 China Whiskey Bottle 750 ml Factory -\" \/>\n<meta property=\"og:description\" content=\"Specifications Surface Handling: Inside Engraving Industrial Use: Beverage Sealing Type: SCREW CAP\/Cork Place of Origin: Shandong, China Base Material: Super flint glass Body Material: Super flint glass Model Number: RS-160 Brand Name: RUISHENG Usage: Alcohol\/liquor\/spirits\/vodka\/whisky\/brandy\/rum\/gin Packing: Custom Packing is Acceptable Capacity: 200ml\/300ml\/500ml\/700\/750ml\/1000ml Shape: Customized Shape Logo: Acceptable Customer&#8217;s Logo Service: OEM \/ODM Sample: Provided Freely...\" \/>\n<meta property=\"og:url\" content=\"https:\/\/ruishengglassco.com\/fr\/rs159-china-whiskey-bottle-750-ml-factory\/\" \/>\n<meta property=\"article:publisher\" content=\"https:\/\/www.facebook.com\/ruishengglassbottles\" \/>\n<meta property=\"article:modified_time\" content=\"2025-07-17T03:15:32+00:00\" \/>\n<meta property=\"og:image\" content=\"https:\/\/ruishengglassco.com\/wp-content\/uploads\/2025\/03\/RS159-China-Whiskey-Bottle-750-ml-Factory.webp\" \/>\n\t<meta property=\"og:image:width\" content=\"800\" \/>\n\t<meta property=\"og:image:height\" content=\"800\" \/>\n\t<meta property=\"og:image:type\" content=\"image\/webp\" \/>\n<meta name=\"twitter:card\" content=\"summary_large_image\" \/>\n<meta name=\"twitter:label1\" content=\"Dur\u00e9e de lecture estim\u00e9e\" \/>\n\t<meta name=\"twitter:data1\" content=\"1 minute\" \/>\n<script type=\"application\/ld+json\" class=\"yoast-schema-graph\">{\"@context\":\"https:\/\/schema.org\",\"@graph\":[{\"@type\":\"WebPage\",\"@id\":\"https:\/\/ruishengglassco.com\/de\/rs159-china-whiskey-flasche-750-ml-fabrik\",\"url\":\"https:\/\/ruishengglassco.com\/de\/rs159-china-whiskey-flasche-750-ml-fabrik\",\"name\":\"RS159 China Whiskey Bottle 750 ml Factory -\",\"isPartOf\":{\"@id\":\"https:\/\/ruishengglassco.com\/#website\"},\"datePublished\":\"2025-03-15T15:20:05+00:00\",\"dateModified\":\"2025-07-17T03:15:32+00:00\",\"breadcrumb\":{\"@id\":\"https:\/\/ruishengglassco.com\/de\/rs159-china-whiskey-flasche-750-ml-fabrik#breadcrumb\"},\"inLanguage\":\"fr-FR\",\"potentialAction\":[{\"@type\":\"ReadAction\",\"target\":[\"https:\/\/ruishengglassco.com\/de\/rs159-china-whiskey-flasche-750-ml-fabrik\"]}]},{\"@type\":\"BreadcrumbList\",\"@id\":\"https:\/\/ruishengglassco.com\/de\/rs159-china-whiskey-flasche-750-ml-fabrik#breadcrumb\",\"itemListElement\":[{\"@type\":\"ListItem\",\"position\":1,\"name\":\"Home\",\"item\":\"https:\/\/ruishengglassco.com\/\"},{\"@type\":\"ListItem\",\"position\":2,\"name\":\"Products\",\"item\":\"https:\/\/ruishengglassco.com\/products\"},{\"@type\":\"ListItem\",\"position\":3,\"name\":\"RS159 China Whiskey Bottle 750 ml Factory\"}]},{\"@type\":\"WebSite\",\"@id\":\"https:\/\/ruishengglassco.com\/#website\",\"url\":\"https:\/\/ruishengglassco.com\/\",\"name\":\"Ruisheng Glass\",\"description\":\"\",\"publisher\":{\"@id\":\"https:\/\/ruishengglassco.com\/#organization\"},\"potentialAction\":[{\"@type\":\"SearchAction\",\"target\":{\"@type\":\"EntryPoint\",\"urlTemplate\":\"https:\/\/ruishengglassco.com\/?s={search_term_string}\"},\"query-input\":\"required name=search_term_string\"}],\"inLanguage\":\"fr-FR\"},{\"@type\":\"Organization\",\"@id\":\"https:\/\/ruishengglassco.com\/#organization\",\"name\":\"Shandong Yuncheng Ruisheng Glass Co., Ltd\",\"url\":\"https:\/\/ruishengglassco.com\/\",\"logo\":{\"@type\":\"ImageObject\",\"inLanguage\":\"fr-FR\",\"@id\":\"https:\/\/ruishengglassco.com\/#\/schema\/logo\/image\/\",\"url\":\"https:\/\/ruishengglassco.com\/wp-content\/uploads\/2023\/09\/ruisheng_logo_icon.webp\",\"contentUrl\":\"https:\/\/ruishengglassco.com\/wp-content\/uploads\/2023\/09\/ruisheng_logo_icon.webp\",\"width\":400,\"height\":233,\"caption\":\"Shandong Yuncheng Ruisheng Glass Co., Ltd\"},\"image\":{\"@id\":\"https:\/\/ruishengglassco.com\/#\/schema\/logo\/image\/\"},\"sameAs\":[\"https:\/\/www.facebook.com\/ruishengglassbottles\",\"https:\/\/www.instagram.com\/Ruishengglassbottlewholesales\/\",\"https:\/\/www.youtube.com\/channel\/UCMmbMNGwsL-XrtjfSFLCdVQ\"]}]}<\/script>\n<!-- \/ Yoast SEO plugin. -->","yoast_head_json":{"title":"RS159 China Whiskey Bottle 750 ml Factory -","robots":{"index":"index","follow":"follow","max-snippet":"max-snippet:-1","max-image-preview":"max-image-preview:large","max-video-preview":"max-video-preview:-1"},"canonical":"https:\/\/ruishengglassco.com\/fr\/rs159-china-whiskey-bottle-750-ml-factory\/","og_locale":"fr_FR","og_type":"article","og_title":"RS159 China Whiskey Bottle 750 ml Factory -","og_description":"Specifications Surface Handling: Inside Engraving Industrial Use: Beverage Sealing Type: SCREW CAP\/Cork Place of Origin: Shandong, China Base Material: Super flint glass Body Material: Super flint glass Model Number: RS-160 Brand Name: RUISHENG Usage: Alcohol\/liquor\/spirits\/vodka\/whisky\/brandy\/rum\/gin Packing: Custom Packing is Acceptable Capacity: 200ml\/300ml\/500ml\/700\/750ml\/1000ml Shape: Customized Shape Logo: Acceptable Customer&#8217;s Logo Service: OEM \/ODM Sample: Provided Freely...","og_url":"https:\/\/ruishengglassco.com\/fr\/rs159-china-whiskey-bottle-750-ml-factory\/","article_publisher":"https:\/\/www.facebook.com\/ruishengglassbottles","article_modified_time":"2025-07-17T03:15:32+00:00","og_image":[{"width":800,"height":800,"url":"https:\/\/ruishengglassco.com\/wp-content\/uploads\/2025\/03\/RS159-China-Whiskey-Bottle-750-ml-Factory.webp","type":"image\/webp"}],"twitter_card":"summary_large_image","twitter_misc":{"Dur\u00e9e de lecture estim\u00e9e":"1 minute"},"schema":{"@context":"https:\/\/schema.org","@graph":[{"@type":"WebPage","@id":"https:\/\/ruishengglassco.com\/de\/rs159-china-whiskey-flasche-750-ml-fabrik","url":"https:\/\/ruishengglassco.com\/de\/rs159-china-whiskey-flasche-750-ml-fabrik","name":"RS159 China Whiskey Bottle 750 ml Factory -","isPartOf":{"@id":"https:\/\/ruishengglassco.com\/#website"},"datePublished":"2025-03-15T15:20:05+00:00","dateModified":"2025-07-17T03:15:32+00:00","breadcrumb":{"@id":"https:\/\/ruishengglassco.com\/de\/rs159-china-whiskey-flasche-750-ml-fabrik#breadcrumb"},"inLanguage":"fr-FR","potentialAction":[{"@type":"ReadAction","target":["https:\/\/ruishengglassco.com\/de\/rs159-china-whiskey-flasche-750-ml-fabrik"]}]},{"@type":"BreadcrumbList","@id":"https:\/\/ruishengglassco.com\/de\/rs159-china-whiskey-flasche-750-ml-fabrik#breadcrumb","itemListElement":[{"@type":"ListItem","position":1,"name":"Home","item":"https:\/\/ruishengglassco.com\/"},{"@type":"ListItem","position":2,"name":"Products","item":"https:\/\/ruishengglassco.com\/products"},{"@type":"ListItem","position":3,"name":"RS159 China Whiskey Bottle 750 ml Factory"}]},{"@type":"WebSite","@id":"https:\/\/ruishengglassco.com\/#website","url":"https:\/\/ruishengglassco.com\/","name":"Ruisheng Glass","description":"","publisher":{"@id":"https:\/\/ruishengglassco.com\/#organization"},"potentialAction":[{"@type":"SearchAction","target":{"@type":"EntryPoint","urlTemplate":"https:\/\/ruishengglassco.com\/?s={search_term_string}"},"query-input":"required name=search_term_string"}],"inLanguage":"fr-FR"},{"@type":"Organization","@id":"https:\/\/ruishengglassco.com\/#organization","name":"Shandong Yuncheng Ruisheng Glass Co., Ltd","url":"https:\/\/ruishengglassco.com\/","logo":{"@type":"ImageObject","inLanguage":"fr-FR","@id":"https:\/\/ruishengglassco.com\/#\/schema\/logo\/image\/","url":"https:\/\/ruishengglassco.com\/wp-content\/uploads\/2023\/09\/ruisheng_logo_icon.webp","contentUrl":"https:\/\/ruishengglassco.com\/wp-content\/uploads\/2023\/09\/ruisheng_logo_icon.webp","width":400,"height":233,"caption":"Shandong Yuncheng Ruisheng Glass Co., Ltd"},"image":{"@id":"https:\/\/ruishengglassco.com\/#\/schema\/logo\/image\/"},"sameAs":["https:\/\/www.facebook.com\/ruishengglassbottles","https:\/\/www.instagram.com\/Ruishengglassbottlewholesales\/","https:\/\/www.youtube.com\/channel\/UCMmbMNGwsL-XrtjfSFLCdVQ"]}]}},"_links":{"self":[{"href":"https:\/\/ruishengglassco.com\/fr\/wp-json\/wp\/v2\/product\/4412","targetHints":{"allow":["GET"]}}],"collection":[{"href":"https:\/\/ruishengglassco.com\/fr\/wp-json\/wp\/v2\/product"}],"about":[{"href":"https:\/\/ruishengglassco.com\/fr\/wp-json\/wp\/v2\/types\/product"}],"replies":[{"embeddable":true,"href":"https:\/\/ruishengglassco.com\/fr\/wp-json\/wp\/v2\/comments?post=4412"}],"wp:featuredmedia":[{"embeddable":true,"href":"https:\/\/ruishengglassco.com\/fr\/wp-json\/wp\/v2\/media\/4415"}],"wp:attachment":[{"href":"https:\/\/ruishengglassco.com\/fr\/wp-json\/wp\/v2\/media?parent=4412"}],"wp:term":[{"taxonomy":"product_cat","embeddable":true,"href":"https:\/\/ruishengglassco.com\/fr\/wp-json\/wp\/v2\/product_cat?post=4412"}],"curies":[{"name":"wp","href":"https:\/\/api.w.org\/{rel}","templated":true}]}}