{"id":4401,"date":"2025-03-15T23:09:41","date_gmt":"2025-03-15T15:09:41","guid":{"rendered":"https:\/\/ruishengglassco.com\/?post_type=product&#038;p=4401"},"modified":"2025-07-17T13:15:00","modified_gmt":"2025-07-17T05:15:00","slug":"rs153-production-de-bouteilles-de-whisky-transparentes-en-chine","status":"publish","type":"product","link":"https:\/\/ruishengglassco.com\/fr\/produit\/rs153-production-de-bouteilles-de-whisky-transparentes-en-chine","title":{"rendered":"RS153 Production de bouteilles de whisky transparentes en Chine"},"content":{"rendered":"<h2 data-spm-anchor-id=\"a2700.details.0.i82.67a53c122iOfKz\">Sp\u00e9cifications<\/h2>\n<div class=\"attribute-list\">\n<div class=\"attribute-item\">\n<ul>\n<li class=\"left\">Manipulation en surface : <span style=\"color: var(--wpex-text-2);\">Gravure int\u00e9rieure<\/span><\/li>\n<li class=\"left\">Utilisation industrielle : <span style=\"color: var(--wpex-text-2);\">Boissons<\/span><\/li>\n<li class=\"left\">Type d'\u00e9tanch\u00e9it\u00e9 : <span style=\"color: var(--wpex-text-2);\">BOUCHON DE VISSERIE\/Chape de li\u00e8ge<\/span><\/li>\n<li class=\"left\">Lieu d'origine : <span style=\"color: var(--wpex-text-2);\">Shandong, Chine<\/span><\/li>\n<li class=\"left\">Mat\u00e9riau de la base : S<span style=\"color: var(--wpex-text-2);\">verre uper silex<\/span><\/li>\n<li class=\"left\">Mat\u00e9riau du corps : <span style=\"color: var(--wpex-text-2);\">Super verre \u00e0 silex<\/span><\/li>\n<li class=\"left\">Num\u00e9ro de mod\u00e8le : <span style=\"color: var(--wpex-text-2);\">RS-160<\/span><\/li>\n<li class=\"left\">Nom de marque : <span style=\"color: var(--wpex-text-2);\">RUISHENG<\/span><\/li>\n<li class=\"left\">Utilisation : <span style=\"color: var(--wpex-text-2);\">Alcools\/liqueurs\/spiritueux\/vodka\/whisky\/brandy\/rhum\/gin<\/span><\/li>\n<li class=\"left\">Emballage : <span style=\"color: var(--wpex-text-2);\">Emballage sur mesure accept\u00e9<\/span><\/li>\n<li class=\"left\">Capacit\u00e9 : <span style=\"color: var(--wpex-text-2);\">200ml\/300ml\/500ml\/700\/750ml\/1000ml<\/span><\/li>\n<li class=\"left\">Forme : <span style=\"color: var(--wpex-text-2);\">Forme personnalis\u00e9e<\/span><\/li>\n<li class=\"left\">Logo : <span style=\"color: var(--wpex-text-2);\">Logo du client acceptable<\/span><\/li>\n<li class=\"left\">Service : <span style=\"color: var(--wpex-text-2);\">OEM \/ODM<\/span><\/li>\n<li class=\"left\">\u00c9chantillon : <span style=\"color: var(--wpex-text-2);\">Fourni gratuitement<\/span><\/li>\n<li class=\"left\">Impression du logo : <span style=\"color: var(--wpex-text-2);\">Acceptation de l'impression du logo du client<\/span><\/li>\n<li class=\"left\">D\u00e9lai de livraison : <span style=\"color: var(--wpex-text-2);\">30-45 jours<\/span><\/li>\n<li class=\"left\">Emballage : <span style=\"font-family: var(--wpex-heading-font-family); font-style: var(--wpex-heading-font-style); letter-spacing: var(--wpex-heading-letter-spacing); text-transform: var(--wpex-heading-text-transform); color: var(--wpex-text-2);\" data-spm-anchor-id=\"a2700.details.0.i77.67a53c122iOfKz\">Carton d'exportation standard\/<\/span><span style=\"color: var(--wpex-text-2);\">Palette\/<\/span><span style=\"color: var(--wpex-text-2);\">Emballage personnalis\u00e9<\/span><\/li>\n<li class=\"left\">Port : <span style=\"color: var(--wpex-text-2);\">Qingdao<\/span><\/li>\n<\/ul>\n<\/div>\n<\/div>\n<div class=\"attribute-list\">\n<div class=\"attribute-item\">\u00a0<\/div>\n<\/div>\n<div class=\"row align-middle\"  id=\"row-1187597259\">\n\n\t<div id=\"col-756178329\" class=\"col medium-6 small-12 large-6\"  >\n\t\t\t\t<div class=\"col-inner\"  >\n\t\t\t\n\t\t\t\n\t<div class=\"img has-hover x md-x lg-x y md-y lg-y\" id=\"image_1377334298\">\n\t\t\t\t\t\t\t\t<div class=\"img-inner image-cover dark\" style=\"padding-top:50%;\">\n\t\t\t<img decoding=\"async\" width=\"1000\" height=\"750\" src=\"https:\/\/ruishengglassco.com\/wp-content\/uploads\/2025\/04\/Cooperative-Partner-of-Ruisheng-Glass-Bottle-Manufacturer.webp\" class=\"attachment-original size-original\" alt=\"Partenaire coop\u00e9ratif du fabricant de bouteilles en verre de Ruisheng\" srcset=\"https:\/\/ruishengglassco.com\/wp-content\/uploads\/2025\/04\/Cooperative-Partner-of-Ruisheng-Glass-Bottle-Manufacturer.webp 1000w, https:\/\/ruishengglassco.com\/wp-content\/uploads\/2025\/04\/Cooperative-Partner-of-Ruisheng-Glass-Bottle-Manufacturer-300x225.webp 300w, https:\/\/ruishengglassco.com\/wp-content\/uploads\/2025\/04\/Cooperative-Partner-of-Ruisheng-Glass-Bottle-Manufacturer-768x576.webp 768w, https:\/\/ruishengglassco.com\/wp-content\/uploads\/2025\/04\/Cooperative-Partner-of-Ruisheng-Glass-Bottle-Manufacturer-16x12.webp 16w, https:\/\/ruishengglassco.com\/wp-content\/uploads\/2025\/04\/Cooperative-Partner-of-Ruisheng-Glass-Bottle-Manufacturer-800x600.webp 800w\" sizes=\"(max-width: 1000px) 100vw, 1000px\" \/>\t\t\t\t\t\t\n\t\t\t\t\t<\/div>\n\t\t\t\t\t\t\t\t\n<style>\n#image_1377334298 {\n  width: 100%;\n}\n<\/style>\n\t<\/div>\n\t\n\t\t<\/div>\n\t\t\t\t\t<\/div>\n\n\t\n\n\t<div id=\"col-1992395317\" class=\"col medium-6 small-12 large-6\"  >\n\t\t\t\t<div class=\"col-inner\"  >\n\t\t\t\n\t\t\t\n<h2><span data-preserver-spaces=\"true\">Usine de verre Ruisheng \u00e0 Shandong, Chine<\/span><\/h2>\n<p><span data-preserver-spaces=\"true\">Depuis 2009, notre usine moderne de production de bouteilles en verre et notre centre de recherche et d\u00e9veloppement bien \u00e9quip\u00e9 fonctionnent sur une superficie de 5 000 000 de pieds carr\u00e9s. <\/span><span data-preserver-spaces=\"true\">L'usine <\/span><span data-preserver-spaces=\"true\">fait<\/span><span data-preserver-spaces=\"true\"> Bouteilles en verre de haute qualit\u00e9 pour liqueurs, whisky, vodka, brandy et autres. <\/span><span data-preserver-spaces=\"true\">boissons<\/span><span data-preserver-spaces=\"true\">.<\/span><\/p>\n\t\t<\/div>\n\t\t\t\t\t<\/div>\n\n\t\n<\/div>\n\t<div id=\"text-3198997245\" class=\"text\">\n\t\t\n<div class=\"attribute-list\">\n<div class=\"attribute-item\">\n<div class=\"right\">\n<h2>Notre usine de fabrication de bouteilles en verre pour boissons alcoolis\u00e9es tourne \u00e0 plein r\u00e9gime<\/h2>\n<\/div>\n<\/div>\n<\/div>\n\t\t\n<style>\n#text-3198997245 {\n  text-align: center;\n}\n<\/style>\n\t<\/div>\n\t\n<div class=\"row\"  id=\"row-357521249\">\n\n\t<div id=\"col-473800349\" class=\"col medium-3 small-6 large-3\"  >\n\t\t\t\t<div class=\"col-inner\"  >\n\t\t\t\n\t\t\t\n<h4 data-block-id=\"af96dd16-66c2-4462-af20-a66de914a210\" data-pm-slice=\"1 1 &#091;&#093;\"><strong>12 lignes de production<\/strong><\/h4>\n<p data-block-id=\"e79032f9-c421-4fd3-b574-69946d694597\">Nos lignes de production semi-automatiques de bouteilles en verre sont efficaces. Elles peuvent produire simultan\u00e9ment diff\u00e9rents types de bouteilles en verre.<\/p>\n\t\t<\/div>\n\t\t\t\t\t<\/div>\n\n\t\n\n\t<div id=\"col-131690902\" class=\"col medium-3 small-6 large-3\"  >\n\t\t\t\t<div class=\"col-inner\"  >\n\t\t\t\n\t\t\t\n<h4 data-start=\"321\" data-end=\"346\"><strong data-start=\"326\" data-end=\"344\">500+ employ\u00e9s<\/strong><\/h4>\n<p data-start=\"347\" data-end=\"423\">Ruisheng Glass dispose d'une main-d'\u0153uvre d\u00e9vou\u00e9e de plus de 500 employ\u00e9s, notamment :<\/p>\n<ul data-start=\"424\" data-end=\"540\">\n<li data-start=\"424\" data-end=\"451\">15 designers industriels<\/li>\n<li data-start=\"452\" data-end=\"485\">35 inspecteurs de la qualit\u00e9 des produits<\/li>\n<li data-start=\"486\" data-end=\"540\">Travailleurs de la production, personnel de vente et de marketing<\/li>\n<\/ul>\n\t\t<\/div>\n\t\t\t\t\t<\/div>\n\n\t\n\n\t<div id=\"col-1094442201\" class=\"col medium-3 small-6 large-3\"  >\n\t\t\t\t<div class=\"col-inner\"  >\n\t\t\t\n\t\t\t\n<p data-block-id=\"da5bf13a-e5b2-4865-b830-010e3f03c76f\" data-pm-slice=\"1 1 &#091;&#093;\"><strong>Plus de 8000 moules de conception<\/strong><\/p>\n<p data-block-id=\"8cf01a23-7ac8-479a-9faf-a4ce0cb2c5bd\">Nous disposons d'un vaste stock de moules en interne. Cela nous donne la flexibilit\u00e9 n\u00e9cessaire pour r\u00e9pondre aux diff\u00e9rents besoins de nos clients.<\/p>\n\t\t<\/div>\n\t\t\t\t\t<\/div>\n\n\t\n\n\t<div id=\"col-930778153\" class=\"col medium-3 small-6 large-3\"  >\n\t\t\t\t<div class=\"col-inner\"  >\n\t\t\t\n\t\t\t\n<h4 data-start=\"691\" data-end=\"723\"><strong data-start=\"696\" data-end=\"721\">120 000+ Production journali\u00e8re<\/strong><\/h4>\n<p data-start=\"724\" data-end=\"815\">Notre production \u00e0 grande \u00e9chelle garantit une r\u00e9ponse rapide au march\u00e9 et une ex\u00e9cution efficace des commandes.<\/p>\n\t\t<\/div>\n\t\t\t\t\t<\/div>\n\n\t\n<\/div>","protected":false},"excerpt":{"rendered":"<p>Sp\u00e9cifications Traitement de surface : Gravure int\u00e9rieure Utilisation industrielle : Boissons Type de scellage : Bouchon \u00e0 vis\/bouchon Lieu d'origine : Shandong, Chine Mat\u00e9riau de base : Mat\u00e9riau de la base : verre super silex Mat\u00e9riau du corps : verre super silex Mat\u00e9riau du corps : verre super silex Num\u00e9ro de mod\u00e8le : RS-160 Nom de marque : RUISHENG Utilisation : Alcool\/liqueur\/spiritueux\/vodka\/whisky\/brandy\/rhum\/gin Emballage : Emballage personnalis\u00e9 Capacit\u00e9 : 200ml\/300ml\/500ml\/700\/750ml\/1000ml Forme : Forme personnalis\u00e9e Logo : Accepter le logo du client Service : OEM \/ODM \u00c9chantillon : \u00c9chantillon : Fourni gratuitement Logo...<\/p>","protected":false},"featured_media":4402,"comment_status":"closed","ping_status":"closed","template":"","meta":[],"product_cat":[54],"class_list":{"0":"post-4401","1":"product","2":"type-product","3":"status-publish","4":"has-post-thumbnail","6":"product_cat-whiskey-bottle","8":"first","9":"instock","10":"shipping-taxable","11":"product-type-simple"},"yoast_head":"<!-- This site is optimized with the Yoast SEO plugin v22.0 - https:\/\/yoast.com\/wordpress\/plugins\/seo\/ -->\n<title>RS153 China Transparent Whiskey Bottle Production -<\/title>\n<meta name=\"robots\" content=\"index, follow, max-snippet:-1, max-image-preview:large, max-video-preview:-1\" \/>\n<link rel=\"canonical\" href=\"https:\/\/ruishengglassco.com\/fr\/rs153-production-de-bouteilles-de-whisky-transparentes-en-chine\/\" \/>\n<meta property=\"og:locale\" content=\"fr_FR\" \/>\n<meta property=\"og:type\" content=\"article\" \/>\n<meta property=\"og:title\" content=\"RS153 China Transparent Whiskey Bottle Production -\" \/>\n<meta property=\"og:description\" content=\"Specifications Surface Handling: Inside Engraving Industrial Use: Beverage Sealing Type: SCREW CAP\/Cork Place of Origin: Shandong, China Base Material: Super flint glass Body Material: Super flint glass Model Number: RS-160 Brand Name: RUISHENG Usage: Alcohol\/liquor\/spirits\/vodka\/whisky\/brandy\/rum\/gin Packing: Custom Packing Acceptable Capacity: 200ml\/300ml\/500ml\/700\/750ml\/1000ml Shape: Customized Shape Logo: Acceptable Customer&#8217;s Logo Service: OEM \/ODM Sample: Provided Freely Logo...\" \/>\n<meta property=\"og:url\" content=\"https:\/\/ruishengglassco.com\/fr\/rs153-production-de-bouteilles-de-whisky-transparentes-en-chine\/\" \/>\n<meta property=\"article:publisher\" content=\"https:\/\/www.facebook.com\/ruishengglassbottles\" \/>\n<meta property=\"article:modified_time\" content=\"2025-07-17T05:15:00+00:00\" \/>\n<meta property=\"og:image\" content=\"https:\/\/ruishengglassco.com\/wp-content\/uploads\/2025\/03\/RS153-China-Transparent-Whiskey-Bottle-Production.webp\" \/>\n\t<meta property=\"og:image:width\" content=\"800\" \/>\n\t<meta property=\"og:image:height\" content=\"800\" \/>\n\t<meta property=\"og:image:type\" content=\"image\/webp\" \/>\n<meta name=\"twitter:card\" content=\"summary_large_image\" \/>\n<meta name=\"twitter:label1\" content=\"Dur\u00e9e de lecture estim\u00e9e\" \/>\n\t<meta name=\"twitter:data1\" content=\"1 minute\" \/>\n<script type=\"application\/ld+json\" class=\"yoast-schema-graph\">{\"@context\":\"https:\/\/schema.org\",\"@graph\":[{\"@type\":\"WebPage\",\"@id\":\"https:\/\/ruishengglassco.com\/rs153-china-transparent-whiskey-bottle-production\",\"url\":\"https:\/\/ruishengglassco.com\/rs153-china-transparent-whiskey-bottle-production\",\"name\":\"RS153 China Transparent Whiskey Bottle Production -\",\"isPartOf\":{\"@id\":\"https:\/\/ruishengglassco.com\/#website\"},\"datePublished\":\"2025-03-15T15:09:41+00:00\",\"dateModified\":\"2025-07-17T05:15:00+00:00\",\"breadcrumb\":{\"@id\":\"https:\/\/ruishengglassco.com\/rs153-china-transparent-whiskey-bottle-production#breadcrumb\"},\"inLanguage\":\"fr-FR\",\"potentialAction\":[{\"@type\":\"ReadAction\",\"target\":[\"https:\/\/ruishengglassco.com\/rs153-china-transparent-whiskey-bottle-production\"]}]},{\"@type\":\"BreadcrumbList\",\"@id\":\"https:\/\/ruishengglassco.com\/rs153-china-transparent-whiskey-bottle-production#breadcrumb\",\"itemListElement\":[{\"@type\":\"ListItem\",\"position\":1,\"name\":\"Home\",\"item\":\"https:\/\/ruishengglassco.com\/\"},{\"@type\":\"ListItem\",\"position\":2,\"name\":\"Products\",\"item\":\"https:\/\/ruishengglassco.com\/products\"},{\"@type\":\"ListItem\",\"position\":3,\"name\":\"RS153 China Transparent Whiskey Bottle Production\"}]},{\"@type\":\"WebSite\",\"@id\":\"https:\/\/ruishengglassco.com\/#website\",\"url\":\"https:\/\/ruishengglassco.com\/\",\"name\":\"Ruisheng Glass\",\"description\":\"\",\"publisher\":{\"@id\":\"https:\/\/ruishengglassco.com\/#organization\"},\"potentialAction\":[{\"@type\":\"SearchAction\",\"target\":{\"@type\":\"EntryPoint\",\"urlTemplate\":\"https:\/\/ruishengglassco.com\/?s={search_term_string}\"},\"query-input\":\"required name=search_term_string\"}],\"inLanguage\":\"fr-FR\"},{\"@type\":\"Organization\",\"@id\":\"https:\/\/ruishengglassco.com\/#organization\",\"name\":\"Shandong Yuncheng Ruisheng Glass Co., Ltd\",\"url\":\"https:\/\/ruishengglassco.com\/\",\"logo\":{\"@type\":\"ImageObject\",\"inLanguage\":\"fr-FR\",\"@id\":\"https:\/\/ruishengglassco.com\/#\/schema\/logo\/image\/\",\"url\":\"https:\/\/ruishengglassco.com\/wp-content\/uploads\/2023\/09\/ruisheng_logo_icon.webp\",\"contentUrl\":\"https:\/\/ruishengglassco.com\/wp-content\/uploads\/2023\/09\/ruisheng_logo_icon.webp\",\"width\":400,\"height\":233,\"caption\":\"Shandong Yuncheng Ruisheng Glass Co., Ltd\"},\"image\":{\"@id\":\"https:\/\/ruishengglassco.com\/#\/schema\/logo\/image\/\"},\"sameAs\":[\"https:\/\/www.facebook.com\/ruishengglassbottles\",\"https:\/\/www.instagram.com\/Ruishengglassbottlewholesales\/\",\"https:\/\/www.youtube.com\/channel\/UCMmbMNGwsL-XrtjfSFLCdVQ\"]}]}<\/script>\n<!-- \/ Yoast SEO plugin. -->","yoast_head_json":{"title":"RS153 China Transparent Whiskey Bottle Production -","robots":{"index":"index","follow":"follow","max-snippet":"max-snippet:-1","max-image-preview":"max-image-preview:large","max-video-preview":"max-video-preview:-1"},"canonical":"https:\/\/ruishengglassco.com\/fr\/rs153-production-de-bouteilles-de-whisky-transparentes-en-chine\/","og_locale":"fr_FR","og_type":"article","og_title":"RS153 China Transparent Whiskey Bottle Production -","og_description":"Specifications Surface Handling: Inside Engraving Industrial Use: Beverage Sealing Type: SCREW CAP\/Cork Place of Origin: Shandong, China Base Material: Super flint glass Body Material: Super flint glass Model Number: RS-160 Brand Name: RUISHENG Usage: Alcohol\/liquor\/spirits\/vodka\/whisky\/brandy\/rum\/gin Packing: Custom Packing Acceptable Capacity: 200ml\/300ml\/500ml\/700\/750ml\/1000ml Shape: Customized Shape Logo: Acceptable Customer&#8217;s Logo Service: OEM \/ODM Sample: Provided Freely Logo...","og_url":"https:\/\/ruishengglassco.com\/fr\/rs153-production-de-bouteilles-de-whisky-transparentes-en-chine\/","article_publisher":"https:\/\/www.facebook.com\/ruishengglassbottles","article_modified_time":"2025-07-17T05:15:00+00:00","og_image":[{"width":800,"height":800,"url":"https:\/\/ruishengglassco.com\/wp-content\/uploads\/2025\/03\/RS153-China-Transparent-Whiskey-Bottle-Production.webp","type":"image\/webp"}],"twitter_card":"summary_large_image","twitter_misc":{"Dur\u00e9e de lecture estim\u00e9e":"1 minute"},"schema":{"@context":"https:\/\/schema.org","@graph":[{"@type":"WebPage","@id":"https:\/\/ruishengglassco.com\/rs153-china-transparent-whiskey-bottle-production","url":"https:\/\/ruishengglassco.com\/rs153-china-transparent-whiskey-bottle-production","name":"RS153 China Transparent Whiskey Bottle Production -","isPartOf":{"@id":"https:\/\/ruishengglassco.com\/#website"},"datePublished":"2025-03-15T15:09:41+00:00","dateModified":"2025-07-17T05:15:00+00:00","breadcrumb":{"@id":"https:\/\/ruishengglassco.com\/rs153-china-transparent-whiskey-bottle-production#breadcrumb"},"inLanguage":"fr-FR","potentialAction":[{"@type":"ReadAction","target":["https:\/\/ruishengglassco.com\/rs153-china-transparent-whiskey-bottle-production"]}]},{"@type":"BreadcrumbList","@id":"https:\/\/ruishengglassco.com\/rs153-china-transparent-whiskey-bottle-production#breadcrumb","itemListElement":[{"@type":"ListItem","position":1,"name":"Home","item":"https:\/\/ruishengglassco.com\/"},{"@type":"ListItem","position":2,"name":"Products","item":"https:\/\/ruishengglassco.com\/products"},{"@type":"ListItem","position":3,"name":"RS153 China Transparent Whiskey Bottle Production"}]},{"@type":"WebSite","@id":"https:\/\/ruishengglassco.com\/#website","url":"https:\/\/ruishengglassco.com\/","name":"Ruisheng Glass","description":"","publisher":{"@id":"https:\/\/ruishengglassco.com\/#organization"},"potentialAction":[{"@type":"SearchAction","target":{"@type":"EntryPoint","urlTemplate":"https:\/\/ruishengglassco.com\/?s={search_term_string}"},"query-input":"required name=search_term_string"}],"inLanguage":"fr-FR"},{"@type":"Organization","@id":"https:\/\/ruishengglassco.com\/#organization","name":"Shandong Yuncheng Ruisheng Glass Co., Ltd","url":"https:\/\/ruishengglassco.com\/","logo":{"@type":"ImageObject","inLanguage":"fr-FR","@id":"https:\/\/ruishengglassco.com\/#\/schema\/logo\/image\/","url":"https:\/\/ruishengglassco.com\/wp-content\/uploads\/2023\/09\/ruisheng_logo_icon.webp","contentUrl":"https:\/\/ruishengglassco.com\/wp-content\/uploads\/2023\/09\/ruisheng_logo_icon.webp","width":400,"height":233,"caption":"Shandong Yuncheng Ruisheng Glass Co., Ltd"},"image":{"@id":"https:\/\/ruishengglassco.com\/#\/schema\/logo\/image\/"},"sameAs":["https:\/\/www.facebook.com\/ruishengglassbottles","https:\/\/www.instagram.com\/Ruishengglassbottlewholesales\/","https:\/\/www.youtube.com\/channel\/UCMmbMNGwsL-XrtjfSFLCdVQ"]}]}},"_links":{"self":[{"href":"https:\/\/ruishengglassco.com\/fr\/wp-json\/wp\/v2\/product\/4401","targetHints":{"allow":["GET"]}}],"collection":[{"href":"https:\/\/ruishengglassco.com\/fr\/wp-json\/wp\/v2\/product"}],"about":[{"href":"https:\/\/ruishengglassco.com\/fr\/wp-json\/wp\/v2\/types\/product"}],"replies":[{"embeddable":true,"href":"https:\/\/ruishengglassco.com\/fr\/wp-json\/wp\/v2\/comments?post=4401"}],"wp:featuredmedia":[{"embeddable":true,"href":"https:\/\/ruishengglassco.com\/fr\/wp-json\/wp\/v2\/media\/4402"}],"wp:attachment":[{"href":"https:\/\/ruishengglassco.com\/fr\/wp-json\/wp\/v2\/media?parent=4401"}],"wp:term":[{"taxonomy":"product_cat","embeddable":true,"href":"https:\/\/ruishengglassco.com\/fr\/wp-json\/wp\/v2\/product_cat?post=4401"}],"curies":[{"name":"wp","href":"https:\/\/api.w.org\/{rel}","templated":true}]}}