{"id":4399,"date":"2025-03-15T23:07:43","date_gmt":"2025-03-15T15:07:43","guid":{"rendered":"https:\/\/ruishengglassco.com\/?post_type=product&#038;p=4399"},"modified":"2025-07-17T11:02:37","modified_gmt":"2025-07-17T03:02:37","slug":"rs151-wholesale-700ml-whiskey-bottle","status":"publish","type":"product","link":"https:\/\/ruishengglassco.com\/fr\/produit\/rs151-wholesale-700ml-whiskey-bottle","title":{"rendered":"RS151 Bouteille de whisky de 700ml"},"content":{"rendered":"<h2><span data-preserver-spaces=\"true\">Sp\u00e9cifications<\/span><\/h2>\n<ul>\n<li><span data-preserver-spaces=\"true\">Traitement de surface : Gravure int\u00e9rieure<\/span><\/li>\n<li><span data-preserver-spaces=\"true\">Utilisation industrielle : boissons<\/span><\/li>\n<li><span data-preserver-spaces=\"true\">Type d'\u00e9tanch\u00e9it\u00e9 : Capuchon de vis\/bouchon<\/span><\/li>\n<li><span data-preserver-spaces=\"true\">Lieu d'origine : Shandong, Chine<\/span><\/li>\n<li><span data-preserver-spaces=\"true\">Mat\u00e9riau de la base : Verre \u00e0 super silex<\/span><\/li>\n<li><span data-preserver-spaces=\"true\">Mat\u00e9riau du corps : Verre \u00e0 super silex<\/span><\/li>\n<li><span data-preserver-spaces=\"true\">Num\u00e9ro de mod\u00e8le : RS-160<\/span><\/li>\n<li><span data-preserver-spaces=\"true\">Nom de marque : RUISHENG<\/span><\/li>\n<li><span data-preserver-spaces=\"true\">Utilisation : Alcool\/liqueur\/spiritueux\/vodka\/whisky\/brandy\/rhum\/gin<\/span><\/li>\n<li><span data-preserver-spaces=\"true\">Emballage : L'emballage sur mesure est acceptable<\/span><\/li>\n<li><span data-preserver-spaces=\"true\">Capacity: 200ml\/300ml\/500ml\/700\/750ml\/1000ml<\/span><\/li>\n<li><span data-preserver-spaces=\"true\">Forme : Forme personnalis\u00e9e<\/span><\/li>\n<li><span data-preserver-spaces=\"true\">Logo : Acceptable Logo du client<\/span><\/li>\n<li><span data-preserver-spaces=\"true\">Service : OEM \/ODM<\/span><\/li>\n<li><span data-preserver-spaces=\"true\">\u00c9chantillon : Fourni gratuitement<\/span><\/li>\n<li><span data-preserver-spaces=\"true\">Impression de logos : Acceptation de l'impression du logo du client<\/span><\/li>\n<li><span data-preserver-spaces=\"true\">D\u00e9lai de livraison : 30-45 jours<\/span><\/li>\n<li><span data-preserver-spaces=\"true\">Emballage : Carton d'exportation standard\/Palette\/Emballage personnalis\u00e9<\/span><\/li>\n<li><span data-preserver-spaces=\"true\">Port : Qingdao<\/span><\/li>\n<\/ul>\n<h3><strong><span data-preserver-spaces=\"true\">Usine de verre Ruisheng \u00e0 Shandong, Chine<\/span><\/strong><\/h3>\n<p><span data-preserver-spaces=\"true\">Depuis 2009, notre usine moderne de production de bouteilles en verre et notre centre de recherche et d\u00e9veloppement bien \u00e9quip\u00e9 fonctionnent sur une superficie de 5 000 000 pieds carr\u00e9s. L'usine fabrique des bouteilles en verre de haute qualit\u00e9. Ces bouteilles sont destin\u00e9es aux liqueurs, aux spiritueux, au whisky, \u00e0 la vodka, au brandy et \u00e0 d'autres boissons alcoolis\u00e9es.<\/span><\/p>\n<h3><strong><span data-preserver-spaces=\"true\">Notre usine de fabrication de bouteilles en verre pour boissons alcoolis\u00e9es tourne \u00e0 plein r\u00e9gime<\/span><\/strong><\/h3>\n<ul>\n<li><span data-preserver-spaces=\"true\">12 lignes de production <\/span><span data-preserver-spaces=\"true\">Semi-automatique<\/span><span data-preserver-spaces=\"true\"> Les lignes de production de bouteilles en verre sont tr\u00e8s efficaces. Elles peuvent produire simultan\u00e9ment diff\u00e9rents types de bouteilles en verre avec diff\u00e9rents processus de traitement.<\/span><\/li>\n<li><strong><span data-preserver-spaces=\"true\">500+ employ\u00e9s<\/span><\/strong><span data-preserver-spaces=\"true\"> Notre entreprise compte plus de 500 employ\u00e9s, dont 15 concepteurs industriels, 35 inspecteurs de la qualit\u00e9 des produits, ainsi que divers travailleurs de la production, des ventes et du marketing.<\/span><\/li>\n<li><strong><span data-preserver-spaces=\"true\">Plus de 8000 moules de conception<\/span><\/strong><span data-preserver-spaces=\"true\"> Le stockage d'un grand nombre de moules en interne garantit la flexibilit\u00e9 et la capacit\u00e9 de r\u00e9pondre aux diverses exigences des clients.<\/span><\/li>\n<li><span data-preserver-spaces=\"true\">Une production quotidienne de plus de 120 000 euros. Nous pouvons produire beaucoup et rapidement. Notre capacit\u00e9 de production en vrac aide les entreprises \u00e0 franchir les \u00e9tapes de la production en douceur.<\/span><\/li>\n<\/ul>","protected":false},"excerpt":{"rendered":"<p>Sp\u00e9cifications Traitement de surface : Gravure int\u00e9rieure Utilisation industrielle : Boissons Type de scellage : Bouchon \u00e0 vis\/bouchon Lieu d'origine : Shandong, Chine Mat\u00e9riau de base : Mat\u00e9riau de la base : verre super silex Mat\u00e9riau du corps : verre super silex Mat\u00e9riau du corps : verre super silex Num\u00e9ro de mod\u00e8le : RS-160 Nom de marque : RUISHENG Utilisation : Alcool\/liqueur\/spiritueux\/vodka\/whisky\/brandy\/rhum\/gin Emballage : Emballage personnalis\u00e9 : Capacit\u00e9 : 200ml\/300ml\/500ml\/700\/750ml\/1000ml Forme : Forme personnalis\u00e9e Logo : Accepter le logo du client Service : OEM \/ODM Echantillon : Fourni gratuitement...<\/p>","protected":false},"featured_media":4400,"comment_status":"closed","ping_status":"closed","template":"","meta":[],"product_cat":[54],"class_list":{"0":"post-4399","1":"product","2":"type-product","3":"status-publish","4":"has-post-thumbnail","6":"product_cat-whiskey-bottle","8":"first","9":"instock","10":"shipping-taxable","11":"product-type-simple"},"yoast_head":"<!-- This site is optimized with the Yoast SEO plugin v22.0 - https:\/\/yoast.com\/wordpress\/plugins\/seo\/ -->\n<title>700ml Whiskey Bottle Manufacturer<\/title>\n<meta name=\"robots\" content=\"index, follow, max-snippet:-1, max-image-preview:large, max-video-preview:-1\" \/>\n<link rel=\"canonical\" href=\"https:\/\/ruishengglassco.com\/fr\/rs151-wholesale-700ml-whiskey-bottle\/\" \/>\n<meta property=\"og:locale\" content=\"fr_FR\" \/>\n<meta property=\"og:type\" content=\"article\" \/>\n<meta property=\"og:title\" content=\"700ml Whiskey Bottle Manufacturer\" \/>\n<meta property=\"og:description\" content=\"Specifications Surface Handling: Inside Engraving Industrial Use: Beverage Sealing Type: SCREW CAP\/Cork Place of Origin: Shandong, China Base Material: Super flint glass Body Material: Super flint glass Model Number: RS-160 Brand Name: RUISHENG Usage: Alcohol\/liquor\/spirits\/vodka\/whisky\/brandy\/rum\/gin Packing: Custom Packing is Acceptable Capacity: 200ml\/300ml\/500ml\/700\/750ml\/1000ml Shape: Customized Shape Logo: Acceptable Customer&#8217;s Logo Service: OEM \/ODM Sample: Provided Freely...\" \/>\n<meta property=\"og:url\" content=\"https:\/\/ruishengglassco.com\/fr\/rs151-wholesale-700ml-whiskey-bottle\/\" \/>\n<meta property=\"article:publisher\" content=\"https:\/\/www.facebook.com\/ruishengglassbottles\" \/>\n<meta property=\"article:modified_time\" content=\"2025-07-17T03:02:37+00:00\" \/>\n<meta property=\"og:image\" content=\"https:\/\/ruishengglassco.com\/wp-content\/uploads\/2025\/03\/RS151-Wholesale-700ml-Whiskey-Bottle.webp\" \/>\n\t<meta property=\"og:image:width\" content=\"800\" \/>\n\t<meta property=\"og:image:height\" content=\"800\" \/>\n\t<meta property=\"og:image:type\" content=\"image\/webp\" \/>\n<meta name=\"twitter:card\" content=\"summary_large_image\" \/>\n<meta name=\"twitter:label1\" content=\"Dur\u00e9e de lecture estim\u00e9e\" \/>\n\t<meta name=\"twitter:data1\" content=\"2 minutes\" \/>\n<script type=\"application\/ld+json\" class=\"yoast-schema-graph\">{\"@context\":\"https:\/\/schema.org\",\"@graph\":[{\"@type\":\"WebPage\",\"@id\":\"https:\/\/ruishengglassco.com\/rs151-wholesale-700ml-whiskey-bottle\",\"url\":\"https:\/\/ruishengglassco.com\/rs151-wholesale-700ml-whiskey-bottle\",\"name\":\"700ml Whiskey Bottle Manufacturer\",\"isPartOf\":{\"@id\":\"https:\/\/ruishengglassco.com\/#website\"},\"datePublished\":\"2025-03-15T15:07:43+00:00\",\"dateModified\":\"2025-07-17T03:02:37+00:00\",\"breadcrumb\":{\"@id\":\"https:\/\/ruishengglassco.com\/rs151-wholesale-700ml-whiskey-bottle#breadcrumb\"},\"inLanguage\":\"fr-FR\",\"potentialAction\":[{\"@type\":\"ReadAction\",\"target\":[\"https:\/\/ruishengglassco.com\/rs151-wholesale-700ml-whiskey-bottle\"]}]},{\"@type\":\"BreadcrumbList\",\"@id\":\"https:\/\/ruishengglassco.com\/rs151-wholesale-700ml-whiskey-bottle#breadcrumb\",\"itemListElement\":[{\"@type\":\"ListItem\",\"position\":1,\"name\":\"Home\",\"item\":\"https:\/\/ruishengglassco.com\/\"},{\"@type\":\"ListItem\",\"position\":2,\"name\":\"Products\",\"item\":\"https:\/\/ruishengglassco.com\/products\"},{\"@type\":\"ListItem\",\"position\":3,\"name\":\"RS151 700ml Whiskey Bottle\"}]},{\"@type\":\"WebSite\",\"@id\":\"https:\/\/ruishengglassco.com\/#website\",\"url\":\"https:\/\/ruishengglassco.com\/\",\"name\":\"Ruisheng Glass\",\"description\":\"\",\"publisher\":{\"@id\":\"https:\/\/ruishengglassco.com\/#organization\"},\"potentialAction\":[{\"@type\":\"SearchAction\",\"target\":{\"@type\":\"EntryPoint\",\"urlTemplate\":\"https:\/\/ruishengglassco.com\/?s={search_term_string}\"},\"query-input\":\"required name=search_term_string\"}],\"inLanguage\":\"fr-FR\"},{\"@type\":\"Organization\",\"@id\":\"https:\/\/ruishengglassco.com\/#organization\",\"name\":\"Shandong Yuncheng Ruisheng Glass Co., Ltd\",\"url\":\"https:\/\/ruishengglassco.com\/\",\"logo\":{\"@type\":\"ImageObject\",\"inLanguage\":\"fr-FR\",\"@id\":\"https:\/\/ruishengglassco.com\/#\/schema\/logo\/image\/\",\"url\":\"https:\/\/ruishengglassco.com\/wp-content\/uploads\/2023\/09\/ruisheng_logo_icon.webp\",\"contentUrl\":\"https:\/\/ruishengglassco.com\/wp-content\/uploads\/2023\/09\/ruisheng_logo_icon.webp\",\"width\":400,\"height\":233,\"caption\":\"Shandong Yuncheng Ruisheng Glass Co., Ltd\"},\"image\":{\"@id\":\"https:\/\/ruishengglassco.com\/#\/schema\/logo\/image\/\"},\"sameAs\":[\"https:\/\/www.facebook.com\/ruishengglassbottles\",\"https:\/\/www.instagram.com\/Ruishengglassbottlewholesales\/\",\"https:\/\/www.youtube.com\/channel\/UCMmbMNGwsL-XrtjfSFLCdVQ\"]}]}<\/script>\n<!-- \/ Yoast SEO plugin. -->","yoast_head_json":{"title":"700ml Whiskey Bottle Manufacturer","robots":{"index":"index","follow":"follow","max-snippet":"max-snippet:-1","max-image-preview":"max-image-preview:large","max-video-preview":"max-video-preview:-1"},"canonical":"https:\/\/ruishengglassco.com\/fr\/rs151-wholesale-700ml-whiskey-bottle\/","og_locale":"fr_FR","og_type":"article","og_title":"700ml Whiskey Bottle Manufacturer","og_description":"Specifications Surface Handling: Inside Engraving Industrial Use: Beverage Sealing Type: SCREW CAP\/Cork Place of Origin: Shandong, China Base Material: Super flint glass Body Material: Super flint glass Model Number: RS-160 Brand Name: RUISHENG Usage: Alcohol\/liquor\/spirits\/vodka\/whisky\/brandy\/rum\/gin Packing: Custom Packing is Acceptable Capacity: 200ml\/300ml\/500ml\/700\/750ml\/1000ml Shape: Customized Shape Logo: Acceptable Customer&#8217;s Logo Service: OEM \/ODM Sample: Provided Freely...","og_url":"https:\/\/ruishengglassco.com\/fr\/rs151-wholesale-700ml-whiskey-bottle\/","article_publisher":"https:\/\/www.facebook.com\/ruishengglassbottles","article_modified_time":"2025-07-17T03:02:37+00:00","og_image":[{"width":800,"height":800,"url":"https:\/\/ruishengglassco.com\/wp-content\/uploads\/2025\/03\/RS151-Wholesale-700ml-Whiskey-Bottle.webp","type":"image\/webp"}],"twitter_card":"summary_large_image","twitter_misc":{"Dur\u00e9e de lecture estim\u00e9e":"2 minutes"},"schema":{"@context":"https:\/\/schema.org","@graph":[{"@type":"WebPage","@id":"https:\/\/ruishengglassco.com\/rs151-wholesale-700ml-whiskey-bottle","url":"https:\/\/ruishengglassco.com\/rs151-wholesale-700ml-whiskey-bottle","name":"700ml Whiskey Bottle Manufacturer","isPartOf":{"@id":"https:\/\/ruishengglassco.com\/#website"},"datePublished":"2025-03-15T15:07:43+00:00","dateModified":"2025-07-17T03:02:37+00:00","breadcrumb":{"@id":"https:\/\/ruishengglassco.com\/rs151-wholesale-700ml-whiskey-bottle#breadcrumb"},"inLanguage":"fr-FR","potentialAction":[{"@type":"ReadAction","target":["https:\/\/ruishengglassco.com\/rs151-wholesale-700ml-whiskey-bottle"]}]},{"@type":"BreadcrumbList","@id":"https:\/\/ruishengglassco.com\/rs151-wholesale-700ml-whiskey-bottle#breadcrumb","itemListElement":[{"@type":"ListItem","position":1,"name":"Home","item":"https:\/\/ruishengglassco.com\/"},{"@type":"ListItem","position":2,"name":"Products","item":"https:\/\/ruishengglassco.com\/products"},{"@type":"ListItem","position":3,"name":"RS151 700ml Whiskey Bottle"}]},{"@type":"WebSite","@id":"https:\/\/ruishengglassco.com\/#website","url":"https:\/\/ruishengglassco.com\/","name":"Ruisheng Glass","description":"","publisher":{"@id":"https:\/\/ruishengglassco.com\/#organization"},"potentialAction":[{"@type":"SearchAction","target":{"@type":"EntryPoint","urlTemplate":"https:\/\/ruishengglassco.com\/?s={search_term_string}"},"query-input":"required name=search_term_string"}],"inLanguage":"fr-FR"},{"@type":"Organization","@id":"https:\/\/ruishengglassco.com\/#organization","name":"Shandong Yuncheng Ruisheng Glass Co., Ltd","url":"https:\/\/ruishengglassco.com\/","logo":{"@type":"ImageObject","inLanguage":"fr-FR","@id":"https:\/\/ruishengglassco.com\/#\/schema\/logo\/image\/","url":"https:\/\/ruishengglassco.com\/wp-content\/uploads\/2023\/09\/ruisheng_logo_icon.webp","contentUrl":"https:\/\/ruishengglassco.com\/wp-content\/uploads\/2023\/09\/ruisheng_logo_icon.webp","width":400,"height":233,"caption":"Shandong Yuncheng Ruisheng Glass Co., Ltd"},"image":{"@id":"https:\/\/ruishengglassco.com\/#\/schema\/logo\/image\/"},"sameAs":["https:\/\/www.facebook.com\/ruishengglassbottles","https:\/\/www.instagram.com\/Ruishengglassbottlewholesales\/","https:\/\/www.youtube.com\/channel\/UCMmbMNGwsL-XrtjfSFLCdVQ"]}]}},"_links":{"self":[{"href":"https:\/\/ruishengglassco.com\/fr\/wp-json\/wp\/v2\/product\/4399","targetHints":{"allow":["GET"]}}],"collection":[{"href":"https:\/\/ruishengglassco.com\/fr\/wp-json\/wp\/v2\/product"}],"about":[{"href":"https:\/\/ruishengglassco.com\/fr\/wp-json\/wp\/v2\/types\/product"}],"replies":[{"embeddable":true,"href":"https:\/\/ruishengglassco.com\/fr\/wp-json\/wp\/v2\/comments?post=4399"}],"wp:featuredmedia":[{"embeddable":true,"href":"https:\/\/ruishengglassco.com\/fr\/wp-json\/wp\/v2\/media\/4400"}],"wp:attachment":[{"href":"https:\/\/ruishengglassco.com\/fr\/wp-json\/wp\/v2\/media?parent=4399"}],"wp:term":[{"taxonomy":"product_cat","embeddable":true,"href":"https:\/\/ruishengglassco.com\/fr\/wp-json\/wp\/v2\/product_cat?post=4399"}],"curies":[{"name":"wp","href":"https:\/\/api.w.org\/{rel}","templated":true}]}}