{"id":4397,"date":"2025-03-15T23:05:32","date_gmt":"2025-03-15T15:05:32","guid":{"rendered":"https:\/\/ruishengglassco.com\/?post_type=product&#038;p=4397"},"modified":"2025-09-12T10:26:30","modified_gmt":"2025-09-12T02:26:30","slug":"rs150-fabrication-de-bouteilles-de-whisky-sur-mesure","status":"publish","type":"product","link":"https:\/\/ruishengglassco.com\/fr\/produit\/rs150-fabrication-de-bouteilles-de-whisky-sur-mesure","title":{"rendered":"RS150 Fabrication de bouteilles de whisky sur mesure"},"content":{"rendered":"<h4 data-spm-anchor-id=\"a2700.details.0.i82.67a53c122iOfKz\">Sp\u00e9cifications<\/h4>\n<div class=\"attribute-list\">\n<div class=\"attribute-item\">\n<ul>\n<li class=\"left\">Manipulation en surface : <span style=\"color: var(--wpex-text-2);\">Gravure int\u00e9rieure<\/span><\/li>\n<li class=\"left\">Utilisation industrielle : <span style=\"color: var(--wpex-text-2);\">Boissons<\/span><\/li>\n<li class=\"left\">Type d'\u00e9tanch\u00e9it\u00e9 : <span style=\"color: var(--wpex-text-2);\">BOUCHON DE VISSERIE\/Chape de li\u00e8ge<\/span><\/li>\n<li class=\"left\">Lieu d'origine : <span style=\"color: var(--wpex-text-2);\">Shandong, Chine<\/span><\/li>\n<li class=\"left\">Mat\u00e9riau de la base : S<span style=\"color: var(--wpex-text-2);\">verre uper silex<\/span><\/li>\n<li class=\"left\">Mat\u00e9riau du corps : <span style=\"color: var(--wpex-text-2);\">Super verre \u00e0 silex<\/span><\/li>\n<li class=\"left\">Num\u00e9ro de mod\u00e8le : <span style=\"color: var(--wpex-text-2);\">RS-160<\/span><\/li>\n<li class=\"left\">Nom de marque : <span style=\"color: var(--wpex-text-2);\">RUISHENG<\/span><\/li>\n<li class=\"left\">Utilisation : <span style=\"color: var(--wpex-text-2);\">Alcools\/liqueurs\/spiritueux\/vodka\/whisky\/brandy\/rhum\/gin<\/span><\/li>\n<li class=\"left\">Emballage : <span style=\"color: var(--wpex-text-2);\">Emballage sur mesure accept\u00e9<\/span><\/li>\n<li class=\"left\">Capacit\u00e9 : <span style=\"color: var(--wpex-text-2);\">200ml\/300ml\/500ml\/700\/750ml\/1000ml<\/span><\/li>\n<li class=\"left\">Forme : <span style=\"color: var(--wpex-text-2);\">Forme personnalis\u00e9e<\/span><\/li>\n<li class=\"left\">Logo : <span style=\"color: var(--wpex-text-2);\">Logo du client acceptable<\/span><\/li>\n<li class=\"left\">Service : <span style=\"color: var(--wpex-text-2);\">OEM \/ODM<\/span><\/li>\n<li class=\"left\">\u00c9chantillon : <span style=\"color: var(--wpex-text-2);\">Fourni gratuitement<\/span><\/li>\n<li class=\"left\">Impression du logo : <span style=\"color: var(--wpex-text-2);\">Acceptation de l'impression du logo du client<\/span><\/li>\n<li class=\"left\">D\u00e9lai de livraison : <span style=\"color: var(--wpex-text-2);\">30-45 jours<\/span><\/li>\n<li class=\"left\">Emballage : <span style=\"font-family: var(--wpex-heading-font-family); font-style: var(--wpex-heading-font-style); letter-spacing: var(--wpex-heading-letter-spacing); text-transform: var(--wpex-heading-text-transform); color: var(--wpex-text-2);\" data-spm-anchor-id=\"a2700.details.0.i77.67a53c122iOfKz\">Carton d'exportation standard\/<\/span><span style=\"color: var(--wpex-text-2);\">Palette\/<\/span><span style=\"color: var(--wpex-text-2);\">Emballage personnalis\u00e9<\/span><\/li>\n<li class=\"left\">Port : <span style=\"color: var(--wpex-text-2);\">Qingdao<\/span><\/li>\n<\/ul>\n<h3 data-start=\"874\" data-end=\"925\"><strong data-start=\"878\" data-end=\"923\">Usine de verre Ruisheng \u00e0 Shandong, Chine<\/strong><\/h3>\n<p data-start=\"927\" data-end=\"1196\">Depuis 2009, notre usine moderne de production de bouteilles en verre et notre centre de recherche et d\u00e9veloppement bien \u00e9quip\u00e9 s'\u00e9tendent sur une superficie de 5 000 000 pieds carr\u00e9s. L'usine se concentre sur la production de bouteilles en verre de haute qualit\u00e9 pour les liqueurs, les spiritueux, le whisky, la vodka, le brandy et d'autres boissons alcoolis\u00e9es.<\/p>\n<hr data-start=\"1198\" data-end=\"1201\" \/>\n<h3 data-start=\"1203\" data-end=\"1275\"><strong data-start=\"1207\" data-end=\"1273\">Notre usine de fabrication de bouteilles en verre pour boissons alcoolis\u00e9es tourne \u00e0 plein r\u00e9gime<\/strong><\/h3>\n<ul data-start=\"1277\" data-end=\"1950\">\n<li data-start=\"1277\" data-end=\"1455\">\n<p data-start=\"1279\" data-end=\"1455\"><strong data-start=\"1279\" data-end=\"1302\">12 lignes de production<\/strong><br data-start=\"1302\" data-end=\"1305\" \/>Ligne de production de bouteilles en verre semi-automatique \u00e0 haut rendement, capable de produire simultan\u00e9ment des bouteilles en verre avec diff\u00e9rents processus de traitement.<\/p>\n<\/li>\n<li data-start=\"1457\" data-end=\"1654\">\n<p data-start=\"1459\" data-end=\"1654\"><strong data-start=\"1459\" data-end=\"1477\">500+ employ\u00e9s<\/strong><br data-start=\"1477\" data-end=\"1480\" \/>Notre entreprise compte plus de 500 employ\u00e9s, dont 15 concepteurs industriels, 35 inspecteurs de la qualit\u00e9 des produits, ainsi que divers travailleurs de la production, des ventes et du marketing.<\/p>\n<\/li>\n<li data-start=\"1656\" data-end=\"1802\">\n<p data-start=\"1658\" data-end=\"1802\"><strong data-start=\"1658\" data-end=\"1680\">Plus de 8000 moules de conception<\/strong><br data-start=\"1680\" data-end=\"1683\" \/>Le stockage d'un grand nombre de moules en interne garantit la flexibilit\u00e9 et la capacit\u00e9 de r\u00e9pondre aux diverses exigences des clients.<\/p>\n<\/li>\n<li data-start=\"1804\" data-end=\"1950\">\n<p data-start=\"1806\" data-end=\"1950\"><strong data-start=\"1806\" data-end=\"1831\">120 000+ Production journali\u00e8re<\/strong><br data-start=\"1831\" data-end=\"1834\" \/>Notre capacit\u00e9 de production en vrac permet aux entreprises de passer rapidement et efficacement d'une phase de production \u00e0 l'autre.<\/p>\n<\/li>\n<\/ul>\n<hr data-start=\"1952\" data-end=\"1955\" \/>\n<h3 data-start=\"1957\" data-end=\"1994\"><strong data-start=\"1961\" data-end=\"1992\">Comment commander le verre Ruisheng<\/strong><\/h3>\n<p data-start=\"1995\" data-end=\"2085\">Pour plus de d\u00e9tails sur les commandes, veuillez nous contacter ou visiter notre usine \u00e0 Shandong, en Chine.<\/p>\n<\/div>\n<\/div>","protected":false},"excerpt":{"rendered":"<p>Sp\u00e9cifications Traitement de surface : Gravure int\u00e9rieure Utilisation industrielle : Boissons Type de scellage : Bouchon \u00e0 vis\/bouchon Lieu d'origine : Shandong, Chine Mat\u00e9riau de base : Mat\u00e9riau de la base : verre super silex Mat\u00e9riau du corps : verre super silex Mat\u00e9riau du corps : verre super silex Num\u00e9ro de mod\u00e8le : RS-160 Nom de marque : RUISHENG Utilisation : Alcool\/liqueur\/spiritueux\/vodka\/whisky\/brandy\/rhum\/gin Emballage : Emballage personnalis\u00e9 Capacit\u00e9 : 200ml\/300ml\/500ml\/700\/750ml\/1000ml Forme : Forme personnalis\u00e9e Logo : Accepter le logo du client Service : OEM \/ODM \u00c9chantillon : \u00c9chantillon : Fourni gratuitement Logo...<\/p>","protected":false},"featured_media":4398,"comment_status":"closed","ping_status":"closed","template":"","meta":[],"product_cat":[54],"class_list":{"0":"post-4397","1":"product","2":"type-product","3":"status-publish","4":"has-post-thumbnail","6":"product_cat-whiskey-bottle","8":"first","9":"instock","10":"shipping-taxable","11":"product-type-simple"},"yoast_head":"<!-- This site is optimized with the Yoast SEO plugin v22.0 - https:\/\/yoast.com\/wordpress\/plugins\/seo\/ -->\n<title>RS150 Custom Whiskey Bottle Manufacturing -<\/title>\n<meta name=\"robots\" content=\"index, follow, max-snippet:-1, max-image-preview:large, max-video-preview:-1\" \/>\n<link rel=\"canonical\" href=\"https:\/\/ruishengglassco.com\/fr\/rs150-fabrication-de-bouteilles-de-whisky-sur-mesure\/\" \/>\n<meta property=\"og:locale\" content=\"fr_FR\" \/>\n<meta property=\"og:type\" content=\"article\" \/>\n<meta property=\"og:title\" content=\"RS150 Custom Whiskey Bottle Manufacturing -\" \/>\n<meta property=\"og:description\" content=\"Specifications Surface Handling: Inside Engraving Industrial Use: Beverage Sealing Type: SCREW CAP\/Cork Place of Origin: Shandong, China Base Material: Super flint glass Body Material: Super flint glass Model Number: RS-160 Brand Name: RUISHENG Usage: Alcohol\/liquor\/spirits\/vodka\/whisky\/brandy\/rum\/gin Packing: Custom Packing Acceptable Capacity: 200ml\/300ml\/500ml\/700\/750ml\/1000ml Shape: Customized Shape Logo: Acceptable Customer&#8217;s Logo Service: OEM \/ODM Sample: Provided Freely Logo...\" \/>\n<meta property=\"og:url\" content=\"https:\/\/ruishengglassco.com\/fr\/rs150-fabrication-de-bouteilles-de-whisky-sur-mesure\/\" \/>\n<meta property=\"article:publisher\" content=\"https:\/\/www.facebook.com\/ruishengglassbottles\" \/>\n<meta property=\"article:modified_time\" content=\"2025-09-12T02:26:30+00:00\" \/>\n<meta property=\"og:image\" content=\"https:\/\/ruishengglassco.com\/wp-content\/uploads\/2025\/03\/RS150-Custom-Whiskey-Bottle-Manufacturing.webp\" \/>\n\t<meta property=\"og:image:width\" content=\"800\" \/>\n\t<meta property=\"og:image:height\" content=\"800\" \/>\n\t<meta property=\"og:image:type\" content=\"image\/webp\" \/>\n<meta name=\"twitter:card\" content=\"summary_large_image\" \/>\n<meta name=\"twitter:label1\" content=\"Dur\u00e9e de lecture estim\u00e9e\" \/>\n\t<meta name=\"twitter:data1\" content=\"2 minutes\" \/>\n<script type=\"application\/ld+json\" class=\"yoast-schema-graph\">{\"@context\":\"https:\/\/schema.org\",\"@graph\":[{\"@type\":\"WebPage\",\"@id\":\"https:\/\/ruishengglassco.com\/rs150-custom-whiskey-bottle-manufacturing\",\"url\":\"https:\/\/ruishengglassco.com\/rs150-custom-whiskey-bottle-manufacturing\",\"name\":\"RS150 Custom Whiskey Bottle Manufacturing -\",\"isPartOf\":{\"@id\":\"https:\/\/ruishengglassco.com\/#website\"},\"datePublished\":\"2025-03-15T15:05:32+00:00\",\"dateModified\":\"2025-09-12T02:26:30+00:00\",\"breadcrumb\":{\"@id\":\"https:\/\/ruishengglassco.com\/rs150-custom-whiskey-bottle-manufacturing#breadcrumb\"},\"inLanguage\":\"fr-FR\",\"potentialAction\":[{\"@type\":\"ReadAction\",\"target\":[\"https:\/\/ruishengglassco.com\/rs150-custom-whiskey-bottle-manufacturing\"]}]},{\"@type\":\"BreadcrumbList\",\"@id\":\"https:\/\/ruishengglassco.com\/rs150-custom-whiskey-bottle-manufacturing#breadcrumb\",\"itemListElement\":[{\"@type\":\"ListItem\",\"position\":1,\"name\":\"Home\",\"item\":\"https:\/\/ruishengglassco.com\/\"},{\"@type\":\"ListItem\",\"position\":2,\"name\":\"Products\",\"item\":\"https:\/\/ruishengglassco.com\/products\"},{\"@type\":\"ListItem\",\"position\":3,\"name\":\"RS150 Custom Whiskey Bottle Manufacturing\"}]},{\"@type\":\"WebSite\",\"@id\":\"https:\/\/ruishengglassco.com\/#website\",\"url\":\"https:\/\/ruishengglassco.com\/\",\"name\":\"Ruisheng Glass\",\"description\":\"\",\"publisher\":{\"@id\":\"https:\/\/ruishengglassco.com\/#organization\"},\"potentialAction\":[{\"@type\":\"SearchAction\",\"target\":{\"@type\":\"EntryPoint\",\"urlTemplate\":\"https:\/\/ruishengglassco.com\/?s={search_term_string}\"},\"query-input\":\"required name=search_term_string\"}],\"inLanguage\":\"fr-FR\"},{\"@type\":\"Organization\",\"@id\":\"https:\/\/ruishengglassco.com\/#organization\",\"name\":\"Shandong Yuncheng Ruisheng Glass Co., Ltd\",\"url\":\"https:\/\/ruishengglassco.com\/\",\"logo\":{\"@type\":\"ImageObject\",\"inLanguage\":\"fr-FR\",\"@id\":\"https:\/\/ruishengglassco.com\/#\/schema\/logo\/image\/\",\"url\":\"https:\/\/ruishengglassco.com\/wp-content\/uploads\/2023\/09\/ruisheng_logo_icon.webp\",\"contentUrl\":\"https:\/\/ruishengglassco.com\/wp-content\/uploads\/2023\/09\/ruisheng_logo_icon.webp\",\"width\":400,\"height\":233,\"caption\":\"Shandong Yuncheng Ruisheng Glass Co., Ltd\"},\"image\":{\"@id\":\"https:\/\/ruishengglassco.com\/#\/schema\/logo\/image\/\"},\"sameAs\":[\"https:\/\/www.facebook.com\/ruishengglassbottles\",\"https:\/\/www.instagram.com\/Ruishengglassbottlewholesales\/\",\"https:\/\/www.youtube.com\/channel\/UCMmbMNGwsL-XrtjfSFLCdVQ\"]}]}<\/script>\n<!-- \/ Yoast SEO plugin. -->","yoast_head_json":{"title":"RS150 Custom Whiskey Bottle Manufacturing -","robots":{"index":"index","follow":"follow","max-snippet":"max-snippet:-1","max-image-preview":"max-image-preview:large","max-video-preview":"max-video-preview:-1"},"canonical":"https:\/\/ruishengglassco.com\/fr\/rs150-fabrication-de-bouteilles-de-whisky-sur-mesure\/","og_locale":"fr_FR","og_type":"article","og_title":"RS150 Custom Whiskey Bottle Manufacturing -","og_description":"Specifications Surface Handling: Inside Engraving Industrial Use: Beverage Sealing Type: SCREW CAP\/Cork Place of Origin: Shandong, China Base Material: Super flint glass Body Material: Super flint glass Model Number: RS-160 Brand Name: RUISHENG Usage: Alcohol\/liquor\/spirits\/vodka\/whisky\/brandy\/rum\/gin Packing: Custom Packing Acceptable Capacity: 200ml\/300ml\/500ml\/700\/750ml\/1000ml Shape: Customized Shape Logo: Acceptable Customer&#8217;s Logo Service: OEM \/ODM Sample: Provided Freely Logo...","og_url":"https:\/\/ruishengglassco.com\/fr\/rs150-fabrication-de-bouteilles-de-whisky-sur-mesure\/","article_publisher":"https:\/\/www.facebook.com\/ruishengglassbottles","article_modified_time":"2025-09-12T02:26:30+00:00","og_image":[{"width":800,"height":800,"url":"https:\/\/ruishengglassco.com\/wp-content\/uploads\/2025\/03\/RS150-Custom-Whiskey-Bottle-Manufacturing.webp","type":"image\/webp"}],"twitter_card":"summary_large_image","twitter_misc":{"Dur\u00e9e de lecture estim\u00e9e":"2 minutes"},"schema":{"@context":"https:\/\/schema.org","@graph":[{"@type":"WebPage","@id":"https:\/\/ruishengglassco.com\/rs150-custom-whiskey-bottle-manufacturing","url":"https:\/\/ruishengglassco.com\/rs150-custom-whiskey-bottle-manufacturing","name":"RS150 Custom Whiskey Bottle Manufacturing -","isPartOf":{"@id":"https:\/\/ruishengglassco.com\/#website"},"datePublished":"2025-03-15T15:05:32+00:00","dateModified":"2025-09-12T02:26:30+00:00","breadcrumb":{"@id":"https:\/\/ruishengglassco.com\/rs150-custom-whiskey-bottle-manufacturing#breadcrumb"},"inLanguage":"fr-FR","potentialAction":[{"@type":"ReadAction","target":["https:\/\/ruishengglassco.com\/rs150-custom-whiskey-bottle-manufacturing"]}]},{"@type":"BreadcrumbList","@id":"https:\/\/ruishengglassco.com\/rs150-custom-whiskey-bottle-manufacturing#breadcrumb","itemListElement":[{"@type":"ListItem","position":1,"name":"Home","item":"https:\/\/ruishengglassco.com\/"},{"@type":"ListItem","position":2,"name":"Products","item":"https:\/\/ruishengglassco.com\/products"},{"@type":"ListItem","position":3,"name":"RS150 Custom Whiskey Bottle Manufacturing"}]},{"@type":"WebSite","@id":"https:\/\/ruishengglassco.com\/#website","url":"https:\/\/ruishengglassco.com\/","name":"Ruisheng Glass","description":"","publisher":{"@id":"https:\/\/ruishengglassco.com\/#organization"},"potentialAction":[{"@type":"SearchAction","target":{"@type":"EntryPoint","urlTemplate":"https:\/\/ruishengglassco.com\/?s={search_term_string}"},"query-input":"required name=search_term_string"}],"inLanguage":"fr-FR"},{"@type":"Organization","@id":"https:\/\/ruishengglassco.com\/#organization","name":"Shandong Yuncheng Ruisheng Glass Co., Ltd","url":"https:\/\/ruishengglassco.com\/","logo":{"@type":"ImageObject","inLanguage":"fr-FR","@id":"https:\/\/ruishengglassco.com\/#\/schema\/logo\/image\/","url":"https:\/\/ruishengglassco.com\/wp-content\/uploads\/2023\/09\/ruisheng_logo_icon.webp","contentUrl":"https:\/\/ruishengglassco.com\/wp-content\/uploads\/2023\/09\/ruisheng_logo_icon.webp","width":400,"height":233,"caption":"Shandong Yuncheng Ruisheng Glass Co., Ltd"},"image":{"@id":"https:\/\/ruishengglassco.com\/#\/schema\/logo\/image\/"},"sameAs":["https:\/\/www.facebook.com\/ruishengglassbottles","https:\/\/www.instagram.com\/Ruishengglassbottlewholesales\/","https:\/\/www.youtube.com\/channel\/UCMmbMNGwsL-XrtjfSFLCdVQ"]}]}},"_links":{"self":[{"href":"https:\/\/ruishengglassco.com\/fr\/wp-json\/wp\/v2\/product\/4397","targetHints":{"allow":["GET"]}}],"collection":[{"href":"https:\/\/ruishengglassco.com\/fr\/wp-json\/wp\/v2\/product"}],"about":[{"href":"https:\/\/ruishengglassco.com\/fr\/wp-json\/wp\/v2\/types\/product"}],"replies":[{"embeddable":true,"href":"https:\/\/ruishengglassco.com\/fr\/wp-json\/wp\/v2\/comments?post=4397"}],"wp:featuredmedia":[{"embeddable":true,"href":"https:\/\/ruishengglassco.com\/fr\/wp-json\/wp\/v2\/media\/4398"}],"wp:attachment":[{"href":"https:\/\/ruishengglassco.com\/fr\/wp-json\/wp\/v2\/media?parent=4397"}],"wp:term":[{"taxonomy":"product_cat","embeddable":true,"href":"https:\/\/ruishengglassco.com\/fr\/wp-json\/wp\/v2\/product_cat?post=4397"}],"curies":[{"name":"wp","href":"https:\/\/api.w.org\/{rel}","templated":true}]}}