{"id":4394,"date":"2025-03-15T22:42:13","date_gmt":"2025-03-15T14:42:13","guid":{"rendered":"https:\/\/ruishengglassco.com\/?post_type=product&#038;p=4394"},"modified":"2025-07-17T15:16:52","modified_gmt":"2025-07-17T07:16:52","slug":"rs001-grossiste-bouteilles-en-verre-a-vis-de-250ml-pour-liqueur","status":"publish","type":"product","link":"https:\/\/ruishengglassco.com\/fr\/produit\/rs001-grossiste-bouteilles-en-verre-a-vis-de-250ml-pour-liqueur","title":{"rendered":"RS001 Bouteilles en verre \u00e0 vis de 250ml pour liqueur"},"content":{"rendered":"<h2><span style=\"color: #000000;\">D\u00e9tails sur la vente en gros de bouteilles en verre \u00e0 vis de 250ml pour les boissons alcoolis\u00e9es<\/span><\/h2>\n<p>Ces bouteilles en verre de 250 ml \u00e0 bouchon \u00e0 vis sont id\u00e9ales pour conditionner les boissons alcoolis\u00e9es. Elles conviennent parfaitement au white spirit, au whisky, au brandy, \u00e0 la vodka, au cognac, \u00e0 la tequila, au champagne, etc.<\/p>\n<p>Les produits sont fabriqu\u00e9s \u00e0 partir de mati\u00e8res premi\u00e8res en verre de haute qualit\u00e9 trait\u00e9es par plus de 10 processus. Ils sont transparents, propres et exempts d'impuret\u00e9s. Ils peuvent parfaitement mettre en valeur la qualit\u00e9 de la liqueur et rehausser la qualit\u00e9 globale du produit.<\/p>\n<p>Si vous \u00eates satisfait du mod\u00e8le que nous vous fournissons, nous pouvons produire 100% selon le mod\u00e8le original. Si vous avez besoin d'un service personnalis\u00e9. Vous pouvez faire des demandes pour chaque taille de bouteille de vin, forme, couleur, traitement de surface, \u00e9tiquette, bouchon, etc. et nous produirons selon vos exigences.<\/p>\n<ul>\n<li>Nom du produit : Bouteilles en verre \u00e0 vis de 250ml en gros pour liqueur<\/li>\n<li>Marque : Ruisheng\/RS Glass<\/li>\n<li>R\u00e9f\u00e9rence : RS001<\/li>\n<li>Mat\u00e9riau du verre : Mat\u00e9riau du verre \u00e0 haute teneur en silex<\/li>\n<li>Capacit\u00e9 nominale : 250 ml<\/li>\n<li>Poids de la bouteille : 550g<\/li>\n<li>Type de scellement : Ropp \/ GPI \/ Cork \/ Guala \/ Swing Top \/ M\u00e9thode de scellement personnalis\u00e9e<\/li>\n<li>Application : Bouteille de vodka, bouteille de whisky, bouteille de cognac, bouteille de rhum, bouteille de Xo.<\/li>\n<li>Emballage\n<ul>\n<li>24 pi\u00e8ces \/ carton, avec s\u00e9parateur en carton<\/li>\n<li>6 pi\u00e8ces \/ bo\u00eete color\u00e9e, avec s\u00e9parateur en carton<\/li>\n<li>Emballage sur palette, avec s\u00e9parateur en carton<\/li>\n<li>Emballage carton \/ bo\u00eete + palette<\/li>\n<\/ul>\n<\/li>\n<li><span style=\"color: #ff0000;\">MOQ : 6000pcs pour une nouvelle s\u00e9rie<\/span><\/li>\n<li>D\u00e9lai de livraison : 20-30 jours<\/li>\n<\/ul>\n<p data-start=\"1542\" data-end=\"1659\">Si vous avez d'autres questions sur les bouteilles en verre \u00e0 vis de 250ml pour liqueur, veuillez contacter notre \u00e9quipe de vente.<\/p>\n<hr data-start=\"1661\" data-end=\"1664\" \/>\n<h2 data-start=\"1666\" data-end=\"1717\"><strong data-start=\"1670\" data-end=\"1715\">Usine de verre Ruisheng \u00e0 Shandong, Chine<\/strong><\/h2>\n<p data-start=\"1718\" data-end=\"1992\">Depuis 2009, Ruisheng Glass dispose d'une usine de production moderne et d'un centre de recherche et d\u00e9veloppement bien \u00e9quip\u00e9, d'une superficie de 5 000 000 pieds carr\u00e9s. L'usine est sp\u00e9cialis\u00e9e dans la fabrication de bouteilles en verre de haute qualit\u00e9 pour les boissons alcoolis\u00e9es, notamment le whisky, la vodka, le brandy et d'autres boissons alcoolis\u00e9es.<\/p>\n<h3 data-start=\"1994\" data-end=\"2020\"><strong data-start=\"1998\" data-end=\"2018\">Capacit\u00e9 de l'usine<\/strong><\/h3>\n<ul data-start=\"2021\" data-end=\"2577\">\n<li data-start=\"2021\" data-end=\"2178\"><strong data-start=\"2023\" data-end=\"2046\">12 lignes de production<\/strong> - Lignes de production de bouteilles en verre semi-automatiques \u00e0 haut rendement, capables de g\u00e9rer simultan\u00e9ment diff\u00e9rents processus de traitement.<\/li>\n<li data-start=\"2179\" data-end=\"2316\"><strong data-start=\"2181\" data-end=\"2199\">500+ employ\u00e9s<\/strong> - Comprend 15 concepteurs industriels, 35 inspecteurs de la qualit\u00e9 des produits et du personnel de production, de vente et de marketing.<\/li>\n<li data-start=\"2317\" data-end=\"2447\"><strong data-start=\"2319\" data-end=\"2342\">Plus de 8 000 moules de conception<\/strong> - Le stockage d'un grand nombre de moules en interne permet de r\u00e9pondre avec souplesse aux diverses exigences des clients.<\/li>\n<li data-start=\"2448\" data-end=\"2577\"><strong data-start=\"2450\" data-end=\"2483\">120 000+ bouteilles par jour<\/strong> - La production en vrac \u00e0 grande \u00e9chelle garantit une r\u00e9ponse rapide au march\u00e9 et une ex\u00e9cution efficace des commandes.<\/li>\n<\/ul>\n<h3 data-start=\"2579\" data-end=\"2621\"><strong data-start=\"2583\" data-end=\"2619\">Comment commander aupr\u00e8s de Ruisheng Glass<\/strong><\/h3>\n<p data-start=\"2622\" data-end=\"2736\">Pour les demandes de renseignements, les commandes ou les demandes personnalis\u00e9es, veuillez contacter notre \u00e9quipe pour discuter de vos besoins et obtenir un devis.<\/p>","protected":false},"excerpt":{"rendered":"<p>D\u00e9couvrez la vente en gros de bouteilles en verre \u00e0 vis de 250 ml pour boissons alcoolis\u00e9es chez Ruisheng Glass Co. Fond\u00e9e en 2009, Ruisheng est une entreprise de premier plan dans l'industrie de l'emballage des bouteilles de liqueur. Nous nous sommes toujours engag\u00e9s \u00e0 fournir des solutions d'emballage compl\u00e8tes pour l'industrie des bouteilles de liqueur. Nous fabriquons des bouteilles en verre de qualit\u00e9 en utilisant des mat\u00e9riaux en verre de haute qualit\u00e9. Vous pouvez trouver de nombreux produits, tels que les bouteilles de liqueur, les bouteilles de whisky, les bouteilles de brandy, les bouteilles de gin, les bouteilles de cognac, les bouteilles de tequila et les bouteilles de vin.<\/p>\n<p>En tant que fabricant de bouteilles \u00e0 spiritueux, nous fournissons des services OEM\/ODM \u00e0 nos clients. Si vous ne trouvez pas votre type de bouteille de spiritueux, ne vous inqui\u00e9tez pas. Faites-nous part de vos exigences et laissez-nous produire pour vous.<\/p>\n<p>Cliquez ici pour plus d'informations sur Wholesale 250ml Screw Top Glass Bottles For Liquor.<\/p>","protected":false},"featured_media":4395,"comment_status":"closed","ping_status":"closed","template":"","meta":[],"product_cat":[47],"class_list":{"0":"post-4394","1":"product","2":"type-product","3":"status-publish","4":"has-post-thumbnail","6":"product_cat-250ml-liquor-bottle-manufacturer","8":"first","9":"instock","10":"shipping-taxable","11":"product-type-simple"},"yoast_head":"<!-- This site is optimized with the Yoast SEO plugin v22.0 - https:\/\/yoast.com\/wordpress\/plugins\/seo\/ -->\n<title>250ml Screw Top Glass Bottles For Liquor-Ruisheng Glass<\/title>\n<meta name=\"description\" content=\"Find Wholesale 250ml Screw Top Glass Bottles For Liquor At Ruisheng Glass Co,. Factory Outlet&amp;Save Cost Here.\" \/>\n<meta name=\"robots\" content=\"index, follow, max-snippet:-1, max-image-preview:large, max-video-preview:-1\" \/>\n<link rel=\"canonical\" href=\"https:\/\/ruishengglassco.com\/fr\/produit\/rs001-grossiste-bouteilles-en-verre-a-vis-de-250ml-pour-liqueur\" \/>\n<meta property=\"og:locale\" content=\"fr_FR\" \/>\n<meta property=\"og:type\" content=\"article\" \/>\n<meta property=\"og:title\" content=\"250ml Screw Top Glass Bottles For Liquor-Ruisheng Glass\" \/>\n<meta property=\"og:description\" content=\"Find Wholesale 250ml Screw Top Glass Bottles For Liquor At Ruisheng Glass Co,. Factory Outlet&amp;Save Cost Here.\" \/>\n<meta property=\"og:url\" content=\"https:\/\/ruishengglassco.com\/fr\/produit\/rs001-grossiste-bouteilles-en-verre-a-vis-de-250ml-pour-liqueur\" \/>\n<meta property=\"article:publisher\" content=\"https:\/\/www.facebook.com\/ruishengglassbottles\" \/>\n<meta property=\"article:modified_time\" content=\"2025-07-17T07:16:52+00:00\" \/>\n<meta property=\"og:image\" content=\"https:\/\/ruishengglassco.com\/wp-content\/uploads\/2025\/03\/RS001-Wholesale-250ml-Screw-Top-Glass-Bottles-For-Liquor.webp\" \/>\n\t<meta property=\"og:image:width\" content=\"800\" \/>\n\t<meta property=\"og:image:height\" content=\"800\" \/>\n\t<meta property=\"og:image:type\" content=\"image\/webp\" \/>\n<meta name=\"twitter:card\" content=\"summary_large_image\" \/>\n<meta name=\"twitter:label1\" content=\"Dur\u00e9e de lecture estim\u00e9e\" \/>\n\t<meta name=\"twitter:data1\" content=\"2 minutes\" \/>\n<script type=\"application\/ld+json\" class=\"yoast-schema-graph\">{\"@context\":\"https:\/\/schema.org\",\"@graph\":[{\"@type\":\"WebPage\",\"@id\":\"https:\/\/ruishengglassco.com\/product\/rs001-wholesale-250ml-screw-top-glass-bottles-for-liquor\",\"url\":\"https:\/\/ruishengglassco.com\/product\/rs001-wholesale-250ml-screw-top-glass-bottles-for-liquor\",\"name\":\"250ml Screw Top Glass Bottles For Liquor-Ruisheng Glass\",\"isPartOf\":{\"@id\":\"https:\/\/ruishengglassco.com\/#website\"},\"datePublished\":\"2025-03-15T14:42:13+00:00\",\"dateModified\":\"2025-07-17T07:16:52+00:00\",\"description\":\"Find Wholesale 250ml Screw Top Glass Bottles For Liquor At Ruisheng Glass Co,. Factory Outlet&Save Cost Here.\",\"breadcrumb\":{\"@id\":\"https:\/\/ruishengglassco.com\/product\/rs001-wholesale-250ml-screw-top-glass-bottles-for-liquor#breadcrumb\"},\"inLanguage\":\"fr-FR\",\"potentialAction\":[{\"@type\":\"ReadAction\",\"target\":[\"https:\/\/ruishengglassco.com\/product\/rs001-wholesale-250ml-screw-top-glass-bottles-for-liquor\"]}]},{\"@type\":\"BreadcrumbList\",\"@id\":\"https:\/\/ruishengglassco.com\/product\/rs001-wholesale-250ml-screw-top-glass-bottles-for-liquor#breadcrumb\",\"itemListElement\":[{\"@type\":\"ListItem\",\"position\":1,\"name\":\"Home\",\"item\":\"https:\/\/ruishengglassco.com\/\"},{\"@type\":\"ListItem\",\"position\":2,\"name\":\"Products\",\"item\":\"https:\/\/ruishengglassco.com\/products\"},{\"@type\":\"ListItem\",\"position\":3,\"name\":\"RS001 250ml Screw Top Glass Bottles For Liquor\"}]},{\"@type\":\"WebSite\",\"@id\":\"https:\/\/ruishengglassco.com\/#website\",\"url\":\"https:\/\/ruishengglassco.com\/\",\"name\":\"Ruisheng Glass\",\"description\":\"\",\"publisher\":{\"@id\":\"https:\/\/ruishengglassco.com\/#organization\"},\"potentialAction\":[{\"@type\":\"SearchAction\",\"target\":{\"@type\":\"EntryPoint\",\"urlTemplate\":\"https:\/\/ruishengglassco.com\/?s={search_term_string}\"},\"query-input\":\"required name=search_term_string\"}],\"inLanguage\":\"fr-FR\"},{\"@type\":\"Organization\",\"@id\":\"https:\/\/ruishengglassco.com\/#organization\",\"name\":\"Shandong Yuncheng Ruisheng Glass Co., Ltd\",\"url\":\"https:\/\/ruishengglassco.com\/\",\"logo\":{\"@type\":\"ImageObject\",\"inLanguage\":\"fr-FR\",\"@id\":\"https:\/\/ruishengglassco.com\/#\/schema\/logo\/image\/\",\"url\":\"https:\/\/ruishengglassco.com\/wp-content\/uploads\/2023\/09\/ruisheng_logo_icon.webp\",\"contentUrl\":\"https:\/\/ruishengglassco.com\/wp-content\/uploads\/2023\/09\/ruisheng_logo_icon.webp\",\"width\":400,\"height\":233,\"caption\":\"Shandong Yuncheng Ruisheng Glass Co., Ltd\"},\"image\":{\"@id\":\"https:\/\/ruishengglassco.com\/#\/schema\/logo\/image\/\"},\"sameAs\":[\"https:\/\/www.facebook.com\/ruishengglassbottles\",\"https:\/\/www.instagram.com\/Ruishengglassbottlewholesales\/\",\"https:\/\/www.youtube.com\/channel\/UCMmbMNGwsL-XrtjfSFLCdVQ\"]}]}<\/script>\n<!-- \/ Yoast SEO plugin. -->","yoast_head_json":{"title":"250ml Screw Top Glass Bottles For Liquor-Ruisheng Glass","description":"Find Wholesale 250ml Screw Top Glass Bottles For Liquor At Ruisheng Glass Co,. Factory Outlet&Save Cost Here.","robots":{"index":"index","follow":"follow","max-snippet":"max-snippet:-1","max-image-preview":"max-image-preview:large","max-video-preview":"max-video-preview:-1"},"canonical":"https:\/\/ruishengglassco.com\/fr\/produit\/rs001-grossiste-bouteilles-en-verre-a-vis-de-250ml-pour-liqueur","og_locale":"fr_FR","og_type":"article","og_title":"250ml Screw Top Glass Bottles For Liquor-Ruisheng Glass","og_description":"Find Wholesale 250ml Screw Top Glass Bottles For Liquor At Ruisheng Glass Co,. Factory Outlet&Save Cost Here.","og_url":"https:\/\/ruishengglassco.com\/fr\/produit\/rs001-grossiste-bouteilles-en-verre-a-vis-de-250ml-pour-liqueur","article_publisher":"https:\/\/www.facebook.com\/ruishengglassbottles","article_modified_time":"2025-07-17T07:16:52+00:00","og_image":[{"width":800,"height":800,"url":"https:\/\/ruishengglassco.com\/wp-content\/uploads\/2025\/03\/RS001-Wholesale-250ml-Screw-Top-Glass-Bottles-For-Liquor.webp","type":"image\/webp"}],"twitter_card":"summary_large_image","twitter_misc":{"Dur\u00e9e de lecture estim\u00e9e":"2 minutes"},"schema":{"@context":"https:\/\/schema.org","@graph":[{"@type":"WebPage","@id":"https:\/\/ruishengglassco.com\/product\/rs001-wholesale-250ml-screw-top-glass-bottles-for-liquor","url":"https:\/\/ruishengglassco.com\/product\/rs001-wholesale-250ml-screw-top-glass-bottles-for-liquor","name":"250ml Screw Top Glass Bottles For Liquor-Ruisheng Glass","isPartOf":{"@id":"https:\/\/ruishengglassco.com\/#website"},"datePublished":"2025-03-15T14:42:13+00:00","dateModified":"2025-07-17T07:16:52+00:00","description":"Find Wholesale 250ml Screw Top Glass Bottles For Liquor At Ruisheng Glass Co,. Factory Outlet&Save Cost Here.","breadcrumb":{"@id":"https:\/\/ruishengglassco.com\/product\/rs001-wholesale-250ml-screw-top-glass-bottles-for-liquor#breadcrumb"},"inLanguage":"fr-FR","potentialAction":[{"@type":"ReadAction","target":["https:\/\/ruishengglassco.com\/product\/rs001-wholesale-250ml-screw-top-glass-bottles-for-liquor"]}]},{"@type":"BreadcrumbList","@id":"https:\/\/ruishengglassco.com\/product\/rs001-wholesale-250ml-screw-top-glass-bottles-for-liquor#breadcrumb","itemListElement":[{"@type":"ListItem","position":1,"name":"Home","item":"https:\/\/ruishengglassco.com\/"},{"@type":"ListItem","position":2,"name":"Products","item":"https:\/\/ruishengglassco.com\/products"},{"@type":"ListItem","position":3,"name":"RS001 250ml Screw Top Glass Bottles For Liquor"}]},{"@type":"WebSite","@id":"https:\/\/ruishengglassco.com\/#website","url":"https:\/\/ruishengglassco.com\/","name":"Ruisheng Glass","description":"","publisher":{"@id":"https:\/\/ruishengglassco.com\/#organization"},"potentialAction":[{"@type":"SearchAction","target":{"@type":"EntryPoint","urlTemplate":"https:\/\/ruishengglassco.com\/?s={search_term_string}"},"query-input":"required name=search_term_string"}],"inLanguage":"fr-FR"},{"@type":"Organization","@id":"https:\/\/ruishengglassco.com\/#organization","name":"Shandong Yuncheng Ruisheng Glass Co., Ltd","url":"https:\/\/ruishengglassco.com\/","logo":{"@type":"ImageObject","inLanguage":"fr-FR","@id":"https:\/\/ruishengglassco.com\/#\/schema\/logo\/image\/","url":"https:\/\/ruishengglassco.com\/wp-content\/uploads\/2023\/09\/ruisheng_logo_icon.webp","contentUrl":"https:\/\/ruishengglassco.com\/wp-content\/uploads\/2023\/09\/ruisheng_logo_icon.webp","width":400,"height":233,"caption":"Shandong Yuncheng Ruisheng Glass Co., Ltd"},"image":{"@id":"https:\/\/ruishengglassco.com\/#\/schema\/logo\/image\/"},"sameAs":["https:\/\/www.facebook.com\/ruishengglassbottles","https:\/\/www.instagram.com\/Ruishengglassbottlewholesales\/","https:\/\/www.youtube.com\/channel\/UCMmbMNGwsL-XrtjfSFLCdVQ"]}]}},"_links":{"self":[{"href":"https:\/\/ruishengglassco.com\/fr\/wp-json\/wp\/v2\/product\/4394","targetHints":{"allow":["GET"]}}],"collection":[{"href":"https:\/\/ruishengglassco.com\/fr\/wp-json\/wp\/v2\/product"}],"about":[{"href":"https:\/\/ruishengglassco.com\/fr\/wp-json\/wp\/v2\/types\/product"}],"replies":[{"embeddable":true,"href":"https:\/\/ruishengglassco.com\/fr\/wp-json\/wp\/v2\/comments?post=4394"}],"wp:featuredmedia":[{"embeddable":true,"href":"https:\/\/ruishengglassco.com\/fr\/wp-json\/wp\/v2\/media\/4395"}],"wp:attachment":[{"href":"https:\/\/ruishengglassco.com\/fr\/wp-json\/wp\/v2\/media?parent=4394"}],"wp:term":[{"taxonomy":"product_cat","embeddable":true,"href":"https:\/\/ruishengglassco.com\/fr\/wp-json\/wp\/v2\/product_cat?post=4394"}],"curies":[{"name":"wp","href":"https:\/\/api.w.org\/{rel}","templated":true}]}}