{"id":4390,"date":"2025-03-15T22:36:56","date_gmt":"2025-03-15T14:36:56","guid":{"rendered":"https:\/\/ruishengglassco.com\/?post_type=product&#038;p=4390"},"modified":"2025-07-17T15:14:54","modified_gmt":"2025-07-17T07:14:54","slug":"rs003250ml-bouteilles-en-verre-avec-bouchon-en-gros","status":"publish","type":"product","link":"https:\/\/ruishengglassco.com\/fr\/produit\/rs003250ml-bouteilles-en-verre-avec-bouchon-en-gros","title":{"rendered":"RS003:Bouteilles en verre de 250ml avec bouchon"},"content":{"rendered":"<h2 style=\"text-align: left;\">Informations d\u00e9taill\u00e9es sur les bouteilles en verre de 250 ml avec bouchon de li\u00e8ge (Wholesale)<\/h2>\n<p>Ces bouteilles en verre de 250 ml avec bouchon sont fabriqu\u00e9es en verre cristal flint. Ce mat\u00e9riau conf\u00e8re aux bouteilles une grande transparence et une grande luminosit\u00e9. Le corps est arrondi et pr\u00e9sente des textures bossel\u00e9es. La surface du produit pr\u00e9sente une vari\u00e9t\u00e9 de techniques de traitement, notamment le gaufrage, la d\u00e9calcomanie, la peinture, le d\u00e9poli, l'estampage \u00e0 chaud et la galvanoplastie.<\/p>\n<p>Cette s\u00e9rie de bouteilles rondes convient au conditionnement de liqueurs, de vodka, de brandy, de tequila et d'autres boissons alcoolis\u00e9es. Nous avons plus de 20 ans d'exp\u00e9rience dans la fabrication de bouteilles de liqueur. Nous proposons \u00e9galement des services personnalis\u00e9s adapt\u00e9s aux besoins de nos clients. Nous pouvons fabriquer des bouteilles en verre adapt\u00e9es \u00e0 vos besoins sp\u00e9cifiques. Veuillez nous indiquer la forme, la couleur, la taille, l'emballage ext\u00e9rieur et le logo que vous souhaitez.<\/p>\n<ul>\n<li>Traitement de surface : Autocollant<\/li>\n<li>Utilisation industrielle : boissons<\/li>\n<li>Mat\u00e9riau de la base : Verre de silex<\/li>\n<li>Mat\u00e9riau du corps : Verre de silex<\/li>\n<li>Mat\u00e9riau du collier : Verre de silex<\/li>\n<li>Type de scellage : Li\u00e8ge, bouchon de li\u00e8ge, bouchon de verre, bouchon \u00e0 vis, bouchon \u00e0 vis<\/li>\n<li>Utilisation : Liqueur, Brandy, Vodka, Tequila<\/li>\n<li>Lieu d'origine : Chine<\/li>\n<li>Num\u00e9ro de mod\u00e8le : RS003<\/li>\n<li>Nom de marque : Ruisheng glass<\/li>\n<li>Mat\u00e9riau de la bouteille : Verres<\/li>\n<li>Utilisation : Huile\/essence\/liqueur\/vin\/boisson<\/li>\n<li>Capacit\u00e9 : 50ml~2L<\/li>\n<li>OEM\/ODM : disponible<\/li>\n<li>Certificat : SGS , TUV, ISO9001, ISO14001<\/li>\n<li>Couleur : transparent, peint, givr\u00e9<\/li>\n<li>Traitement des surfaces : S\u00e9rigraphie, impression, d\u00e9calcomanie, pulv\u00e9risation, givrage<\/li>\n<\/ul>\n<p>Si vous souhaitez savoir comment nous emballons et exp\u00e9dions le produit dans votre pays, cliquez ici : Comment emballer et exp\u00e9dier des bouteilles en verre ?<\/p>\n<p>Si vous souhaitez en savoir plus sur nos bouteilles en verre 250ml avec bouchon en gros, et d'autres informations, n'h\u00e9sitez pas \u00e0 nous contacter ici.<\/p>","protected":false},"excerpt":{"rendered":"<p><span data-preserver-spaces=\"true\">Ruisheng a plus de 10 ans d'exp\u00e9rience dans la fabrication de bouteilles en verre. Elle propose des bouteilles en verre de 250 ml avec bouchon, parfaites pour le conditionnement des boissons alcoolis\u00e9es. <\/span><span data-preserver-spaces=\"true\">Le pr\u00e9sent<\/span><span data-preserver-spaces=\"true\"> inclut le whisky, le brandy, la vodka et le rhum. Nos bouteilles en verre transparent ont non seulement une bonne fonction de stockage, mais elles conf\u00e8rent \u00e9galement \u00e0 vos produits un aspect plus luxueux.<\/span><\/p>\n<p><span data-preserver-spaces=\"true\">Voici les questions qui peuvent vous int\u00e9resser :<\/span><\/p>\n<p><strong><span data-preserver-spaces=\"true\">-MOQ : 10000 PCS\u00a0<\/span><\/strong><\/p>\n<p><span data-preserver-spaces=\"true\">-Service sur mesure avec offre d'\u00e9chantillons gratuits<\/span><\/p>\n<p><span data-preserver-spaces=\"true\">-Exp\u00e9dition mondiale+Livraison sous 30 jours<\/span><\/p>\n<p><span data-preserver-spaces=\"true\">Si vous <\/span><span data-preserver-spaces=\"true\">vouloir<\/span><span data-preserver-spaces=\"true\"> pour d\u00e9marrer votre activit\u00e9 <\/span><span data-preserver-spaces=\"true\">pour<\/span><span data-preserver-spaces=\"true\"> Bouteilles en verre de 250 ml <\/span><span data-preserver-spaces=\"true\">avec<\/span><span data-preserver-spaces=\"true\"> le li\u00e8ge en gros, <\/span><span data-preserver-spaces=\"true\">veuillez nous contacter<\/span><span data-preserver-spaces=\"true\"> maintenant.<\/span><\/p>","protected":false},"featured_media":4391,"comment_status":"closed","ping_status":"closed","template":"","meta":[],"product_cat":[47],"class_list":{"0":"post-4390","1":"product","2":"type-product","3":"status-publish","4":"has-post-thumbnail","6":"product_cat-250ml-liquor-bottle-manufacturer","8":"first","9":"instock","10":"shipping-taxable","11":"product-type-simple"},"yoast_head":"<!-- This site is optimized with the Yoast SEO plugin v22.0 - https:\/\/yoast.com\/wordpress\/plugins\/seo\/ -->\n<title>250ml Glass Bottles With Cork Manufacturer | Ruisheng Glass Co., Ltd<\/title>\n<meta name=\"description\" content=\"Find 250ml Glass Bottles With Cork Wholesale in Ruisheng Glass Co., Ltd. Liquor Bottle Manufacturer and Factory. Global Shipping Service.\" \/>\n<meta name=\"robots\" content=\"index, follow, max-snippet:-1, max-image-preview:large, max-video-preview:-1\" \/>\n<link rel=\"canonical\" href=\"https:\/\/ruishengglassco.com\/fr\/produit\/rs003250ml-bouteilles-en-verre-avec-bouchon-en-gros\" \/>\n<meta property=\"og:locale\" content=\"fr_FR\" \/>\n<meta property=\"og:type\" content=\"article\" \/>\n<meta property=\"og:title\" content=\"250ml Glass Bottles With Cork Manufacturer | Ruisheng Glass Co., Ltd\" \/>\n<meta property=\"og:description\" content=\"Find 250ml Glass Bottles With Cork Wholesale in Ruisheng Glass Co., Ltd. Liquor Bottle Manufacturer and Factory. Global Shipping Service.\" \/>\n<meta property=\"og:url\" content=\"https:\/\/ruishengglassco.com\/fr\/produit\/rs003250ml-bouteilles-en-verre-avec-bouchon-en-gros\" \/>\n<meta property=\"article:publisher\" content=\"https:\/\/www.facebook.com\/ruishengglassbottles\" \/>\n<meta property=\"article:modified_time\" content=\"2025-07-17T07:14:54+00:00\" \/>\n<meta property=\"og:image\" content=\"https:\/\/ruishengglassco.com\/wp-content\/uploads\/2025\/03\/RS003-250ml-Glass-Bottles-With-Cork-Wholesale.webp\" \/>\n\t<meta property=\"og:image:width\" content=\"800\" \/>\n\t<meta property=\"og:image:height\" content=\"800\" \/>\n\t<meta property=\"og:image:type\" content=\"image\/webp\" \/>\n<meta name=\"twitter:card\" content=\"summary_large_image\" \/>\n<meta name=\"twitter:label1\" content=\"Dur\u00e9e de lecture estim\u00e9e\" \/>\n\t<meta name=\"twitter:data1\" content=\"2 minutes\" \/>\n<script type=\"application\/ld+json\" class=\"yoast-schema-graph\">{\"@context\":\"https:\/\/schema.org\",\"@graph\":[{\"@type\":\"WebPage\",\"@id\":\"https:\/\/ruishengglassco.com\/product\/rs003250ml-glass-bottles-with-cork-wholesale\",\"url\":\"https:\/\/ruishengglassco.com\/product\/rs003250ml-glass-bottles-with-cork-wholesale\",\"name\":\"250ml Glass Bottles With Cork Manufacturer | Ruisheng Glass Co., Ltd\",\"isPartOf\":{\"@id\":\"https:\/\/ruishengglassco.com\/#website\"},\"datePublished\":\"2025-03-15T14:36:56+00:00\",\"dateModified\":\"2025-07-17T07:14:54+00:00\",\"description\":\"Find 250ml Glass Bottles With Cork Wholesale in Ruisheng Glass Co., Ltd. Liquor Bottle Manufacturer and Factory. Global Shipping Service.\",\"breadcrumb\":{\"@id\":\"https:\/\/ruishengglassco.com\/product\/rs003250ml-glass-bottles-with-cork-wholesale#breadcrumb\"},\"inLanguage\":\"fr-FR\",\"potentialAction\":[{\"@type\":\"ReadAction\",\"target\":[\"https:\/\/ruishengglassco.com\/product\/rs003250ml-glass-bottles-with-cork-wholesale\"]}]},{\"@type\":\"BreadcrumbList\",\"@id\":\"https:\/\/ruishengglassco.com\/product\/rs003250ml-glass-bottles-with-cork-wholesale#breadcrumb\",\"itemListElement\":[{\"@type\":\"ListItem\",\"position\":1,\"name\":\"Home\",\"item\":\"https:\/\/ruishengglassco.com\/\"},{\"@type\":\"ListItem\",\"position\":2,\"name\":\"Products\",\"item\":\"https:\/\/ruishengglassco.com\/products\"},{\"@type\":\"ListItem\",\"position\":3,\"name\":\"RS003:250ml Glass Bottles With Cork\"}]},{\"@type\":\"WebSite\",\"@id\":\"https:\/\/ruishengglassco.com\/#website\",\"url\":\"https:\/\/ruishengglassco.com\/\",\"name\":\"Ruisheng Glass\",\"description\":\"\",\"publisher\":{\"@id\":\"https:\/\/ruishengglassco.com\/#organization\"},\"potentialAction\":[{\"@type\":\"SearchAction\",\"target\":{\"@type\":\"EntryPoint\",\"urlTemplate\":\"https:\/\/ruishengglassco.com\/?s={search_term_string}\"},\"query-input\":\"required name=search_term_string\"}],\"inLanguage\":\"fr-FR\"},{\"@type\":\"Organization\",\"@id\":\"https:\/\/ruishengglassco.com\/#organization\",\"name\":\"Shandong Yuncheng Ruisheng Glass Co., Ltd\",\"url\":\"https:\/\/ruishengglassco.com\/\",\"logo\":{\"@type\":\"ImageObject\",\"inLanguage\":\"fr-FR\",\"@id\":\"https:\/\/ruishengglassco.com\/#\/schema\/logo\/image\/\",\"url\":\"https:\/\/ruishengglassco.com\/wp-content\/uploads\/2023\/09\/ruisheng_logo_icon.webp\",\"contentUrl\":\"https:\/\/ruishengglassco.com\/wp-content\/uploads\/2023\/09\/ruisheng_logo_icon.webp\",\"width\":400,\"height\":233,\"caption\":\"Shandong Yuncheng Ruisheng Glass Co., Ltd\"},\"image\":{\"@id\":\"https:\/\/ruishengglassco.com\/#\/schema\/logo\/image\/\"},\"sameAs\":[\"https:\/\/www.facebook.com\/ruishengglassbottles\",\"https:\/\/www.instagram.com\/Ruishengglassbottlewholesales\/\",\"https:\/\/www.youtube.com\/channel\/UCMmbMNGwsL-XrtjfSFLCdVQ\"]}]}<\/script>\n<!-- \/ Yoast SEO plugin. -->","yoast_head_json":{"title":"250ml Glass Bottles With Cork Manufacturer | Ruisheng Glass Co., Ltd","description":"Find 250ml Glass Bottles With Cork Wholesale in Ruisheng Glass Co., Ltd. Liquor Bottle Manufacturer and Factory. Global Shipping Service.","robots":{"index":"index","follow":"follow","max-snippet":"max-snippet:-1","max-image-preview":"max-image-preview:large","max-video-preview":"max-video-preview:-1"},"canonical":"https:\/\/ruishengglassco.com\/fr\/produit\/rs003250ml-bouteilles-en-verre-avec-bouchon-en-gros","og_locale":"fr_FR","og_type":"article","og_title":"250ml Glass Bottles With Cork Manufacturer | Ruisheng Glass Co., Ltd","og_description":"Find 250ml Glass Bottles With Cork Wholesale in Ruisheng Glass Co., Ltd. Liquor Bottle Manufacturer and Factory. Global Shipping Service.","og_url":"https:\/\/ruishengglassco.com\/fr\/produit\/rs003250ml-bouteilles-en-verre-avec-bouchon-en-gros","article_publisher":"https:\/\/www.facebook.com\/ruishengglassbottles","article_modified_time":"2025-07-17T07:14:54+00:00","og_image":[{"width":800,"height":800,"url":"https:\/\/ruishengglassco.com\/wp-content\/uploads\/2025\/03\/RS003-250ml-Glass-Bottles-With-Cork-Wholesale.webp","type":"image\/webp"}],"twitter_card":"summary_large_image","twitter_misc":{"Dur\u00e9e de lecture estim\u00e9e":"2 minutes"},"schema":{"@context":"https:\/\/schema.org","@graph":[{"@type":"WebPage","@id":"https:\/\/ruishengglassco.com\/product\/rs003250ml-glass-bottles-with-cork-wholesale","url":"https:\/\/ruishengglassco.com\/product\/rs003250ml-glass-bottles-with-cork-wholesale","name":"250ml Glass Bottles With Cork Manufacturer | Ruisheng Glass Co., Ltd","isPartOf":{"@id":"https:\/\/ruishengglassco.com\/#website"},"datePublished":"2025-03-15T14:36:56+00:00","dateModified":"2025-07-17T07:14:54+00:00","description":"Find 250ml Glass Bottles With Cork Wholesale in Ruisheng Glass Co., Ltd. Liquor Bottle Manufacturer and Factory. Global Shipping Service.","breadcrumb":{"@id":"https:\/\/ruishengglassco.com\/product\/rs003250ml-glass-bottles-with-cork-wholesale#breadcrumb"},"inLanguage":"fr-FR","potentialAction":[{"@type":"ReadAction","target":["https:\/\/ruishengglassco.com\/product\/rs003250ml-glass-bottles-with-cork-wholesale"]}]},{"@type":"BreadcrumbList","@id":"https:\/\/ruishengglassco.com\/product\/rs003250ml-glass-bottles-with-cork-wholesale#breadcrumb","itemListElement":[{"@type":"ListItem","position":1,"name":"Home","item":"https:\/\/ruishengglassco.com\/"},{"@type":"ListItem","position":2,"name":"Products","item":"https:\/\/ruishengglassco.com\/products"},{"@type":"ListItem","position":3,"name":"RS003:250ml Glass Bottles With Cork"}]},{"@type":"WebSite","@id":"https:\/\/ruishengglassco.com\/#website","url":"https:\/\/ruishengglassco.com\/","name":"Ruisheng Glass","description":"","publisher":{"@id":"https:\/\/ruishengglassco.com\/#organization"},"potentialAction":[{"@type":"SearchAction","target":{"@type":"EntryPoint","urlTemplate":"https:\/\/ruishengglassco.com\/?s={search_term_string}"},"query-input":"required name=search_term_string"}],"inLanguage":"fr-FR"},{"@type":"Organization","@id":"https:\/\/ruishengglassco.com\/#organization","name":"Shandong Yuncheng Ruisheng Glass Co., Ltd","url":"https:\/\/ruishengglassco.com\/","logo":{"@type":"ImageObject","inLanguage":"fr-FR","@id":"https:\/\/ruishengglassco.com\/#\/schema\/logo\/image\/","url":"https:\/\/ruishengglassco.com\/wp-content\/uploads\/2023\/09\/ruisheng_logo_icon.webp","contentUrl":"https:\/\/ruishengglassco.com\/wp-content\/uploads\/2023\/09\/ruisheng_logo_icon.webp","width":400,"height":233,"caption":"Shandong Yuncheng Ruisheng Glass Co., Ltd"},"image":{"@id":"https:\/\/ruishengglassco.com\/#\/schema\/logo\/image\/"},"sameAs":["https:\/\/www.facebook.com\/ruishengglassbottles","https:\/\/www.instagram.com\/Ruishengglassbottlewholesales\/","https:\/\/www.youtube.com\/channel\/UCMmbMNGwsL-XrtjfSFLCdVQ"]}]}},"_links":{"self":[{"href":"https:\/\/ruishengglassco.com\/fr\/wp-json\/wp\/v2\/product\/4390","targetHints":{"allow":["GET"]}}],"collection":[{"href":"https:\/\/ruishengglassco.com\/fr\/wp-json\/wp\/v2\/product"}],"about":[{"href":"https:\/\/ruishengglassco.com\/fr\/wp-json\/wp\/v2\/types\/product"}],"replies":[{"embeddable":true,"href":"https:\/\/ruishengglassco.com\/fr\/wp-json\/wp\/v2\/comments?post=4390"}],"wp:featuredmedia":[{"embeddable":true,"href":"https:\/\/ruishengglassco.com\/fr\/wp-json\/wp\/v2\/media\/4391"}],"wp:attachment":[{"href":"https:\/\/ruishengglassco.com\/fr\/wp-json\/wp\/v2\/media?parent=4390"}],"wp:term":[{"taxonomy":"product_cat","embeddable":true,"href":"https:\/\/ruishengglassco.com\/fr\/wp-json\/wp\/v2\/product_cat?post=4390"}],"curies":[{"name":"wp","href":"https:\/\/api.w.org\/{rel}","templated":true}]}}