{"id":4386,"date":"2025-03-15T22:33:43","date_gmt":"2025-03-15T14:33:43","guid":{"rendered":"https:\/\/ruishengglassco.com\/?post_type=product&#038;p=4386"},"modified":"2025-07-17T15:12:03","modified_gmt":"2025-07-17T07:12:03","slug":"rs005-bouteilles-de-vin-en-verre-avec-bouchons-a-vis","status":"publish","type":"product","link":"https:\/\/ruishengglassco.com\/fr\/produit\/rs005-bouteilles-de-vin-en-verre-avec-bouchons-a-vis","title":{"rendered":"RS005 Bouteilles de vin en verre avec bouchons \u00e0 vis"},"content":{"rendered":"<h2>Informations d\u00e9taill\u00e9es sur les bouteilles de vin en verre de 750 ml (vente en gros)<\/h2>\n<p>Cette s\u00e9rie de bouteilles de vin en verre est un mod\u00e8le bourguignon classique de 750 ml. Vous avez le choix entre trois types de bouchons : bouchons \u00e0 vis, bouchons en li\u00e8ge et bouchons guala. La bouteille est munie d'un bouchon poin\u00e7onn\u00e9.<span class=\"wrapper\">ase a<\/span>Les parois droites facilitent l'\u00e9tiquetage. Une excellente option pour toutes vos boissons gazeuses et p\u00e9tillantes pr\u00e9f\u00e9r\u00e9es. Cette bouteille en verre transparent utilise du verre \u00e0 haute teneur en silex. Elle est \u00e9l\u00e9gante et respectueuse de l'environnement. La bouteille en verre vert clair<span class=\"wrapper\">tle<\/span>La couleur est propice \u00e0 la conservation du vin, \u00e9vitant l'oxydation et garantissant son go\u00fbt.<\/p>\n<p>En tant que fabricant professionnel de bouteilles de vin, notre soci\u00e9t\u00e9 propose un service de bouteilles de vin OEM\/ODM\/personnalis\u00e9es. Si vous avez des questions concernant vos bouteilles de vin, n'h\u00e9sitez pas \u00e0 nous contacter.<span class=\"wrapper\">ottante fabrication, honoraires s'il vous pla\u00eet<\/span>Je suis libre de le dire <span class=\"wrapper\">notre vente<\/span>L'\u00e9quipe des s<\/p>\n<ul>\n<li>Article : Bouteilles de vin en verre de 750 ml (vente en gros)<\/li>\n<li>Fabricant : Bouteille en verre Ruisheng<\/li>\n<li>Num\u00e9ro : RS005<\/li>\n<li>Capacit\u00e9 : 700ml, 750ml, 1000ml, 2L<\/li>\n<li>Mat\u00e9riau : Mat\u00e9riau en verre super silex, mat\u00e9riau en verre blanc cristallin, mat\u00e9riau en verre blanc co\u00fbteux<\/li>\n<li>Utilisation : Bouteille de vin en verre<\/li>\n<li>Surface : Gel, d\u00e9calque, peinture, marquage \u00e0 chaud, gaufrage, impression, dor\u00e9, s\u00e9rigraphie<\/li>\n<li>Logo : Acceptable Logo du client<\/li>\n<li>\u00c9chantillon :\n<ul>\n<li>Fabrication de moules<\/li>\n<li>Lib\u00e9r\u00e9 par le moule existant<\/li>\n<li>Sous forme de mots ou de dessins<\/li>\n<\/ul>\n<\/li>\n<li>Emballage : Carton d'exportation standard ; ou emballage sur palette ; emballage en bo\u00eete FGC<\/li>\n<li>D\u00e9lai de livraison : 20-30 jours apr\u00e8s confirmation de la commande<\/li>\n<\/ul>","protected":false},"excerpt":{"rendered":"<p><span data-preserver-spaces=\"true\">Ruisheng Glass Co. est l'un des principaux fabricants d'articles en verre en Chine. Elle est pr\u00e9sente sur le march\u00e9 de la vente en gros de bouteilles de vin en verre depuis plus de 10 ans.\u00a0 <\/span><span data-preserver-spaces=\"true\">En tant que fabricant et fournisseur professionnel de bouteilles de liqueur en verre, nous <\/span><span data-preserver-spaces=\"true\">peut fournir<\/span><span data-preserver-spaces=\"true\"> a <\/span><span data-preserver-spaces=\"true\">vari\u00e9t\u00e9<\/span><span data-preserver-spaces=\"true\"> de bouteilles d'alcool pour votre entreprise, <\/span><span data-preserver-spaces=\"true\">tels que<\/span><span data-preserver-spaces=\"true\"> bouteilles de vin en verre, bouteilles de whisky, bouteilles de brandy, bouteilles de vodka, bouteilles de tequila,\u00a0 <\/span><span data-preserver-spaces=\"true\">etc.<\/span><span data-preserver-spaces=\"true\">.<\/span><\/p>\n<p><strong><span data-preserver-spaces=\"true\">Informations sur la vente en gros de bouteilles de vin en verre de 750 ml<\/span><\/strong><\/p>\n<p><strong><span data-preserver-spaces=\"true\">-QMOS : 10000 PCS (environ 30000 pcs)<\/span><\/strong><\/p>\n<p><span data-preserver-spaces=\"true\">-\u00c9chantillon gratuit offert. OEM\/ODM disponible<\/span><\/p>\n<p><span data-preserver-spaces=\"true\">-Livraison gratuite d'\u00e9chantillons sous 7 jours ; livraison de commandes en gros sous 30 jours apr\u00e8s confirmation de la commande.<\/span><\/p>\n<p><span data-preserver-spaces=\"true\">Si vous voulez obtenir<\/span><span data-preserver-spaces=\"true\"> Plus d'informations sur les bouteilles de vin en verre en gros, <\/span><span data-preserver-spaces=\"true\">veuillez nous contacter<\/span><span data-preserver-spaces=\"true\"> ici.<\/span><\/p>","protected":false},"featured_media":4387,"comment_status":"closed","ping_status":"closed","template":"","meta":[],"product_cat":[44,40],"class_list":{"0":"post-4386","1":"product","2":"type-product","3":"status-publish","4":"has-post-thumbnail","6":"product_cat-700ml-liquor-bottle-manufacturer","7":"product_cat-750ml-liquor-bottle-manufacturer","9":"first","10":"instock","11":"shipping-taxable","12":"product-type-simple"},"yoast_head":"<!-- This site is optimized with the Yoast SEO plugin v22.0 - https:\/\/yoast.com\/wordpress\/plugins\/seo\/ -->\n<title>Glass Wine Bottles Manufacturer | 750ml Glass Bottles With Screw Caps<\/title>\n<meta name=\"description\" content=\"Ruisheng glass co,ltd, a professional glass bottle manufacturer, provide glass wine bottles wholesale. Click here to get 750ml Glass Bottles With Screw Caps.\" \/>\n<meta name=\"robots\" content=\"index, follow, max-snippet:-1, max-image-preview:large, max-video-preview:-1\" \/>\n<link rel=\"canonical\" href=\"https:\/\/ruishengglassco.com\/fr\/produit\/rs005-bouteilles-de-vin-en-verre-avec-bouchons-a-vis\" \/>\n<meta property=\"og:locale\" content=\"fr_FR\" \/>\n<meta property=\"og:type\" content=\"article\" \/>\n<meta property=\"og:title\" content=\"Glass Wine Bottles Manufacturer | 750ml Glass Bottles With Screw Caps\" \/>\n<meta property=\"og:description\" content=\"Ruisheng glass co,ltd, a professional glass bottle manufacturer, provide glass wine bottles wholesale. Click here to get 750ml Glass Bottles With Screw Caps.\" \/>\n<meta property=\"og:url\" content=\"https:\/\/ruishengglassco.com\/fr\/produit\/rs005-bouteilles-de-vin-en-verre-avec-bouchons-a-vis\" \/>\n<meta property=\"article:publisher\" content=\"https:\/\/www.facebook.com\/ruishengglassbottles\" \/>\n<meta property=\"article:modified_time\" content=\"2025-07-17T07:12:03+00:00\" \/>\n<meta property=\"og:image\" content=\"https:\/\/ruishengglassco.com\/wp-content\/uploads\/2025\/03\/RS005-Glass-Wine-Bottles-Wholesale-With-Screw-Caps.webp\" \/>\n\t<meta property=\"og:image:width\" content=\"500\" \/>\n\t<meta property=\"og:image:height\" content=\"500\" \/>\n\t<meta property=\"og:image:type\" content=\"image\/webp\" \/>\n<meta name=\"twitter:card\" content=\"summary_large_image\" \/>\n<meta name=\"twitter:label1\" content=\"Dur\u00e9e de lecture estim\u00e9e\" \/>\n\t<meta name=\"twitter:data1\" content=\"2 minutes\" \/>\n<script type=\"application\/ld+json\" class=\"yoast-schema-graph\">{\"@context\":\"https:\/\/schema.org\",\"@graph\":[{\"@type\":\"WebPage\",\"@id\":\"https:\/\/ruishengglassco.com\/product\/rs005-glass-wine-bottles-wholesale-with-screw-caps\",\"url\":\"https:\/\/ruishengglassco.com\/product\/rs005-glass-wine-bottles-wholesale-with-screw-caps\",\"name\":\"Glass Wine Bottles Manufacturer | 750ml Glass Bottles With Screw Caps\",\"isPartOf\":{\"@id\":\"https:\/\/ruishengglassco.com\/#website\"},\"datePublished\":\"2025-03-15T14:33:43+00:00\",\"dateModified\":\"2025-07-17T07:12:03+00:00\",\"description\":\"Ruisheng glass co,ltd, a professional glass bottle manufacturer, provide glass wine bottles wholesale. Click here to get 750ml Glass Bottles With Screw Caps.\",\"breadcrumb\":{\"@id\":\"https:\/\/ruishengglassco.com\/product\/rs005-glass-wine-bottles-wholesale-with-screw-caps#breadcrumb\"},\"inLanguage\":\"fr-FR\",\"potentialAction\":[{\"@type\":\"ReadAction\",\"target\":[\"https:\/\/ruishengglassco.com\/product\/rs005-glass-wine-bottles-wholesale-with-screw-caps\"]}]},{\"@type\":\"BreadcrumbList\",\"@id\":\"https:\/\/ruishengglassco.com\/product\/rs005-glass-wine-bottles-wholesale-with-screw-caps#breadcrumb\",\"itemListElement\":[{\"@type\":\"ListItem\",\"position\":1,\"name\":\"Home\",\"item\":\"https:\/\/ruishengglassco.com\/\"},{\"@type\":\"ListItem\",\"position\":2,\"name\":\"Products\",\"item\":\"https:\/\/ruishengglassco.com\/products\"},{\"@type\":\"ListItem\",\"position\":3,\"name\":\"RS005 Glass Wine Bottles With Screw Caps\"}]},{\"@type\":\"WebSite\",\"@id\":\"https:\/\/ruishengglassco.com\/#website\",\"url\":\"https:\/\/ruishengglassco.com\/\",\"name\":\"Ruisheng Glass\",\"description\":\"\",\"publisher\":{\"@id\":\"https:\/\/ruishengglassco.com\/#organization\"},\"potentialAction\":[{\"@type\":\"SearchAction\",\"target\":{\"@type\":\"EntryPoint\",\"urlTemplate\":\"https:\/\/ruishengglassco.com\/?s={search_term_string}\"},\"query-input\":\"required name=search_term_string\"}],\"inLanguage\":\"fr-FR\"},{\"@type\":\"Organization\",\"@id\":\"https:\/\/ruishengglassco.com\/#organization\",\"name\":\"Shandong Yuncheng Ruisheng Glass Co., Ltd\",\"url\":\"https:\/\/ruishengglassco.com\/\",\"logo\":{\"@type\":\"ImageObject\",\"inLanguage\":\"fr-FR\",\"@id\":\"https:\/\/ruishengglassco.com\/#\/schema\/logo\/image\/\",\"url\":\"https:\/\/ruishengglassco.com\/wp-content\/uploads\/2023\/09\/ruisheng_logo_icon.webp\",\"contentUrl\":\"https:\/\/ruishengglassco.com\/wp-content\/uploads\/2023\/09\/ruisheng_logo_icon.webp\",\"width\":400,\"height\":233,\"caption\":\"Shandong Yuncheng Ruisheng Glass Co., Ltd\"},\"image\":{\"@id\":\"https:\/\/ruishengglassco.com\/#\/schema\/logo\/image\/\"},\"sameAs\":[\"https:\/\/www.facebook.com\/ruishengglassbottles\",\"https:\/\/www.instagram.com\/Ruishengglassbottlewholesales\/\",\"https:\/\/www.youtube.com\/channel\/UCMmbMNGwsL-XrtjfSFLCdVQ\"]}]}<\/script>\n<!-- \/ Yoast SEO plugin. -->","yoast_head_json":{"title":"Glass Wine Bottles Manufacturer | 750ml Glass Bottles With Screw Caps","description":"Ruisheng glass co,ltd, a professional glass bottle manufacturer, provide glass wine bottles wholesale. Click here to get 750ml Glass Bottles With Screw Caps.","robots":{"index":"index","follow":"follow","max-snippet":"max-snippet:-1","max-image-preview":"max-image-preview:large","max-video-preview":"max-video-preview:-1"},"canonical":"https:\/\/ruishengglassco.com\/fr\/produit\/rs005-bouteilles-de-vin-en-verre-avec-bouchons-a-vis","og_locale":"fr_FR","og_type":"article","og_title":"Glass Wine Bottles Manufacturer | 750ml Glass Bottles With Screw Caps","og_description":"Ruisheng glass co,ltd, a professional glass bottle manufacturer, provide glass wine bottles wholesale. Click here to get 750ml Glass Bottles With Screw Caps.","og_url":"https:\/\/ruishengglassco.com\/fr\/produit\/rs005-bouteilles-de-vin-en-verre-avec-bouchons-a-vis","article_publisher":"https:\/\/www.facebook.com\/ruishengglassbottles","article_modified_time":"2025-07-17T07:12:03+00:00","og_image":[{"width":500,"height":500,"url":"https:\/\/ruishengglassco.com\/wp-content\/uploads\/2025\/03\/RS005-Glass-Wine-Bottles-Wholesale-With-Screw-Caps.webp","type":"image\/webp"}],"twitter_card":"summary_large_image","twitter_misc":{"Dur\u00e9e de lecture estim\u00e9e":"2 minutes"},"schema":{"@context":"https:\/\/schema.org","@graph":[{"@type":"WebPage","@id":"https:\/\/ruishengglassco.com\/product\/rs005-glass-wine-bottles-wholesale-with-screw-caps","url":"https:\/\/ruishengglassco.com\/product\/rs005-glass-wine-bottles-wholesale-with-screw-caps","name":"Glass Wine Bottles Manufacturer | 750ml Glass Bottles With Screw Caps","isPartOf":{"@id":"https:\/\/ruishengglassco.com\/#website"},"datePublished":"2025-03-15T14:33:43+00:00","dateModified":"2025-07-17T07:12:03+00:00","description":"Ruisheng glass co,ltd, a professional glass bottle manufacturer, provide glass wine bottles wholesale. Click here to get 750ml Glass Bottles With Screw Caps.","breadcrumb":{"@id":"https:\/\/ruishengglassco.com\/product\/rs005-glass-wine-bottles-wholesale-with-screw-caps#breadcrumb"},"inLanguage":"fr-FR","potentialAction":[{"@type":"ReadAction","target":["https:\/\/ruishengglassco.com\/product\/rs005-glass-wine-bottles-wholesale-with-screw-caps"]}]},{"@type":"BreadcrumbList","@id":"https:\/\/ruishengglassco.com\/product\/rs005-glass-wine-bottles-wholesale-with-screw-caps#breadcrumb","itemListElement":[{"@type":"ListItem","position":1,"name":"Home","item":"https:\/\/ruishengglassco.com\/"},{"@type":"ListItem","position":2,"name":"Products","item":"https:\/\/ruishengglassco.com\/products"},{"@type":"ListItem","position":3,"name":"RS005 Glass Wine Bottles With Screw Caps"}]},{"@type":"WebSite","@id":"https:\/\/ruishengglassco.com\/#website","url":"https:\/\/ruishengglassco.com\/","name":"Ruisheng Glass","description":"","publisher":{"@id":"https:\/\/ruishengglassco.com\/#organization"},"potentialAction":[{"@type":"SearchAction","target":{"@type":"EntryPoint","urlTemplate":"https:\/\/ruishengglassco.com\/?s={search_term_string}"},"query-input":"required name=search_term_string"}],"inLanguage":"fr-FR"},{"@type":"Organization","@id":"https:\/\/ruishengglassco.com\/#organization","name":"Shandong Yuncheng Ruisheng Glass Co., Ltd","url":"https:\/\/ruishengglassco.com\/","logo":{"@type":"ImageObject","inLanguage":"fr-FR","@id":"https:\/\/ruishengglassco.com\/#\/schema\/logo\/image\/","url":"https:\/\/ruishengglassco.com\/wp-content\/uploads\/2023\/09\/ruisheng_logo_icon.webp","contentUrl":"https:\/\/ruishengglassco.com\/wp-content\/uploads\/2023\/09\/ruisheng_logo_icon.webp","width":400,"height":233,"caption":"Shandong Yuncheng Ruisheng Glass Co., Ltd"},"image":{"@id":"https:\/\/ruishengglassco.com\/#\/schema\/logo\/image\/"},"sameAs":["https:\/\/www.facebook.com\/ruishengglassbottles","https:\/\/www.instagram.com\/Ruishengglassbottlewholesales\/","https:\/\/www.youtube.com\/channel\/UCMmbMNGwsL-XrtjfSFLCdVQ"]}]}},"_links":{"self":[{"href":"https:\/\/ruishengglassco.com\/fr\/wp-json\/wp\/v2\/product\/4386","targetHints":{"allow":["GET"]}}],"collection":[{"href":"https:\/\/ruishengglassco.com\/fr\/wp-json\/wp\/v2\/product"}],"about":[{"href":"https:\/\/ruishengglassco.com\/fr\/wp-json\/wp\/v2\/types\/product"}],"replies":[{"embeddable":true,"href":"https:\/\/ruishengglassco.com\/fr\/wp-json\/wp\/v2\/comments?post=4386"}],"wp:featuredmedia":[{"embeddable":true,"href":"https:\/\/ruishengglassco.com\/fr\/wp-json\/wp\/v2\/media\/4387"}],"wp:attachment":[{"href":"https:\/\/ruishengglassco.com\/fr\/wp-json\/wp\/v2\/media?parent=4386"}],"wp:term":[{"taxonomy":"product_cat","embeddable":true,"href":"https:\/\/ruishengglassco.com\/fr\/wp-json\/wp\/v2\/product_cat?post=4386"}],"curies":[{"name":"wp","href":"https:\/\/api.w.org\/{rel}","templated":true}]}}