{"id":4384,"date":"2025-03-15T22:32:01","date_gmt":"2025-03-15T14:32:01","guid":{"rendered":"https:\/\/ruishengglassco.com\/?post_type=product&#038;p=4384"},"modified":"2025-07-17T15:10:17","modified_gmt":"2025-07-17T07:10:17","slug":"rs006-bouteilles-de-vin-en-vrac-700ml-750ml","status":"publish","type":"product","link":"https:\/\/ruishengglassco.com\/fr\/produit\/rs006-bouteilles-de-vin-en-vrac-700ml-750ml","title":{"rendered":"RS006 Bouteilles de vin en vrac 700ml\/750ml"},"content":{"rendered":"<h2>D\u00e9tails sur les bouteilles de vin de 75cl en gros<\/h2>\n<p>En ce qui concerne cette s\u00e9rie de bouteilles de vin en vrac \u00e0 vendre, nous proposons deux options de couleur : les bouteilles de vin brunes et les bouteilles de vin vertes. Ces deux couleurs permettent d'\u00e9viter l'oxydation du vin et d'en garantir le go\u00fbt. Les bouchons en bois sont offerts. Si vous souhaitez obtenir un autre bouchon de bouteille en verre, vous pouvez en faire part \u00e0 notre vendeur.<\/p>\n<p>Cette bouteille de vin en verre de 75 cl appartient \u00e0 la forme classique de la bouteille bordelaise, qui est tr\u00e8s r\u00e9pandue dans notre vie quotidienne et appr\u00e9ci\u00e9e dans le monde entier. Cette bouteille, avec un long col et des \u00e9paules prononc\u00e9es, est la forme de bouteille de vin la plus utilis\u00e9e aujourd'hui. Nos bouteilles de vin vides sont fabriqu\u00e9es en verre super silex, ce qui rend nos bouteilles de vin en vrac claires, belles et respectueuses de l'environnement.<\/p>\n<ul>\n<li>Objet : Bouteilles de vin de 75cl en vrac avec bouchon \u00e0 vis<\/li>\n<li>Fabricant : Bouteille en verre Ruisheng<\/li>\n<li>Num\u00e9ro : RS-006<\/li>\n<li>Capacit\u00e9 : 50ml, 200ml, 300ml, 700ml, 750ml, 1000ml, 2L et service de bouteilles de vin personnalis\u00e9es.<\/li>\n<li>Type de fermeture : Couvercle \u00e0 vis<\/li>\n<li>Mat\u00e9riau : Mat\u00e9riau en verre super silex, mat\u00e9riau en verre blanc cristallin, mat\u00e9riau en verre blanc co\u00fbteux<\/li>\n<li>Utilisation : Bouteille de vin en verre<\/li>\n<li>Surface : Gel, d\u00e9calque, peinture, marquage \u00e0 chaud, gaufrage, impression, dor\u00e9, s\u00e9rigraphie<\/li>\n<li>Logo : Acceptable Logo du client<\/li>\n<li>\u00c9chantillon :\n<ul>\n<li>Fabrication de moules<\/li>\n<li>Lib\u00e9r\u00e9 par le moule existant<\/li>\n<li>Sous forme de mots ou de dessins<\/li>\n<\/ul>\n<\/li>\n<li>Emballage : Carton d'exportation standard ; ou emballage sur palette ; emballage en bo\u00eete FGC<\/li>\n<li>D\u00e9lai de livraison : 20-30 jours apr\u00e8s confirmation de la commande<\/li>\n<\/ul>\n<p>Si vous souhaitez obtenir le prix d'une bouteille de vin en vrac, veuillez cliquer ici pour nous contacter.<\/p>","protected":false},"excerpt":{"rendered":"<p data-block-id=\"dcc0282b-1669-45b3-9e92-949d45ba2326\" data-pm-slice=\"1 1 []\">Vous souhaitez obtenir le prix d'une bouteille de vin en vrac ? Ruisheng Glass sera votre premier choix.<\/p>\n<p data-block-id=\"ea1b2683-209c-4993-bd61-1526ac469e7b\">Ruisheng, l'un des principaux fabricants de bouteilles en verre en Chine, est impliqu\u00e9 dans la fabrication de bouteilles de vin depuis plus de 10 ans. Nous sommes un fabricant professionnel de bouteilles de vin. Nous proposons des services de conception et de fabrication aux \u00e9tablissements vinicoles, aux soci\u00e9t\u00e9s viticoles et aux grossistes en bouteilles de verre.<\/p>\n<p data-block-id=\"bcff84a8-34c6-4ca2-b513-6b49ddb11711\"><strong>-QMOS : 10000 PCS (environ 30000 pcs)<\/strong><\/p>\n<p data-block-id=\"33a48cb7-3a5d-40f7-beb3-5404d4cf734c\">-\u00c9chantillon gratuit offert. OEM\/ODM disponible<\/p>\n<p data-block-id=\"fb563f6a-8231-4114-992e-57b2f26706c1\">-Livraison gratuite d'\u00e9chantillons sous 7 jours ; livraison de commandes en gros sous 30 jours apr\u00e8s confirmation de la commande.<\/p>","protected":false},"featured_media":4385,"comment_status":"closed","ping_status":"closed","template":"","meta":[],"product_cat":[44,40],"class_list":{"0":"post-4384","1":"product","2":"type-product","3":"status-publish","4":"has-post-thumbnail","6":"product_cat-700ml-liquor-bottle-manufacturer","7":"product_cat-750ml-liquor-bottle-manufacturer","9":"first","10":"instock","11":"shipping-taxable","12":"product-type-simple"},"yoast_head":"<!-- This site is optimized with the Yoast SEO plugin v22.0 - https:\/\/yoast.com\/wordpress\/plugins\/seo\/ -->\n<title>Bulk Wine Bottle Price | 75cl Glass Bottle Manufacturer China<\/title>\n<meta name=\"description\" content=\"Find Bulk Wine Bottle Price At Ruisheng Glass co. ltd. Top 75cl Glass Bottle Manufacturer China, provide Quality assurance glass bottle.\" \/>\n<meta name=\"robots\" content=\"index, follow, max-snippet:-1, max-image-preview:large, max-video-preview:-1\" \/>\n<link rel=\"canonical\" href=\"https:\/\/ruishengglassco.com\/fr\/produit\/rs006-bouteilles-de-vin-en-vrac-700ml-750ml\" \/>\n<meta property=\"og:locale\" content=\"fr_FR\" \/>\n<meta property=\"og:type\" content=\"article\" \/>\n<meta property=\"og:title\" content=\"Bulk Wine Bottle Price | 75cl Glass Bottle Manufacturer China\" \/>\n<meta property=\"og:description\" content=\"Find Bulk Wine Bottle Price At Ruisheng Glass co. ltd. Top 75cl Glass Bottle Manufacturer China, provide Quality assurance glass bottle.\" \/>\n<meta property=\"og:url\" content=\"https:\/\/ruishengglassco.com\/fr\/produit\/rs006-bouteilles-de-vin-en-vrac-700ml-750ml\" \/>\n<meta property=\"article:publisher\" content=\"https:\/\/www.facebook.com\/ruishengglassbottles\" \/>\n<meta property=\"article:modified_time\" content=\"2025-07-17T07:10:17+00:00\" \/>\n<meta property=\"og:image\" content=\"https:\/\/ruishengglassco.com\/wp-content\/uploads\/2025\/03\/RS006-Bulk-Wine-Bottles-700ml-750ml.webp\" \/>\n\t<meta property=\"og:image:width\" content=\"500\" \/>\n\t<meta property=\"og:image:height\" content=\"500\" \/>\n\t<meta property=\"og:image:type\" content=\"image\/webp\" \/>\n<meta name=\"twitter:card\" content=\"summary_large_image\" \/>\n<meta name=\"twitter:label1\" content=\"Dur\u00e9e de lecture estim\u00e9e\" \/>\n\t<meta name=\"twitter:data1\" content=\"2 minutes\" \/>\n<script type=\"application\/ld+json\" class=\"yoast-schema-graph\">{\"@context\":\"https:\/\/schema.org\",\"@graph\":[{\"@type\":\"WebPage\",\"@id\":\"https:\/\/ruishengglassco.com\/product\/rs006-bulk-wine-bottles-700ml-750ml\",\"url\":\"https:\/\/ruishengglassco.com\/product\/rs006-bulk-wine-bottles-700ml-750ml\",\"name\":\"Bulk Wine Bottle Price | 75cl Glass Bottle Manufacturer China\",\"isPartOf\":{\"@id\":\"https:\/\/ruishengglassco.com\/#website\"},\"datePublished\":\"2025-03-15T14:32:01+00:00\",\"dateModified\":\"2025-07-17T07:10:17+00:00\",\"description\":\"Find Bulk Wine Bottle Price At Ruisheng Glass co. ltd. Top 75cl Glass Bottle Manufacturer China, provide Quality assurance glass bottle.\",\"breadcrumb\":{\"@id\":\"https:\/\/ruishengglassco.com\/product\/rs006-bulk-wine-bottles-700ml-750ml#breadcrumb\"},\"inLanguage\":\"fr-FR\",\"potentialAction\":[{\"@type\":\"ReadAction\",\"target\":[\"https:\/\/ruishengglassco.com\/product\/rs006-bulk-wine-bottles-700ml-750ml\"]}]},{\"@type\":\"BreadcrumbList\",\"@id\":\"https:\/\/ruishengglassco.com\/product\/rs006-bulk-wine-bottles-700ml-750ml#breadcrumb\",\"itemListElement\":[{\"@type\":\"ListItem\",\"position\":1,\"name\":\"Home\",\"item\":\"https:\/\/ruishengglassco.com\/\"},{\"@type\":\"ListItem\",\"position\":2,\"name\":\"Products\",\"item\":\"https:\/\/ruishengglassco.com\/products\"},{\"@type\":\"ListItem\",\"position\":3,\"name\":\"RS006 Bulk Wine Bottles 700ml\/750ml\"}]},{\"@type\":\"WebSite\",\"@id\":\"https:\/\/ruishengglassco.com\/#website\",\"url\":\"https:\/\/ruishengglassco.com\/\",\"name\":\"Ruisheng Glass\",\"description\":\"\",\"publisher\":{\"@id\":\"https:\/\/ruishengglassco.com\/#organization\"},\"potentialAction\":[{\"@type\":\"SearchAction\",\"target\":{\"@type\":\"EntryPoint\",\"urlTemplate\":\"https:\/\/ruishengglassco.com\/?s={search_term_string}\"},\"query-input\":\"required name=search_term_string\"}],\"inLanguage\":\"fr-FR\"},{\"@type\":\"Organization\",\"@id\":\"https:\/\/ruishengglassco.com\/#organization\",\"name\":\"Shandong Yuncheng Ruisheng Glass Co., Ltd\",\"url\":\"https:\/\/ruishengglassco.com\/\",\"logo\":{\"@type\":\"ImageObject\",\"inLanguage\":\"fr-FR\",\"@id\":\"https:\/\/ruishengglassco.com\/#\/schema\/logo\/image\/\",\"url\":\"https:\/\/ruishengglassco.com\/wp-content\/uploads\/2023\/09\/ruisheng_logo_icon.webp\",\"contentUrl\":\"https:\/\/ruishengglassco.com\/wp-content\/uploads\/2023\/09\/ruisheng_logo_icon.webp\",\"width\":400,\"height\":233,\"caption\":\"Shandong Yuncheng Ruisheng Glass Co., Ltd\"},\"image\":{\"@id\":\"https:\/\/ruishengglassco.com\/#\/schema\/logo\/image\/\"},\"sameAs\":[\"https:\/\/www.facebook.com\/ruishengglassbottles\",\"https:\/\/www.instagram.com\/Ruishengglassbottlewholesales\/\",\"https:\/\/www.youtube.com\/channel\/UCMmbMNGwsL-XrtjfSFLCdVQ\"]}]}<\/script>\n<!-- \/ Yoast SEO plugin. -->","yoast_head_json":{"title":"Bulk Wine Bottle Price | 75cl Glass Bottle Manufacturer China","description":"Find Bulk Wine Bottle Price At Ruisheng Glass co. ltd. Top 75cl Glass Bottle Manufacturer China, provide Quality assurance glass bottle.","robots":{"index":"index","follow":"follow","max-snippet":"max-snippet:-1","max-image-preview":"max-image-preview:large","max-video-preview":"max-video-preview:-1"},"canonical":"https:\/\/ruishengglassco.com\/fr\/produit\/rs006-bouteilles-de-vin-en-vrac-700ml-750ml","og_locale":"fr_FR","og_type":"article","og_title":"Bulk Wine Bottle Price | 75cl Glass Bottle Manufacturer China","og_description":"Find Bulk Wine Bottle Price At Ruisheng Glass co. ltd. Top 75cl Glass Bottle Manufacturer China, provide Quality assurance glass bottle.","og_url":"https:\/\/ruishengglassco.com\/fr\/produit\/rs006-bouteilles-de-vin-en-vrac-700ml-750ml","article_publisher":"https:\/\/www.facebook.com\/ruishengglassbottles","article_modified_time":"2025-07-17T07:10:17+00:00","og_image":[{"width":500,"height":500,"url":"https:\/\/ruishengglassco.com\/wp-content\/uploads\/2025\/03\/RS006-Bulk-Wine-Bottles-700ml-750ml.webp","type":"image\/webp"}],"twitter_card":"summary_large_image","twitter_misc":{"Dur\u00e9e de lecture estim\u00e9e":"2 minutes"},"schema":{"@context":"https:\/\/schema.org","@graph":[{"@type":"WebPage","@id":"https:\/\/ruishengglassco.com\/product\/rs006-bulk-wine-bottles-700ml-750ml","url":"https:\/\/ruishengglassco.com\/product\/rs006-bulk-wine-bottles-700ml-750ml","name":"Bulk Wine Bottle Price | 75cl Glass Bottle Manufacturer China","isPartOf":{"@id":"https:\/\/ruishengglassco.com\/#website"},"datePublished":"2025-03-15T14:32:01+00:00","dateModified":"2025-07-17T07:10:17+00:00","description":"Find Bulk Wine Bottle Price At Ruisheng Glass co. ltd. Top 75cl Glass Bottle Manufacturer China, provide Quality assurance glass bottle.","breadcrumb":{"@id":"https:\/\/ruishengglassco.com\/product\/rs006-bulk-wine-bottles-700ml-750ml#breadcrumb"},"inLanguage":"fr-FR","potentialAction":[{"@type":"ReadAction","target":["https:\/\/ruishengglassco.com\/product\/rs006-bulk-wine-bottles-700ml-750ml"]}]},{"@type":"BreadcrumbList","@id":"https:\/\/ruishengglassco.com\/product\/rs006-bulk-wine-bottles-700ml-750ml#breadcrumb","itemListElement":[{"@type":"ListItem","position":1,"name":"Home","item":"https:\/\/ruishengglassco.com\/"},{"@type":"ListItem","position":2,"name":"Products","item":"https:\/\/ruishengglassco.com\/products"},{"@type":"ListItem","position":3,"name":"RS006 Bulk Wine Bottles 700ml\/750ml"}]},{"@type":"WebSite","@id":"https:\/\/ruishengglassco.com\/#website","url":"https:\/\/ruishengglassco.com\/","name":"Ruisheng Glass","description":"","publisher":{"@id":"https:\/\/ruishengglassco.com\/#organization"},"potentialAction":[{"@type":"SearchAction","target":{"@type":"EntryPoint","urlTemplate":"https:\/\/ruishengglassco.com\/?s={search_term_string}"},"query-input":"required name=search_term_string"}],"inLanguage":"fr-FR"},{"@type":"Organization","@id":"https:\/\/ruishengglassco.com\/#organization","name":"Shandong Yuncheng Ruisheng Glass Co., Ltd","url":"https:\/\/ruishengglassco.com\/","logo":{"@type":"ImageObject","inLanguage":"fr-FR","@id":"https:\/\/ruishengglassco.com\/#\/schema\/logo\/image\/","url":"https:\/\/ruishengglassco.com\/wp-content\/uploads\/2023\/09\/ruisheng_logo_icon.webp","contentUrl":"https:\/\/ruishengglassco.com\/wp-content\/uploads\/2023\/09\/ruisheng_logo_icon.webp","width":400,"height":233,"caption":"Shandong Yuncheng Ruisheng Glass Co., Ltd"},"image":{"@id":"https:\/\/ruishengglassco.com\/#\/schema\/logo\/image\/"},"sameAs":["https:\/\/www.facebook.com\/ruishengglassbottles","https:\/\/www.instagram.com\/Ruishengglassbottlewholesales\/","https:\/\/www.youtube.com\/channel\/UCMmbMNGwsL-XrtjfSFLCdVQ"]}]}},"_links":{"self":[{"href":"https:\/\/ruishengglassco.com\/fr\/wp-json\/wp\/v2\/product\/4384","targetHints":{"allow":["GET"]}}],"collection":[{"href":"https:\/\/ruishengglassco.com\/fr\/wp-json\/wp\/v2\/product"}],"about":[{"href":"https:\/\/ruishengglassco.com\/fr\/wp-json\/wp\/v2\/types\/product"}],"replies":[{"embeddable":true,"href":"https:\/\/ruishengglassco.com\/fr\/wp-json\/wp\/v2\/comments?post=4384"}],"wp:featuredmedia":[{"embeddable":true,"href":"https:\/\/ruishengglassco.com\/fr\/wp-json\/wp\/v2\/media\/4385"}],"wp:attachment":[{"href":"https:\/\/ruishengglassco.com\/fr\/wp-json\/wp\/v2\/media?parent=4384"}],"wp:term":[{"taxonomy":"product_cat","embeddable":true,"href":"https:\/\/ruishengglassco.com\/fr\/wp-json\/wp\/v2\/product_cat?post=4384"}],"curies":[{"name":"wp","href":"https:\/\/api.w.org\/{rel}","templated":true}]}}