{"id":4382,"date":"2025-03-15T22:29:44","date_gmt":"2025-03-15T14:29:44","guid":{"rendered":"https:\/\/ruishengglassco.com\/?post_type=product&#038;p=4382"},"modified":"2025-07-17T15:09:29","modified_gmt":"2025-07-17T07:09:29","slug":"rs007-750ml-bouteille-de-vin-bourgogne-fournisseur-de-bouteilles-de-vin","status":"publish","type":"product","link":"https:\/\/ruishengglassco.com\/fr\/produit\/rs007-750ml-bouteille-de-vin-bourgogne-fournisseur-de-bouteilles-de-vin","title":{"rendered":"RS007 : 750ml Bourgogne Bouteille Bouteille de vin Fournisseur"},"content":{"rendered":"<h2>Informations d\u00e9taill\u00e9es sur les bouteilles de vin vides de 750 ml (vente en gros)<\/h2>\n<p><span data-preserver-spaces=\"true\">Cette s\u00e9rie de bouteilles de bourgogne de 750 ml <\/span><span data-preserver-spaces=\"true\">a<\/span><span data-preserver-spaces=\"true\"> un long cou et des \u00e9paules inclin\u00e9es caract\u00e9ristiques, <\/span><span data-preserver-spaces=\"true\">qui rend<\/span><span data-preserver-spaces=\"true\"> il est tr\u00e8s facile \u00e0 produire pour les verriers.<\/span><span data-preserver-spaces=\"true\"> Le volume standard de cette bouteille est de 750 ml, ce qui correspond au volume expiratoire moyen des poumons humains.<\/span><\/p>\n<p><span data-preserver-spaces=\"true\">Nos bouteilles de vin vides de 750ml <\/span><span data-preserver-spaces=\"true\">commerce de gros<\/span> <span data-preserver-spaces=\"true\">sont r\u00e9alis\u00e9s<\/span><span data-preserver-spaces=\"true\"> de sans plomb <\/span><span data-preserver-spaces=\"true\">super silex<\/span><span data-preserver-spaces=\"true\"> ce qui rend nos bouteilles en verre claires, belles et respectueuses de l'environnement.<\/span><span data-preserver-spaces=\"true\"> En tant que fabricant et fournisseur professionnel de bouteilles de vin, nous fournissons des services de bouteilles en verre OEM\/ODM\/personnalis\u00e9es \u00e0 nos clients.<\/span><\/p>\n<ul>\n<li><span data-preserver-spaces=\"true\">Article : Bouteille de vin de Bourgogne 750ml<\/span><\/li>\n<li><span data-preserver-spaces=\"true\">Fabricant : Bouteille en verre Ruisheng<\/span><\/li>\n<li><span data-preserver-spaces=\"true\">Num\u00e9ro : RS007<\/span><\/li>\n<li><span data-preserver-spaces=\"true\">Capacit\u00e9 : 500ml, 700ml, 750ml, 1000ml, 2L ou service personnalis\u00e9<\/span><\/li>\n<li><span data-preserver-spaces=\"true\">Mat\u00e9riau : Mat\u00e9riau en verre super silex, mat\u00e9riau en verre blanc cristallin, mat\u00e9riau en verre blanc co\u00fbteux<\/span><\/li>\n<li><span data-preserver-spaces=\"true\">Utilisation : Bouteille de vin en verre<\/span><\/li>\n<li><span data-preserver-spaces=\"true\">Surface : Gel, d\u00e9calque, peinture, marquage \u00e0 chaud, gaufrage, impression, dor\u00e9, s\u00e9rigraphie<\/span><\/li>\n<li><span data-preserver-spaces=\"true\">Logo : Acceptable Logo du client<\/span><\/li>\n<li><span data-preserver-spaces=\"true\">\u00c9chantillon :<\/span>\n<ul>\n<li><span data-preserver-spaces=\"true\">Fabrication de moules<\/span><\/li>\n<li><span data-preserver-spaces=\"true\">Exempt de moisissures existantes<\/span><\/li>\n<li><span data-preserver-spaces=\"true\">Sous forme de mots ou de dessins<\/span><\/li>\n<\/ul>\n<\/li>\n<li><span data-preserver-spaces=\"true\">Emballage : Carton d'exportation standard, ou emballage sur palette, emballage en bo\u00eete FGC<\/span><\/li>\n<li><span data-preserver-spaces=\"true\">D\u00e9lai de livraison : 20-30 jours apr\u00e8s confirmation de la commande<\/span><\/li>\n<\/ul>","protected":false},"excerpt":{"rendered":"<p><span data-preserver-spaces=\"true\">Ruisheng est un fabricant de bouteilles de vin de premier plan. Il propose des bouteilles de vin vides de haute qualit\u00e9 \u00e0 des prix de gros. Elle compte parmi ses clients des domaines viticoles, des soci\u00e9t\u00e9s vinicoles, des entreprises d'emballage de boissons, des grossistes en bouteilles de verre, etc.<\/span><\/p>\n<p><span data-preserver-spaces=\"true\">La bouteille de vin pr\u00e9sent\u00e9e sur la photo est une bouteille de Bourgogne, qui est l'une des bouteilles en verre classiques pour le vin rouge. Elle est le plus souvent utilis\u00e9e pour le Chardonnay, le Sauvignon Blanc et le Pinot Noir.  Voici quelques informations sur la commande de bouteilles de vin vides en gros :<\/span><\/p>\n<p><strong><span data-preserver-spaces=\"true\">-QMOS : 10000 PCS (environ 10000-20000pcs)<\/span><\/strong><\/p>\n<p><span data-preserver-spaces=\"true\">-Service sur mesure avec offre d'\u00e9chantillons gratuits<\/span><\/p>\n<p><span data-preserver-spaces=\"true\">-Exp\u00e9dition mondiale+Livraison sous 30 jours<\/span><\/p>\n<p><span data-preserver-spaces=\"true\">Si vous <\/span><span data-preserver-spaces=\"true\">veulent commencer<\/span><span data-preserver-spaces=\"true\"> votre entreprise <\/span><span data-preserver-spaces=\"true\">pour<\/span><span data-preserver-spaces=\"true\"> Bouteilles de vin vides de 750ml en gros, veuillez nous contacter maintenant.<\/span><\/p>","protected":false},"featured_media":4383,"comment_status":"closed","ping_status":"closed","template":"","meta":[],"product_cat":[40],"class_list":{"0":"post-4382","1":"product","2":"type-product","3":"status-publish","4":"has-post-thumbnail","6":"product_cat-750ml-liquor-bottle-manufacturer","8":"first","9":"instock","10":"shipping-taxable","11":"product-type-simple"},"yoast_head":"<!-- This site is optimized with the Yoast SEO plugin v22.0 - https:\/\/yoast.com\/wordpress\/plugins\/seo\/ -->\n<title>Empty Wine Bottles Wholesale | Burgundy Bottle Supplier China<\/title>\n<meta name=\"description\" content=\"Ruisheng, one of the leading Burgundy Bottle manufacturers and suppliers in China, provide empty wine bottles wholesale at cheap price.\" \/>\n<meta name=\"robots\" content=\"index, follow, max-snippet:-1, max-image-preview:large, max-video-preview:-1\" \/>\n<link rel=\"canonical\" href=\"https:\/\/ruishengglassco.com\/fr\/produit\/rs007-750ml-bouteille-de-vin-bourgogne-fournisseur-de-bouteilles-de-vin\" \/>\n<meta property=\"og:locale\" content=\"fr_FR\" \/>\n<meta property=\"og:type\" content=\"article\" \/>\n<meta property=\"og:title\" content=\"Empty Wine Bottles Wholesale | Burgundy Bottle Supplier China\" \/>\n<meta property=\"og:description\" content=\"Ruisheng, one of the leading Burgundy Bottle manufacturers and suppliers in China, provide empty wine bottles wholesale at cheap price.\" \/>\n<meta property=\"og:url\" content=\"https:\/\/ruishengglassco.com\/fr\/produit\/rs007-750ml-bouteille-de-vin-bourgogne-fournisseur-de-bouteilles-de-vin\" \/>\n<meta property=\"article:publisher\" content=\"https:\/\/www.facebook.com\/ruishengglassbottles\" \/>\n<meta property=\"article:modified_time\" content=\"2025-07-17T07:09:29+00:00\" \/>\n<meta property=\"og:image\" content=\"https:\/\/ruishengglassco.com\/wp-content\/uploads\/2025\/03\/RS007-750ml-Burgundy-Bottle-Wine-Bottle-Supplier.webp\" \/>\n\t<meta property=\"og:image:width\" content=\"400\" \/>\n\t<meta property=\"og:image:height\" content=\"400\" \/>\n\t<meta property=\"og:image:type\" content=\"image\/webp\" \/>\n<meta name=\"twitter:card\" content=\"summary_large_image\" \/>\n<meta name=\"twitter:label1\" content=\"Dur\u00e9e de lecture estim\u00e9e\" \/>\n\t<meta name=\"twitter:data1\" content=\"1 minute\" \/>\n<script type=\"application\/ld+json\" class=\"yoast-schema-graph\">{\"@context\":\"https:\/\/schema.org\",\"@graph\":[{\"@type\":\"WebPage\",\"@id\":\"https:\/\/ruishengglassco.com\/product\/rs007-750ml-burgundy-bottle-wine-bottle-supplier\",\"url\":\"https:\/\/ruishengglassco.com\/product\/rs007-750ml-burgundy-bottle-wine-bottle-supplier\",\"name\":\"Empty Wine Bottles Wholesale | Burgundy Bottle Supplier China\",\"isPartOf\":{\"@id\":\"https:\/\/ruishengglassco.com\/#website\"},\"datePublished\":\"2025-03-15T14:29:44+00:00\",\"dateModified\":\"2025-07-17T07:09:29+00:00\",\"description\":\"Ruisheng, one of the leading Burgundy Bottle manufacturers and suppliers in China, provide empty wine bottles wholesale at cheap price.\",\"breadcrumb\":{\"@id\":\"https:\/\/ruishengglassco.com\/product\/rs007-750ml-burgundy-bottle-wine-bottle-supplier#breadcrumb\"},\"inLanguage\":\"fr-FR\",\"potentialAction\":[{\"@type\":\"ReadAction\",\"target\":[\"https:\/\/ruishengglassco.com\/product\/rs007-750ml-burgundy-bottle-wine-bottle-supplier\"]}]},{\"@type\":\"BreadcrumbList\",\"@id\":\"https:\/\/ruishengglassco.com\/product\/rs007-750ml-burgundy-bottle-wine-bottle-supplier#breadcrumb\",\"itemListElement\":[{\"@type\":\"ListItem\",\"position\":1,\"name\":\"Home\",\"item\":\"https:\/\/ruishengglassco.com\/\"},{\"@type\":\"ListItem\",\"position\":2,\"name\":\"Products\",\"item\":\"https:\/\/ruishengglassco.com\/products\"},{\"@type\":\"ListItem\",\"position\":3,\"name\":\"RS007: 750ml Burgundy Bottle Wine Bottle Supplier\"}]},{\"@type\":\"WebSite\",\"@id\":\"https:\/\/ruishengglassco.com\/#website\",\"url\":\"https:\/\/ruishengglassco.com\/\",\"name\":\"Ruisheng Glass\",\"description\":\"\",\"publisher\":{\"@id\":\"https:\/\/ruishengglassco.com\/#organization\"},\"potentialAction\":[{\"@type\":\"SearchAction\",\"target\":{\"@type\":\"EntryPoint\",\"urlTemplate\":\"https:\/\/ruishengglassco.com\/?s={search_term_string}\"},\"query-input\":\"required name=search_term_string\"}],\"inLanguage\":\"fr-FR\"},{\"@type\":\"Organization\",\"@id\":\"https:\/\/ruishengglassco.com\/#organization\",\"name\":\"Shandong Yuncheng Ruisheng Glass Co., Ltd\",\"url\":\"https:\/\/ruishengglassco.com\/\",\"logo\":{\"@type\":\"ImageObject\",\"inLanguage\":\"fr-FR\",\"@id\":\"https:\/\/ruishengglassco.com\/#\/schema\/logo\/image\/\",\"url\":\"https:\/\/ruishengglassco.com\/wp-content\/uploads\/2023\/09\/ruisheng_logo_icon.webp\",\"contentUrl\":\"https:\/\/ruishengglassco.com\/wp-content\/uploads\/2023\/09\/ruisheng_logo_icon.webp\",\"width\":400,\"height\":233,\"caption\":\"Shandong Yuncheng Ruisheng Glass Co., Ltd\"},\"image\":{\"@id\":\"https:\/\/ruishengglassco.com\/#\/schema\/logo\/image\/\"},\"sameAs\":[\"https:\/\/www.facebook.com\/ruishengglassbottles\",\"https:\/\/www.instagram.com\/Ruishengglassbottlewholesales\/\",\"https:\/\/www.youtube.com\/channel\/UCMmbMNGwsL-XrtjfSFLCdVQ\"]}]}<\/script>\n<!-- \/ Yoast SEO plugin. -->","yoast_head_json":{"title":"Empty Wine Bottles Wholesale | Burgundy Bottle Supplier China","description":"Ruisheng, one of the leading Burgundy Bottle manufacturers and suppliers in China, provide empty wine bottles wholesale at cheap price.","robots":{"index":"index","follow":"follow","max-snippet":"max-snippet:-1","max-image-preview":"max-image-preview:large","max-video-preview":"max-video-preview:-1"},"canonical":"https:\/\/ruishengglassco.com\/fr\/produit\/rs007-750ml-bouteille-de-vin-bourgogne-fournisseur-de-bouteilles-de-vin","og_locale":"fr_FR","og_type":"article","og_title":"Empty Wine Bottles Wholesale | Burgundy Bottle Supplier China","og_description":"Ruisheng, one of the leading Burgundy Bottle manufacturers and suppliers in China, provide empty wine bottles wholesale at cheap price.","og_url":"https:\/\/ruishengglassco.com\/fr\/produit\/rs007-750ml-bouteille-de-vin-bourgogne-fournisseur-de-bouteilles-de-vin","article_publisher":"https:\/\/www.facebook.com\/ruishengglassbottles","article_modified_time":"2025-07-17T07:09:29+00:00","og_image":[{"width":400,"height":400,"url":"https:\/\/ruishengglassco.com\/wp-content\/uploads\/2025\/03\/RS007-750ml-Burgundy-Bottle-Wine-Bottle-Supplier.webp","type":"image\/webp"}],"twitter_card":"summary_large_image","twitter_misc":{"Dur\u00e9e de lecture estim\u00e9e":"1 minute"},"schema":{"@context":"https:\/\/schema.org","@graph":[{"@type":"WebPage","@id":"https:\/\/ruishengglassco.com\/product\/rs007-750ml-burgundy-bottle-wine-bottle-supplier","url":"https:\/\/ruishengglassco.com\/product\/rs007-750ml-burgundy-bottle-wine-bottle-supplier","name":"Empty Wine Bottles Wholesale | Burgundy Bottle Supplier China","isPartOf":{"@id":"https:\/\/ruishengglassco.com\/#website"},"datePublished":"2025-03-15T14:29:44+00:00","dateModified":"2025-07-17T07:09:29+00:00","description":"Ruisheng, one of the leading Burgundy Bottle manufacturers and suppliers in China, provide empty wine bottles wholesale at cheap price.","breadcrumb":{"@id":"https:\/\/ruishengglassco.com\/product\/rs007-750ml-burgundy-bottle-wine-bottle-supplier#breadcrumb"},"inLanguage":"fr-FR","potentialAction":[{"@type":"ReadAction","target":["https:\/\/ruishengglassco.com\/product\/rs007-750ml-burgundy-bottle-wine-bottle-supplier"]}]},{"@type":"BreadcrumbList","@id":"https:\/\/ruishengglassco.com\/product\/rs007-750ml-burgundy-bottle-wine-bottle-supplier#breadcrumb","itemListElement":[{"@type":"ListItem","position":1,"name":"Home","item":"https:\/\/ruishengglassco.com\/"},{"@type":"ListItem","position":2,"name":"Products","item":"https:\/\/ruishengglassco.com\/products"},{"@type":"ListItem","position":3,"name":"RS007: 750ml Burgundy Bottle Wine Bottle Supplier"}]},{"@type":"WebSite","@id":"https:\/\/ruishengglassco.com\/#website","url":"https:\/\/ruishengglassco.com\/","name":"Ruisheng Glass","description":"","publisher":{"@id":"https:\/\/ruishengglassco.com\/#organization"},"potentialAction":[{"@type":"SearchAction","target":{"@type":"EntryPoint","urlTemplate":"https:\/\/ruishengglassco.com\/?s={search_term_string}"},"query-input":"required name=search_term_string"}],"inLanguage":"fr-FR"},{"@type":"Organization","@id":"https:\/\/ruishengglassco.com\/#organization","name":"Shandong Yuncheng Ruisheng Glass Co., Ltd","url":"https:\/\/ruishengglassco.com\/","logo":{"@type":"ImageObject","inLanguage":"fr-FR","@id":"https:\/\/ruishengglassco.com\/#\/schema\/logo\/image\/","url":"https:\/\/ruishengglassco.com\/wp-content\/uploads\/2023\/09\/ruisheng_logo_icon.webp","contentUrl":"https:\/\/ruishengglassco.com\/wp-content\/uploads\/2023\/09\/ruisheng_logo_icon.webp","width":400,"height":233,"caption":"Shandong Yuncheng Ruisheng Glass Co., Ltd"},"image":{"@id":"https:\/\/ruishengglassco.com\/#\/schema\/logo\/image\/"},"sameAs":["https:\/\/www.facebook.com\/ruishengglassbottles","https:\/\/www.instagram.com\/Ruishengglassbottlewholesales\/","https:\/\/www.youtube.com\/channel\/UCMmbMNGwsL-XrtjfSFLCdVQ"]}]}},"_links":{"self":[{"href":"https:\/\/ruishengglassco.com\/fr\/wp-json\/wp\/v2\/product\/4382","targetHints":{"allow":["GET"]}}],"collection":[{"href":"https:\/\/ruishengglassco.com\/fr\/wp-json\/wp\/v2\/product"}],"about":[{"href":"https:\/\/ruishengglassco.com\/fr\/wp-json\/wp\/v2\/types\/product"}],"replies":[{"embeddable":true,"href":"https:\/\/ruishengglassco.com\/fr\/wp-json\/wp\/v2\/comments?post=4382"}],"wp:featuredmedia":[{"embeddable":true,"href":"https:\/\/ruishengglassco.com\/fr\/wp-json\/wp\/v2\/media\/4383"}],"wp:attachment":[{"href":"https:\/\/ruishengglassco.com\/fr\/wp-json\/wp\/v2\/media?parent=4382"}],"wp:term":[{"taxonomy":"product_cat","embeddable":true,"href":"https:\/\/ruishengglassco.com\/fr\/wp-json\/wp\/v2\/product_cat?post=4382"}],"curies":[{"name":"wp","href":"https:\/\/api.w.org\/{rel}","templated":true}]}}