{"id":4380,"date":"2025-03-15T22:28:13","date_gmt":"2025-03-15T14:28:13","guid":{"rendered":"https:\/\/ruishengglassco.com\/?post_type=product&#038;p=4380"},"modified":"2025-07-17T15:07:08","modified_gmt":"2025-07-17T07:07:08","slug":"rs008-750ml-bouteille-alsace-bouteille-de-vin-fournisseur-grossiste","status":"publish","type":"product","link":"https:\/\/ruishengglassco.com\/fr\/produit\/rs008-750ml-bouteille-alsace-bouteille-de-vin-fournisseur-grossiste","title":{"rendered":"RS008 : Bouteille de vin d'Alsace 750ml Fournisseur de bouteilles de vin"},"content":{"rendered":"<h2>Informations d\u00e9taill\u00e9es sur la vente en gros de bouteilles de vin de 750 ml - Bouteille d'Alsace<\/h2>\n<ul>\n<li><span data-preserver-spaces=\"true\">Article : Bouteille de vin d'Alsace 750ml Wholesale<\/span><\/li>\n<li><span data-preserver-spaces=\"true\">Fabricant : Bouteille en verre Ruisheng<\/span><\/li>\n<li><span data-preserver-spaces=\"true\">Num\u00e9ro : RS-008<\/span><\/li>\n<li><span data-preserver-spaces=\"true\">Capacit\u00e9 : 700ml, 750ml, 1000ml, 2L<\/span><\/li>\n<li><span data-preserver-spaces=\"true\">Mat\u00e9riau : Mat\u00e9riau en verre super silex, mat\u00e9riau en verre blanc cristallin, mat\u00e9riau en verre blanc co\u00fbteux<\/span><\/li>\n<li><span data-preserver-spaces=\"true\">Utilisation : Bouteille de vin en verre<\/span><\/li>\n<li><span data-preserver-spaces=\"true\">Surface : Gel, d\u00e9calque, peinture, marquage \u00e0 chaud, gaufrage, impression, dor\u00e9, s\u00e9rigraphie<\/span><\/li>\n<li><span data-preserver-spaces=\"true\">Logo : Acceptable Logo du client<\/span><\/li>\n<li><span data-preserver-spaces=\"true\">\u00c9chantillon :<\/span>\n<ul>\n<li><span data-preserver-spaces=\"true\">Fabrication de moules<\/span><\/li>\n<li><span data-preserver-spaces=\"true\">Exempt de moisissures existantes<\/span><\/li>\n<li><span data-preserver-spaces=\"true\">Sous forme de mots ou de dessins<\/span><\/li>\n<\/ul>\n<\/li>\n<li><span data-preserver-spaces=\"true\">Emballage : Carton d'exportation standard, ou emballage sur palette, emballage en bo\u00eete FGC<\/span><\/li>\n<li><span data-preserver-spaces=\"true\">D\u00e9lai de livraison : 20-30 jours apr\u00e8s confirmation de la commande<\/span><\/li>\n<\/ul>","protected":false},"excerpt":{"rendered":"<p><span data-preserver-spaces=\"true\">Ruisheng est un pro de la fabrication de bouteilles alsaciennes. Elle propose des bouteilles de vin de 750 ml \u00e0 des prix de gros. Ils comptent parmi leurs clients des domaines viticoles, des soci\u00e9t\u00e9s vinicoles, des entreprises d'emballage alimentaire, des grossistes en bouteilles de verre et des d\u00e9taillants. Cette bouteille de vin vide est \u00e9galement connue sous le nom de bouteille germanique, sp\u00e9cialement con\u00e7ue pour l'emballage des bouteilles de vin.<\/span><\/p>\n<p><span data-preserver-spaces=\"true\">En tant que fabricant et fournisseur professionnel de bouteilles en verre, nous <\/span><span data-preserver-spaces=\"true\">fournir des services personnalis\u00e9s<\/span><span data-preserver-spaces=\"true\"> services de bouteilles de vin <\/span><span data-preserver-spaces=\"true\">pour<\/span><span data-preserver-spaces=\"true\"> nos clients.<\/span><span data-preserver-spaces=\"true\"> Service OEM\/ODM propos\u00e9.<\/span><\/p>\n<p><strong><span data-preserver-spaces=\"true\">-QMOS : 10000 PCS (environ 10000 pi\u00e8ces)<\/span><\/strong><\/p>\n<p><span data-preserver-spaces=\"true\">-\u00c9chantillon gratuit offert. OEM\/ODM disponible<\/span><\/p>\n<p><span data-preserver-spaces=\"true\">-Livraison gratuite d'\u00e9chantillons sous 7 jours ; livraison de commandes en gros sous 30 jours apr\u00e8s confirmation de la commande.<\/span><\/p>","protected":false},"featured_media":4381,"comment_status":"closed","ping_status":"closed","template":"","meta":[],"product_cat":[40],"class_list":{"0":"post-4380","1":"product","2":"type-product","3":"status-publish","4":"has-post-thumbnail","6":"product_cat-750ml-liquor-bottle-manufacturer","8":"first","9":"instock","10":"shipping-taxable","11":"product-type-simple"},"yoast_head":"<!-- This site is optimized with the Yoast SEO plugin v22.0 - https:\/\/yoast.com\/wordpress\/plugins\/seo\/ -->\n<title>750ml Wine Bottle Supplier | Alsace Bottle Manufacturer<\/title>\n<meta name=\"description\" content=\"Ruisheng, a professional Alsace Bottle Manufacturer and supplier, provide 750ml wine bottle wholesale at factory outlet price.\" \/>\n<meta name=\"robots\" content=\"index, follow, max-snippet:-1, max-image-preview:large, max-video-preview:-1\" \/>\n<link rel=\"canonical\" href=\"https:\/\/ruishengglassco.com\/fr\/produit\/rs008-750ml-bouteille-alsace-bouteille-de-vin-fournisseur-grossiste\" \/>\n<meta property=\"og:locale\" content=\"fr_FR\" \/>\n<meta property=\"og:type\" content=\"article\" \/>\n<meta property=\"og:title\" content=\"750ml Wine Bottle Supplier | Alsace Bottle Manufacturer\" \/>\n<meta property=\"og:description\" content=\"Ruisheng, a professional Alsace Bottle Manufacturer and supplier, provide 750ml wine bottle wholesale at factory outlet price.\" \/>\n<meta property=\"og:url\" content=\"https:\/\/ruishengglassco.com\/fr\/produit\/rs008-750ml-bouteille-alsace-bouteille-de-vin-fournisseur-grossiste\" \/>\n<meta property=\"article:publisher\" content=\"https:\/\/www.facebook.com\/ruishengglassbottles\" \/>\n<meta property=\"article:modified_time\" content=\"2025-07-17T07:07:08+00:00\" \/>\n<meta property=\"og:image\" content=\"https:\/\/ruishengglassco.com\/wp-content\/uploads\/2025\/03\/RS008-750ml-Alsace-Bottle-Wine-Bottle-Wholesale-Supplier.webp\" \/>\n\t<meta property=\"og:image:width\" content=\"500\" \/>\n\t<meta property=\"og:image:height\" content=\"500\" \/>\n\t<meta property=\"og:image:type\" content=\"image\/webp\" \/>\n<meta name=\"twitter:card\" content=\"summary_large_image\" \/>\n<meta name=\"twitter:label1\" content=\"Dur\u00e9e de lecture estim\u00e9e\" \/>\n\t<meta name=\"twitter:data1\" content=\"1 minute\" \/>\n<script type=\"application\/ld+json\" class=\"yoast-schema-graph\">{\"@context\":\"https:\/\/schema.org\",\"@graph\":[{\"@type\":\"WebPage\",\"@id\":\"https:\/\/ruishengglassco.com\/product\/rs008-750ml-alsace-bottle-wine-bottle-wholesale-supplier\",\"url\":\"https:\/\/ruishengglassco.com\/product\/rs008-750ml-alsace-bottle-wine-bottle-wholesale-supplier\",\"name\":\"750ml Wine Bottle Supplier | Alsace Bottle Manufacturer\",\"isPartOf\":{\"@id\":\"https:\/\/ruishengglassco.com\/#website\"},\"datePublished\":\"2025-03-15T14:28:13+00:00\",\"dateModified\":\"2025-07-17T07:07:08+00:00\",\"description\":\"Ruisheng, a professional Alsace Bottle Manufacturer and supplier, provide 750ml wine bottle wholesale at factory outlet price.\",\"breadcrumb\":{\"@id\":\"https:\/\/ruishengglassco.com\/product\/rs008-750ml-alsace-bottle-wine-bottle-wholesale-supplier#breadcrumb\"},\"inLanguage\":\"fr-FR\",\"potentialAction\":[{\"@type\":\"ReadAction\",\"target\":[\"https:\/\/ruishengglassco.com\/product\/rs008-750ml-alsace-bottle-wine-bottle-wholesale-supplier\"]}]},{\"@type\":\"BreadcrumbList\",\"@id\":\"https:\/\/ruishengglassco.com\/product\/rs008-750ml-alsace-bottle-wine-bottle-wholesale-supplier#breadcrumb\",\"itemListElement\":[{\"@type\":\"ListItem\",\"position\":1,\"name\":\"Home\",\"item\":\"https:\/\/ruishengglassco.com\/\"},{\"@type\":\"ListItem\",\"position\":2,\"name\":\"Products\",\"item\":\"https:\/\/ruishengglassco.com\/products\"},{\"@type\":\"ListItem\",\"position\":3,\"name\":\"RS008: 750ml Alsace Bottle Wine Bottle Supplier\"}]},{\"@type\":\"WebSite\",\"@id\":\"https:\/\/ruishengglassco.com\/#website\",\"url\":\"https:\/\/ruishengglassco.com\/\",\"name\":\"Ruisheng Glass\",\"description\":\"\",\"publisher\":{\"@id\":\"https:\/\/ruishengglassco.com\/#organization\"},\"potentialAction\":[{\"@type\":\"SearchAction\",\"target\":{\"@type\":\"EntryPoint\",\"urlTemplate\":\"https:\/\/ruishengglassco.com\/?s={search_term_string}\"},\"query-input\":\"required name=search_term_string\"}],\"inLanguage\":\"fr-FR\"},{\"@type\":\"Organization\",\"@id\":\"https:\/\/ruishengglassco.com\/#organization\",\"name\":\"Shandong Yuncheng Ruisheng Glass Co., Ltd\",\"url\":\"https:\/\/ruishengglassco.com\/\",\"logo\":{\"@type\":\"ImageObject\",\"inLanguage\":\"fr-FR\",\"@id\":\"https:\/\/ruishengglassco.com\/#\/schema\/logo\/image\/\",\"url\":\"https:\/\/ruishengglassco.com\/wp-content\/uploads\/2023\/09\/ruisheng_logo_icon.webp\",\"contentUrl\":\"https:\/\/ruishengglassco.com\/wp-content\/uploads\/2023\/09\/ruisheng_logo_icon.webp\",\"width\":400,\"height\":233,\"caption\":\"Shandong Yuncheng Ruisheng Glass Co., Ltd\"},\"image\":{\"@id\":\"https:\/\/ruishengglassco.com\/#\/schema\/logo\/image\/\"},\"sameAs\":[\"https:\/\/www.facebook.com\/ruishengglassbottles\",\"https:\/\/www.instagram.com\/Ruishengglassbottlewholesales\/\",\"https:\/\/www.youtube.com\/channel\/UCMmbMNGwsL-XrtjfSFLCdVQ\"]}]}<\/script>\n<!-- \/ Yoast SEO plugin. -->","yoast_head_json":{"title":"750ml Wine Bottle Supplier | Alsace Bottle Manufacturer","description":"Ruisheng, a professional Alsace Bottle Manufacturer and supplier, provide 750ml wine bottle wholesale at factory outlet price.","robots":{"index":"index","follow":"follow","max-snippet":"max-snippet:-1","max-image-preview":"max-image-preview:large","max-video-preview":"max-video-preview:-1"},"canonical":"https:\/\/ruishengglassco.com\/fr\/produit\/rs008-750ml-bouteille-alsace-bouteille-de-vin-fournisseur-grossiste","og_locale":"fr_FR","og_type":"article","og_title":"750ml Wine Bottle Supplier | Alsace Bottle Manufacturer","og_description":"Ruisheng, a professional Alsace Bottle Manufacturer and supplier, provide 750ml wine bottle wholesale at factory outlet price.","og_url":"https:\/\/ruishengglassco.com\/fr\/produit\/rs008-750ml-bouteille-alsace-bouteille-de-vin-fournisseur-grossiste","article_publisher":"https:\/\/www.facebook.com\/ruishengglassbottles","article_modified_time":"2025-07-17T07:07:08+00:00","og_image":[{"width":500,"height":500,"url":"https:\/\/ruishengglassco.com\/wp-content\/uploads\/2025\/03\/RS008-750ml-Alsace-Bottle-Wine-Bottle-Wholesale-Supplier.webp","type":"image\/webp"}],"twitter_card":"summary_large_image","twitter_misc":{"Dur\u00e9e de lecture estim\u00e9e":"1 minute"},"schema":{"@context":"https:\/\/schema.org","@graph":[{"@type":"WebPage","@id":"https:\/\/ruishengglassco.com\/product\/rs008-750ml-alsace-bottle-wine-bottle-wholesale-supplier","url":"https:\/\/ruishengglassco.com\/product\/rs008-750ml-alsace-bottle-wine-bottle-wholesale-supplier","name":"750ml Wine Bottle Supplier | Alsace Bottle Manufacturer","isPartOf":{"@id":"https:\/\/ruishengglassco.com\/#website"},"datePublished":"2025-03-15T14:28:13+00:00","dateModified":"2025-07-17T07:07:08+00:00","description":"Ruisheng, a professional Alsace Bottle Manufacturer and supplier, provide 750ml wine bottle wholesale at factory outlet price.","breadcrumb":{"@id":"https:\/\/ruishengglassco.com\/product\/rs008-750ml-alsace-bottle-wine-bottle-wholesale-supplier#breadcrumb"},"inLanguage":"fr-FR","potentialAction":[{"@type":"ReadAction","target":["https:\/\/ruishengglassco.com\/product\/rs008-750ml-alsace-bottle-wine-bottle-wholesale-supplier"]}]},{"@type":"BreadcrumbList","@id":"https:\/\/ruishengglassco.com\/product\/rs008-750ml-alsace-bottle-wine-bottle-wholesale-supplier#breadcrumb","itemListElement":[{"@type":"ListItem","position":1,"name":"Home","item":"https:\/\/ruishengglassco.com\/"},{"@type":"ListItem","position":2,"name":"Products","item":"https:\/\/ruishengglassco.com\/products"},{"@type":"ListItem","position":3,"name":"RS008: 750ml Alsace Bottle Wine Bottle Supplier"}]},{"@type":"WebSite","@id":"https:\/\/ruishengglassco.com\/#website","url":"https:\/\/ruishengglassco.com\/","name":"Ruisheng Glass","description":"","publisher":{"@id":"https:\/\/ruishengglassco.com\/#organization"},"potentialAction":[{"@type":"SearchAction","target":{"@type":"EntryPoint","urlTemplate":"https:\/\/ruishengglassco.com\/?s={search_term_string}"},"query-input":"required name=search_term_string"}],"inLanguage":"fr-FR"},{"@type":"Organization","@id":"https:\/\/ruishengglassco.com\/#organization","name":"Shandong Yuncheng Ruisheng Glass Co., Ltd","url":"https:\/\/ruishengglassco.com\/","logo":{"@type":"ImageObject","inLanguage":"fr-FR","@id":"https:\/\/ruishengglassco.com\/#\/schema\/logo\/image\/","url":"https:\/\/ruishengglassco.com\/wp-content\/uploads\/2023\/09\/ruisheng_logo_icon.webp","contentUrl":"https:\/\/ruishengglassco.com\/wp-content\/uploads\/2023\/09\/ruisheng_logo_icon.webp","width":400,"height":233,"caption":"Shandong Yuncheng Ruisheng Glass Co., Ltd"},"image":{"@id":"https:\/\/ruishengglassco.com\/#\/schema\/logo\/image\/"},"sameAs":["https:\/\/www.facebook.com\/ruishengglassbottles","https:\/\/www.instagram.com\/Ruishengglassbottlewholesales\/","https:\/\/www.youtube.com\/channel\/UCMmbMNGwsL-XrtjfSFLCdVQ"]}]}},"_links":{"self":[{"href":"https:\/\/ruishengglassco.com\/fr\/wp-json\/wp\/v2\/product\/4380","targetHints":{"allow":["GET"]}}],"collection":[{"href":"https:\/\/ruishengglassco.com\/fr\/wp-json\/wp\/v2\/product"}],"about":[{"href":"https:\/\/ruishengglassco.com\/fr\/wp-json\/wp\/v2\/types\/product"}],"replies":[{"embeddable":true,"href":"https:\/\/ruishengglassco.com\/fr\/wp-json\/wp\/v2\/comments?post=4380"}],"wp:featuredmedia":[{"embeddable":true,"href":"https:\/\/ruishengglassco.com\/fr\/wp-json\/wp\/v2\/media\/4381"}],"wp:attachment":[{"href":"https:\/\/ruishengglassco.com\/fr\/wp-json\/wp\/v2\/media?parent=4380"}],"wp:term":[{"taxonomy":"product_cat","embeddable":true,"href":"https:\/\/ruishengglassco.com\/fr\/wp-json\/wp\/v2\/product_cat?post=4380"}],"curies":[{"name":"wp","href":"https:\/\/api.w.org\/{rel}","templated":true}]}}