{"id":4378,"date":"2025-03-15T22:18:47","date_gmt":"2025-03-15T14:18:47","guid":{"rendered":"https:\/\/ruishengglassco.com\/?post_type=product&#038;p=4378"},"modified":"2025-07-17T15:05:29","modified_gmt":"2025-07-17T07:05:29","slug":"rs009-standard-750ml-bordeaux-verre-bouteille-de-vin-citations","status":"publish","type":"product","link":"https:\/\/ruishengglassco.com\/fr\/produit\/rs009-standard-750ml-bordeaux-verre-bouteille-de-vin-citations","title":{"rendered":"RS009 Bouteille de vin en verre standard 750ml Bordeaux Citations"},"content":{"rendered":"<h2>Informations d\u00e9taill\u00e9es sur la bouteille de bordeaux standard de 750 ml (vente en gros)<\/h2>\n<ul>\n<li><span data-preserver-spaces=\"true\">Article : Bouteille de Bordeaux standard de 750 ml<\/span><\/li>\n<li><span data-preserver-spaces=\"true\">Fabricant : Bouteille en verre Ruisheng<\/span><\/li>\n<li><span data-preserver-spaces=\"true\">Num\u00e9ro : RS009<\/span><\/li>\n<li><span data-preserver-spaces=\"true\">Capacit\u00e9 : 50ml, 200ml, 300ml, 700ml, 750ml, 1000ml, 2L et service de bouteilles de vin personnalis\u00e9es.<\/span><\/li>\n<li><span data-preserver-spaces=\"true\">Type de fermeture : Couvercle \u00e0 vis<\/span><\/li>\n<li><span data-preserver-spaces=\"true\">Mat\u00e9riau : Mat\u00e9riau en verre super silex, mat\u00e9riau en verre blanc cristallin, mat\u00e9riau en verre blanc co\u00fbteux<\/span><\/li>\n<li><span data-preserver-spaces=\"true\">Utilisation : Bouteille de vin en verre<\/span><\/li>\n<li><span data-preserver-spaces=\"true\">Surface : Gel, d\u00e9calque, peinture, marquage \u00e0 chaud, gaufrage, impression, dor\u00e9, s\u00e9rigraphie<\/span><\/li>\n<li><span data-preserver-spaces=\"true\">Logo : Acceptable Logo du client<\/span><\/li>\n<li><span data-preserver-spaces=\"true\">\u00c9chantillon :<\/span>\n<ul>\n<li><span data-preserver-spaces=\"true\">Fabrication de moules<\/span><\/li>\n<li><span data-preserver-spaces=\"true\">Exempt de moisissures existantes<\/span><\/li>\n<li><span data-preserver-spaces=\"true\">Sous forme de mots ou de dessins<\/span><\/li>\n<\/ul>\n<\/li>\n<li style=\"list-style-type: none;\">\n<ul>\n<li><span data-preserver-spaces=\"true\">Emballage : Carton d'exportation standard, ou emballage sur palette, emballage en bo\u00eete FGC<\/span><\/li>\n<li><span data-preserver-spaces=\"true\">D\u00e9lai de livraison : 20-30 jours apr\u00e8s confirmation de la commande<\/span><\/li>\n<\/ul>\n<\/li>\n<\/ul>\n<p><img decoding=\"async\" class=\"aligncenter wp-image-1556 size-full\" src=\"https:\/\/glassbottlewholesale.com\/wp-content\/uploads\/2019\/11\/custom-glass-bottle-manufacturing.png\" alt=\"processus de fabrication de bouteilles en verre\" width=\"863\" height=\"881\" \/><\/p>\n<p>Nous sommes un fabricant professionnel de bouteilles bordelaises standard. Notre soci\u00e9t\u00e9 propose des services OEM, ODM et des services de bouteilles en verre personnalis\u00e9es. Vous pouvez choisir parmi les moules gratuits disponibles dans notre soci\u00e9t\u00e9, ou vous pouvez nous envoyer des projets de conception ou des photos.<\/p>\n<p>Si vous souhaitez obtenir de plus amples informations sur la vente en gros de bouteilles bordeaux standard, veuillez nous contacter ici.<\/p>","protected":false},"excerpt":{"rendered":"<p><span data-preserver-spaces=\"true\">Vous souhaitez acheter des bouteilles de vin en vrac ? <\/span><span data-preserver-spaces=\"true\">Ici, nos bouteilles de vin standard de 750 ml en gros <\/span><span data-preserver-spaces=\"true\">volont\u00e9<\/span><span data-preserver-spaces=\"true\"> r\u00e9pondre \u00e0 vos besoins<\/span><span data-preserver-spaces=\"true\">s !<\/span><\/p>\n<p><span data-preserver-spaces=\"true\">En tant que fabricant professionnel de bouteilles de vin de Bordeaux en verre, Ruisheng Glass. se concentre sur la conception et la fabrication de bouteilles de vin depuis plus de 10 ans. <\/span><span data-preserver-spaces=\"true\">En outre<\/span><span data-preserver-spaces=\"true\">, nous <\/span><span data-preserver-spaces=\"true\">fournir<\/span><span data-preserver-spaces=\"true\"> Bouteille en verre OEM\/ODM\/personnalis\u00e9e <\/span><span data-preserver-spaces=\"true\">service pour<\/span><span data-preserver-spaces=\"true\"> nos clients.<\/span><\/p>\n<p><span data-preserver-spaces=\"true\">La bouteille Bordeaux est la bouteille la plus courante pour l'emballage du vin. Elle est tr\u00e8s populaire dans le monde entier. Elle a des c\u00f4t\u00e9s droits et des \u00e9paules hautes distinctives et peut \u00eatre trouv\u00e9e dans une vari\u00e9t\u00e9 de couleurs. Les vins rouges sont g\u00e9n\u00e9ralement mis en bouteille dans un verre vert fonc\u00e9 ou marron. <\/span><span data-preserver-spaces=\"true\">fournir une protection<\/span><span data-preserver-spaces=\"true\"> du soleil au fur et \u00e0 mesure qu'ils vieillissent.<\/span><\/p>\n<p><span data-preserver-spaces=\"true\">Voici quelques informations concernant votre commande de bouteilles de vin en vrac aupr\u00e8s de notre soci\u00e9t\u00e9 :<\/span><\/p>\n<p><strong><span data-preserver-spaces=\"true\">-QMOS : 10000 PCS (environ 10000 pi\u00e8ces)<\/span><\/strong><\/p>\n<p><span data-preserver-spaces=\"true\">-\u00c9chantillon gratuit offert. OEM\/ODM disponible<\/span><\/p>\n<p><span data-preserver-spaces=\"true\">-Livraison gratuite d'\u00e9chantillons sous 7 jours ; livraison de commandes en gros sous 30 jours apr\u00e8s confirmation de la commande.<\/span><\/p>","protected":false},"featured_media":4379,"comment_status":"closed","ping_status":"closed","template":"","meta":[],"product_cat":[40],"class_list":{"0":"post-4378","1":"product","2":"type-product","3":"status-publish","4":"has-post-thumbnail","6":"product_cat-750ml-liquor-bottle-manufacturer","8":"first","9":"instock","10":"shipping-taxable","11":"product-type-simple"},"yoast_head":"<!-- This site is optimized with the Yoast SEO plugin v22.0 - https:\/\/yoast.com\/wordpress\/plugins\/seo\/ -->\n<title>Buy Wine Bottles in Bulk | Standard Bordeaux Bottle Manufacturer<\/title>\n<meta name=\"description\" content=\"Want to buy wine bottles in bulk? Click here to get 750ml wine bottles wholesale from Standard Bordeaux Bottle Manufacturer.\" \/>\n<meta name=\"robots\" content=\"index, follow, max-snippet:-1, max-image-preview:large, max-video-preview:-1\" \/>\n<link rel=\"canonical\" href=\"https:\/\/ruishengglassco.com\/fr\/produit\/rs009-standard-750ml-bordeaux-verre-bouteille-de-vin-citations\" \/>\n<meta property=\"og:locale\" content=\"fr_FR\" \/>\n<meta property=\"og:type\" content=\"article\" \/>\n<meta property=\"og:title\" content=\"Buy Wine Bottles in Bulk | Standard Bordeaux Bottle Manufacturer\" \/>\n<meta property=\"og:description\" content=\"Want to buy wine bottles in bulk? Click here to get 750ml wine bottles wholesale from Standard Bordeaux Bottle Manufacturer.\" \/>\n<meta property=\"og:url\" content=\"https:\/\/ruishengglassco.com\/fr\/produit\/rs009-standard-750ml-bordeaux-verre-bouteille-de-vin-citations\" \/>\n<meta property=\"article:publisher\" content=\"https:\/\/www.facebook.com\/ruishengglassbottles\" \/>\n<meta property=\"article:modified_time\" content=\"2025-07-17T07:05:29+00:00\" \/>\n<meta property=\"og:image\" content=\"https:\/\/ruishengglassco.com\/wp-content\/uploads\/2025\/03\/RS009-Standard-750ml-Bordeaux-Glass-Wine-Bottle-Quotes.webp\" \/>\n\t<meta property=\"og:image:width\" content=\"500\" \/>\n\t<meta property=\"og:image:height\" content=\"500\" \/>\n\t<meta property=\"og:image:type\" content=\"image\/webp\" \/>\n<meta name=\"twitter:card\" content=\"summary_large_image\" \/>\n<meta name=\"twitter:label1\" content=\"Dur\u00e9e de lecture estim\u00e9e\" \/>\n\t<meta name=\"twitter:data1\" content=\"2 minutes\" \/>\n<script type=\"application\/ld+json\" class=\"yoast-schema-graph\">{\"@context\":\"https:\/\/schema.org\",\"@graph\":[{\"@type\":\"WebPage\",\"@id\":\"https:\/\/ruishengglassco.com\/product\/rs009-standard-750ml-bordeaux-glass-wine-bottle-quotes\",\"url\":\"https:\/\/ruishengglassco.com\/product\/rs009-standard-750ml-bordeaux-glass-wine-bottle-quotes\",\"name\":\"Buy Wine Bottles in Bulk | Standard Bordeaux Bottle Manufacturer\",\"isPartOf\":{\"@id\":\"https:\/\/ruishengglassco.com\/#website\"},\"datePublished\":\"2025-03-15T14:18:47+00:00\",\"dateModified\":\"2025-07-17T07:05:29+00:00\",\"description\":\"Want to buy wine bottles in bulk? Click here to get 750ml wine bottles wholesale from Standard Bordeaux Bottle Manufacturer.\",\"breadcrumb\":{\"@id\":\"https:\/\/ruishengglassco.com\/product\/rs009-standard-750ml-bordeaux-glass-wine-bottle-quotes#breadcrumb\"},\"inLanguage\":\"fr-FR\",\"potentialAction\":[{\"@type\":\"ReadAction\",\"target\":[\"https:\/\/ruishengglassco.com\/product\/rs009-standard-750ml-bordeaux-glass-wine-bottle-quotes\"]}]},{\"@type\":\"BreadcrumbList\",\"@id\":\"https:\/\/ruishengglassco.com\/product\/rs009-standard-750ml-bordeaux-glass-wine-bottle-quotes#breadcrumb\",\"itemListElement\":[{\"@type\":\"ListItem\",\"position\":1,\"name\":\"Home\",\"item\":\"https:\/\/ruishengglassco.com\/\"},{\"@type\":\"ListItem\",\"position\":2,\"name\":\"Products\",\"item\":\"https:\/\/ruishengglassco.com\/products\"},{\"@type\":\"ListItem\",\"position\":3,\"name\":\"RS009 Standard 750ml Bordeaux Glass Wine Bottle Quotes\"}]},{\"@type\":\"WebSite\",\"@id\":\"https:\/\/ruishengglassco.com\/#website\",\"url\":\"https:\/\/ruishengglassco.com\/\",\"name\":\"Ruisheng Glass\",\"description\":\"\",\"publisher\":{\"@id\":\"https:\/\/ruishengglassco.com\/#organization\"},\"potentialAction\":[{\"@type\":\"SearchAction\",\"target\":{\"@type\":\"EntryPoint\",\"urlTemplate\":\"https:\/\/ruishengglassco.com\/?s={search_term_string}\"},\"query-input\":\"required name=search_term_string\"}],\"inLanguage\":\"fr-FR\"},{\"@type\":\"Organization\",\"@id\":\"https:\/\/ruishengglassco.com\/#organization\",\"name\":\"Shandong Yuncheng Ruisheng Glass Co., Ltd\",\"url\":\"https:\/\/ruishengglassco.com\/\",\"logo\":{\"@type\":\"ImageObject\",\"inLanguage\":\"fr-FR\",\"@id\":\"https:\/\/ruishengglassco.com\/#\/schema\/logo\/image\/\",\"url\":\"https:\/\/ruishengglassco.com\/wp-content\/uploads\/2023\/09\/ruisheng_logo_icon.webp\",\"contentUrl\":\"https:\/\/ruishengglassco.com\/wp-content\/uploads\/2023\/09\/ruisheng_logo_icon.webp\",\"width\":400,\"height\":233,\"caption\":\"Shandong Yuncheng Ruisheng Glass Co., Ltd\"},\"image\":{\"@id\":\"https:\/\/ruishengglassco.com\/#\/schema\/logo\/image\/\"},\"sameAs\":[\"https:\/\/www.facebook.com\/ruishengglassbottles\",\"https:\/\/www.instagram.com\/Ruishengglassbottlewholesales\/\",\"https:\/\/www.youtube.com\/channel\/UCMmbMNGwsL-XrtjfSFLCdVQ\"]}]}<\/script>\n<!-- \/ Yoast SEO plugin. -->","yoast_head_json":{"title":"Buy Wine Bottles in Bulk | Standard Bordeaux Bottle Manufacturer","description":"Want to buy wine bottles in bulk? Click here to get 750ml wine bottles wholesale from Standard Bordeaux Bottle Manufacturer.","robots":{"index":"index","follow":"follow","max-snippet":"max-snippet:-1","max-image-preview":"max-image-preview:large","max-video-preview":"max-video-preview:-1"},"canonical":"https:\/\/ruishengglassco.com\/fr\/produit\/rs009-standard-750ml-bordeaux-verre-bouteille-de-vin-citations","og_locale":"fr_FR","og_type":"article","og_title":"Buy Wine Bottles in Bulk | Standard Bordeaux Bottle Manufacturer","og_description":"Want to buy wine bottles in bulk? Click here to get 750ml wine bottles wholesale from Standard Bordeaux Bottle Manufacturer.","og_url":"https:\/\/ruishengglassco.com\/fr\/produit\/rs009-standard-750ml-bordeaux-verre-bouteille-de-vin-citations","article_publisher":"https:\/\/www.facebook.com\/ruishengglassbottles","article_modified_time":"2025-07-17T07:05:29+00:00","og_image":[{"width":500,"height":500,"url":"https:\/\/ruishengglassco.com\/wp-content\/uploads\/2025\/03\/RS009-Standard-750ml-Bordeaux-Glass-Wine-Bottle-Quotes.webp","type":"image\/webp"}],"twitter_card":"summary_large_image","twitter_misc":{"Dur\u00e9e de lecture estim\u00e9e":"2 minutes"},"schema":{"@context":"https:\/\/schema.org","@graph":[{"@type":"WebPage","@id":"https:\/\/ruishengglassco.com\/product\/rs009-standard-750ml-bordeaux-glass-wine-bottle-quotes","url":"https:\/\/ruishengglassco.com\/product\/rs009-standard-750ml-bordeaux-glass-wine-bottle-quotes","name":"Buy Wine Bottles in Bulk | Standard Bordeaux Bottle Manufacturer","isPartOf":{"@id":"https:\/\/ruishengglassco.com\/#website"},"datePublished":"2025-03-15T14:18:47+00:00","dateModified":"2025-07-17T07:05:29+00:00","description":"Want to buy wine bottles in bulk? Click here to get 750ml wine bottles wholesale from Standard Bordeaux Bottle Manufacturer.","breadcrumb":{"@id":"https:\/\/ruishengglassco.com\/product\/rs009-standard-750ml-bordeaux-glass-wine-bottle-quotes#breadcrumb"},"inLanguage":"fr-FR","potentialAction":[{"@type":"ReadAction","target":["https:\/\/ruishengglassco.com\/product\/rs009-standard-750ml-bordeaux-glass-wine-bottle-quotes"]}]},{"@type":"BreadcrumbList","@id":"https:\/\/ruishengglassco.com\/product\/rs009-standard-750ml-bordeaux-glass-wine-bottle-quotes#breadcrumb","itemListElement":[{"@type":"ListItem","position":1,"name":"Home","item":"https:\/\/ruishengglassco.com\/"},{"@type":"ListItem","position":2,"name":"Products","item":"https:\/\/ruishengglassco.com\/products"},{"@type":"ListItem","position":3,"name":"RS009 Standard 750ml Bordeaux Glass Wine Bottle Quotes"}]},{"@type":"WebSite","@id":"https:\/\/ruishengglassco.com\/#website","url":"https:\/\/ruishengglassco.com\/","name":"Ruisheng Glass","description":"","publisher":{"@id":"https:\/\/ruishengglassco.com\/#organization"},"potentialAction":[{"@type":"SearchAction","target":{"@type":"EntryPoint","urlTemplate":"https:\/\/ruishengglassco.com\/?s={search_term_string}"},"query-input":"required name=search_term_string"}],"inLanguage":"fr-FR"},{"@type":"Organization","@id":"https:\/\/ruishengglassco.com\/#organization","name":"Shandong Yuncheng Ruisheng Glass Co., Ltd","url":"https:\/\/ruishengglassco.com\/","logo":{"@type":"ImageObject","inLanguage":"fr-FR","@id":"https:\/\/ruishengglassco.com\/#\/schema\/logo\/image\/","url":"https:\/\/ruishengglassco.com\/wp-content\/uploads\/2023\/09\/ruisheng_logo_icon.webp","contentUrl":"https:\/\/ruishengglassco.com\/wp-content\/uploads\/2023\/09\/ruisheng_logo_icon.webp","width":400,"height":233,"caption":"Shandong Yuncheng Ruisheng Glass Co., Ltd"},"image":{"@id":"https:\/\/ruishengglassco.com\/#\/schema\/logo\/image\/"},"sameAs":["https:\/\/www.facebook.com\/ruishengglassbottles","https:\/\/www.instagram.com\/Ruishengglassbottlewholesales\/","https:\/\/www.youtube.com\/channel\/UCMmbMNGwsL-XrtjfSFLCdVQ"]}]}},"_links":{"self":[{"href":"https:\/\/ruishengglassco.com\/fr\/wp-json\/wp\/v2\/product\/4378","targetHints":{"allow":["GET"]}}],"collection":[{"href":"https:\/\/ruishengglassco.com\/fr\/wp-json\/wp\/v2\/product"}],"about":[{"href":"https:\/\/ruishengglassco.com\/fr\/wp-json\/wp\/v2\/types\/product"}],"replies":[{"embeddable":true,"href":"https:\/\/ruishengglassco.com\/fr\/wp-json\/wp\/v2\/comments?post=4378"}],"wp:featuredmedia":[{"embeddable":true,"href":"https:\/\/ruishengglassco.com\/fr\/wp-json\/wp\/v2\/media\/4379"}],"wp:attachment":[{"href":"https:\/\/ruishengglassco.com\/fr\/wp-json\/wp\/v2\/media?parent=4378"}],"wp:term":[{"taxonomy":"product_cat","embeddable":true,"href":"https:\/\/ruishengglassco.com\/fr\/wp-json\/wp\/v2\/product_cat?post=4378"}],"curies":[{"name":"wp","href":"https:\/\/api.w.org\/{rel}","templated":true}]}}