{"id":4373,"date":"2025-03-15T22:12:36","date_gmt":"2025-03-15T14:12:36","guid":{"rendered":"https:\/\/ruishengglassco.com\/?post_type=product&#038;p=4373"},"modified":"2025-09-11T16:09:39","modified_gmt":"2025-09-11T08:09:39","slug":"rs011-375ml-bouteilles-en-verre-pour-boissons-en-gros","status":"publish","type":"product","link":"https:\/\/ruishengglassco.com\/fr\/produit\/rs011-375ml-bouteilles-en-verre-pour-boissons-en-gros","title":{"rendered":"RS011 : Fabricant de bouteilles de boisson en verre de 375ml"},"content":{"rendered":"<h2>Informations d\u00e9taill\u00e9es sur le fabricant de bouteilles \u00e0 boissons en verre de 375 ml<\/h2>\n<p><span data-preserver-spaces=\"true\">Cette s\u00e9rie de bouteilles en verre de 375 ml <\/span><span data-preserver-spaces=\"true\">est principalement con\u00e7u<\/span><span data-preserver-spaces=\"true\"> pour le conditionnement de liqueurs, de jus, de lait, de champagne et d'autres boissons. Les bouteilles de boissons vides en gros <\/span><span data-preserver-spaces=\"true\">sont r\u00e9alis\u00e9s<\/span><span data-preserver-spaces=\"true\"> en verre de silex de haute qualit\u00e9, inoffensif pour le corps humain et recyclable pour prot\u00e9ger l'environnement.<\/span><\/p>\n<ul>\n<li><span data-preserver-spaces=\"true\">Nom du mod\u00e8le : Bouteilles en verre 375ml pour boissons en gros<\/span><\/li>\n<li><span data-preserver-spaces=\"true\">Num\u00e9ro de mod\u00e8le : RS011<\/span><\/li>\n<li><span data-preserver-spaces=\"true\">Nom de marque : RUISHENG<\/span><\/li>\n<li><strong><span data-preserver-spaces=\"true\">MOQ : 10000pcs<\/span><\/strong><\/li>\n<li><span data-preserver-spaces=\"true\">Capacit\u00e9 : 375ml\/500ml\/700ml\/750ml\/personnalis\u00e9e<\/span><\/li>\n<li><span data-preserver-spaces=\"true\">Traitement des surfaces : Marquage \u00e0 chaud, givrage, d\u00e9calcomanie, gaufrage, s\u00e9rigraphie<\/span><\/li>\n<li><span data-preserver-spaces=\"true\">Mat\u00e9riau : Verre Super Flint<\/span><\/li>\n<li><span data-preserver-spaces=\"true\">Mat\u00e9riau du col : Bouteille en verre transparent<\/span><\/li>\n<li><span data-preserver-spaces=\"true\">Type de fermeture : Bouchon \u00e0 vis, bouchon de li\u00e8ge, bouchon de verre, bouchon \u00e0 vis<\/span><\/li>\n<li><span data-preserver-spaces=\"true\">Utilisation : Bouteille de rhum\/gin\/whisky<\/span><\/li>\n<li><span data-preserver-spaces=\"true\">Lieu d'origine : Shandong, Chine<\/span><\/li>\n<li><span data-preserver-spaces=\"true\">Cartons et palettes d'exportation standard<\/span><\/li>\n<li><span data-preserver-spaces=\"true\">Service : Service OEM\/ODM<\/span><\/li>\n<\/ul>\n<p><span data-preserver-spaces=\"true\">La bouteille de boisson en gros montr\u00e9e dans l'image est produite par notre moule de bouteille en verre.<\/span> <span data-preserver-spaces=\"true\">Si <\/span><span data-preserver-spaces=\"true\">vous avez besoin<\/span><span data-preserver-spaces=\"true\">Vous pouvez choisir des moules gratuits de notre soci\u00e9t\u00e9 pour la production.<\/span><span data-preserver-spaces=\"true\"> Bien entendu, vous pouvez nous fournir des dessins ou des images, et nous les produirons selon vos exigences.<\/span><\/p>\n<p><span data-preserver-spaces=\"true\">Nous proposons aux clients les bouchons de bouteille suivants. <\/span><span data-preserver-spaces=\"true\">Vous pouvez <\/span><span data-preserver-spaces=\"true\">choisir<\/span><span data-preserver-spaces=\"true\"> le bouchon conform\u00e9ment \u00e0 la <\/span><span data-preserver-spaces=\"true\">les besoins du produit<\/span><span data-preserver-spaces=\"true\">.<\/span><\/p>\n<p><img decoding=\"async\" class=\"aligncenter wp-image-2420 size-full\" src=\"https:\/\/glassbottlewholesale.com\/wp-content\/uploads\/2020\/12\/WX20201229-154422.png\" alt=\"bouchons de bouteille\" width=\"752\" height=\"452\" \/><\/p>","protected":false},"excerpt":{"rendered":"<p data-block-id=\"2fccc605-569a-451f-b582-ef4f74e8dea9\" data-pm-slice=\"1 1 []\">Ruisheng est un fabricant chinois de premier plan d'installations d'embouteillage de boissons alcoolis\u00e9es. Il propose des bouteilles en verre de 375 ml \u00e0 des prix de gros. Ces bouteilles sont parfaites pour les liqueurs, les jus, le lait, le champagne, etc. Nous sommes un fabricant et fournisseur professionnel de bouteilles en verre. Nous proposons des services de bouteilles en verre OEM, ODM et personnalis\u00e9es en fonction des besoins de nos clients.<\/p>\n<h2 data-block-id=\"f567e7e9-5604-43e5-a87a-2a0497e00473\"><strong>D\u00e9tails concernant les bouteilles de boisson en verre de 375 ml (vente en gros)<\/strong><\/h2>\n<p data-block-id=\"2305cfd6-c096-4e86-802f-cbbe8a8874ca\"><strong>-QMOS : 10000 PCS (environ 10000pcs)<\/strong><\/p>\n<p data-block-id=\"9e737b91-c3d0-40e3-a5d5-df8fe3c3d8bc\">-\u00c9chantillon gratuit offert.<\/p>\n<p data-block-id=\"9de52572-52c0-4a46-a1f2-a8d73d6e8c47\">-Livraison gratuite d'\u00e9chantillons sous 7 jours. Livraison des commandes en gros sous 30 jours.<\/p>\n<p data-block-id=\"8480d1ea-96f1-4699-9d67-f37482a57305\">Si vous souhaitez obtenir plus d'informations sur les bouteilles de boisson en verre en gros, veuillez nous contacter pour en savoir plus.<\/p>","protected":false},"featured_media":4374,"comment_status":"closed","ping_status":"closed","template":"","meta":[],"product_cat":[55,40,45],"class_list":{"0":"post-4373","1":"product","2":"type-product","3":"status-publish","4":"has-post-thumbnail","6":"product_cat-375ml-liquor-bottle-manufacturer","7":"product_cat-750ml-liquor-bottle-manufacturer","8":"product_cat-custom-glass-bottle","10":"first","11":"instock","12":"shipping-taxable","13":"product-type-simple"},"yoast_head":"<!-- This site is optimized with the Yoast SEO plugin v22.0 - https:\/\/yoast.com\/wordpress\/plugins\/seo\/ -->\n<title>Glass Beverage Bottles Manufacturers | Liquor Bottling Plant Manufacturers<\/title>\n<meta name=\"description\" content=\"Ruisheng, one of the leading liquor bottling plant manufacturers in China, provides 375ml Glass Beverage Bottles Wholesale for liquor, juice, milk, champagne, and other drinks.\" \/>\n<meta name=\"robots\" content=\"index, follow, max-snippet:-1, max-image-preview:large, max-video-preview:-1\" \/>\n<link rel=\"canonical\" href=\"https:\/\/ruishengglassco.com\/fr\/produit\/rs011-375ml-bouteilles-en-verre-pour-boissons-en-gros\" \/>\n<meta property=\"og:locale\" content=\"fr_FR\" \/>\n<meta property=\"og:type\" content=\"article\" \/>\n<meta property=\"og:title\" content=\"Glass Beverage Bottles Manufacturers | Liquor Bottling Plant Manufacturers\" \/>\n<meta property=\"og:description\" content=\"Ruisheng, one of the leading liquor bottling plant manufacturers in China, provides 375ml Glass Beverage Bottles Wholesale for liquor, juice, milk, champagne, and other drinks.\" \/>\n<meta property=\"og:url\" content=\"https:\/\/ruishengglassco.com\/fr\/produit\/rs011-375ml-bouteilles-en-verre-pour-boissons-en-gros\" \/>\n<meta property=\"article:publisher\" content=\"https:\/\/www.facebook.com\/ruishengglassbottles\" \/>\n<meta property=\"article:modified_time\" content=\"2025-09-11T08:09:39+00:00\" \/>\n<meta property=\"og:image\" content=\"https:\/\/ruishengglassco.com\/wp-content\/uploads\/2025\/03\/RS011-375ml-Glass-Beverage-Bottles-Wholesale.webp\" \/>\n\t<meta property=\"og:image:width\" content=\"800\" \/>\n\t<meta property=\"og:image:height\" content=\"800\" \/>\n\t<meta property=\"og:image:type\" content=\"image\/webp\" \/>\n<meta name=\"twitter:card\" content=\"summary_large_image\" \/>\n<meta name=\"twitter:label1\" content=\"Dur\u00e9e de lecture estim\u00e9e\" \/>\n\t<meta name=\"twitter:data1\" content=\"2 minutes\" \/>\n<script type=\"application\/ld+json\" class=\"yoast-schema-graph\">{\"@context\":\"https:\/\/schema.org\",\"@graph\":[{\"@type\":\"WebPage\",\"@id\":\"https:\/\/ruishengglassco.com\/product\/rs011-375ml-glass-beverage-bottles-wholesale\",\"url\":\"https:\/\/ruishengglassco.com\/product\/rs011-375ml-glass-beverage-bottles-wholesale\",\"name\":\"Glass Beverage Bottles Manufacturers | Liquor Bottling Plant Manufacturers\",\"isPartOf\":{\"@id\":\"https:\/\/ruishengglassco.com\/#website\"},\"datePublished\":\"2025-03-15T14:12:36+00:00\",\"dateModified\":\"2025-09-11T08:09:39+00:00\",\"description\":\"Ruisheng, one of the leading liquor bottling plant manufacturers in China, provides 375ml Glass Beverage Bottles Wholesale for liquor, juice, milk, champagne, and other drinks.\",\"breadcrumb\":{\"@id\":\"https:\/\/ruishengglassco.com\/product\/rs011-375ml-glass-beverage-bottles-wholesale#breadcrumb\"},\"inLanguage\":\"fr-FR\",\"potentialAction\":[{\"@type\":\"ReadAction\",\"target\":[\"https:\/\/ruishengglassco.com\/product\/rs011-375ml-glass-beverage-bottles-wholesale\"]}]},{\"@type\":\"BreadcrumbList\",\"@id\":\"https:\/\/ruishengglassco.com\/product\/rs011-375ml-glass-beverage-bottles-wholesale#breadcrumb\",\"itemListElement\":[{\"@type\":\"ListItem\",\"position\":1,\"name\":\"Home\",\"item\":\"https:\/\/ruishengglassco.com\/\"},{\"@type\":\"ListItem\",\"position\":2,\"name\":\"Products\",\"item\":\"https:\/\/ruishengglassco.com\/products\"},{\"@type\":\"ListItem\",\"position\":3,\"name\":\"RS011: 375ml Glass Beverage Bottles Manufacturer\"}]},{\"@type\":\"WebSite\",\"@id\":\"https:\/\/ruishengglassco.com\/#website\",\"url\":\"https:\/\/ruishengglassco.com\/\",\"name\":\"Ruisheng Glass\",\"description\":\"\",\"publisher\":{\"@id\":\"https:\/\/ruishengglassco.com\/#organization\"},\"potentialAction\":[{\"@type\":\"SearchAction\",\"target\":{\"@type\":\"EntryPoint\",\"urlTemplate\":\"https:\/\/ruishengglassco.com\/?s={search_term_string}\"},\"query-input\":\"required name=search_term_string\"}],\"inLanguage\":\"fr-FR\"},{\"@type\":\"Organization\",\"@id\":\"https:\/\/ruishengglassco.com\/#organization\",\"name\":\"Shandong Yuncheng Ruisheng Glass Co., Ltd\",\"url\":\"https:\/\/ruishengglassco.com\/\",\"logo\":{\"@type\":\"ImageObject\",\"inLanguage\":\"fr-FR\",\"@id\":\"https:\/\/ruishengglassco.com\/#\/schema\/logo\/image\/\",\"url\":\"https:\/\/ruishengglassco.com\/wp-content\/uploads\/2023\/09\/ruisheng_logo_icon.webp\",\"contentUrl\":\"https:\/\/ruishengglassco.com\/wp-content\/uploads\/2023\/09\/ruisheng_logo_icon.webp\",\"width\":400,\"height\":233,\"caption\":\"Shandong Yuncheng Ruisheng Glass Co., Ltd\"},\"image\":{\"@id\":\"https:\/\/ruishengglassco.com\/#\/schema\/logo\/image\/\"},\"sameAs\":[\"https:\/\/www.facebook.com\/ruishengglassbottles\",\"https:\/\/www.instagram.com\/Ruishengglassbottlewholesales\/\",\"https:\/\/www.youtube.com\/channel\/UCMmbMNGwsL-XrtjfSFLCdVQ\"]}]}<\/script>\n<!-- \/ Yoast SEO plugin. -->","yoast_head_json":{"title":"Glass Beverage Bottles Manufacturers | Liquor Bottling Plant Manufacturers","description":"Ruisheng, one of the leading liquor bottling plant manufacturers in China, provides 375ml Glass Beverage Bottles Wholesale for liquor, juice, milk, champagne, and other drinks.","robots":{"index":"index","follow":"follow","max-snippet":"max-snippet:-1","max-image-preview":"max-image-preview:large","max-video-preview":"max-video-preview:-1"},"canonical":"https:\/\/ruishengglassco.com\/fr\/produit\/rs011-375ml-bouteilles-en-verre-pour-boissons-en-gros","og_locale":"fr_FR","og_type":"article","og_title":"Glass Beverage Bottles Manufacturers | Liquor Bottling Plant Manufacturers","og_description":"Ruisheng, one of the leading liquor bottling plant manufacturers in China, provides 375ml Glass Beverage Bottles Wholesale for liquor, juice, milk, champagne, and other drinks.","og_url":"https:\/\/ruishengglassco.com\/fr\/produit\/rs011-375ml-bouteilles-en-verre-pour-boissons-en-gros","article_publisher":"https:\/\/www.facebook.com\/ruishengglassbottles","article_modified_time":"2025-09-11T08:09:39+00:00","og_image":[{"width":800,"height":800,"url":"https:\/\/ruishengglassco.com\/wp-content\/uploads\/2025\/03\/RS011-375ml-Glass-Beverage-Bottles-Wholesale.webp","type":"image\/webp"}],"twitter_card":"summary_large_image","twitter_misc":{"Dur\u00e9e de lecture estim\u00e9e":"2 minutes"},"schema":{"@context":"https:\/\/schema.org","@graph":[{"@type":"WebPage","@id":"https:\/\/ruishengglassco.com\/product\/rs011-375ml-glass-beverage-bottles-wholesale","url":"https:\/\/ruishengglassco.com\/product\/rs011-375ml-glass-beverage-bottles-wholesale","name":"Glass Beverage Bottles Manufacturers | Liquor Bottling Plant Manufacturers","isPartOf":{"@id":"https:\/\/ruishengglassco.com\/#website"},"datePublished":"2025-03-15T14:12:36+00:00","dateModified":"2025-09-11T08:09:39+00:00","description":"Ruisheng, one of the leading liquor bottling plant manufacturers in China, provides 375ml Glass Beverage Bottles Wholesale for liquor, juice, milk, champagne, and other drinks.","breadcrumb":{"@id":"https:\/\/ruishengglassco.com\/product\/rs011-375ml-glass-beverage-bottles-wholesale#breadcrumb"},"inLanguage":"fr-FR","potentialAction":[{"@type":"ReadAction","target":["https:\/\/ruishengglassco.com\/product\/rs011-375ml-glass-beverage-bottles-wholesale"]}]},{"@type":"BreadcrumbList","@id":"https:\/\/ruishengglassco.com\/product\/rs011-375ml-glass-beverage-bottles-wholesale#breadcrumb","itemListElement":[{"@type":"ListItem","position":1,"name":"Home","item":"https:\/\/ruishengglassco.com\/"},{"@type":"ListItem","position":2,"name":"Products","item":"https:\/\/ruishengglassco.com\/products"},{"@type":"ListItem","position":3,"name":"RS011: 375ml Glass Beverage Bottles Manufacturer"}]},{"@type":"WebSite","@id":"https:\/\/ruishengglassco.com\/#website","url":"https:\/\/ruishengglassco.com\/","name":"Ruisheng Glass","description":"","publisher":{"@id":"https:\/\/ruishengglassco.com\/#organization"},"potentialAction":[{"@type":"SearchAction","target":{"@type":"EntryPoint","urlTemplate":"https:\/\/ruishengglassco.com\/?s={search_term_string}"},"query-input":"required name=search_term_string"}],"inLanguage":"fr-FR"},{"@type":"Organization","@id":"https:\/\/ruishengglassco.com\/#organization","name":"Shandong Yuncheng Ruisheng Glass Co., Ltd","url":"https:\/\/ruishengglassco.com\/","logo":{"@type":"ImageObject","inLanguage":"fr-FR","@id":"https:\/\/ruishengglassco.com\/#\/schema\/logo\/image\/","url":"https:\/\/ruishengglassco.com\/wp-content\/uploads\/2023\/09\/ruisheng_logo_icon.webp","contentUrl":"https:\/\/ruishengglassco.com\/wp-content\/uploads\/2023\/09\/ruisheng_logo_icon.webp","width":400,"height":233,"caption":"Shandong Yuncheng Ruisheng Glass Co., Ltd"},"image":{"@id":"https:\/\/ruishengglassco.com\/#\/schema\/logo\/image\/"},"sameAs":["https:\/\/www.facebook.com\/ruishengglassbottles","https:\/\/www.instagram.com\/Ruishengglassbottlewholesales\/","https:\/\/www.youtube.com\/channel\/UCMmbMNGwsL-XrtjfSFLCdVQ"]}]}},"_links":{"self":[{"href":"https:\/\/ruishengglassco.com\/fr\/wp-json\/wp\/v2\/product\/4373","targetHints":{"allow":["GET"]}}],"collection":[{"href":"https:\/\/ruishengglassco.com\/fr\/wp-json\/wp\/v2\/product"}],"about":[{"href":"https:\/\/ruishengglassco.com\/fr\/wp-json\/wp\/v2\/types\/product"}],"replies":[{"embeddable":true,"href":"https:\/\/ruishengglassco.com\/fr\/wp-json\/wp\/v2\/comments?post=4373"}],"wp:featuredmedia":[{"embeddable":true,"href":"https:\/\/ruishengglassco.com\/fr\/wp-json\/wp\/v2\/media\/4374"}],"wp:attachment":[{"href":"https:\/\/ruishengglassco.com\/fr\/wp-json\/wp\/v2\/media?parent=4373"}],"wp:term":[{"taxonomy":"product_cat","embeddable":true,"href":"https:\/\/ruishengglassco.com\/fr\/wp-json\/wp\/v2\/product_cat?post=4373"}],"curies":[{"name":"wp","href":"https:\/\/api.w.org\/{rel}","templated":true}]}}