{"id":4369,"date":"2025-03-15T22:08:41","date_gmt":"2025-03-15T14:08:41","guid":{"rendered":"https:\/\/ruishengglassco.com\/?post_type=product&#038;p=4369"},"modified":"2025-07-17T15:00:43","modified_gmt":"2025-07-17T07:00:43","slug":"rs013-1000ml-750ml-700ml-375ml-verre-bouteille-de-liqueur-en-gros","status":"publish","type":"product","link":"https:\/\/ruishengglassco.com\/fr\/produit\/rs013-1000ml-750ml-700ml-375ml-verre-bouteille-de-liqueur-en-gros","title":{"rendered":"RS013 : 1000ml\/750ml\/700ml\/375ml Bouteille de liqueur en verre Fournisseur"},"content":{"rendered":"<h2>Informations d\u00e9taill\u00e9es sur les bouteilles de liqueur en verre 1000ml\/750ml\/700ml\/375ml Factory<\/h2>\n<p><span data-preserver-spaces=\"true\">Ruisheng Glass est un expert dans la fabrication de bouteilles de spiritueux en verre. Elle propose des bouteilles de spiritueux de 375 ml pour la vente en gros. Elles sont id\u00e9ales pour conditionner le vin, le whisky, le brandy, la vodka, le gin et la tequila.<\/span><\/p>\n<ul>\n<li><span data-preserver-spaces=\"true\">Nom du mod\u00e8le : Bouteille de liqueur en verre 375ml<\/span><\/li>\n<li><span data-preserver-spaces=\"true\">Num\u00e9ro de mod\u00e8le : RS013<\/span><\/li>\n<li><span data-preserver-spaces=\"true\">Nom de marque : RUISHENG<\/span><\/li>\n<li><strong><span data-preserver-spaces=\"true\">MOQ : 10000pcs<\/span><\/strong><\/li>\n<li><span data-preserver-spaces=\"true\">Capacit\u00e9 : 375ml\/500ml\/700ml\/750ml\/personnalis\u00e9e<\/span><\/li>\n<li><span data-preserver-spaces=\"true\">Traitement des surfaces : Marquage \u00e0 chaud, givrage, d\u00e9calcomanie, gaufrage, s\u00e9rigraphie<\/span><\/li>\n<li><span data-preserver-spaces=\"true\">Mat\u00e9riau : Verre Super Flint<\/span><\/li>\n<li><span data-preserver-spaces=\"true\">Mat\u00e9riau du col : Bouteille en verre transparent<\/span><\/li>\n<li><span data-preserver-spaces=\"true\">Type de fermeture : Bouchon \u00e0 vis, bouchon de li\u00e8ge, bouchon de verre, bouchon \u00e0 vis<\/span><\/li>\n<li><span data-preserver-spaces=\"true\">Utilisation : Bouteille de rhum\/gin\/whisky\/Vodka\/Brandy<\/span><\/li>\n<li><span data-preserver-spaces=\"true\">Lieu d'origine : Shandong, Chine<\/span><\/li>\n<li><span data-preserver-spaces=\"true\">Emballage : Cartons et palettes d'exportation standard<\/span><\/li>\n<li><span data-preserver-spaces=\"true\">Service : Service OEM\/ODM<\/span><\/li>\n<\/ul>\n<p><span data-preserver-spaces=\"true\">La bouteille de liqueur en verre en gros montr\u00e9e dans l'image est sp\u00e9cialement personnalis\u00e9e par le client pour emballer du brandy.<\/span><span data-preserver-spaces=\"true\"> La bouteille en verre est con\u00e7ue avec de multiples bords et angles, ce qui lui permet de refl\u00e9ter la qualit\u00e9 et la couleur du produit sous diff\u00e9rents angles. <\/span><span data-preserver-spaces=\"true\">Le produit <\/span><span data-preserver-spaces=\"true\">est r\u00e9alis\u00e9<\/span><span data-preserver-spaces=\"true\"> en verre ultra-clair de haute qualit\u00e9, <\/span><span data-preserver-spaces=\"true\">qui rend<\/span><span data-preserver-spaces=\"true\"> la bouteille est plus transparente, plus belle et plus \u00e9l\u00e9gante.<\/span><span data-preserver-spaces=\"true\"> En g\u00e9n\u00e9ral, les clients choisissent des bouteilles de 750 ml ou de 700 ml, car ces deux tailles sont les capacit\u00e9s accept\u00e9es au niveau international. <\/span><span data-preserver-spaces=\"true\">Bien entendu, nous pouvons \u00e9galement produire des bouteilles de <\/span><span data-preserver-spaces=\"true\">diff\u00e9rents<\/span><span data-preserver-spaces=\"true\"> capacit\u00e9s <\/span><span data-preserver-spaces=\"true\">selon<\/span><span data-preserver-spaces=\"true\"> les besoins des clients.<\/span> <span data-preserver-spaces=\"true\">En outre, les<\/span><span data-preserver-spaces=\"true\">, nous <\/span><span data-preserver-spaces=\"true\">fournir<\/span><span data-preserver-spaces=\"true\"> a <\/span><span data-preserver-spaces=\"true\">vari\u00e9t\u00e9<\/span><span data-preserver-spaces=\"true\"> de bouchons de bouteilles pour les clients <\/span><span data-preserver-spaces=\"true\">choisir<\/span><span data-preserver-spaces=\"true\"> de.<\/span><\/p>\n<p><img decoding=\"async\" class=\"aligncenter wp-image-2420 size-full\" src=\"https:\/\/glassbottlewholesale.com\/wp-content\/uploads\/2020\/12\/WX20201229-154422.png\" alt=\"bouchons de bouteille\" width=\"752\" height=\"452\" \/><\/p>","protected":false},"excerpt":{"rendered":"<p><span data-preserver-spaces=\"true\">La soci\u00e9t\u00e9 Ruisheng Glass Co. a \u00e9t\u00e9 cr\u00e9\u00e9e en 2009. Elle est sp\u00e9cialis\u00e9e dans la conception et la fabrication de toutes sortes de bouteilles de spiritueux en verre. Elle propose \u00e9galement des services de vente en gros de bouteilles de spiritueux de 375 ml. Ruisheng Glass est un fournisseur unique de bouteilles en verre. Ils utilisent diverses techniques pour cr\u00e9er des mod\u00e8les standard et sur mesure. En outre, ses prix sont \u00e9quitables. Nous fournissons aux clients des produits de qualit\u00e9 qui r\u00e9pondent parfaitement \u00e0 leurs besoins dans les d\u00e9lais impartis.<\/span><\/p>\n<p><strong><span data-preserver-spaces=\"true\">-QMOS : 10000 PCS (environ 10000-30000pcs)<\/span><\/strong><\/p>\n<p><span data-preserver-spaces=\"true\">-\u00c9chantillon gratuit offert.<\/span><\/p>\n<p><span data-preserver-spaces=\"true\">-Livraison mondiale sous 30 jours.<\/span><\/p>","protected":false},"featured_media":4370,"comment_status":"closed","ping_status":"closed","template":"","meta":[],"product_cat":[55,44,40,43],"class_list":{"0":"post-4369","1":"product","2":"type-product","3":"status-publish","4":"has-post-thumbnail","6":"product_cat-375ml-liquor-bottle-manufacturer","7":"product_cat-700ml-liquor-bottle-manufacturer","8":"product_cat-750ml-liquor-bottle-manufacturer","9":"product_cat-1000ml-liquor-bottle-manufacturer","11":"first","12":"instock","13":"shipping-taxable","14":"product-type-simple"},"yoast_head":"<!-- This site is optimized with the Yoast SEO plugin v22.0 - https:\/\/yoast.com\/wordpress\/plugins\/seo\/ -->\n<title>375ml Liquor Bottle Supplier | Glass Spirit Bottle Manufacturers<\/title>\n<meta name=\"description\" content=\"Ruisheng Glass Co, Ltd, a professional glass spirit bottle manufacturers in China, provide 375ml liquor bottle wholesale at factory outlet price.\" \/>\n<meta name=\"robots\" content=\"index, follow, max-snippet:-1, max-image-preview:large, max-video-preview:-1\" \/>\n<link rel=\"canonical\" href=\"https:\/\/ruishengglassco.com\/fr\/produit\/rs013-1000ml-750ml-700ml-375ml-verre-bouteille-de-liqueur-en-gros\" \/>\n<meta property=\"og:locale\" content=\"fr_FR\" \/>\n<meta property=\"og:type\" content=\"article\" \/>\n<meta property=\"og:title\" content=\"375ml Liquor Bottle Supplier | Glass Spirit Bottle Manufacturers\" \/>\n<meta property=\"og:description\" content=\"Ruisheng Glass Co, Ltd, a professional glass spirit bottle manufacturers in China, provide 375ml liquor bottle wholesale at factory outlet price.\" \/>\n<meta property=\"og:url\" content=\"https:\/\/ruishengglassco.com\/fr\/produit\/rs013-1000ml-750ml-700ml-375ml-verre-bouteille-de-liqueur-en-gros\" \/>\n<meta property=\"article:publisher\" content=\"https:\/\/www.facebook.com\/ruishengglassbottles\" \/>\n<meta property=\"article:modified_time\" content=\"2025-07-17T07:00:43+00:00\" \/>\n<meta property=\"og:image\" content=\"https:\/\/ruishengglassco.com\/wp-content\/uploads\/2025\/03\/RS013-1000ml-750ml-700ml-375ml-Glass-Liquor-Bottle-Wholesale.webp\" \/>\n\t<meta property=\"og:image:width\" content=\"800\" \/>\n\t<meta property=\"og:image:height\" content=\"800\" \/>\n\t<meta property=\"og:image:type\" content=\"image\/webp\" \/>\n<meta name=\"twitter:card\" content=\"summary_large_image\" \/>\n<meta name=\"twitter:label1\" content=\"Dur\u00e9e de lecture estim\u00e9e\" \/>\n\t<meta name=\"twitter:data1\" content=\"2 minutes\" \/>\n<script type=\"application\/ld+json\" class=\"yoast-schema-graph\">{\"@context\":\"https:\/\/schema.org\",\"@graph\":[{\"@type\":\"WebPage\",\"@id\":\"https:\/\/ruishengglassco.com\/product\/rs013-1000ml-750ml-700ml-375ml-glass-liquor-bottle-wholesale\",\"url\":\"https:\/\/ruishengglassco.com\/product\/rs013-1000ml-750ml-700ml-375ml-glass-liquor-bottle-wholesale\",\"name\":\"375ml Liquor Bottle Supplier | Glass Spirit Bottle Manufacturers\",\"isPartOf\":{\"@id\":\"https:\/\/ruishengglassco.com\/#website\"},\"datePublished\":\"2025-03-15T14:08:41+00:00\",\"dateModified\":\"2025-07-17T07:00:43+00:00\",\"description\":\"Ruisheng Glass Co, Ltd, a professional glass spirit bottle manufacturers in China, provide 375ml liquor bottle wholesale at factory outlet price.\",\"breadcrumb\":{\"@id\":\"https:\/\/ruishengglassco.com\/product\/rs013-1000ml-750ml-700ml-375ml-glass-liquor-bottle-wholesale#breadcrumb\"},\"inLanguage\":\"fr-FR\",\"potentialAction\":[{\"@type\":\"ReadAction\",\"target\":[\"https:\/\/ruishengglassco.com\/product\/rs013-1000ml-750ml-700ml-375ml-glass-liquor-bottle-wholesale\"]}]},{\"@type\":\"BreadcrumbList\",\"@id\":\"https:\/\/ruishengglassco.com\/product\/rs013-1000ml-750ml-700ml-375ml-glass-liquor-bottle-wholesale#breadcrumb\",\"itemListElement\":[{\"@type\":\"ListItem\",\"position\":1,\"name\":\"Home\",\"item\":\"https:\/\/ruishengglassco.com\/\"},{\"@type\":\"ListItem\",\"position\":2,\"name\":\"Products\",\"item\":\"https:\/\/ruishengglassco.com\/products\"},{\"@type\":\"ListItem\",\"position\":3,\"name\":\"RS013: 1000ml\/750ml\/700ml\/375ml Glass Liquor Bottle Supplier\"}]},{\"@type\":\"WebSite\",\"@id\":\"https:\/\/ruishengglassco.com\/#website\",\"url\":\"https:\/\/ruishengglassco.com\/\",\"name\":\"Ruisheng Glass\",\"description\":\"\",\"publisher\":{\"@id\":\"https:\/\/ruishengglassco.com\/#organization\"},\"potentialAction\":[{\"@type\":\"SearchAction\",\"target\":{\"@type\":\"EntryPoint\",\"urlTemplate\":\"https:\/\/ruishengglassco.com\/?s={search_term_string}\"},\"query-input\":\"required name=search_term_string\"}],\"inLanguage\":\"fr-FR\"},{\"@type\":\"Organization\",\"@id\":\"https:\/\/ruishengglassco.com\/#organization\",\"name\":\"Shandong Yuncheng Ruisheng Glass Co., Ltd\",\"url\":\"https:\/\/ruishengglassco.com\/\",\"logo\":{\"@type\":\"ImageObject\",\"inLanguage\":\"fr-FR\",\"@id\":\"https:\/\/ruishengglassco.com\/#\/schema\/logo\/image\/\",\"url\":\"https:\/\/ruishengglassco.com\/wp-content\/uploads\/2023\/09\/ruisheng_logo_icon.webp\",\"contentUrl\":\"https:\/\/ruishengglassco.com\/wp-content\/uploads\/2023\/09\/ruisheng_logo_icon.webp\",\"width\":400,\"height\":233,\"caption\":\"Shandong Yuncheng Ruisheng Glass Co., Ltd\"},\"image\":{\"@id\":\"https:\/\/ruishengglassco.com\/#\/schema\/logo\/image\/\"},\"sameAs\":[\"https:\/\/www.facebook.com\/ruishengglassbottles\",\"https:\/\/www.instagram.com\/Ruishengglassbottlewholesales\/\",\"https:\/\/www.youtube.com\/channel\/UCMmbMNGwsL-XrtjfSFLCdVQ\"]}]}<\/script>\n<!-- \/ Yoast SEO plugin. -->","yoast_head_json":{"title":"375ml Liquor Bottle Supplier | Glass Spirit Bottle Manufacturers","description":"Ruisheng Glass Co, Ltd, a professional glass spirit bottle manufacturers in China, provide 375ml liquor bottle wholesale at factory outlet price.","robots":{"index":"index","follow":"follow","max-snippet":"max-snippet:-1","max-image-preview":"max-image-preview:large","max-video-preview":"max-video-preview:-1"},"canonical":"https:\/\/ruishengglassco.com\/fr\/produit\/rs013-1000ml-750ml-700ml-375ml-verre-bouteille-de-liqueur-en-gros","og_locale":"fr_FR","og_type":"article","og_title":"375ml Liquor Bottle Supplier | Glass Spirit Bottle Manufacturers","og_description":"Ruisheng Glass Co, Ltd, a professional glass spirit bottle manufacturers in China, provide 375ml liquor bottle wholesale at factory outlet price.","og_url":"https:\/\/ruishengglassco.com\/fr\/produit\/rs013-1000ml-750ml-700ml-375ml-verre-bouteille-de-liqueur-en-gros","article_publisher":"https:\/\/www.facebook.com\/ruishengglassbottles","article_modified_time":"2025-07-17T07:00:43+00:00","og_image":[{"width":800,"height":800,"url":"https:\/\/ruishengglassco.com\/wp-content\/uploads\/2025\/03\/RS013-1000ml-750ml-700ml-375ml-Glass-Liquor-Bottle-Wholesale.webp","type":"image\/webp"}],"twitter_card":"summary_large_image","twitter_misc":{"Dur\u00e9e de lecture estim\u00e9e":"2 minutes"},"schema":{"@context":"https:\/\/schema.org","@graph":[{"@type":"WebPage","@id":"https:\/\/ruishengglassco.com\/product\/rs013-1000ml-750ml-700ml-375ml-glass-liquor-bottle-wholesale","url":"https:\/\/ruishengglassco.com\/product\/rs013-1000ml-750ml-700ml-375ml-glass-liquor-bottle-wholesale","name":"375ml Liquor Bottle Supplier | Glass Spirit Bottle Manufacturers","isPartOf":{"@id":"https:\/\/ruishengglassco.com\/#website"},"datePublished":"2025-03-15T14:08:41+00:00","dateModified":"2025-07-17T07:00:43+00:00","description":"Ruisheng Glass Co, Ltd, a professional glass spirit bottle manufacturers in China, provide 375ml liquor bottle wholesale at factory outlet price.","breadcrumb":{"@id":"https:\/\/ruishengglassco.com\/product\/rs013-1000ml-750ml-700ml-375ml-glass-liquor-bottle-wholesale#breadcrumb"},"inLanguage":"fr-FR","potentialAction":[{"@type":"ReadAction","target":["https:\/\/ruishengglassco.com\/product\/rs013-1000ml-750ml-700ml-375ml-glass-liquor-bottle-wholesale"]}]},{"@type":"BreadcrumbList","@id":"https:\/\/ruishengglassco.com\/product\/rs013-1000ml-750ml-700ml-375ml-glass-liquor-bottle-wholesale#breadcrumb","itemListElement":[{"@type":"ListItem","position":1,"name":"Home","item":"https:\/\/ruishengglassco.com\/"},{"@type":"ListItem","position":2,"name":"Products","item":"https:\/\/ruishengglassco.com\/products"},{"@type":"ListItem","position":3,"name":"RS013: 1000ml\/750ml\/700ml\/375ml Glass Liquor Bottle Supplier"}]},{"@type":"WebSite","@id":"https:\/\/ruishengglassco.com\/#website","url":"https:\/\/ruishengglassco.com\/","name":"Ruisheng Glass","description":"","publisher":{"@id":"https:\/\/ruishengglassco.com\/#organization"},"potentialAction":[{"@type":"SearchAction","target":{"@type":"EntryPoint","urlTemplate":"https:\/\/ruishengglassco.com\/?s={search_term_string}"},"query-input":"required name=search_term_string"}],"inLanguage":"fr-FR"},{"@type":"Organization","@id":"https:\/\/ruishengglassco.com\/#organization","name":"Shandong Yuncheng Ruisheng Glass Co., Ltd","url":"https:\/\/ruishengglassco.com\/","logo":{"@type":"ImageObject","inLanguage":"fr-FR","@id":"https:\/\/ruishengglassco.com\/#\/schema\/logo\/image\/","url":"https:\/\/ruishengglassco.com\/wp-content\/uploads\/2023\/09\/ruisheng_logo_icon.webp","contentUrl":"https:\/\/ruishengglassco.com\/wp-content\/uploads\/2023\/09\/ruisheng_logo_icon.webp","width":400,"height":233,"caption":"Shandong Yuncheng Ruisheng Glass Co., Ltd"},"image":{"@id":"https:\/\/ruishengglassco.com\/#\/schema\/logo\/image\/"},"sameAs":["https:\/\/www.facebook.com\/ruishengglassbottles","https:\/\/www.instagram.com\/Ruishengglassbottlewholesales\/","https:\/\/www.youtube.com\/channel\/UCMmbMNGwsL-XrtjfSFLCdVQ"]}]}},"_links":{"self":[{"href":"https:\/\/ruishengglassco.com\/fr\/wp-json\/wp\/v2\/product\/4369","targetHints":{"allow":["GET"]}}],"collection":[{"href":"https:\/\/ruishengglassco.com\/fr\/wp-json\/wp\/v2\/product"}],"about":[{"href":"https:\/\/ruishengglassco.com\/fr\/wp-json\/wp\/v2\/types\/product"}],"replies":[{"embeddable":true,"href":"https:\/\/ruishengglassco.com\/fr\/wp-json\/wp\/v2\/comments?post=4369"}],"wp:featuredmedia":[{"embeddable":true,"href":"https:\/\/ruishengglassco.com\/fr\/wp-json\/wp\/v2\/media\/4370"}],"wp:attachment":[{"href":"https:\/\/ruishengglassco.com\/fr\/wp-json\/wp\/v2\/media?parent=4369"}],"wp:term":[{"taxonomy":"product_cat","embeddable":true,"href":"https:\/\/ruishengglassco.com\/fr\/wp-json\/wp\/v2\/product_cat?post=4369"}],"curies":[{"name":"wp","href":"https:\/\/api.w.org\/{rel}","templated":true}]}}