{"id":4367,"date":"2025-03-15T22:06:38","date_gmt":"2025-03-15T14:06:38","guid":{"rendered":"https:\/\/ruishengglassco.com\/?post_type=product&#038;p=4367"},"modified":"2025-07-17T14:57:26","modified_gmt":"2025-07-17T06:57:26","slug":"rs014-375ml-bouteille-en-verre-transparent-pour-liqueur-en-gros","status":"publish","type":"product","link":"https:\/\/ruishengglassco.com\/fr\/produit\/rs014-375ml-bouteille-en-verre-transparent-pour-liqueur-en-gros","title":{"rendered":"RS014 : Bouteille en verre transparent 375ml pour liqueur"},"content":{"rendered":"<h2>Informations d\u00e9taill\u00e9es sur les bouteilles de liqueur d'usine de 375 ml<\/h2>\n<p><span data-preserver-spaces=\"true\">Vous souhaitez vendre des bouteilles d'alcool en gros ?  En achetant directement aupr\u00e8s d'un fabricant de bouteilles de liqueur fiable, vous trouverez des bouteilles de liqueur fra\u00eeches de haute qualit\u00e9 \u00e0 vendre et vous ferez des \u00e9conomies.<\/span><\/p>\n<p><span data-preserver-spaces=\"true\">Cette s\u00e9rie de bouteilles en verre transparent de 375 ml est vendue en gros. <\/span><span data-preserver-spaces=\"true\">est principalement utilis\u00e9<\/span><span data-preserver-spaces=\"true\"> dans l'emballage des boissons et des alcools. <\/span><span data-preserver-spaces=\"true\">Le produit <\/span><span data-preserver-spaces=\"true\">adopte des<\/span><span data-preserver-spaces=\"true\"> Mat\u00e9riau du verre de silex, <\/span><span data-preserver-spaces=\"true\">qui rend<\/span><span data-preserver-spaces=\"true\"> notre verre <\/span><span data-preserver-spaces=\"true\">bouteille<\/span> <span data-preserver-spaces=\"true\">plus clair<\/span><span data-preserver-spaces=\"true\">transparent et respectueux de l'environnement.<\/span><\/p>\n<p><span data-preserver-spaces=\"true\">En tant que fournisseur professionnel de bouteilles d'alcool, notre soci\u00e9t\u00e9 propose des services de bouteilles en verre OEM\/ODM\/personnalis\u00e9es. <\/span><span data-preserver-spaces=\"true\">Vous pouvez <\/span><span data-preserver-spaces=\"true\">mettre en avant<\/span><span data-preserver-spaces=\"true\"> exigences <\/span><span data-preserver-spaces=\"true\">sur<\/span><span data-preserver-spaces=\"true\"> la capacit\u00e9, la couleur, la forme, le bouchon, <\/span><span data-preserver-spaces=\"true\">etc.<\/span><span data-preserver-spaces=\"true\"> de la bouteille de vin, et nous pouvons la produire selon vos besoins. <\/span><span data-preserver-spaces=\"true\">exigences<\/span><span data-preserver-spaces=\"true\">.<\/span><\/p>\n<ul>\n<li><span data-preserver-spaces=\"true\">Nom du produit : Bouteille en verre transparent 375ml Wholesale pour liqueur<\/span><\/li>\n<li><span data-preserver-spaces=\"true\">Num\u00e9ro de r\u00e9f\u00e9rence : RS014<\/span><\/li>\n<li><span data-preserver-spaces=\"true\">Mat\u00e9riau du verre : Super Flint \/ Extra Flint<\/span><\/li>\n<li><span data-preserver-spaces=\"true\">Forme de la bouteille : Forme ronde haute<\/span><\/li>\n<li><span data-preserver-spaces=\"true\">Capacit\u00e9 nominale : 375ml<\/span><\/li>\n<li><span data-preserver-spaces=\"true\">Poids de la bouteille : 580 g<\/span><\/li>\n<li><span data-preserver-spaces=\"true\">Type d'\u00e9tanch\u00e9it\u00e9 : Li\u00e8ge \/ Capsules GPI \/ Capsules Ropp<\/span><\/li>\n<li><span data-preserver-spaces=\"true\">Utilisation industrielle : Vodka, whisky, brandy, cognac, rhum, tequila, eau, jus, sirop.<\/span><\/li>\n<li><span data-preserver-spaces=\"true\">D\u00e9coration Gravure \/ Impression \/ Givrage \/ Galvanisation \/ Pulv\u00e9risation<\/span><\/li>\n<\/ul>\n<p><span data-preserver-spaces=\"true\">Si vous <\/span><span data-preserver-spaces=\"true\">vouloir<\/span><span data-preserver-spaces=\"true\"> \u00e0 <\/span><span data-preserver-spaces=\"true\">savoir<\/span><span data-preserver-spaces=\"true\"> Pour en savoir plus sur la vente en gros de bouteilles de liqueur, veuillez cliquer ici. <\/span><span data-preserver-spaces=\"true\">se sentir libre<\/span><span data-preserver-spaces=\"true\"> pour nous contacter.<\/span><\/p>","protected":false},"excerpt":{"rendered":"<p><span data-preserver-spaces=\"true\">Trouvez des bouteilles de liqueur en gros \u00e0 vendre sur <\/span><a class=\"editor-rtfLink\" href=\"http:\/\/glassbottlewholesale.com\" target=\"_blank\" rel=\"noopener\"><span data-preserver-spaces=\"true\">glassbottlewholesale.com<\/span><\/a><span data-preserver-spaces=\"true\">. Ruisheng Glass Co. est un fabricant professionnel de bouteilles d'alcool en verre en Chine. Nous proposons des bouteilles d'alcool vides en gros et des \u00e9tiquettes de bouteilles d'alcool personnalis\u00e9es. Nos services s'adressent aux grossistes en bouteilles de verre, aux distributeurs, aux supermarch\u00e9s, etc.<\/span><\/p>\n<h2><strong><span data-preserver-spaces=\"true\">Commander des informations sur la vente en gros de bouteilles de spiritueux<\/span><\/strong><\/h2>\n<ul>\n<li><strong><span data-preserver-spaces=\"true\">MOQ:10000pcs(10000 PCS)<\/span><\/strong><\/li>\n<li><span data-preserver-spaces=\"true\">Service de bouteilles de liqueur OEM\/ODM\/personnalis\u00e9es offert.<\/span><\/li>\n<li><span data-preserver-spaces=\"true\">Livraison gratuite d'un \u00e9chantillon dans les 7 jours<\/span><\/li>\n<li><span data-preserver-spaces=\"true\">Commande en gros Exp\u00e9dition globale dans les 30 jours<\/span><\/li>\n<\/ul>\n<p><span data-preserver-spaces=\"true\">Si vous \u00eates int\u00e9ress\u00e9 par nos bouteilles de liqueur en gros, veuillez cliquer sur le lien suivant <\/span><span data-preserver-spaces=\"true\">se sentir libre<\/span><span data-preserver-spaces=\"true\"> pour nous contacter.<\/span><\/p>","protected":false},"featured_media":4368,"comment_status":"closed","ping_status":"closed","template":"","meta":[],"product_cat":[55,45,52,54,56],"class_list":{"0":"post-4367","1":"product","2":"type-product","3":"status-publish","4":"has-post-thumbnail","6":"product_cat-375ml-liquor-bottle-manufacturer","7":"product_cat-custom-glass-bottle","8":"product_cat-vodka-bottle","9":"product_cat-whiskey-bottle","10":"product_cat-xo-brandy-bottle","12":"first","13":"instock","14":"shipping-taxable","15":"product-type-simple"},"yoast_head":"<!-- This site is optimized with the Yoast SEO plugin v22.0 - https:\/\/yoast.com\/wordpress\/plugins\/seo\/ -->\n<title>FactoryF Liquor Bottles For Sale | Custom Spirit Bottle Labels<\/title>\n<meta name=\"description\" content=\"Find Wholesale Liquor Bottles For Sale At Glassbottlewholesale.com. Custom Spirit Bottle Labels and Free Sample Offered. Get Quote Now.\" \/>\n<meta name=\"robots\" content=\"index, follow, max-snippet:-1, max-image-preview:large, max-video-preview:-1\" \/>\n<link rel=\"canonical\" href=\"https:\/\/ruishengglassco.com\/fr\/produit\/rs014-375ml-bouteille-en-verre-transparent-pour-liqueur-en-gros\" \/>\n<meta property=\"og:locale\" content=\"fr_FR\" \/>\n<meta property=\"og:type\" content=\"article\" \/>\n<meta property=\"og:title\" content=\"FactoryF Liquor Bottles For Sale | Custom Spirit Bottle Labels\" \/>\n<meta property=\"og:description\" content=\"Find Wholesale Liquor Bottles For Sale At Glassbottlewholesale.com. Custom Spirit Bottle Labels and Free Sample Offered. Get Quote Now.\" \/>\n<meta property=\"og:url\" content=\"https:\/\/ruishengglassco.com\/fr\/produit\/rs014-375ml-bouteille-en-verre-transparent-pour-liqueur-en-gros\" \/>\n<meta property=\"article:publisher\" content=\"https:\/\/www.facebook.com\/ruishengglassbottles\" \/>\n<meta property=\"article:modified_time\" content=\"2025-07-17T06:57:26+00:00\" \/>\n<meta property=\"og:image\" content=\"https:\/\/ruishengglassco.com\/wp-content\/uploads\/2025\/03\/RS014-375ml-Clear-Glass-Bottle-Wholesale-For-Liquor.webp\" \/>\n\t<meta property=\"og:image:width\" content=\"800\" \/>\n\t<meta property=\"og:image:height\" content=\"800\" \/>\n\t<meta property=\"og:image:type\" content=\"image\/webp\" \/>\n<meta name=\"twitter:card\" content=\"summary_large_image\" \/>\n<meta name=\"twitter:label1\" content=\"Dur\u00e9e de lecture estim\u00e9e\" \/>\n\t<meta name=\"twitter:data1\" content=\"2 minutes\" \/>\n<script type=\"application\/ld+json\" class=\"yoast-schema-graph\">{\"@context\":\"https:\/\/schema.org\",\"@graph\":[{\"@type\":\"WebPage\",\"@id\":\"https:\/\/ruishengglassco.com\/product\/rs014-375ml-clear-glass-bottle-wholesale-for-liquor\",\"url\":\"https:\/\/ruishengglassco.com\/product\/rs014-375ml-clear-glass-bottle-wholesale-for-liquor\",\"name\":\"FactoryF Liquor Bottles For Sale | Custom Spirit Bottle Labels\",\"isPartOf\":{\"@id\":\"https:\/\/ruishengglassco.com\/#website\"},\"datePublished\":\"2025-03-15T14:06:38+00:00\",\"dateModified\":\"2025-07-17T06:57:26+00:00\",\"description\":\"Find Wholesale Liquor Bottles For Sale At Glassbottlewholesale.com. Custom Spirit Bottle Labels and Free Sample Offered. Get Quote Now.\",\"breadcrumb\":{\"@id\":\"https:\/\/ruishengglassco.com\/product\/rs014-375ml-clear-glass-bottle-wholesale-for-liquor#breadcrumb\"},\"inLanguage\":\"fr-FR\",\"potentialAction\":[{\"@type\":\"ReadAction\",\"target\":[\"https:\/\/ruishengglassco.com\/product\/rs014-375ml-clear-glass-bottle-wholesale-for-liquor\"]}]},{\"@type\":\"BreadcrumbList\",\"@id\":\"https:\/\/ruishengglassco.com\/product\/rs014-375ml-clear-glass-bottle-wholesale-for-liquor#breadcrumb\",\"itemListElement\":[{\"@type\":\"ListItem\",\"position\":1,\"name\":\"Home\",\"item\":\"https:\/\/ruishengglassco.com\/\"},{\"@type\":\"ListItem\",\"position\":2,\"name\":\"Products\",\"item\":\"https:\/\/ruishengglassco.com\/products\"},{\"@type\":\"ListItem\",\"position\":3,\"name\":\"RS014: 375ml Clear Glass Bottle Factory For Liquor\"}]},{\"@type\":\"WebSite\",\"@id\":\"https:\/\/ruishengglassco.com\/#website\",\"url\":\"https:\/\/ruishengglassco.com\/\",\"name\":\"Ruisheng Glass\",\"description\":\"\",\"publisher\":{\"@id\":\"https:\/\/ruishengglassco.com\/#organization\"},\"potentialAction\":[{\"@type\":\"SearchAction\",\"target\":{\"@type\":\"EntryPoint\",\"urlTemplate\":\"https:\/\/ruishengglassco.com\/?s={search_term_string}\"},\"query-input\":\"required name=search_term_string\"}],\"inLanguage\":\"fr-FR\"},{\"@type\":\"Organization\",\"@id\":\"https:\/\/ruishengglassco.com\/#organization\",\"name\":\"Shandong Yuncheng Ruisheng Glass Co., Ltd\",\"url\":\"https:\/\/ruishengglassco.com\/\",\"logo\":{\"@type\":\"ImageObject\",\"inLanguage\":\"fr-FR\",\"@id\":\"https:\/\/ruishengglassco.com\/#\/schema\/logo\/image\/\",\"url\":\"https:\/\/ruishengglassco.com\/wp-content\/uploads\/2023\/09\/ruisheng_logo_icon.webp\",\"contentUrl\":\"https:\/\/ruishengglassco.com\/wp-content\/uploads\/2023\/09\/ruisheng_logo_icon.webp\",\"width\":400,\"height\":233,\"caption\":\"Shandong Yuncheng Ruisheng Glass Co., Ltd\"},\"image\":{\"@id\":\"https:\/\/ruishengglassco.com\/#\/schema\/logo\/image\/\"},\"sameAs\":[\"https:\/\/www.facebook.com\/ruishengglassbottles\",\"https:\/\/www.instagram.com\/Ruishengglassbottlewholesales\/\",\"https:\/\/www.youtube.com\/channel\/UCMmbMNGwsL-XrtjfSFLCdVQ\"]}]}<\/script>\n<!-- \/ Yoast SEO plugin. -->","yoast_head_json":{"title":"FactoryF Liquor Bottles For Sale | Custom Spirit Bottle Labels","description":"Find Wholesale Liquor Bottles For Sale At Glassbottlewholesale.com. Custom Spirit Bottle Labels and Free Sample Offered. Get Quote Now.","robots":{"index":"index","follow":"follow","max-snippet":"max-snippet:-1","max-image-preview":"max-image-preview:large","max-video-preview":"max-video-preview:-1"},"canonical":"https:\/\/ruishengglassco.com\/fr\/produit\/rs014-375ml-bouteille-en-verre-transparent-pour-liqueur-en-gros","og_locale":"fr_FR","og_type":"article","og_title":"FactoryF Liquor Bottles For Sale | Custom Spirit Bottle Labels","og_description":"Find Wholesale Liquor Bottles For Sale At Glassbottlewholesale.com. Custom Spirit Bottle Labels and Free Sample Offered. Get Quote Now.","og_url":"https:\/\/ruishengglassco.com\/fr\/produit\/rs014-375ml-bouteille-en-verre-transparent-pour-liqueur-en-gros","article_publisher":"https:\/\/www.facebook.com\/ruishengglassbottles","article_modified_time":"2025-07-17T06:57:26+00:00","og_image":[{"width":800,"height":800,"url":"https:\/\/ruishengglassco.com\/wp-content\/uploads\/2025\/03\/RS014-375ml-Clear-Glass-Bottle-Wholesale-For-Liquor.webp","type":"image\/webp"}],"twitter_card":"summary_large_image","twitter_misc":{"Dur\u00e9e de lecture estim\u00e9e":"2 minutes"},"schema":{"@context":"https:\/\/schema.org","@graph":[{"@type":"WebPage","@id":"https:\/\/ruishengglassco.com\/product\/rs014-375ml-clear-glass-bottle-wholesale-for-liquor","url":"https:\/\/ruishengglassco.com\/product\/rs014-375ml-clear-glass-bottle-wholesale-for-liquor","name":"FactoryF Liquor Bottles For Sale | Custom Spirit Bottle Labels","isPartOf":{"@id":"https:\/\/ruishengglassco.com\/#website"},"datePublished":"2025-03-15T14:06:38+00:00","dateModified":"2025-07-17T06:57:26+00:00","description":"Find Wholesale Liquor Bottles For Sale At Glassbottlewholesale.com. Custom Spirit Bottle Labels and Free Sample Offered. Get Quote Now.","breadcrumb":{"@id":"https:\/\/ruishengglassco.com\/product\/rs014-375ml-clear-glass-bottle-wholesale-for-liquor#breadcrumb"},"inLanguage":"fr-FR","potentialAction":[{"@type":"ReadAction","target":["https:\/\/ruishengglassco.com\/product\/rs014-375ml-clear-glass-bottle-wholesale-for-liquor"]}]},{"@type":"BreadcrumbList","@id":"https:\/\/ruishengglassco.com\/product\/rs014-375ml-clear-glass-bottle-wholesale-for-liquor#breadcrumb","itemListElement":[{"@type":"ListItem","position":1,"name":"Home","item":"https:\/\/ruishengglassco.com\/"},{"@type":"ListItem","position":2,"name":"Products","item":"https:\/\/ruishengglassco.com\/products"},{"@type":"ListItem","position":3,"name":"RS014: 375ml Clear Glass Bottle Factory For Liquor"}]},{"@type":"WebSite","@id":"https:\/\/ruishengglassco.com\/#website","url":"https:\/\/ruishengglassco.com\/","name":"Ruisheng Glass","description":"","publisher":{"@id":"https:\/\/ruishengglassco.com\/#organization"},"potentialAction":[{"@type":"SearchAction","target":{"@type":"EntryPoint","urlTemplate":"https:\/\/ruishengglassco.com\/?s={search_term_string}"},"query-input":"required name=search_term_string"}],"inLanguage":"fr-FR"},{"@type":"Organization","@id":"https:\/\/ruishengglassco.com\/#organization","name":"Shandong Yuncheng Ruisheng Glass Co., Ltd","url":"https:\/\/ruishengglassco.com\/","logo":{"@type":"ImageObject","inLanguage":"fr-FR","@id":"https:\/\/ruishengglassco.com\/#\/schema\/logo\/image\/","url":"https:\/\/ruishengglassco.com\/wp-content\/uploads\/2023\/09\/ruisheng_logo_icon.webp","contentUrl":"https:\/\/ruishengglassco.com\/wp-content\/uploads\/2023\/09\/ruisheng_logo_icon.webp","width":400,"height":233,"caption":"Shandong Yuncheng Ruisheng Glass Co., Ltd"},"image":{"@id":"https:\/\/ruishengglassco.com\/#\/schema\/logo\/image\/"},"sameAs":["https:\/\/www.facebook.com\/ruishengglassbottles","https:\/\/www.instagram.com\/Ruishengglassbottlewholesales\/","https:\/\/www.youtube.com\/channel\/UCMmbMNGwsL-XrtjfSFLCdVQ"]}]}},"_links":{"self":[{"href":"https:\/\/ruishengglassco.com\/fr\/wp-json\/wp\/v2\/product\/4367","targetHints":{"allow":["GET"]}}],"collection":[{"href":"https:\/\/ruishengglassco.com\/fr\/wp-json\/wp\/v2\/product"}],"about":[{"href":"https:\/\/ruishengglassco.com\/fr\/wp-json\/wp\/v2\/types\/product"}],"replies":[{"embeddable":true,"href":"https:\/\/ruishengglassco.com\/fr\/wp-json\/wp\/v2\/comments?post=4367"}],"wp:featuredmedia":[{"embeddable":true,"href":"https:\/\/ruishengglassco.com\/fr\/wp-json\/wp\/v2\/media\/4368"}],"wp:attachment":[{"href":"https:\/\/ruishengglassco.com\/fr\/wp-json\/wp\/v2\/media?parent=4367"}],"wp:term":[{"taxonomy":"product_cat","embeddable":true,"href":"https:\/\/ruishengglassco.com\/fr\/wp-json\/wp\/v2\/product_cat?post=4367"}],"curies":[{"name":"wp","href":"https:\/\/api.w.org\/{rel}","templated":true}]}}