{"id":4365,"date":"2025-03-15T22:05:00","date_gmt":"2025-03-15T14:05:00","guid":{"rendered":"https:\/\/ruishengglassco.com\/?post_type=product&#038;p=4365"},"modified":"2025-07-17T14:55:48","modified_gmt":"2025-07-17T06:55:48","slug":"rs015-wholesale-round-350ml-glass-juice-bottle-wholesale-with-cork","status":"publish","type":"product","link":"https:\/\/ruishengglassco.com\/fr\/produit\/rs015-wholesale-round-350ml-glass-juice-bottle-wholesale-with-cork","title":{"rendered":"RS015 : Fabricant de bouteilles de jus de fruits rondes en verre 350ml avec bouchon en li\u00e8ge"},"content":{"rendered":"<h2>Informations d\u00e9taill\u00e9es sur les fabricants de bouteilles de jus de fruits en verre<\/h2>\n<p><span data-preserver-spaces=\"true\">Cette s\u00e9rie de bouteilles de jus de fruits en verre est une bouteille en verre de conception standard. Nos bouteilles de jus de fruits en verre sont de conception standard. <\/span><span data-preserver-spaces=\"true\">propre<\/span><span data-preserver-spaces=\"true\"> Le moule en verre le fabrique. <\/span><span data-preserver-spaces=\"true\">Le produit <\/span><span data-preserver-spaces=\"true\">adopte<\/span><span data-preserver-spaces=\"true\"> Verre de cristal haut de gamme fait \u00e0 la main <\/span><span data-preserver-spaces=\"true\">mat\u00e9riau blanc<\/span><span data-preserver-spaces=\"true\">, <\/span><span data-preserver-spaces=\"true\">qui rend<\/span><span data-preserver-spaces=\"true\"> notre bouteille en verre est claire, transparente et \u00e9l\u00e9gante.<\/span><\/p>\n<ul>\n<li><span data-preserver-spaces=\"true\">Article : Bouteille de jus de fruits en verre<\/span><\/li>\n<li><span data-preserver-spaces=\"true\">Num\u00e9ro de mod\u00e8le : RS015<\/span><\/li>\n<li><span data-preserver-spaces=\"true\">Capacit\u00e9 : =1000ml<\/span><\/li>\n<li><span data-preserver-spaces=\"true\">Mat\u00e9riau : Mat\u00e9riau du verre super silex, mat\u00e9riau du verre blanc cristallin, mat\u00e9riau du verre blanc co\u00fbteux.<\/span><\/li>\n<li><span data-preserver-spaces=\"true\">Type de scellage : Bouchon, bouchon guala, bouchon \u00e0 vis, bouchon en plastique, bouchon en bois<\/span><\/li>\n<li><span data-preserver-spaces=\"true\">Surface : Gel, d\u00e9calque, peinture, marquage \u00e0 chaud, gaufrage, impression, dor\u00e9, s\u00e9rigraphie<\/span><\/li>\n<li><span data-preserver-spaces=\"true\">\u00c9chantillon : Exempt de tout moule existant<\/span><\/li>\n<li><span data-preserver-spaces=\"true\">D\u00e9lai de livraison : 20-30 jours pour les produits de masse<\/span><\/li>\n<li><span data-preserver-spaces=\"true\">Port : Qingdao, Shanghai, Guangzhou<\/span><\/li>\n<li><span data-preserver-spaces=\"true\">Paiement : T\/T, <\/span><span data-preserver-spaces=\"true\">Paypal<\/span><span data-preserver-spaces=\"true\">Assurance commerciale, DP, LC, Western UNION<\/span><\/li>\n<li><span data-preserver-spaces=\"true\">Mati\u00e8res premi\u00e8res : Sable de silice, carbonate de sodium, calcaire, dolomite, feldspath, borax, baryum, etc.<\/span><\/li>\n<\/ul>\n<h4><span data-preserver-spaces=\"true\">Caract\u00e9ristiques :<\/span><\/h4>\n<ul>\n<li><span data-preserver-spaces=\"true\">Avec une exp\u00e9rience professionnelle de la production.<\/span><\/li>\n<li><span data-preserver-spaces=\"true\">Service OEM &amp;ODM : selon votre \u00e9chantillon ou votre dessin.<\/span><\/li>\n<li><span data-preserver-spaces=\"true\">L'\u00e9chantillon existant est gratuit.<\/span><\/li>\n<li><span data-preserver-spaces=\"true\">Prix raisonnable, excellente qualit\u00e9 et service attentif<\/span><\/li>\n<li><span data-preserver-spaces=\"true\">Bouteilles cass\u00e9es pendant le transport<\/span><span data-preserver-spaces=\"true\">, <\/span><span data-preserver-spaces=\"true\">l'indemnisation de la <\/span><span data-preserver-spaces=\"true\">suivant<\/span><span data-preserver-spaces=\"true\"> l'ordre.<\/span><\/li>\n<li><span data-preserver-spaces=\"true\">R\u00e9ponse instantan\u00e9e : r\u00e9ponse \u00e0 votre demande et \u00e0 votre courriel dans les 12 heures.<\/span><\/li>\n<li><span data-preserver-spaces=\"true\">Livraison : <\/span><span data-preserver-spaces=\"true\">\u00e0 propos de<\/span><span data-preserver-spaces=\"true\"> 20-25 jours apr\u00e8s <\/span><span data-preserver-spaces=\"true\">recevant<\/span><span data-preserver-spaces=\"true\"> le d\u00e9p\u00f4t.<\/span><\/li>\n<li><span data-preserver-spaces=\"true\">Nous avons pass\u00e9 le cap de la <\/span><span data-preserver-spaces=\"true\">ISO9001<\/span><span data-preserver-spaces=\"true\">, <\/span><span data-preserver-spaces=\"true\">ISO14001<\/span><span data-preserver-spaces=\"true\">et d'autres tests.<\/span><\/li>\n<li><span data-preserver-spaces=\"true\">Nous offrons non seulement d'excellents produits, mais aussi des services et des solutions de march\u00e9.<\/span><\/li>\n<li><span data-preserver-spaces=\"true\">Bien que le fond soit \u00e9pais, la couleur est \u00e9galement tr\u00e8s pure.<\/span><\/li>\n<\/ul>","protected":false},"excerpt":{"rendered":"<p><span data-preserver-spaces=\"true\">Ruisheng Glass Co. fabrique des bouteilles de boisson en verre. L'entreprise se concentre sur la vente de bouteilles de liqueur et de jus de fruits en verre sur les march\u00e9s internationaux.  Notre soci\u00e9t\u00e9 propose des services de conception et de fabrication de bouteilles en verre. Nous proposons des services OEM\/ODM\/personnalis\u00e9s. <\/span><span data-preserver-spaces=\"true\">Nos produits <\/span><span data-preserver-spaces=\"true\">sont largement appliqu\u00e9s<\/span><span data-preserver-spaces=\"true\"> \u00e0 <\/span><span data-preserver-spaces=\"true\">esprit<\/span><span data-preserver-spaces=\"true\">vin, vodka, whisky, vin de riz, vin de fruits, rhum, gin, tequila, alcool m\u00e9dical, parfum, cosm\u00e9tiques, huile d'olive, <\/span><span data-preserver-spaces=\"true\">etc.<\/span><span data-preserver-spaces=\"true\">.<\/span><\/p>\n<h4><strong><span data-preserver-spaces=\"true\">Informations sur la vente en gros de bouteilles de jus de fruits en verre<\/span><\/strong><\/h4>\n<p><strong><span data-preserver-spaces=\"true\">-QMOS : 10000 PCS (Environ 10000-35000pcs)<\/span><\/strong><\/p>\n<p><span data-preserver-spaces=\"true\">-Fournir gratuitement des bouteilles de spiritueux personnalis\u00e9es avec un \u00e9chantillon de bouchons<\/span><\/p>\n<p><span data-preserver-spaces=\"true\">-Service sur mesure offert<\/span><\/p>\n<p><span data-preserver-spaces=\"true\">Si vous <\/span><span data-preserver-spaces=\"true\">vouloir<\/span><span data-preserver-spaces=\"true\"> \u00e0 <\/span><span data-preserver-spaces=\"true\">savoir<\/span><span data-preserver-spaces=\"true\"> Pour en savoir plus sur la vente en gros de bouteilles de jus de fruits en verre, veuillez cliquer ici. <\/span><span data-preserver-spaces=\"true\">se sentir libre<\/span><span data-preserver-spaces=\"true\"> pour contacter notre \u00e9quipe de vente.<\/span><\/p>","protected":false},"featured_media":4366,"comment_status":"closed","ping_status":"closed","template":"","meta":[],"product_cat":[55,57,52,54,56],"class_list":{"0":"post-4365","1":"product","2":"type-product","3":"status-publish","4":"has-post-thumbnail","6":"product_cat-375ml-liquor-bottle-manufacturer","7":"product_cat-rum-bottle","8":"product_cat-vodka-bottle","9":"product_cat-whiskey-bottle","10":"product_cat-xo-brandy-bottle","12":"first","13":"instock","14":"shipping-taxable","15":"product-type-simple"},"yoast_head":"<!-- This site is optimized with the Yoast SEO plugin v22.0 - https:\/\/yoast.com\/wordpress\/plugins\/seo\/ -->\n<title>Glass Juice Bottles Manufacturers | Beverage Bottle Manufacturers<\/title>\n<meta name=\"description\" content=\"Ruisheng Glass Co, Ltd, a professional beverage bottle manufacturer, provide glass juice bottles wholesale with cork. Custom Bottle Design Offered.\" \/>\n<meta name=\"robots\" content=\"index, follow, max-snippet:-1, max-image-preview:large, max-video-preview:-1\" \/>\n<link rel=\"canonical\" href=\"https:\/\/ruishengglassco.com\/fr\/produit\/rs015-wholesale-round-350ml-glass-juice-bottle-wholesale-with-cork\" \/>\n<meta property=\"og:locale\" content=\"fr_FR\" \/>\n<meta property=\"og:type\" content=\"article\" \/>\n<meta property=\"og:title\" content=\"Glass Juice Bottles Manufacturers | Beverage Bottle Manufacturers\" \/>\n<meta property=\"og:description\" content=\"Ruisheng Glass Co, Ltd, a professional beverage bottle manufacturer, provide glass juice bottles wholesale with cork. Custom Bottle Design Offered.\" \/>\n<meta property=\"og:url\" content=\"https:\/\/ruishengglassco.com\/fr\/produit\/rs015-wholesale-round-350ml-glass-juice-bottle-wholesale-with-cork\" \/>\n<meta property=\"article:publisher\" content=\"https:\/\/www.facebook.com\/ruishengglassbottles\" \/>\n<meta property=\"article:modified_time\" content=\"2025-07-17T06:55:48+00:00\" \/>\n<meta property=\"og:image\" content=\"https:\/\/ruishengglassco.com\/wp-content\/uploads\/2025\/03\/RS015-Wholesale-Round-350ml-Glass-Juice-Bottle-Wholesale-With-Cork.webp\" \/>\n\t<meta property=\"og:image:width\" content=\"800\" \/>\n\t<meta property=\"og:image:height\" content=\"800\" \/>\n\t<meta property=\"og:image:type\" content=\"image\/webp\" \/>\n<meta name=\"twitter:card\" content=\"summary_large_image\" \/>\n<meta name=\"twitter:label1\" content=\"Dur\u00e9e de lecture estim\u00e9e\" \/>\n\t<meta name=\"twitter:data1\" content=\"2 minutes\" \/>\n<script type=\"application\/ld+json\" class=\"yoast-schema-graph\">{\"@context\":\"https:\/\/schema.org\",\"@graph\":[{\"@type\":\"WebPage\",\"@id\":\"https:\/\/ruishengglassco.com\/product\/rs015-wholesale-round-350ml-glass-juice-bottle-wholesale-with-cork\",\"url\":\"https:\/\/ruishengglassco.com\/product\/rs015-wholesale-round-350ml-glass-juice-bottle-wholesale-with-cork\",\"name\":\"Glass Juice Bottles Manufacturers | Beverage Bottle Manufacturers\",\"isPartOf\":{\"@id\":\"https:\/\/ruishengglassco.com\/#website\"},\"datePublished\":\"2025-03-15T14:05:00+00:00\",\"dateModified\":\"2025-07-17T06:55:48+00:00\",\"description\":\"Ruisheng Glass Co, Ltd, a professional beverage bottle manufacturer, provide glass juice bottles wholesale with cork. Custom Bottle Design Offered.\",\"breadcrumb\":{\"@id\":\"https:\/\/ruishengglassco.com\/product\/rs015-wholesale-round-350ml-glass-juice-bottle-wholesale-with-cork#breadcrumb\"},\"inLanguage\":\"fr-FR\",\"potentialAction\":[{\"@type\":\"ReadAction\",\"target\":[\"https:\/\/ruishengglassco.com\/product\/rs015-wholesale-round-350ml-glass-juice-bottle-wholesale-with-cork\"]}]},{\"@type\":\"BreadcrumbList\",\"@id\":\"https:\/\/ruishengglassco.com\/product\/rs015-wholesale-round-350ml-glass-juice-bottle-wholesale-with-cork#breadcrumb\",\"itemListElement\":[{\"@type\":\"ListItem\",\"position\":1,\"name\":\"Home\",\"item\":\"https:\/\/ruishengglassco.com\/\"},{\"@type\":\"ListItem\",\"position\":2,\"name\":\"Products\",\"item\":\"https:\/\/ruishengglassco.com\/products\"},{\"@type\":\"ListItem\",\"position\":3,\"name\":\"RS015: Wholesale Round 350ml Glass Juice Bottle Manufacturers With Cork\"}]},{\"@type\":\"WebSite\",\"@id\":\"https:\/\/ruishengglassco.com\/#website\",\"url\":\"https:\/\/ruishengglassco.com\/\",\"name\":\"Ruisheng Glass\",\"description\":\"\",\"publisher\":{\"@id\":\"https:\/\/ruishengglassco.com\/#organization\"},\"potentialAction\":[{\"@type\":\"SearchAction\",\"target\":{\"@type\":\"EntryPoint\",\"urlTemplate\":\"https:\/\/ruishengglassco.com\/?s={search_term_string}\"},\"query-input\":\"required name=search_term_string\"}],\"inLanguage\":\"fr-FR\"},{\"@type\":\"Organization\",\"@id\":\"https:\/\/ruishengglassco.com\/#organization\",\"name\":\"Shandong Yuncheng Ruisheng Glass Co., Ltd\",\"url\":\"https:\/\/ruishengglassco.com\/\",\"logo\":{\"@type\":\"ImageObject\",\"inLanguage\":\"fr-FR\",\"@id\":\"https:\/\/ruishengglassco.com\/#\/schema\/logo\/image\/\",\"url\":\"https:\/\/ruishengglassco.com\/wp-content\/uploads\/2023\/09\/ruisheng_logo_icon.webp\",\"contentUrl\":\"https:\/\/ruishengglassco.com\/wp-content\/uploads\/2023\/09\/ruisheng_logo_icon.webp\",\"width\":400,\"height\":233,\"caption\":\"Shandong Yuncheng Ruisheng Glass Co., Ltd\"},\"image\":{\"@id\":\"https:\/\/ruishengglassco.com\/#\/schema\/logo\/image\/\"},\"sameAs\":[\"https:\/\/www.facebook.com\/ruishengglassbottles\",\"https:\/\/www.instagram.com\/Ruishengglassbottlewholesales\/\",\"https:\/\/www.youtube.com\/channel\/UCMmbMNGwsL-XrtjfSFLCdVQ\"]}]}<\/script>\n<!-- \/ Yoast SEO plugin. -->","yoast_head_json":{"title":"Glass Juice Bottles Manufacturers | Beverage Bottle Manufacturers","description":"Ruisheng Glass Co, Ltd, a professional beverage bottle manufacturer, provide glass juice bottles wholesale with cork. Custom Bottle Design Offered.","robots":{"index":"index","follow":"follow","max-snippet":"max-snippet:-1","max-image-preview":"max-image-preview:large","max-video-preview":"max-video-preview:-1"},"canonical":"https:\/\/ruishengglassco.com\/fr\/produit\/rs015-wholesale-round-350ml-glass-juice-bottle-wholesale-with-cork","og_locale":"fr_FR","og_type":"article","og_title":"Glass Juice Bottles Manufacturers | Beverage Bottle Manufacturers","og_description":"Ruisheng Glass Co, Ltd, a professional beverage bottle manufacturer, provide glass juice bottles wholesale with cork. Custom Bottle Design Offered.","og_url":"https:\/\/ruishengglassco.com\/fr\/produit\/rs015-wholesale-round-350ml-glass-juice-bottle-wholesale-with-cork","article_publisher":"https:\/\/www.facebook.com\/ruishengglassbottles","article_modified_time":"2025-07-17T06:55:48+00:00","og_image":[{"width":800,"height":800,"url":"https:\/\/ruishengglassco.com\/wp-content\/uploads\/2025\/03\/RS015-Wholesale-Round-350ml-Glass-Juice-Bottle-Wholesale-With-Cork.webp","type":"image\/webp"}],"twitter_card":"summary_large_image","twitter_misc":{"Dur\u00e9e de lecture estim\u00e9e":"2 minutes"},"schema":{"@context":"https:\/\/schema.org","@graph":[{"@type":"WebPage","@id":"https:\/\/ruishengglassco.com\/product\/rs015-wholesale-round-350ml-glass-juice-bottle-wholesale-with-cork","url":"https:\/\/ruishengglassco.com\/product\/rs015-wholesale-round-350ml-glass-juice-bottle-wholesale-with-cork","name":"Glass Juice Bottles Manufacturers | Beverage Bottle Manufacturers","isPartOf":{"@id":"https:\/\/ruishengglassco.com\/#website"},"datePublished":"2025-03-15T14:05:00+00:00","dateModified":"2025-07-17T06:55:48+00:00","description":"Ruisheng Glass Co, Ltd, a professional beverage bottle manufacturer, provide glass juice bottles wholesale with cork. Custom Bottle Design Offered.","breadcrumb":{"@id":"https:\/\/ruishengglassco.com\/product\/rs015-wholesale-round-350ml-glass-juice-bottle-wholesale-with-cork#breadcrumb"},"inLanguage":"fr-FR","potentialAction":[{"@type":"ReadAction","target":["https:\/\/ruishengglassco.com\/product\/rs015-wholesale-round-350ml-glass-juice-bottle-wholesale-with-cork"]}]},{"@type":"BreadcrumbList","@id":"https:\/\/ruishengglassco.com\/product\/rs015-wholesale-round-350ml-glass-juice-bottle-wholesale-with-cork#breadcrumb","itemListElement":[{"@type":"ListItem","position":1,"name":"Home","item":"https:\/\/ruishengglassco.com\/"},{"@type":"ListItem","position":2,"name":"Products","item":"https:\/\/ruishengglassco.com\/products"},{"@type":"ListItem","position":3,"name":"RS015: Wholesale Round 350ml Glass Juice Bottle Manufacturers With Cork"}]},{"@type":"WebSite","@id":"https:\/\/ruishengglassco.com\/#website","url":"https:\/\/ruishengglassco.com\/","name":"Ruisheng Glass","description":"","publisher":{"@id":"https:\/\/ruishengglassco.com\/#organization"},"potentialAction":[{"@type":"SearchAction","target":{"@type":"EntryPoint","urlTemplate":"https:\/\/ruishengglassco.com\/?s={search_term_string}"},"query-input":"required name=search_term_string"}],"inLanguage":"fr-FR"},{"@type":"Organization","@id":"https:\/\/ruishengglassco.com\/#organization","name":"Shandong Yuncheng Ruisheng Glass Co., Ltd","url":"https:\/\/ruishengglassco.com\/","logo":{"@type":"ImageObject","inLanguage":"fr-FR","@id":"https:\/\/ruishengglassco.com\/#\/schema\/logo\/image\/","url":"https:\/\/ruishengglassco.com\/wp-content\/uploads\/2023\/09\/ruisheng_logo_icon.webp","contentUrl":"https:\/\/ruishengglassco.com\/wp-content\/uploads\/2023\/09\/ruisheng_logo_icon.webp","width":400,"height":233,"caption":"Shandong Yuncheng Ruisheng Glass Co., Ltd"},"image":{"@id":"https:\/\/ruishengglassco.com\/#\/schema\/logo\/image\/"},"sameAs":["https:\/\/www.facebook.com\/ruishengglassbottles","https:\/\/www.instagram.com\/Ruishengglassbottlewholesales\/","https:\/\/www.youtube.com\/channel\/UCMmbMNGwsL-XrtjfSFLCdVQ"]}]}},"_links":{"self":[{"href":"https:\/\/ruishengglassco.com\/fr\/wp-json\/wp\/v2\/product\/4365","targetHints":{"allow":["GET"]}}],"collection":[{"href":"https:\/\/ruishengglassco.com\/fr\/wp-json\/wp\/v2\/product"}],"about":[{"href":"https:\/\/ruishengglassco.com\/fr\/wp-json\/wp\/v2\/types\/product"}],"replies":[{"embeddable":true,"href":"https:\/\/ruishengglassco.com\/fr\/wp-json\/wp\/v2\/comments?post=4365"}],"wp:featuredmedia":[{"embeddable":true,"href":"https:\/\/ruishengglassco.com\/fr\/wp-json\/wp\/v2\/media\/4366"}],"wp:attachment":[{"href":"https:\/\/ruishengglassco.com\/fr\/wp-json\/wp\/v2\/media?parent=4365"}],"wp:term":[{"taxonomy":"product_cat","embeddable":true,"href":"https:\/\/ruishengglassco.com\/fr\/wp-json\/wp\/v2\/product_cat?post=4365"}],"curies":[{"name":"wp","href":"https:\/\/api.w.org\/{rel}","templated":true}]}}