{"id":4360,"date":"2025-03-15T22:00:57","date_gmt":"2025-03-15T14:00:57","guid":{"rendered":"https:\/\/ruishengglassco.com\/?post_type=product&#038;p=4360"},"modified":"2025-07-17T14:54:00","modified_gmt":"2025-07-17T06:54:00","slug":"rs017-375ml-bouteille-en-verre-fournisseur-pour-liqueur-whisky-brandy-vodka","status":"publish","type":"product","link":"https:\/\/ruishengglassco.com\/fr\/produit\/rs017-375ml-bouteille-en-verre-fournisseur-pour-liqueur-whisky-brandy-vodka","title":{"rendered":"RS017 : Bouteille en verre 375ml pour liqueur\/Whiskey\/Brandy\/Vodka"},"content":{"rendered":"<h2>Informations d\u00e9taill\u00e9es sur les fabricants de bouteilles de liqueur en verre de 375 ml<\/h2>\n<p>Ces bouteilles de liqueur en verre pour la vente en gros sont des bouteilles bordelaises classiques. Elles sont largement utilis\u00e9es pour l'emballage d'alcool dans le monde entier.<\/p>\n<p>La photo de couverture montre une bouteille de liqueur en verre de 375 ml. Nous pouvons fabriquer des bouteilles de liqueur vides de diff\u00e9rentes tailles pour r\u00e9pondre aux besoins des clients : 100 ml, 500 ml, 750 ml et 1000 ml sont disponibles.<\/p>\n<p>En g\u00e9n\u00e9ral, nos bouteilles sont transparentes, mais si les clients souhaitent d'autres couleurs, notre processus de production peut le faire.<\/p>\n<p>Il existe trois types courants de bouchons de bouteilles en verre : Bouchon de li\u00e8ge, bouchon \u00e0 vis et bouchon Guala. Voici le type de bouchon de bouteille en verre que nous pouvons fournir :<\/p>\n<p><img decoding=\"async\" class=\"aligncenter wp-image-2429 size-full\" src=\"https:\/\/glassbottlewholesale.com\/wp-content\/uploads\/2020\/12\/WX20201229-154422-1.png\" alt=\"bouchons de bouteilles en verre en gros\" width=\"752\" height=\"452\" \/><\/p>\n<p>En tant que fabricant professionnel de bouteilles de liqueur en verre, notre soci\u00e9t\u00e9 fournit un service de bouteilles de liqueur OEM\/ODM\/personnalis\u00e9es. Si vous avez des questions sur la fabrication de bouteilles de liqueur, veuillez nous contacter ici.<\/p>\n<ul>\n<li>Nom du produit : Bouteilles de liqueur en verre 375ml Wholesale<\/li>\n<li>Num\u00e9ro de r\u00e9f\u00e9rence : RS017<\/li>\n<li>Mat\u00e9riau du verre : Extra Flint<\/li>\n<li>Forme de la bouteille : Bouteilles de liqueur de 375ml de forme plate<\/li>\n<li>Capacit\u00e9 nominale : 375ml<\/li>\n<li>Poids de la bouteille : 550g<\/li>\n<li>Type de scellement : Ropp \/ GPI \/ Cork \/ Guala \/ Swing Top \/ M\u00e9thode de scellement personnalis\u00e9e<\/li>\n<li>Application : Bouteille de vodka, bouteille de whisky, bouteille de cognac, bouteille de rhum, bouteille de Xo.<\/li>\n<li>Emballage\n<ul>\n<li>24 pi\u00e8ces \/ carton, avec s\u00e9parateur en carton<\/li>\n<li>6 pi\u00e8ces \/ bo\u00eete color\u00e9e, avec s\u00e9parateur en carton<\/li>\n<li>Emballage sur palette, avec s\u00e9parateur en carton<\/li>\n<li>Emballage carton \/ bo\u00eete + palette<\/li>\n<\/ul>\n<\/li>\n<li>MOQ : 6000 pi\u00e8ces pour une nouvelle s\u00e9rie ; 1 pi\u00e8ce pour les bouteilles en verre en stock<\/li>\n<li>D\u00e9lai de livraison : 20-30 jours<\/li>\n<\/ul>","protected":false},"excerpt":{"rendered":"<p><span data-preserver-spaces=\"true\">Ruisheng Glass Co. est une entreprise professionnelle d'embouteillage de boissons alcoolis\u00e9es. Elle propose des bouteilles de liqueur en verre en gros pour de nombreuses utilisations. Ces in<\/span><span data-preserver-spaces=\"true\">Les boissons alcoolis\u00e9es comprennent le vin, le whisky, le brandy, la vodka, la tequila, le XO, le champagne et d'autres boissons alcoolis\u00e9es.<\/span><\/p>\n<p><span data-preserver-spaces=\"true\">Nous sommes un fabricant de bouteilles d'alcool \u00e0 l'ancienne. <\/span><span data-preserver-spaces=\"true\">Nos produits <\/span><span data-preserver-spaces=\"true\">sont export\u00e9s<\/span><span data-preserver-spaces=\"true\"> vers les \u00c9tats-Unis, le Canada, <\/span><span data-preserver-spaces=\"true\">Grande-Bretagne<\/span><span data-preserver-spaces=\"true\">La France, les Pays-Bas, la Belgique, la Russie, Moscou, l'Afrique du Sud et l'Allemagne. <\/span><span data-preserver-spaces=\"true\">plus<\/span><span data-preserver-spaces=\"true\">.<\/span><span data-preserver-spaces=\"true\"> Ils ont \u00e9t\u00e9 unanimement salu\u00e9s par les clients locaux.<\/span><\/p>\n<p><span data-preserver-spaces=\"true\">Si vous souhaitez commander des bouteilles de liqueur en verre en gros, voici les questions les plus fr\u00e9quentes que se posent nos clients :<\/span><\/p>\n<p><strong><span data-preserver-spaces=\"true\">-QMOS : 10000 PCS (environ 10000-30000pcs)<\/span><\/strong><\/p>\n<p><span data-preserver-spaces=\"true\">-\u00c9chantillon gratuit offert. Livraison sous 7 jours<\/span><\/p>\n<p><span data-preserver-spaces=\"true\">-Commande en vrac Livraison globale sous 30 jours.<\/span><\/p>\n<p><span data-preserver-spaces=\"true\">-OEM\/ODM\/Custom Liquor Bottle Service offert.<\/span><\/p>","protected":false},"featured_media":4361,"comment_status":"closed","ping_status":"closed","template":"","meta":[],"product_cat":[55,52,54,56],"class_list":{"0":"post-4360","1":"product","2":"type-product","3":"status-publish","4":"has-post-thumbnail","6":"product_cat-375ml-liquor-bottle-manufacturer","7":"product_cat-vodka-bottle","8":"product_cat-whiskey-bottle","9":"product_cat-xo-brandy-bottle","11":"first","12":"instock","13":"shipping-taxable","14":"product-type-simple"},"yoast_head":"<!-- This site is optimized with the Yoast SEO plugin v22.0 - https:\/\/yoast.com\/wordpress\/plugins\/seo\/ -->\n<title>375ml Glass Liquor Bottles Supplier | Liquor Bottling Companies<\/title>\n<meta name=\"description\" content=\"Ruisheng Glass Co, Ltd, a professional liquor bottling companies, provide 375ml glass liquor bottles wholesale in factory outlet price.\" \/>\n<meta name=\"robots\" content=\"index, follow, max-snippet:-1, max-image-preview:large, max-video-preview:-1\" \/>\n<link rel=\"canonical\" href=\"https:\/\/ruishengglassco.com\/fr\/produit\/rs017-375ml-bouteille-en-verre-fournisseur-pour-liqueur-whisky-brandy-vodka\" \/>\n<meta property=\"og:locale\" content=\"fr_FR\" \/>\n<meta property=\"og:type\" content=\"article\" \/>\n<meta property=\"og:title\" content=\"375ml Glass Liquor Bottles Supplier | Liquor Bottling Companies\" \/>\n<meta property=\"og:description\" content=\"Ruisheng Glass Co, Ltd, a professional liquor bottling companies, provide 375ml glass liquor bottles wholesale in factory outlet price.\" \/>\n<meta property=\"og:url\" content=\"https:\/\/ruishengglassco.com\/fr\/produit\/rs017-375ml-bouteille-en-verre-fournisseur-pour-liqueur-whisky-brandy-vodka\" \/>\n<meta property=\"article:publisher\" content=\"https:\/\/www.facebook.com\/ruishengglassbottles\" \/>\n<meta property=\"article:modified_time\" content=\"2025-07-17T06:54:00+00:00\" \/>\n<meta property=\"og:image\" content=\"https:\/\/ruishengglassco.com\/wp-content\/uploads\/2025\/03\/RS017-375ml-Glass-Bottle-Wholesale-For-Liquor-Whiskey-Brandy-Vodka.webp\" \/>\n\t<meta property=\"og:image:width\" content=\"800\" \/>\n\t<meta property=\"og:image:height\" content=\"800\" \/>\n\t<meta property=\"og:image:type\" content=\"image\/webp\" \/>\n<meta name=\"twitter:card\" content=\"summary_large_image\" \/>\n<meta name=\"twitter:label1\" content=\"Dur\u00e9e de lecture estim\u00e9e\" \/>\n\t<meta name=\"twitter:data1\" content=\"2 minutes\" \/>\n<script type=\"application\/ld+json\" class=\"yoast-schema-graph\">{\"@context\":\"https:\/\/schema.org\",\"@graph\":[{\"@type\":\"WebPage\",\"@id\":\"https:\/\/ruishengglassco.com\/product\/rs017-375ml-glass-bottle-supplier-for-liquor-whiskey-brandy-vodka\",\"url\":\"https:\/\/ruishengglassco.com\/product\/rs017-375ml-glass-bottle-supplier-for-liquor-whiskey-brandy-vodka\",\"name\":\"375ml Glass Liquor Bottles Supplier | Liquor Bottling Companies\",\"isPartOf\":{\"@id\":\"https:\/\/ruishengglassco.com\/#website\"},\"datePublished\":\"2025-03-15T14:00:57+00:00\",\"dateModified\":\"2025-07-17T06:54:00+00:00\",\"description\":\"Ruisheng Glass Co, Ltd, a professional liquor bottling companies, provide 375ml glass liquor bottles wholesale in factory outlet price.\",\"breadcrumb\":{\"@id\":\"https:\/\/ruishengglassco.com\/product\/rs017-375ml-glass-bottle-supplier-for-liquor-whiskey-brandy-vodka#breadcrumb\"},\"inLanguage\":\"fr-FR\",\"potentialAction\":[{\"@type\":\"ReadAction\",\"target\":[\"https:\/\/ruishengglassco.com\/product\/rs017-375ml-glass-bottle-supplier-for-liquor-whiskey-brandy-vodka\"]}]},{\"@type\":\"BreadcrumbList\",\"@id\":\"https:\/\/ruishengglassco.com\/product\/rs017-375ml-glass-bottle-supplier-for-liquor-whiskey-brandy-vodka#breadcrumb\",\"itemListElement\":[{\"@type\":\"ListItem\",\"position\":1,\"name\":\"Home\",\"item\":\"https:\/\/ruishengglassco.com\/\"},{\"@type\":\"ListItem\",\"position\":2,\"name\":\"Products\",\"item\":\"https:\/\/ruishengglassco.com\/products\"},{\"@type\":\"ListItem\",\"position\":3,\"name\":\"RS017: 375ml Glass Bottle Supplier For Liquor\/Whiskey\/Brandy\/Vodka\"}]},{\"@type\":\"WebSite\",\"@id\":\"https:\/\/ruishengglassco.com\/#website\",\"url\":\"https:\/\/ruishengglassco.com\/\",\"name\":\"Ruisheng Glass\",\"description\":\"\",\"publisher\":{\"@id\":\"https:\/\/ruishengglassco.com\/#organization\"},\"potentialAction\":[{\"@type\":\"SearchAction\",\"target\":{\"@type\":\"EntryPoint\",\"urlTemplate\":\"https:\/\/ruishengglassco.com\/?s={search_term_string}\"},\"query-input\":\"required name=search_term_string\"}],\"inLanguage\":\"fr-FR\"},{\"@type\":\"Organization\",\"@id\":\"https:\/\/ruishengglassco.com\/#organization\",\"name\":\"Shandong Yuncheng Ruisheng Glass Co., Ltd\",\"url\":\"https:\/\/ruishengglassco.com\/\",\"logo\":{\"@type\":\"ImageObject\",\"inLanguage\":\"fr-FR\",\"@id\":\"https:\/\/ruishengglassco.com\/#\/schema\/logo\/image\/\",\"url\":\"https:\/\/ruishengglassco.com\/wp-content\/uploads\/2023\/09\/ruisheng_logo_icon.webp\",\"contentUrl\":\"https:\/\/ruishengglassco.com\/wp-content\/uploads\/2023\/09\/ruisheng_logo_icon.webp\",\"width\":400,\"height\":233,\"caption\":\"Shandong Yuncheng Ruisheng Glass Co., Ltd\"},\"image\":{\"@id\":\"https:\/\/ruishengglassco.com\/#\/schema\/logo\/image\/\"},\"sameAs\":[\"https:\/\/www.facebook.com\/ruishengglassbottles\",\"https:\/\/www.instagram.com\/Ruishengglassbottlewholesales\/\",\"https:\/\/www.youtube.com\/channel\/UCMmbMNGwsL-XrtjfSFLCdVQ\"]}]}<\/script>\n<!-- \/ Yoast SEO plugin. -->","yoast_head_json":{"title":"375ml Glass Liquor Bottles Supplier | Liquor Bottling Companies","description":"Ruisheng Glass Co, Ltd, a professional liquor bottling companies, provide 375ml glass liquor bottles wholesale in factory outlet price.","robots":{"index":"index","follow":"follow","max-snippet":"max-snippet:-1","max-image-preview":"max-image-preview:large","max-video-preview":"max-video-preview:-1"},"canonical":"https:\/\/ruishengglassco.com\/fr\/produit\/rs017-375ml-bouteille-en-verre-fournisseur-pour-liqueur-whisky-brandy-vodka","og_locale":"fr_FR","og_type":"article","og_title":"375ml Glass Liquor Bottles Supplier | Liquor Bottling Companies","og_description":"Ruisheng Glass Co, Ltd, a professional liquor bottling companies, provide 375ml glass liquor bottles wholesale in factory outlet price.","og_url":"https:\/\/ruishengglassco.com\/fr\/produit\/rs017-375ml-bouteille-en-verre-fournisseur-pour-liqueur-whisky-brandy-vodka","article_publisher":"https:\/\/www.facebook.com\/ruishengglassbottles","article_modified_time":"2025-07-17T06:54:00+00:00","og_image":[{"width":800,"height":800,"url":"https:\/\/ruishengglassco.com\/wp-content\/uploads\/2025\/03\/RS017-375ml-Glass-Bottle-Wholesale-For-Liquor-Whiskey-Brandy-Vodka.webp","type":"image\/webp"}],"twitter_card":"summary_large_image","twitter_misc":{"Dur\u00e9e de lecture estim\u00e9e":"2 minutes"},"schema":{"@context":"https:\/\/schema.org","@graph":[{"@type":"WebPage","@id":"https:\/\/ruishengglassco.com\/product\/rs017-375ml-glass-bottle-supplier-for-liquor-whiskey-brandy-vodka","url":"https:\/\/ruishengglassco.com\/product\/rs017-375ml-glass-bottle-supplier-for-liquor-whiskey-brandy-vodka","name":"375ml Glass Liquor Bottles Supplier | Liquor Bottling Companies","isPartOf":{"@id":"https:\/\/ruishengglassco.com\/#website"},"datePublished":"2025-03-15T14:00:57+00:00","dateModified":"2025-07-17T06:54:00+00:00","description":"Ruisheng Glass Co, Ltd, a professional liquor bottling companies, provide 375ml glass liquor bottles wholesale in factory outlet price.","breadcrumb":{"@id":"https:\/\/ruishengglassco.com\/product\/rs017-375ml-glass-bottle-supplier-for-liquor-whiskey-brandy-vodka#breadcrumb"},"inLanguage":"fr-FR","potentialAction":[{"@type":"ReadAction","target":["https:\/\/ruishengglassco.com\/product\/rs017-375ml-glass-bottle-supplier-for-liquor-whiskey-brandy-vodka"]}]},{"@type":"BreadcrumbList","@id":"https:\/\/ruishengglassco.com\/product\/rs017-375ml-glass-bottle-supplier-for-liquor-whiskey-brandy-vodka#breadcrumb","itemListElement":[{"@type":"ListItem","position":1,"name":"Home","item":"https:\/\/ruishengglassco.com\/"},{"@type":"ListItem","position":2,"name":"Products","item":"https:\/\/ruishengglassco.com\/products"},{"@type":"ListItem","position":3,"name":"RS017: 375ml Glass Bottle Supplier For Liquor\/Whiskey\/Brandy\/Vodka"}]},{"@type":"WebSite","@id":"https:\/\/ruishengglassco.com\/#website","url":"https:\/\/ruishengglassco.com\/","name":"Ruisheng Glass","description":"","publisher":{"@id":"https:\/\/ruishengglassco.com\/#organization"},"potentialAction":[{"@type":"SearchAction","target":{"@type":"EntryPoint","urlTemplate":"https:\/\/ruishengglassco.com\/?s={search_term_string}"},"query-input":"required name=search_term_string"}],"inLanguage":"fr-FR"},{"@type":"Organization","@id":"https:\/\/ruishengglassco.com\/#organization","name":"Shandong Yuncheng Ruisheng Glass Co., Ltd","url":"https:\/\/ruishengglassco.com\/","logo":{"@type":"ImageObject","inLanguage":"fr-FR","@id":"https:\/\/ruishengglassco.com\/#\/schema\/logo\/image\/","url":"https:\/\/ruishengglassco.com\/wp-content\/uploads\/2023\/09\/ruisheng_logo_icon.webp","contentUrl":"https:\/\/ruishengglassco.com\/wp-content\/uploads\/2023\/09\/ruisheng_logo_icon.webp","width":400,"height":233,"caption":"Shandong Yuncheng Ruisheng Glass Co., Ltd"},"image":{"@id":"https:\/\/ruishengglassco.com\/#\/schema\/logo\/image\/"},"sameAs":["https:\/\/www.facebook.com\/ruishengglassbottles","https:\/\/www.instagram.com\/Ruishengglassbottlewholesales\/","https:\/\/www.youtube.com\/channel\/UCMmbMNGwsL-XrtjfSFLCdVQ"]}]}},"_links":{"self":[{"href":"https:\/\/ruishengglassco.com\/fr\/wp-json\/wp\/v2\/product\/4360","targetHints":{"allow":["GET"]}}],"collection":[{"href":"https:\/\/ruishengglassco.com\/fr\/wp-json\/wp\/v2\/product"}],"about":[{"href":"https:\/\/ruishengglassco.com\/fr\/wp-json\/wp\/v2\/types\/product"}],"replies":[{"embeddable":true,"href":"https:\/\/ruishengglassco.com\/fr\/wp-json\/wp\/v2\/comments?post=4360"}],"wp:featuredmedia":[{"embeddable":true,"href":"https:\/\/ruishengglassco.com\/fr\/wp-json\/wp\/v2\/media\/4361"}],"wp:attachment":[{"href":"https:\/\/ruishengglassco.com\/fr\/wp-json\/wp\/v2\/media?parent=4360"}],"wp:term":[{"taxonomy":"product_cat","embeddable":true,"href":"https:\/\/ruishengglassco.com\/fr\/wp-json\/wp\/v2\/product_cat?post=4360"}],"curies":[{"name":"wp","href":"https:\/\/api.w.org\/{rel}","templated":true}]}}