{"id":4353,"date":"2025-03-15T21:52:46","date_gmt":"2025-03-15T13:52:46","guid":{"rendered":"https:\/\/ruishengglassco.com\/?post_type=product&#038;p=4353"},"modified":"2025-07-17T14:52:37","modified_gmt":"2025-07-17T06:52:37","slug":"rs019-bouteille-de-gin-personnalisee-500ml-700ml-750ml-cout","status":"publish","type":"product","link":"https:\/\/ruishengglassco.com\/fr\/produit\/rs019-bouteille-de-gin-personnalisee-500ml-700ml-750ml-cout","title":{"rendered":"RS019 : Bouteille de Gin personnalis\u00e9e 500ML\/700ML\/750ML Co\u00fbt"},"content":{"rendered":"<h2>Informations d\u00e9taill\u00e9es sur le co\u00fbt de la bouteille de gin personnalis\u00e9e 500ML\/700ML\/750ML<\/h2>\n<ul>\n<li>Article : Bouteille de Gin personnalis\u00e9e 500ML\/700ML\/750ML<\/li>\n<li>Num\u00e9ro de mod\u00e8le : RS019<\/li>\n<li>Utilisation : Gin, huile, Whiskey, tequila, vodka, brandy, eau, bouteille en verre pour boissons.<\/li>\n<li>Capacit\u00e9 : 100ml, 200ml, 250ml, 500ml, 600ml, 700ml, 750ml, 1000ml, 2L<\/li>\n<li>Mat\u00e9riau : Verre de super silex\/verre de silex extra<\/li>\n<li>Traitement des surfaces : Gaufrage, d\u00e9calcomanie, peinture, givrage, estampage \u00e0 chaud, galvanoplastie<\/li>\n<li>Logo : Logo personnalis\u00e9 disponible<\/li>\n<li>\u00c9chantillon : Fourni gratuitement si vous utilisez notre moule existant.<\/li>\n<li>Emballage : Cartons avec s\u00e9parateur en carton, palette, palette+carton, bo\u00eete de couleur avec logo personnalis\u00e9.<\/li>\n<li>Livraison : Par voie maritime, par voie a\u00e9rienne, par voie express<\/li>\n<li>Conditions de paiement : T\/T L\/C Western union<\/li>\n<li>Avantages :<\/li>\n<\/ul>\n<p>I). Avec 10 ans d'exp\u00e9rience dans la fabrication de bouteilles en verre<\/p>\n<p>II). Transparence \u00e9lev\u00e9e, faible taux de rupture. Surface lisse, pas de bulles, pas de rides.<\/p>\n<p>III). M\u00eame avec un fond \u00e9pais, la couleur est \u00e9galement tr\u00e8s pure.<\/p>\n<p>IV). Prix bas mais raisonnable.<\/p>\n<p>V). Le co\u00fbt du moule peut \u00eatre rembours\u00e9 \u00e0 partir d'une commande de 50 000 pi\u00e8ces.<\/p>\n<p>VI). \u00c9chantillons rapides pour une commande personnalis\u00e9e, l'\u00e9chantillon peut \u00eatre termin\u00e9 dans les 15 jours.<\/p>\n<p>VII). Si des bouteilles sont cass\u00e9es pendant le transport, une compensation sera accord\u00e9e pour la commande suivante.<\/p>\n<p>VIII). Nous avons pass\u00e9 les tests SGS, TUV, ISO9001, ISO14001 et autres.<\/p>\n<p>VX). Les clients peuvent b\u00e9n\u00e9ficier d'un service unique aupr\u00e8s de Ruisheng<\/p>","protected":false},"excerpt":{"rendered":"<p><span data-preserver-spaces=\"true\">Cette s\u00e9rie de bouteilles de gin personnalis\u00e9es <\/span><span data-preserver-spaces=\"true\">est con\u00e7u<\/span><span data-preserver-spaces=\"true\"> pour nos clients <\/span><span data-preserver-spaces=\"true\">de<\/span><span data-preserver-spaces=\"true\"> le Royaume-Uni, <\/span><span data-preserver-spaces=\"true\">utilis\u00e9<\/span><span data-preserver-spaces=\"true\"> dans l'emballage du gin sec.<\/span><span data-preserver-spaces=\"true\"> La conception unique et l'aspect attrayant gagnent la faveur des clients.<\/span><\/p>\n<p><span data-preserver-spaces=\"true\">Ruisheng est l'un des principaux fabricants de bouteilles d'alcool en Chine. Nous proposons des services OEM, ODM et des bouteilles personnalis\u00e9es. Nous comptons parmi nos clients des marques de spiritueux, des entreprises, des grossistes en bouteilles de verre et des distributeurs.<\/span><\/p>\n<h2><strong><span data-preserver-spaces=\"true\">Commander des informations sur les bouteilles de gin personnalis\u00e9es<\/span><\/strong><\/h2>\n<p><strong><span data-preserver-spaces=\"true\">-QMOS : 10000 PCS (environ 10000 pi\u00e8ces)<\/span><\/strong><\/p>\n<p><span data-preserver-spaces=\"true\">-\u00c9chantillon gratuit offert. OEM\/ODM disponible<\/span><\/p>\n<p><span data-preserver-spaces=\"true\">-Livraison mondiale sous 30 jours.<\/span><\/p>\n<p><span data-preserver-spaces=\"true\">Si vous <\/span><span data-preserver-spaces=\"true\">vouloir<\/span><span data-preserver-spaces=\"true\"> \u00e0 <\/span><span data-preserver-spaces=\"true\">personnaliser<\/span><span data-preserver-spaces=\"true\"> a<\/span> <span data-preserver-spaces=\"true\">bouteille de gin, s'il vous pla\u00eet <\/span><span data-preserver-spaces=\"true\">se sentir libre<\/span><span data-preserver-spaces=\"true\"> pour nous contacter.<\/span><\/p>","protected":false},"featured_media":4354,"comment_status":"closed","ping_status":"closed","template":"","meta":[],"product_cat":[41,44,40,50],"class_list":{"0":"post-4353","1":"product","2":"type-product","3":"status-publish","4":"has-post-thumbnail","6":"product_cat-500ml-liquor-bottle-manufacturer","7":"product_cat-700ml-liquor-bottle-manufacturer","8":"product_cat-750ml-liquor-bottle-manufacturer","9":"product_cat-gin-bottle","11":"first","12":"instock","13":"shipping-taxable","14":"product-type-simple"},"yoast_head":"<!-- This site is optimized with the Yoast SEO plugin v22.0 - https:\/\/yoast.com\/wordpress\/plugins\/seo\/ -->\n<title>Personalised Gin Bottle 500ML\/700ML\/750ML Cost<\/title>\n<meta name=\"description\" content=\"Want to get personalised gin bottle? Click here to get custom gin bottle 500ML\/700ML\/750ML cost from China Glass Bottle Manufacturer.\" \/>\n<meta name=\"robots\" content=\"index, follow, max-snippet:-1, max-image-preview:large, max-video-preview:-1\" \/>\n<link rel=\"canonical\" href=\"https:\/\/ruishengglassco.com\/fr\/produit\/rs019-bouteille-de-gin-personnalisee-500ml-700ml-750ml-cout\" \/>\n<meta property=\"og:locale\" content=\"fr_FR\" \/>\n<meta property=\"og:type\" content=\"article\" \/>\n<meta property=\"og:title\" content=\"Personalised Gin Bottle 500ML\/700ML\/750ML Cost\" \/>\n<meta property=\"og:description\" content=\"Want to get personalised gin bottle? Click here to get custom gin bottle 500ML\/700ML\/750ML cost from China Glass Bottle Manufacturer.\" \/>\n<meta property=\"og:url\" content=\"https:\/\/ruishengglassco.com\/fr\/produit\/rs019-bouteille-de-gin-personnalisee-500ml-700ml-750ml-cout\" \/>\n<meta property=\"article:publisher\" content=\"https:\/\/www.facebook.com\/ruishengglassbottles\" \/>\n<meta property=\"article:modified_time\" content=\"2025-07-17T06:52:37+00:00\" \/>\n<meta property=\"og:image\" content=\"https:\/\/ruishengglassco.com\/wp-content\/uploads\/2025\/03\/RS019-Personalised-Gin-Bottle-500ML-700ML-750ML-Cost.webp\" \/>\n\t<meta property=\"og:image:width\" content=\"800\" \/>\n\t<meta property=\"og:image:height\" content=\"800\" \/>\n\t<meta property=\"og:image:type\" content=\"image\/webp\" \/>\n<meta name=\"twitter:card\" content=\"summary_large_image\" \/>\n<meta name=\"twitter:label1\" content=\"Dur\u00e9e de lecture estim\u00e9e\" \/>\n\t<meta name=\"twitter:data1\" content=\"2 minutes\" \/>\n<script type=\"application\/ld+json\" class=\"yoast-schema-graph\">{\"@context\":\"https:\/\/schema.org\",\"@graph\":[{\"@type\":\"WebPage\",\"@id\":\"https:\/\/ruishengglassco.com\/product\/rs019-personalised-gin-bottle-500ml-700ml-750ml-cost\",\"url\":\"https:\/\/ruishengglassco.com\/product\/rs019-personalised-gin-bottle-500ml-700ml-750ml-cost\",\"name\":\"Personalised Gin Bottle 500ML\/700ML\/750ML Cost\",\"isPartOf\":{\"@id\":\"https:\/\/ruishengglassco.com\/#website\"},\"datePublished\":\"2025-03-15T13:52:46+00:00\",\"dateModified\":\"2025-07-17T06:52:37+00:00\",\"description\":\"Want to get personalised gin bottle? Click here to get custom gin bottle 500ML\/700ML\/750ML cost from China Glass Bottle Manufacturer.\",\"breadcrumb\":{\"@id\":\"https:\/\/ruishengglassco.com\/product\/rs019-personalised-gin-bottle-500ml-700ml-750ml-cost#breadcrumb\"},\"inLanguage\":\"fr-FR\",\"potentialAction\":[{\"@type\":\"ReadAction\",\"target\":[\"https:\/\/ruishengglassco.com\/product\/rs019-personalised-gin-bottle-500ml-700ml-750ml-cost\"]}]},{\"@type\":\"BreadcrumbList\",\"@id\":\"https:\/\/ruishengglassco.com\/product\/rs019-personalised-gin-bottle-500ml-700ml-750ml-cost#breadcrumb\",\"itemListElement\":[{\"@type\":\"ListItem\",\"position\":1,\"name\":\"Home\",\"item\":\"https:\/\/ruishengglassco.com\/\"},{\"@type\":\"ListItem\",\"position\":2,\"name\":\"Products\",\"item\":\"https:\/\/ruishengglassco.com\/products\"},{\"@type\":\"ListItem\",\"position\":3,\"name\":\"RS019: Personalised Gin Bottle 500ML\/700ML\/750ML Cost\"}]},{\"@type\":\"WebSite\",\"@id\":\"https:\/\/ruishengglassco.com\/#website\",\"url\":\"https:\/\/ruishengglassco.com\/\",\"name\":\"Ruisheng Glass\",\"description\":\"\",\"publisher\":{\"@id\":\"https:\/\/ruishengglassco.com\/#organization\"},\"potentialAction\":[{\"@type\":\"SearchAction\",\"target\":{\"@type\":\"EntryPoint\",\"urlTemplate\":\"https:\/\/ruishengglassco.com\/?s={search_term_string}\"},\"query-input\":\"required name=search_term_string\"}],\"inLanguage\":\"fr-FR\"},{\"@type\":\"Organization\",\"@id\":\"https:\/\/ruishengglassco.com\/#organization\",\"name\":\"Shandong Yuncheng Ruisheng Glass Co., Ltd\",\"url\":\"https:\/\/ruishengglassco.com\/\",\"logo\":{\"@type\":\"ImageObject\",\"inLanguage\":\"fr-FR\",\"@id\":\"https:\/\/ruishengglassco.com\/#\/schema\/logo\/image\/\",\"url\":\"https:\/\/ruishengglassco.com\/wp-content\/uploads\/2023\/09\/ruisheng_logo_icon.webp\",\"contentUrl\":\"https:\/\/ruishengglassco.com\/wp-content\/uploads\/2023\/09\/ruisheng_logo_icon.webp\",\"width\":400,\"height\":233,\"caption\":\"Shandong Yuncheng Ruisheng Glass Co., Ltd\"},\"image\":{\"@id\":\"https:\/\/ruishengglassco.com\/#\/schema\/logo\/image\/\"},\"sameAs\":[\"https:\/\/www.facebook.com\/ruishengglassbottles\",\"https:\/\/www.instagram.com\/Ruishengglassbottlewholesales\/\",\"https:\/\/www.youtube.com\/channel\/UCMmbMNGwsL-XrtjfSFLCdVQ\"]}]}<\/script>\n<!-- \/ Yoast SEO plugin. -->","yoast_head_json":{"title":"Personalised Gin Bottle 500ML\/700ML\/750ML Cost","description":"Want to get personalised gin bottle? Click here to get custom gin bottle 500ML\/700ML\/750ML cost from China Glass Bottle Manufacturer.","robots":{"index":"index","follow":"follow","max-snippet":"max-snippet:-1","max-image-preview":"max-image-preview:large","max-video-preview":"max-video-preview:-1"},"canonical":"https:\/\/ruishengglassco.com\/fr\/produit\/rs019-bouteille-de-gin-personnalisee-500ml-700ml-750ml-cout","og_locale":"fr_FR","og_type":"article","og_title":"Personalised Gin Bottle 500ML\/700ML\/750ML Cost","og_description":"Want to get personalised gin bottle? Click here to get custom gin bottle 500ML\/700ML\/750ML cost from China Glass Bottle Manufacturer.","og_url":"https:\/\/ruishengglassco.com\/fr\/produit\/rs019-bouteille-de-gin-personnalisee-500ml-700ml-750ml-cout","article_publisher":"https:\/\/www.facebook.com\/ruishengglassbottles","article_modified_time":"2025-07-17T06:52:37+00:00","og_image":[{"width":800,"height":800,"url":"https:\/\/ruishengglassco.com\/wp-content\/uploads\/2025\/03\/RS019-Personalised-Gin-Bottle-500ML-700ML-750ML-Cost.webp","type":"image\/webp"}],"twitter_card":"summary_large_image","twitter_misc":{"Dur\u00e9e de lecture estim\u00e9e":"2 minutes"},"schema":{"@context":"https:\/\/schema.org","@graph":[{"@type":"WebPage","@id":"https:\/\/ruishengglassco.com\/product\/rs019-personalised-gin-bottle-500ml-700ml-750ml-cost","url":"https:\/\/ruishengglassco.com\/product\/rs019-personalised-gin-bottle-500ml-700ml-750ml-cost","name":"Personalised Gin Bottle 500ML\/700ML\/750ML Cost","isPartOf":{"@id":"https:\/\/ruishengglassco.com\/#website"},"datePublished":"2025-03-15T13:52:46+00:00","dateModified":"2025-07-17T06:52:37+00:00","description":"Want to get personalised gin bottle? Click here to get custom gin bottle 500ML\/700ML\/750ML cost from China Glass Bottle Manufacturer.","breadcrumb":{"@id":"https:\/\/ruishengglassco.com\/product\/rs019-personalised-gin-bottle-500ml-700ml-750ml-cost#breadcrumb"},"inLanguage":"fr-FR","potentialAction":[{"@type":"ReadAction","target":["https:\/\/ruishengglassco.com\/product\/rs019-personalised-gin-bottle-500ml-700ml-750ml-cost"]}]},{"@type":"BreadcrumbList","@id":"https:\/\/ruishengglassco.com\/product\/rs019-personalised-gin-bottle-500ml-700ml-750ml-cost#breadcrumb","itemListElement":[{"@type":"ListItem","position":1,"name":"Home","item":"https:\/\/ruishengglassco.com\/"},{"@type":"ListItem","position":2,"name":"Products","item":"https:\/\/ruishengglassco.com\/products"},{"@type":"ListItem","position":3,"name":"RS019: Personalised Gin Bottle 500ML\/700ML\/750ML Cost"}]},{"@type":"WebSite","@id":"https:\/\/ruishengglassco.com\/#website","url":"https:\/\/ruishengglassco.com\/","name":"Ruisheng Glass","description":"","publisher":{"@id":"https:\/\/ruishengglassco.com\/#organization"},"potentialAction":[{"@type":"SearchAction","target":{"@type":"EntryPoint","urlTemplate":"https:\/\/ruishengglassco.com\/?s={search_term_string}"},"query-input":"required name=search_term_string"}],"inLanguage":"fr-FR"},{"@type":"Organization","@id":"https:\/\/ruishengglassco.com\/#organization","name":"Shandong Yuncheng Ruisheng Glass Co., Ltd","url":"https:\/\/ruishengglassco.com\/","logo":{"@type":"ImageObject","inLanguage":"fr-FR","@id":"https:\/\/ruishengglassco.com\/#\/schema\/logo\/image\/","url":"https:\/\/ruishengglassco.com\/wp-content\/uploads\/2023\/09\/ruisheng_logo_icon.webp","contentUrl":"https:\/\/ruishengglassco.com\/wp-content\/uploads\/2023\/09\/ruisheng_logo_icon.webp","width":400,"height":233,"caption":"Shandong Yuncheng Ruisheng Glass Co., Ltd"},"image":{"@id":"https:\/\/ruishengglassco.com\/#\/schema\/logo\/image\/"},"sameAs":["https:\/\/www.facebook.com\/ruishengglassbottles","https:\/\/www.instagram.com\/Ruishengglassbottlewholesales\/","https:\/\/www.youtube.com\/channel\/UCMmbMNGwsL-XrtjfSFLCdVQ"]}]}},"_links":{"self":[{"href":"https:\/\/ruishengglassco.com\/fr\/wp-json\/wp\/v2\/product\/4353","targetHints":{"allow":["GET"]}}],"collection":[{"href":"https:\/\/ruishengglassco.com\/fr\/wp-json\/wp\/v2\/product"}],"about":[{"href":"https:\/\/ruishengglassco.com\/fr\/wp-json\/wp\/v2\/types\/product"}],"replies":[{"embeddable":true,"href":"https:\/\/ruishengglassco.com\/fr\/wp-json\/wp\/v2\/comments?post=4353"}],"wp:featuredmedia":[{"embeddable":true,"href":"https:\/\/ruishengglassco.com\/fr\/wp-json\/wp\/v2\/media\/4354"}],"wp:attachment":[{"href":"https:\/\/ruishengglassco.com\/fr\/wp-json\/wp\/v2\/media?parent=4353"}],"wp:term":[{"taxonomy":"product_cat","embeddable":true,"href":"https:\/\/ruishengglassco.com\/fr\/wp-json\/wp\/v2\/product_cat?post=4353"}],"curies":[{"name":"wp","href":"https:\/\/api.w.org\/{rel}","templated":true}]}}