{"id":4351,"date":"2025-03-15T21:48:45","date_gmt":"2025-03-15T13:48:45","guid":{"rendered":"https:\/\/ruishengglassco.com\/?post_type=product&#038;p=4351"},"modified":"2025-09-11T16:43:01","modified_gmt":"2025-09-11T08:43:01","slug":"rs020-wholesale-750ml-gin-blue-bottle-price-shipping-to-the-uk","status":"publish","type":"product","link":"https:\/\/ruishengglassco.com\/fr\/produit\/rs020-wholesale-750ml-gin-blue-bottle-price-shipping-to-the-uk","title":{"rendered":"RS020 : 750ml Gin Blue Bottle Prix de la livraison au Royaume-Uni"},"content":{"rendered":"<h2>Informations d\u00e9taill\u00e9es sur 750ml Gin Blue Bottle Price Shipping To The UK<\/h2>\n<p>Cette bouteille de liqueur en verre est principalement destin\u00e9e au gin sec. Cependant, elle peut \u00e9galement contenir du whisky, de la vodka, de la tequila et d'autres boissons. Notre bouteille de gin bleue de 750 ml en gros adopte un mat\u00e9riau en verre sans plomb \u00e0 haute teneur en silex, qui est respectueux de l'environnement, clair, beau et ne se casse pas facilement.<\/p>\n<p>En tant que fabricant professionnel de bouteilles en verre, nous acceptons les services OEM\/ODM et les bouteilles en verre personnalis\u00e9es. Si vous avez des exigences concernant nos bouteilles de gin en gros, veuillez contacter notre \u00e9quipe de vente.<\/p>\n<ul>\n<li>Nom du produit : wholesale 750ml gin blue bottle price<\/li>\n<li>Num\u00e9ro de mod\u00e8le : RS020<\/li>\n<li>Nom de marque : RUISHENG<\/li>\n<li>Traitement des surfaces : S\u00e9rigraphie<\/li>\n<li>Utilisation industrielle : boissons<\/li>\n<li>Mat\u00e9riau de la base : verre \u00e0 silex borosilicat\u00e9<\/li>\n<li>Mat\u00e9riau du corps : verre \u00e0 silex borosilicat\u00e9<\/li>\n<li>Mat\u00e9riau du col : verre \u00e0 silex borosilicat\u00e9<\/li>\n<li>Type de fermeture : Bouchon en li\u00e8ge, bouchon \u00e0 vis<\/li>\n<li>Lieu d'origine : Shandong, Chine<\/li>\n<li>Mat\u00e9riau de la bouteille : Mat\u00e9riau blanc cristallin Mat\u00e9riau extr\u00eamement blanc<\/li>\n<li>Utilisation:Gin, huile, whisky, tequila, vodka, brandy, eau, boissons, etc.<\/li>\n<li>Couleur de la bouteille : bleu ou couleur personnalis\u00e9e<\/li>\n<li>MOQ : 10000pcs<\/li>\n<li>Caract\u00e9ristiques : Recyclable et respectueux de l'environnement, OEM\/ODM disponible<\/li>\n<li>Mode d'exp\u00e9dition : Par mer, par air, etc.<\/li>\n<li>Service : R\u00e9ponse dans les 12 heures<\/li>\n<li>Capacit\u00e9 d'approvisionnement : 500000 pi\u00e8ces par jour<\/li>\n<li>D\u00e9tails de l'emballage : Bouteille de vodka en verre bleu 500ml 700ml 750ml bouteille en verre givr\u00e9 avec couvercle<\/li>\n<\/ul>\n<ol>\n<li>Carton d'exportation standard avec s\u00e9parateur en carton<\/li>\n<li>Emballage standard pour palettes d'exportation<\/li>\n<li>Emballage standard carton d'exportation + palette<\/li>\n<li>Emballage en bo\u00eete FCG (la bo\u00eete sera r\u00e9utilis\u00e9e pour emballer les boissons alcoolis\u00e9es dans l'usine du client)<\/li>\n<\/ol>","protected":false},"excerpt":{"rendered":"<p><span data-preserver-spaces=\"true\">Ruisheng est un fabricant, une usine, un fournisseur et un exportateur professionnel de bouteilles en verre. Ils offrent des prix de gros pour les bouteilles de gin bleu de 750ml, exp\u00e9dition vers le Royaume-Uni.<\/span><\/p>\n<p><span data-preserver-spaces=\"true\">Gin, \u00e9galement appel\u00e9 Geni\u00e8vre<\/span><span data-preserver-spaces=\"true\">\uff0c <\/span><span data-preserver-spaces=\"true\">Gin sec<\/span><span data-preserver-spaces=\"true\">\uff0c <\/span><span data-preserver-spaces=\"true\">London Gin, originaire d'Europe<\/span><span data-preserver-spaces=\"true\">\uff0c <\/span><span data-preserver-spaces=\"true\">en particulier dans le sud de la France, en Flandre et aux Pays-Bas.<\/span><span data-preserver-spaces=\"true\"> En tant qu'origine du gin, ces r\u00e9gions sont devenues des march\u00e9s importants pour nos bouteilles en verre, en particulier le Royaume-Uni.<\/span><\/p>\n<h2><strong><span data-preserver-spaces=\"true\">Voici les informations relatives \u00e0 la commande de Gin en gros 750ml Bouteille Bleue<\/span><\/strong><\/h2>\n<p><strong><span data-preserver-spaces=\"true\">-QMOS : 10000 PCS (environ 10000 pi\u00e8ces)<\/span><\/strong><\/p>\n<p><span data-preserver-spaces=\"true\">-\u00c9chantillon gratuit offert. OEM\/ODM disponible<\/span><\/p>\n<p><span data-preserver-spaces=\"true\">-Livraison mondiale sous 30 jours.<\/span><\/p>\n<p><span data-preserver-spaces=\"true\">Si vous voulez obtenir<\/span><span data-preserver-spaces=\"true\"> Pour plus d'informations sur la vente en gros de bouteilles de gin bleu de 750 ml, veuillez cliquer ici. <\/span><span data-preserver-spaces=\"true\">laisser un message pour<\/span><span data-preserver-spaces=\"true\"> notre \u00e9quipe de vente.<\/span><\/p>","protected":false},"featured_media":4352,"comment_status":"closed","ping_status":"closed","template":"","meta":[],"product_cat":[40,50],"class_list":{"0":"post-4351","1":"product","2":"type-product","3":"status-publish","4":"has-post-thumbnail","6":"product_cat-750ml-liquor-bottle-manufacturer","7":"product_cat-gin-bottle","9":"first","10":"instock","11":"shipping-taxable","12":"product-type-simple"},"yoast_head":"<!-- This site is optimized with the Yoast SEO plugin v22.0 - https:\/\/yoast.com\/wordpress\/plugins\/seo\/ -->\n<title>750ml Gin Blue Bottle Price Shipping To The UK<\/title>\n<meta name=\"description\" content=\"Do you want to get Wholesale 750ml Gin Blue Bottle Price Shipping To The UK? Click here to get price from Glass Bottle Manufacturer China.\" \/>\n<meta name=\"robots\" content=\"index, follow, max-snippet:-1, max-image-preview:large, max-video-preview:-1\" \/>\n<link rel=\"canonical\" href=\"https:\/\/ruishengglassco.com\/fr\/produit\/rs020-wholesale-750ml-gin-blue-bottle-price-shipping-to-the-uk\" \/>\n<meta property=\"og:locale\" content=\"fr_FR\" \/>\n<meta property=\"og:type\" content=\"article\" \/>\n<meta property=\"og:title\" content=\"750ml Gin Blue Bottle Price Shipping To The UK\" \/>\n<meta property=\"og:description\" content=\"Do you want to get Wholesale 750ml Gin Blue Bottle Price Shipping To The UK? Click here to get price from Glass Bottle Manufacturer China.\" \/>\n<meta property=\"og:url\" content=\"https:\/\/ruishengglassco.com\/fr\/produit\/rs020-wholesale-750ml-gin-blue-bottle-price-shipping-to-the-uk\" \/>\n<meta property=\"article:publisher\" content=\"https:\/\/www.facebook.com\/ruishengglassbottles\" \/>\n<meta property=\"article:modified_time\" content=\"2025-09-11T08:43:01+00:00\" \/>\n<meta property=\"og:image\" content=\"https:\/\/ruishengglassco.com\/wp-content\/uploads\/2025\/03\/RS020-Wholesale-750ml-Gin-Blue-Bottle-Price-Shipping-To-The-UK.webp\" \/>\n\t<meta property=\"og:image:width\" content=\"800\" \/>\n\t<meta property=\"og:image:height\" content=\"800\" \/>\n\t<meta property=\"og:image:type\" content=\"image\/webp\" \/>\n<meta name=\"twitter:card\" content=\"summary_large_image\" \/>\n<meta name=\"twitter:label1\" content=\"Dur\u00e9e de lecture estim\u00e9e\" \/>\n\t<meta name=\"twitter:data1\" content=\"2 minutes\" \/>\n<script type=\"application\/ld+json\" class=\"yoast-schema-graph\">{\"@context\":\"https:\/\/schema.org\",\"@graph\":[{\"@type\":\"WebPage\",\"@id\":\"https:\/\/ruishengglassco.com\/product\/rs020-wholesale-750ml-gin-blue-bottle-price-shipping-to-the-uk\",\"url\":\"https:\/\/ruishengglassco.com\/product\/rs020-wholesale-750ml-gin-blue-bottle-price-shipping-to-the-uk\",\"name\":\"750ml Gin Blue Bottle Price Shipping To The UK\",\"isPartOf\":{\"@id\":\"https:\/\/ruishengglassco.com\/#website\"},\"datePublished\":\"2025-03-15T13:48:45+00:00\",\"dateModified\":\"2025-09-11T08:43:01+00:00\",\"description\":\"Do you want to get Wholesale 750ml Gin Blue Bottle Price Shipping To The UK? Click here to get price from Glass Bottle Manufacturer China.\",\"breadcrumb\":{\"@id\":\"https:\/\/ruishengglassco.com\/product\/rs020-wholesale-750ml-gin-blue-bottle-price-shipping-to-the-uk#breadcrumb\"},\"inLanguage\":\"fr-FR\",\"potentialAction\":[{\"@type\":\"ReadAction\",\"target\":[\"https:\/\/ruishengglassco.com\/product\/rs020-wholesale-750ml-gin-blue-bottle-price-shipping-to-the-uk\"]}]},{\"@type\":\"BreadcrumbList\",\"@id\":\"https:\/\/ruishengglassco.com\/product\/rs020-wholesale-750ml-gin-blue-bottle-price-shipping-to-the-uk#breadcrumb\",\"itemListElement\":[{\"@type\":\"ListItem\",\"position\":1,\"name\":\"Home\",\"item\":\"https:\/\/ruishengglassco.com\/\"},{\"@type\":\"ListItem\",\"position\":2,\"name\":\"Products\",\"item\":\"https:\/\/ruishengglassco.com\/products\"},{\"@type\":\"ListItem\",\"position\":3,\"name\":\"RS020: 750ml Gin Blue Bottle Price Shipping To The UK\"}]},{\"@type\":\"WebSite\",\"@id\":\"https:\/\/ruishengglassco.com\/#website\",\"url\":\"https:\/\/ruishengglassco.com\/\",\"name\":\"Ruisheng Glass\",\"description\":\"\",\"publisher\":{\"@id\":\"https:\/\/ruishengglassco.com\/#organization\"},\"potentialAction\":[{\"@type\":\"SearchAction\",\"target\":{\"@type\":\"EntryPoint\",\"urlTemplate\":\"https:\/\/ruishengglassco.com\/?s={search_term_string}\"},\"query-input\":\"required name=search_term_string\"}],\"inLanguage\":\"fr-FR\"},{\"@type\":\"Organization\",\"@id\":\"https:\/\/ruishengglassco.com\/#organization\",\"name\":\"Shandong Yuncheng Ruisheng Glass Co., Ltd\",\"url\":\"https:\/\/ruishengglassco.com\/\",\"logo\":{\"@type\":\"ImageObject\",\"inLanguage\":\"fr-FR\",\"@id\":\"https:\/\/ruishengglassco.com\/#\/schema\/logo\/image\/\",\"url\":\"https:\/\/ruishengglassco.com\/wp-content\/uploads\/2023\/09\/ruisheng_logo_icon.webp\",\"contentUrl\":\"https:\/\/ruishengglassco.com\/wp-content\/uploads\/2023\/09\/ruisheng_logo_icon.webp\",\"width\":400,\"height\":233,\"caption\":\"Shandong Yuncheng Ruisheng Glass Co., Ltd\"},\"image\":{\"@id\":\"https:\/\/ruishengglassco.com\/#\/schema\/logo\/image\/\"},\"sameAs\":[\"https:\/\/www.facebook.com\/ruishengglassbottles\",\"https:\/\/www.instagram.com\/Ruishengglassbottlewholesales\/\",\"https:\/\/www.youtube.com\/channel\/UCMmbMNGwsL-XrtjfSFLCdVQ\"]}]}<\/script>\n<!-- \/ Yoast SEO plugin. -->","yoast_head_json":{"title":"750ml Gin Blue Bottle Price Shipping To The UK","description":"Do you want to get Wholesale 750ml Gin Blue Bottle Price Shipping To The UK? Click here to get price from Glass Bottle Manufacturer China.","robots":{"index":"index","follow":"follow","max-snippet":"max-snippet:-1","max-image-preview":"max-image-preview:large","max-video-preview":"max-video-preview:-1"},"canonical":"https:\/\/ruishengglassco.com\/fr\/produit\/rs020-wholesale-750ml-gin-blue-bottle-price-shipping-to-the-uk","og_locale":"fr_FR","og_type":"article","og_title":"750ml Gin Blue Bottle Price Shipping To The UK","og_description":"Do you want to get Wholesale 750ml Gin Blue Bottle Price Shipping To The UK? Click here to get price from Glass Bottle Manufacturer China.","og_url":"https:\/\/ruishengglassco.com\/fr\/produit\/rs020-wholesale-750ml-gin-blue-bottle-price-shipping-to-the-uk","article_publisher":"https:\/\/www.facebook.com\/ruishengglassbottles","article_modified_time":"2025-09-11T08:43:01+00:00","og_image":[{"width":800,"height":800,"url":"https:\/\/ruishengglassco.com\/wp-content\/uploads\/2025\/03\/RS020-Wholesale-750ml-Gin-Blue-Bottle-Price-Shipping-To-The-UK.webp","type":"image\/webp"}],"twitter_card":"summary_large_image","twitter_misc":{"Dur\u00e9e de lecture estim\u00e9e":"2 minutes"},"schema":{"@context":"https:\/\/schema.org","@graph":[{"@type":"WebPage","@id":"https:\/\/ruishengglassco.com\/product\/rs020-wholesale-750ml-gin-blue-bottle-price-shipping-to-the-uk","url":"https:\/\/ruishengglassco.com\/product\/rs020-wholesale-750ml-gin-blue-bottle-price-shipping-to-the-uk","name":"750ml Gin Blue Bottle Price Shipping To The UK","isPartOf":{"@id":"https:\/\/ruishengglassco.com\/#website"},"datePublished":"2025-03-15T13:48:45+00:00","dateModified":"2025-09-11T08:43:01+00:00","description":"Do you want to get Wholesale 750ml Gin Blue Bottle Price Shipping To The UK? Click here to get price from Glass Bottle Manufacturer China.","breadcrumb":{"@id":"https:\/\/ruishengglassco.com\/product\/rs020-wholesale-750ml-gin-blue-bottle-price-shipping-to-the-uk#breadcrumb"},"inLanguage":"fr-FR","potentialAction":[{"@type":"ReadAction","target":["https:\/\/ruishengglassco.com\/product\/rs020-wholesale-750ml-gin-blue-bottle-price-shipping-to-the-uk"]}]},{"@type":"BreadcrumbList","@id":"https:\/\/ruishengglassco.com\/product\/rs020-wholesale-750ml-gin-blue-bottle-price-shipping-to-the-uk#breadcrumb","itemListElement":[{"@type":"ListItem","position":1,"name":"Home","item":"https:\/\/ruishengglassco.com\/"},{"@type":"ListItem","position":2,"name":"Products","item":"https:\/\/ruishengglassco.com\/products"},{"@type":"ListItem","position":3,"name":"RS020: 750ml Gin Blue Bottle Price Shipping To The UK"}]},{"@type":"WebSite","@id":"https:\/\/ruishengglassco.com\/#website","url":"https:\/\/ruishengglassco.com\/","name":"Ruisheng Glass","description":"","publisher":{"@id":"https:\/\/ruishengglassco.com\/#organization"},"potentialAction":[{"@type":"SearchAction","target":{"@type":"EntryPoint","urlTemplate":"https:\/\/ruishengglassco.com\/?s={search_term_string}"},"query-input":"required name=search_term_string"}],"inLanguage":"fr-FR"},{"@type":"Organization","@id":"https:\/\/ruishengglassco.com\/#organization","name":"Shandong Yuncheng Ruisheng Glass Co., Ltd","url":"https:\/\/ruishengglassco.com\/","logo":{"@type":"ImageObject","inLanguage":"fr-FR","@id":"https:\/\/ruishengglassco.com\/#\/schema\/logo\/image\/","url":"https:\/\/ruishengglassco.com\/wp-content\/uploads\/2023\/09\/ruisheng_logo_icon.webp","contentUrl":"https:\/\/ruishengglassco.com\/wp-content\/uploads\/2023\/09\/ruisheng_logo_icon.webp","width":400,"height":233,"caption":"Shandong Yuncheng Ruisheng Glass Co., Ltd"},"image":{"@id":"https:\/\/ruishengglassco.com\/#\/schema\/logo\/image\/"},"sameAs":["https:\/\/www.facebook.com\/ruishengglassbottles","https:\/\/www.instagram.com\/Ruishengglassbottlewholesales\/","https:\/\/www.youtube.com\/channel\/UCMmbMNGwsL-XrtjfSFLCdVQ"]}]}},"_links":{"self":[{"href":"https:\/\/ruishengglassco.com\/fr\/wp-json\/wp\/v2\/product\/4351","targetHints":{"allow":["GET"]}}],"collection":[{"href":"https:\/\/ruishengglassco.com\/fr\/wp-json\/wp\/v2\/product"}],"about":[{"href":"https:\/\/ruishengglassco.com\/fr\/wp-json\/wp\/v2\/types\/product"}],"replies":[{"embeddable":true,"href":"https:\/\/ruishengglassco.com\/fr\/wp-json\/wp\/v2\/comments?post=4351"}],"wp:featuredmedia":[{"embeddable":true,"href":"https:\/\/ruishengglassco.com\/fr\/wp-json\/wp\/v2\/media\/4352"}],"wp:attachment":[{"href":"https:\/\/ruishengglassco.com\/fr\/wp-json\/wp\/v2\/media?parent=4351"}],"wp:term":[{"taxonomy":"product_cat","embeddable":true,"href":"https:\/\/ruishengglassco.com\/fr\/wp-json\/wp\/v2\/product_cat?post=4351"}],"curies":[{"name":"wp","href":"https:\/\/api.w.org\/{rel}","templated":true}]}}