{"id":4349,"date":"2025-03-15T21:46:38","date_gmt":"2025-03-15T13:46:38","guid":{"rendered":"https:\/\/ruishengglassco.com\/?post_type=product&#038;p=4349"},"modified":"2025-09-11T16:43:24","modified_gmt":"2025-09-11T08:43:24","slug":"rs021-bouteilles-de-liqueur-en-gros-750ml-700ml-pour-rhum-gin-whisky","status":"publish","type":"product","link":"https:\/\/ruishengglassco.com\/fr\/produit\/rs021-bouteilles-de-liqueur-en-gros-750ml-700ml-pour-rhum-gin-whisky","title":{"rendered":"RS021 : Bouteilles de liqueur 750ml\/700ml pour Rhum\/Gin\/ Whisky"},"content":{"rendered":"<h2>Informations d\u00e9taill\u00e9es sur les bouteilles de liqueur 750ml\/700ml pour le rhum\/le gin\/le whisky<\/h2>\n<p>Ces bouteilles de liqueur en gros de 750 ml utilisent du verre \u00e0 haute teneur en silex. Elles sont parfaites pour l'emballage de la liqueur, du whisky, du brandy, du rhum, du gin et d'autres spiritueux.<\/p>\n<p>Ruisheng est un fabricant professionnel de bouteilles en verre. Nous proposons des services OEM et ODM \u00e0 nos clients. Vous pouvez personnaliser les bouteilles de liqueur, les logos et les \u00e9tiquettes pour votre marque.<\/p>\n<p>Chez Ruisheng, nous esp\u00e9rons que vous trouverez les styles et les formes les plus \u00e9l\u00e9gants de bouteilles en verre pour r\u00e9pondre \u00e0 vos besoins de fabrication \u00e0 grande \u00e9chelle. Vous pouvez contacter directement notre service commercial en cliquant ici et indiquer \u00e0 notre \u00e9quipe de vente ce que vous recherchez.<\/p>\n<ul>\n<li>Nom du mod\u00e8le : Bouteille de liqueur en gros 750ml<\/li>\n<li>Num\u00e9ro de mod\u00e8le : Ruisheng021<\/li>\n<li>Nom de marque : RUISHENG<\/li>\n<li><strong>MOQ : 10000pcs<\/strong><\/li>\n<li>Capacit\u00e9 : 500ml\/700ml\/750ml\/personnalis\u00e9e<\/li>\n<li>Traitement des surfaces : Marquage \u00e0 chaud, givrage, d\u00e9calcomanie, gaufrage, s\u00e9rigraphie<\/li>\n<li>Mat\u00e9riau : Verre Super Flint<\/li>\n<li>Mat\u00e9riau du col : Bouteille en verre transparent<\/li>\n<li>Type de fermeture : Bouchon \u00e0 vis, bouchon de li\u00e8ge, bouchon de verre, bouchon \u00e0 vis<\/li>\n<li>Utilisation : Bouteille de rhum\/gin\/whisky<\/li>\n<li>Lieu d'origine : Shandong, Chine<\/li>\n<li>emballage : Cartons et palettes d'exportation standard<\/li>\n<li>Service : Service OEM\/ODM<\/li>\n<\/ul>","protected":false},"excerpt":{"rendered":"<p data-block-id=\"3bfc9317-b20e-48b2-b67a-5754d036edf6\" data-pm-slice=\"1 1 []\">Ruisheng est l'un des principaux fabricants de bouteilles en verre en Chine. Elle propose des bouteilles de liqueur de 750 ml en gros pour les ch\u00e2teaux, les marques de liqueur et les entreprises. Nous avons plus de 10 ans d'exp\u00e9rience dans la fabrication de bouteilles de liqueur en verre. Nos bouteilles sont bien reconnues sur le march\u00e9 et sont export\u00e9es aux \u00c9tats-Unis, au Canada, en France, en Grande-Bretagne, au Japon, en Cor\u00e9e du Sud et dans plus de 20 autres pays et r\u00e9gions.<\/p>\n<h2>Voici les informations relatives \u00e0 la commande de bouteilles de liqueur en gros 750ml<\/h2>\n<ul>\n<li>No.:Ruisheng-1008<\/li>\n<li><strong>MOQ : 10000PCS<\/strong><\/li>\n<li>Mat\u00e9riau : Verre \u00e0 super silex<\/li>\n<li><strong>Service OEM\/ODM propos\u00e9<\/strong><\/li>\n<li>Type de fermeture : Bouchon en li\u00e8ge \/ bouchon \u00e0 vis<\/li>\n<li>Sp\u00e9cification : 50ml-1500ml<\/li>\n<li>M\u00e9thode d'emballage : Emballage standard pour l'exportation ou emballage personnalis\u00e9<\/li>\n<li>D\u00e9lai de livraison : 20 \u00e0 30 jours selon la taille et la quantit\u00e9 souhait\u00e9es.<\/li>\n<\/ul>\n<p>Si vous souhaitez obtenir le prix de gros des bouteilles de liqueur, veuillez cliquer ici pour nous contacter.<\/p>","protected":false},"featured_media":4350,"comment_status":"closed","ping_status":"closed","template":"","meta":[],"product_cat":[44,40,50,57],"class_list":{"0":"post-4349","1":"product","2":"type-product","3":"status-publish","4":"has-post-thumbnail","6":"product_cat-700ml-liquor-bottle-manufacturer","7":"product_cat-750ml-liquor-bottle-manufacturer","8":"product_cat-gin-bottle","9":"product_cat-rum-bottle","11":"first","12":"instock","13":"shipping-taxable","14":"product-type-simple"},"yoast_head":"<!-- This site is optimized with the Yoast SEO plugin v22.0 - https:\/\/yoast.com\/wordpress\/plugins\/seo\/ -->\n<title>Liquor Bottles 750ml | Glass Bottle Manufacturing Companies<\/title>\n<meta name=\"description\" content=\"Ruisheng, One of the leading glass bottle manufacturing companies in China, provide wholesale liquor bottles 750ml in cheap price.\" \/>\n<meta name=\"robots\" content=\"index, follow, max-snippet:-1, max-image-preview:large, max-video-preview:-1\" \/>\n<link rel=\"canonical\" href=\"https:\/\/ruishengglassco.com\/fr\/produit\/rs021-bouteilles-de-liqueur-en-gros-750ml-700ml-pour-rhum-gin-whisky\" \/>\n<meta property=\"og:locale\" content=\"fr_FR\" \/>\n<meta property=\"og:type\" content=\"article\" \/>\n<meta property=\"og:title\" content=\"Liquor Bottles 750ml | Glass Bottle Manufacturing Companies\" \/>\n<meta property=\"og:description\" content=\"Ruisheng, One of the leading glass bottle manufacturing companies in China, provide wholesale liquor bottles 750ml in cheap price.\" \/>\n<meta property=\"og:url\" content=\"https:\/\/ruishengglassco.com\/fr\/produit\/rs021-bouteilles-de-liqueur-en-gros-750ml-700ml-pour-rhum-gin-whisky\" \/>\n<meta property=\"article:publisher\" content=\"https:\/\/www.facebook.com\/ruishengglassbottles\" \/>\n<meta property=\"article:modified_time\" content=\"2025-09-11T08:43:24+00:00\" \/>\n<meta property=\"og:image\" content=\"https:\/\/ruishengglassco.com\/wp-content\/uploads\/2025\/03\/RS021-Wholesale-Liquor-Bottles-750ml-700ml-For-Rum-Gin-Whiskey.webp\" \/>\n\t<meta property=\"og:image:width\" content=\"800\" \/>\n\t<meta property=\"og:image:height\" content=\"800\" \/>\n\t<meta property=\"og:image:type\" content=\"image\/webp\" \/>\n<meta name=\"twitter:card\" content=\"summary_large_image\" \/>\n<meta name=\"twitter:label1\" content=\"Dur\u00e9e de lecture estim\u00e9e\" \/>\n\t<meta name=\"twitter:data1\" content=\"1 minute\" \/>\n<script type=\"application\/ld+json\" class=\"yoast-schema-graph\">{\"@context\":\"https:\/\/schema.org\",\"@graph\":[{\"@type\":\"WebPage\",\"@id\":\"https:\/\/ruishengglassco.com\/product\/rs021-wholesale-liquor-bottles-750ml-700ml-for-rum-gin-whiskey\",\"url\":\"https:\/\/ruishengglassco.com\/product\/rs021-wholesale-liquor-bottles-750ml-700ml-for-rum-gin-whiskey\",\"name\":\"Liquor Bottles 750ml | Glass Bottle Manufacturing Companies\",\"isPartOf\":{\"@id\":\"https:\/\/ruishengglassco.com\/#website\"},\"datePublished\":\"2025-03-15T13:46:38+00:00\",\"dateModified\":\"2025-09-11T08:43:24+00:00\",\"description\":\"Ruisheng, One of the leading glass bottle manufacturing companies in China, provide wholesale liquor bottles 750ml in cheap price.\",\"breadcrumb\":{\"@id\":\"https:\/\/ruishengglassco.com\/product\/rs021-wholesale-liquor-bottles-750ml-700ml-for-rum-gin-whiskey#breadcrumb\"},\"inLanguage\":\"fr-FR\",\"potentialAction\":[{\"@type\":\"ReadAction\",\"target\":[\"https:\/\/ruishengglassco.com\/product\/rs021-wholesale-liquor-bottles-750ml-700ml-for-rum-gin-whiskey\"]}]},{\"@type\":\"BreadcrumbList\",\"@id\":\"https:\/\/ruishengglassco.com\/product\/rs021-wholesale-liquor-bottles-750ml-700ml-for-rum-gin-whiskey#breadcrumb\",\"itemListElement\":[{\"@type\":\"ListItem\",\"position\":1,\"name\":\"Home\",\"item\":\"https:\/\/ruishengglassco.com\/\"},{\"@type\":\"ListItem\",\"position\":2,\"name\":\"Products\",\"item\":\"https:\/\/ruishengglassco.com\/products\"},{\"@type\":\"ListItem\",\"position\":3,\"name\":\"RS021: Liquor Bottles 750ml\/700ml For Rum\/Gin\/ Whiskey\"}]},{\"@type\":\"WebSite\",\"@id\":\"https:\/\/ruishengglassco.com\/#website\",\"url\":\"https:\/\/ruishengglassco.com\/\",\"name\":\"Ruisheng Glass\",\"description\":\"\",\"publisher\":{\"@id\":\"https:\/\/ruishengglassco.com\/#organization\"},\"potentialAction\":[{\"@type\":\"SearchAction\",\"target\":{\"@type\":\"EntryPoint\",\"urlTemplate\":\"https:\/\/ruishengglassco.com\/?s={search_term_string}\"},\"query-input\":\"required name=search_term_string\"}],\"inLanguage\":\"fr-FR\"},{\"@type\":\"Organization\",\"@id\":\"https:\/\/ruishengglassco.com\/#organization\",\"name\":\"Shandong Yuncheng Ruisheng Glass Co., Ltd\",\"url\":\"https:\/\/ruishengglassco.com\/\",\"logo\":{\"@type\":\"ImageObject\",\"inLanguage\":\"fr-FR\",\"@id\":\"https:\/\/ruishengglassco.com\/#\/schema\/logo\/image\/\",\"url\":\"https:\/\/ruishengglassco.com\/wp-content\/uploads\/2023\/09\/ruisheng_logo_icon.webp\",\"contentUrl\":\"https:\/\/ruishengglassco.com\/wp-content\/uploads\/2023\/09\/ruisheng_logo_icon.webp\",\"width\":400,\"height\":233,\"caption\":\"Shandong Yuncheng Ruisheng Glass Co., Ltd\"},\"image\":{\"@id\":\"https:\/\/ruishengglassco.com\/#\/schema\/logo\/image\/\"},\"sameAs\":[\"https:\/\/www.facebook.com\/ruishengglassbottles\",\"https:\/\/www.instagram.com\/Ruishengglassbottlewholesales\/\",\"https:\/\/www.youtube.com\/channel\/UCMmbMNGwsL-XrtjfSFLCdVQ\"]}]}<\/script>\n<!-- \/ Yoast SEO plugin. -->","yoast_head_json":{"title":"Liquor Bottles 750ml | Glass Bottle Manufacturing Companies","description":"Ruisheng, One of the leading glass bottle manufacturing companies in China, provide wholesale liquor bottles 750ml in cheap price.","robots":{"index":"index","follow":"follow","max-snippet":"max-snippet:-1","max-image-preview":"max-image-preview:large","max-video-preview":"max-video-preview:-1"},"canonical":"https:\/\/ruishengglassco.com\/fr\/produit\/rs021-bouteilles-de-liqueur-en-gros-750ml-700ml-pour-rhum-gin-whisky","og_locale":"fr_FR","og_type":"article","og_title":"Liquor Bottles 750ml | Glass Bottle Manufacturing Companies","og_description":"Ruisheng, One of the leading glass bottle manufacturing companies in China, provide wholesale liquor bottles 750ml in cheap price.","og_url":"https:\/\/ruishengglassco.com\/fr\/produit\/rs021-bouteilles-de-liqueur-en-gros-750ml-700ml-pour-rhum-gin-whisky","article_publisher":"https:\/\/www.facebook.com\/ruishengglassbottles","article_modified_time":"2025-09-11T08:43:24+00:00","og_image":[{"width":800,"height":800,"url":"https:\/\/ruishengglassco.com\/wp-content\/uploads\/2025\/03\/RS021-Wholesale-Liquor-Bottles-750ml-700ml-For-Rum-Gin-Whiskey.webp","type":"image\/webp"}],"twitter_card":"summary_large_image","twitter_misc":{"Dur\u00e9e de lecture estim\u00e9e":"1 minute"},"schema":{"@context":"https:\/\/schema.org","@graph":[{"@type":"WebPage","@id":"https:\/\/ruishengglassco.com\/product\/rs021-wholesale-liquor-bottles-750ml-700ml-for-rum-gin-whiskey","url":"https:\/\/ruishengglassco.com\/product\/rs021-wholesale-liquor-bottles-750ml-700ml-for-rum-gin-whiskey","name":"Liquor Bottles 750ml | Glass Bottle Manufacturing Companies","isPartOf":{"@id":"https:\/\/ruishengglassco.com\/#website"},"datePublished":"2025-03-15T13:46:38+00:00","dateModified":"2025-09-11T08:43:24+00:00","description":"Ruisheng, One of the leading glass bottle manufacturing companies in China, provide wholesale liquor bottles 750ml in cheap price.","breadcrumb":{"@id":"https:\/\/ruishengglassco.com\/product\/rs021-wholesale-liquor-bottles-750ml-700ml-for-rum-gin-whiskey#breadcrumb"},"inLanguage":"fr-FR","potentialAction":[{"@type":"ReadAction","target":["https:\/\/ruishengglassco.com\/product\/rs021-wholesale-liquor-bottles-750ml-700ml-for-rum-gin-whiskey"]}]},{"@type":"BreadcrumbList","@id":"https:\/\/ruishengglassco.com\/product\/rs021-wholesale-liquor-bottles-750ml-700ml-for-rum-gin-whiskey#breadcrumb","itemListElement":[{"@type":"ListItem","position":1,"name":"Home","item":"https:\/\/ruishengglassco.com\/"},{"@type":"ListItem","position":2,"name":"Products","item":"https:\/\/ruishengglassco.com\/products"},{"@type":"ListItem","position":3,"name":"RS021: Liquor Bottles 750ml\/700ml For Rum\/Gin\/ Whiskey"}]},{"@type":"WebSite","@id":"https:\/\/ruishengglassco.com\/#website","url":"https:\/\/ruishengglassco.com\/","name":"Ruisheng Glass","description":"","publisher":{"@id":"https:\/\/ruishengglassco.com\/#organization"},"potentialAction":[{"@type":"SearchAction","target":{"@type":"EntryPoint","urlTemplate":"https:\/\/ruishengglassco.com\/?s={search_term_string}"},"query-input":"required name=search_term_string"}],"inLanguage":"fr-FR"},{"@type":"Organization","@id":"https:\/\/ruishengglassco.com\/#organization","name":"Shandong Yuncheng Ruisheng Glass Co., Ltd","url":"https:\/\/ruishengglassco.com\/","logo":{"@type":"ImageObject","inLanguage":"fr-FR","@id":"https:\/\/ruishengglassco.com\/#\/schema\/logo\/image\/","url":"https:\/\/ruishengglassco.com\/wp-content\/uploads\/2023\/09\/ruisheng_logo_icon.webp","contentUrl":"https:\/\/ruishengglassco.com\/wp-content\/uploads\/2023\/09\/ruisheng_logo_icon.webp","width":400,"height":233,"caption":"Shandong Yuncheng Ruisheng Glass Co., Ltd"},"image":{"@id":"https:\/\/ruishengglassco.com\/#\/schema\/logo\/image\/"},"sameAs":["https:\/\/www.facebook.com\/ruishengglassbottles","https:\/\/www.instagram.com\/Ruishengglassbottlewholesales\/","https:\/\/www.youtube.com\/channel\/UCMmbMNGwsL-XrtjfSFLCdVQ"]}]}},"_links":{"self":[{"href":"https:\/\/ruishengglassco.com\/fr\/wp-json\/wp\/v2\/product\/4349","targetHints":{"allow":["GET"]}}],"collection":[{"href":"https:\/\/ruishengglassco.com\/fr\/wp-json\/wp\/v2\/product"}],"about":[{"href":"https:\/\/ruishengglassco.com\/fr\/wp-json\/wp\/v2\/types\/product"}],"replies":[{"embeddable":true,"href":"https:\/\/ruishengglassco.com\/fr\/wp-json\/wp\/v2\/comments?post=4349"}],"wp:featuredmedia":[{"embeddable":true,"href":"https:\/\/ruishengglassco.com\/fr\/wp-json\/wp\/v2\/media\/4350"}],"wp:attachment":[{"href":"https:\/\/ruishengglassco.com\/fr\/wp-json\/wp\/v2\/media?parent=4349"}],"wp:term":[{"taxonomy":"product_cat","embeddable":true,"href":"https:\/\/ruishengglassco.com\/fr\/wp-json\/wp\/v2\/product_cat?post=4349"}],"curies":[{"name":"wp","href":"https:\/\/api.w.org\/{rel}","templated":true}]}}