{"id":4348,"date":"2025-03-15T21:37:28","date_gmt":"2025-03-15T13:37:28","guid":{"rendered":"https:\/\/ruishengglassco.com\/?post_type=product&#038;p=4348"},"modified":"2025-07-17T14:47:59","modified_gmt":"2025-07-17T06:47:59","slug":"rs022-bouteille-en-verre-750ml-personnalisee-pour-xo-brandy-whisky","status":"publish","type":"product","link":"https:\/\/ruishengglassco.com\/fr\/produit\/rs022-bouteille-en-verre-750ml-personnalisee-pour-xo-brandy-whisky","title":{"rendered":"RS022 Bouteille en verre personnalis\u00e9e de 750ml pour XO\/Brandy\/Whisky"},"content":{"rendered":"<h2>Informations d\u00e9taill\u00e9es sur la bouteille en verre 750ml personnalis\u00e9e pour XO\/Brandy\/Whisky<\/h2>\n<p><span data-preserver-spaces=\"true\">Cette s\u00e9rie de bouteilles personnalis\u00e9es en verre de 750 ml est principalement destin\u00e9e au XO\/Brandy\/Whisky.<\/span><span data-preserver-spaces=\"true\">. Personnalis\u00e9<\/span><span data-preserver-spaces=\"true\"> bouteille en verre con\u00e7ue par le chef designer Giugiaro de l'Acad\u00e9mie royale de Belgique. Ce design unique attire les personnes qui le voient pour la premi\u00e8re fois.<\/span><\/p>\n<p><span data-preserver-spaces=\"true\">La bouteille en verre personnalis\u00e9e de 750 ml <\/span><span data-preserver-spaces=\"true\">est fabriqu\u00e9<\/span><span data-preserver-spaces=\"true\"> en utilisant le processus de production automatis\u00e9 de bouteilles en verre le plus avanc\u00e9 au monde. Elle a \u00e9t\u00e9 fabriqu\u00e9e \u00e0 partir de verre flint de haute qualit\u00e9 pour mettre en valeur le caract\u00e8re raffin\u00e9 de la marque.<\/span><\/p>\n<p><span data-preserver-spaces=\"true\">En tant que fabricant professionnel de bouteilles de liqueur, notre soci\u00e9t\u00e9 fournit \u00e9galement des services OEM\/ODM pour les marques et les soci\u00e9t\u00e9s de liqueur. <\/span><span data-preserver-spaces=\"true\">Nous <\/span><span data-preserver-spaces=\"true\">fournir<\/span><span data-preserver-spaces=\"true\"> clients <\/span><span data-preserver-spaces=\"true\">avec<\/span> <span data-preserver-spaces=\"true\">gratuit<\/span><span data-preserver-spaces=\"true\"> moules pour bouteilles en verre.<\/span><span data-preserver-spaces=\"true\"> Il peut \u00e9galement <\/span><span data-preserver-spaces=\"true\">\u00eatre produit<\/span><span data-preserver-spaces=\"true\"> selon les dessins fournis par l'utilisateur.<\/span><\/p>\n<h4><span data-preserver-spaces=\"true\">Pr\u00e9occupations des clients<\/span><\/h4>\n<ol>\n<li><strong><span data-preserver-spaces=\"true\">MOQ de la bouteille en verre 750ml personnalis\u00e9e\u00a0<\/span><\/strong><\/li>\n<\/ol>\n<p><span data-preserver-spaces=\"true\">En tant que fabricant professionnel de bouteilles de whisky, nous proposons un service de vente en gros de bouteilles en verre personnalis\u00e9es de 750 ml, mais pas \u00e0 des prix de d\u00e9tail. Compte tenu de notre client\u00e8le, de l'emballage, de l'exp\u00e9dition et d'autres facteurs, nos prix de gros sont tr\u00e8s bas. <\/span><strong><span data-preserver-spaces=\"true\">MOQ de 10000 PCS\uff08Around 20000 pcs)<\/span><\/strong><\/p>\n<p><strong><span data-preserver-spaces=\"true\">2. \u00c0 propos de l'emballage<\/span><\/strong><\/p>\n<p><span data-preserver-spaces=\"true\">Comme nous le savons tous, les bouteilles en verre sont des marchandises fragiles et nous devons donc pr\u00eater attention \u00e0 l'emballage. Nous utilisons des m\u00e9thodes d'emballage s\u00fbres, telles que l'emballage int\u00e9rieur en vrac, l'emballage couleur, l'emballage blanc, l'emballage d'exposition, la palette d'exportation standard, \u00e0 la demande du client.<\/span><\/p>\n<p><strong><span data-preserver-spaces=\"true\">3. D\u00e9lai de livraison<\/span><\/strong><\/p>\n<ul>\n<li><span data-preserver-spaces=\"true\">Pour les produits en stock : 7 jours apr\u00e8s r\u00e9ception du paiement.<\/span><\/li>\n<li><span data-preserver-spaces=\"true\">Pour les produits en rupture de stock : 25<\/span><span data-preserver-spaces=\"true\"> ~ <\/span><span data-preserver-spaces=\"true\">40 jours apr\u00e8s <\/span><span data-preserver-spaces=\"true\">recevoir un paiement<\/span><span data-preserver-spaces=\"true\">.<\/span><\/li>\n<\/ul>","protected":false},"excerpt":{"rendered":"<p>Bouteille en verre de 750ml pour XO, Brandy, Whisky, fabriqu\u00e9e par Ruisheng, fabricant chinois de bouteilles de liqueur. Ruisheng est un fabricant professionnel de bouteilles en verre. Ils ont plus de 10 ans d'exp\u00e9rience dans la conception et la fabrication de bouteilles en verre. Notre bouteille en verre de 750ml en gros est principalement con\u00e7ue pour l'emballage des liqueurs, du whisky, du brandy, du XO, du cognac et de la tequila.<\/p>\n<p>Informations sur la commande Bouteille en verre 750ml personnalis\u00e9e pour XO, Brandy, Whisky<\/p>\n<ul>\n<li><strong>MOQ : 10000 PCS (Environ 20000pcs)<\/strong><\/li>\n<li>Capacit\u00e9 : 750ml (service personnalis\u00e9 disponible)<\/li>\n<li>Couleur : Transparent<\/li>\n<li>Service personnalis\u00e9 offert : Taille, capacit\u00e9, motif, couleur, bouchon, logo, impression, etc.<\/li>\n<\/ul>\n<p>Si vous souhaitez personnaliser une bouteille en verre pour votre marque, n'h\u00e9sitez pas \u00e0 nous contacter.<\/p>","protected":false},"featured_media":4142,"comment_status":"closed","ping_status":"closed","template":"","meta":[],"product_cat":[40,54,56],"class_list":{"0":"post-4348","1":"product","2":"type-product","3":"status-publish","4":"has-post-thumbnail","6":"product_cat-750ml-liquor-bottle-manufacturer","7":"product_cat-whiskey-bottle","8":"product_cat-xo-brandy-bottle","10":"first","11":"instock","12":"shipping-taxable","13":"product-type-simple"},"yoast_head":"<!-- This site is optimized with the Yoast SEO plugin v22.0 - https:\/\/yoast.com\/wordpress\/plugins\/seo\/ -->\n<title>RS022 Custom 750ml Glass Bottle For XO\/Brandy\/Whisky -<\/title>\n<meta name=\"description\" content=\"Custom 750ml Glass Bottle For XO\/Brandy\/Whisky From China Top Glass Bottle Manufacturer. Factory Outlet&amp;Free Sample Offered.\" \/>\n<meta name=\"robots\" content=\"index, follow, max-snippet:-1, max-image-preview:large, max-video-preview:-1\" \/>\n<link rel=\"canonical\" href=\"https:\/\/ruishengglassco.com\/fr\/produit\/rs022-bouteille-en-verre-750ml-personnalisee-pour-xo-brandy-whisky\" \/>\n<meta property=\"og:locale\" content=\"fr_FR\" \/>\n<meta property=\"og:type\" content=\"article\" \/>\n<meta property=\"og:title\" content=\"RS022 Custom 750ml Glass Bottle For XO\/Brandy\/Whisky -\" \/>\n<meta property=\"og:description\" content=\"Custom 750ml Glass Bottle For XO\/Brandy\/Whisky From China Top Glass Bottle Manufacturer. Factory Outlet&amp;Free Sample Offered.\" \/>\n<meta property=\"og:url\" content=\"https:\/\/ruishengglassco.com\/fr\/produit\/rs022-bouteille-en-verre-750ml-personnalisee-pour-xo-brandy-whisky\" \/>\n<meta property=\"article:publisher\" content=\"https:\/\/www.facebook.com\/ruishengglassbottles\" \/>\n<meta property=\"article:modified_time\" content=\"2025-07-17T06:47:59+00:00\" \/>\n<meta property=\"og:image\" content=\"https:\/\/ruishengglassco.com\/wp-content\/uploads\/2025\/03\/Transparent-750ml-XO-Bottle.webp\" \/>\n\t<meta property=\"og:image:width\" content=\"800\" \/>\n\t<meta property=\"og:image:height\" content=\"800\" \/>\n\t<meta property=\"og:image:type\" content=\"image\/webp\" \/>\n<meta name=\"twitter:card\" content=\"summary_large_image\" \/>\n<meta name=\"twitter:label1\" content=\"Dur\u00e9e de lecture estim\u00e9e\" \/>\n\t<meta name=\"twitter:data1\" content=\"2 minutes\" \/>\n<script type=\"application\/ld+json\" class=\"yoast-schema-graph\">{\"@context\":\"https:\/\/schema.org\",\"@graph\":[{\"@type\":\"WebPage\",\"@id\":\"https:\/\/ruishengglassco.com\/product\/rs022-custom-750ml-glass-bottle-for-xo-brandy-whisky\",\"url\":\"https:\/\/ruishengglassco.com\/product\/rs022-custom-750ml-glass-bottle-for-xo-brandy-whisky\",\"name\":\"RS022 Custom 750ml Glass Bottle For XO\/Brandy\/Whisky -\",\"isPartOf\":{\"@id\":\"https:\/\/ruishengglassco.com\/#website\"},\"datePublished\":\"2025-03-15T13:37:28+00:00\",\"dateModified\":\"2025-07-17T06:47:59+00:00\",\"description\":\"Custom 750ml Glass Bottle For XO\/Brandy\/Whisky From China Top Glass Bottle Manufacturer. Factory Outlet&Free Sample Offered.\",\"breadcrumb\":{\"@id\":\"https:\/\/ruishengglassco.com\/product\/rs022-custom-750ml-glass-bottle-for-xo-brandy-whisky#breadcrumb\"},\"inLanguage\":\"fr-FR\",\"potentialAction\":[{\"@type\":\"ReadAction\",\"target\":[\"https:\/\/ruishengglassco.com\/product\/rs022-custom-750ml-glass-bottle-for-xo-brandy-whisky\"]}]},{\"@type\":\"BreadcrumbList\",\"@id\":\"https:\/\/ruishengglassco.com\/product\/rs022-custom-750ml-glass-bottle-for-xo-brandy-whisky#breadcrumb\",\"itemListElement\":[{\"@type\":\"ListItem\",\"position\":1,\"name\":\"Home\",\"item\":\"https:\/\/ruishengglassco.com\/\"},{\"@type\":\"ListItem\",\"position\":2,\"name\":\"Products\",\"item\":\"https:\/\/ruishengglassco.com\/products\"},{\"@type\":\"ListItem\",\"position\":3,\"name\":\"RS022 Custom 750ml Glass Bottle For XO\/Brandy\/Whisky\"}]},{\"@type\":\"WebSite\",\"@id\":\"https:\/\/ruishengglassco.com\/#website\",\"url\":\"https:\/\/ruishengglassco.com\/\",\"name\":\"Ruisheng Glass\",\"description\":\"\",\"publisher\":{\"@id\":\"https:\/\/ruishengglassco.com\/#organization\"},\"potentialAction\":[{\"@type\":\"SearchAction\",\"target\":{\"@type\":\"EntryPoint\",\"urlTemplate\":\"https:\/\/ruishengglassco.com\/?s={search_term_string}\"},\"query-input\":\"required name=search_term_string\"}],\"inLanguage\":\"fr-FR\"},{\"@type\":\"Organization\",\"@id\":\"https:\/\/ruishengglassco.com\/#organization\",\"name\":\"Shandong Yuncheng Ruisheng Glass Co., Ltd\",\"url\":\"https:\/\/ruishengglassco.com\/\",\"logo\":{\"@type\":\"ImageObject\",\"inLanguage\":\"fr-FR\",\"@id\":\"https:\/\/ruishengglassco.com\/#\/schema\/logo\/image\/\",\"url\":\"https:\/\/ruishengglassco.com\/wp-content\/uploads\/2023\/09\/ruisheng_logo_icon.webp\",\"contentUrl\":\"https:\/\/ruishengglassco.com\/wp-content\/uploads\/2023\/09\/ruisheng_logo_icon.webp\",\"width\":400,\"height\":233,\"caption\":\"Shandong Yuncheng Ruisheng Glass Co., Ltd\"},\"image\":{\"@id\":\"https:\/\/ruishengglassco.com\/#\/schema\/logo\/image\/\"},\"sameAs\":[\"https:\/\/www.facebook.com\/ruishengglassbottles\",\"https:\/\/www.instagram.com\/Ruishengglassbottlewholesales\/\",\"https:\/\/www.youtube.com\/channel\/UCMmbMNGwsL-XrtjfSFLCdVQ\"]}]}<\/script>\n<!-- \/ Yoast SEO plugin. -->","yoast_head_json":{"title":"RS022 Custom 750ml Glass Bottle For XO\/Brandy\/Whisky -","description":"Custom 750ml Glass Bottle For XO\/Brandy\/Whisky From China Top Glass Bottle Manufacturer. Factory Outlet&Free Sample Offered.","robots":{"index":"index","follow":"follow","max-snippet":"max-snippet:-1","max-image-preview":"max-image-preview:large","max-video-preview":"max-video-preview:-1"},"canonical":"https:\/\/ruishengglassco.com\/fr\/produit\/rs022-bouteille-en-verre-750ml-personnalisee-pour-xo-brandy-whisky","og_locale":"fr_FR","og_type":"article","og_title":"RS022 Custom 750ml Glass Bottle For XO\/Brandy\/Whisky -","og_description":"Custom 750ml Glass Bottle For XO\/Brandy\/Whisky From China Top Glass Bottle Manufacturer. Factory Outlet&Free Sample Offered.","og_url":"https:\/\/ruishengglassco.com\/fr\/produit\/rs022-bouteille-en-verre-750ml-personnalisee-pour-xo-brandy-whisky","article_publisher":"https:\/\/www.facebook.com\/ruishengglassbottles","article_modified_time":"2025-07-17T06:47:59+00:00","og_image":[{"width":800,"height":800,"url":"https:\/\/ruishengglassco.com\/wp-content\/uploads\/2025\/03\/Transparent-750ml-XO-Bottle.webp","type":"image\/webp"}],"twitter_card":"summary_large_image","twitter_misc":{"Dur\u00e9e de lecture estim\u00e9e":"2 minutes"},"schema":{"@context":"https:\/\/schema.org","@graph":[{"@type":"WebPage","@id":"https:\/\/ruishengglassco.com\/product\/rs022-custom-750ml-glass-bottle-for-xo-brandy-whisky","url":"https:\/\/ruishengglassco.com\/product\/rs022-custom-750ml-glass-bottle-for-xo-brandy-whisky","name":"RS022 Custom 750ml Glass Bottle For XO\/Brandy\/Whisky -","isPartOf":{"@id":"https:\/\/ruishengglassco.com\/#website"},"datePublished":"2025-03-15T13:37:28+00:00","dateModified":"2025-07-17T06:47:59+00:00","description":"Custom 750ml Glass Bottle For XO\/Brandy\/Whisky From China Top Glass Bottle Manufacturer. Factory Outlet&Free Sample Offered.","breadcrumb":{"@id":"https:\/\/ruishengglassco.com\/product\/rs022-custom-750ml-glass-bottle-for-xo-brandy-whisky#breadcrumb"},"inLanguage":"fr-FR","potentialAction":[{"@type":"ReadAction","target":["https:\/\/ruishengglassco.com\/product\/rs022-custom-750ml-glass-bottle-for-xo-brandy-whisky"]}]},{"@type":"BreadcrumbList","@id":"https:\/\/ruishengglassco.com\/product\/rs022-custom-750ml-glass-bottle-for-xo-brandy-whisky#breadcrumb","itemListElement":[{"@type":"ListItem","position":1,"name":"Home","item":"https:\/\/ruishengglassco.com\/"},{"@type":"ListItem","position":2,"name":"Products","item":"https:\/\/ruishengglassco.com\/products"},{"@type":"ListItem","position":3,"name":"RS022 Custom 750ml Glass Bottle For XO\/Brandy\/Whisky"}]},{"@type":"WebSite","@id":"https:\/\/ruishengglassco.com\/#website","url":"https:\/\/ruishengglassco.com\/","name":"Ruisheng Glass","description":"","publisher":{"@id":"https:\/\/ruishengglassco.com\/#organization"},"potentialAction":[{"@type":"SearchAction","target":{"@type":"EntryPoint","urlTemplate":"https:\/\/ruishengglassco.com\/?s={search_term_string}"},"query-input":"required name=search_term_string"}],"inLanguage":"fr-FR"},{"@type":"Organization","@id":"https:\/\/ruishengglassco.com\/#organization","name":"Shandong Yuncheng Ruisheng Glass Co., Ltd","url":"https:\/\/ruishengglassco.com\/","logo":{"@type":"ImageObject","inLanguage":"fr-FR","@id":"https:\/\/ruishengglassco.com\/#\/schema\/logo\/image\/","url":"https:\/\/ruishengglassco.com\/wp-content\/uploads\/2023\/09\/ruisheng_logo_icon.webp","contentUrl":"https:\/\/ruishengglassco.com\/wp-content\/uploads\/2023\/09\/ruisheng_logo_icon.webp","width":400,"height":233,"caption":"Shandong Yuncheng Ruisheng Glass Co., Ltd"},"image":{"@id":"https:\/\/ruishengglassco.com\/#\/schema\/logo\/image\/"},"sameAs":["https:\/\/www.facebook.com\/ruishengglassbottles","https:\/\/www.instagram.com\/Ruishengglassbottlewholesales\/","https:\/\/www.youtube.com\/channel\/UCMmbMNGwsL-XrtjfSFLCdVQ"]}]}},"_links":{"self":[{"href":"https:\/\/ruishengglassco.com\/fr\/wp-json\/wp\/v2\/product\/4348","targetHints":{"allow":["GET"]}}],"collection":[{"href":"https:\/\/ruishengglassco.com\/fr\/wp-json\/wp\/v2\/product"}],"about":[{"href":"https:\/\/ruishengglassco.com\/fr\/wp-json\/wp\/v2\/types\/product"}],"replies":[{"embeddable":true,"href":"https:\/\/ruishengglassco.com\/fr\/wp-json\/wp\/v2\/comments?post=4348"}],"wp:featuredmedia":[{"embeddable":true,"href":"https:\/\/ruishengglassco.com\/fr\/wp-json\/wp\/v2\/media\/4142"}],"wp:attachment":[{"href":"https:\/\/ruishengglassco.com\/fr\/wp-json\/wp\/v2\/media?parent=4348"}],"wp:term":[{"taxonomy":"product_cat","embeddable":true,"href":"https:\/\/ruishengglassco.com\/fr\/wp-json\/wp\/v2\/product_cat?post=4348"}],"curies":[{"name":"wp","href":"https:\/\/api.w.org\/{rel}","templated":true}]}}