{"id":4346,"date":"2025-03-15T14:02:55","date_gmt":"2025-03-15T06:02:55","guid":{"rendered":"https:\/\/ruishengglassco.com\/?post_type=product&#038;p=4346"},"modified":"2025-07-17T14:46:54","modified_gmt":"2025-07-17T06:46:54","slug":"rs023-bouteilles-de-vin-de-750ml-en-gros","status":"publish","type":"product","link":"https:\/\/ruishengglassco.com\/fr\/produit\/rs023-bouteilles-de-vin-de-750ml-en-gros","title":{"rendered":"RS023 Bouteilles de vin de 750 ml Fabricants"},"content":{"rendered":"<h2>Commencez votre commande pour les fabricants de bouteilles de vin de 750 ml<\/h2>\n<p><span data-preserver-spaces=\"true\">Cette s\u00e9rie de bouteilles de vin de 750 ml est l'une des options les plus populaires pour les bouteilles en verre. Le produit utilise du verre flint de haute qualit\u00e9 pour rendre la bouteille en verre plus transparente, plus claire et moins sujette \u00e0 la casse.<\/span><\/p>\n<p><strong><span data-preserver-spaces=\"true\">Caract\u00e9ristiques<\/span><\/strong><\/p>\n<ul>\n<li><span data-preserver-spaces=\"true\">Une \u00e9quipe internationalis\u00e9e et passionn\u00e9e avec une moyenne de 10 ans d'exp\u00e9rience.<\/span><\/li>\n<li><span data-preserver-spaces=\"true\">Ligne de production \u00e9tendue en stock<\/span><\/li>\n<li><span data-preserver-spaces=\"true\">Conception et moules sur mesure<\/span><\/li>\n<li><span data-preserver-spaces=\"true\">Travailler en ligne 24h\/24 et 7j\/7<\/span><\/li>\n<\/ul>\n<p><strong><span data-preserver-spaces=\"true\">Un client inquiet<\/span><\/strong><\/p>\n<ol>\n<li><strong><span data-preserver-spaces=\"true\">Quelle est la quantit\u00e9 de bouteilles de vin en verre de 750 ml vendues en gros ?<\/span><\/strong><\/li>\n<\/ol>\n<p><span data-preserver-spaces=\"true\">Ruisheng est un fabricant professionnel de bouteilles de vin.<\/span><span data-preserver-spaces=\"true\">. <\/span><span data-preserver-spaces=\"true\">Nous <\/span><span data-preserver-spaces=\"true\">juste<\/span><span data-preserver-spaces=\"true\"> fournir des bouteilles en verre en gros, pas au d\u00e9tail.<\/span><span data-preserver-spaces=\"true\"> Le <\/span><strong><span data-preserver-spaces=\"true\">MOQ de 10000 PCS\uff08Around 10000 pcs)<\/span><\/strong><\/p>\n<p><strong><span data-preserver-spaces=\"true\">2. Comment savoir s'il s'agit de produits sans plomb et de qualit\u00e9 alimentaire ?<\/span><\/strong><\/p>\n<p><span data-preserver-spaces=\"true\">Nous proposons trois types de verre : <\/span><span data-preserver-spaces=\"true\">commun, blanc intense et blanc cristallin. Ils sont tous de qualit\u00e9 alimentaire et sans plomb. <\/span><span data-preserver-spaces=\"true\">Nous passons les tests de qualit\u00e9 alimentaire<\/span><span data-preserver-spaces=\"true\">, <\/span><span data-preserver-spaces=\"true\">donc<\/span><span data-preserver-spaces=\"true\"> vous pouvez faire confiance<\/span><span data-preserver-spaces=\"true\"> la s\u00e9curit\u00e9 de nos produits.<\/span><\/p>\n<p><span data-preserver-spaces=\"true\">3. <\/span><strong><span data-preserver-spaces=\"true\">Comment puis-je obtenir un \u00e9chantillon pour v\u00e9rifier votre qualit\u00e9 ? Proposez-vous des \u00e9chantillons gratuits ?<\/span><\/strong><\/p>\n<p><span data-preserver-spaces=\"true\">Oui, des \u00e9chantillons gratuits sont disponibles, et<\/span> <span data-preserver-spaces=\"true\">assurance du commerce direct <\/span><span data-preserver-spaces=\"true\">est autoris\u00e9e. Seuls les frais de transport sont \u00e0 votre charge et seront rembours\u00e9s une fois la commande pass\u00e9e. <\/span><span data-preserver-spaces=\"true\">est plac\u00e9<\/span><span data-preserver-spaces=\"true\">. <\/span><span data-preserver-spaces=\"true\">Ou<\/span><span data-preserver-spaces=\"true\"> si vous disposez d'un compte de messagerie, nous pouvons vous fournir des \u00e9chantillons <\/span><span data-preserver-spaces=\"true\">pour la collecte<\/span><span data-preserver-spaces=\"true\">.<\/span><\/p>\n<p><span data-preserver-spaces=\"true\">\u00a0<\/span><\/p>","protected":false},"excerpt":{"rendered":"<p data-block-id=\"8fa35e9a-1d07-4d51-8e2a-10f10deb4f39\" data-pm-slice=\"1 1 []\">Ruisheng est un sp\u00e9cialiste de la fabrication de bouteilles en verre. Elle propose des bouteilles de vin de 750 ml en vrac pour les soci\u00e9t\u00e9s vinicoles, les marques, etc. Notre soci\u00e9t\u00e9 est impliqu\u00e9e dans la fabrication de bouteilles en verre depuis plus de 10 ans. En tant que fournisseur professionnel de bouteilles en verre, nous fournissons des services personnalis\u00e9s OEM\/ODM pour les commandes en gros.<\/p>\n<h2>Informations d\u00e9taill\u00e9es sur les bouteilles de vin de 750 ml en gros<\/h2>\n<ul>\n<li>Nom : Bouteilles de vin de 750 ml en gros<\/li>\n<li>Num\u00e9ro de mod\u00e8le : Rs-750<\/li>\n<li>Mat\u00e9riau : Mat\u00e9riau du verre Super Flint<\/li>\n<li>Type de scellage : Bouchon de li\u00e8ge, bouchon \u00e0 vis, bouchon de li\u00e8ge, bouchon de verre, bouchon \u00e0 vis, bouchon \u00e0 vis<\/li>\n<li><span style=\"color: #ff6600;\"><strong>MOQ : 10000pcs (environ 10000pcs)<\/strong><\/span><\/li>\n<li>Emballage : Cartons avec intercalaires en carton, palettes, palettes+cartons, bo\u00eetes de couleur avec logo personnalis\u00e9.<\/li>\n<li>D\u00e9lai de livraison : livraison des produits en stock sous 7 jours. Les bouteilles personnalis\u00e9es sont livr\u00e9es dans un d\u00e9lai de 25 \u00e0 30 jours.<\/li>\n<\/ul>\n<p>Si vous souhaitez obtenir plus de d\u00e9tails sur cette bouteille de vin de 750 ml en gros, veuillez cliquer ici pour discuter avec nos vendeurs.<\/p>\n<p>&nbsp;<\/p>","protected":false},"featured_media":4347,"comment_status":"closed","ping_status":"closed","template":"","meta":[],"product_cat":[40],"class_list":{"0":"post-4346","1":"product","2":"type-product","3":"status-publish","4":"has-post-thumbnail","6":"product_cat-750ml-liquor-bottle-manufacturer","8":"first","9":"instock","10":"shipping-taxable","11":"product-type-simple"},"yoast_head":"<!-- This site is optimized with the Yoast SEO plugin v22.0 - https:\/\/yoast.com\/wordpress\/plugins\/seo\/ -->\n<title>750 ml Wine Bottles Manufacturers | Red Wine Bottle Manufacturer-Ruisheng<\/title>\n<meta name=\"description\" content=\"Ruisheng, a professional glass bottle manufacturer&amp;supplier, provide 750 ml Wine Bottles Manufacturers for wine company, brand, and etc.\" \/>\n<meta name=\"robots\" content=\"index, follow, max-snippet:-1, max-image-preview:large, max-video-preview:-1\" \/>\n<link rel=\"canonical\" href=\"https:\/\/ruishengglassco.com\/fr\/produit\/rs023-bouteilles-de-vin-de-750ml-en-gros\" \/>\n<meta property=\"og:locale\" content=\"fr_FR\" \/>\n<meta property=\"og:type\" content=\"article\" \/>\n<meta property=\"og:title\" content=\"750 ml Wine Bottles Manufacturers | Red Wine Bottle Manufacturer-Ruisheng\" \/>\n<meta property=\"og:description\" content=\"Ruisheng, a professional glass bottle manufacturer&amp;supplier, provide 750 ml Wine Bottles Manufacturers for wine company, brand, and etc.\" \/>\n<meta property=\"og:url\" content=\"https:\/\/ruishengglassco.com\/fr\/produit\/rs023-bouteilles-de-vin-de-750ml-en-gros\" \/>\n<meta property=\"article:publisher\" content=\"https:\/\/www.facebook.com\/ruishengglassbottles\" \/>\n<meta property=\"article:modified_time\" content=\"2025-07-17T06:46:54+00:00\" \/>\n<meta property=\"og:image\" content=\"https:\/\/ruishengglassco.com\/wp-content\/uploads\/2025\/03\/RS023-750-ml-Wine-Bottles-Wholesale.webp\" \/>\n\t<meta property=\"og:image:width\" content=\"1000\" \/>\n\t<meta property=\"og:image:height\" content=\"1000\" \/>\n\t<meta property=\"og:image:type\" content=\"image\/webp\" \/>\n<meta name=\"twitter:card\" content=\"summary_large_image\" \/>\n<meta name=\"twitter:label1\" content=\"Dur\u00e9e de lecture estim\u00e9e\" \/>\n\t<meta name=\"twitter:data1\" content=\"2 minutes\" \/>\n<script type=\"application\/ld+json\" class=\"yoast-schema-graph\">{\"@context\":\"https:\/\/schema.org\",\"@graph\":[{\"@type\":\"WebPage\",\"@id\":\"https:\/\/ruishengglassco.com\/product\/rs023-750ml-wine-bottles-manufacturers\",\"url\":\"https:\/\/ruishengglassco.com\/product\/rs023-750ml-wine-bottles-manufacturers\",\"name\":\"750 ml Wine Bottles Manufacturers | Red Wine Bottle Manufacturer-Ruisheng\",\"isPartOf\":{\"@id\":\"https:\/\/ruishengglassco.com\/#website\"},\"datePublished\":\"2025-03-15T06:02:55+00:00\",\"dateModified\":\"2025-07-17T06:46:54+00:00\",\"description\":\"Ruisheng, a professional glass bottle manufacturer&supplier, provide 750 ml Wine Bottles Manufacturers for wine company, brand, and etc.\",\"breadcrumb\":{\"@id\":\"https:\/\/ruishengglassco.com\/product\/rs023-750ml-wine-bottles-manufacturers#breadcrumb\"},\"inLanguage\":\"fr-FR\",\"potentialAction\":[{\"@type\":\"ReadAction\",\"target\":[\"https:\/\/ruishengglassco.com\/product\/rs023-750ml-wine-bottles-manufacturers\"]}]},{\"@type\":\"BreadcrumbList\",\"@id\":\"https:\/\/ruishengglassco.com\/product\/rs023-750ml-wine-bottles-manufacturers#breadcrumb\",\"itemListElement\":[{\"@type\":\"ListItem\",\"position\":1,\"name\":\"Home\",\"item\":\"https:\/\/ruishengglassco.com\/\"},{\"@type\":\"ListItem\",\"position\":2,\"name\":\"Products\",\"item\":\"https:\/\/ruishengglassco.com\/products\"},{\"@type\":\"ListItem\",\"position\":3,\"name\":\"RS023 750ml Wine Bottles Manufacturers\"}]},{\"@type\":\"WebSite\",\"@id\":\"https:\/\/ruishengglassco.com\/#website\",\"url\":\"https:\/\/ruishengglassco.com\/\",\"name\":\"Ruisheng Glass\",\"description\":\"\",\"publisher\":{\"@id\":\"https:\/\/ruishengglassco.com\/#organization\"},\"potentialAction\":[{\"@type\":\"SearchAction\",\"target\":{\"@type\":\"EntryPoint\",\"urlTemplate\":\"https:\/\/ruishengglassco.com\/?s={search_term_string}\"},\"query-input\":\"required name=search_term_string\"}],\"inLanguage\":\"fr-FR\"},{\"@type\":\"Organization\",\"@id\":\"https:\/\/ruishengglassco.com\/#organization\",\"name\":\"Shandong Yuncheng Ruisheng Glass Co., Ltd\",\"url\":\"https:\/\/ruishengglassco.com\/\",\"logo\":{\"@type\":\"ImageObject\",\"inLanguage\":\"fr-FR\",\"@id\":\"https:\/\/ruishengglassco.com\/#\/schema\/logo\/image\/\",\"url\":\"https:\/\/ruishengglassco.com\/wp-content\/uploads\/2023\/09\/ruisheng_logo_icon.webp\",\"contentUrl\":\"https:\/\/ruishengglassco.com\/wp-content\/uploads\/2023\/09\/ruisheng_logo_icon.webp\",\"width\":400,\"height\":233,\"caption\":\"Shandong Yuncheng Ruisheng Glass Co., Ltd\"},\"image\":{\"@id\":\"https:\/\/ruishengglassco.com\/#\/schema\/logo\/image\/\"},\"sameAs\":[\"https:\/\/www.facebook.com\/ruishengglassbottles\",\"https:\/\/www.instagram.com\/Ruishengglassbottlewholesales\/\",\"https:\/\/www.youtube.com\/channel\/UCMmbMNGwsL-XrtjfSFLCdVQ\"]}]}<\/script>\n<!-- \/ Yoast SEO plugin. -->","yoast_head_json":{"title":"750 ml Wine Bottles Manufacturers | Red Wine Bottle Manufacturer-Ruisheng","description":"Ruisheng, a professional glass bottle manufacturer&supplier, provide 750 ml Wine Bottles Manufacturers for wine company, brand, and etc.","robots":{"index":"index","follow":"follow","max-snippet":"max-snippet:-1","max-image-preview":"max-image-preview:large","max-video-preview":"max-video-preview:-1"},"canonical":"https:\/\/ruishengglassco.com\/fr\/produit\/rs023-bouteilles-de-vin-de-750ml-en-gros","og_locale":"fr_FR","og_type":"article","og_title":"750 ml Wine Bottles Manufacturers | Red Wine Bottle Manufacturer-Ruisheng","og_description":"Ruisheng, a professional glass bottle manufacturer&supplier, provide 750 ml Wine Bottles Manufacturers for wine company, brand, and etc.","og_url":"https:\/\/ruishengglassco.com\/fr\/produit\/rs023-bouteilles-de-vin-de-750ml-en-gros","article_publisher":"https:\/\/www.facebook.com\/ruishengglassbottles","article_modified_time":"2025-07-17T06:46:54+00:00","og_image":[{"width":1000,"height":1000,"url":"https:\/\/ruishengglassco.com\/wp-content\/uploads\/2025\/03\/RS023-750-ml-Wine-Bottles-Wholesale.webp","type":"image\/webp"}],"twitter_card":"summary_large_image","twitter_misc":{"Dur\u00e9e de lecture estim\u00e9e":"2 minutes"},"schema":{"@context":"https:\/\/schema.org","@graph":[{"@type":"WebPage","@id":"https:\/\/ruishengglassco.com\/product\/rs023-750ml-wine-bottles-manufacturers","url":"https:\/\/ruishengglassco.com\/product\/rs023-750ml-wine-bottles-manufacturers","name":"750 ml Wine Bottles Manufacturers | Red Wine Bottle Manufacturer-Ruisheng","isPartOf":{"@id":"https:\/\/ruishengglassco.com\/#website"},"datePublished":"2025-03-15T06:02:55+00:00","dateModified":"2025-07-17T06:46:54+00:00","description":"Ruisheng, a professional glass bottle manufacturer&supplier, provide 750 ml Wine Bottles Manufacturers for wine company, brand, and etc.","breadcrumb":{"@id":"https:\/\/ruishengglassco.com\/product\/rs023-750ml-wine-bottles-manufacturers#breadcrumb"},"inLanguage":"fr-FR","potentialAction":[{"@type":"ReadAction","target":["https:\/\/ruishengglassco.com\/product\/rs023-750ml-wine-bottles-manufacturers"]}]},{"@type":"BreadcrumbList","@id":"https:\/\/ruishengglassco.com\/product\/rs023-750ml-wine-bottles-manufacturers#breadcrumb","itemListElement":[{"@type":"ListItem","position":1,"name":"Home","item":"https:\/\/ruishengglassco.com\/"},{"@type":"ListItem","position":2,"name":"Products","item":"https:\/\/ruishengglassco.com\/products"},{"@type":"ListItem","position":3,"name":"RS023 750ml Wine Bottles Manufacturers"}]},{"@type":"WebSite","@id":"https:\/\/ruishengglassco.com\/#website","url":"https:\/\/ruishengglassco.com\/","name":"Ruisheng Glass","description":"","publisher":{"@id":"https:\/\/ruishengglassco.com\/#organization"},"potentialAction":[{"@type":"SearchAction","target":{"@type":"EntryPoint","urlTemplate":"https:\/\/ruishengglassco.com\/?s={search_term_string}"},"query-input":"required name=search_term_string"}],"inLanguage":"fr-FR"},{"@type":"Organization","@id":"https:\/\/ruishengglassco.com\/#organization","name":"Shandong Yuncheng Ruisheng Glass Co., Ltd","url":"https:\/\/ruishengglassco.com\/","logo":{"@type":"ImageObject","inLanguage":"fr-FR","@id":"https:\/\/ruishengglassco.com\/#\/schema\/logo\/image\/","url":"https:\/\/ruishengglassco.com\/wp-content\/uploads\/2023\/09\/ruisheng_logo_icon.webp","contentUrl":"https:\/\/ruishengglassco.com\/wp-content\/uploads\/2023\/09\/ruisheng_logo_icon.webp","width":400,"height":233,"caption":"Shandong Yuncheng Ruisheng Glass Co., Ltd"},"image":{"@id":"https:\/\/ruishengglassco.com\/#\/schema\/logo\/image\/"},"sameAs":["https:\/\/www.facebook.com\/ruishengglassbottles","https:\/\/www.instagram.com\/Ruishengglassbottlewholesales\/","https:\/\/www.youtube.com\/channel\/UCMmbMNGwsL-XrtjfSFLCdVQ"]}]}},"_links":{"self":[{"href":"https:\/\/ruishengglassco.com\/fr\/wp-json\/wp\/v2\/product\/4346","targetHints":{"allow":["GET"]}}],"collection":[{"href":"https:\/\/ruishengglassco.com\/fr\/wp-json\/wp\/v2\/product"}],"about":[{"href":"https:\/\/ruishengglassco.com\/fr\/wp-json\/wp\/v2\/types\/product"}],"replies":[{"embeddable":true,"href":"https:\/\/ruishengglassco.com\/fr\/wp-json\/wp\/v2\/comments?post=4346"}],"wp:featuredmedia":[{"embeddable":true,"href":"https:\/\/ruishengglassco.com\/fr\/wp-json\/wp\/v2\/media\/4347"}],"wp:attachment":[{"href":"https:\/\/ruishengglassco.com\/fr\/wp-json\/wp\/v2\/media?parent=4346"}],"wp:term":[{"taxonomy":"product_cat","embeddable":true,"href":"https:\/\/ruishengglassco.com\/fr\/wp-json\/wp\/v2\/product_cat?post=4346"}],"curies":[{"name":"wp","href":"https:\/\/api.w.org\/{rel}","templated":true}]}}