{"id":4344,"date":"2025-03-15T13:36:42","date_gmt":"2025-03-15T05:36:42","guid":{"rendered":"https:\/\/ruishengglassco.com\/?post_type=product&#038;p=4344"},"modified":"2025-07-17T14:45:52","modified_gmt":"2025-07-17T06:45:52","slug":"re024-500ml-700ml-750ml-bouteilles-de-whisky-de-conception-ancienne-fabricants","status":"publish","type":"product","link":"https:\/\/ruishengglassco.com\/fr\/produit\/re024-500ml-700ml-750ml-bouteilles-de-whisky-de-conception-ancienne-fabricants","title":{"rendered":"RE024 500ml\/700ml\/750ml Bouteilles de Whisky Old Design Fabricants"},"content":{"rendered":"<h2>Informations d\u00e9taill\u00e9es sur les fabricants de bouteilles de whisky anciennes de 500ml\/700ml\/750ml<\/h2>\n<p>Ruisheng est un fabricant et fournisseur professionnel de bouteilles de whisky depuis plus de 10 ans. Elle est sp\u00e9cialis\u00e9e dans la vente en gros et la fabrication de bouteilles de whisky. Nous disposons de la ligne de production de bouteilles de whisky enti\u00e8rement automatis\u00e9e la plus avanc\u00e9e au monde. Les produits fabriqu\u00e9s ont une haute d\u00e9finition et ne s'ab\u00eement pas facilement. La production journali\u00e8re peut atteindre 200 000 unit\u00e9s, ce qui permet de produire les bouteilles de whisky demand\u00e9es par les clients dans les plus brefs d\u00e9lais. Nous sommes une usine de production de bouteilles. Nous proposons des services de personnalisation OEM\/ODM. Il vous suffit de nous envoyer votre \u00e9chantillon et le logo de votre marque. Nous pouvons vous aider \u00e0 cr\u00e9er la bouteille de whisky parfaite.<\/p>\n<h2>Pr\u00e9occupations des clients<\/h2>\n<ol>\n<li><strong>La MOQ de la bouteille de whisky<\/strong><\/li>\n<\/ol>\n<p>En tant que fabricant professionnel de bouteilles de whisky, nous fournissons uniquement un service de vente en gros de bouteilles de whisky, et non de vente au d\u00e9tail. Compte tenu de notre client\u00e8le, de l'emballage, de l'exp\u00e9dition et d'autres facteurs, notre service de vente en gros de bouteilles de whisky n'est pas un service de vente au d\u00e9tail. <strong>Le MOQ est de <span class=\"mceItemHidden\">10000 PCS\uff08Around 20000 pcs)<\/span><\/strong><\/p>\n<p><strong>2. \u00c0 propos de l'emballage<\/strong><\/p>\n<p>Comme nous le savons tous, les bouteilles de vin sont des marchandises fragiles, et nous devons donc pr\u00eater attention \u00e0 l'emballage. Nous utilisons des emballages s\u00fbrs, tels qu'une bo\u00eete int\u00e9rieure, un emballage en vrac, une bo\u00eete en couleur, une bo\u00eete blanche, une bo\u00eete d'exposition ou une palette d'exportation standard, \u00e0 la demande du client.<\/p>\n<p><strong>3. D\u00e9lai de livraison<\/strong><\/p>\n<ul>\n<li>Pour les produits en stock : 7 jours apr\u00e8s r\u00e9ception du paiement.<\/li>\n<li>Pour les produits en rupture de stock : 25 ~ 40 jours apr\u00e8s r\u00e9ception du paiement.<\/li>\n<\/ul>","protected":false},"excerpt":{"rendered":"<p data-block-id=\"3a75f4ee-898b-45f7-9c96-94add5894751\" data-pm-slice=\"1 1 []\">Ruisheng est l'un des principaux fabricants de bouteilles de whisky en Chine. Il propose des bouteilles de whisky anciennes en gros. Fabricant professionnel de bouteilles de whisky avec plus de 10 ans d'exp\u00e9rience dans la fabrication. Nous proposons des bouteilles de whisky de haute qualit\u00e9 pour les marques, les entreprises, les grossistes de bouteilles en verre et les distributeurs.<\/p>\n<ul>\n<li>Article : Bouteille de whisky Old Design Whiskey Wholesale<\/li>\n<li>No.:RS024<\/li>\n<li><strong>MOQ : 10000PCS<\/strong><\/li>\n<li>Mat\u00e9riau : Verre \u00e0 super silex<\/li>\n<li>Service OEM\/ODM propos\u00e9<\/li>\n<li>Type de fermeture : Bouchon en li\u00e8ge \/ bouchon \u00e0 vis<\/li>\n<li>Sp\u00e9cification : 50ml-1500ml<\/li>\n<li>M\u00e9thode d'emballage : Emballage standard pour l'exportation ou emballage personnalis\u00e9<\/li>\n<li>D\u00e9lai de livraison : 20 \u00e0 30 jours en fonction de la taille et de la quantit\u00e9 souhait\u00e9es.<\/li>\n<\/ul>\n<p>Si vous \u00eates int\u00e9ress\u00e9 par nos vieilles bouteilles de whisky en gros, cliquez ici pour obtenir un devis.<\/p>","protected":false},"featured_media":4345,"comment_status":"closed","ping_status":"closed","template":"","meta":[],"product_cat":[41,44,40,54],"class_list":{"0":"post-4344","1":"product","2":"type-product","3":"status-publish","4":"has-post-thumbnail","6":"product_cat-500ml-liquor-bottle-manufacturer","7":"product_cat-700ml-liquor-bottle-manufacturer","8":"product_cat-750ml-liquor-bottle-manufacturer","9":"product_cat-whiskey-bottle","11":"first","12":"instock","13":"shipping-taxable","14":"product-type-simple"},"yoast_head":"<!-- This site is optimized with the Yoast SEO plugin v22.0 - https:\/\/yoast.com\/wordpress\/plugins\/seo\/ -->\n<title>Old Whisky Bottles Manufacturers | Best Whiskey Bottles Manufacturer<\/title>\n<meta name=\"description\" content=\"Want to buy Old Whisky Bottles Manufacturers? Click here to get whisky bottle from best whiskey bottles manufacturer China.\" \/>\n<meta name=\"robots\" content=\"index, follow, max-snippet:-1, max-image-preview:large, max-video-preview:-1\" \/>\n<link rel=\"canonical\" href=\"https:\/\/ruishengglassco.com\/fr\/produit\/re024-500ml-700ml-750ml-bouteilles-de-whisky-de-conception-ancienne-fabricants\" \/>\n<meta property=\"og:locale\" content=\"fr_FR\" \/>\n<meta property=\"og:type\" content=\"article\" \/>\n<meta property=\"og:title\" content=\"Old Whisky Bottles Manufacturers | Best Whiskey Bottles Manufacturer\" \/>\n<meta property=\"og:description\" content=\"Want to buy Old Whisky Bottles Manufacturers? Click here to get whisky bottle from best whiskey bottles manufacturer China.\" \/>\n<meta property=\"og:url\" content=\"https:\/\/ruishengglassco.com\/fr\/produit\/re024-500ml-700ml-750ml-bouteilles-de-whisky-de-conception-ancienne-fabricants\" \/>\n<meta property=\"article:publisher\" content=\"https:\/\/www.facebook.com\/ruishengglassbottles\" \/>\n<meta property=\"article:modified_time\" content=\"2025-07-17T06:45:52+00:00\" \/>\n<meta property=\"og:image\" content=\"https:\/\/ruishengglassco.com\/wp-content\/uploads\/2025\/03\/RE024-500ml-700ml-750ml-Old-Design-Whisky-Bottles-Wholesale.webp\" \/>\n\t<meta property=\"og:image:width\" content=\"800\" \/>\n\t<meta property=\"og:image:height\" content=\"800\" \/>\n\t<meta property=\"og:image:type\" content=\"image\/webp\" \/>\n<meta name=\"twitter:card\" content=\"summary_large_image\" \/>\n<meta name=\"twitter:label1\" content=\"Dur\u00e9e de lecture estim\u00e9e\" \/>\n\t<meta name=\"twitter:data1\" content=\"2 minutes\" \/>\n<script type=\"application\/ld+json\" class=\"yoast-schema-graph\">{\"@context\":\"https:\/\/schema.org\",\"@graph\":[{\"@type\":\"WebPage\",\"@id\":\"https:\/\/ruishengglassco.com\/product\/re024-500ml-700ml-750ml-old-design-whisky-bottles-manufacturers\",\"url\":\"https:\/\/ruishengglassco.com\/product\/re024-500ml-700ml-750ml-old-design-whisky-bottles-manufacturers\",\"name\":\"Old Whisky Bottles Manufacturers | Best Whiskey Bottles Manufacturer\",\"isPartOf\":{\"@id\":\"https:\/\/ruishengglassco.com\/#website\"},\"datePublished\":\"2025-03-15T05:36:42+00:00\",\"dateModified\":\"2025-07-17T06:45:52+00:00\",\"description\":\"Want to buy Old Whisky Bottles Manufacturers? Click here to get whisky bottle from best whiskey bottles manufacturer China.\",\"breadcrumb\":{\"@id\":\"https:\/\/ruishengglassco.com\/product\/re024-500ml-700ml-750ml-old-design-whisky-bottles-manufacturers#breadcrumb\"},\"inLanguage\":\"fr-FR\",\"potentialAction\":[{\"@type\":\"ReadAction\",\"target\":[\"https:\/\/ruishengglassco.com\/product\/re024-500ml-700ml-750ml-old-design-whisky-bottles-manufacturers\"]}]},{\"@type\":\"BreadcrumbList\",\"@id\":\"https:\/\/ruishengglassco.com\/product\/re024-500ml-700ml-750ml-old-design-whisky-bottles-manufacturers#breadcrumb\",\"itemListElement\":[{\"@type\":\"ListItem\",\"position\":1,\"name\":\"Home\",\"item\":\"https:\/\/ruishengglassco.com\/\"},{\"@type\":\"ListItem\",\"position\":2,\"name\":\"Products\",\"item\":\"https:\/\/ruishengglassco.com\/products\"},{\"@type\":\"ListItem\",\"position\":3,\"name\":\"RE024 500ml\/700ml\/750ml Old Design Whisky Bottles Manufacturers\"}]},{\"@type\":\"WebSite\",\"@id\":\"https:\/\/ruishengglassco.com\/#website\",\"url\":\"https:\/\/ruishengglassco.com\/\",\"name\":\"Ruisheng Glass\",\"description\":\"\",\"publisher\":{\"@id\":\"https:\/\/ruishengglassco.com\/#organization\"},\"potentialAction\":[{\"@type\":\"SearchAction\",\"target\":{\"@type\":\"EntryPoint\",\"urlTemplate\":\"https:\/\/ruishengglassco.com\/?s={search_term_string}\"},\"query-input\":\"required name=search_term_string\"}],\"inLanguage\":\"fr-FR\"},{\"@type\":\"Organization\",\"@id\":\"https:\/\/ruishengglassco.com\/#organization\",\"name\":\"Shandong Yuncheng Ruisheng Glass Co., Ltd\",\"url\":\"https:\/\/ruishengglassco.com\/\",\"logo\":{\"@type\":\"ImageObject\",\"inLanguage\":\"fr-FR\",\"@id\":\"https:\/\/ruishengglassco.com\/#\/schema\/logo\/image\/\",\"url\":\"https:\/\/ruishengglassco.com\/wp-content\/uploads\/2023\/09\/ruisheng_logo_icon.webp\",\"contentUrl\":\"https:\/\/ruishengglassco.com\/wp-content\/uploads\/2023\/09\/ruisheng_logo_icon.webp\",\"width\":400,\"height\":233,\"caption\":\"Shandong Yuncheng Ruisheng Glass Co., Ltd\"},\"image\":{\"@id\":\"https:\/\/ruishengglassco.com\/#\/schema\/logo\/image\/\"},\"sameAs\":[\"https:\/\/www.facebook.com\/ruishengglassbottles\",\"https:\/\/www.instagram.com\/Ruishengglassbottlewholesales\/\",\"https:\/\/www.youtube.com\/channel\/UCMmbMNGwsL-XrtjfSFLCdVQ\"]}]}<\/script>\n<!-- \/ Yoast SEO plugin. -->","yoast_head_json":{"title":"Old Whisky Bottles Manufacturers | Best Whiskey Bottles Manufacturer","description":"Want to buy Old Whisky Bottles Manufacturers? Click here to get whisky bottle from best whiskey bottles manufacturer China.","robots":{"index":"index","follow":"follow","max-snippet":"max-snippet:-1","max-image-preview":"max-image-preview:large","max-video-preview":"max-video-preview:-1"},"canonical":"https:\/\/ruishengglassco.com\/fr\/produit\/re024-500ml-700ml-750ml-bouteilles-de-whisky-de-conception-ancienne-fabricants","og_locale":"fr_FR","og_type":"article","og_title":"Old Whisky Bottles Manufacturers | Best Whiskey Bottles Manufacturer","og_description":"Want to buy Old Whisky Bottles Manufacturers? Click here to get whisky bottle from best whiskey bottles manufacturer China.","og_url":"https:\/\/ruishengglassco.com\/fr\/produit\/re024-500ml-700ml-750ml-bouteilles-de-whisky-de-conception-ancienne-fabricants","article_publisher":"https:\/\/www.facebook.com\/ruishengglassbottles","article_modified_time":"2025-07-17T06:45:52+00:00","og_image":[{"width":800,"height":800,"url":"https:\/\/ruishengglassco.com\/wp-content\/uploads\/2025\/03\/RE024-500ml-700ml-750ml-Old-Design-Whisky-Bottles-Wholesale.webp","type":"image\/webp"}],"twitter_card":"summary_large_image","twitter_misc":{"Dur\u00e9e de lecture estim\u00e9e":"2 minutes"},"schema":{"@context":"https:\/\/schema.org","@graph":[{"@type":"WebPage","@id":"https:\/\/ruishengglassco.com\/product\/re024-500ml-700ml-750ml-old-design-whisky-bottles-manufacturers","url":"https:\/\/ruishengglassco.com\/product\/re024-500ml-700ml-750ml-old-design-whisky-bottles-manufacturers","name":"Old Whisky Bottles Manufacturers | Best Whiskey Bottles Manufacturer","isPartOf":{"@id":"https:\/\/ruishengglassco.com\/#website"},"datePublished":"2025-03-15T05:36:42+00:00","dateModified":"2025-07-17T06:45:52+00:00","description":"Want to buy Old Whisky Bottles Manufacturers? Click here to get whisky bottle from best whiskey bottles manufacturer China.","breadcrumb":{"@id":"https:\/\/ruishengglassco.com\/product\/re024-500ml-700ml-750ml-old-design-whisky-bottles-manufacturers#breadcrumb"},"inLanguage":"fr-FR","potentialAction":[{"@type":"ReadAction","target":["https:\/\/ruishengglassco.com\/product\/re024-500ml-700ml-750ml-old-design-whisky-bottles-manufacturers"]}]},{"@type":"BreadcrumbList","@id":"https:\/\/ruishengglassco.com\/product\/re024-500ml-700ml-750ml-old-design-whisky-bottles-manufacturers#breadcrumb","itemListElement":[{"@type":"ListItem","position":1,"name":"Home","item":"https:\/\/ruishengglassco.com\/"},{"@type":"ListItem","position":2,"name":"Products","item":"https:\/\/ruishengglassco.com\/products"},{"@type":"ListItem","position":3,"name":"RE024 500ml\/700ml\/750ml Old Design Whisky Bottles Manufacturers"}]},{"@type":"WebSite","@id":"https:\/\/ruishengglassco.com\/#website","url":"https:\/\/ruishengglassco.com\/","name":"Ruisheng Glass","description":"","publisher":{"@id":"https:\/\/ruishengglassco.com\/#organization"},"potentialAction":[{"@type":"SearchAction","target":{"@type":"EntryPoint","urlTemplate":"https:\/\/ruishengglassco.com\/?s={search_term_string}"},"query-input":"required name=search_term_string"}],"inLanguage":"fr-FR"},{"@type":"Organization","@id":"https:\/\/ruishengglassco.com\/#organization","name":"Shandong Yuncheng Ruisheng Glass Co., Ltd","url":"https:\/\/ruishengglassco.com\/","logo":{"@type":"ImageObject","inLanguage":"fr-FR","@id":"https:\/\/ruishengglassco.com\/#\/schema\/logo\/image\/","url":"https:\/\/ruishengglassco.com\/wp-content\/uploads\/2023\/09\/ruisheng_logo_icon.webp","contentUrl":"https:\/\/ruishengglassco.com\/wp-content\/uploads\/2023\/09\/ruisheng_logo_icon.webp","width":400,"height":233,"caption":"Shandong Yuncheng Ruisheng Glass Co., Ltd"},"image":{"@id":"https:\/\/ruishengglassco.com\/#\/schema\/logo\/image\/"},"sameAs":["https:\/\/www.facebook.com\/ruishengglassbottles","https:\/\/www.instagram.com\/Ruishengglassbottlewholesales\/","https:\/\/www.youtube.com\/channel\/UCMmbMNGwsL-XrtjfSFLCdVQ"]}]}},"_links":{"self":[{"href":"https:\/\/ruishengglassco.com\/fr\/wp-json\/wp\/v2\/product\/4344","targetHints":{"allow":["GET"]}}],"collection":[{"href":"https:\/\/ruishengglassco.com\/fr\/wp-json\/wp\/v2\/product"}],"about":[{"href":"https:\/\/ruishengglassco.com\/fr\/wp-json\/wp\/v2\/types\/product"}],"replies":[{"embeddable":true,"href":"https:\/\/ruishengglassco.com\/fr\/wp-json\/wp\/v2\/comments?post=4344"}],"wp:featuredmedia":[{"embeddable":true,"href":"https:\/\/ruishengglassco.com\/fr\/wp-json\/wp\/v2\/media\/4345"}],"wp:attachment":[{"href":"https:\/\/ruishengglassco.com\/fr\/wp-json\/wp\/v2\/media?parent=4344"}],"wp:term":[{"taxonomy":"product_cat","embeddable":true,"href":"https:\/\/ruishengglassco.com\/fr\/wp-json\/wp\/v2\/product_cat?post=4344"}],"curies":[{"name":"wp","href":"https:\/\/api.w.org\/{rel}","templated":true}]}}