{"id":4341,"date":"2025-03-15T13:34:18","date_gmt":"2025-03-15T05:34:18","guid":{"rendered":"https:\/\/ruishengglassco.com\/?post_type=product&#038;p=4341"},"modified":"2025-07-17T14:44:45","modified_gmt":"2025-07-17T06:44:45","slug":"rs025-700ml-750ml-bouteilles-rondes-vides-de-whisky","status":"publish","type":"product","link":"https:\/\/ruishengglassco.com\/fr\/produit\/rs025-700ml-750ml-bouteilles-rondes-vides-de-whisky","title":{"rendered":"RS025 Bouteilles rondes vides de whisky 700ml\/750ml"},"content":{"rendered":"<h2>Informations d\u00e9taill\u00e9es sur les bouteilles de whisky rondes vides 700ml\/750ml Whiskey Bottles Wholesale<\/h2>\n<p>Cette s\u00e9rie de bouteilles de whisky rondes et vides de 700 ml et 750 ml est disponible en gros. Elles sont fabriqu\u00e9es en verre de haute qualit\u00e9, ce qui les rend parfaites pour le conditionnement du whisky, du brandy et de la vodka. Le corps transparent de la bouteille met parfaitement en \u00e9vidence la qualit\u00e9 et la couleur du spiritueux.<\/p>\n<p>En tant que fabricant principal de bouteilles de whisky, nous fournissons uniquement des bouteilles de whisky en verre en gros. Bien entendu, en tant qu'\u00e9quipe professionnelle, nous fournissons des services de conception de bouteilles de whisky personnalis\u00e9es. Les services OEM\/ODM sont disponibles.<\/p>\n<p><strong>D\u00e9tails rapides<\/strong><\/p>\n<ul>\n<li>Traitement de surface:\uff1aDecal<\/li>\n<li>Utilisation industrielle : boissons<\/li>\n<li>Mat\u00e9riau de la base : Verre \u00e0 super silex<\/li>\n<li>Mat\u00e9riau du corps : Verre \u00e0 super silex<\/li>\n<li>Mat\u00e9riau du collier : Verre \u00e0 super silex<\/li>\n<li>Type d'\u00e9tanch\u00e9it\u00e9 : Li\u00e8ge<\/li>\n<li>Utilisation : Whiskey\/Brandy<\/li>\n<li>Lieu d'origine : Shandong, Chine<\/li>\n<li>Nom de marque : Ruisheng<\/li>\n<li>Nom du produit : 50ml Whisky empty Extra Flint Vodka Premium round spirit Glass Bottle<\/li>\n<li>Capacit\u00e9 : 100-1000ml \/ sur mesure<\/li>\n<li>Certification : ISO9001<\/li>\n<li>Emballage : Carton \/ palette \/ sur mesure<\/li>\n<li>Keyword : Bouteille de Whisky, Bouteille de Whisky en verre, Bouteille de Whisky vide, Bouteille de Whisky ronde<\/li>\n<li>Service : OEM \/ODM<\/li>\n<li>\u00c9chantillon : \u00c9chantillon fourni gratuitement<\/li>\n<li>D\u00e9lai de livraison : G\u00e9n\u00e9ralement 25-30 jours ouvrables<\/li>\n<\/ul>","protected":false},"excerpt":{"rendered":"<p>Vous cherchez une bouteille de whisky vide pour votre marque ? Ruisheng Glass Bottle est un sp\u00e9cialiste de la fabrication de bouteilles de liqueur en verre. Nous proposons des bouteilles de whisky rondes vides de 700 ml et 750 ml. Nous comptons parmi nos clients des marques de whisky, des entreprises, des fournisseurs de bouteilles en verre, des grossistes et des distributeurs.<\/p>\n<h2>Informations relatives \u00e0 la commande de bouteilles de whisky rondes vides de 700ml\/750ml<\/h2>\n<ul>\n<li>Nom du mod\u00e8le : Bouteilles rondes vides de whisky 700ml\/750ml<\/li>\n<li>Num\u00e9ro de mod\u00e8le : RS025<\/li>\n<li>Nom de marque : RUISHENG<\/li>\n<li><strong>MOQ : 10000pcs<\/strong><\/li>\n<li>Capacit\u00e9 : 700ML\/750ml\/personnalis\u00e9e<\/li>\n<li>Traitement des surfaces : Marquage \u00e0 chaud, givrage, d\u00e9calcomanie, gaufrage, s\u00e9rigraphie<\/li>\n<li>Mat\u00e9riau : Verre Super Flint<\/li>\n<li>Mat\u00e9riau du col : Bouteille en verre transparent<\/li>\n<li>Type de fermeture : Bouchon \u00e0 vis, bouchon de li\u00e8ge, bouchon de verre, bouchon \u00e0 vis<\/li>\n<li>Utilisation : Bouteille de whisky<\/li>\n<li>Lieu d'origine : Shandong, Chine<\/li>\n<li>emballage : Cartons et palettes d'exportation standard<\/li>\n<li>Service : Service OEM\/ODM<\/li>\n<\/ul>\n<p>Si vous souhaitez obtenir le prix de gros des bouteilles de whisky, cliquez ici pour nous contacter.<\/p>","protected":false},"featured_media":4342,"comment_status":"closed","ping_status":"closed","template":"","meta":[],"product_cat":[44,40,54],"class_list":{"0":"post-4341","1":"product","2":"type-product","3":"status-publish","4":"has-post-thumbnail","6":"product_cat-700ml-liquor-bottle-manufacturer","7":"product_cat-750ml-liquor-bottle-manufacturer","8":"product_cat-whiskey-bottle","10":"first","11":"instock","12":"shipping-taxable","13":"product-type-simple"},"yoast_head":"<!-- This site is optimized with the Yoast SEO plugin v22.0 - https:\/\/yoast.com\/wordpress\/plugins\/seo\/ -->\n<title>700ml\/750ml Round Empty Whiskey Bottle Wholesale<\/title>\n<meta name=\"description\" content=\"Do you want to buy Whsikey Bottle in Bulk for Your Brand? Ruisheng, a professional liquor bottle manufacturer, provide 700ml\/750ml Round Empty Whiskey Bottle Wholesale.\" \/>\n<meta name=\"robots\" content=\"index, follow, max-snippet:-1, max-image-preview:large, max-video-preview:-1\" \/>\n<link rel=\"canonical\" href=\"https:\/\/ruishengglassco.com\/fr\/produit\/rs025-700ml-750ml-bouteilles-rondes-vides-de-whisky\" \/>\n<meta property=\"og:locale\" content=\"fr_FR\" \/>\n<meta property=\"og:type\" content=\"article\" \/>\n<meta property=\"og:title\" content=\"700ml\/750ml Round Empty Whiskey Bottle Wholesale\" \/>\n<meta property=\"og:description\" content=\"Do you want to buy Whsikey Bottle in Bulk for Your Brand? Ruisheng, a professional liquor bottle manufacturer, provide 700ml\/750ml Round Empty Whiskey Bottle Wholesale.\" \/>\n<meta property=\"og:url\" content=\"https:\/\/ruishengglassco.com\/fr\/produit\/rs025-700ml-750ml-bouteilles-rondes-vides-de-whisky\" \/>\n<meta property=\"article:publisher\" content=\"https:\/\/www.facebook.com\/ruishengglassbottles\" \/>\n<meta property=\"article:modified_time\" content=\"2025-07-17T06:44:45+00:00\" \/>\n<meta property=\"og:image\" content=\"https:\/\/ruishengglassco.com\/wp-content\/uploads\/2025\/03\/RS025-700ml-750ml-Round-Empty-Whiskey-Bottles.webp\" \/>\n\t<meta property=\"og:image:width\" content=\"800\" \/>\n\t<meta property=\"og:image:height\" content=\"800\" \/>\n\t<meta property=\"og:image:type\" content=\"image\/webp\" \/>\n<meta name=\"twitter:card\" content=\"summary_large_image\" \/>\n<meta name=\"twitter:label1\" content=\"Dur\u00e9e de lecture estim\u00e9e\" \/>\n\t<meta name=\"twitter:data1\" content=\"1 minute\" \/>\n<script type=\"application\/ld+json\" class=\"yoast-schema-graph\">{\"@context\":\"https:\/\/schema.org\",\"@graph\":[{\"@type\":\"WebPage\",\"@id\":\"https:\/\/ruishengglassco.com\/product\/rs025-700ml-750ml-round-empty-whiskey-bottles\",\"url\":\"https:\/\/ruishengglassco.com\/product\/rs025-700ml-750ml-round-empty-whiskey-bottles\",\"name\":\"700ml\/750ml Round Empty Whiskey Bottle Wholesale\",\"isPartOf\":{\"@id\":\"https:\/\/ruishengglassco.com\/#website\"},\"datePublished\":\"2025-03-15T05:34:18+00:00\",\"dateModified\":\"2025-07-17T06:44:45+00:00\",\"description\":\"Do you want to buy Whsikey Bottle in Bulk for Your Brand? Ruisheng, a professional liquor bottle manufacturer, provide 700ml\/750ml Round Empty Whiskey Bottle Wholesale.\",\"breadcrumb\":{\"@id\":\"https:\/\/ruishengglassco.com\/product\/rs025-700ml-750ml-round-empty-whiskey-bottles#breadcrumb\"},\"inLanguage\":\"fr-FR\",\"potentialAction\":[{\"@type\":\"ReadAction\",\"target\":[\"https:\/\/ruishengglassco.com\/product\/rs025-700ml-750ml-round-empty-whiskey-bottles\"]}]},{\"@type\":\"BreadcrumbList\",\"@id\":\"https:\/\/ruishengglassco.com\/product\/rs025-700ml-750ml-round-empty-whiskey-bottles#breadcrumb\",\"itemListElement\":[{\"@type\":\"ListItem\",\"position\":1,\"name\":\"Home\",\"item\":\"https:\/\/ruishengglassco.com\/\"},{\"@type\":\"ListItem\",\"position\":2,\"name\":\"Products\",\"item\":\"https:\/\/ruishengglassco.com\/products\"},{\"@type\":\"ListItem\",\"position\":3,\"name\":\"RS025 700ml\/750ml Round Empty Whiskey Bottles\"}]},{\"@type\":\"WebSite\",\"@id\":\"https:\/\/ruishengglassco.com\/#website\",\"url\":\"https:\/\/ruishengglassco.com\/\",\"name\":\"Ruisheng Glass\",\"description\":\"\",\"publisher\":{\"@id\":\"https:\/\/ruishengglassco.com\/#organization\"},\"potentialAction\":[{\"@type\":\"SearchAction\",\"target\":{\"@type\":\"EntryPoint\",\"urlTemplate\":\"https:\/\/ruishengglassco.com\/?s={search_term_string}\"},\"query-input\":\"required name=search_term_string\"}],\"inLanguage\":\"fr-FR\"},{\"@type\":\"Organization\",\"@id\":\"https:\/\/ruishengglassco.com\/#organization\",\"name\":\"Shandong Yuncheng Ruisheng Glass Co., Ltd\",\"url\":\"https:\/\/ruishengglassco.com\/\",\"logo\":{\"@type\":\"ImageObject\",\"inLanguage\":\"fr-FR\",\"@id\":\"https:\/\/ruishengglassco.com\/#\/schema\/logo\/image\/\",\"url\":\"https:\/\/ruishengglassco.com\/wp-content\/uploads\/2023\/09\/ruisheng_logo_icon.webp\",\"contentUrl\":\"https:\/\/ruishengglassco.com\/wp-content\/uploads\/2023\/09\/ruisheng_logo_icon.webp\",\"width\":400,\"height\":233,\"caption\":\"Shandong Yuncheng Ruisheng Glass Co., Ltd\"},\"image\":{\"@id\":\"https:\/\/ruishengglassco.com\/#\/schema\/logo\/image\/\"},\"sameAs\":[\"https:\/\/www.facebook.com\/ruishengglassbottles\",\"https:\/\/www.instagram.com\/Ruishengglassbottlewholesales\/\",\"https:\/\/www.youtube.com\/channel\/UCMmbMNGwsL-XrtjfSFLCdVQ\"]}]}<\/script>\n<!-- \/ Yoast SEO plugin. -->","yoast_head_json":{"title":"700ml\/750ml Round Empty Whiskey Bottle Wholesale","description":"Do you want to buy Whsikey Bottle in Bulk for Your Brand? Ruisheng, a professional liquor bottle manufacturer, provide 700ml\/750ml Round Empty Whiskey Bottle Wholesale.","robots":{"index":"index","follow":"follow","max-snippet":"max-snippet:-1","max-image-preview":"max-image-preview:large","max-video-preview":"max-video-preview:-1"},"canonical":"https:\/\/ruishengglassco.com\/fr\/produit\/rs025-700ml-750ml-bouteilles-rondes-vides-de-whisky","og_locale":"fr_FR","og_type":"article","og_title":"700ml\/750ml Round Empty Whiskey Bottle Wholesale","og_description":"Do you want to buy Whsikey Bottle in Bulk for Your Brand? Ruisheng, a professional liquor bottle manufacturer, provide 700ml\/750ml Round Empty Whiskey Bottle Wholesale.","og_url":"https:\/\/ruishengglassco.com\/fr\/produit\/rs025-700ml-750ml-bouteilles-rondes-vides-de-whisky","article_publisher":"https:\/\/www.facebook.com\/ruishengglassbottles","article_modified_time":"2025-07-17T06:44:45+00:00","og_image":[{"width":800,"height":800,"url":"https:\/\/ruishengglassco.com\/wp-content\/uploads\/2025\/03\/RS025-700ml-750ml-Round-Empty-Whiskey-Bottles.webp","type":"image\/webp"}],"twitter_card":"summary_large_image","twitter_misc":{"Dur\u00e9e de lecture estim\u00e9e":"1 minute"},"schema":{"@context":"https:\/\/schema.org","@graph":[{"@type":"WebPage","@id":"https:\/\/ruishengglassco.com\/product\/rs025-700ml-750ml-round-empty-whiskey-bottles","url":"https:\/\/ruishengglassco.com\/product\/rs025-700ml-750ml-round-empty-whiskey-bottles","name":"700ml\/750ml Round Empty Whiskey Bottle Wholesale","isPartOf":{"@id":"https:\/\/ruishengglassco.com\/#website"},"datePublished":"2025-03-15T05:34:18+00:00","dateModified":"2025-07-17T06:44:45+00:00","description":"Do you want to buy Whsikey Bottle in Bulk for Your Brand? Ruisheng, a professional liquor bottle manufacturer, provide 700ml\/750ml Round Empty Whiskey Bottle Wholesale.","breadcrumb":{"@id":"https:\/\/ruishengglassco.com\/product\/rs025-700ml-750ml-round-empty-whiskey-bottles#breadcrumb"},"inLanguage":"fr-FR","potentialAction":[{"@type":"ReadAction","target":["https:\/\/ruishengglassco.com\/product\/rs025-700ml-750ml-round-empty-whiskey-bottles"]}]},{"@type":"BreadcrumbList","@id":"https:\/\/ruishengglassco.com\/product\/rs025-700ml-750ml-round-empty-whiskey-bottles#breadcrumb","itemListElement":[{"@type":"ListItem","position":1,"name":"Home","item":"https:\/\/ruishengglassco.com\/"},{"@type":"ListItem","position":2,"name":"Products","item":"https:\/\/ruishengglassco.com\/products"},{"@type":"ListItem","position":3,"name":"RS025 700ml\/750ml Round Empty Whiskey Bottles"}]},{"@type":"WebSite","@id":"https:\/\/ruishengglassco.com\/#website","url":"https:\/\/ruishengglassco.com\/","name":"Ruisheng Glass","description":"","publisher":{"@id":"https:\/\/ruishengglassco.com\/#organization"},"potentialAction":[{"@type":"SearchAction","target":{"@type":"EntryPoint","urlTemplate":"https:\/\/ruishengglassco.com\/?s={search_term_string}"},"query-input":"required name=search_term_string"}],"inLanguage":"fr-FR"},{"@type":"Organization","@id":"https:\/\/ruishengglassco.com\/#organization","name":"Shandong Yuncheng Ruisheng Glass Co., Ltd","url":"https:\/\/ruishengglassco.com\/","logo":{"@type":"ImageObject","inLanguage":"fr-FR","@id":"https:\/\/ruishengglassco.com\/#\/schema\/logo\/image\/","url":"https:\/\/ruishengglassco.com\/wp-content\/uploads\/2023\/09\/ruisheng_logo_icon.webp","contentUrl":"https:\/\/ruishengglassco.com\/wp-content\/uploads\/2023\/09\/ruisheng_logo_icon.webp","width":400,"height":233,"caption":"Shandong Yuncheng Ruisheng Glass Co., Ltd"},"image":{"@id":"https:\/\/ruishengglassco.com\/#\/schema\/logo\/image\/"},"sameAs":["https:\/\/www.facebook.com\/ruishengglassbottles","https:\/\/www.instagram.com\/Ruishengglassbottlewholesales\/","https:\/\/www.youtube.com\/channel\/UCMmbMNGwsL-XrtjfSFLCdVQ"]}]}},"_links":{"self":[{"href":"https:\/\/ruishengglassco.com\/fr\/wp-json\/wp\/v2\/product\/4341","targetHints":{"allow":["GET"]}}],"collection":[{"href":"https:\/\/ruishengglassco.com\/fr\/wp-json\/wp\/v2\/product"}],"about":[{"href":"https:\/\/ruishengglassco.com\/fr\/wp-json\/wp\/v2\/types\/product"}],"replies":[{"embeddable":true,"href":"https:\/\/ruishengglassco.com\/fr\/wp-json\/wp\/v2\/comments?post=4341"}],"wp:featuredmedia":[{"embeddable":true,"href":"https:\/\/ruishengglassco.com\/fr\/wp-json\/wp\/v2\/media\/4342"}],"wp:attachment":[{"href":"https:\/\/ruishengglassco.com\/fr\/wp-json\/wp\/v2\/media?parent=4341"}],"wp:term":[{"taxonomy":"product_cat","embeddable":true,"href":"https:\/\/ruishengglassco.com\/fr\/wp-json\/wp\/v2\/product_cat?post=4341"}],"curies":[{"name":"wp","href":"https:\/\/api.w.org\/{rel}","templated":true}]}}