{"id":4312,"date":"2025-03-15T12:35:32","date_gmt":"2025-03-15T04:35:32","guid":{"rendered":"https:\/\/ruishengglassco.com\/?post_type=product&#038;p=4312"},"modified":"2025-07-17T14:37:53","modified_gmt":"2025-07-17T06:37:53","slug":"rs039-500ml-750ml-bouteilles-de-vodka-transparentes","status":"publish","type":"product","link":"https:\/\/ruishengglassco.com\/fr\/produit\/rs039-500ml-750ml-bouteilles-de-vodka-transparentes","title":{"rendered":"RS039 : Bouteilles de vodka transparentes de 500ml 750ml"},"content":{"rendered":"<h2>Informations d\u00e9taill\u00e9es sur les bouteilles de vodka transparentes 500ml 750ml Wholesale<\/h2>\n<p data-block-id=\"6fff1bb0-cb25-4c24-af74-66acf6fd3c5b\" data-pm-slice=\"1 1 []\">Vous pouvez personnaliser ces <strong>Bouteilles de vodka transparentes de 500 ml et 750 ml<\/strong> de multiples fa\u00e7ons. Avec autant d'options, votre produit se distinguera dans les rayons. Nous proposons des \u00e9tiquettes autocollantes, des logos imprim\u00e9s, de la gravure, du gaufrage, du givrage et de la galvanoplastie. Vous pouvez \u00e9galement personnaliser l'impression des cartons de vente au d\u00e9tail et le style des bouchons. Les bouteilles sont con\u00e7ues selon les normes de qualit\u00e9 les plus strictes, ce qui garantit qu'elles ne se briseront pas pendant le transport vers le lieu de vente ou lorsque votre client les ram\u00e8nera chez lui. Ces bouteilles de liqueur solides peuvent \u00eatre personnalis\u00e9es, ce qui pla\u00eet aux collectionneurs. Cet int\u00e9r\u00eat peut se traduire par une augmentation de vos ventes.<\/p>","protected":false},"excerpt":{"rendered":"<p data-block-id=\"4a7ee989-0b75-4712-91ab-b0cb46722f47\" data-pm-slice=\"1 1 []\">Si vous souhaitez vous lancer dans la vente d'alcool, vous aurez besoin de bouteilles adapt\u00e9es. Commencez bien votre commerce d'alcool avec les bouteilles de vodka transparentes de 500 ml et 750 ml disponibles en gros. Ces bouteilles en verre transparent contiennent de 500 \u00e0 750 millilitres de vodka. Il est donc facile de suivre la quantit\u00e9 de vodka remplie pour chaque lot. La clart\u00e9 des bouteilles de vodka en gros est cristalline, ce qui permet \u00e0 vos clients de voir facilement la couleur du liquide \u00e0 travers le verre. La transparence permet de voir clairement ce que vous voulez inscrire sur le devant de la bouteille, quelle que soit la fa\u00e7on dont vous choisissez de la personnaliser.<\/p>\n<h2>Informations sur la commande Bouteille de vodka transparente 500ml 750ml Wholesale<\/h2>\n<ul>\n<li>Nom du produit : Bouteilles de vodka en verre extra blanc de 500ml 750ml<\/li>\n<li><span class=\"attr-name J-attr-name\" title=\"Num\u00e9ro de mod\u00e8le\">Num\u00e9ro de mod\u00e8le : <\/span>RS039<\/li>\n<li><span style=\"color: #ff0000;\"><strong><span class=\"mceItemHidden\"><span class=\"hiddenSpellError\">MOQ<\/span>: 10000 PCS<\/span><\/strong><\/span><\/li>\n<li>Service : nous pouvons r\u00e9pondre \u00e0 toutes vos exigences, y compris l'impression de logos, d'\u00e9tiquettes autocollantes, le gaufrage, la gravure, la galvanoplastie, le givrage, la peinture, et vous pouvez personnaliser l'impression de cartons de vente au d\u00e9tail et le style de bouchon.<\/li>\n<li>Marque : RS<\/li>\n<li>Mat\u00e9riau : Mat\u00e9riau blanc cristallin, mat\u00e9riau extr\u00eamement blanc<\/li>\n<li>Sp\u00e9cification : 50ml-3500ml<\/li>\n<li>Caract\u00e9ristiques : Haute qualit\u00e9, plus transparent, incassable, recyclable<\/li>\n<li>\u00c9chantillon : Gratuit si l'on utilise notre moule existant.<\/li>\n<li>Norme : ISO9001:2008, ISO14001:2004<\/li>\n<li>M\u00e9thode d'emballage : Emballage standard pour l'exportation ou emballage personnalis\u00e9<\/li>\n<li>Modalit\u00e9s de paiement : T\/T, L\/C, Western Union, Paypal.<\/li>\n<li>D\u00e9lai de livraison : 20 \u00e0 30 jours selon la taille et la quantit\u00e9 souhait\u00e9es.<\/li>\n<\/ul>","protected":false},"featured_media":4313,"comment_status":"closed","ping_status":"closed","template":"","meta":[],"product_cat":[41,40],"class_list":{"0":"post-4312","1":"product","2":"type-product","3":"status-publish","4":"has-post-thumbnail","6":"product_cat-500ml-liquor-bottle-manufacturer","7":"product_cat-750ml-liquor-bottle-manufacturer","9":"first","10":"instock","11":"shipping-taxable","12":"product-type-simple"},"yoast_head":"<!-- This site is optimized with the Yoast SEO plugin v22.0 - https:\/\/yoast.com\/wordpress\/plugins\/seo\/ -->\n<title>500ml 750ml Clear Vodka Bottles Wholesale | China Spirit Bottle Factory<\/title>\n<meta name=\"description\" content=\"Buy 500ml 750ml Clear Vodka Bottles Wholesale From China Spirit Bottle Factory. Factory Outlet And Save Cost.\" \/>\n<meta name=\"robots\" content=\"index, follow, max-snippet:-1, max-image-preview:large, max-video-preview:-1\" \/>\n<link rel=\"canonical\" href=\"https:\/\/ruishengglassco.com\/fr\/produit\/rs039-500ml-750ml-bouteilles-de-vodka-transparentes\" \/>\n<meta property=\"og:locale\" content=\"fr_FR\" \/>\n<meta property=\"og:type\" content=\"article\" \/>\n<meta property=\"og:title\" content=\"500ml 750ml Clear Vodka Bottles Wholesale | China Spirit Bottle Factory\" \/>\n<meta property=\"og:description\" content=\"Buy 500ml 750ml Clear Vodka Bottles Wholesale From China Spirit Bottle Factory. Factory Outlet And Save Cost.\" \/>\n<meta property=\"og:url\" content=\"https:\/\/ruishengglassco.com\/fr\/produit\/rs039-500ml-750ml-bouteilles-de-vodka-transparentes\" \/>\n<meta property=\"article:publisher\" content=\"https:\/\/www.facebook.com\/ruishengglassbottles\" \/>\n<meta property=\"article:modified_time\" content=\"2025-07-17T06:37:53+00:00\" \/>\n<meta property=\"og:image\" content=\"https:\/\/ruishengglassco.com\/wp-content\/uploads\/2025\/03\/RS039-500ml-750ml-Clear-Vodka-Bottles.webp\" \/>\n\t<meta property=\"og:image:width\" content=\"800\" \/>\n\t<meta property=\"og:image:height\" content=\"800\" \/>\n\t<meta property=\"og:image:type\" content=\"image\/webp\" \/>\n<meta name=\"twitter:card\" content=\"summary_large_image\" \/>\n<meta name=\"twitter:label1\" content=\"Dur\u00e9e de lecture estim\u00e9e\" \/>\n\t<meta name=\"twitter:data1\" content=\"1 minute\" \/>\n<script type=\"application\/ld+json\" class=\"yoast-schema-graph\">{\"@context\":\"https:\/\/schema.org\",\"@graph\":[{\"@type\":\"WebPage\",\"@id\":\"https:\/\/ruishengglassco.com\/product\/rs039-500ml-750ml-clear-vodka-bottles\",\"url\":\"https:\/\/ruishengglassco.com\/product\/rs039-500ml-750ml-clear-vodka-bottles\",\"name\":\"500ml 750ml Clear Vodka Bottles Wholesale | China Spirit Bottle Factory\",\"isPartOf\":{\"@id\":\"https:\/\/ruishengglassco.com\/#website\"},\"datePublished\":\"2025-03-15T04:35:32+00:00\",\"dateModified\":\"2025-07-17T06:37:53+00:00\",\"description\":\"Buy 500ml 750ml Clear Vodka Bottles Wholesale From China Spirit Bottle Factory. Factory Outlet And Save Cost.\",\"breadcrumb\":{\"@id\":\"https:\/\/ruishengglassco.com\/product\/rs039-500ml-750ml-clear-vodka-bottles#breadcrumb\"},\"inLanguage\":\"fr-FR\",\"potentialAction\":[{\"@type\":\"ReadAction\",\"target\":[\"https:\/\/ruishengglassco.com\/product\/rs039-500ml-750ml-clear-vodka-bottles\"]}]},{\"@type\":\"BreadcrumbList\",\"@id\":\"https:\/\/ruishengglassco.com\/product\/rs039-500ml-750ml-clear-vodka-bottles#breadcrumb\",\"itemListElement\":[{\"@type\":\"ListItem\",\"position\":1,\"name\":\"Home\",\"item\":\"https:\/\/ruishengglassco.com\/\"},{\"@type\":\"ListItem\",\"position\":2,\"name\":\"Products\",\"item\":\"https:\/\/ruishengglassco.com\/products\"},{\"@type\":\"ListItem\",\"position\":3,\"name\":\"RS039: 500ml 750ml Clear Vodka Bottles\"}]},{\"@type\":\"WebSite\",\"@id\":\"https:\/\/ruishengglassco.com\/#website\",\"url\":\"https:\/\/ruishengglassco.com\/\",\"name\":\"Ruisheng Glass\",\"description\":\"\",\"publisher\":{\"@id\":\"https:\/\/ruishengglassco.com\/#organization\"},\"potentialAction\":[{\"@type\":\"SearchAction\",\"target\":{\"@type\":\"EntryPoint\",\"urlTemplate\":\"https:\/\/ruishengglassco.com\/?s={search_term_string}\"},\"query-input\":\"required name=search_term_string\"}],\"inLanguage\":\"fr-FR\"},{\"@type\":\"Organization\",\"@id\":\"https:\/\/ruishengglassco.com\/#organization\",\"name\":\"Shandong Yuncheng Ruisheng Glass Co., Ltd\",\"url\":\"https:\/\/ruishengglassco.com\/\",\"logo\":{\"@type\":\"ImageObject\",\"inLanguage\":\"fr-FR\",\"@id\":\"https:\/\/ruishengglassco.com\/#\/schema\/logo\/image\/\",\"url\":\"https:\/\/ruishengglassco.com\/wp-content\/uploads\/2023\/09\/ruisheng_logo_icon.webp\",\"contentUrl\":\"https:\/\/ruishengglassco.com\/wp-content\/uploads\/2023\/09\/ruisheng_logo_icon.webp\",\"width\":400,\"height\":233,\"caption\":\"Shandong Yuncheng Ruisheng Glass Co., Ltd\"},\"image\":{\"@id\":\"https:\/\/ruishengglassco.com\/#\/schema\/logo\/image\/\"},\"sameAs\":[\"https:\/\/www.facebook.com\/ruishengglassbottles\",\"https:\/\/www.instagram.com\/Ruishengglassbottlewholesales\/\",\"https:\/\/www.youtube.com\/channel\/UCMmbMNGwsL-XrtjfSFLCdVQ\"]}]}<\/script>\n<!-- \/ Yoast SEO plugin. -->","yoast_head_json":{"title":"500ml 750ml Clear Vodka Bottles Wholesale | China Spirit Bottle Factory","description":"Buy 500ml 750ml Clear Vodka Bottles Wholesale From China Spirit Bottle Factory. Factory Outlet And Save Cost.","robots":{"index":"index","follow":"follow","max-snippet":"max-snippet:-1","max-image-preview":"max-image-preview:large","max-video-preview":"max-video-preview:-1"},"canonical":"https:\/\/ruishengglassco.com\/fr\/produit\/rs039-500ml-750ml-bouteilles-de-vodka-transparentes","og_locale":"fr_FR","og_type":"article","og_title":"500ml 750ml Clear Vodka Bottles Wholesale | China Spirit Bottle Factory","og_description":"Buy 500ml 750ml Clear Vodka Bottles Wholesale From China Spirit Bottle Factory. Factory Outlet And Save Cost.","og_url":"https:\/\/ruishengglassco.com\/fr\/produit\/rs039-500ml-750ml-bouteilles-de-vodka-transparentes","article_publisher":"https:\/\/www.facebook.com\/ruishengglassbottles","article_modified_time":"2025-07-17T06:37:53+00:00","og_image":[{"width":800,"height":800,"url":"https:\/\/ruishengglassco.com\/wp-content\/uploads\/2025\/03\/RS039-500ml-750ml-Clear-Vodka-Bottles.webp","type":"image\/webp"}],"twitter_card":"summary_large_image","twitter_misc":{"Dur\u00e9e de lecture estim\u00e9e":"1 minute"},"schema":{"@context":"https:\/\/schema.org","@graph":[{"@type":"WebPage","@id":"https:\/\/ruishengglassco.com\/product\/rs039-500ml-750ml-clear-vodka-bottles","url":"https:\/\/ruishengglassco.com\/product\/rs039-500ml-750ml-clear-vodka-bottles","name":"500ml 750ml Clear Vodka Bottles Wholesale | China Spirit Bottle Factory","isPartOf":{"@id":"https:\/\/ruishengglassco.com\/#website"},"datePublished":"2025-03-15T04:35:32+00:00","dateModified":"2025-07-17T06:37:53+00:00","description":"Buy 500ml 750ml Clear Vodka Bottles Wholesale From China Spirit Bottle Factory. Factory Outlet And Save Cost.","breadcrumb":{"@id":"https:\/\/ruishengglassco.com\/product\/rs039-500ml-750ml-clear-vodka-bottles#breadcrumb"},"inLanguage":"fr-FR","potentialAction":[{"@type":"ReadAction","target":["https:\/\/ruishengglassco.com\/product\/rs039-500ml-750ml-clear-vodka-bottles"]}]},{"@type":"BreadcrumbList","@id":"https:\/\/ruishengglassco.com\/product\/rs039-500ml-750ml-clear-vodka-bottles#breadcrumb","itemListElement":[{"@type":"ListItem","position":1,"name":"Home","item":"https:\/\/ruishengglassco.com\/"},{"@type":"ListItem","position":2,"name":"Products","item":"https:\/\/ruishengglassco.com\/products"},{"@type":"ListItem","position":3,"name":"RS039: 500ml 750ml Clear Vodka Bottles"}]},{"@type":"WebSite","@id":"https:\/\/ruishengglassco.com\/#website","url":"https:\/\/ruishengglassco.com\/","name":"Ruisheng Glass","description":"","publisher":{"@id":"https:\/\/ruishengglassco.com\/#organization"},"potentialAction":[{"@type":"SearchAction","target":{"@type":"EntryPoint","urlTemplate":"https:\/\/ruishengglassco.com\/?s={search_term_string}"},"query-input":"required name=search_term_string"}],"inLanguage":"fr-FR"},{"@type":"Organization","@id":"https:\/\/ruishengglassco.com\/#organization","name":"Shandong Yuncheng Ruisheng Glass Co., Ltd","url":"https:\/\/ruishengglassco.com\/","logo":{"@type":"ImageObject","inLanguage":"fr-FR","@id":"https:\/\/ruishengglassco.com\/#\/schema\/logo\/image\/","url":"https:\/\/ruishengglassco.com\/wp-content\/uploads\/2023\/09\/ruisheng_logo_icon.webp","contentUrl":"https:\/\/ruishengglassco.com\/wp-content\/uploads\/2023\/09\/ruisheng_logo_icon.webp","width":400,"height":233,"caption":"Shandong Yuncheng Ruisheng Glass Co., Ltd"},"image":{"@id":"https:\/\/ruishengglassco.com\/#\/schema\/logo\/image\/"},"sameAs":["https:\/\/www.facebook.com\/ruishengglassbottles","https:\/\/www.instagram.com\/Ruishengglassbottlewholesales\/","https:\/\/www.youtube.com\/channel\/UCMmbMNGwsL-XrtjfSFLCdVQ"]}]}},"_links":{"self":[{"href":"https:\/\/ruishengglassco.com\/fr\/wp-json\/wp\/v2\/product\/4312","targetHints":{"allow":["GET"]}}],"collection":[{"href":"https:\/\/ruishengglassco.com\/fr\/wp-json\/wp\/v2\/product"}],"about":[{"href":"https:\/\/ruishengglassco.com\/fr\/wp-json\/wp\/v2\/types\/product"}],"replies":[{"embeddable":true,"href":"https:\/\/ruishengglassco.com\/fr\/wp-json\/wp\/v2\/comments?post=4312"}],"wp:featuredmedia":[{"embeddable":true,"href":"https:\/\/ruishengglassco.com\/fr\/wp-json\/wp\/v2\/media\/4313"}],"wp:attachment":[{"href":"https:\/\/ruishengglassco.com\/fr\/wp-json\/wp\/v2\/media?parent=4312"}],"wp:term":[{"taxonomy":"product_cat","embeddable":true,"href":"https:\/\/ruishengglassco.com\/fr\/wp-json\/wp\/v2\/product_cat?post=4312"}],"curies":[{"name":"wp","href":"https:\/\/api.w.org\/{rel}","templated":true}]}}