{"id":4310,"date":"2025-03-15T12:32:49","date_gmt":"2025-03-15T04:32:49","guid":{"rendered":"https:\/\/ruishengglassco.com\/?post_type=product&#038;p=4310"},"modified":"2025-07-17T14:37:13","modified_gmt":"2025-07-17T06:37:13","slug":"rs040-700ml-750ml-1000ml-bouteille-de-vodka-givree-wholesale","status":"publish","type":"product","link":"https:\/\/ruishengglassco.com\/fr\/produit\/rs040-700ml-750ml-1000ml-bouteille-de-vodka-givree-wholesale","title":{"rendered":"RS040 : 700ml 750ml 1000ml Bouteille de vodka givr\u00e9e Fabricants"},"content":{"rendered":"<h2>D\u00e9tails sur les fabricants de bouteilles de vodka givr\u00e9es de 1000 ml<\/h2>\n<p>Cette bouteille de vodka givr\u00e9e pr\u00e9sente un corps mince et est principalement utilis\u00e9e pour emballer la vodka, le whisky et le brandy. Les clients choisissent g\u00e9n\u00e9ralement entre deux formats standard : 700 ml et 750 ml. De nombreuses autres sp\u00e9cifications et capacit\u00e9s sont \u00e9galement disponibles. Notre bouteille de vodka vide est fabriqu\u00e9e \u00e0 partir d'un verre sans plomb \u00e0 haute teneur en pierre. Cela rend la bouteille plus transparente, plus claire et moins susceptible de se briser.<\/p>\n<p>En tant qu'entreprise de fabrication de bouteilles en verre, nous proposons des services de bouteilles en verre personnalis\u00e9es. Ruisheng propose un mod\u00e8le de bouteille en verre gratuit \u00e0 des fins de fabrication. Si votre entreprise dispose d'un mod\u00e8le ou d'un dessin, nous pouvons le produire selon vos exigences. En m\u00eame temps, nous fournissons un service d'\u00e9tiquette priv\u00e9e et de logo imprim\u00e9.<\/p>\n<h2>Sp\u00e9cifications de notre bouteille de vodka vide<\/h2>\n<ul>\n<li>Nom du produit : Bouteille en verre de vodka claire de 1 litre en gros Bouteille de spiritueux vide 750ml<\/li>\n<li>Service : nous pouvons r\u00e9pondre \u00e0 toutes vos exigences, y compris l'impression de logos, d'\u00e9tiquettes autocollantes, le gaufrage, la gravure, la galvanoplastie, le givrage, la peinture, et vous pouvez personnaliser l'impression de cartons de vente au d\u00e9tail et le style de bouchon en li\u00e8ge.<\/li>\n<li>Marque : RS<\/li>\n<li>Mat\u00e9riau : Mat\u00e9riau blanc cristallin, mat\u00e9riau extr\u00eamement blanc<\/li>\n<li>Sp\u00e9cification : 50ml-3500ml<\/li>\n<li>Caract\u00e9ristiques : Haute qualit\u00e9, plus transparent, incassable, recyclable<\/li>\n<li>\u00c9chantillon : Gratuit si l'on utilise notre moule existant.<\/li>\n<li>Norme : ISO9001:2008, ISO14001:2004<\/li>\n<li>M\u00e9thode d'emballage : Emballage standard pour l'exportation ou emballage personnalis\u00e9<\/li>\n<li>D\u00e9lai de livraison : 20 \u00e0 30 jours selon la taille et la quantit\u00e9 souhait\u00e9es.<\/li>\n<\/ul>\n<p>Si vous souhaitez obtenir plus d'informations, n'h\u00e9sitez pas \u00e0 nous contacter.<\/p>","protected":false},"excerpt":{"rendered":"<p>Ruisheng est un fabricant de bouteilles de liqueur en Chine. Elle propose des bouteilles de vodka givr\u00e9es de 1000 ml pour les marques, les usines et les grossistes. Fond\u00e9e en 2009, Ruisheng a plus de 10 ans d'exp\u00e9rience dans la conception et la fabrication de bouteilles en verre. En tant qu'usine de bouteilles en verre de premier plan, notre production quotidienne est de 120 000 pi\u00e8ces. Nous pouvons r\u00e9aliser la commande dans un d\u00e9lai fixe en fonction de vos exigences.<\/p>\n<ul>\n<li><strong>MOQ : 10000pcs<\/strong><\/li>\n<li><strong>\u00c9chantillon : \u00c9chantillon gratuit offert<\/strong><\/li>\n<li><strong>Livraison : Dans les 30 jours<\/strong><\/li>\n<\/ul>\n<p>Si vous souhaitez obtenir le prix d'une bouteille de vodka, veuillez cliquer ici pour nous contacter.<\/p>","protected":false},"featured_media":4311,"comment_status":"closed","ping_status":"closed","template":"","meta":[],"product_cat":[43,52],"class_list":{"0":"post-4310","1":"product","2":"type-product","3":"status-publish","4":"has-post-thumbnail","6":"product_cat-1000ml-liquor-bottle-manufacturer","7":"product_cat-vodka-bottle","9":"first","10":"instock","11":"shipping-taxable","12":"product-type-simple"},"yoast_head":"<!-- This site is optimized with the Yoast SEO plugin v22.0 - https:\/\/yoast.com\/wordpress\/plugins\/seo\/ -->\n<title>1000ml Frosted Vodka Bottle Manufacturers | Best Vodka Bottles Suppliers<\/title>\n<meta name=\"description\" content=\"Ruisheng, one of the best vodka bottles suppliers in China, provide 1000ml frosted vodka bottle wholesale in factory outlet price.\" \/>\n<meta name=\"robots\" content=\"index, follow, max-snippet:-1, max-image-preview:large, max-video-preview:-1\" \/>\n<link rel=\"canonical\" href=\"https:\/\/ruishengglassco.com\/fr\/produit\/rs040-700ml-750ml-1000ml-bouteille-de-vodka-givree-wholesale\" \/>\n<meta property=\"og:locale\" content=\"fr_FR\" \/>\n<meta property=\"og:type\" content=\"article\" \/>\n<meta property=\"og:title\" content=\"1000ml Frosted Vodka Bottle Manufacturers | Best Vodka Bottles Suppliers\" \/>\n<meta property=\"og:description\" content=\"Ruisheng, one of the best vodka bottles suppliers in China, provide 1000ml frosted vodka bottle wholesale in factory outlet price.\" \/>\n<meta property=\"og:url\" content=\"https:\/\/ruishengglassco.com\/fr\/produit\/rs040-700ml-750ml-1000ml-bouteille-de-vodka-givree-wholesale\" \/>\n<meta property=\"article:publisher\" content=\"https:\/\/www.facebook.com\/ruishengglassbottles\" \/>\n<meta property=\"article:modified_time\" content=\"2025-07-17T06:37:13+00:00\" \/>\n<meta property=\"og:image\" content=\"https:\/\/ruishengglassco.com\/wp-content\/uploads\/2025\/03\/RS040-700ml-750ml-1000ml-Frosted-Vodka-Bottle-Wholesale.webp\" \/>\n\t<meta property=\"og:image:width\" content=\"800\" \/>\n\t<meta property=\"og:image:height\" content=\"800\" \/>\n\t<meta property=\"og:image:type\" content=\"image\/webp\" \/>\n<meta name=\"twitter:card\" content=\"summary_large_image\" \/>\n<meta name=\"twitter:label1\" content=\"Dur\u00e9e de lecture estim\u00e9e\" \/>\n\t<meta name=\"twitter:data1\" content=\"2 minutes\" \/>\n<script type=\"application\/ld+json\" class=\"yoast-schema-graph\">{\"@context\":\"https:\/\/schema.org\",\"@graph\":[{\"@type\":\"WebPage\",\"@id\":\"https:\/\/ruishengglassco.com\/product\/rs040-700ml-750ml-1000ml-frosted-vodka-bottle-wholesale\",\"url\":\"https:\/\/ruishengglassco.com\/product\/rs040-700ml-750ml-1000ml-frosted-vodka-bottle-wholesale\",\"name\":\"1000ml Frosted Vodka Bottle Manufacturers | Best Vodka Bottles Suppliers\",\"isPartOf\":{\"@id\":\"https:\/\/ruishengglassco.com\/#website\"},\"datePublished\":\"2025-03-15T04:32:49+00:00\",\"dateModified\":\"2025-07-17T06:37:13+00:00\",\"description\":\"Ruisheng, one of the best vodka bottles suppliers in China, provide 1000ml frosted vodka bottle wholesale in factory outlet price.\",\"breadcrumb\":{\"@id\":\"https:\/\/ruishengglassco.com\/product\/rs040-700ml-750ml-1000ml-frosted-vodka-bottle-wholesale#breadcrumb\"},\"inLanguage\":\"fr-FR\",\"potentialAction\":[{\"@type\":\"ReadAction\",\"target\":[\"https:\/\/ruishengglassco.com\/product\/rs040-700ml-750ml-1000ml-frosted-vodka-bottle-wholesale\"]}]},{\"@type\":\"BreadcrumbList\",\"@id\":\"https:\/\/ruishengglassco.com\/product\/rs040-700ml-750ml-1000ml-frosted-vodka-bottle-wholesale#breadcrumb\",\"itemListElement\":[{\"@type\":\"ListItem\",\"position\":1,\"name\":\"Home\",\"item\":\"https:\/\/ruishengglassco.com\/\"},{\"@type\":\"ListItem\",\"position\":2,\"name\":\"Products\",\"item\":\"https:\/\/ruishengglassco.com\/products\"},{\"@type\":\"ListItem\",\"position\":3,\"name\":\"RS040: 700ml 750ml 1000ml Frosted Vodka Bottle Manufacturers\"}]},{\"@type\":\"WebSite\",\"@id\":\"https:\/\/ruishengglassco.com\/#website\",\"url\":\"https:\/\/ruishengglassco.com\/\",\"name\":\"Ruisheng Glass\",\"description\":\"\",\"publisher\":{\"@id\":\"https:\/\/ruishengglassco.com\/#organization\"},\"potentialAction\":[{\"@type\":\"SearchAction\",\"target\":{\"@type\":\"EntryPoint\",\"urlTemplate\":\"https:\/\/ruishengglassco.com\/?s={search_term_string}\"},\"query-input\":\"required name=search_term_string\"}],\"inLanguage\":\"fr-FR\"},{\"@type\":\"Organization\",\"@id\":\"https:\/\/ruishengglassco.com\/#organization\",\"name\":\"Shandong Yuncheng Ruisheng Glass Co., Ltd\",\"url\":\"https:\/\/ruishengglassco.com\/\",\"logo\":{\"@type\":\"ImageObject\",\"inLanguage\":\"fr-FR\",\"@id\":\"https:\/\/ruishengglassco.com\/#\/schema\/logo\/image\/\",\"url\":\"https:\/\/ruishengglassco.com\/wp-content\/uploads\/2023\/09\/ruisheng_logo_icon.webp\",\"contentUrl\":\"https:\/\/ruishengglassco.com\/wp-content\/uploads\/2023\/09\/ruisheng_logo_icon.webp\",\"width\":400,\"height\":233,\"caption\":\"Shandong Yuncheng Ruisheng Glass Co., Ltd\"},\"image\":{\"@id\":\"https:\/\/ruishengglassco.com\/#\/schema\/logo\/image\/\"},\"sameAs\":[\"https:\/\/www.facebook.com\/ruishengglassbottles\",\"https:\/\/www.instagram.com\/Ruishengglassbottlewholesales\/\",\"https:\/\/www.youtube.com\/channel\/UCMmbMNGwsL-XrtjfSFLCdVQ\"]}]}<\/script>\n<!-- \/ Yoast SEO plugin. -->","yoast_head_json":{"title":"1000ml Frosted Vodka Bottle Manufacturers | Best Vodka Bottles Suppliers","description":"Ruisheng, one of the best vodka bottles suppliers in China, provide 1000ml frosted vodka bottle wholesale in factory outlet price.","robots":{"index":"index","follow":"follow","max-snippet":"max-snippet:-1","max-image-preview":"max-image-preview:large","max-video-preview":"max-video-preview:-1"},"canonical":"https:\/\/ruishengglassco.com\/fr\/produit\/rs040-700ml-750ml-1000ml-bouteille-de-vodka-givree-wholesale","og_locale":"fr_FR","og_type":"article","og_title":"1000ml Frosted Vodka Bottle Manufacturers | Best Vodka Bottles Suppliers","og_description":"Ruisheng, one of the best vodka bottles suppliers in China, provide 1000ml frosted vodka bottle wholesale in factory outlet price.","og_url":"https:\/\/ruishengglassco.com\/fr\/produit\/rs040-700ml-750ml-1000ml-bouteille-de-vodka-givree-wholesale","article_publisher":"https:\/\/www.facebook.com\/ruishengglassbottles","article_modified_time":"2025-07-17T06:37:13+00:00","og_image":[{"width":800,"height":800,"url":"https:\/\/ruishengglassco.com\/wp-content\/uploads\/2025\/03\/RS040-700ml-750ml-1000ml-Frosted-Vodka-Bottle-Wholesale.webp","type":"image\/webp"}],"twitter_card":"summary_large_image","twitter_misc":{"Dur\u00e9e de lecture estim\u00e9e":"2 minutes"},"schema":{"@context":"https:\/\/schema.org","@graph":[{"@type":"WebPage","@id":"https:\/\/ruishengglassco.com\/product\/rs040-700ml-750ml-1000ml-frosted-vodka-bottle-wholesale","url":"https:\/\/ruishengglassco.com\/product\/rs040-700ml-750ml-1000ml-frosted-vodka-bottle-wholesale","name":"1000ml Frosted Vodka Bottle Manufacturers | Best Vodka Bottles Suppliers","isPartOf":{"@id":"https:\/\/ruishengglassco.com\/#website"},"datePublished":"2025-03-15T04:32:49+00:00","dateModified":"2025-07-17T06:37:13+00:00","description":"Ruisheng, one of the best vodka bottles suppliers in China, provide 1000ml frosted vodka bottle wholesale in factory outlet price.","breadcrumb":{"@id":"https:\/\/ruishengglassco.com\/product\/rs040-700ml-750ml-1000ml-frosted-vodka-bottle-wholesale#breadcrumb"},"inLanguage":"fr-FR","potentialAction":[{"@type":"ReadAction","target":["https:\/\/ruishengglassco.com\/product\/rs040-700ml-750ml-1000ml-frosted-vodka-bottle-wholesale"]}]},{"@type":"BreadcrumbList","@id":"https:\/\/ruishengglassco.com\/product\/rs040-700ml-750ml-1000ml-frosted-vodka-bottle-wholesale#breadcrumb","itemListElement":[{"@type":"ListItem","position":1,"name":"Home","item":"https:\/\/ruishengglassco.com\/"},{"@type":"ListItem","position":2,"name":"Products","item":"https:\/\/ruishengglassco.com\/products"},{"@type":"ListItem","position":3,"name":"RS040: 700ml 750ml 1000ml Frosted Vodka Bottle Manufacturers"}]},{"@type":"WebSite","@id":"https:\/\/ruishengglassco.com\/#website","url":"https:\/\/ruishengglassco.com\/","name":"Ruisheng Glass","description":"","publisher":{"@id":"https:\/\/ruishengglassco.com\/#organization"},"potentialAction":[{"@type":"SearchAction","target":{"@type":"EntryPoint","urlTemplate":"https:\/\/ruishengglassco.com\/?s={search_term_string}"},"query-input":"required name=search_term_string"}],"inLanguage":"fr-FR"},{"@type":"Organization","@id":"https:\/\/ruishengglassco.com\/#organization","name":"Shandong Yuncheng Ruisheng Glass Co., Ltd","url":"https:\/\/ruishengglassco.com\/","logo":{"@type":"ImageObject","inLanguage":"fr-FR","@id":"https:\/\/ruishengglassco.com\/#\/schema\/logo\/image\/","url":"https:\/\/ruishengglassco.com\/wp-content\/uploads\/2023\/09\/ruisheng_logo_icon.webp","contentUrl":"https:\/\/ruishengglassco.com\/wp-content\/uploads\/2023\/09\/ruisheng_logo_icon.webp","width":400,"height":233,"caption":"Shandong Yuncheng Ruisheng Glass Co., Ltd"},"image":{"@id":"https:\/\/ruishengglassco.com\/#\/schema\/logo\/image\/"},"sameAs":["https:\/\/www.facebook.com\/ruishengglassbottles","https:\/\/www.instagram.com\/Ruishengglassbottlewholesales\/","https:\/\/www.youtube.com\/channel\/UCMmbMNGwsL-XrtjfSFLCdVQ"]}]}},"_links":{"self":[{"href":"https:\/\/ruishengglassco.com\/fr\/wp-json\/wp\/v2\/product\/4310","targetHints":{"allow":["GET"]}}],"collection":[{"href":"https:\/\/ruishengglassco.com\/fr\/wp-json\/wp\/v2\/product"}],"about":[{"href":"https:\/\/ruishengglassco.com\/fr\/wp-json\/wp\/v2\/types\/product"}],"replies":[{"embeddable":true,"href":"https:\/\/ruishengglassco.com\/fr\/wp-json\/wp\/v2\/comments?post=4310"}],"wp:featuredmedia":[{"embeddable":true,"href":"https:\/\/ruishengglassco.com\/fr\/wp-json\/wp\/v2\/media\/4311"}],"wp:attachment":[{"href":"https:\/\/ruishengglassco.com\/fr\/wp-json\/wp\/v2\/media?parent=4310"}],"wp:term":[{"taxonomy":"product_cat","embeddable":true,"href":"https:\/\/ruishengglassco.com\/fr\/wp-json\/wp\/v2\/product_cat?post=4310"}],"curies":[{"name":"wp","href":"https:\/\/api.w.org\/{rel}","templated":true}]}}