{"id":4306,"date":"2025-03-15T12:27:21","date_gmt":"2025-03-15T04:27:21","guid":{"rendered":"https:\/\/ruishengglassco.com\/?post_type=product&#038;p=4306"},"modified":"2025-09-11T16:25:17","modified_gmt":"2025-09-11T08:25:17","slug":"rs043%ef%bc%9awholesale-750ml-glass-liquor-bottles-manufacturer-china","status":"publish","type":"product","link":"https:\/\/ruishengglassco.com\/fr\/produit\/rs043%ef%bc%9awholesale-750ml-glass-liquor-bottles-manufacturer-china","title":{"rendered":"RS043\uff1aWolesale 750ml Bouteilles de liqueur en verre Fabricant Chine"},"content":{"rendered":"<p data-block-id=\"dc195c68-6a49-4a58-ac27-38182bd3d0ae\" data-pm-slice=\"1 1 []\">Ruisheng, fabricant et fournisseur professionnel de bouteilles en verre en Chine, fournit des bouteilles en verre de qualit\u00e9 sup\u00e9rieure. <em>Bouteilles de liqueur en verre de 750ml en gros<\/em> en prix d'usine pour les marques d'alcool, les entreprises, les fournisseurs de bouteilles en verre, les grossistes, les supermarch\u00e9s, etc.<\/p>\n<p data-block-id=\"02a02548-fbe8-4fac-b49e-b8fdb9643eec\">Notre entreprise est sp\u00e9cialis\u00e9e dans la fabrication de bouteilles en verre de haute qualit\u00e9. Nous garantissons donc que nous pouvons produire la qualit\u00e9 de la bouteille en verre.<\/p>\n<p data-block-id=\"9161c487-e211-4c50-a06c-1af3da93d786\">Si vous aimez le design de cette bouteille de liqueur de 750 ml, mais que vous n'\u00eates pas satisfait de sa capacit\u00e9, nous pouvons la modifier.<\/p>\n<p data-block-id=\"214de74a-9f8a-4f93-b0dd-4206add0a236\">Nous proposons des bouteilles en verre de 750 ml avec bouchon de li\u00e8ge de haute qualit\u00e9. Notre s\u00e9lection comprend des bouteilles de vodka, de brandy, de whisky et de liqueur, ainsi que des pots de confiture. Nous proposons \u00e9galement des bouteilles en verre ambr\u00e9, des bouteilles vertes et des bouteilles d'eau. Notre march\u00e9 principal est l'Europe, les \u00c9tats-Unis, l'Australie, l'Am\u00e9rique, etc. Tous nos produits jouissent d'une excellente r\u00e9putation en mati\u00e8re d'innovation et de fonctionnalit\u00e9.<\/p>\n<p data-block-id=\"a1fbc01a-0e00-45ed-9b0c-0bbfd6a72174\">Nous s\u00e9lectionnons avec soin les mat\u00e9riaux utilis\u00e9s pour nos bouteilles en verre de 750 ml. Nous nous approvisionnons dans leur pays d'origine. Nous utilisons \u00e9galement des machines de pointe pour le traitement. Ruisheng est un fabricant et fournisseur professionnel de bouteilles en verre en Chine. Nous proposons des bouteilles de liqueur en verre de 750 ml \u00e0 des prix de sortie d'usine. Nous comptons parmi nos clients des marques de spiritueux, des entreprises, des grossistes et des supermarch\u00e9s.<\/p>\n<h2>Les informations sur les bouteilles de liqueur en verre de 750 ml sont pr\u00e9sent\u00e9es ci-dessous :<\/h2>\n<ul>\n<li>Mat\u00e9riau principal : mat\u00e9riau blanc cristallin mat\u00e9riau extr\u00eamement blanc<\/li>\n<li>Cap : Li\u00e8ge<\/li>\n<li>R\u00e9f\u00e9rence : RS043<\/li>\n<li>MOQ : 10000 PCS( 26000pcs-30000pcs)<\/li>\n<li>Capacit\u00e9 : 700ml 750ml<\/li>\n<li>Pcs\/Ctn : 24pcs<\/li>\n<li>Origine du lieu : Shandong, Chine<\/li>\n<li>Caract\u00e9ristique : Respectueux de l'environnement<\/li>\n<\/ul>\n<p>Nous avons cette bouteille en stock, vous pouvez la recevoir tr\u00e8s rapidement si vous la commandez. Nous pouvons \u00e9galement apposer votre logo sur cette bouteille. Nous pouvons effectuer des traitements sur cette bouteille, tels que l'impression, le gla\u00e7age, la peinture et autres. Nous accueillons des amis du monde entier pour nous rendre visite ! Nous organiserons une r\u00e9ception pour vous.<\/p>\n<p>Cette bouteille unique en verre avec couvercle peut \u00eatre chang\u00e9e, on peut la changer en quelque chose d'autre.<\/p>\n<p>Nous pouvons le faire si vous voulez y graver des motifs ; nous pouvons graver le motif que vous voulez.<\/p>\n<p>Si vous \u00eates satisfaits de cette bouteille de liqueur en verre de 750ml, veuillez me contacter \u00e0 temps. Si vous ne l'aimez pas, vous pouvez regarder nos autres bouteilles. Ou bien je vous donnerai le catalogue, et vous pourrez choisir ce qui vous pla\u00eet. Si vous \u00eates int\u00e9ress\u00e9 par les prix de nos bouteilles de liqueur, veuillez nous contacter. Nous vous r\u00e9pondrons dans les 24 heures.<\/p>","protected":false},"excerpt":{"rendered":"<p data-block-id=\"f2324dc5-f301-4029-9a52-4be82090bcb5\" data-pm-slice=\"1 3 []\">Ces bouteilles de liqueur en verre de 750 ml sont l'un de nos produits les plus vendus. Elles adoptent un mat\u00e9riau en verre extr\u00eamement blanc\uff0c elles vous donneront un effet visuel clair et pur pour montrer l'excellente qualit\u00e9 de votre liqueur. Le design long et rond de la bouteille convient \u00e0 toutes sortes de liqueurs, comme le whisky, la vodka, le brandy, etc.<\/p>\n<ul>\n<li>MOQ : 10000 PCS( 26000pcs-30000pcs)<\/li>\n<li>Capacit\u00e9 : 700ml\/750ml\/1000ml<\/li>\n<li>Couleur : Transparent<\/li>\n<li>Bouchon : Capuchons m\u00e9talliques<\/li>\n<li>Hauteur : 230 mm<\/li>\n<li>Poids : 650g<\/li>\n<li>Diam\u00e8tre : 60 mm<\/li>\n<\/ul>\n<p>Si vous souhaitez commander ces bouteilles de liqueur en verre de 750 ml en gros, veuillez nous laisser un message.<\/p>","protected":false},"featured_media":4307,"comment_status":"closed","ping_status":"closed","template":"","meta":[],"product_cat":[44,40,52],"class_list":{"0":"post-4306","1":"product","2":"type-product","3":"status-publish","4":"has-post-thumbnail","6":"product_cat-700ml-liquor-bottle-manufacturer","7":"product_cat-750ml-liquor-bottle-manufacturer","8":"product_cat-vodka-bottle","10":"first","11":"instock","12":"shipping-taxable","13":"product-type-simple"},"yoast_head":"<!-- This site is optimized with the Yoast SEO plugin v22.0 - https:\/\/yoast.com\/wordpress\/plugins\/seo\/ -->\n<title>750ml Glass Liquor Bottles Wholesale | Glass Bottle With Corks Suppliers<\/title>\n<meta name=\"description\" content=\"Buy 750ml Glass Liquor Bottles Wholesale All in Lowest Price From China Glass Bottle Manufacturers&amp;Suppliers. Free Sample&amp;5 Years Warranty.\" \/>\n<meta name=\"robots\" content=\"index, follow, max-snippet:-1, max-image-preview:large, max-video-preview:-1\" \/>\n<link rel=\"canonical\" href=\"https:\/\/ruishengglassco.com\/fr\/produit\/rs043\uff1awholesale-750ml-glass-liquor-bottles-manufacturer-china\" \/>\n<meta property=\"og:locale\" content=\"fr_FR\" \/>\n<meta property=\"og:type\" content=\"article\" \/>\n<meta property=\"og:title\" content=\"750ml Glass Liquor Bottles Wholesale | Glass Bottle With Corks Suppliers\" \/>\n<meta property=\"og:description\" content=\"Buy 750ml Glass Liquor Bottles Wholesale All in Lowest Price From China Glass Bottle Manufacturers&amp;Suppliers. Free Sample&amp;5 Years Warranty.\" \/>\n<meta property=\"og:url\" content=\"https:\/\/ruishengglassco.com\/fr\/produit\/rs043\uff1awholesale-750ml-glass-liquor-bottles-manufacturer-china\" \/>\n<meta property=\"article:publisher\" content=\"https:\/\/www.facebook.com\/ruishengglassbottles\" \/>\n<meta property=\"article:modified_time\" content=\"2025-09-11T08:25:17+00:00\" \/>\n<meta property=\"og:image\" content=\"https:\/\/ruishengglassco.com\/wp-content\/uploads\/2025\/03\/RS043\uff1aWholesale-750ml-Glass-Liquor-Bottles-Manufacturer-China.webp\" \/>\n\t<meta property=\"og:image:width\" content=\"800\" \/>\n\t<meta property=\"og:image:height\" content=\"800\" \/>\n\t<meta property=\"og:image:type\" content=\"image\/webp\" \/>\n<meta name=\"twitter:card\" content=\"summary_large_image\" \/>\n<meta name=\"twitter:label1\" content=\"Dur\u00e9e de lecture estim\u00e9e\" \/>\n\t<meta name=\"twitter:data1\" content=\"2 minutes\" \/>\n<script type=\"application\/ld+json\" class=\"yoast-schema-graph\">{\"@context\":\"https:\/\/schema.org\",\"@graph\":[{\"@type\":\"WebPage\",\"@id\":\"https:\/\/ruishengglassco.com\/product\/rs043%ef%bc%9awholesale-750ml-glass-liquor-bottles-manufacturer-china\",\"url\":\"https:\/\/ruishengglassco.com\/product\/rs043%ef%bc%9awholesale-750ml-glass-liquor-bottles-manufacturer-china\",\"name\":\"750ml Glass Liquor Bottles Wholesale | Glass Bottle With Corks Suppliers\",\"isPartOf\":{\"@id\":\"https:\/\/ruishengglassco.com\/#website\"},\"datePublished\":\"2025-03-15T04:27:21+00:00\",\"dateModified\":\"2025-09-11T08:25:17+00:00\",\"description\":\"Buy 750ml Glass Liquor Bottles Wholesale All in Lowest Price From China Glass Bottle Manufacturers&Suppliers. Free Sample&5 Years Warranty.\",\"breadcrumb\":{\"@id\":\"https:\/\/ruishengglassco.com\/product\/rs043%ef%bc%9awholesale-750ml-glass-liquor-bottles-manufacturer-china#breadcrumb\"},\"inLanguage\":\"fr-FR\",\"potentialAction\":[{\"@type\":\"ReadAction\",\"target\":[\"https:\/\/ruishengglassco.com\/product\/rs043%ef%bc%9awholesale-750ml-glass-liquor-bottles-manufacturer-china\"]}]},{\"@type\":\"BreadcrumbList\",\"@id\":\"https:\/\/ruishengglassco.com\/product\/rs043%ef%bc%9awholesale-750ml-glass-liquor-bottles-manufacturer-china#breadcrumb\",\"itemListElement\":[{\"@type\":\"ListItem\",\"position\":1,\"name\":\"Home\",\"item\":\"https:\/\/ruishengglassco.com\/\"},{\"@type\":\"ListItem\",\"position\":2,\"name\":\"Products\",\"item\":\"https:\/\/ruishengglassco.com\/products\"},{\"@type\":\"ListItem\",\"position\":3,\"name\":\"RS043\uff1aWholesale 750ml Glass Liquor Bottles Manufacturer China\"}]},{\"@type\":\"WebSite\",\"@id\":\"https:\/\/ruishengglassco.com\/#website\",\"url\":\"https:\/\/ruishengglassco.com\/\",\"name\":\"Ruisheng Glass\",\"description\":\"\",\"publisher\":{\"@id\":\"https:\/\/ruishengglassco.com\/#organization\"},\"potentialAction\":[{\"@type\":\"SearchAction\",\"target\":{\"@type\":\"EntryPoint\",\"urlTemplate\":\"https:\/\/ruishengglassco.com\/?s={search_term_string}\"},\"query-input\":\"required name=search_term_string\"}],\"inLanguage\":\"fr-FR\"},{\"@type\":\"Organization\",\"@id\":\"https:\/\/ruishengglassco.com\/#organization\",\"name\":\"Shandong Yuncheng Ruisheng Glass Co., Ltd\",\"url\":\"https:\/\/ruishengglassco.com\/\",\"logo\":{\"@type\":\"ImageObject\",\"inLanguage\":\"fr-FR\",\"@id\":\"https:\/\/ruishengglassco.com\/#\/schema\/logo\/image\/\",\"url\":\"https:\/\/ruishengglassco.com\/wp-content\/uploads\/2023\/09\/ruisheng_logo_icon.webp\",\"contentUrl\":\"https:\/\/ruishengglassco.com\/wp-content\/uploads\/2023\/09\/ruisheng_logo_icon.webp\",\"width\":400,\"height\":233,\"caption\":\"Shandong Yuncheng Ruisheng Glass Co., Ltd\"},\"image\":{\"@id\":\"https:\/\/ruishengglassco.com\/#\/schema\/logo\/image\/\"},\"sameAs\":[\"https:\/\/www.facebook.com\/ruishengglassbottles\",\"https:\/\/www.instagram.com\/Ruishengglassbottlewholesales\/\",\"https:\/\/www.youtube.com\/channel\/UCMmbMNGwsL-XrtjfSFLCdVQ\"]}]}<\/script>\n<!-- \/ Yoast SEO plugin. -->","yoast_head_json":{"title":"750ml Glass Liquor Bottles Wholesale | Glass Bottle With Corks Suppliers","description":"Buy 750ml Glass Liquor Bottles Wholesale All in Lowest Price From China Glass Bottle Manufacturers&Suppliers. Free Sample&5 Years Warranty.","robots":{"index":"index","follow":"follow","max-snippet":"max-snippet:-1","max-image-preview":"max-image-preview:large","max-video-preview":"max-video-preview:-1"},"canonical":"https:\/\/ruishengglassco.com\/fr\/produit\/rs043\uff1awholesale-750ml-glass-liquor-bottles-manufacturer-china","og_locale":"fr_FR","og_type":"article","og_title":"750ml Glass Liquor Bottles Wholesale | Glass Bottle With Corks Suppliers","og_description":"Buy 750ml Glass Liquor Bottles Wholesale All in Lowest Price From China Glass Bottle Manufacturers&Suppliers. Free Sample&5 Years Warranty.","og_url":"https:\/\/ruishengglassco.com\/fr\/produit\/rs043\uff1awholesale-750ml-glass-liquor-bottles-manufacturer-china","article_publisher":"https:\/\/www.facebook.com\/ruishengglassbottles","article_modified_time":"2025-09-11T08:25:17+00:00","og_image":[{"width":800,"height":800,"url":"https:\/\/ruishengglassco.com\/wp-content\/uploads\/2025\/03\/RS043\uff1aWholesale-750ml-Glass-Liquor-Bottles-Manufacturer-China.webp","type":"image\/webp"}],"twitter_card":"summary_large_image","twitter_misc":{"Dur\u00e9e de lecture estim\u00e9e":"2 minutes"},"schema":{"@context":"https:\/\/schema.org","@graph":[{"@type":"WebPage","@id":"https:\/\/ruishengglassco.com\/product\/rs043%ef%bc%9awholesale-750ml-glass-liquor-bottles-manufacturer-china","url":"https:\/\/ruishengglassco.com\/product\/rs043%ef%bc%9awholesale-750ml-glass-liquor-bottles-manufacturer-china","name":"750ml Glass Liquor Bottles Wholesale | Glass Bottle With Corks Suppliers","isPartOf":{"@id":"https:\/\/ruishengglassco.com\/#website"},"datePublished":"2025-03-15T04:27:21+00:00","dateModified":"2025-09-11T08:25:17+00:00","description":"Buy 750ml Glass Liquor Bottles Wholesale All in Lowest Price From China Glass Bottle Manufacturers&Suppliers. Free Sample&5 Years Warranty.","breadcrumb":{"@id":"https:\/\/ruishengglassco.com\/product\/rs043%ef%bc%9awholesale-750ml-glass-liquor-bottles-manufacturer-china#breadcrumb"},"inLanguage":"fr-FR","potentialAction":[{"@type":"ReadAction","target":["https:\/\/ruishengglassco.com\/product\/rs043%ef%bc%9awholesale-750ml-glass-liquor-bottles-manufacturer-china"]}]},{"@type":"BreadcrumbList","@id":"https:\/\/ruishengglassco.com\/product\/rs043%ef%bc%9awholesale-750ml-glass-liquor-bottles-manufacturer-china#breadcrumb","itemListElement":[{"@type":"ListItem","position":1,"name":"Home","item":"https:\/\/ruishengglassco.com\/"},{"@type":"ListItem","position":2,"name":"Products","item":"https:\/\/ruishengglassco.com\/products"},{"@type":"ListItem","position":3,"name":"RS043\uff1aWholesale 750ml Glass Liquor Bottles Manufacturer China"}]},{"@type":"WebSite","@id":"https:\/\/ruishengglassco.com\/#website","url":"https:\/\/ruishengglassco.com\/","name":"Ruisheng Glass","description":"","publisher":{"@id":"https:\/\/ruishengglassco.com\/#organization"},"potentialAction":[{"@type":"SearchAction","target":{"@type":"EntryPoint","urlTemplate":"https:\/\/ruishengglassco.com\/?s={search_term_string}"},"query-input":"required name=search_term_string"}],"inLanguage":"fr-FR"},{"@type":"Organization","@id":"https:\/\/ruishengglassco.com\/#organization","name":"Shandong Yuncheng Ruisheng Glass Co., Ltd","url":"https:\/\/ruishengglassco.com\/","logo":{"@type":"ImageObject","inLanguage":"fr-FR","@id":"https:\/\/ruishengglassco.com\/#\/schema\/logo\/image\/","url":"https:\/\/ruishengglassco.com\/wp-content\/uploads\/2023\/09\/ruisheng_logo_icon.webp","contentUrl":"https:\/\/ruishengglassco.com\/wp-content\/uploads\/2023\/09\/ruisheng_logo_icon.webp","width":400,"height":233,"caption":"Shandong Yuncheng Ruisheng Glass Co., Ltd"},"image":{"@id":"https:\/\/ruishengglassco.com\/#\/schema\/logo\/image\/"},"sameAs":["https:\/\/www.facebook.com\/ruishengglassbottles","https:\/\/www.instagram.com\/Ruishengglassbottlewholesales\/","https:\/\/www.youtube.com\/channel\/UCMmbMNGwsL-XrtjfSFLCdVQ"]}]}},"_links":{"self":[{"href":"https:\/\/ruishengglassco.com\/fr\/wp-json\/wp\/v2\/product\/4306","targetHints":{"allow":["GET"]}}],"collection":[{"href":"https:\/\/ruishengglassco.com\/fr\/wp-json\/wp\/v2\/product"}],"about":[{"href":"https:\/\/ruishengglassco.com\/fr\/wp-json\/wp\/v2\/types\/product"}],"replies":[{"embeddable":true,"href":"https:\/\/ruishengglassco.com\/fr\/wp-json\/wp\/v2\/comments?post=4306"}],"wp:featuredmedia":[{"embeddable":true,"href":"https:\/\/ruishengglassco.com\/fr\/wp-json\/wp\/v2\/media\/4307"}],"wp:attachment":[{"href":"https:\/\/ruishengglassco.com\/fr\/wp-json\/wp\/v2\/media?parent=4306"}],"wp:term":[{"taxonomy":"product_cat","embeddable":true,"href":"https:\/\/ruishengglassco.com\/fr\/wp-json\/wp\/v2\/product_cat?post=4306"}],"curies":[{"name":"wp","href":"https:\/\/api.w.org\/{rel}","templated":true}]}}