{"id":4304,"date":"2025-03-15T12:19:29","date_gmt":"2025-03-15T04:19:29","guid":{"rendered":"https:\/\/ruishengglassco.com\/?post_type=product&#038;p=4304"},"modified":"2025-07-17T14:32:07","modified_gmt":"2025-07-17T06:32:07","slug":"rs044-bouteilles-en-verre-en-vrac-de-70cl-pour-le-brandy","status":"publish","type":"product","link":"https:\/\/ruishengglassco.com\/fr\/produit\/rs044-bouteilles-en-verre-en-vrac-de-70cl-pour-le-brandy","title":{"rendered":"RS044 : Bouteilles en verre de 70cl pour le Brandy"},"content":{"rendered":"<p>Une bouteille de liqueur transparente et vide con\u00e7ue pour l'emballage du brandy. Adoptant un verre de cristal extr\u00eamement blanc, notre carafe \u00e0 brandy est plus transparente, plus durable et ne se casse pas facilement. L'apparence attrayante avec le design en forme de n\u0153ud au bas de la bouteille attirera l'attention de vos clients d\u00e8s la premi\u00e8re fois. La bouteille de brandy vide est munie d'un bouchon en m\u00e9tal qui prot\u00e8ge le r\u00e9cipient de l'oxyg\u00e8ne.<\/p>\n<h2>D\u00e9tails sur le prix des bouteilles de brandy vides<\/h2>\n<ul>\n<li>R\u00e9f\u00e9rence : RS044<\/li>\n<li>Capacit\u00e9 : 70cl<\/li>\n<li>Mat\u00e9riau principal : mat\u00e9riau blanc cristallin mat\u00e9riau extr\u00eamement blanc<\/li>\n<li>Cap : Couronne\/li\u00e8ge<\/li>\n<li>MOQ : 10000 PCS<\/li>\n<li>Pcs\/Ctn : 24pcs<\/li>\n<li>Origine du lieu : Shandong, Chine<\/li>\n<li>Caract\u00e9ristique : Respectueux de l'environnement<\/li>\n<li>Prix : Obtenir un devis<\/li>\n<\/ul>\n<p>Vous pouvez l'utiliser comme bouteille de brandy, de whisky, de vodka, de gin ou de tequila. Nous sommes un fabricant professionnel de bouteilles de liqueur en Chine, offrant des services de bouteilles en verre personnalis\u00e9es. Nous proposons des centaines de moules en verre. Si vous n'\u00eates pas satisfaits de ces moules, nous pouvons les concevoir pour r\u00e9pondre \u00e0 vos besoins sp\u00e9cifiques. Vous pouvez demander la taille, la couleur, le motif, le logo, la m\u00e9thode de traitement, l'emballage, etc. de la bouteille en verre. Nous ferons de notre mieux pour r\u00e9aliser vos souhaits.<\/p>\n<p>Notre entreprise excelle dans la production de bouteilles en verre de haute qualit\u00e9, ce qui nous permet de fournir constamment des produits exceptionnels. La production de bouteilles en verre vides de 700 ml destin\u00e9es \u00e0 la vente a fait l'objet d'une s\u00e9lection rigoureuse des mat\u00e9riaux. Nous faisons venir les mat\u00e9riaux du pays d'origine et nous utilisons des machines de pointe pour traiter et fabriquer les bouteilles en verre.<\/p>\n<p>Si vous \u00eates satisfait de ces bouteilles de brandy vides, n'h\u00e9sitez pas \u00e0 me contacter. Si vous ne l'aimez pas, vous pouvez regarder nos autres bouteilles. Ou bien je vous donnerai le catalogue, et vous pourrez choisir ce qui vous pla\u00eet. Si vous \u00eates int\u00e9ress\u00e9 par le prix de la bouteille de brandy vide, veuillez nous contacter. Nous vous r\u00e9pondrons dans les 24 heures.<\/p>","protected":false},"excerpt":{"rendered":"<p>Vous \u00eates \u00e0 la recherche d'une bouteille de brandy vide de 70cl avec un prix de vente d'usine ? Ruisheng est un fabricant chinois de bouteilles de spiritueux de premier plan avec plus de 10 ans d'exp\u00e9rience. Nous sommes sp\u00e9cialis\u00e9s dans la fabrication de bouteilles de brandy pour les marques, les entreprises, les grossistes de bouteilles en verre et les distributeurs. Cette bouteille de brandy vide en gros est sp\u00e9cialement con\u00e7ue pour l'emballage de brandy de qualit\u00e9 sup\u00e9rieure. Les informations relatives \u00e0 la commande sont indiqu\u00e9es ci-dessous :<\/p>\n<ul>\n<li><strong><em>MOQ : 10000 PCS (Environ 11000pcs)<\/em><\/strong><\/li>\n<li>Capacit\u00e9 : 700ml\/750ml\/1000ml<\/li>\n<li>Couleur : Transparent<\/li>\n<li>Poids : 640g<\/li>\n<li>Hauteur : 211 mm<\/li>\n<li>Diam\u00e8tre : 60 mm<\/li>\n<li>Service OEM\/ODM propos\u00e9<\/li>\n<\/ul>\n<p>Si vous \u00eates int\u00e9ress\u00e9 par la <em>Prix des bouteilles de brandy vides<\/em>Veuillez cliquer ici pour nous contacter.<\/p>","protected":false},"featured_media":4305,"comment_status":"closed","ping_status":"closed","template":"","meta":[],"product_cat":[44,40,58],"class_list":{"0":"post-4304","1":"product","2":"type-product","3":"status-publish","4":"has-post-thumbnail","6":"product_cat-700ml-liquor-bottle-manufacturer","7":"product_cat-750ml-liquor-bottle-manufacturer","8":"product_cat-brandy-bottle","10":"first","11":"instock","12":"shipping-taxable","13":"product-type-simple"},"yoast_head":"<!-- This site is optimized with the Yoast SEO plugin v22.0 - https:\/\/yoast.com\/wordpress\/plugins\/seo\/ -->\n<title>Empty Brandy Bottle Price | China Liquor Bottle Manufacturers<\/title>\n<meta name=\"description\" content=\"Ruisheng, a professional China liquor bottle manufacturer, provide empty brandy bottle price for brands, companies, and wholesalers. Get Quote Here.\" \/>\n<meta name=\"robots\" content=\"index, follow, max-snippet:-1, max-image-preview:large, max-video-preview:-1\" \/>\n<link rel=\"canonical\" href=\"https:\/\/ruishengglassco.com\/fr\/produit\/rs044-bouteilles-en-verre-en-vrac-de-70cl-pour-le-brandy\" \/>\n<meta property=\"og:locale\" content=\"fr_FR\" \/>\n<meta property=\"og:type\" content=\"article\" \/>\n<meta property=\"og:title\" content=\"Empty Brandy Bottle Price | China Liquor Bottle Manufacturers\" \/>\n<meta property=\"og:description\" content=\"Ruisheng, a professional China liquor bottle manufacturer, provide empty brandy bottle price for brands, companies, and wholesalers. Get Quote Here.\" \/>\n<meta property=\"og:url\" content=\"https:\/\/ruishengglassco.com\/fr\/produit\/rs044-bouteilles-en-verre-en-vrac-de-70cl-pour-le-brandy\" \/>\n<meta property=\"article:publisher\" content=\"https:\/\/www.facebook.com\/ruishengglassbottles\" \/>\n<meta property=\"article:modified_time\" content=\"2025-07-17T06:32:07+00:00\" \/>\n<meta property=\"og:image\" content=\"https:\/\/ruishengglassco.com\/wp-content\/uploads\/2025\/03\/RS044-70cl-Bulk-Glass-Bottles-For-Brandy.webp\" \/>\n\t<meta property=\"og:image:width\" content=\"800\" \/>\n\t<meta property=\"og:image:height\" content=\"800\" \/>\n\t<meta property=\"og:image:type\" content=\"image\/webp\" \/>\n<meta name=\"twitter:card\" content=\"summary_large_image\" \/>\n<meta name=\"twitter:label1\" content=\"Dur\u00e9e de lecture estim\u00e9e\" \/>\n\t<meta name=\"twitter:data1\" content=\"2 minutes\" \/>\n<script type=\"application\/ld+json\" class=\"yoast-schema-graph\">{\"@context\":\"https:\/\/schema.org\",\"@graph\":[{\"@type\":\"WebPage\",\"@id\":\"https:\/\/ruishengglassco.com\/product\/rs044-70cl-bulk-glass-bottles-for-brandy\",\"url\":\"https:\/\/ruishengglassco.com\/product\/rs044-70cl-bulk-glass-bottles-for-brandy\",\"name\":\"Empty Brandy Bottle Price | China Liquor Bottle Manufacturers\",\"isPartOf\":{\"@id\":\"https:\/\/ruishengglassco.com\/#website\"},\"datePublished\":\"2025-03-15T04:19:29+00:00\",\"dateModified\":\"2025-07-17T06:32:07+00:00\",\"description\":\"Ruisheng, a professional China liquor bottle manufacturer, provide empty brandy bottle price for brands, companies, and wholesalers. Get Quote Here.\",\"breadcrumb\":{\"@id\":\"https:\/\/ruishengglassco.com\/product\/rs044-70cl-bulk-glass-bottles-for-brandy#breadcrumb\"},\"inLanguage\":\"fr-FR\",\"potentialAction\":[{\"@type\":\"ReadAction\",\"target\":[\"https:\/\/ruishengglassco.com\/product\/rs044-70cl-bulk-glass-bottles-for-brandy\"]}]},{\"@type\":\"BreadcrumbList\",\"@id\":\"https:\/\/ruishengglassco.com\/product\/rs044-70cl-bulk-glass-bottles-for-brandy#breadcrumb\",\"itemListElement\":[{\"@type\":\"ListItem\",\"position\":1,\"name\":\"Home\",\"item\":\"https:\/\/ruishengglassco.com\/\"},{\"@type\":\"ListItem\",\"position\":2,\"name\":\"Products\",\"item\":\"https:\/\/ruishengglassco.com\/products\"},{\"@type\":\"ListItem\",\"position\":3,\"name\":\"RS044: 70cl Bulk Glass Bottles For Brandy\"}]},{\"@type\":\"WebSite\",\"@id\":\"https:\/\/ruishengglassco.com\/#website\",\"url\":\"https:\/\/ruishengglassco.com\/\",\"name\":\"Ruisheng Glass\",\"description\":\"\",\"publisher\":{\"@id\":\"https:\/\/ruishengglassco.com\/#organization\"},\"potentialAction\":[{\"@type\":\"SearchAction\",\"target\":{\"@type\":\"EntryPoint\",\"urlTemplate\":\"https:\/\/ruishengglassco.com\/?s={search_term_string}\"},\"query-input\":\"required name=search_term_string\"}],\"inLanguage\":\"fr-FR\"},{\"@type\":\"Organization\",\"@id\":\"https:\/\/ruishengglassco.com\/#organization\",\"name\":\"Shandong Yuncheng Ruisheng Glass Co., Ltd\",\"url\":\"https:\/\/ruishengglassco.com\/\",\"logo\":{\"@type\":\"ImageObject\",\"inLanguage\":\"fr-FR\",\"@id\":\"https:\/\/ruishengglassco.com\/#\/schema\/logo\/image\/\",\"url\":\"https:\/\/ruishengglassco.com\/wp-content\/uploads\/2023\/09\/ruisheng_logo_icon.webp\",\"contentUrl\":\"https:\/\/ruishengglassco.com\/wp-content\/uploads\/2023\/09\/ruisheng_logo_icon.webp\",\"width\":400,\"height\":233,\"caption\":\"Shandong Yuncheng Ruisheng Glass Co., Ltd\"},\"image\":{\"@id\":\"https:\/\/ruishengglassco.com\/#\/schema\/logo\/image\/\"},\"sameAs\":[\"https:\/\/www.facebook.com\/ruishengglassbottles\",\"https:\/\/www.instagram.com\/Ruishengglassbottlewholesales\/\",\"https:\/\/www.youtube.com\/channel\/UCMmbMNGwsL-XrtjfSFLCdVQ\"]}]}<\/script>\n<!-- \/ Yoast SEO plugin. -->","yoast_head_json":{"title":"Empty Brandy Bottle Price | China Liquor Bottle Manufacturers","description":"Ruisheng, a professional China liquor bottle manufacturer, provide empty brandy bottle price for brands, companies, and wholesalers. Get Quote Here.","robots":{"index":"index","follow":"follow","max-snippet":"max-snippet:-1","max-image-preview":"max-image-preview:large","max-video-preview":"max-video-preview:-1"},"canonical":"https:\/\/ruishengglassco.com\/fr\/produit\/rs044-bouteilles-en-verre-en-vrac-de-70cl-pour-le-brandy","og_locale":"fr_FR","og_type":"article","og_title":"Empty Brandy Bottle Price | China Liquor Bottle Manufacturers","og_description":"Ruisheng, a professional China liquor bottle manufacturer, provide empty brandy bottle price for brands, companies, and wholesalers. Get Quote Here.","og_url":"https:\/\/ruishengglassco.com\/fr\/produit\/rs044-bouteilles-en-verre-en-vrac-de-70cl-pour-le-brandy","article_publisher":"https:\/\/www.facebook.com\/ruishengglassbottles","article_modified_time":"2025-07-17T06:32:07+00:00","og_image":[{"width":800,"height":800,"url":"https:\/\/ruishengglassco.com\/wp-content\/uploads\/2025\/03\/RS044-70cl-Bulk-Glass-Bottles-For-Brandy.webp","type":"image\/webp"}],"twitter_card":"summary_large_image","twitter_misc":{"Dur\u00e9e de lecture estim\u00e9e":"2 minutes"},"schema":{"@context":"https:\/\/schema.org","@graph":[{"@type":"WebPage","@id":"https:\/\/ruishengglassco.com\/product\/rs044-70cl-bulk-glass-bottles-for-brandy","url":"https:\/\/ruishengglassco.com\/product\/rs044-70cl-bulk-glass-bottles-for-brandy","name":"Empty Brandy Bottle Price | China Liquor Bottle Manufacturers","isPartOf":{"@id":"https:\/\/ruishengglassco.com\/#website"},"datePublished":"2025-03-15T04:19:29+00:00","dateModified":"2025-07-17T06:32:07+00:00","description":"Ruisheng, a professional China liquor bottle manufacturer, provide empty brandy bottle price for brands, companies, and wholesalers. Get Quote Here.","breadcrumb":{"@id":"https:\/\/ruishengglassco.com\/product\/rs044-70cl-bulk-glass-bottles-for-brandy#breadcrumb"},"inLanguage":"fr-FR","potentialAction":[{"@type":"ReadAction","target":["https:\/\/ruishengglassco.com\/product\/rs044-70cl-bulk-glass-bottles-for-brandy"]}]},{"@type":"BreadcrumbList","@id":"https:\/\/ruishengglassco.com\/product\/rs044-70cl-bulk-glass-bottles-for-brandy#breadcrumb","itemListElement":[{"@type":"ListItem","position":1,"name":"Home","item":"https:\/\/ruishengglassco.com\/"},{"@type":"ListItem","position":2,"name":"Products","item":"https:\/\/ruishengglassco.com\/products"},{"@type":"ListItem","position":3,"name":"RS044: 70cl Bulk Glass Bottles For Brandy"}]},{"@type":"WebSite","@id":"https:\/\/ruishengglassco.com\/#website","url":"https:\/\/ruishengglassco.com\/","name":"Ruisheng Glass","description":"","publisher":{"@id":"https:\/\/ruishengglassco.com\/#organization"},"potentialAction":[{"@type":"SearchAction","target":{"@type":"EntryPoint","urlTemplate":"https:\/\/ruishengglassco.com\/?s={search_term_string}"},"query-input":"required name=search_term_string"}],"inLanguage":"fr-FR"},{"@type":"Organization","@id":"https:\/\/ruishengglassco.com\/#organization","name":"Shandong Yuncheng Ruisheng Glass Co., Ltd","url":"https:\/\/ruishengglassco.com\/","logo":{"@type":"ImageObject","inLanguage":"fr-FR","@id":"https:\/\/ruishengglassco.com\/#\/schema\/logo\/image\/","url":"https:\/\/ruishengglassco.com\/wp-content\/uploads\/2023\/09\/ruisheng_logo_icon.webp","contentUrl":"https:\/\/ruishengglassco.com\/wp-content\/uploads\/2023\/09\/ruisheng_logo_icon.webp","width":400,"height":233,"caption":"Shandong Yuncheng Ruisheng Glass Co., Ltd"},"image":{"@id":"https:\/\/ruishengglassco.com\/#\/schema\/logo\/image\/"},"sameAs":["https:\/\/www.facebook.com\/ruishengglassbottles","https:\/\/www.instagram.com\/Ruishengglassbottlewholesales\/","https:\/\/www.youtube.com\/channel\/UCMmbMNGwsL-XrtjfSFLCdVQ"]}]}},"_links":{"self":[{"href":"https:\/\/ruishengglassco.com\/fr\/wp-json\/wp\/v2\/product\/4304","targetHints":{"allow":["GET"]}}],"collection":[{"href":"https:\/\/ruishengglassco.com\/fr\/wp-json\/wp\/v2\/product"}],"about":[{"href":"https:\/\/ruishengglassco.com\/fr\/wp-json\/wp\/v2\/types\/product"}],"replies":[{"embeddable":true,"href":"https:\/\/ruishengglassco.com\/fr\/wp-json\/wp\/v2\/comments?post=4304"}],"wp:featuredmedia":[{"embeddable":true,"href":"https:\/\/ruishengglassco.com\/fr\/wp-json\/wp\/v2\/media\/4305"}],"wp:attachment":[{"href":"https:\/\/ruishengglassco.com\/fr\/wp-json\/wp\/v2\/media?parent=4304"}],"wp:term":[{"taxonomy":"product_cat","embeddable":true,"href":"https:\/\/ruishengglassco.com\/fr\/wp-json\/wp\/v2\/product_cat?post=4304"}],"curies":[{"name":"wp","href":"https:\/\/api.w.org\/{rel}","templated":true}]}}