{"id":4302,"date":"2025-03-15T12:16:17","date_gmt":"2025-03-15T04:16:17","guid":{"rendered":"https:\/\/ruishengglassco.com\/?post_type=product&#038;p=4302"},"modified":"2025-07-17T09:26:40","modified_gmt":"2025-07-17T01:26:40","slug":"rs045-wholesale-750ml-glass-bottle-with-cork-for-spirit","status":"publish","type":"product","link":"https:\/\/ruishengglassco.com\/fr\/produit\/rs045-wholesale-750ml-glass-bottle-with-cork-for-spirit","title":{"rendered":"RS045 : Grossiste Bouteille en verre 750ml avec bouchon pour spiritueux"},"content":{"rendered":"<h2>Bouteille en verre avec bouchon en gros pour spiritueux<\/h2>\n<p>Notre soci\u00e9t\u00e9 se concentre sur l'exportation de bouteilles en verre pour spiritueux de 750 ml. Nous avons exp\u00e9di\u00e9 nos produits aux \u00c9tats-Unis, en Russie, en Afrique, etc. Les clients ne cessent de faire l'\u00e9loge de nos produits. Les bouteilles en verre imprim\u00e9es personnalis\u00e9es 750ml sont l'un des projets de notre soci\u00e9t\u00e9.<\/p>\n<p>Notre entreprise compte plus de 500 employ\u00e9s et une \u00e9quipe d'ing\u00e9nieurs qualifi\u00e9s. Gr\u00e2ce \u00e0 notre riche exp\u00e9rience, nous avons acquis une bonne r\u00e9putation dans le monde entier. Nous inspectons soigneusement chaque bouteille et nous nous occupons des bouteilles non qualifi\u00e9es. Nous pouvons garantir que chaque bouteille que vous tenez entre vos mains est parfaite.<\/p>\n<p>Nos principaux produits sont des bouteilles en verre de 750 ml de premi\u00e8re qualit\u00e9, telles que des bouteilles de vodka, de brandy, de whisky, de liqueur, de confiture, etc. Nous pouvons \u00e9galement proposer des bouteilles en verre ambr\u00e9, des bouteilles vertes et des bouteilles d'eau. Nos principaux march\u00e9s sont l'Europe, les \u00c9tats-Unis, l'Australie et d'autres r\u00e9gions. Nos produits jouissent d'une excellente r\u00e9putation en mati\u00e8re d'innovation et de fonctionnalit\u00e9.<\/p>\n<h2>D\u00e9tails concernant Bouteille en verre avec bouchon Wholesale<\/h2>\n<ul>\n<li>Mat\u00e9riau principal : verre \u00e0 haute teneur en silex<\/li>\n<li>Bouchon : bouchon \u00e0 vis<\/li>\n<li>R\u00e9f\u00e9rence : RS045<\/li>\n<li>MOQ : 10000 PCS<\/li>\n<li>Capacit\u00e9 : 750 ml<\/li>\n<li>Pcs\/Ctn:24pcs<\/li>\n<li>Origine du lieu : Shandong, Chine<\/li>\n<li>Caract\u00e9ristique : Respectueux de l'environnement<\/li>\n<\/ul>\n<p>Ces bouteilles en verre de 750 ml imprim\u00e9es sur mesure ont une forme particuli\u00e8re, caract\u00e9ris\u00e9e par un long col et une base plus \u00e9paisse. Nous pouvons effectuer un traitement en profondeur de sa surface et y imprimer votre logo. En outre, l'embouchure de cette bouteille peut \u00eatre modifi\u00e9e ; nous pouvons la changer \u00e0 votre convenance.<\/p>\n<p>Le plus remarquable est que vous pouvez visiter notre usine \u00e0 tout moment ; nous sommes pr\u00eats \u00e0 vous accueillir. Des personnes sp\u00e9ciales sont charg\u00e9es de vous pr\u00e9senter l'entreprise et de s'assurer que vous la comprenez parfaitement.<\/p>\n<p>Notre soci\u00e9t\u00e9 accepte \u00e9galement les bouteilles en verre personnalis\u00e9es ; nous pouvons fabriquer la m\u00eame bouteille en verre selon les informations que vous nous avez fournies.<\/p>\n<p>Si vous \u00eates int\u00e9ress\u00e9 par nos bouteilles en verre 750ml imprim\u00e9es sur mesure, n'h\u00e9sitez pas \u00e0 nous contacter. Nous vous r\u00e9pondrons dans les 24 heures.<\/p>","protected":false},"excerpt":{"rendered":"<table class=\"tg\">\n<tbody>\n<tr>\n<th class=\"tg-24i8\" colspan=\"2\">Bouteille en verre de 750ml avec bouchon pour spiritueux<\/th>\n<\/tr>\n<tr>\n<td class=\"tg-b7b8\">Mat\u00e9riau principal :<\/td>\n<td class=\"tg-b7b8\">Verre super blanc sans plomb<\/td>\n<\/tr>\n<tr>\n<td class=\"tg-yw4l\">Cap :<\/td>\n<td class=\"tg-yw4l\">Bouchon en m\u00e9tal\/bouchon\/capuchon \u00e0 vis<\/td>\n<\/tr>\n<tr>\n<td class=\"tg-b7b8\">Capacit\u00e9 :<\/td>\n<td class=\"tg-b7b8\">700ml\/750ml<\/td>\n<\/tr>\n<tr>\n<td class=\"tg-yw4l\">Couleur<\/td>\n<td class=\"tg-yw4l\">Transparent<\/td>\n<\/tr>\n<tr>\n<td class=\"tg-b7b8\"><strong>MOQ :<\/strong><\/td>\n<td class=\"tg-b7b8\"><strong>10000 PCS<\/strong><\/td>\n<\/tr>\n<tr>\n<td class=\"tg-yw4l\">Poids<\/td>\n<td class=\"tg-yw4l\">540g<\/td>\n<\/tr>\n<tr>\n<td class=\"tg-b7b8\">Hauteur<\/td>\n<td class=\"tg-b7b8\">232mm<\/td>\n<\/tr>\n<tr>\n<td class=\"tg-yw4l\">R\u00e9f\u00e9rence :<\/td>\n<td class=\"tg-yw4l\">RS045<\/td>\n<\/tr>\n<tr>\n<td class=\"tg-b7b8\">Mode d'exp\u00e9dition :<\/td>\n<td class=\"tg-b7b8\">Exp\u00e9dition, Express<\/td>\n<\/tr>\n<tr>\n<td class=\"tg-yw4l\">OEM\/ODM :<\/td>\n<td class=\"tg-yw4l\">Bienvenue<\/td>\n<\/tr>\n<\/tbody>\n<\/table>","protected":false},"featured_media":4303,"comment_status":"closed","ping_status":"closed","template":"","meta":[],"product_cat":[44,40],"class_list":{"0":"post-4302","1":"product","2":"type-product","3":"status-publish","4":"has-post-thumbnail","6":"product_cat-700ml-liquor-bottle-manufacturer","7":"product_cat-750ml-liquor-bottle-manufacturer","9":"first","10":"instock","11":"shipping-taxable","12":"product-type-simple"},"yoast_head":"<!-- This site is optimized with the Yoast SEO plugin v22.0 - https:\/\/yoast.com\/wordpress\/plugins\/seo\/ -->\n<title>Glass Bottle With Cork Wholesale | Bulk Spirit Bottle Manufacturers<\/title>\n<meta name=\"description\" content=\"Ruisheng, one of the largest bulk spirit bottle manufacturers from China, provide glass bottle with corks wholesale for liquor brand&amp;company.\" \/>\n<meta name=\"robots\" content=\"index, follow, max-snippet:-1, max-image-preview:large, max-video-preview:-1\" \/>\n<link rel=\"canonical\" href=\"https:\/\/ruishengglassco.com\/fr\/produit\/rs045-wholesale-750ml-glass-bottle-with-cork-for-spirit\" \/>\n<meta property=\"og:locale\" content=\"fr_FR\" \/>\n<meta property=\"og:type\" content=\"article\" \/>\n<meta property=\"og:title\" content=\"Glass Bottle With Cork Wholesale | Bulk Spirit Bottle Manufacturers\" \/>\n<meta property=\"og:description\" content=\"Ruisheng, one of the largest bulk spirit bottle manufacturers from China, provide glass bottle with corks wholesale for liquor brand&amp;company.\" \/>\n<meta property=\"og:url\" content=\"https:\/\/ruishengglassco.com\/fr\/produit\/rs045-wholesale-750ml-glass-bottle-with-cork-for-spirit\" \/>\n<meta property=\"article:publisher\" content=\"https:\/\/www.facebook.com\/ruishengglassbottles\" \/>\n<meta property=\"article:modified_time\" content=\"2025-07-17T01:26:40+00:00\" \/>\n<meta property=\"og:image\" content=\"https:\/\/ruishengglassco.com\/wp-content\/uploads\/2025\/03\/RS045-Wholesale-750ml-Glass-Bottle-With-Cork-For-Spirit.webp\" \/>\n\t<meta property=\"og:image:width\" content=\"800\" \/>\n\t<meta property=\"og:image:height\" content=\"800\" \/>\n\t<meta property=\"og:image:type\" content=\"image\/webp\" \/>\n<meta name=\"twitter:card\" content=\"summary_large_image\" \/>\n<meta name=\"twitter:label1\" content=\"Dur\u00e9e de lecture estim\u00e9e\" \/>\n\t<meta name=\"twitter:data1\" content=\"2 minutes\" \/>\n<script type=\"application\/ld+json\" class=\"yoast-schema-graph\">{\"@context\":\"https:\/\/schema.org\",\"@graph\":[{\"@type\":\"WebPage\",\"@id\":\"https:\/\/ruishengglassco.com\/product\/rs045-wholesale-750ml-glass-bottle-with-cork-for-spirit\",\"url\":\"https:\/\/ruishengglassco.com\/product\/rs045-wholesale-750ml-glass-bottle-with-cork-for-spirit\",\"name\":\"Glass Bottle With Cork Wholesale | Bulk Spirit Bottle Manufacturers\",\"isPartOf\":{\"@id\":\"https:\/\/ruishengglassco.com\/#website\"},\"datePublished\":\"2025-03-15T04:16:17+00:00\",\"dateModified\":\"2025-07-17T01:26:40+00:00\",\"description\":\"Ruisheng, one of the largest bulk spirit bottle manufacturers from China, provide glass bottle with corks wholesale for liquor brand&company.\",\"breadcrumb\":{\"@id\":\"https:\/\/ruishengglassco.com\/product\/rs045-wholesale-750ml-glass-bottle-with-cork-for-spirit#breadcrumb\"},\"inLanguage\":\"fr-FR\",\"potentialAction\":[{\"@type\":\"ReadAction\",\"target\":[\"https:\/\/ruishengglassco.com\/product\/rs045-wholesale-750ml-glass-bottle-with-cork-for-spirit\"]}]},{\"@type\":\"BreadcrumbList\",\"@id\":\"https:\/\/ruishengglassco.com\/product\/rs045-wholesale-750ml-glass-bottle-with-cork-for-spirit#breadcrumb\",\"itemListElement\":[{\"@type\":\"ListItem\",\"position\":1,\"name\":\"Home\",\"item\":\"https:\/\/ruishengglassco.com\/\"},{\"@type\":\"ListItem\",\"position\":2,\"name\":\"Products\",\"item\":\"https:\/\/ruishengglassco.com\/products\"},{\"@type\":\"ListItem\",\"position\":3,\"name\":\"RS045: Wholesale 750ml Glass Bottle With Cork For Spirit\"}]},{\"@type\":\"WebSite\",\"@id\":\"https:\/\/ruishengglassco.com\/#website\",\"url\":\"https:\/\/ruishengglassco.com\/\",\"name\":\"Ruisheng Glass\",\"description\":\"\",\"publisher\":{\"@id\":\"https:\/\/ruishengglassco.com\/#organization\"},\"potentialAction\":[{\"@type\":\"SearchAction\",\"target\":{\"@type\":\"EntryPoint\",\"urlTemplate\":\"https:\/\/ruishengglassco.com\/?s={search_term_string}\"},\"query-input\":\"required name=search_term_string\"}],\"inLanguage\":\"fr-FR\"},{\"@type\":\"Organization\",\"@id\":\"https:\/\/ruishengglassco.com\/#organization\",\"name\":\"Shandong Yuncheng Ruisheng Glass Co., Ltd\",\"url\":\"https:\/\/ruishengglassco.com\/\",\"logo\":{\"@type\":\"ImageObject\",\"inLanguage\":\"fr-FR\",\"@id\":\"https:\/\/ruishengglassco.com\/#\/schema\/logo\/image\/\",\"url\":\"https:\/\/ruishengglassco.com\/wp-content\/uploads\/2023\/09\/ruisheng_logo_icon.webp\",\"contentUrl\":\"https:\/\/ruishengglassco.com\/wp-content\/uploads\/2023\/09\/ruisheng_logo_icon.webp\",\"width\":400,\"height\":233,\"caption\":\"Shandong Yuncheng Ruisheng Glass Co., Ltd\"},\"image\":{\"@id\":\"https:\/\/ruishengglassco.com\/#\/schema\/logo\/image\/\"},\"sameAs\":[\"https:\/\/www.facebook.com\/ruishengglassbottles\",\"https:\/\/www.instagram.com\/Ruishengglassbottlewholesales\/\",\"https:\/\/www.youtube.com\/channel\/UCMmbMNGwsL-XrtjfSFLCdVQ\"]}]}<\/script>\n<!-- \/ Yoast SEO plugin. -->","yoast_head_json":{"title":"Glass Bottle With Cork Wholesale | Bulk Spirit Bottle Manufacturers","description":"Ruisheng, one of the largest bulk spirit bottle manufacturers from China, provide glass bottle with corks wholesale for liquor brand&company.","robots":{"index":"index","follow":"follow","max-snippet":"max-snippet:-1","max-image-preview":"max-image-preview:large","max-video-preview":"max-video-preview:-1"},"canonical":"https:\/\/ruishengglassco.com\/fr\/produit\/rs045-wholesale-750ml-glass-bottle-with-cork-for-spirit","og_locale":"fr_FR","og_type":"article","og_title":"Glass Bottle With Cork Wholesale | Bulk Spirit Bottle Manufacturers","og_description":"Ruisheng, one of the largest bulk spirit bottle manufacturers from China, provide glass bottle with corks wholesale for liquor brand&company.","og_url":"https:\/\/ruishengglassco.com\/fr\/produit\/rs045-wholesale-750ml-glass-bottle-with-cork-for-spirit","article_publisher":"https:\/\/www.facebook.com\/ruishengglassbottles","article_modified_time":"2025-07-17T01:26:40+00:00","og_image":[{"width":800,"height":800,"url":"https:\/\/ruishengglassco.com\/wp-content\/uploads\/2025\/03\/RS045-Wholesale-750ml-Glass-Bottle-With-Cork-For-Spirit.webp","type":"image\/webp"}],"twitter_card":"summary_large_image","twitter_misc":{"Dur\u00e9e de lecture estim\u00e9e":"2 minutes"},"schema":{"@context":"https:\/\/schema.org","@graph":[{"@type":"WebPage","@id":"https:\/\/ruishengglassco.com\/product\/rs045-wholesale-750ml-glass-bottle-with-cork-for-spirit","url":"https:\/\/ruishengglassco.com\/product\/rs045-wholesale-750ml-glass-bottle-with-cork-for-spirit","name":"Glass Bottle With Cork Wholesale | Bulk Spirit Bottle Manufacturers","isPartOf":{"@id":"https:\/\/ruishengglassco.com\/#website"},"datePublished":"2025-03-15T04:16:17+00:00","dateModified":"2025-07-17T01:26:40+00:00","description":"Ruisheng, one of the largest bulk spirit bottle manufacturers from China, provide glass bottle with corks wholesale for liquor brand&company.","breadcrumb":{"@id":"https:\/\/ruishengglassco.com\/product\/rs045-wholesale-750ml-glass-bottle-with-cork-for-spirit#breadcrumb"},"inLanguage":"fr-FR","potentialAction":[{"@type":"ReadAction","target":["https:\/\/ruishengglassco.com\/product\/rs045-wholesale-750ml-glass-bottle-with-cork-for-spirit"]}]},{"@type":"BreadcrumbList","@id":"https:\/\/ruishengglassco.com\/product\/rs045-wholesale-750ml-glass-bottle-with-cork-for-spirit#breadcrumb","itemListElement":[{"@type":"ListItem","position":1,"name":"Home","item":"https:\/\/ruishengglassco.com\/"},{"@type":"ListItem","position":2,"name":"Products","item":"https:\/\/ruishengglassco.com\/products"},{"@type":"ListItem","position":3,"name":"RS045: Wholesale 750ml Glass Bottle With Cork For Spirit"}]},{"@type":"WebSite","@id":"https:\/\/ruishengglassco.com\/#website","url":"https:\/\/ruishengglassco.com\/","name":"Ruisheng Glass","description":"","publisher":{"@id":"https:\/\/ruishengglassco.com\/#organization"},"potentialAction":[{"@type":"SearchAction","target":{"@type":"EntryPoint","urlTemplate":"https:\/\/ruishengglassco.com\/?s={search_term_string}"},"query-input":"required name=search_term_string"}],"inLanguage":"fr-FR"},{"@type":"Organization","@id":"https:\/\/ruishengglassco.com\/#organization","name":"Shandong Yuncheng Ruisheng Glass Co., Ltd","url":"https:\/\/ruishengglassco.com\/","logo":{"@type":"ImageObject","inLanguage":"fr-FR","@id":"https:\/\/ruishengglassco.com\/#\/schema\/logo\/image\/","url":"https:\/\/ruishengglassco.com\/wp-content\/uploads\/2023\/09\/ruisheng_logo_icon.webp","contentUrl":"https:\/\/ruishengglassco.com\/wp-content\/uploads\/2023\/09\/ruisheng_logo_icon.webp","width":400,"height":233,"caption":"Shandong Yuncheng Ruisheng Glass Co., Ltd"},"image":{"@id":"https:\/\/ruishengglassco.com\/#\/schema\/logo\/image\/"},"sameAs":["https:\/\/www.facebook.com\/ruishengglassbottles","https:\/\/www.instagram.com\/Ruishengglassbottlewholesales\/","https:\/\/www.youtube.com\/channel\/UCMmbMNGwsL-XrtjfSFLCdVQ"]}]}},"_links":{"self":[{"href":"https:\/\/ruishengglassco.com\/fr\/wp-json\/wp\/v2\/product\/4302","targetHints":{"allow":["GET"]}}],"collection":[{"href":"https:\/\/ruishengglassco.com\/fr\/wp-json\/wp\/v2\/product"}],"about":[{"href":"https:\/\/ruishengglassco.com\/fr\/wp-json\/wp\/v2\/types\/product"}],"replies":[{"embeddable":true,"href":"https:\/\/ruishengglassco.com\/fr\/wp-json\/wp\/v2\/comments?post=4302"}],"wp:featuredmedia":[{"embeddable":true,"href":"https:\/\/ruishengglassco.com\/fr\/wp-json\/wp\/v2\/media\/4303"}],"wp:attachment":[{"href":"https:\/\/ruishengglassco.com\/fr\/wp-json\/wp\/v2\/media?parent=4302"}],"wp:term":[{"taxonomy":"product_cat","embeddable":true,"href":"https:\/\/ruishengglassco.com\/fr\/wp-json\/wp\/v2\/product_cat?post=4302"}],"curies":[{"name":"wp","href":"https:\/\/api.w.org\/{rel}","templated":true}]}}