{"id":4300,"date":"2025-03-15T12:13:21","date_gmt":"2025-03-15T04:13:21","guid":{"rendered":"https:\/\/ruishengglassco.com\/?post_type=product&#038;p=4300"},"modified":"2025-09-11T16:14:45","modified_gmt":"2025-09-11T08:14:45","slug":"rs046-500ml-700ml-750ml-bouteilles-en-verre-fantaisie-fabricants","status":"publish","type":"product","link":"https:\/\/ruishengglassco.com\/fr\/produit\/rs046-500ml-700ml-750ml-bouteilles-en-verre-fantaisie-fabricants","title":{"rendered":"RS046 : 500ml 700ml 750ml Bouteilles en verre fantaisie Fabricants"},"content":{"rendered":"<p><span data-preserver-spaces=\"true\">Le <\/span><strong><span data-preserver-spaces=\"true\">vente en gros de bouteilles en verre fantaisie <\/span><\/strong><span data-preserver-spaces=\"true\">est un <\/span><span data-preserver-spaces=\"true\">important<\/span><span data-preserver-spaces=\"true\"> \u00e0 Ruisheng. Ruisheng, l'un des principaux fabricants de bouteilles en verre bouch\u00e9, propose une large gamme d'options de vente en gros. Vous pouvez trouver des bouteilles rondes de Boston, des bouteilles carr\u00e9es et des mod\u00e8les de forme personnalis\u00e9e. Ces bouteilles sont \u00e9galement <\/span><span data-preserver-spaces=\"true\">offrir<\/span><span data-preserver-spaces=\"true\"> bouteilles sp\u00e9ciales bouch\u00e9es pour les spiritueux tels que le whisky, le brandy, le rhum et la vodka.<\/span><\/p>\n<p><span data-preserver-spaces=\"true\">Faites de l'artisanat ou exp\u00e9diez des marchandises \u00e0 vos clients en choisissant une petite bouteille en verre ou une grande bouteille en verre en gros. Dimensions <\/span><span data-preserver-spaces=\"true\">sont<\/span><span data-preserver-spaces=\"true\"> disponibles de 50 ml \u00e0 1500 ml. <\/span><span data-preserver-spaces=\"true\">Les commandes personnalis\u00e9es peuvent \u00eatre accept\u00e9es<\/span><span data-preserver-spaces=\"true\">. La plupart des bouteilles en verre \u00e0 vendre <\/span><span data-preserver-spaces=\"true\">sont r\u00e9alis\u00e9s<\/span><span data-preserver-spaces=\"true\"> en verre de haute qualit\u00e9, ce qui rend le corps de l'appareil plus r\u00e9sistant. <\/span><span data-preserver-spaces=\"true\">les <\/span><span data-preserver-spaces=\"true\">la bouteille de liqueur est plus forte et plus belle. <\/span><span data-preserver-spaces=\"true\">Nous garantissons que toutes les bouteilles en verre transparent avec bouchon sont non toxiques, 100% recyclables, r\u00e9utilisables, et <\/span><span data-preserver-spaces=\"true\">sans danger pour l'environnement<\/span><span data-preserver-spaces=\"true\">.<\/span><\/p>\n<p><span data-preserver-spaces=\"true\">Ces bouteilles en verre diamant\u00e9 de 500 ml pr\u00e9sentent un design fantaisiste. Nous pouvons \u00e9galement les personnaliser sur la base de vos dessins. Faites-nous savoir ce dont vous avez besoin !<\/span><\/p>\n<h2>Les informations concernant les bouteilles en verre diamant\u00e9es de 500 ml de conception fantaisiste sont indiqu\u00e9es ci-dessous :<\/h2>\n<ul>\n<li>Mat\u00e9riau principal : verre super silex<\/li>\n<li>Bouchon : li\u00e8ge<\/li>\n<li>R\u00e9f\u00e9rence : RS046<\/li>\n<li>MOQ : 10000 PCS<\/li>\n<li>Capacit\u00e9 : 500ml<\/li>\n<li>Pcs\/Ctn : 24pcs<\/li>\n<li>Origine du lieu : Shandong, Chine<\/li>\n<li>Caract\u00e9ristique : Respectueux de l'environnement<\/li>\n<\/ul>\n<p>Ruisheng produit depuis longtemps des bouteilles en verre de 500 ml. Notre \u00e9quipe est exp\u00e9riment\u00e9e et nous sommes certains de pouvoir r\u00e9pondre \u00e0 vos besoins. Les bouteilles en verre transparent de Ruisheng ont \u00e9t\u00e9 bien accueillies en Europe, aux \u00c9tats-Unis, en Australie et dans d'autres r\u00e9gions. Tous les produits jouissent d'une excellente r\u00e9putation en termes d'innovation et de fonctionnalit\u00e9.<\/p>\n<p>Ruisheng glass bottle a maintenant \u00e9tendu un nouveau site, introduit des machines avanc\u00e9es, et notre vitesse de production est beaucoup plus \u00e9lev\u00e9e qu'auparavant. Nous produirons donc de bonnes bouteilles \u00e0 la date fix\u00e9e et nous vous livrerons les marchandises.<\/p>\n<p>Si vous \u00eates satisfait de cette bouteille en verre transparent, veuillez me le faire savoir rapidement. Si vous ne l'aimez pas, vous pouvez regarder nos autres bouteilles. Ou bien je vous donnerai le catalogue, et vous pourrez choisir ce qui vous pla\u00eet. Si vous \u00eates int\u00e9ress\u00e9 par nos bouteilles d'alcool herm\u00e9tiques, n'h\u00e9sitez pas \u00e0 nous contacter. Nous vous r\u00e9pondrons dans les 24 heures.<\/p>","protected":false},"excerpt":{"rendered":"<p>Ruisheng est un fabricant professionnel de bouteilles en verre avec plus de 10 ans d'exp\u00e9rience. Nous proposons des bouteilles en verre fantaisie \u00e0 des prix de gros pour les marques d'alcool, les entreprises, les fournisseurs et les grossistes. Notre magasin d'usine fournit des prix de gros bon march\u00e9 sur les bouteilles en verre. Ces bouteilles en verre diamant fantaisie de 500ml peuvent \u00e9galement \u00eatre personnalis\u00e9es selon les dessins que vous nous avez fournis ; nous pouvons fabriquer toutes les bouteilles que vous voulez.<\/p>\n<p>N'h\u00e9sitez pas \u00e0 nous contacter pour obtenir le prix d'une bouteille de liqueur en diamant.<\/p>","protected":false},"featured_media":4301,"comment_status":"closed","ping_status":"closed","template":"","meta":[],"product_cat":[41,44,40,57,46],"class_list":{"0":"post-4300","1":"product","2":"type-product","3":"status-publish","4":"has-post-thumbnail","6":"product_cat-500ml-liquor-bottle-manufacturer","7":"product_cat-700ml-liquor-bottle-manufacturer","8":"product_cat-750ml-liquor-bottle-manufacturer","9":"product_cat-rum-bottle","10":"product_cat-tequila-bottle","12":"first","13":"instock","14":"shipping-taxable","15":"product-type-simple"},"yoast_head":"<!-- This site is optimized with the Yoast SEO plugin v22.0 - https:\/\/yoast.com\/wordpress\/plugins\/seo\/ -->\n<title>750ml Fancy Glass Bottle Manufacturers | Diamond Liquor Bottle Suppliers<\/title>\n<meta name=\"description\" content=\"Ruisheng, one of the largest China glass liquor bottle supplirs&amp;factory, sales 750ml fancy glass bottle wholesale in bulk price.\" \/>\n<meta name=\"robots\" content=\"index, follow, max-snippet:-1, max-image-preview:large, max-video-preview:-1\" \/>\n<link rel=\"canonical\" href=\"https:\/\/ruishengglassco.com\/fr\/produit\/rs046-500ml-700ml-750ml-bouteilles-en-verre-fantaisie-fabricants\" \/>\n<meta property=\"og:locale\" content=\"fr_FR\" \/>\n<meta property=\"og:type\" content=\"article\" \/>\n<meta property=\"og:title\" content=\"750ml Fancy Glass Bottle Manufacturers | Diamond Liquor Bottle Suppliers\" \/>\n<meta property=\"og:description\" content=\"Ruisheng, one of the largest China glass liquor bottle supplirs&amp;factory, sales 750ml fancy glass bottle wholesale in bulk price.\" \/>\n<meta property=\"og:url\" content=\"https:\/\/ruishengglassco.com\/fr\/produit\/rs046-500ml-700ml-750ml-bouteilles-en-verre-fantaisie-fabricants\" \/>\n<meta property=\"article:publisher\" content=\"https:\/\/www.facebook.com\/ruishengglassbottles\" \/>\n<meta property=\"article:modified_time\" content=\"2025-09-11T08:14:45+00:00\" \/>\n<meta property=\"og:image\" content=\"https:\/\/ruishengglassco.com\/wp-content\/uploads\/2025\/03\/RS046-500ml-700ml-750ml-Fancy-Glass-Bottles-Wholesale.webp\" \/>\n\t<meta property=\"og:image:width\" content=\"602\" \/>\n\t<meta property=\"og:image:height\" content=\"608\" \/>\n\t<meta property=\"og:image:type\" content=\"image\/webp\" \/>\n<meta name=\"twitter:card\" content=\"summary_large_image\" \/>\n<meta name=\"twitter:label1\" content=\"Dur\u00e9e de lecture estim\u00e9e\" \/>\n\t<meta name=\"twitter:data1\" content=\"2 minutes\" \/>\n<script type=\"application\/ld+json\" class=\"yoast-schema-graph\">{\"@context\":\"https:\/\/schema.org\",\"@graph\":[{\"@type\":\"WebPage\",\"@id\":\"https:\/\/ruishengglassco.com\/product\/rs046-500ml-700ml-750ml-fancy-glass-bottles-manufacturers\",\"url\":\"https:\/\/ruishengglassco.com\/product\/rs046-500ml-700ml-750ml-fancy-glass-bottles-manufacturers\",\"name\":\"750ml Fancy Glass Bottle Manufacturers | Diamond Liquor Bottle Suppliers\",\"isPartOf\":{\"@id\":\"https:\/\/ruishengglassco.com\/#website\"},\"datePublished\":\"2025-03-15T04:13:21+00:00\",\"dateModified\":\"2025-09-11T08:14:45+00:00\",\"description\":\"Ruisheng, one of the largest China glass liquor bottle supplirs&factory, sales 750ml fancy glass bottle wholesale in bulk price.\",\"breadcrumb\":{\"@id\":\"https:\/\/ruishengglassco.com\/product\/rs046-500ml-700ml-750ml-fancy-glass-bottles-manufacturers#breadcrumb\"},\"inLanguage\":\"fr-FR\",\"potentialAction\":[{\"@type\":\"ReadAction\",\"target\":[\"https:\/\/ruishengglassco.com\/product\/rs046-500ml-700ml-750ml-fancy-glass-bottles-manufacturers\"]}]},{\"@type\":\"BreadcrumbList\",\"@id\":\"https:\/\/ruishengglassco.com\/product\/rs046-500ml-700ml-750ml-fancy-glass-bottles-manufacturers#breadcrumb\",\"itemListElement\":[{\"@type\":\"ListItem\",\"position\":1,\"name\":\"Home\",\"item\":\"https:\/\/ruishengglassco.com\/\"},{\"@type\":\"ListItem\",\"position\":2,\"name\":\"Products\",\"item\":\"https:\/\/ruishengglassco.com\/products\"},{\"@type\":\"ListItem\",\"position\":3,\"name\":\"RS046: 500ml 700ml 750ml Fancy Glass Bottles Manufacturers\"}]},{\"@type\":\"WebSite\",\"@id\":\"https:\/\/ruishengglassco.com\/#website\",\"url\":\"https:\/\/ruishengglassco.com\/\",\"name\":\"Ruisheng Glass\",\"description\":\"\",\"publisher\":{\"@id\":\"https:\/\/ruishengglassco.com\/#organization\"},\"potentialAction\":[{\"@type\":\"SearchAction\",\"target\":{\"@type\":\"EntryPoint\",\"urlTemplate\":\"https:\/\/ruishengglassco.com\/?s={search_term_string}\"},\"query-input\":\"required name=search_term_string\"}],\"inLanguage\":\"fr-FR\"},{\"@type\":\"Organization\",\"@id\":\"https:\/\/ruishengglassco.com\/#organization\",\"name\":\"Shandong Yuncheng Ruisheng Glass Co., Ltd\",\"url\":\"https:\/\/ruishengglassco.com\/\",\"logo\":{\"@type\":\"ImageObject\",\"inLanguage\":\"fr-FR\",\"@id\":\"https:\/\/ruishengglassco.com\/#\/schema\/logo\/image\/\",\"url\":\"https:\/\/ruishengglassco.com\/wp-content\/uploads\/2023\/09\/ruisheng_logo_icon.webp\",\"contentUrl\":\"https:\/\/ruishengglassco.com\/wp-content\/uploads\/2023\/09\/ruisheng_logo_icon.webp\",\"width\":400,\"height\":233,\"caption\":\"Shandong Yuncheng Ruisheng Glass Co., Ltd\"},\"image\":{\"@id\":\"https:\/\/ruishengglassco.com\/#\/schema\/logo\/image\/\"},\"sameAs\":[\"https:\/\/www.facebook.com\/ruishengglassbottles\",\"https:\/\/www.instagram.com\/Ruishengglassbottlewholesales\/\",\"https:\/\/www.youtube.com\/channel\/UCMmbMNGwsL-XrtjfSFLCdVQ\"]}]}<\/script>\n<!-- \/ Yoast SEO plugin. -->","yoast_head_json":{"title":"750ml Fancy Glass Bottle Manufacturers | Diamond Liquor Bottle Suppliers","description":"Ruisheng, one of the largest China glass liquor bottle supplirs&factory, sales 750ml fancy glass bottle wholesale in bulk price.","robots":{"index":"index","follow":"follow","max-snippet":"max-snippet:-1","max-image-preview":"max-image-preview:large","max-video-preview":"max-video-preview:-1"},"canonical":"https:\/\/ruishengglassco.com\/fr\/produit\/rs046-500ml-700ml-750ml-bouteilles-en-verre-fantaisie-fabricants","og_locale":"fr_FR","og_type":"article","og_title":"750ml Fancy Glass Bottle Manufacturers | Diamond Liquor Bottle Suppliers","og_description":"Ruisheng, one of the largest China glass liquor bottle supplirs&factory, sales 750ml fancy glass bottle wholesale in bulk price.","og_url":"https:\/\/ruishengglassco.com\/fr\/produit\/rs046-500ml-700ml-750ml-bouteilles-en-verre-fantaisie-fabricants","article_publisher":"https:\/\/www.facebook.com\/ruishengglassbottles","article_modified_time":"2025-09-11T08:14:45+00:00","og_image":[{"width":602,"height":608,"url":"https:\/\/ruishengglassco.com\/wp-content\/uploads\/2025\/03\/RS046-500ml-700ml-750ml-Fancy-Glass-Bottles-Wholesale.webp","type":"image\/webp"}],"twitter_card":"summary_large_image","twitter_misc":{"Dur\u00e9e de lecture estim\u00e9e":"2 minutes"},"schema":{"@context":"https:\/\/schema.org","@graph":[{"@type":"WebPage","@id":"https:\/\/ruishengglassco.com\/product\/rs046-500ml-700ml-750ml-fancy-glass-bottles-manufacturers","url":"https:\/\/ruishengglassco.com\/product\/rs046-500ml-700ml-750ml-fancy-glass-bottles-manufacturers","name":"750ml Fancy Glass Bottle Manufacturers | Diamond Liquor Bottle Suppliers","isPartOf":{"@id":"https:\/\/ruishengglassco.com\/#website"},"datePublished":"2025-03-15T04:13:21+00:00","dateModified":"2025-09-11T08:14:45+00:00","description":"Ruisheng, one of the largest China glass liquor bottle supplirs&factory, sales 750ml fancy glass bottle wholesale in bulk price.","breadcrumb":{"@id":"https:\/\/ruishengglassco.com\/product\/rs046-500ml-700ml-750ml-fancy-glass-bottles-manufacturers#breadcrumb"},"inLanguage":"fr-FR","potentialAction":[{"@type":"ReadAction","target":["https:\/\/ruishengglassco.com\/product\/rs046-500ml-700ml-750ml-fancy-glass-bottles-manufacturers"]}]},{"@type":"BreadcrumbList","@id":"https:\/\/ruishengglassco.com\/product\/rs046-500ml-700ml-750ml-fancy-glass-bottles-manufacturers#breadcrumb","itemListElement":[{"@type":"ListItem","position":1,"name":"Home","item":"https:\/\/ruishengglassco.com\/"},{"@type":"ListItem","position":2,"name":"Products","item":"https:\/\/ruishengglassco.com\/products"},{"@type":"ListItem","position":3,"name":"RS046: 500ml 700ml 750ml Fancy Glass Bottles Manufacturers"}]},{"@type":"WebSite","@id":"https:\/\/ruishengglassco.com\/#website","url":"https:\/\/ruishengglassco.com\/","name":"Ruisheng Glass","description":"","publisher":{"@id":"https:\/\/ruishengglassco.com\/#organization"},"potentialAction":[{"@type":"SearchAction","target":{"@type":"EntryPoint","urlTemplate":"https:\/\/ruishengglassco.com\/?s={search_term_string}"},"query-input":"required name=search_term_string"}],"inLanguage":"fr-FR"},{"@type":"Organization","@id":"https:\/\/ruishengglassco.com\/#organization","name":"Shandong Yuncheng Ruisheng Glass Co., Ltd","url":"https:\/\/ruishengglassco.com\/","logo":{"@type":"ImageObject","inLanguage":"fr-FR","@id":"https:\/\/ruishengglassco.com\/#\/schema\/logo\/image\/","url":"https:\/\/ruishengglassco.com\/wp-content\/uploads\/2023\/09\/ruisheng_logo_icon.webp","contentUrl":"https:\/\/ruishengglassco.com\/wp-content\/uploads\/2023\/09\/ruisheng_logo_icon.webp","width":400,"height":233,"caption":"Shandong Yuncheng Ruisheng Glass Co., Ltd"},"image":{"@id":"https:\/\/ruishengglassco.com\/#\/schema\/logo\/image\/"},"sameAs":["https:\/\/www.facebook.com\/ruishengglassbottles","https:\/\/www.instagram.com\/Ruishengglassbottlewholesales\/","https:\/\/www.youtube.com\/channel\/UCMmbMNGwsL-XrtjfSFLCdVQ"]}]}},"_links":{"self":[{"href":"https:\/\/ruishengglassco.com\/fr\/wp-json\/wp\/v2\/product\/4300","targetHints":{"allow":["GET"]}}],"collection":[{"href":"https:\/\/ruishengglassco.com\/fr\/wp-json\/wp\/v2\/product"}],"about":[{"href":"https:\/\/ruishengglassco.com\/fr\/wp-json\/wp\/v2\/types\/product"}],"replies":[{"embeddable":true,"href":"https:\/\/ruishengglassco.com\/fr\/wp-json\/wp\/v2\/comments?post=4300"}],"wp:featuredmedia":[{"embeddable":true,"href":"https:\/\/ruishengglassco.com\/fr\/wp-json\/wp\/v2\/media\/4301"}],"wp:attachment":[{"href":"https:\/\/ruishengglassco.com\/fr\/wp-json\/wp\/v2\/media?parent=4300"}],"wp:term":[{"taxonomy":"product_cat","embeddable":true,"href":"https:\/\/ruishengglassco.com\/fr\/wp-json\/wp\/v2\/product_cat?post=4300"}],"curies":[{"name":"wp","href":"https:\/\/api.w.org\/{rel}","templated":true}]}}