{"id":4296,"date":"2025-03-15T12:06:25","date_gmt":"2025-03-15T04:06:25","guid":{"rendered":"https:\/\/ruishengglassco.com\/?post_type=product&#038;p=4296"},"modified":"2025-07-17T09:12:43","modified_gmt":"2025-07-17T01:12:43","slug":"rs049700ml-bouteilles-de-spiritueux-en-gros","status":"publish","type":"product","link":"https:\/\/ruishengglassco.com\/fr\/produit\/rs049700ml-bouteilles-de-spiritueux-en-gros","title":{"rendered":"RS049:Fabricants de bouteilles de spiritueux de 700ml"},"content":{"rendered":"<p>Ruisheng est un fabricant leader de bouteilles d'alcool vides en Chine. Nous vendons des bouteilles de spiritueux en verre de 700 ml \u00e0 des prix de gros. Nous comptons parmi nos clients des soci\u00e9t\u00e9s de spiritueux, des fabricants, des grossistes, des caves, des supermarch\u00e9s et des magasins.<\/p>\n<p>Ces bouteilles de liqueur en verre de 700 ml avec bouchons sont fabriqu\u00e9es en verre de haute qualit\u00e9. Elles sont donc largement utilis\u00e9es pour l'emballage des liqueurs, du whisky, du brandy, du XO, du rhum, du gin et d'autres boissons alcoolis\u00e9es.<\/p>\n<h2>D\u00e9tails sur les bouteilles de spiritueux 700ml Fabricants<\/h2>\n<ul>\n<li><strong>Marque :<\/strong>\u00a0RS<\/li>\n<li><strong>Capacit\u00e9 :<\/strong>\u00a0700ml (sur mesure)<\/li>\n<li><strong>Forme :\u00a0<\/strong>Bouteille en verre ronde, carr\u00e9e, ovale, incurv\u00e9e, en forme de cr\u00e2ne et bouteille de liqueur de forme unique (service de bouteilles en verre de forme personnalis\u00e9e disponible)<\/li>\n<li><strong>Couleur :<\/strong>\u00a0Transparent, blanc, noir, gris, vert, bleu, ambre, etc.<\/li>\n<li><strong>Cap :\u00a0<\/strong>Bouchon \u00e0 vis\/bouchon\/bouchon de guala\/bouchon de bouteille en verre personnalis\u00e9<\/li>\n<li><strong>MOQ :<\/strong>\u00a01\u00d740HQ(26 000-30000pcs bouteilles de 700ml)<\/li>\n<li><strong>Un \u00e9chantillon gratuit peut \u00eatre offert<\/strong><\/li>\n<\/ul>\n<p>Ruisheng dispose de plus de 20 lignes de fabrication de bouteilles en verre avec une production quotidienne de 120 000 pi\u00e8ces. Nous vendons des bouteilles en verre allant des mini-bouteilles en verre, telles que les bouteilles en verre de 50 ml, aux grandes bouteilles en verre, y compris les bouteilles de liqueur en verre de 1 litre, les bouteilles en verre de 1,5 litre, les bouteilles en verre de 1,75 litre et les bouteilles en verre de 2 litres. Nous acceptons les services de bouteilles en verre personnalis\u00e9es. Que vous pr\u00e9f\u00e9riez un look traditionnel ou moderne, Ruisheng a les options de bouteilles d'alcool dont vous avez besoin.<\/p>\n<p>Les bouteilles de spiritueux vides de la s\u00e9rie RS ont \u00e9t\u00e9 export\u00e9es aux \u00c9tats-Unis, au Royaume-Uni, en Australie, au Canada, en France, en Espagne et dans de nombreux autres pays. Si vous \u00eates satisfait de cette bouteille en verre transparent, n'h\u00e9sitez pas \u00e0 me contacter. Si vous ne l'aimez pas, vous pouvez regarder nos autres bouteilles. Ou bien je vous donnerai le catalogue, et vous pourrez choisir ce qui vous pla\u00eet. Si vous \u00eates int\u00e9ress\u00e9 par nos bouteilles herm\u00e9tiques d'alcool, veuillez nous contacter. Nous vous r\u00e9pondrons dans les 24 heures.<\/p>","protected":false},"excerpt":{"rendered":"<table class=\"tg\">\n<tbody>\n<tr>\n<th class=\"tg-24i8\" colspan=\"2\">Bouteilles de spiritueux en verre de 700ml<\/th>\n<\/tr>\n<tr>\n<td class=\"tg-b7b8\">Mat\u00e9riau principal :<\/td>\n<td class=\"tg-b7b8\">Verre \u00e0 haute teneur en silex<\/td>\n<\/tr>\n<tr>\n<td class=\"tg-yw4l\">Cap :<\/td>\n<td class=\"tg-yw4l\">Bouchon \u00e0 vis\/bouchon\/capuchon de guala<\/td>\n<\/tr>\n<tr>\n<td class=\"tg-b7b8\">Capacit\u00e9 :<\/td>\n<td class=\"tg-b7b8\">700ml<\/td>\n<\/tr>\n<tr>\n<td class=\"tg-yw4l\">Fonctionnalit\u00e9 :<\/td>\n<td class=\"tg-yw4l\">Respect de l'environnement<\/td>\n<\/tr>\n<tr>\n<td class=\"tg-b7b8\">MOQ :<\/td>\n<td class=\"tg-b7b8\">10000 PCS<\/td>\n<\/tr>\n<tr>\n<td class=\"tg-yw4l\">Origine du lieu :<\/td>\n<td class=\"tg-yw4l\">Shandong, Chine<\/td>\n<\/tr>\n<tr>\n<td class=\"tg-b7b8\">Pcs\/Ctn :<\/td>\n<td class=\"tg-b7b8\">24pcs<\/td>\n<\/tr>\n<tr>\n<td class=\"tg-yw4l\">R\u00e9f\u00e9rence :<\/td>\n<td class=\"tg-yw4l\">RS-2016056<\/td>\n<\/tr>\n<\/tbody>\n<\/table>","protected":false},"featured_media":4297,"comment_status":"closed","ping_status":"closed","template":"","meta":[],"product_cat":[44],"class_list":{"0":"post-4296","1":"product","2":"type-product","3":"status-publish","4":"has-post-thumbnail","6":"product_cat-700ml-liquor-bottle-manufacturer","8":"first","9":"instock","10":"shipping-taxable","11":"product-type-simple"},"yoast_head":"<!-- This site is optimized with the Yoast SEO plugin v22.0 - https:\/\/yoast.com\/wordpress\/plugins\/seo\/ -->\n<title>700ml Spirit Bottles Manufacturers | Round Liquor Bottles Manufacturer<\/title>\n<meta name=\"description\" content=\"Ruisheng, One of the largest Empty Spirit Bottle Manufacturers in China, offer 700ml spirit bottles wholesale to Spirit companies,\" \/>\n<meta name=\"robots\" content=\"index, follow, max-snippet:-1, max-image-preview:large, max-video-preview:-1\" \/>\n<link rel=\"canonical\" href=\"https:\/\/ruishengglassco.com\/fr\/produit\/rs049700ml-bouteilles-de-spiritueux-en-gros\" \/>\n<meta property=\"og:locale\" content=\"fr_FR\" \/>\n<meta property=\"og:type\" content=\"article\" \/>\n<meta property=\"og:title\" content=\"700ml Spirit Bottles Manufacturers | Round Liquor Bottles Manufacturer\" \/>\n<meta property=\"og:description\" content=\"Ruisheng, One of the largest Empty Spirit Bottle Manufacturers in China, offer 700ml spirit bottles wholesale to Spirit companies,\" \/>\n<meta property=\"og:url\" content=\"https:\/\/ruishengglassco.com\/fr\/produit\/rs049700ml-bouteilles-de-spiritueux-en-gros\" \/>\n<meta property=\"article:publisher\" content=\"https:\/\/www.facebook.com\/ruishengglassbottles\" \/>\n<meta property=\"article:modified_time\" content=\"2025-07-17T01:12:43+00:00\" \/>\n<meta property=\"og:image\" content=\"https:\/\/ruishengglassco.com\/wp-content\/uploads\/2025\/03\/RS049-700ml-Spirit-Bottles-Wholesale.webp\" \/>\n\t<meta property=\"og:image:width\" content=\"800\" \/>\n\t<meta property=\"og:image:height\" content=\"800\" \/>\n\t<meta property=\"og:image:type\" content=\"image\/webp\" \/>\n<meta name=\"twitter:card\" content=\"summary_large_image\" \/>\n<meta name=\"twitter:label1\" content=\"Dur\u00e9e de lecture estim\u00e9e\" \/>\n\t<meta name=\"twitter:data1\" content=\"2 minutes\" \/>\n<script type=\"application\/ld+json\" class=\"yoast-schema-graph\">{\"@context\":\"https:\/\/schema.org\",\"@graph\":[{\"@type\":\"WebPage\",\"@id\":\"https:\/\/ruishengglassco.com\/product\/rs049700ml-spirit-bottles-wholesale\",\"url\":\"https:\/\/ruishengglassco.com\/product\/rs049700ml-spirit-bottles-wholesale\",\"name\":\"700ml Spirit Bottles Manufacturers | Round Liquor Bottles Manufacturer\",\"isPartOf\":{\"@id\":\"https:\/\/ruishengglassco.com\/#website\"},\"datePublished\":\"2025-03-15T04:06:25+00:00\",\"dateModified\":\"2025-07-17T01:12:43+00:00\",\"description\":\"Ruisheng, One of the largest Empty Spirit Bottle Manufacturers in China, offer 700ml spirit bottles wholesale to Spirit companies,\",\"breadcrumb\":{\"@id\":\"https:\/\/ruishengglassco.com\/product\/rs049700ml-spirit-bottles-wholesale#breadcrumb\"},\"inLanguage\":\"fr-FR\",\"potentialAction\":[{\"@type\":\"ReadAction\",\"target\":[\"https:\/\/ruishengglassco.com\/product\/rs049700ml-spirit-bottles-wholesale\"]}]},{\"@type\":\"BreadcrumbList\",\"@id\":\"https:\/\/ruishengglassco.com\/product\/rs049700ml-spirit-bottles-wholesale#breadcrumb\",\"itemListElement\":[{\"@type\":\"ListItem\",\"position\":1,\"name\":\"Home\",\"item\":\"https:\/\/ruishengglassco.com\/\"},{\"@type\":\"ListItem\",\"position\":2,\"name\":\"Products\",\"item\":\"https:\/\/ruishengglassco.com\/products\"},{\"@type\":\"ListItem\",\"position\":3,\"name\":\"RS049:700ml Spirit Bottles Manufacturers\"}]},{\"@type\":\"WebSite\",\"@id\":\"https:\/\/ruishengglassco.com\/#website\",\"url\":\"https:\/\/ruishengglassco.com\/\",\"name\":\"Ruisheng Glass\",\"description\":\"\",\"publisher\":{\"@id\":\"https:\/\/ruishengglassco.com\/#organization\"},\"potentialAction\":[{\"@type\":\"SearchAction\",\"target\":{\"@type\":\"EntryPoint\",\"urlTemplate\":\"https:\/\/ruishengglassco.com\/?s={search_term_string}\"},\"query-input\":\"required name=search_term_string\"}],\"inLanguage\":\"fr-FR\"},{\"@type\":\"Organization\",\"@id\":\"https:\/\/ruishengglassco.com\/#organization\",\"name\":\"Shandong Yuncheng Ruisheng Glass Co., Ltd\",\"url\":\"https:\/\/ruishengglassco.com\/\",\"logo\":{\"@type\":\"ImageObject\",\"inLanguage\":\"fr-FR\",\"@id\":\"https:\/\/ruishengglassco.com\/#\/schema\/logo\/image\/\",\"url\":\"https:\/\/ruishengglassco.com\/wp-content\/uploads\/2023\/09\/ruisheng_logo_icon.webp\",\"contentUrl\":\"https:\/\/ruishengglassco.com\/wp-content\/uploads\/2023\/09\/ruisheng_logo_icon.webp\",\"width\":400,\"height\":233,\"caption\":\"Shandong Yuncheng Ruisheng Glass Co., Ltd\"},\"image\":{\"@id\":\"https:\/\/ruishengglassco.com\/#\/schema\/logo\/image\/\"},\"sameAs\":[\"https:\/\/www.facebook.com\/ruishengglassbottles\",\"https:\/\/www.instagram.com\/Ruishengglassbottlewholesales\/\",\"https:\/\/www.youtube.com\/channel\/UCMmbMNGwsL-XrtjfSFLCdVQ\"]}]}<\/script>\n<!-- \/ Yoast SEO plugin. -->","yoast_head_json":{"title":"700ml Spirit Bottles Manufacturers | Round Liquor Bottles Manufacturer","description":"Ruisheng, One of the largest Empty Spirit Bottle Manufacturers in China, offer 700ml spirit bottles wholesale to Spirit companies,","robots":{"index":"index","follow":"follow","max-snippet":"max-snippet:-1","max-image-preview":"max-image-preview:large","max-video-preview":"max-video-preview:-1"},"canonical":"https:\/\/ruishengglassco.com\/fr\/produit\/rs049700ml-bouteilles-de-spiritueux-en-gros","og_locale":"fr_FR","og_type":"article","og_title":"700ml Spirit Bottles Manufacturers | Round Liquor Bottles Manufacturer","og_description":"Ruisheng, One of the largest Empty Spirit Bottle Manufacturers in China, offer 700ml spirit bottles wholesale to Spirit companies,","og_url":"https:\/\/ruishengglassco.com\/fr\/produit\/rs049700ml-bouteilles-de-spiritueux-en-gros","article_publisher":"https:\/\/www.facebook.com\/ruishengglassbottles","article_modified_time":"2025-07-17T01:12:43+00:00","og_image":[{"width":800,"height":800,"url":"https:\/\/ruishengglassco.com\/wp-content\/uploads\/2025\/03\/RS049-700ml-Spirit-Bottles-Wholesale.webp","type":"image\/webp"}],"twitter_card":"summary_large_image","twitter_misc":{"Dur\u00e9e de lecture estim\u00e9e":"2 minutes"},"schema":{"@context":"https:\/\/schema.org","@graph":[{"@type":"WebPage","@id":"https:\/\/ruishengglassco.com\/product\/rs049700ml-spirit-bottles-wholesale","url":"https:\/\/ruishengglassco.com\/product\/rs049700ml-spirit-bottles-wholesale","name":"700ml Spirit Bottles Manufacturers | Round Liquor Bottles Manufacturer","isPartOf":{"@id":"https:\/\/ruishengglassco.com\/#website"},"datePublished":"2025-03-15T04:06:25+00:00","dateModified":"2025-07-17T01:12:43+00:00","description":"Ruisheng, One of the largest Empty Spirit Bottle Manufacturers in China, offer 700ml spirit bottles wholesale to Spirit companies,","breadcrumb":{"@id":"https:\/\/ruishengglassco.com\/product\/rs049700ml-spirit-bottles-wholesale#breadcrumb"},"inLanguage":"fr-FR","potentialAction":[{"@type":"ReadAction","target":["https:\/\/ruishengglassco.com\/product\/rs049700ml-spirit-bottles-wholesale"]}]},{"@type":"BreadcrumbList","@id":"https:\/\/ruishengglassco.com\/product\/rs049700ml-spirit-bottles-wholesale#breadcrumb","itemListElement":[{"@type":"ListItem","position":1,"name":"Home","item":"https:\/\/ruishengglassco.com\/"},{"@type":"ListItem","position":2,"name":"Products","item":"https:\/\/ruishengglassco.com\/products"},{"@type":"ListItem","position":3,"name":"RS049:700ml Spirit Bottles Manufacturers"}]},{"@type":"WebSite","@id":"https:\/\/ruishengglassco.com\/#website","url":"https:\/\/ruishengglassco.com\/","name":"Ruisheng Glass","description":"","publisher":{"@id":"https:\/\/ruishengglassco.com\/#organization"},"potentialAction":[{"@type":"SearchAction","target":{"@type":"EntryPoint","urlTemplate":"https:\/\/ruishengglassco.com\/?s={search_term_string}"},"query-input":"required name=search_term_string"}],"inLanguage":"fr-FR"},{"@type":"Organization","@id":"https:\/\/ruishengglassco.com\/#organization","name":"Shandong Yuncheng Ruisheng Glass Co., Ltd","url":"https:\/\/ruishengglassco.com\/","logo":{"@type":"ImageObject","inLanguage":"fr-FR","@id":"https:\/\/ruishengglassco.com\/#\/schema\/logo\/image\/","url":"https:\/\/ruishengglassco.com\/wp-content\/uploads\/2023\/09\/ruisheng_logo_icon.webp","contentUrl":"https:\/\/ruishengglassco.com\/wp-content\/uploads\/2023\/09\/ruisheng_logo_icon.webp","width":400,"height":233,"caption":"Shandong Yuncheng Ruisheng Glass Co., Ltd"},"image":{"@id":"https:\/\/ruishengglassco.com\/#\/schema\/logo\/image\/"},"sameAs":["https:\/\/www.facebook.com\/ruishengglassbottles","https:\/\/www.instagram.com\/Ruishengglassbottlewholesales\/","https:\/\/www.youtube.com\/channel\/UCMmbMNGwsL-XrtjfSFLCdVQ"]}]}},"_links":{"self":[{"href":"https:\/\/ruishengglassco.com\/fr\/wp-json\/wp\/v2\/product\/4296","targetHints":{"allow":["GET"]}}],"collection":[{"href":"https:\/\/ruishengglassco.com\/fr\/wp-json\/wp\/v2\/product"}],"about":[{"href":"https:\/\/ruishengglassco.com\/fr\/wp-json\/wp\/v2\/types\/product"}],"replies":[{"embeddable":true,"href":"https:\/\/ruishengglassco.com\/fr\/wp-json\/wp\/v2\/comments?post=4296"}],"wp:featuredmedia":[{"embeddable":true,"href":"https:\/\/ruishengglassco.com\/fr\/wp-json\/wp\/v2\/media\/4297"}],"wp:attachment":[{"href":"https:\/\/ruishengglassco.com\/fr\/wp-json\/wp\/v2\/media?parent=4296"}],"wp:term":[{"taxonomy":"product_cat","embeddable":true,"href":"https:\/\/ruishengglassco.com\/fr\/wp-json\/wp\/v2\/product_cat?post=4296"}],"curies":[{"name":"wp","href":"https:\/\/api.w.org\/{rel}","templated":true}]}}