{"id":4294,"date":"2025-03-15T12:04:20","date_gmt":"2025-03-15T04:04:20","guid":{"rendered":"https:\/\/ruishengglassco.com\/?post_type=product&#038;p=4294"},"modified":"2025-09-11T16:10:53","modified_gmt":"2025-09-11T08:10:53","slug":"rs050-bouteilles-rondes-375ml-personnalisees-pour-vin-vodka-brandy","status":"publish","type":"product","link":"https:\/\/ruishengglassco.com\/fr\/produit\/rs050-bouteilles-rondes-375ml-personnalisees-pour-vin-vodka-brandy","title":{"rendered":"RS050 : Bouteilles rondes personnalis\u00e9es de 375ml pour le vin, la vodka et le brandy"},"content":{"rendered":"<p><span data-preserver-spaces=\"true\">Les bouteilles en verre rondes Boston personnalis\u00e9es font partie de nos bouteilles en verre les plus vendues. Ce magasin d'usine vend des bouteilles en verre de 375 ml \u00e0 de nombreux pays et r\u00e9gions, y compris l'Australie, les Am\u00e9riques, l'Europe et la Nouvelle-Z\u00e9lande, entre autres.\u00a0 <\/span><span data-preserver-spaces=\"true\">Cette bouteille vide en verre rond de Boston peut \u00eatre utilis\u00e9e<\/span><span data-preserver-spaces=\"true\"> pour contenir du vin, de la vodka, du brandy, du gin, du rhum et d'autres liquides.<\/span><\/p>\n<p><span data-preserver-spaces=\"true\">Nos bouteilles en verre de 375 ml sont disponibles en gros avec une finition bar top\/cork. Cette bouteille en verre \u00e0 vendre est une bouteille de vin traditionnelle de style nordique, avec une forme simple et ronde, id\u00e9ale pour l'\u00e9tiquetage. <\/span><span data-preserver-spaces=\"true\">Nous produisons ces bouteilles en verre de forme cylindrique pour <\/span><span data-preserver-spaces=\"true\">nombreux<\/span><span data-preserver-spaces=\"true\"> les soci\u00e9t\u00e9s de distillerie de <\/span><span data-preserver-spaces=\"true\">partout<\/span><span data-preserver-spaces=\"true\"> le monde.<\/span><span data-preserver-spaces=\"true\"> Nous proposons un bouchon de 19,5 mm, fix\u00e9 par friction sur la bouteille de vin en verre. Le poids de cette bouteille est de 420 g. Le poids lourd se caract\u00e9rise par une base \u00e9paisse et favorise un \u00e9l\u00e9ment de qualit\u00e9 sup\u00e9rieure.<\/span><\/p>\n<h2><span data-preserver-spaces=\"true\">Les d\u00e9tails des bouteilles de vin en verre de 375 ml<\/span><\/h2>\n<p><span data-preserver-spaces=\"true\">Le mat\u00e9riau de ces bouteilles de vin en verre est du verre \u00e0 haute teneur en silex, qui est le mat\u00e9riau de qualit\u00e9 sup\u00e9rieure pour les bouteilles en verre.<\/span><\/p>\n<p><span data-preserver-spaces=\"true\">La liqueur vide <\/span><span data-preserver-spaces=\"true\">diam\u00e8tre de la bouteille<\/span><span data-preserver-spaces=\"true\"> est de 75 mm et la hauteur de la bouteille est de 175 mm.<\/span><span data-preserver-spaces=\"true\"> La finition du col est en li\u00e8ge. Nous pouvons \u00e9galement modifier la finition du col pour en faire un bouchon \u00e0 vis si vous le souhaitez.<\/span><\/p>\n<p><span data-preserver-spaces=\"true\">En ce qui concerne la m\u00e9thode d'emballage de ces bouteilles en verre en vrac de 375 ml, trois options s'offrent \u00e0 nous. La premi\u00e8re est l'emballage en carton. Nous utilisons g\u00e9n\u00e9ralement un carton d'exportation standard pour emballer cette bouteille. <\/span><span data-preserver-spaces=\"true\">est <\/span><span data-preserver-spaces=\"true\">fait<\/span><span data-preserver-spaces=\"true\"> de<\/span><span data-preserver-spaces=\"true\"> papier ondul\u00e9 \u00e0 cinq couches. Sur ce carton, il suffit d'\u00e9crire le nom, la capacit\u00e9 et le nombre de bouteilles de la bouteille en verre. <\/span><span data-preserver-spaces=\"true\">Si vous voulez <\/span><span data-preserver-spaces=\"true\">faire votre<\/span><span data-preserver-spaces=\"true\"> bo\u00eete de couleur personnalis\u00e9e, nous pouvons \u00e9galement <\/span><span data-preserver-spaces=\"true\">faire<\/span><span data-preserver-spaces=\"true\"> il.<\/span><\/p>\n<p><span data-preserver-spaces=\"true\">Le deuxi\u00e8me mode d'emballage de ces bouteilles en verre est la palette. Notre palette est exempte de fumigation. Cette m\u00e9thode est <\/span><span data-preserver-spaces=\"true\">tr\u00e8s facile<\/span><span data-preserver-spaces=\"true\"> de transporter les bouteilles en verre et de gagner beaucoup de temps.<\/span><\/p>\n<p><span data-preserver-spaces=\"true\">Le dernier mode d'emballage pour ces bouteilles est une combinaison du premier et du deuxi\u00e8me mode. <\/span><span data-preserver-spaces=\"true\">C'est le plus s\u00fbr <\/span><span data-preserver-spaces=\"true\">mani\u00e8re<\/span><span data-preserver-spaces=\"true\"> pour <\/span><span data-preserver-spaces=\"true\">emballage de bouteilles en verre<\/span><span data-preserver-spaces=\"true\">.<\/span><\/p>\n<p><span data-preserver-spaces=\"true\">Si vous \u00eates int\u00e9ress\u00e9 par <\/span><span data-preserver-spaces=\"true\">l'achat<\/span><span data-preserver-spaces=\"true\"> Boston Round Glass Bottles Wholesale 375ml, please leave a message here to <\/span><span data-preserver-spaces=\"true\">obtenir<\/span><span data-preserver-spaces=\"true\"> les d\u00e9tails.<\/span><\/p>","protected":false},"excerpt":{"rendered":"<table class=\"tg\">\n<tbody>\n<tr>\n<th class=\"tg-24i8\" colspan=\"2\">Bouteilles en verre rondes Boston 375ml personnalis\u00e9es Wholesale<\/th>\n<\/tr>\n<tr>\n<td class=\"tg-b7b8\">R\u00e9f\u00e9rence :<\/td>\n<td class=\"tg-b7b8\">RS050<\/td>\n<\/tr>\n<tr>\n<td class=\"tg-yw4l\">Mat\u00e9riau principal :<\/td>\n<td class=\"tg-yw4l\">Verre \u00e0 haute teneur en silex (ce mat\u00e9riau est \u00e9galement appel\u00e9 verre blanc cristallin)<\/td>\n<\/tr>\n<tr>\n<td class=\"tg-b7b8\">Cap :<\/td>\n<td class=\"tg-b7b8\">Capuchon de li\u00e8ge\/couronne<\/td>\n<\/tr>\n<tr>\n<td class=\"tg-yw4l\">Capacit\u00e9 :<\/td>\n<td class=\"tg-yw4l\">375ml<\/td>\n<\/tr>\n<tr>\n<td class=\"tg-b7b8\">Fonctionnalit\u00e9 :<\/td>\n<td class=\"tg-b7b8\">Respect de l'environnement<\/td>\n<\/tr>\n<tr>\n<td class=\"tg-yw4l\">MOQ :<\/td>\n<td class=\"tg-yw4l\">10000 PCS<\/td>\n<\/tr>\n<tr>\n<td class=\"tg-b7b8\">Mode d'emballage :<\/td>\n<td class=\"tg-b7b8\">Carton standard pour l'exportation \/ Palette \/ carton standard pour l'exportation et palette<\/td>\n<\/tr>\n<tr>\n<td class=\"tg-yw4l\">OEM\/ODM :<\/td>\n<td class=\"tg-yw4l\">Bienvenue<\/td>\n<\/tr>\n<tr>\n<td class=\"tg-b7b8\">Origine du lieu :<\/td>\n<td class=\"tg-b7b8\">Shandong, Chine<\/td>\n<\/tr>\n<tr>\n<td class=\"tg-yw4l\">Pcs\/Ctn :<\/td>\n<td class=\"tg-yw4l\">24pcs ou selon la demande du client<\/td>\n<\/tr>\n<\/tbody>\n<\/table>","protected":false},"featured_media":4295,"comment_status":"closed","ping_status":"closed","template":"","meta":[],"product_cat":[55,58,52],"class_list":{"0":"post-4294","1":"product","2":"type-product","3":"status-publish","4":"has-post-thumbnail","6":"product_cat-375ml-liquor-bottle-manufacturer","7":"product_cat-brandy-bottle","8":"product_cat-vodka-bottle","10":"first","11":"instock","12":"shipping-taxable","13":"product-type-simple"},"yoast_head":"<!-- This site is optimized with the Yoast SEO plugin v22.0 - https:\/\/yoast.com\/wordpress\/plugins\/seo\/ -->\n<title>Boston Round Glass Bottles Manufacturers | Bulk Glass Flask Bottles<\/title>\n<meta name=\"description\" content=\"Buy Boston Round Glass Bottles Wholesale Always in Lowest Price! 50ml, 250ml, 750ml, 1000ml(from 2 oz to 32 oz) Glass Flask Bottles For Wine\/Vodka\/Brandy\" \/>\n<meta name=\"robots\" content=\"index, follow, max-snippet:-1, max-image-preview:large, max-video-preview:-1\" \/>\n<link rel=\"canonical\" href=\"https:\/\/ruishengglassco.com\/fr\/produit\/rs050-bouteilles-rondes-375ml-personnalisees-pour-vin-vodka-brandy\" \/>\n<meta property=\"og:locale\" content=\"fr_FR\" \/>\n<meta property=\"og:type\" content=\"article\" \/>\n<meta property=\"og:title\" content=\"Boston Round Glass Bottles Manufacturers | Bulk Glass Flask Bottles\" \/>\n<meta property=\"og:description\" content=\"Buy Boston Round Glass Bottles Wholesale Always in Lowest Price! 50ml, 250ml, 750ml, 1000ml(from 2 oz to 32 oz) Glass Flask Bottles For Wine\/Vodka\/Brandy\" \/>\n<meta property=\"og:url\" content=\"https:\/\/ruishengglassco.com\/fr\/produit\/rs050-bouteilles-rondes-375ml-personnalisees-pour-vin-vodka-brandy\" \/>\n<meta property=\"article:publisher\" content=\"https:\/\/www.facebook.com\/ruishengglassbottles\" \/>\n<meta property=\"article:modified_time\" content=\"2025-09-11T08:10:53+00:00\" \/>\n<meta property=\"og:image\" content=\"https:\/\/ruishengglassco.com\/wp-content\/uploads\/2025\/03\/RS050-Customized-Boston-Round-375ml-Bottles-Wholesale-For-Wine-Vodka-Brandy.webp\" \/>\n\t<meta property=\"og:image:width\" content=\"800\" \/>\n\t<meta property=\"og:image:height\" content=\"800\" \/>\n\t<meta property=\"og:image:type\" content=\"image\/webp\" \/>\n<meta name=\"twitter:card\" content=\"summary_large_image\" \/>\n<meta name=\"twitter:label1\" content=\"Dur\u00e9e de lecture estim\u00e9e\" \/>\n\t<meta name=\"twitter:data1\" content=\"2 minutes\" \/>\n<script type=\"application\/ld+json\" class=\"yoast-schema-graph\">{\"@context\":\"https:\/\/schema.org\",\"@graph\":[{\"@type\":\"WebPage\",\"@id\":\"https:\/\/ruishengglassco.com\/product\/rs050-customized-boston-round-375ml-bottles-for-wine-vodka-brandy\",\"url\":\"https:\/\/ruishengglassco.com\/product\/rs050-customized-boston-round-375ml-bottles-for-wine-vodka-brandy\",\"name\":\"Boston Round Glass Bottles Manufacturers | Bulk Glass Flask Bottles\",\"isPartOf\":{\"@id\":\"https:\/\/ruishengglassco.com\/#website\"},\"datePublished\":\"2025-03-15T04:04:20+00:00\",\"dateModified\":\"2025-09-11T08:10:53+00:00\",\"description\":\"Buy Boston Round Glass Bottles Wholesale Always in Lowest Price! 50ml, 250ml, 750ml, 1000ml(from 2 oz to 32 oz) Glass Flask Bottles For Wine\/Vodka\/Brandy\",\"breadcrumb\":{\"@id\":\"https:\/\/ruishengglassco.com\/product\/rs050-customized-boston-round-375ml-bottles-for-wine-vodka-brandy#breadcrumb\"},\"inLanguage\":\"fr-FR\",\"potentialAction\":[{\"@type\":\"ReadAction\",\"target\":[\"https:\/\/ruishengglassco.com\/product\/rs050-customized-boston-round-375ml-bottles-for-wine-vodka-brandy\"]}]},{\"@type\":\"BreadcrumbList\",\"@id\":\"https:\/\/ruishengglassco.com\/product\/rs050-customized-boston-round-375ml-bottles-for-wine-vodka-brandy#breadcrumb\",\"itemListElement\":[{\"@type\":\"ListItem\",\"position\":1,\"name\":\"Home\",\"item\":\"https:\/\/ruishengglassco.com\/\"},{\"@type\":\"ListItem\",\"position\":2,\"name\":\"Products\",\"item\":\"https:\/\/ruishengglassco.com\/products\"},{\"@type\":\"ListItem\",\"position\":3,\"name\":\"RS050: Customized Boston Round 375ml Bottles For Wine\/Vodka\/Brandy\"}]},{\"@type\":\"WebSite\",\"@id\":\"https:\/\/ruishengglassco.com\/#website\",\"url\":\"https:\/\/ruishengglassco.com\/\",\"name\":\"Ruisheng Glass\",\"description\":\"\",\"publisher\":{\"@id\":\"https:\/\/ruishengglassco.com\/#organization\"},\"potentialAction\":[{\"@type\":\"SearchAction\",\"target\":{\"@type\":\"EntryPoint\",\"urlTemplate\":\"https:\/\/ruishengglassco.com\/?s={search_term_string}\"},\"query-input\":\"required name=search_term_string\"}],\"inLanguage\":\"fr-FR\"},{\"@type\":\"Organization\",\"@id\":\"https:\/\/ruishengglassco.com\/#organization\",\"name\":\"Shandong Yuncheng Ruisheng Glass Co., Ltd\",\"url\":\"https:\/\/ruishengglassco.com\/\",\"logo\":{\"@type\":\"ImageObject\",\"inLanguage\":\"fr-FR\",\"@id\":\"https:\/\/ruishengglassco.com\/#\/schema\/logo\/image\/\",\"url\":\"https:\/\/ruishengglassco.com\/wp-content\/uploads\/2023\/09\/ruisheng_logo_icon.webp\",\"contentUrl\":\"https:\/\/ruishengglassco.com\/wp-content\/uploads\/2023\/09\/ruisheng_logo_icon.webp\",\"width\":400,\"height\":233,\"caption\":\"Shandong Yuncheng Ruisheng Glass Co., Ltd\"},\"image\":{\"@id\":\"https:\/\/ruishengglassco.com\/#\/schema\/logo\/image\/\"},\"sameAs\":[\"https:\/\/www.facebook.com\/ruishengglassbottles\",\"https:\/\/www.instagram.com\/Ruishengglassbottlewholesales\/\",\"https:\/\/www.youtube.com\/channel\/UCMmbMNGwsL-XrtjfSFLCdVQ\"]}]}<\/script>\n<!-- \/ Yoast SEO plugin. -->","yoast_head_json":{"title":"Boston Round Glass Bottles Manufacturers | Bulk Glass Flask Bottles","description":"Buy Boston Round Glass Bottles Wholesale Always in Lowest Price! 50ml, 250ml, 750ml, 1000ml(from 2 oz to 32 oz) Glass Flask Bottles For Wine\/Vodka\/Brandy","robots":{"index":"index","follow":"follow","max-snippet":"max-snippet:-1","max-image-preview":"max-image-preview:large","max-video-preview":"max-video-preview:-1"},"canonical":"https:\/\/ruishengglassco.com\/fr\/produit\/rs050-bouteilles-rondes-375ml-personnalisees-pour-vin-vodka-brandy","og_locale":"fr_FR","og_type":"article","og_title":"Boston Round Glass Bottles Manufacturers | Bulk Glass Flask Bottles","og_description":"Buy Boston Round Glass Bottles Wholesale Always in Lowest Price! 50ml, 250ml, 750ml, 1000ml(from 2 oz to 32 oz) Glass Flask Bottles For Wine\/Vodka\/Brandy","og_url":"https:\/\/ruishengglassco.com\/fr\/produit\/rs050-bouteilles-rondes-375ml-personnalisees-pour-vin-vodka-brandy","article_publisher":"https:\/\/www.facebook.com\/ruishengglassbottles","article_modified_time":"2025-09-11T08:10:53+00:00","og_image":[{"width":800,"height":800,"url":"https:\/\/ruishengglassco.com\/wp-content\/uploads\/2025\/03\/RS050-Customized-Boston-Round-375ml-Bottles-Wholesale-For-Wine-Vodka-Brandy.webp","type":"image\/webp"}],"twitter_card":"summary_large_image","twitter_misc":{"Dur\u00e9e de lecture estim\u00e9e":"2 minutes"},"schema":{"@context":"https:\/\/schema.org","@graph":[{"@type":"WebPage","@id":"https:\/\/ruishengglassco.com\/product\/rs050-customized-boston-round-375ml-bottles-for-wine-vodka-brandy","url":"https:\/\/ruishengglassco.com\/product\/rs050-customized-boston-round-375ml-bottles-for-wine-vodka-brandy","name":"Boston Round Glass Bottles Manufacturers | Bulk Glass Flask Bottles","isPartOf":{"@id":"https:\/\/ruishengglassco.com\/#website"},"datePublished":"2025-03-15T04:04:20+00:00","dateModified":"2025-09-11T08:10:53+00:00","description":"Buy Boston Round Glass Bottles Wholesale Always in Lowest Price! 50ml, 250ml, 750ml, 1000ml(from 2 oz to 32 oz) Glass Flask Bottles For Wine\/Vodka\/Brandy","breadcrumb":{"@id":"https:\/\/ruishengglassco.com\/product\/rs050-customized-boston-round-375ml-bottles-for-wine-vodka-brandy#breadcrumb"},"inLanguage":"fr-FR","potentialAction":[{"@type":"ReadAction","target":["https:\/\/ruishengglassco.com\/product\/rs050-customized-boston-round-375ml-bottles-for-wine-vodka-brandy"]}]},{"@type":"BreadcrumbList","@id":"https:\/\/ruishengglassco.com\/product\/rs050-customized-boston-round-375ml-bottles-for-wine-vodka-brandy#breadcrumb","itemListElement":[{"@type":"ListItem","position":1,"name":"Home","item":"https:\/\/ruishengglassco.com\/"},{"@type":"ListItem","position":2,"name":"Products","item":"https:\/\/ruishengglassco.com\/products"},{"@type":"ListItem","position":3,"name":"RS050: Customized Boston Round 375ml Bottles For Wine\/Vodka\/Brandy"}]},{"@type":"WebSite","@id":"https:\/\/ruishengglassco.com\/#website","url":"https:\/\/ruishengglassco.com\/","name":"Ruisheng Glass","description":"","publisher":{"@id":"https:\/\/ruishengglassco.com\/#organization"},"potentialAction":[{"@type":"SearchAction","target":{"@type":"EntryPoint","urlTemplate":"https:\/\/ruishengglassco.com\/?s={search_term_string}"},"query-input":"required name=search_term_string"}],"inLanguage":"fr-FR"},{"@type":"Organization","@id":"https:\/\/ruishengglassco.com\/#organization","name":"Shandong Yuncheng Ruisheng Glass Co., Ltd","url":"https:\/\/ruishengglassco.com\/","logo":{"@type":"ImageObject","inLanguage":"fr-FR","@id":"https:\/\/ruishengglassco.com\/#\/schema\/logo\/image\/","url":"https:\/\/ruishengglassco.com\/wp-content\/uploads\/2023\/09\/ruisheng_logo_icon.webp","contentUrl":"https:\/\/ruishengglassco.com\/wp-content\/uploads\/2023\/09\/ruisheng_logo_icon.webp","width":400,"height":233,"caption":"Shandong Yuncheng Ruisheng Glass Co., Ltd"},"image":{"@id":"https:\/\/ruishengglassco.com\/#\/schema\/logo\/image\/"},"sameAs":["https:\/\/www.facebook.com\/ruishengglassbottles","https:\/\/www.instagram.com\/Ruishengglassbottlewholesales\/","https:\/\/www.youtube.com\/channel\/UCMmbMNGwsL-XrtjfSFLCdVQ"]}]}},"_links":{"self":[{"href":"https:\/\/ruishengglassco.com\/fr\/wp-json\/wp\/v2\/product\/4294","targetHints":{"allow":["GET"]}}],"collection":[{"href":"https:\/\/ruishengglassco.com\/fr\/wp-json\/wp\/v2\/product"}],"about":[{"href":"https:\/\/ruishengglassco.com\/fr\/wp-json\/wp\/v2\/types\/product"}],"replies":[{"embeddable":true,"href":"https:\/\/ruishengglassco.com\/fr\/wp-json\/wp\/v2\/comments?post=4294"}],"wp:featuredmedia":[{"embeddable":true,"href":"https:\/\/ruishengglassco.com\/fr\/wp-json\/wp\/v2\/media\/4295"}],"wp:attachment":[{"href":"https:\/\/ruishengglassco.com\/fr\/wp-json\/wp\/v2\/media?parent=4294"}],"wp:term":[{"taxonomy":"product_cat","embeddable":true,"href":"https:\/\/ruishengglassco.com\/fr\/wp-json\/wp\/v2\/product_cat?post=4294"}],"curies":[{"name":"wp","href":"https:\/\/api.w.org\/{rel}","templated":true}]}}