{"id":4292,"date":"2025-03-15T12:02:32","date_gmt":"2025-03-15T04:02:32","guid":{"rendered":"https:\/\/ruishengglassco.com\/?post_type=product&#038;p=4292"},"modified":"2025-09-11T16:47:23","modified_gmt":"2025-09-11T08:47:23","slug":"rs052-insolite-bouteille-en-verre-de-brandy-vide-avec-bouchon-fournisseur","status":"publish","type":"product","link":"https:\/\/ruishengglassco.com\/fr\/produit\/rs052-insolite-bouteille-en-verre-de-brandy-vide-avec-bouchon-fournisseur","title":{"rendered":"RS052 : Bouteille vide en verre de brandy avec bouchon Fournisseur"},"content":{"rendered":"<h2>Bienvenue \u00e0 votre commande de Bouteille en verre de brandy avec bouchon Fournisseur<\/h2>\n<p>Cette bouteille de brandy en verre avec bouchon, disponible en gros, pr\u00e9sente une forme unique. Nous pouvons y imprimer votre logo et la peindre dans la couleur de votre choix. Notre soci\u00e9t\u00e9 dispose d'une grande exp\u00e9rience, vous pouvez donc nous faire confiance pour produire des bouteilles en verre de haute qualit\u00e9.<\/p>\n<p>Les mati\u00e8res premi\u00e8res de nos bouteilles en verre proviennent de leur origine, puis sont rigoureusement s\u00e9lectionn\u00e9es par notre personnel \u00e0 l'aide d'\u00e9quipements haut de gamme afin de produire des bouteilles de grande qualit\u00e9.<\/p>\n<p>Nous proposons \u00e9galement d'autres capacit\u00e9s de cette bouteille en verre, telles que 500 ml, 700 ml et 1000 ml. Notre soci\u00e9t\u00e9 accepte \u00e9galement les bouteilles personnalis\u00e9es ; nous pouvons r\u00e9aliser ce que vous voulez. Nous pouvons peindre la bouteille dans la couleur que vous souhaitez. Notre soci\u00e9t\u00e9 insiste toujours sur la qualit\u00e9 avant tout ; vous pouvez compter sur nous pour fabriquer un bon produit.<\/p>\n<p>Nous sommes l'un des principaux fabricants et fournisseurs de bouteilles d'alcool. Nous proposons plus de 200 types de bouteilles, comme des bouteilles de whisky, de brandy, de confiture, d'eau et de lait. Apr\u00e8s dix ans de croissance, les bouteilles en verre de Ruisheng sont aujourd'hui pr\u00e9sentes dans plus de 50 pays \u00e0 travers le monde. Les \u00c9tats-Unis, le Royaume-Uni, le Canada, l'Australie, la France, l'Espagne et d'autres pays constituent nos principaux march\u00e9s.<\/p>\n<h2>Les informations concernant la bouteille en verre sont les suivantes :<\/h2>\n<ul>\n<li>Mat\u00e9riau principal : verre \u00e0 haute teneur en silex<\/li>\n<li>Casquette : Casquette Guala<\/li>\n<li>R\u00e9f\u00e9rence : RS052<\/li>\n<li>MOQ : 10000 PCS<\/li>\n<li>Capacit\u00e9 : 700ml<\/li>\n<li>Pcs\/Ctn : 24pcs<\/li>\n<li>Origine du lieu : Shandong, Chine<\/li>\n<li>Caract\u00e9ristique : Respectueux de l'environnement<\/li>\n<\/ul>\n<p>Cette bouteille est notre sp\u00e9cialit\u00e9, mais nous avons aussi des bouteilles d'autres formes. Nous avons des bouteilles cylindriques, carr\u00e9es, en forme de c\u0153ur, etc.<\/p>\n<p>Si vous souhaitez obtenir de plus amples informations sur la vente en gros de bouteilles en verre avec bouchon, n'h\u00e9sitez pas \u00e0 nous contacter. Nous vous r\u00e9pondrons dans les 24 heures.<\/p>","protected":false},"excerpt":{"rendered":"<p data-block-id=\"149f43d0-bb6f-44a7-81fe-8369ceee64e7\" data-pm-slice=\"1 1 []\">Bouteille de brandy vide avec bouchon, de forme inhabituelle, vendue en gros par une usine chinoise de bouteilles de liqueur. Bouteille en verre transparent avec un grand ventre pour l'emballage du brandy. Capacit\u00e9 de 700 ml. Id\u00e9ale pour le conditionnement du brandy, du whisky, de la vodka, du gin et d'autres spiritueux. Les d\u00e9tails de cette bouteille de brandy vide sont indiqu\u00e9s ci-dessous :<\/p>\n<ul>\n<li>R\u00e9f\u00e9rence : R-021<\/li>\n<li><strong>MOQ : 10000 PCS<\/strong><\/li>\n<li>Couleur : Transparent<\/li>\n<li>Poids : 680g<\/li>\n<li>Hauteur : 220 mm<\/li>\n<li>Service personnalis\u00e9 offert avec \u00e9chantillon gratuit<\/li>\n<\/ul>\n<p>Contactez-nous pour obtenir le prix de gros de la bouteille de brandy.<\/p>","protected":false},"featured_media":4293,"comment_status":"closed","ping_status":"closed","template":"","meta":[],"product_cat":[40],"class_list":{"0":"post-4292","1":"product","2":"type-product","3":"status-publish","4":"has-post-thumbnail","6":"product_cat-750ml-liquor-bottle-manufacturer","8":"first","9":"instock","10":"shipping-taxable","11":"product-type-simple"},"yoast_head":"<!-- This site is optimized with the Yoast SEO plugin v22.0 - https:\/\/yoast.com\/wordpress\/plugins\/seo\/ -->\n<title>Brandy Glass Bottle With Stopper Supplier | 25 OZ Liquor Bottle Supplier<\/title>\n<meta name=\"description\" content=\"Buy Brandy Glass Bottle With Stopper Supplier From China Liquor Bottle Mnaufacturers. Factory Outlet 750ml\/25 oz Glass Gottle With Custom Service.\" \/>\n<meta name=\"robots\" content=\"index, follow, max-snippet:-1, max-image-preview:large, max-video-preview:-1\" \/>\n<link rel=\"canonical\" href=\"https:\/\/ruishengglassco.com\/fr\/produit\/rs052-insolite-bouteille-en-verre-de-brandy-vide-avec-bouchon-fournisseur\" \/>\n<meta property=\"og:locale\" content=\"fr_FR\" \/>\n<meta property=\"og:type\" content=\"article\" \/>\n<meta property=\"og:title\" content=\"Brandy Glass Bottle With Stopper Supplier | 25 OZ Liquor Bottle Supplier\" \/>\n<meta property=\"og:description\" content=\"Buy Brandy Glass Bottle With Stopper Supplier From China Liquor Bottle Mnaufacturers. Factory Outlet 750ml\/25 oz Glass Gottle With Custom Service.\" \/>\n<meta property=\"og:url\" content=\"https:\/\/ruishengglassco.com\/fr\/produit\/rs052-insolite-bouteille-en-verre-de-brandy-vide-avec-bouchon-fournisseur\" \/>\n<meta property=\"article:publisher\" content=\"https:\/\/www.facebook.com\/ruishengglassbottles\" \/>\n<meta property=\"article:modified_time\" content=\"2025-09-11T08:47:23+00:00\" \/>\n<meta property=\"og:image\" content=\"https:\/\/ruishengglassco.com\/wp-content\/uploads\/2025\/03\/RS052-Unusual-Empty-Brandy-Glass-Bottle-With-Stopper-Wholesale.webp\" \/>\n\t<meta property=\"og:image:width\" content=\"800\" \/>\n\t<meta property=\"og:image:height\" content=\"800\" \/>\n\t<meta property=\"og:image:type\" content=\"image\/webp\" \/>\n<meta name=\"twitter:card\" content=\"summary_large_image\" \/>\n<meta name=\"twitter:label1\" content=\"Dur\u00e9e de lecture estim\u00e9e\" \/>\n\t<meta name=\"twitter:data1\" content=\"2 minutes\" \/>\n<script type=\"application\/ld+json\" class=\"yoast-schema-graph\">{\"@context\":\"https:\/\/schema.org\",\"@graph\":[{\"@type\":\"WebPage\",\"@id\":\"https:\/\/ruishengglassco.com\/product\/rs052-unusual-empty-brandy-glass-bottle-with-stopper-supplier\",\"url\":\"https:\/\/ruishengglassco.com\/product\/rs052-unusual-empty-brandy-glass-bottle-with-stopper-supplier\",\"name\":\"Brandy Glass Bottle With Stopper Supplier | 25 OZ Liquor Bottle Supplier\",\"isPartOf\":{\"@id\":\"https:\/\/ruishengglassco.com\/#website\"},\"datePublished\":\"2025-03-15T04:02:32+00:00\",\"dateModified\":\"2025-09-11T08:47:23+00:00\",\"description\":\"Buy Brandy Glass Bottle With Stopper Supplier From China Liquor Bottle Mnaufacturers. Factory Outlet 750ml\/25 oz Glass Gottle With Custom Service.\",\"breadcrumb\":{\"@id\":\"https:\/\/ruishengglassco.com\/product\/rs052-unusual-empty-brandy-glass-bottle-with-stopper-supplier#breadcrumb\"},\"inLanguage\":\"fr-FR\",\"potentialAction\":[{\"@type\":\"ReadAction\",\"target\":[\"https:\/\/ruishengglassco.com\/product\/rs052-unusual-empty-brandy-glass-bottle-with-stopper-supplier\"]}]},{\"@type\":\"BreadcrumbList\",\"@id\":\"https:\/\/ruishengglassco.com\/product\/rs052-unusual-empty-brandy-glass-bottle-with-stopper-supplier#breadcrumb\",\"itemListElement\":[{\"@type\":\"ListItem\",\"position\":1,\"name\":\"Home\",\"item\":\"https:\/\/ruishengglassco.com\/\"},{\"@type\":\"ListItem\",\"position\":2,\"name\":\"Products\",\"item\":\"https:\/\/ruishengglassco.com\/products\"},{\"@type\":\"ListItem\",\"position\":3,\"name\":\"RS052: Unusual Empty Brandy Glass Bottle With Stopper Supplier\"}]},{\"@type\":\"WebSite\",\"@id\":\"https:\/\/ruishengglassco.com\/#website\",\"url\":\"https:\/\/ruishengglassco.com\/\",\"name\":\"Ruisheng Glass\",\"description\":\"\",\"publisher\":{\"@id\":\"https:\/\/ruishengglassco.com\/#organization\"},\"potentialAction\":[{\"@type\":\"SearchAction\",\"target\":{\"@type\":\"EntryPoint\",\"urlTemplate\":\"https:\/\/ruishengglassco.com\/?s={search_term_string}\"},\"query-input\":\"required name=search_term_string\"}],\"inLanguage\":\"fr-FR\"},{\"@type\":\"Organization\",\"@id\":\"https:\/\/ruishengglassco.com\/#organization\",\"name\":\"Shandong Yuncheng Ruisheng Glass Co., Ltd\",\"url\":\"https:\/\/ruishengglassco.com\/\",\"logo\":{\"@type\":\"ImageObject\",\"inLanguage\":\"fr-FR\",\"@id\":\"https:\/\/ruishengglassco.com\/#\/schema\/logo\/image\/\",\"url\":\"https:\/\/ruishengglassco.com\/wp-content\/uploads\/2023\/09\/ruisheng_logo_icon.webp\",\"contentUrl\":\"https:\/\/ruishengglassco.com\/wp-content\/uploads\/2023\/09\/ruisheng_logo_icon.webp\",\"width\":400,\"height\":233,\"caption\":\"Shandong Yuncheng Ruisheng Glass Co., Ltd\"},\"image\":{\"@id\":\"https:\/\/ruishengglassco.com\/#\/schema\/logo\/image\/\"},\"sameAs\":[\"https:\/\/www.facebook.com\/ruishengglassbottles\",\"https:\/\/www.instagram.com\/Ruishengglassbottlewholesales\/\",\"https:\/\/www.youtube.com\/channel\/UCMmbMNGwsL-XrtjfSFLCdVQ\"]}]}<\/script>\n<!-- \/ Yoast SEO plugin. -->","yoast_head_json":{"title":"Brandy Glass Bottle With Stopper Supplier | 25 OZ Liquor Bottle Supplier","description":"Buy Brandy Glass Bottle With Stopper Supplier From China Liquor Bottle Mnaufacturers. Factory Outlet 750ml\/25 oz Glass Gottle With Custom Service.","robots":{"index":"index","follow":"follow","max-snippet":"max-snippet:-1","max-image-preview":"max-image-preview:large","max-video-preview":"max-video-preview:-1"},"canonical":"https:\/\/ruishengglassco.com\/fr\/produit\/rs052-insolite-bouteille-en-verre-de-brandy-vide-avec-bouchon-fournisseur","og_locale":"fr_FR","og_type":"article","og_title":"Brandy Glass Bottle With Stopper Supplier | 25 OZ Liquor Bottle Supplier","og_description":"Buy Brandy Glass Bottle With Stopper Supplier From China Liquor Bottle Mnaufacturers. Factory Outlet 750ml\/25 oz Glass Gottle With Custom Service.","og_url":"https:\/\/ruishengglassco.com\/fr\/produit\/rs052-insolite-bouteille-en-verre-de-brandy-vide-avec-bouchon-fournisseur","article_publisher":"https:\/\/www.facebook.com\/ruishengglassbottles","article_modified_time":"2025-09-11T08:47:23+00:00","og_image":[{"width":800,"height":800,"url":"https:\/\/ruishengglassco.com\/wp-content\/uploads\/2025\/03\/RS052-Unusual-Empty-Brandy-Glass-Bottle-With-Stopper-Wholesale.webp","type":"image\/webp"}],"twitter_card":"summary_large_image","twitter_misc":{"Dur\u00e9e de lecture estim\u00e9e":"2 minutes"},"schema":{"@context":"https:\/\/schema.org","@graph":[{"@type":"WebPage","@id":"https:\/\/ruishengglassco.com\/product\/rs052-unusual-empty-brandy-glass-bottle-with-stopper-supplier","url":"https:\/\/ruishengglassco.com\/product\/rs052-unusual-empty-brandy-glass-bottle-with-stopper-supplier","name":"Brandy Glass Bottle With Stopper Supplier | 25 OZ Liquor Bottle Supplier","isPartOf":{"@id":"https:\/\/ruishengglassco.com\/#website"},"datePublished":"2025-03-15T04:02:32+00:00","dateModified":"2025-09-11T08:47:23+00:00","description":"Buy Brandy Glass Bottle With Stopper Supplier From China Liquor Bottle Mnaufacturers. Factory Outlet 750ml\/25 oz Glass Gottle With Custom Service.","breadcrumb":{"@id":"https:\/\/ruishengglassco.com\/product\/rs052-unusual-empty-brandy-glass-bottle-with-stopper-supplier#breadcrumb"},"inLanguage":"fr-FR","potentialAction":[{"@type":"ReadAction","target":["https:\/\/ruishengglassco.com\/product\/rs052-unusual-empty-brandy-glass-bottle-with-stopper-supplier"]}]},{"@type":"BreadcrumbList","@id":"https:\/\/ruishengglassco.com\/product\/rs052-unusual-empty-brandy-glass-bottle-with-stopper-supplier#breadcrumb","itemListElement":[{"@type":"ListItem","position":1,"name":"Home","item":"https:\/\/ruishengglassco.com\/"},{"@type":"ListItem","position":2,"name":"Products","item":"https:\/\/ruishengglassco.com\/products"},{"@type":"ListItem","position":3,"name":"RS052: Unusual Empty Brandy Glass Bottle With Stopper Supplier"}]},{"@type":"WebSite","@id":"https:\/\/ruishengglassco.com\/#website","url":"https:\/\/ruishengglassco.com\/","name":"Ruisheng Glass","description":"","publisher":{"@id":"https:\/\/ruishengglassco.com\/#organization"},"potentialAction":[{"@type":"SearchAction","target":{"@type":"EntryPoint","urlTemplate":"https:\/\/ruishengglassco.com\/?s={search_term_string}"},"query-input":"required name=search_term_string"}],"inLanguage":"fr-FR"},{"@type":"Organization","@id":"https:\/\/ruishengglassco.com\/#organization","name":"Shandong Yuncheng Ruisheng Glass Co., Ltd","url":"https:\/\/ruishengglassco.com\/","logo":{"@type":"ImageObject","inLanguage":"fr-FR","@id":"https:\/\/ruishengglassco.com\/#\/schema\/logo\/image\/","url":"https:\/\/ruishengglassco.com\/wp-content\/uploads\/2023\/09\/ruisheng_logo_icon.webp","contentUrl":"https:\/\/ruishengglassco.com\/wp-content\/uploads\/2023\/09\/ruisheng_logo_icon.webp","width":400,"height":233,"caption":"Shandong Yuncheng Ruisheng Glass Co., Ltd"},"image":{"@id":"https:\/\/ruishengglassco.com\/#\/schema\/logo\/image\/"},"sameAs":["https:\/\/www.facebook.com\/ruishengglassbottles","https:\/\/www.instagram.com\/Ruishengglassbottlewholesales\/","https:\/\/www.youtube.com\/channel\/UCMmbMNGwsL-XrtjfSFLCdVQ"]}]}},"_links":{"self":[{"href":"https:\/\/ruishengglassco.com\/fr\/wp-json\/wp\/v2\/product\/4292","targetHints":{"allow":["GET"]}}],"collection":[{"href":"https:\/\/ruishengglassco.com\/fr\/wp-json\/wp\/v2\/product"}],"about":[{"href":"https:\/\/ruishengglassco.com\/fr\/wp-json\/wp\/v2\/types\/product"}],"replies":[{"embeddable":true,"href":"https:\/\/ruishengglassco.com\/fr\/wp-json\/wp\/v2\/comments?post=4292"}],"wp:featuredmedia":[{"embeddable":true,"href":"https:\/\/ruishengglassco.com\/fr\/wp-json\/wp\/v2\/media\/4293"}],"wp:attachment":[{"href":"https:\/\/ruishengglassco.com\/fr\/wp-json\/wp\/v2\/media?parent=4292"}],"wp:term":[{"taxonomy":"product_cat","embeddable":true,"href":"https:\/\/ruishengglassco.com\/fr\/wp-json\/wp\/v2\/product_cat?post=4292"}],"curies":[{"name":"wp","href":"https:\/\/api.w.org\/{rel}","templated":true}]}}