{"id":4290,"date":"2025-03-15T11:59:23","date_gmt":"2025-03-15T03:59:23","guid":{"rendered":"https:\/\/ruishengglassco.com\/?post_type=product&#038;p=4290"},"modified":"2025-09-11T16:25:36","modified_gmt":"2025-09-11T08:25:36","slug":"rs053-700ml-bouteilles-de-brandy-en-gros","status":"publish","type":"product","link":"https:\/\/ruishengglassco.com\/fr\/produit\/rs053-700ml-bouteilles-de-brandy-en-gros","title":{"rendered":"RS053 : Fabricants de bouteilles de brandy de 700 ml"},"content":{"rendered":"<p>Qu'en est-il du prix de la bouteille de brandy de 700 ml ? Il s'agit de la meilleure bouteille de brandy produite par Shandong Yuncheng Ruisheng Glass Co, Ltd, un fabricant renomm\u00e9 de bouteilles de brandy. Notre soci\u00e9t\u00e9 est l'un des plus grands fabricants de bouteilles de spiritueux en Chine. Nous proposons des bouteilles de liqueur en verre en vrac, ce qui vous permet d'acheter des bouteilles de brandy \u00e0 des prix de gros.<\/p>\n<p>Cette bouteille de brandy est la meilleure. Elle est fabriqu\u00e9e en verre flint de haute qualit\u00e9. Cela lui conf\u00e8re clart\u00e9, durabilit\u00e9 et une finition lisse.<\/p>\n<p>Notre soci\u00e9t\u00e9 compte plus de 500 employ\u00e9s et une \u00e9quipe d'ing\u00e9nieurs qualifi\u00e9s. Gr\u00e2ce \u00e0 notre vaste exp\u00e9rience, nous jouissons d'une solide r\u00e9putation dans le monde entier.<\/p>\n<p>Nous proposons principalement des bouteilles d'alcool en verre de haute qualit\u00e9. Il s'agit notamment de bouteilles de vodka, de brandy, de whisky, de liqueur et de confiture. Nous proposons \u00e9galement des bouteilles en verre ambr\u00e9, des bouteilles vertes et des bouteilles d'eau. Nos principaux march\u00e9s sont les \u00c9tats-Unis, le Royaume-Uni, le Canada, l'Australie, etc. Tous nos produits jouissent d'une excellente r\u00e9putation en mati\u00e8re d'innovation et de fonctionnalit\u00e9.<\/p>\n<h2>Les informations sur le prix de la bouteille de brandy de 700 ml sont indiqu\u00e9es ci-dessous :<\/h2>\n<ul>\n<li>Mat\u00e9riau principal : verre \u00e0 haute teneur en silex<\/li>\n<li>Capuchon : Capuchon \u00e0 vis<\/li>\n<li>R\u00e9f\u00e9rence : RS053<\/li>\n<li>MOQ : 10000 PCS<\/li>\n<li>Taille de la bouteille de brandy : Mini bouteille de brandy, 100ml, 350ml, 500ml, 700ml, 750ml, 1000ml, et bouteilles de brandy personnalis\u00e9es.<\/li>\n<li>Pcs\/Ctn : 24pcs<\/li>\n<li>Origine du lieu : Shandong, Chine<\/li>\n<li>Caract\u00e9ristique : Respectueux de l'environnement<\/li>\n<\/ul>\n<p>Si vous souhaitez conna\u00eetre le prix d'une bouteille de brandy de 70 ml ou acheter des bouteilles de brandy en gros, n'h\u00e9sitez pas \u00e0 nous contacter. Nous vous r\u00e9pondrons dans les 24 heures.<\/p>","protected":false},"excerpt":{"rendered":"<table class=\"tg\">\n<tbody>\n<tr>\n<td class=\"tg-b7b8\">R\u00e9f\u00e9rence :<\/td>\n<td class=\"tg-b7b8\">RS053<\/td>\n<\/tr>\n<tr>\n<td class=\"tg-yw4l\">Mat\u00e9riau principal :<\/td>\n<td class=\"tg-yw4l\">Verre \u00e0 haute teneur en silex (ce mat\u00e9riau est \u00e9galement appel\u00e9 verre blanc cristallin)<\/td>\n<\/tr>\n<tr>\n<td class=\"tg-b7b8\">Cap :<\/td>\n<td class=\"tg-b7b8\">Casquette Scrow<\/td>\n<\/tr>\n<tr>\n<td class=\"tg-yw4l\">Capacit\u00e9 :<\/td>\n<td class=\"tg-yw4l\">700ml<\/td>\n<\/tr>\n<tr>\n<td class=\"tg-b7b8\">Fonctionnalit\u00e9 :<\/td>\n<td class=\"tg-b7b8\">Respect de l'environnement<\/td>\n<\/tr>\n<tr>\n<td class=\"tg-yw4l\">MOQ :<\/td>\n<td class=\"tg-yw4l\">10000 PCS<\/td>\n<\/tr>\n<tr>\n<td class=\"tg-b7b8\">Mode d'emballage :<\/td>\n<td class=\"tg-b7b8\">Carton standard pour l'exportation \/ Palette \/ carton standard pour l'exportation et palette<\/td>\n<\/tr>\n<tr>\n<td class=\"tg-yw4l\">OEM\/ODM :<\/td>\n<td class=\"tg-yw4l\">Bienvenue<\/td>\n<\/tr>\n<tr>\n<td class=\"tg-b7b8\">Origine du lieu :<\/td>\n<td class=\"tg-b7b8\">Shandong, Chine<\/td>\n<\/tr>\n<tr>\n<td class=\"tg-yw4l\">Pcs\/Ctn :<\/td>\n<td class=\"tg-yw4l\">24pcs ou selon la demande du client<\/td>\n<\/tr>\n<\/tbody>\n<\/table>","protected":false},"featured_media":4291,"comment_status":"closed","ping_status":"closed","template":"","meta":[],"product_cat":[44,58],"class_list":{"0":"post-4290","1":"product","2":"type-product","3":"status-publish","4":"has-post-thumbnail","6":"product_cat-700ml-liquor-bottle-manufacturer","7":"product_cat-brandy-bottle","9":"first","10":"instock","11":"shipping-taxable","12":"product-type-simple"},"yoast_head":"<!-- This site is optimized with the Yoast SEO plugin v22.0 - https:\/\/yoast.com\/wordpress\/plugins\/seo\/ -->\n<title>Brandy Bottle Price | Luxury Liquor Bottles Manufacturer-RS<\/title>\n<meta name=\"description\" content=\"Do you want to get wholesale brandy bottle price? Click her and contact us to get factory outlet price from China luxury liquor bottles manufacturer\" \/>\n<meta name=\"robots\" content=\"index, follow, max-snippet:-1, max-image-preview:large, max-video-preview:-1\" \/>\n<link rel=\"canonical\" href=\"https:\/\/ruishengglassco.com\/fr\/produit\/rs053-700ml-bouteilles-de-brandy-en-gros\" \/>\n<meta property=\"og:locale\" content=\"fr_FR\" \/>\n<meta property=\"og:type\" content=\"article\" \/>\n<meta property=\"og:title\" content=\"Brandy Bottle Price | Luxury Liquor Bottles Manufacturer-RS\" \/>\n<meta property=\"og:description\" content=\"Do you want to get wholesale brandy bottle price? Click her and contact us to get factory outlet price from China luxury liquor bottles manufacturer\" \/>\n<meta property=\"og:url\" content=\"https:\/\/ruishengglassco.com\/fr\/produit\/rs053-700ml-bouteilles-de-brandy-en-gros\" \/>\n<meta property=\"article:publisher\" content=\"https:\/\/www.facebook.com\/ruishengglassbottles\" \/>\n<meta property=\"article:modified_time\" content=\"2025-09-11T08:25:36+00:00\" \/>\n<meta property=\"og:image\" content=\"https:\/\/ruishengglassco.com\/wp-content\/uploads\/2025\/03\/RS053-700ml-Brandy-Bottles-Wholesale.webp\" \/>\n\t<meta property=\"og:image:width\" content=\"608\" \/>\n\t<meta property=\"og:image:height\" content=\"608\" \/>\n\t<meta property=\"og:image:type\" content=\"image\/webp\" \/>\n<meta name=\"twitter:card\" content=\"summary_large_image\" \/>\n<meta name=\"twitter:label1\" content=\"Dur\u00e9e de lecture estim\u00e9e\" \/>\n\t<meta name=\"twitter:data1\" content=\"2 minutes\" \/>\n<script type=\"application\/ld+json\" class=\"yoast-schema-graph\">{\"@context\":\"https:\/\/schema.org\",\"@graph\":[{\"@type\":\"WebPage\",\"@id\":\"https:\/\/ruishengglassco.com\/product\/rs053-700ml-brandy-bottles-wholesale\",\"url\":\"https:\/\/ruishengglassco.com\/product\/rs053-700ml-brandy-bottles-wholesale\",\"name\":\"Brandy Bottle Price | Luxury Liquor Bottles Manufacturer-RS\",\"isPartOf\":{\"@id\":\"https:\/\/ruishengglassco.com\/#website\"},\"datePublished\":\"2025-03-15T03:59:23+00:00\",\"dateModified\":\"2025-09-11T08:25:36+00:00\",\"description\":\"Do you want to get wholesale brandy bottle price? Click her and contact us to get factory outlet price from China luxury liquor bottles manufacturer\",\"breadcrumb\":{\"@id\":\"https:\/\/ruishengglassco.com\/product\/rs053-700ml-brandy-bottles-wholesale#breadcrumb\"},\"inLanguage\":\"fr-FR\",\"potentialAction\":[{\"@type\":\"ReadAction\",\"target\":[\"https:\/\/ruishengglassco.com\/product\/rs053-700ml-brandy-bottles-wholesale\"]}]},{\"@type\":\"BreadcrumbList\",\"@id\":\"https:\/\/ruishengglassco.com\/product\/rs053-700ml-brandy-bottles-wholesale#breadcrumb\",\"itemListElement\":[{\"@type\":\"ListItem\",\"position\":1,\"name\":\"Home\",\"item\":\"https:\/\/ruishengglassco.com\/\"},{\"@type\":\"ListItem\",\"position\":2,\"name\":\"Products\",\"item\":\"https:\/\/ruishengglassco.com\/products\"},{\"@type\":\"ListItem\",\"position\":3,\"name\":\"RS053: 700ml Brandy Bottles Manufacturers\"}]},{\"@type\":\"WebSite\",\"@id\":\"https:\/\/ruishengglassco.com\/#website\",\"url\":\"https:\/\/ruishengglassco.com\/\",\"name\":\"Ruisheng Glass\",\"description\":\"\",\"publisher\":{\"@id\":\"https:\/\/ruishengglassco.com\/#organization\"},\"potentialAction\":[{\"@type\":\"SearchAction\",\"target\":{\"@type\":\"EntryPoint\",\"urlTemplate\":\"https:\/\/ruishengglassco.com\/?s={search_term_string}\"},\"query-input\":\"required name=search_term_string\"}],\"inLanguage\":\"fr-FR\"},{\"@type\":\"Organization\",\"@id\":\"https:\/\/ruishengglassco.com\/#organization\",\"name\":\"Shandong Yuncheng Ruisheng Glass Co., Ltd\",\"url\":\"https:\/\/ruishengglassco.com\/\",\"logo\":{\"@type\":\"ImageObject\",\"inLanguage\":\"fr-FR\",\"@id\":\"https:\/\/ruishengglassco.com\/#\/schema\/logo\/image\/\",\"url\":\"https:\/\/ruishengglassco.com\/wp-content\/uploads\/2023\/09\/ruisheng_logo_icon.webp\",\"contentUrl\":\"https:\/\/ruishengglassco.com\/wp-content\/uploads\/2023\/09\/ruisheng_logo_icon.webp\",\"width\":400,\"height\":233,\"caption\":\"Shandong Yuncheng Ruisheng Glass Co., Ltd\"},\"image\":{\"@id\":\"https:\/\/ruishengglassco.com\/#\/schema\/logo\/image\/\"},\"sameAs\":[\"https:\/\/www.facebook.com\/ruishengglassbottles\",\"https:\/\/www.instagram.com\/Ruishengglassbottlewholesales\/\",\"https:\/\/www.youtube.com\/channel\/UCMmbMNGwsL-XrtjfSFLCdVQ\"]}]}<\/script>\n<!-- \/ Yoast SEO plugin. -->","yoast_head_json":{"title":"Brandy Bottle Price | Luxury Liquor Bottles Manufacturer-RS","description":"Do you want to get wholesale brandy bottle price? Click her and contact us to get factory outlet price from China luxury liquor bottles manufacturer","robots":{"index":"index","follow":"follow","max-snippet":"max-snippet:-1","max-image-preview":"max-image-preview:large","max-video-preview":"max-video-preview:-1"},"canonical":"https:\/\/ruishengglassco.com\/fr\/produit\/rs053-700ml-bouteilles-de-brandy-en-gros","og_locale":"fr_FR","og_type":"article","og_title":"Brandy Bottle Price | Luxury Liquor Bottles Manufacturer-RS","og_description":"Do you want to get wholesale brandy bottle price? Click her and contact us to get factory outlet price from China luxury liquor bottles manufacturer","og_url":"https:\/\/ruishengglassco.com\/fr\/produit\/rs053-700ml-bouteilles-de-brandy-en-gros","article_publisher":"https:\/\/www.facebook.com\/ruishengglassbottles","article_modified_time":"2025-09-11T08:25:36+00:00","og_image":[{"width":608,"height":608,"url":"https:\/\/ruishengglassco.com\/wp-content\/uploads\/2025\/03\/RS053-700ml-Brandy-Bottles-Wholesale.webp","type":"image\/webp"}],"twitter_card":"summary_large_image","twitter_misc":{"Dur\u00e9e de lecture estim\u00e9e":"2 minutes"},"schema":{"@context":"https:\/\/schema.org","@graph":[{"@type":"WebPage","@id":"https:\/\/ruishengglassco.com\/product\/rs053-700ml-brandy-bottles-wholesale","url":"https:\/\/ruishengglassco.com\/product\/rs053-700ml-brandy-bottles-wholesale","name":"Brandy Bottle Price | Luxury Liquor Bottles Manufacturer-RS","isPartOf":{"@id":"https:\/\/ruishengglassco.com\/#website"},"datePublished":"2025-03-15T03:59:23+00:00","dateModified":"2025-09-11T08:25:36+00:00","description":"Do you want to get wholesale brandy bottle price? Click her and contact us to get factory outlet price from China luxury liquor bottles manufacturer","breadcrumb":{"@id":"https:\/\/ruishengglassco.com\/product\/rs053-700ml-brandy-bottles-wholesale#breadcrumb"},"inLanguage":"fr-FR","potentialAction":[{"@type":"ReadAction","target":["https:\/\/ruishengglassco.com\/product\/rs053-700ml-brandy-bottles-wholesale"]}]},{"@type":"BreadcrumbList","@id":"https:\/\/ruishengglassco.com\/product\/rs053-700ml-brandy-bottles-wholesale#breadcrumb","itemListElement":[{"@type":"ListItem","position":1,"name":"Home","item":"https:\/\/ruishengglassco.com\/"},{"@type":"ListItem","position":2,"name":"Products","item":"https:\/\/ruishengglassco.com\/products"},{"@type":"ListItem","position":3,"name":"RS053: 700ml Brandy Bottles Manufacturers"}]},{"@type":"WebSite","@id":"https:\/\/ruishengglassco.com\/#website","url":"https:\/\/ruishengglassco.com\/","name":"Ruisheng Glass","description":"","publisher":{"@id":"https:\/\/ruishengglassco.com\/#organization"},"potentialAction":[{"@type":"SearchAction","target":{"@type":"EntryPoint","urlTemplate":"https:\/\/ruishengglassco.com\/?s={search_term_string}"},"query-input":"required name=search_term_string"}],"inLanguage":"fr-FR"},{"@type":"Organization","@id":"https:\/\/ruishengglassco.com\/#organization","name":"Shandong Yuncheng Ruisheng Glass Co., Ltd","url":"https:\/\/ruishengglassco.com\/","logo":{"@type":"ImageObject","inLanguage":"fr-FR","@id":"https:\/\/ruishengglassco.com\/#\/schema\/logo\/image\/","url":"https:\/\/ruishengglassco.com\/wp-content\/uploads\/2023\/09\/ruisheng_logo_icon.webp","contentUrl":"https:\/\/ruishengglassco.com\/wp-content\/uploads\/2023\/09\/ruisheng_logo_icon.webp","width":400,"height":233,"caption":"Shandong Yuncheng Ruisheng Glass Co., Ltd"},"image":{"@id":"https:\/\/ruishengglassco.com\/#\/schema\/logo\/image\/"},"sameAs":["https:\/\/www.facebook.com\/ruishengglassbottles","https:\/\/www.instagram.com\/Ruishengglassbottlewholesales\/","https:\/\/www.youtube.com\/channel\/UCMmbMNGwsL-XrtjfSFLCdVQ"]}]}},"_links":{"self":[{"href":"https:\/\/ruishengglassco.com\/fr\/wp-json\/wp\/v2\/product\/4290","targetHints":{"allow":["GET"]}}],"collection":[{"href":"https:\/\/ruishengglassco.com\/fr\/wp-json\/wp\/v2\/product"}],"about":[{"href":"https:\/\/ruishengglassco.com\/fr\/wp-json\/wp\/v2\/types\/product"}],"replies":[{"embeddable":true,"href":"https:\/\/ruishengglassco.com\/fr\/wp-json\/wp\/v2\/comments?post=4290"}],"wp:featuredmedia":[{"embeddable":true,"href":"https:\/\/ruishengglassco.com\/fr\/wp-json\/wp\/v2\/media\/4291"}],"wp:attachment":[{"href":"https:\/\/ruishengglassco.com\/fr\/wp-json\/wp\/v2\/media?parent=4290"}],"wp:term":[{"taxonomy":"product_cat","embeddable":true,"href":"https:\/\/ruishengglassco.com\/fr\/wp-json\/wp\/v2\/product_cat?post=4290"}],"curies":[{"name":"wp","href":"https:\/\/api.w.org\/{rel}","templated":true}]}}