{"id":4288,"date":"2025-03-15T11:56:37","date_gmt":"2025-03-15T03:56:37","guid":{"rendered":"https:\/\/ruishengglassco.com\/?post_type=product&#038;p=4288"},"modified":"2025-09-11T16:26:03","modified_gmt":"2025-09-11T08:26:03","slug":"rs054-700ml-750ml-bouteilles-de-spiritueux-en-verre-en-gros-avec-bouchons","status":"publish","type":"product","link":"https:\/\/ruishengglassco.com\/fr\/produit\/rs054-700ml-750ml-bouteilles-de-spiritueux-en-verre-en-gros-avec-bouchons","title":{"rendered":"RS054 : Bouteilles de spiritueux en verre de 700ml 750ml avec bouchons"},"content":{"rendered":"<p><span data-preserver-spaces=\"true\">Le\u00a0<\/span><strong><em><span data-preserver-spaces=\"true\">Bouteilles en verre de 700ml pour liqueurs<\/span><\/em><\/strong> <span data-preserver-spaces=\"true\">sont fabriqu\u00e9s<\/span><span data-preserver-spaces=\"true\"> par Shandong Yuncheng Ruisheng Glass Co, Ltd. Notre soci\u00e9t\u00e9 est l'un des plus grands fournisseurs de bouteilles de liqueur super-flint en Chine.<\/span><\/p>\n<p><span data-preserver-spaces=\"true\">Bouteilles en verre de 700ml pour liqueurs <\/span><span data-preserver-spaces=\"true\">sont r\u00e9alis\u00e9s<\/span><span data-preserver-spaces=\"true\"> en verre \u00e0 haute teneur en sels min\u00e9raux. Ce mat\u00e9riau rend les bouteilles transparentes, durables et douces au toucher.<\/span><\/p>\n<p><span data-preserver-spaces=\"true\">Notre soci\u00e9t\u00e9 a <\/span><span data-preserver-spaces=\"true\">plus de<\/span><span data-preserver-spaces=\"true\"> 500 employ\u00e9s et un <\/span><span data-preserver-spaces=\"true\">groupe<\/span><span data-preserver-spaces=\"true\"> d'ing\u00e9nieurs qualifi\u00e9s.<\/span><span data-preserver-spaces=\"true\"> Forts d'une exp\u00e9rience consid\u00e9rable, nous jouissons d'une solide r\u00e9putation dans le monde entier.<\/span><\/p>\n<p><span data-preserver-spaces=\"true\">Nos principaux produits sont des bouteilles en verre de qualit\u00e9 sup\u00e9rieure <\/span><span data-preserver-spaces=\"true\">tels que<\/span><span data-preserver-spaces=\"true\"> bouteilles de vodka, bouteilles de brandy, bouteilles de whisky, bouteilles de liqueur, bouteilles de confiture, et <\/span><span data-preserver-spaces=\"true\">ainsi de suite<\/span><span data-preserver-spaces=\"true\">.<\/span><span data-preserver-spaces=\"true\"> Nous pouvons \u00e9galement proposer des bouteilles en verre ambr\u00e9, des bouteilles vertes et des bouteilles d'eau. Nos principaux march\u00e9s sont l'Europe, les \u00c9tats-Unis, l'Australie et d'autres r\u00e9gions. Tous nos produits jouissent d'une excellente r\u00e9putation en mati\u00e8re d'innovation et de fonctionnalit\u00e9.<\/span><\/p>\n<h2>Les informations concernant les bouteilles en verre de 700ml pour liqueur sont les suivantes :<\/h2>\n<ul>\n<li>Mat\u00e9riau principal : verre \u00e0 haute teneur en silex<\/li>\n<li>Bouchon : bouchon \u00e0 vis<\/li>\n<li>R\u00e9f\u00e9rence : RS054<\/li>\n<li>MOQ : 10000 PCS<\/li>\n<li>Capacit\u00e9 : 700ml<\/li>\n<li>Pcs\/Ctn : 24pcs<\/li>\n<li>Origine du lieu : Shandong, Chine<\/li>\n<li>Caract\u00e9ristique : Respectueux de l'environnement<\/li>\n<\/ul>\n<p><span data-preserver-spaces=\"true\">Et comment choisir les flacons en verre pour e-liquide ? Choisissez le flacon en verre de 500 ml qui convient \u00e0 votre e-liquide. <\/span><span data-preserver-spaces=\"true\">Une bouteille de haute qualit\u00e9 <\/span><span data-preserver-spaces=\"true\">garde<\/span><span data-preserver-spaces=\"true\"> la liqueur <\/span><span data-preserver-spaces=\"true\">frais<\/span><span data-preserver-spaces=\"true\"> et renforce sa valeur.<\/span><span data-preserver-spaces=\"true\"> En outre, les clients doivent \u00e9galement pr\u00eater attention \u00e0 la qualit\u00e9 des produits alcoolis\u00e9s, \u00e0 la saveur de l'alcool et \u00e0 la propagande culturelle lorsqu'ils choisissent une bouteille en verre pour e-liquide. <\/span><span data-preserver-spaces=\"true\">En outre, lors du choix et de l'achat de produits pour bouteilles d'alcool, <\/span><span data-preserver-spaces=\"true\">choisir<\/span><span data-preserver-spaces=\"true\"> a <\/span><span data-preserver-spaces=\"true\">r\u00e9guli\u00e8re<\/span><span data-preserver-spaces=\"true\"> fabricant de bouteilles d'alcool pour garantir la qualit\u00e9 et le prix des bouteilles d'alcool.<\/span><\/p>\n<p><span data-preserver-spaces=\"true\">Si vous \u00eates int\u00e9ress\u00e9 par notre \u00a0<\/span><strong><em><span data-preserver-spaces=\"true\">Bouteilles en verre de 700ml pour liqueurs<\/span><\/em><\/strong><span data-preserver-spaces=\"true\">, <\/span><span data-preserver-spaces=\"true\">veuillez nous contacter<\/span><span data-preserver-spaces=\"true\">.<\/span><span data-preserver-spaces=\"true\"> Nous vous r\u00e9pondrons dans les 24 heures.<\/span><\/p>","protected":false},"excerpt":{"rendered":"<table class=\"tg\" style=\"height: 328px;\" width=\"704\">\n<tbody>\n<tr>\n<th class=\"tg-24i8\" colspan=\"2\">Bouteilles en verre \u00e0 haute teneur en silex de 700ml pour liqueur<\/th>\n<\/tr>\n<tr>\n<td class=\"tg-b7b8\">R\u00e9f\u00e9rence :<\/td>\n<td class=\"tg-b7b8\">RS054<\/td>\n<\/tr>\n<tr>\n<td class=\"tg-yw4l\">Mat\u00e9riau principal :<\/td>\n<td class=\"tg-yw4l\">Verre \u00e0 haute teneur en silex (ce mat\u00e9riau est \u00e9galement appel\u00e9 verre blanc cristallin)<\/td>\n<\/tr>\n<tr>\n<td class=\"tg-b7b8\">Cap :<\/td>\n<td class=\"tg-b7b8\">Casquette Scrow<\/td>\n<\/tr>\n<tr>\n<td class=\"tg-yw4l\">Capacit\u00e9 :<\/td>\n<td class=\"tg-yw4l\">700ml<\/td>\n<\/tr>\n<tr>\n<td class=\"tg-b7b8\">Fonctionnalit\u00e9 :<\/td>\n<td class=\"tg-b7b8\">Respect de l'environnement<\/td>\n<\/tr>\n<tr>\n<td class=\"tg-yw4l\">MOQ :<\/td>\n<td class=\"tg-yw4l\">10000 PCS<\/td>\n<\/tr>\n<tr>\n<td class=\"tg-b7b8\">Mode d'emballage :<\/td>\n<td class=\"tg-b7b8\">Carton standard pour l'exportation \/ Palette \/ carton standard pour l'exportation et palette<\/td>\n<\/tr>\n<tr>\n<td class=\"tg-yw4l\">OEM\/ODM :<\/td>\n<td class=\"tg-yw4l\">Bienvenue<\/td>\n<\/tr>\n<tr>\n<td class=\"tg-b7b8\">Origine du lieu :<\/td>\n<td class=\"tg-b7b8\">Shandong, Chine<\/td>\n<\/tr>\n<tr>\n<td class=\"tg-yw4l\">Pcs\/Ctn :<\/td>\n<td class=\"tg-yw4l\">24pcs ou selon la demande du client<\/td>\n<\/tr>\n<\/tbody>\n<\/table>","protected":false},"featured_media":4289,"comment_status":"closed","ping_status":"closed","template":"","meta":[],"product_cat":[44,40],"class_list":{"0":"post-4288","1":"product","2":"type-product","3":"status-publish","4":"has-post-thumbnail","6":"product_cat-700ml-liquor-bottle-manufacturer","7":"product_cat-750ml-liquor-bottle-manufacturer","9":"first","10":"instock","11":"shipping-taxable","12":"product-type-simple"},"yoast_head":"<!-- This site is optimized with the Yoast SEO plugin v22.0 - https:\/\/yoast.com\/wordpress\/plugins\/seo\/ -->\n<title>700 750ml Glass Spirit Bottles Manufacturers | Alcohol Bottle Manufacturers<\/title>\n<meta name=\"description\" content=\"Ruisheng, a primary alcohol bottle manufacturer, sales 700\/ 750ml glass spirit bottles wholesale at factory outlet price. Global Shipping&amp;Free Sample.\" \/>\n<meta name=\"robots\" content=\"index, follow, max-snippet:-1, max-image-preview:large, max-video-preview:-1\" \/>\n<link rel=\"canonical\" href=\"https:\/\/ruishengglassco.com\/fr\/produit\/rs054-700ml-750ml-bouteilles-de-spiritueux-en-verre-en-gros-avec-bouchons\" \/>\n<meta property=\"og:locale\" content=\"fr_FR\" \/>\n<meta property=\"og:type\" content=\"article\" \/>\n<meta property=\"og:title\" content=\"700 750ml Glass Spirit Bottles Manufacturers | Alcohol Bottle Manufacturers\" \/>\n<meta property=\"og:description\" content=\"Ruisheng, a primary alcohol bottle manufacturer, sales 700\/ 750ml glass spirit bottles wholesale at factory outlet price. Global Shipping&amp;Free Sample.\" \/>\n<meta property=\"og:url\" content=\"https:\/\/ruishengglassco.com\/fr\/produit\/rs054-700ml-750ml-bouteilles-de-spiritueux-en-verre-en-gros-avec-bouchons\" \/>\n<meta property=\"article:publisher\" content=\"https:\/\/www.facebook.com\/ruishengglassbottles\" \/>\n<meta property=\"article:modified_time\" content=\"2025-09-11T08:26:03+00:00\" \/>\n<meta property=\"og:image\" content=\"https:\/\/ruishengglassco.com\/wp-content\/uploads\/2025\/03\/RS054-700ml-750ml-Glass-Spirit-Bottles-Wholesale-With-Caps.webp\" \/>\n\t<meta property=\"og:image:width\" content=\"800\" \/>\n\t<meta property=\"og:image:height\" content=\"800\" \/>\n\t<meta property=\"og:image:type\" content=\"image\/webp\" \/>\n<meta name=\"twitter:card\" content=\"summary_large_image\" \/>\n<meta name=\"twitter:label1\" content=\"Dur\u00e9e de lecture estim\u00e9e\" \/>\n\t<meta name=\"twitter:data1\" content=\"2 minutes\" \/>\n<script type=\"application\/ld+json\" class=\"yoast-schema-graph\">{\"@context\":\"https:\/\/schema.org\",\"@graph\":[{\"@type\":\"WebPage\",\"@id\":\"https:\/\/ruishengglassco.com\/product\/rs054-700ml-750ml-glass-spirit-bottles-wholesale-with-caps\",\"url\":\"https:\/\/ruishengglassco.com\/product\/rs054-700ml-750ml-glass-spirit-bottles-wholesale-with-caps\",\"name\":\"700 750ml Glass Spirit Bottles Manufacturers | Alcohol Bottle Manufacturers\",\"isPartOf\":{\"@id\":\"https:\/\/ruishengglassco.com\/#website\"},\"datePublished\":\"2025-03-15T03:56:37+00:00\",\"dateModified\":\"2025-09-11T08:26:03+00:00\",\"description\":\"Ruisheng, a primary alcohol bottle manufacturer, sales 700\/ 750ml glass spirit bottles wholesale at factory outlet price. Global Shipping&Free Sample.\",\"breadcrumb\":{\"@id\":\"https:\/\/ruishengglassco.com\/product\/rs054-700ml-750ml-glass-spirit-bottles-wholesale-with-caps#breadcrumb\"},\"inLanguage\":\"fr-FR\",\"potentialAction\":[{\"@type\":\"ReadAction\",\"target\":[\"https:\/\/ruishengglassco.com\/product\/rs054-700ml-750ml-glass-spirit-bottles-wholesale-with-caps\"]}]},{\"@type\":\"BreadcrumbList\",\"@id\":\"https:\/\/ruishengglassco.com\/product\/rs054-700ml-750ml-glass-spirit-bottles-wholesale-with-caps#breadcrumb\",\"itemListElement\":[{\"@type\":\"ListItem\",\"position\":1,\"name\":\"Home\",\"item\":\"https:\/\/ruishengglassco.com\/\"},{\"@type\":\"ListItem\",\"position\":2,\"name\":\"Products\",\"item\":\"https:\/\/ruishengglassco.com\/products\"},{\"@type\":\"ListItem\",\"position\":3,\"name\":\"RS054: 700ml 750ml Glass Spirit Bottles With Caps\"}]},{\"@type\":\"WebSite\",\"@id\":\"https:\/\/ruishengglassco.com\/#website\",\"url\":\"https:\/\/ruishengglassco.com\/\",\"name\":\"Ruisheng Glass\",\"description\":\"\",\"publisher\":{\"@id\":\"https:\/\/ruishengglassco.com\/#organization\"},\"potentialAction\":[{\"@type\":\"SearchAction\",\"target\":{\"@type\":\"EntryPoint\",\"urlTemplate\":\"https:\/\/ruishengglassco.com\/?s={search_term_string}\"},\"query-input\":\"required name=search_term_string\"}],\"inLanguage\":\"fr-FR\"},{\"@type\":\"Organization\",\"@id\":\"https:\/\/ruishengglassco.com\/#organization\",\"name\":\"Shandong Yuncheng Ruisheng Glass Co., Ltd\",\"url\":\"https:\/\/ruishengglassco.com\/\",\"logo\":{\"@type\":\"ImageObject\",\"inLanguage\":\"fr-FR\",\"@id\":\"https:\/\/ruishengglassco.com\/#\/schema\/logo\/image\/\",\"url\":\"https:\/\/ruishengglassco.com\/wp-content\/uploads\/2023\/09\/ruisheng_logo_icon.webp\",\"contentUrl\":\"https:\/\/ruishengglassco.com\/wp-content\/uploads\/2023\/09\/ruisheng_logo_icon.webp\",\"width\":400,\"height\":233,\"caption\":\"Shandong Yuncheng Ruisheng Glass Co., Ltd\"},\"image\":{\"@id\":\"https:\/\/ruishengglassco.com\/#\/schema\/logo\/image\/\"},\"sameAs\":[\"https:\/\/www.facebook.com\/ruishengglassbottles\",\"https:\/\/www.instagram.com\/Ruishengglassbottlewholesales\/\",\"https:\/\/www.youtube.com\/channel\/UCMmbMNGwsL-XrtjfSFLCdVQ\"]}]}<\/script>\n<!-- \/ Yoast SEO plugin. -->","yoast_head_json":{"title":"700 750ml Glass Spirit Bottles Manufacturers | Alcohol Bottle Manufacturers","description":"Ruisheng, a primary alcohol bottle manufacturer, sales 700\/ 750ml glass spirit bottles wholesale at factory outlet price. Global Shipping&Free Sample.","robots":{"index":"index","follow":"follow","max-snippet":"max-snippet:-1","max-image-preview":"max-image-preview:large","max-video-preview":"max-video-preview:-1"},"canonical":"https:\/\/ruishengglassco.com\/fr\/produit\/rs054-700ml-750ml-bouteilles-de-spiritueux-en-verre-en-gros-avec-bouchons","og_locale":"fr_FR","og_type":"article","og_title":"700 750ml Glass Spirit Bottles Manufacturers | Alcohol Bottle Manufacturers","og_description":"Ruisheng, a primary alcohol bottle manufacturer, sales 700\/ 750ml glass spirit bottles wholesale at factory outlet price. Global Shipping&Free Sample.","og_url":"https:\/\/ruishengglassco.com\/fr\/produit\/rs054-700ml-750ml-bouteilles-de-spiritueux-en-verre-en-gros-avec-bouchons","article_publisher":"https:\/\/www.facebook.com\/ruishengglassbottles","article_modified_time":"2025-09-11T08:26:03+00:00","og_image":[{"width":800,"height":800,"url":"https:\/\/ruishengglassco.com\/wp-content\/uploads\/2025\/03\/RS054-700ml-750ml-Glass-Spirit-Bottles-Wholesale-With-Caps.webp","type":"image\/webp"}],"twitter_card":"summary_large_image","twitter_misc":{"Dur\u00e9e de lecture estim\u00e9e":"2 minutes"},"schema":{"@context":"https:\/\/schema.org","@graph":[{"@type":"WebPage","@id":"https:\/\/ruishengglassco.com\/product\/rs054-700ml-750ml-glass-spirit-bottles-wholesale-with-caps","url":"https:\/\/ruishengglassco.com\/product\/rs054-700ml-750ml-glass-spirit-bottles-wholesale-with-caps","name":"700 750ml Glass Spirit Bottles Manufacturers | Alcohol Bottle Manufacturers","isPartOf":{"@id":"https:\/\/ruishengglassco.com\/#website"},"datePublished":"2025-03-15T03:56:37+00:00","dateModified":"2025-09-11T08:26:03+00:00","description":"Ruisheng, a primary alcohol bottle manufacturer, sales 700\/ 750ml glass spirit bottles wholesale at factory outlet price. Global Shipping&Free Sample.","breadcrumb":{"@id":"https:\/\/ruishengglassco.com\/product\/rs054-700ml-750ml-glass-spirit-bottles-wholesale-with-caps#breadcrumb"},"inLanguage":"fr-FR","potentialAction":[{"@type":"ReadAction","target":["https:\/\/ruishengglassco.com\/product\/rs054-700ml-750ml-glass-spirit-bottles-wholesale-with-caps"]}]},{"@type":"BreadcrumbList","@id":"https:\/\/ruishengglassco.com\/product\/rs054-700ml-750ml-glass-spirit-bottles-wholesale-with-caps#breadcrumb","itemListElement":[{"@type":"ListItem","position":1,"name":"Home","item":"https:\/\/ruishengglassco.com\/"},{"@type":"ListItem","position":2,"name":"Products","item":"https:\/\/ruishengglassco.com\/products"},{"@type":"ListItem","position":3,"name":"RS054: 700ml 750ml Glass Spirit Bottles With Caps"}]},{"@type":"WebSite","@id":"https:\/\/ruishengglassco.com\/#website","url":"https:\/\/ruishengglassco.com\/","name":"Ruisheng Glass","description":"","publisher":{"@id":"https:\/\/ruishengglassco.com\/#organization"},"potentialAction":[{"@type":"SearchAction","target":{"@type":"EntryPoint","urlTemplate":"https:\/\/ruishengglassco.com\/?s={search_term_string}"},"query-input":"required name=search_term_string"}],"inLanguage":"fr-FR"},{"@type":"Organization","@id":"https:\/\/ruishengglassco.com\/#organization","name":"Shandong Yuncheng Ruisheng Glass Co., Ltd","url":"https:\/\/ruishengglassco.com\/","logo":{"@type":"ImageObject","inLanguage":"fr-FR","@id":"https:\/\/ruishengglassco.com\/#\/schema\/logo\/image\/","url":"https:\/\/ruishengglassco.com\/wp-content\/uploads\/2023\/09\/ruisheng_logo_icon.webp","contentUrl":"https:\/\/ruishengglassco.com\/wp-content\/uploads\/2023\/09\/ruisheng_logo_icon.webp","width":400,"height":233,"caption":"Shandong Yuncheng Ruisheng Glass Co., Ltd"},"image":{"@id":"https:\/\/ruishengglassco.com\/#\/schema\/logo\/image\/"},"sameAs":["https:\/\/www.facebook.com\/ruishengglassbottles","https:\/\/www.instagram.com\/Ruishengglassbottlewholesales\/","https:\/\/www.youtube.com\/channel\/UCMmbMNGwsL-XrtjfSFLCdVQ"]}]}},"_links":{"self":[{"href":"https:\/\/ruishengglassco.com\/fr\/wp-json\/wp\/v2\/product\/4288","targetHints":{"allow":["GET"]}}],"collection":[{"href":"https:\/\/ruishengglassco.com\/fr\/wp-json\/wp\/v2\/product"}],"about":[{"href":"https:\/\/ruishengglassco.com\/fr\/wp-json\/wp\/v2\/types\/product"}],"replies":[{"embeddable":true,"href":"https:\/\/ruishengglassco.com\/fr\/wp-json\/wp\/v2\/comments?post=4288"}],"wp:featuredmedia":[{"embeddable":true,"href":"https:\/\/ruishengglassco.com\/fr\/wp-json\/wp\/v2\/media\/4289"}],"wp:attachment":[{"href":"https:\/\/ruishengglassco.com\/fr\/wp-json\/wp\/v2\/media?parent=4288"}],"wp:term":[{"taxonomy":"product_cat","embeddable":true,"href":"https:\/\/ruishengglassco.com\/fr\/wp-json\/wp\/v2\/product_cat?post=4288"}],"curies":[{"name":"wp","href":"https:\/\/api.w.org\/{rel}","templated":true}]}}