{"id":4284,"date":"2025-03-15T11:43:44","date_gmt":"2025-03-15T03:43:44","guid":{"rendered":"https:\/\/ruishengglassco.com\/?post_type=product&#038;p=4284"},"modified":"2025-07-17T14:23:50","modified_gmt":"2025-07-17T06:23:50","slug":"rs056-750ml-bouteille-en-verre-personnalisee-fabricants","status":"publish","type":"product","link":"https:\/\/ruishengglassco.com\/fr\/produit\/rs056-750ml-bouteille-en-verre-personnalisee-fabricants","title":{"rendered":"RS056 : Fabrication de bouteilles en verre personnalis\u00e9es de 750ml"},"content":{"rendered":"<p>Ces bouteilles en verre personnalis\u00e9es de 750ml sont nos derni\u00e8res bouteilles sp\u00e9ciales. Nous pouvons y imprimer votre logo ou m\u00e9langer les couleurs comme vous le souhaitez. La surface de cette bouteille en verre \u00e0 liqueur de 750ml a un motif sculpt\u00e9. Elle est donc tr\u00e8s populaire aupr\u00e8s des consommateurs.<\/p>\n<p>Notre usine dispose d'une \u00e9quipe op\u00e9rationnelle compl\u00e8te qui travaille efficacement ensemble, ce qui nous permet de produire rapidement des bouteilles en verre pour boissons. En outre, nous disposons d'un service apr\u00e8s-vente de premi\u00e8re classe et nous pouvons r\u00e9pondre \u00e0 toutes vos questions.<\/p>\n<p>Ces bouteilles en verre personnalis\u00e9es de 750ml \u00e0 vendre sont bouch\u00e9es ; elles peuvent utiliser des bouchons en bois ou d'autres mat\u00e9riaux. Si vous souhaitez un autre goulot d'\u00e9tranglement, nous pouvons \u00e9galement le changer.<\/p>\n<h2>Bouteilles en verre personnalis\u00e9es 750ml Fabricants<\/h2>\n<p>Les informations concernant la bouteille en verre sont les suivantes<\/p>\n<ul>\n<li>Mat\u00e9riau principal : verre \u00e0 haute teneur en silex<\/li>\n<li>Bouchon : bouchon \u00e0 vis<\/li>\n<li>R\u00e9f\u00e9rence : RS056<\/li>\n<li>MOQ : 10000 PCS<\/li>\n<li>Capacit\u00e9 : 750 ml<\/li>\n<li>Pcs\/Ctn : 24pcs<\/li>\n<li>Origine du lieu : Shandong, Chine<\/li>\n<li>Caract\u00e9ristique : Respectueux de l'environnement<\/li>\n<\/ul>\n<p>Nous pouvons produire une plus grande capacit\u00e9 pour cette bouteille en verre personnalis\u00e9e, telle que 500ml, 550ml, 700ml, et 1000ml. Nous pouvons le faire. Nous pouvons modifier la bouteille en fonction de vos besoins.<\/p>\n<p>Notre soci\u00e9t\u00e9 peut effectuer un traitement approfondi de cette bouteille, y compris l'application de d\u00e9calcomanies, l'impression et le givrage. Nos bouteilles de liqueur en verre de 750 ml \u00e0 vendre sont emball\u00e9es de mani\u00e8re standard. Les bouteilles ne se cassent pas facilement pendant le transport, car elles sont mesur\u00e9es avant d'\u00eatre exp\u00e9di\u00e9es. Notre soci\u00e9t\u00e9 donne toujours la priorit\u00e9 \u00e0 la qualit\u00e9. Nous avons une bonne r\u00e9putation dans l'industrie de la bouteille, et de nombreux clients viennent nous voir pour des bouteilles.<\/p>\n<p>Nous pouvons \u00e9galement accepter des bouteilles personnalis\u00e9es. Si vous nous fournissez un dessin de la bouteille en verre, nous pouvons cr\u00e9er la m\u00eame bouteille.<\/p>\n<p>Ils peuvent nous faire confiance et nous rendent tr\u00e8s confiants. Si vous souhaitez venir ici et faire des bouteilles, nous sommes toujours les bienvenus.<\/p>\n<p>Nous invitons chaleureusement les clients du monde entier \u00e0 venir visiter notre usine et \u00e0 coop\u00e9rer avec nous.<\/p>\n<p>Si vous \u00eates int\u00e9ress\u00e9 par l'un de nos produits, n'h\u00e9sitez pas \u00e0 nous contacter pour obtenir de plus amples informations. Nous r\u00e9pondrons aux questions que vous vous posez. J'esp\u00e8re que cette bouteille en verre vous plaira et que vous passerez commande.<\/p>","protected":false},"excerpt":{"rendered":"<p data-block-id=\"6f9d5f50-4787-4b8f-b52e-4e5b0f1df3bf\" data-pm-slice=\"1 3 []\">La bouteille en verre de 750 ml de la s\u00e9rie Rs-019 pr\u00e9sente un design unique en forme de bosse. Ce design permet de d\u00e9corer la bouteille et d'am\u00e9liorer la prise en main. Elle est sp\u00e9cialement con\u00e7ue pour le conditionnement du whisky, de la vodka, du brandy et d'autres boissons alcoolis\u00e9es. Verre clair taill\u00e9 \u00e0 l'aspect cristallin avec un motif r\u00e9fl\u00e9chissant la lumi\u00e8re.<\/p>\n<p data-block-id=\"be2fbf11-bd17-4094-960f-707f644c407d\">Bouteille en verre personnalis\u00e9e pour l'emballage des spiritueux :<\/p>\n<ul data-block-id=\"33c66e36-3d6c-4b87-8b23-c9e6e4da4634\">\n<li>\n<p data-block-id=\"1bdf760f-86a3-4832-956f-1e5f983850cf\">Article : RS056<\/p>\n<\/li>\n<li>\n<p data-block-id=\"ae440700-790a-403f-99db-c5147c2b3b42\">Service OEM\/ODM pour les bouteilles de liqueur en verre de 750 ml (vente en gros)<\/p>\n<\/li>\n<li>\n<p data-block-id=\"806ffc93-ff88-4259-904f-8c002926599d\">Bouchon : bouchon \u00e0 vis ou personnalis\u00e9<\/p>\n<\/li>\n<li>\n<p data-block-id=\"2939f365-afa8-412b-a431-193771b80a26\">Poids : 680g<\/p>\n<\/li>\n<li>\n<p data-block-id=\"ec2b6684-91e1-4959-8fd2-3de2efc0c370\">Hauteur de la bouteille : 225 mm<\/p>\n<\/li>\n<li>\n<p data-block-id=\"204e59bf-124c-42ef-9a06-31622f7068d8\">Largeur de la bouteille : 100 mm<\/p>\n<\/li>\n<\/ul>","protected":false},"featured_media":4285,"comment_status":"closed","ping_status":"closed","template":"","meta":[],"product_cat":[40,45],"class_list":{"0":"post-4284","1":"product","2":"type-product","3":"status-publish","4":"has-post-thumbnail","6":"product_cat-750ml-liquor-bottle-manufacturer","7":"product_cat-custom-glass-bottle","9":"first","10":"instock","11":"shipping-taxable","12":"product-type-simple"},"yoast_head":"<!-- This site is optimized with the Yoast SEO plugin v22.0 - https:\/\/yoast.com\/wordpress\/plugins\/seo\/ -->\n<title>Custom Glass Bottles Manufacturers | Bulk Alcohol Bottles Factory Outlet<\/title>\n<meta name=\"description\" content=\"Want to buy bulk alcohol bottles at a factory outlet? Top China Liquor Bottle Manufacturers, Provide Custom Glass Bottles Manufacturers Service Here.\" \/>\n<meta name=\"robots\" content=\"index, follow, max-snippet:-1, max-image-preview:large, max-video-preview:-1\" \/>\n<link rel=\"canonical\" href=\"https:\/\/ruishengglassco.com\/fr\/produit\/rs056-750ml-bouteille-en-verre-personnalisee-fabricants\" \/>\n<meta property=\"og:locale\" content=\"fr_FR\" \/>\n<meta property=\"og:type\" content=\"article\" \/>\n<meta property=\"og:title\" content=\"Custom Glass Bottles Manufacturers | Bulk Alcohol Bottles Factory Outlet\" \/>\n<meta property=\"og:description\" content=\"Want to buy bulk alcohol bottles at a factory outlet? Top China Liquor Bottle Manufacturers, Provide Custom Glass Bottles Manufacturers Service Here.\" \/>\n<meta property=\"og:url\" content=\"https:\/\/ruishengglassco.com\/fr\/produit\/rs056-750ml-bouteille-en-verre-personnalisee-fabricants\" \/>\n<meta property=\"article:publisher\" content=\"https:\/\/www.facebook.com\/ruishengglassbottles\" \/>\n<meta property=\"article:modified_time\" content=\"2025-07-17T06:23:50+00:00\" \/>\n<meta property=\"og:image\" content=\"https:\/\/ruishengglassco.com\/wp-content\/uploads\/2025\/03\/RS056-750ml-Custom-Glass-Bottle-Wholesale-Company.webp\" \/>\n\t<meta property=\"og:image:width\" content=\"800\" \/>\n\t<meta property=\"og:image:height\" content=\"800\" \/>\n\t<meta property=\"og:image:type\" content=\"image\/webp\" \/>\n<meta name=\"twitter:card\" content=\"summary_large_image\" \/>\n<meta name=\"twitter:label1\" content=\"Dur\u00e9e de lecture estim\u00e9e\" \/>\n\t<meta name=\"twitter:data1\" content=\"2 minutes\" \/>\n<script type=\"application\/ld+json\" class=\"yoast-schema-graph\">{\"@context\":\"https:\/\/schema.org\",\"@graph\":[{\"@type\":\"WebPage\",\"@id\":\"https:\/\/ruishengglassco.com\/product\/rs056-750ml-custom-glass-bottle-manufacturers\",\"url\":\"https:\/\/ruishengglassco.com\/product\/rs056-750ml-custom-glass-bottle-manufacturers\",\"name\":\"Custom Glass Bottles Manufacturers | Bulk Alcohol Bottles Factory Outlet\",\"isPartOf\":{\"@id\":\"https:\/\/ruishengglassco.com\/#website\"},\"datePublished\":\"2025-03-15T03:43:44+00:00\",\"dateModified\":\"2025-07-17T06:23:50+00:00\",\"description\":\"Want to buy bulk alcohol bottles at a factory outlet? Top China Liquor Bottle Manufacturers, Provide Custom Glass Bottles Manufacturers Service Here.\",\"breadcrumb\":{\"@id\":\"https:\/\/ruishengglassco.com\/product\/rs056-750ml-custom-glass-bottle-manufacturers#breadcrumb\"},\"inLanguage\":\"fr-FR\",\"potentialAction\":[{\"@type\":\"ReadAction\",\"target\":[\"https:\/\/ruishengglassco.com\/product\/rs056-750ml-custom-glass-bottle-manufacturers\"]}]},{\"@type\":\"BreadcrumbList\",\"@id\":\"https:\/\/ruishengglassco.com\/product\/rs056-750ml-custom-glass-bottle-manufacturers#breadcrumb\",\"itemListElement\":[{\"@type\":\"ListItem\",\"position\":1,\"name\":\"Home\",\"item\":\"https:\/\/ruishengglassco.com\/\"},{\"@type\":\"ListItem\",\"position\":2,\"name\":\"Products\",\"item\":\"https:\/\/ruishengglassco.com\/products\"},{\"@type\":\"ListItem\",\"position\":3,\"name\":\"RS056: 750ml Custom Glass Bottle Manufacturers\"}]},{\"@type\":\"WebSite\",\"@id\":\"https:\/\/ruishengglassco.com\/#website\",\"url\":\"https:\/\/ruishengglassco.com\/\",\"name\":\"Ruisheng Glass\",\"description\":\"\",\"publisher\":{\"@id\":\"https:\/\/ruishengglassco.com\/#organization\"},\"potentialAction\":[{\"@type\":\"SearchAction\",\"target\":{\"@type\":\"EntryPoint\",\"urlTemplate\":\"https:\/\/ruishengglassco.com\/?s={search_term_string}\"},\"query-input\":\"required name=search_term_string\"}],\"inLanguage\":\"fr-FR\"},{\"@type\":\"Organization\",\"@id\":\"https:\/\/ruishengglassco.com\/#organization\",\"name\":\"Shandong Yuncheng Ruisheng Glass Co., Ltd\",\"url\":\"https:\/\/ruishengglassco.com\/\",\"logo\":{\"@type\":\"ImageObject\",\"inLanguage\":\"fr-FR\",\"@id\":\"https:\/\/ruishengglassco.com\/#\/schema\/logo\/image\/\",\"url\":\"https:\/\/ruishengglassco.com\/wp-content\/uploads\/2023\/09\/ruisheng_logo_icon.webp\",\"contentUrl\":\"https:\/\/ruishengglassco.com\/wp-content\/uploads\/2023\/09\/ruisheng_logo_icon.webp\",\"width\":400,\"height\":233,\"caption\":\"Shandong Yuncheng Ruisheng Glass Co., Ltd\"},\"image\":{\"@id\":\"https:\/\/ruishengglassco.com\/#\/schema\/logo\/image\/\"},\"sameAs\":[\"https:\/\/www.facebook.com\/ruishengglassbottles\",\"https:\/\/www.instagram.com\/Ruishengglassbottlewholesales\/\",\"https:\/\/www.youtube.com\/channel\/UCMmbMNGwsL-XrtjfSFLCdVQ\"]}]}<\/script>\n<!-- \/ Yoast SEO plugin. -->","yoast_head_json":{"title":"Custom Glass Bottles Manufacturers | Bulk Alcohol Bottles Factory Outlet","description":"Want to buy bulk alcohol bottles at a factory outlet? Top China Liquor Bottle Manufacturers, Provide Custom Glass Bottles Manufacturers Service Here.","robots":{"index":"index","follow":"follow","max-snippet":"max-snippet:-1","max-image-preview":"max-image-preview:large","max-video-preview":"max-video-preview:-1"},"canonical":"https:\/\/ruishengglassco.com\/fr\/produit\/rs056-750ml-bouteille-en-verre-personnalisee-fabricants","og_locale":"fr_FR","og_type":"article","og_title":"Custom Glass Bottles Manufacturers | Bulk Alcohol Bottles Factory Outlet","og_description":"Want to buy bulk alcohol bottles at a factory outlet? Top China Liquor Bottle Manufacturers, Provide Custom Glass Bottles Manufacturers Service Here.","og_url":"https:\/\/ruishengglassco.com\/fr\/produit\/rs056-750ml-bouteille-en-verre-personnalisee-fabricants","article_publisher":"https:\/\/www.facebook.com\/ruishengglassbottles","article_modified_time":"2025-07-17T06:23:50+00:00","og_image":[{"width":800,"height":800,"url":"https:\/\/ruishengglassco.com\/wp-content\/uploads\/2025\/03\/RS056-750ml-Custom-Glass-Bottle-Wholesale-Company.webp","type":"image\/webp"}],"twitter_card":"summary_large_image","twitter_misc":{"Dur\u00e9e de lecture estim\u00e9e":"2 minutes"},"schema":{"@context":"https:\/\/schema.org","@graph":[{"@type":"WebPage","@id":"https:\/\/ruishengglassco.com\/product\/rs056-750ml-custom-glass-bottle-manufacturers","url":"https:\/\/ruishengglassco.com\/product\/rs056-750ml-custom-glass-bottle-manufacturers","name":"Custom Glass Bottles Manufacturers | Bulk Alcohol Bottles Factory Outlet","isPartOf":{"@id":"https:\/\/ruishengglassco.com\/#website"},"datePublished":"2025-03-15T03:43:44+00:00","dateModified":"2025-07-17T06:23:50+00:00","description":"Want to buy bulk alcohol bottles at a factory outlet? Top China Liquor Bottle Manufacturers, Provide Custom Glass Bottles Manufacturers Service Here.","breadcrumb":{"@id":"https:\/\/ruishengglassco.com\/product\/rs056-750ml-custom-glass-bottle-manufacturers#breadcrumb"},"inLanguage":"fr-FR","potentialAction":[{"@type":"ReadAction","target":["https:\/\/ruishengglassco.com\/product\/rs056-750ml-custom-glass-bottle-manufacturers"]}]},{"@type":"BreadcrumbList","@id":"https:\/\/ruishengglassco.com\/product\/rs056-750ml-custom-glass-bottle-manufacturers#breadcrumb","itemListElement":[{"@type":"ListItem","position":1,"name":"Home","item":"https:\/\/ruishengglassco.com\/"},{"@type":"ListItem","position":2,"name":"Products","item":"https:\/\/ruishengglassco.com\/products"},{"@type":"ListItem","position":3,"name":"RS056: 750ml Custom Glass Bottle Manufacturers"}]},{"@type":"WebSite","@id":"https:\/\/ruishengglassco.com\/#website","url":"https:\/\/ruishengglassco.com\/","name":"Ruisheng Glass","description":"","publisher":{"@id":"https:\/\/ruishengglassco.com\/#organization"},"potentialAction":[{"@type":"SearchAction","target":{"@type":"EntryPoint","urlTemplate":"https:\/\/ruishengglassco.com\/?s={search_term_string}"},"query-input":"required name=search_term_string"}],"inLanguage":"fr-FR"},{"@type":"Organization","@id":"https:\/\/ruishengglassco.com\/#organization","name":"Shandong Yuncheng Ruisheng Glass Co., Ltd","url":"https:\/\/ruishengglassco.com\/","logo":{"@type":"ImageObject","inLanguage":"fr-FR","@id":"https:\/\/ruishengglassco.com\/#\/schema\/logo\/image\/","url":"https:\/\/ruishengglassco.com\/wp-content\/uploads\/2023\/09\/ruisheng_logo_icon.webp","contentUrl":"https:\/\/ruishengglassco.com\/wp-content\/uploads\/2023\/09\/ruisheng_logo_icon.webp","width":400,"height":233,"caption":"Shandong Yuncheng Ruisheng Glass Co., Ltd"},"image":{"@id":"https:\/\/ruishengglassco.com\/#\/schema\/logo\/image\/"},"sameAs":["https:\/\/www.facebook.com\/ruishengglassbottles","https:\/\/www.instagram.com\/Ruishengglassbottlewholesales\/","https:\/\/www.youtube.com\/channel\/UCMmbMNGwsL-XrtjfSFLCdVQ"]}]}},"_links":{"self":[{"href":"https:\/\/ruishengglassco.com\/fr\/wp-json\/wp\/v2\/product\/4284","targetHints":{"allow":["GET"]}}],"collection":[{"href":"https:\/\/ruishengglassco.com\/fr\/wp-json\/wp\/v2\/product"}],"about":[{"href":"https:\/\/ruishengglassco.com\/fr\/wp-json\/wp\/v2\/types\/product"}],"replies":[{"embeddable":true,"href":"https:\/\/ruishengglassco.com\/fr\/wp-json\/wp\/v2\/comments?post=4284"}],"wp:featuredmedia":[{"embeddable":true,"href":"https:\/\/ruishengglassco.com\/fr\/wp-json\/wp\/v2\/media\/4285"}],"wp:attachment":[{"href":"https:\/\/ruishengglassco.com\/fr\/wp-json\/wp\/v2\/media?parent=4284"}],"wp:term":[{"taxonomy":"product_cat","embeddable":true,"href":"https:\/\/ruishengglassco.com\/fr\/wp-json\/wp\/v2\/product_cat?post=4284"}],"curies":[{"name":"wp","href":"https:\/\/api.w.org\/{rel}","templated":true}]}}